{"id":15830,"date":"2025-01-19T15:02:37","date_gmt":"2025-01-19T15:02:37","guid":{"rendered":"https:\/\/www.hydraulic-cylinders.net\/product\/bucket-cylinder-for-nante-nt130uu\/"},"modified":"2025-01-19T15:02:39","modified_gmt":"2025-01-19T15:02:39","slug":"bucket-cylinder-for-nante-nt130uu","status":"publish","type":"product","link":"https:\/\/www.hydraulic-cylinders.net\/pt\/produto\/bucket-cylinder-for-nante-nt130uu\/","title":{"rendered":"Cilindro da ca\u00e7amba para Nante NT130UU"},"content":{"rendered":"<h1>Cilindro da ca\u00e7amba para Nante NT130UU<\/h1>\n<h2>Introdu\u00e7\u00e3o<\/h2>\n<p>O cilindro da ca\u00e7amba da Nante NT130UU \u00e9 um cilindro hidr\u00e1ulico especializado, projetado para controlar o movimento da ca\u00e7amba em m\u00e1quinas pesadas, como escavadeiras, retroescavadeiras e p\u00e1s carregadeiras. Sua principal fun\u00e7\u00e3o \u00e9 permitir que a ca\u00e7amba suba, des\u00e7a e incline, facilitando o manuseio de diversos materiais. No sistema hidr\u00e1ulico, o cilindro da ca\u00e7amba utiliza as varia\u00e7\u00f5es na press\u00e3o do \u00f3leo hidr\u00e1ulico para controlar a ca\u00e7amba com precis\u00e3o, permitindo que os operadores manuseiem cargas pesadas com efici\u00eancia e se adaptem a ambientes de trabalho complexos e diversas exig\u00eancias da tarefa.<\/p>\n<p><img decoding=\"async\" src=\"https:\/\/www.hydraulic-cylinders.net\/wp-content\/uploads\/2025\/01\/songte-company-2.webp\" alt=\"Imagem do cilindro da ca\u00e7amba\"><\/p>\n<h2>Caracter\u00edsticas<\/h2>\n<ul>\n<li>\n<h3>Alta resist\u00eancia e durabilidade:<\/h3>\n<p> Geralmente fabricado em a\u00e7o de alta resist\u00eancia ou alum\u00ednio, ele suporta alta press\u00e3o e cargas pesadas, adapta-se a ambientes de trabalho severos e \u00e9 projetado com resist\u00eancia ao desgaste e \u00e0 corros\u00e3o para prolongar sua vida \u00fatil.<\/li>\n<li>\n<h3>Opera\u00e7\u00e3o hidr\u00e1ulica eficiente:<\/h3>\n<p> Utilizando a press\u00e3o do \u00f3leo hidr\u00e1ulico para obter uma extens\u00e3o e retra\u00e7\u00e3o suaves, ele responde rapidamente aos comandos de controle, fornece for\u00e7as de empurrar e puxar potentes e \u00e9 adequado para lidar com cargas pesadas e tarefas complexas.<\/li>\n<li>\n<h3>V\u00e1rios tipos:<\/h3>\n<p> Cilindros de a\u00e7\u00e3o simples (sistema hidr\u00e1ulico utilizado em apenas uma dire\u00e7\u00e3o) ou de a\u00e7\u00e3o dupla (sistema hidr\u00e1ulico utilizado em ambas as dire\u00e7\u00f5es) podem ser escolhidos conforme a necessidade para atender a diferentes requisitos operacionais. Alguns modelos s\u00e3o telesc\u00f3picos, permitindo maior extens\u00e3o sem aumentar as dimens\u00f5es externas, sendo adequados para aplica\u00e7\u00f5es com espa\u00e7o limitado.<\/li>\n<li>\n<h3>Substitui\u00e7\u00e3o do produto:<\/h3>\n<p> Nosso produto pode substituir perfeitamente esses cilindros hidr\u00e1ulicos.<\/li>\n<\/ul>\n<p><img decoding=\"async\" src=\"https:\/\/www.hydraulic-cylinders.net\/wp-content\/uploads\/2025\/01\/songte-cylinder-head-with-all-kinds-excavator-models.webp\" alt=\"Imagem de substitui\u00e7\u00e3o do produto\"><\/p>\n<h2>Aplica\u00e7\u00f5es<\/h2>\n<p>O cilindro de ca\u00e7amba para Nante NT130UU \u00e9 amplamente utilizado em diversos setores, incluindo:<\/p>\n<ul>\n<li>\n<h3>Equipamentos de constru\u00e7\u00e3o:<\/h3>\n<p> Em escavadeiras, s\u00e3o essenciais para cavar, carregar e movimentar solo ou entulho. Em retroescavadeiras, os cilindros da ca\u00e7amba auxiliam tanto na escava\u00e7\u00e3o quanto no levantamento. <\/li>\n<li>\n<h3>Maquinaria agr\u00edcola:<\/h3>\n<p> Utilizado em p\u00e1s carregadeiras frontais para recolher, levantar e transportar terra, feno e outros materiais. <\/li>\n<li>\n<h3>Escavadeiras:<\/h3>\n<p> O cilindro da ca\u00e7amba realiza a escava\u00e7\u00e3o permitindo que a ca\u00e7amba penetre no solo. <\/li>\n<li>\n<h3>Carregadores:<\/h3>\n<p> Em p\u00e1s carregadeiras frontais, elas auxiliam no levantamento e inclina\u00e7\u00e3o eficientes de cargas.<\/li>\n<\/ul>\n<h2>Considera\u00e7\u00f5es de design e crit\u00e9rios de sele\u00e7\u00e3o<\/h2>\n<p>O cilindro da ca\u00e7amba foi projetado para transportar cargas pesadas e suportar ambientes operacionais severos, mantendo a seguran\u00e7a, a durabilidade e a facilidade de manuten\u00e7\u00e3o. As principais considera\u00e7\u00f5es de projeto incluem:<\/p>\n<ul>\n<li>\n<h3>Capacidade de carga:<\/h3>\n<p> O cilindro deve ser capaz de suportar o peso da carga, mantendo a estabilidade e a seguran\u00e7a.<\/li>\n<li>\n<h3>Selagem:<\/h3>\n<p> S\u00e3o utilizados diversos componentes de veda\u00e7\u00e3o, como veda\u00e7\u00f5es de pist\u00e3o, veda\u00e7\u00f5es de haste, etc., e materiais de veda\u00e7\u00e3o como poliuretano, borracha nitr\u00edlica e outros materiais resistentes ao desgaste s\u00e3o selecionados para garantir um alto grau de veda\u00e7\u00e3o.<\/li>\n<li>\n<h3>Durabilidade:<\/h3>\n<p> O corpo do cilindro e as superf\u00edcies das extremidades da rosca s\u00e3o processados \u200b\u200bcom precis\u00e3o para melhorar a resist\u00eancia ao desgaste. <\/li>\n<li>\n<h3>Seguran\u00e7a:<\/h3>\n<p> O cilindro deve atender aos padr\u00f5es internacionais de certifica\u00e7\u00e3o de seguran\u00e7a para garantir a seguran\u00e7a do operador durante a opera\u00e7\u00e3o.<\/li>\n<li>\n<h3>Manuten\u00e7\u00e3o:<\/h3>\n<p> A manuten\u00e7\u00e3o e os reparos regulares s\u00e3o necess\u00e1rios para manter o cilindro em boas condi\u00e7\u00f5es.<\/li>\n<\/ul>\n<p><img decoding=\"async\" src=\"https:\/\/www.hydraulic-cylinders.net\/wp-content\/uploads\/2025\/01\/songte-oil-pipes-and-spare-parts.webp\" alt=\"Considera\u00e7\u00f5es de design Imagem\"><\/p>\n<h2>Veda\u00e7\u00e3o e Lubrifica\u00e7\u00e3o<\/h2>\n<p>O cilindro utiliza diversos componentes de veda\u00e7\u00e3o, como veda\u00e7\u00f5es de pist\u00e3o e veda\u00e7\u00f5es de haste. Materiais de veda\u00e7\u00e3o como poliuretano, borracha nitr\u00edlica e outros materiais resistentes ao desgaste s\u00e3o selecionados para garantir um alto desempenho de veda\u00e7\u00e3o. Al\u00e9m disso, o corpo do cilindro e as superf\u00edcies das extremidades da rosca s\u00e3o usinados com precis\u00e3o para melhorar a resist\u00eancia ao desgaste. A adi\u00e7\u00e3o regular da quantidade adequada de \u00f3leo hidr\u00e1ulico para lubrificar o cilindro pode ajudar a prolongar sua vida \u00fatil.<\/p>\n<h2>Manuten\u00e7\u00e3o e Reparo<\/h2>\n<p>A manuten\u00e7\u00e3o e os reparos regulares s\u00e3o cruciais para manter o desempenho do cilindro da ca\u00e7amba. As tarefas comuns de manuten\u00e7\u00e3o incluem:<\/p>\n<ul>\n<li>\n<h3>Inspe\u00e7\u00e3o regular:<\/h3>\n<p> Inspecione o cilindro regularmente para garantir que esteja em boas condi\u00e7\u00f5es de funcionamento e repare quaisquer danos ou defeitos o mais r\u00e1pido poss\u00edvel.<\/li>\n<li>\n<h3>Lubrifica\u00e7\u00e3o:<\/h3>\n<p> Adicione uma quantidade adequada de \u00f3leo hidr\u00e1ulico para lubrificar o cilindro e reduzir o desgaste.<\/li>\n<li>\n<h3>Substitui\u00e7\u00e3o da veda\u00e7\u00e3o:<\/h3>\n<p> Substitua as veda\u00e7\u00f5es do cilindro conforme necess\u00e1rio para garantir um desempenho de veda\u00e7\u00e3o adequado.<\/li>\n<li>\n<h3>Inspe\u00e7\u00e3o de Calibra\u00e7\u00e3o:<\/h3>\n<p> Verifique periodicamente a calibra\u00e7\u00e3o do cilindro para garantir que esteja funcionando corretamente.<\/li>\n<\/ul>\n<p><img decoding=\"async\" src=\"https:\/\/www.hydraulic-cylinders.net\/wp-content\/uploads\/2025\/01\/songte-chushion-collar.webp\" alt=\"Imagem de manuten\u00e7\u00e3o e reparo\"><\/p>\n<h2>Considera\u00e7\u00f5es sobre seguran\u00e7a e meio ambiente<\/h2>\n<p>Ao utilizar o cilindro com ca\u00e7amba, \u00e9 essencial seguir as normas de seguran\u00e7a para garantir a prote\u00e7\u00e3o do operador e evitar a polui\u00e7\u00e3o ambiental. Inspe\u00e7\u00f5es e manuten\u00e7\u00f5es regulares podem ajudar a prevenir poss\u00edveis acidentes e reduzir o impacto ambiental.<\/p>\n<h2>Solu\u00e7\u00e3o de problemas e problemas comuns<\/h2>\n<p>Problemas com o cilindro da ca\u00e7amba podem ocorrer por diversos motivos, incluindo desgaste, danos e instala\u00e7\u00e3o incorreta. Problemas comuns incluem vazamento no cilindro, for\u00e7a de eleva\u00e7\u00e3o ou inclina\u00e7\u00e3o insuficiente e dificuldade de opera\u00e7\u00e3o. Dicas para solucionar problemas incluem inspecionar o cilindro em busca de danos, verificar as veda\u00e7\u00f5es e a lubrifica\u00e7\u00e3o, e garantir a instala\u00e7\u00e3o e calibra\u00e7\u00e3o adequadas.<\/p>\n<p><img decoding=\"async\" src=\"https:\/\/www.hydraulic-cylinders.net\/wp-content\/uploads\/2025\/01\/songte-bushings-with-all-kinds-of-excavator-models.webp\" alt=\"Solu\u00e7\u00e3o de problemas de imagem\"><\/p>\n<h2>Sobre nossa empresa<\/h2>\n<p>Somos um dos principais fabricantes e distribuidores atacadistas de cilindros hidr\u00e1ulicos nos mercados nacional e internacional, especializados na produ\u00e7\u00e3o de cilindros hidr\u00e1ulicos que podem substituir os cilindros tradicionais. Seguimos uma filosofia de excel\u00eancia em qualidade e nos baseamos em uma estrat\u00e9gia de gest\u00e3o de produ\u00e7\u00e3o industrializada, com uma oficina de fabrica\u00e7\u00e3o de alta precis\u00e3o. Nossa empresa aprimora continuamente a plataforma de produ\u00e7\u00e3o da oficina, aperfei\u00e7oa o processo de qualidade do produto e possui forte capacidade criativa para atender \u00e0s diversas necessidades dos clientes com alta efici\u00eancia, precis\u00e3o e qualidade. Nossa empresa oferece personaliza\u00e7\u00e3o, equipamentos de produ\u00e7\u00e3o e sistemas de teste profissionais, e obtivemos diversas certifica\u00e7\u00f5es internacionais.<\/p>\n<p><img decoding=\"async\" src=\"https:\/\/hzpt.com\/wp-content\/uploads\/2024\/11\/songte-company-1.webp\" alt=\"Imagem da empresa\"><\/p>\n<p>Nossa empresa oferece servi\u00e7os profissionais e personalizados, al\u00e9m de equipamentos de produ\u00e7\u00e3o, e contamos com um s\u00f3lido servi\u00e7o p\u00f3s-venda. Nosso objetivo \u00e9 fornecer aos clientes produtos e servi\u00e7os de alta qualidade, garantindo que atendam aos padr\u00f5es internacionais. Nossa experiente equipe de profissionais se dedica a oferecer os melhores produtos e servi\u00e7os a clientes em todo o mundo.<\/p>\n<p>Autor: lyl.<\/p>","protected":false},"excerpt":{"rendered":"<p>Bucket Cylinder For Nante NT130UU Introduction The bucket cylinder for Nante NT130UU is a specialized hydraulic cylinder designed to control the movement of the bucket in heavy machinery such as excavators, backhoe excavators, and front-end loaders. Its main function is to enable the bucket to lift, lower, and tilt, making it easier to handle various [&hellip;]<\/p>","protected":false},"featured_media":14776,"comment_status":"open","ping_status":"closed","template":"","meta":{"_et_pb_use_builder":"","_et_pb_old_content":"","_et_gb_content_width":""},"product_brand":[],"product_cat":[1494],"product_tag":[1495,1496],"class_list":{"0":"post-15830","1":"product","2":"type-product","3":"status-publish","4":"has-post-thumbnail","6":"product_cat-bucket-cylinders","7":"product_tag-bucket-cylinders","8":"product_tag-hydraulic-cylinders","10":"first","11":"instock","12":"shipping-taxable","13":"product-type-simple"},"amp_enabled":true,"_links":{"self":[{"href":"https:\/\/www.hydraulic-cylinders.net\/pt\/wp-json\/wp\/v2\/product\/15830","targetHints":{"allow":["GET"]}}],"collection":[{"href":"https:\/\/www.hydraulic-cylinders.net\/pt\/wp-json\/wp\/v2\/product"}],"about":[{"href":"https:\/\/www.hydraulic-cylinders.net\/pt\/wp-json\/wp\/v2\/types\/product"}],"replies":[{"embeddable":true,"href":"https:\/\/www.hydraulic-cylinders.net\/pt\/wp-json\/wp\/v2\/comments?post=15830"}],"wp:featuredmedia":[{"embeddable":true,"href":"https:\/\/www.hydraulic-cylinders.net\/pt\/wp-json\/wp\/v2\/media\/14776"}],"wp:attachment":[{"href":"https:\/\/www.hydraulic-cylinders.net\/pt\/wp-json\/wp\/v2\/media?parent=15830"}],"wp:term":[{"taxonomy":"product_brand","embeddable":true,"href":"https:\/\/www.hydraulic-cylinders.net\/pt\/wp-json\/wp\/v2\/product_brand?post=15830"},{"taxonomy":"product_cat","embeddable":true,"href":"https:\/\/www.hydraulic-cylinders.net\/pt\/wp-json\/wp\/v2\/product_cat?post=15830"},{"taxonomy":"product_tag","embeddable":true,"href":"https:\/\/www.hydraulic-cylinders.net\/pt\/wp-json\/wp\/v2\/product_tag?post=15830"}],"curies":[{"name":"wp","href":"https:\/\/api.w.org\/{rel}","templated":true}]}}