{"id":15836,"date":"2025-01-19T15:03:08","date_gmt":"2025-01-19T15:03:08","guid":{"rendered":"https:\/\/www.hydraulic-cylinders.net\/product\/bucket-cylinder-for-yanmar-sv025-6\/"},"modified":"2025-01-19T15:03:10","modified_gmt":"2025-01-19T15:03:10","slug":"bucket-cylinder-for-yanmar-sv025-6","status":"publish","type":"product","link":"https:\/\/www.hydraulic-cylinders.net\/pt\/produto\/bucket-cylinder-for-yanmar-sv025-6\/","title":{"rendered":"Cilindro da ca\u00e7amba para Yanmar SV025-6"},"content":{"rendered":"<h1>Cilindro da ca\u00e7amba para Yanmar SV025-6<\/h1>\n<h2>Introdu\u00e7\u00e3o<\/h2>\n<p>O cilindro da ca\u00e7amba para a Yanmar SV025-6 \u00e9 um cilindro hidr\u00e1ulico especialmente projetado para controlar o movimento da ca\u00e7amba em m\u00e1quinas pesadas, como escavadeiras, retroescavadeiras e p\u00e1s carregadeiras. Sua principal fun\u00e7\u00e3o \u00e9 permitir que a ca\u00e7amba suba, des\u00e7a e incline, facilitando o manuseio de diversos materiais. No sistema hidr\u00e1ulico, o cilindro da ca\u00e7amba proporciona um controle preciso da ca\u00e7amba por meio de varia\u00e7\u00f5es na press\u00e3o do \u00f3leo hidr\u00e1ulico, permitindo que os operadores manuseiem cargas pesadas com efici\u00eancia e se adaptem a ambientes de trabalho complexos e diversas necessidades operacionais.<\/p>\n<p><img decoding=\"async\" src=\"https:\/\/www.hydraulic-cylinders.net\/wp-content\/uploads\/2025\/01\/songte-company-2.webp\"><\/p>\n<h2>Caracter\u00edsticas do produto<\/h2>\n<ul>\n<li>\n<h3>Alta resist\u00eancia e durabilidade<\/h3>\n<p>O cilindro da ca\u00e7amba \u00e9 geralmente feito de a\u00e7o de alta resist\u00eancia ou alum\u00ednio, capaz de suportar alta press\u00e3o e cargas pesadas. Seu projeto leva em considera\u00e7\u00e3o a resist\u00eancia ao desgaste e \u00e0 corros\u00e3o, o que prolonga sua vida \u00fatil.<\/p>\n<\/li>\n<li>\n<h3>Opera\u00e7\u00e3o Hidr\u00e1ulica Eficiente<\/h3>\n<p>O cilindro da ca\u00e7amba utiliza press\u00e3o de \u00f3leo hidr\u00e1ulico para obter movimentos suaves de expans\u00e3o e contra\u00e7\u00e3o, responde rapidamente aos comandos de controle e fornece for\u00e7as de empurrar e puxar potentes, sendo adequado para o manuseio de cargas pesadas e tarefas operacionais complexas.<\/p>\n<\/li>\n<li>\n<h3>V\u00e1rios tipos<\/h3>\n<p>O cilindro da ca\u00e7amba pode ser selecionado como de a\u00e7\u00e3o simples (acionamento hidr\u00e1ulico em apenas uma dire\u00e7\u00e3o) ou de a\u00e7\u00e3o dupla (acionamento hidr\u00e1ulico em ambas as dire\u00e7\u00f5es), de acordo com as necessidades para atender a diferentes requisitos operacionais. Alguns modelos s\u00e3o telesc\u00f3picos, permitindo maior extens\u00e3o sem aumentar as dimens\u00f5es externas, sendo adequados para aplica\u00e7\u00f5es com espa\u00e7o limitado.<\/p>\n<\/li>\n<li>\n<h3>Substitui\u00e7\u00e3o perfeita<\/h3>\n<p>Nosso produto pode substituir perfeitamente esses cilindros hidr\u00e1ulicos. <\/p>\n<\/li>\n<\/ul>\n<p><img decoding=\"async\" src=\"https:\/\/www.hydraulic-cylinders.net\/wp-content\/uploads\/2025\/01\/songte-cylinder-head-with-all-kinds-excavator-models.webp\"><\/p>\n<h2>Aplicativo<\/h2>\n<p>O cilindro de ca\u00e7amba \u00e9 amplamente utilizado em diversas m\u00e1quinas pesadas, tais como:<\/p>\n<ul>\n<li>\n<h3>Equipamentos de constru\u00e7\u00e3o<\/h3>\n<p>Em escavadeiras, s\u00e3o essenciais para cavar, carregar e movimentar terra ou entulho. Em retroescavadeiras, o cilindro da ca\u00e7amba auxilia tanto na escava\u00e7\u00e3o quanto no levantamento. <\/p>\n<\/li>\n<li>\n<h3>Maquinaria agr\u00edcola<\/h3>\n<p>Utilizados em p\u00e1s carregadeiras para recolher, levantar e transportar terra, feno e outros materiais. Em escavadeiras, o cilindro da ca\u00e7amba realiza a escava\u00e7\u00e3o permitindo que a ca\u00e7amba penetre no solo. Em p\u00e1s carregadeiras, eles ajudam a levantar e inclinar mercadorias com efici\u00eancia.<\/p>\n<\/li>\n<\/ul>\n<h2>Considera\u00e7\u00f5es de design e crit\u00e9rios de sele\u00e7\u00e3o<\/h2>\n<p>Ao selecionar o cilindro da ca\u00e7amba, as seguintes considera\u00e7\u00f5es de projeto e crit\u00e9rios de sele\u00e7\u00e3o devem ser levados em conta:<\/p>\n<ul>\n<li>\n<h3>Capacidade de suporte<\/h3>\n<p>The bucket cylinder must be able to withstand the weight of the material being handled, and the hydraulic system&#8217;s pressure.<\/p>\n<\/li>\n<li>\n<h3>Veda\u00e7\u00e3o e durabilidade<\/h3>\n<p>O cilindro da ca\u00e7amba precisa ser vedado hermeticamente para evitar vazamentos de fluido hidr\u00e1ulico. O corpo do cilindro, o pist\u00e3o e a superf\u00edcie da haste devem ser usinados com precis\u00e3o para melhorar a resist\u00eancia ao desgaste. <\/p>\n<\/li>\n<li>\n<h3>Seguran\u00e7a e Manuten\u00e7\u00e3o<\/h3>\n<p>O cilindro da ca\u00e7amba precisa ser instalado corretamente para garantir seu funcionamento seguro e eficiente. A manuten\u00e7\u00e3o regular deve ser realizada para mant\u00ea-lo em boas condi\u00e7\u00f5es, e quaisquer pe\u00e7as desgastadas ou danificadas devem ser substitu\u00eddas o mais breve poss\u00edvel.<\/p>\n<\/li>\n<\/ul>\n<p><img decoding=\"async\" src=\"https:\/\/www.hydraulic-cylinders.net\/wp-content\/uploads\/2025\/01\/songte-oil-pipes-and-spare-parts.webp\"><\/p>\n<h2>Veda\u00e7\u00e3o e Lubrifica\u00e7\u00e3o<\/h2>\n<p>The bucket cylinder uses various seals such as piston seals, rod seals, etc., made from wear-resistant materials such as polyurethane and nitrile rubber to ensure tight sealing. The cylinder body and rod surface are processed finely to improve wear resistance. Regular lubrication with the appropriate amount of hydraulic oil helps to maintain the bucket cylinder&#8217;s performance.<\/p>\n<h2>Inspe\u00e7\u00e3o e Manuten\u00e7\u00e3o Preventiva<\/h2>\n<p>Regular inspection and preventive maintenance can help extend the bucket cylinder&#8217;s service life. The following are common maintenance tasks:<\/p>\n<ul>\n<li>\n<h3>Inspe\u00e7\u00e3o regular<\/h3>\n<p>Inspe\u00e7\u00e3o do corpo do cilindro, pist\u00e3o e biela para verificar desgaste ou danos.<\/p>\n<\/li>\n<li>\n<h3>Lubrifica\u00e7\u00e3o<\/h3>\n<p>Adicionar a quantidade adequada de \u00f3leo hidr\u00e1ulico para lubrificar o cilindro.<\/p>\n<\/li>\n<li>\n<h3>Substitui\u00e7\u00e3o da veda\u00e7\u00e3o<\/h3>\n<p>Substituir veda\u00e7\u00f5es desgastadas ou danificadas para garantir uma veda\u00e7\u00e3o herm\u00e9tica.<\/p>\n<\/li>\n<li>\n<h3>Verifica\u00e7\u00e3o de calibra\u00e7\u00e3o<\/h3>\n<p>Verificar a calibra\u00e7\u00e3o da press\u00e3o para garantir um controle preciso da press\u00e3o.<\/p>\n<\/li>\n<\/ul>\n<p>Proper installation, lubrication, and adjustment are critical to the bucket cylinder&#8217;s performance. During installation, be sure to align the cylinder correctly and use appropriate mounting brackets to secure it. We recommend checking, repairing, and replacing parts and providing rebuilding services to extend the bucket cylinder&#8217;s service life.<\/p>\n<p><img decoding=\"async\" src=\"https:\/\/www.hydraulic-cylinders.net\/wp-content\/uploads\/2025\/01\/songte-chushion-collar.webp\"><\/p>\n<h2>Considera\u00e7\u00f5es sobre seguran\u00e7a e meio ambiente<\/h2>\n<p>Ao utilizar o cilindro com ca\u00e7amba, devem ser tomadas as medidas de seguran\u00e7a adequadas para evitar ferimentos aos funcion\u00e1rios ou danos ao equipamento. O descarte correto dos fluidos hidr\u00e1ulicos e demais materiais \u00e9 essencial para a prote\u00e7\u00e3o do meio ambiente.<\/p>\n<h2>Diagn\u00f3stico e solu\u00e7\u00f5es para falhas comuns<\/h2>\n<p>Os problemas mais comuns no cilindro da ca\u00e7amba incluem vazamento de fluido hidr\u00e1ulico, for\u00e7a insuficiente e opera\u00e7\u00e3o inst\u00e1vel. Seguem algumas dicas e solu\u00e7\u00f5es:<\/p>\n<ul>\n<li>\n<h3>Vazamento de fluido hidr\u00e1ulico<\/h3>\n<p>Verifique a veda\u00e7\u00e3o e substitua-a, se necess\u00e1rio. Verifique se h\u00e1 arranh\u00f5es ou outros danos no corpo do cilindro, pist\u00e3o ou biela. Ajuste a calibra\u00e7\u00e3o, se necess\u00e1rio. <\/p>\n<\/li>\n<li>\n<h3>For\u00e7a insuficiente<\/h3>\n<p>Check that the hydraulic system pressure is correct. Check the cylinder&#8217;s bearing capacity and adjust or replace it if necessary. <\/p>\n<\/li>\n<li>\n<h3>Opera\u00e7\u00e3o Inst\u00e1vel<\/h3>\n<p>Check the calibration and adjust it if necessary. Check the hydraulic system&#8217;s pressure and adjust it if necessary.<\/p>\n<\/li>\n<\/ul>\n<p>Preventive measures, such as regular inspection, can help avoid these problems and ensure the bucket cylinder&#8217;s reliable operation.<\/p>\n<p><img decoding=\"async\" src=\"https:\/\/www.hydraulic-cylinders.net\/wp-content\/uploads\/2025\/01\/songte-bushings-with-all-kinds-of-excavator-models.webp\"><\/p>\n<h2>Sobre nossa empresa<\/h2>\n<p>We are a manufacturer of hydraulic cylinder replacements with a complete range of products, becoming one of the leading manufacturers and wholesale distributors of hydraulic cylinders in domestic and foreign markets. We adhere to the principle of excellence in quality and rely on industrialized production management strategies in refined manufacturing workshops. Our company continuously improves the manufacturing platform, perfects the production quality route, and has strong creative ability to meet customers&#8217; diversified needs with high efficiency, high precision, and high quality.<\/p>\n<h3>Profissionalismo<\/h3>\n<p>Our team is composed of experienced professionals in the hydraulic cylinder industry, from design to production, to testing and after-sales service. We have a deep understanding of the hydraulic cylinder&#8217;s performance and provide customers with professional and efficient services.<\/p>\n<h3>Certifica\u00e7\u00e3o Internacional<\/h3>\n<p>Nossos produtos passaram por certifica\u00e7\u00f5es internacionais de qualidade, incluindo ISO 9001 e CE, garantindo que a qualidade dos nossos produtos atenda aos padr\u00f5es internacionais.<\/p>\n<h3>Servi\u00e7os Personalizados<\/h3>\n<p>We provide customized services according to customers&#8217; specific needs, such as customized cylinder types and sizes, to meet their unique requirements.<\/p>\n<h3>Equipamentos de Produ\u00e7\u00e3o Avan\u00e7ados<\/h3>\n<p>Nossa empresa possui equipamentos de produ\u00e7\u00e3o avan\u00e7ados, incluindo um centro de usinagem CNC, torno CNC e outros equipamentos de fabrica\u00e7\u00e3o digital de alta tecnologia, garantindo a exatid\u00e3o e a precis\u00e3o de cada cilindro hidr\u00e1ulico.<\/p>\n<h3>Servi\u00e7o p\u00f3s-venda<\/h3>\n<p>Oferecemos um servi\u00e7o p\u00f3s-venda completo, incluindo instala\u00e7\u00e3o do produto, suporte t\u00e9cnico e servi\u00e7os de manuten\u00e7\u00e3o, garantindo que nossos cilindros hidr\u00e1ulicos operem de forma eficiente e confi\u00e1vel pelo maior tempo poss\u00edvel.<\/p>\n<p><img decoding=\"async\" src=\"https:\/\/hzpt.com\/wp-content\/uploads\/2024\/11\/songte-company-1.webp\"><\/p>\n<p>Autor: lyl<\/p>","protected":false},"excerpt":{"rendered":"<p>Bucket Cylinder For Yanmar SV025-6 Introduction The bucket cylinder for Yanmar SV025-6 is a specially designed hydraulic cylinder used to control the movement of the bucket in heavy machinery such as excavators, backhoe excavators, and front-end loaders. Its main function is to allow the bucket to lift, lower, and tilt, making it easier to handle [&hellip;]<\/p>","protected":false},"featured_media":14761,"comment_status":"open","ping_status":"closed","template":"","meta":{"_et_pb_use_builder":"","_et_pb_old_content":"","_et_gb_content_width":""},"product_brand":[],"product_cat":[1494],"product_tag":[1495,1496],"class_list":{"0":"post-15836","1":"product","2":"type-product","3":"status-publish","4":"has-post-thumbnail","6":"product_cat-bucket-cylinders","7":"product_tag-bucket-cylinders","8":"product_tag-hydraulic-cylinders","10":"first","11":"instock","12":"shipping-taxable","13":"product-type-simple"},"amp_enabled":true,"_links":{"self":[{"href":"https:\/\/www.hydraulic-cylinders.net\/pt\/wp-json\/wp\/v2\/product\/15836","targetHints":{"allow":["GET"]}}],"collection":[{"href":"https:\/\/www.hydraulic-cylinders.net\/pt\/wp-json\/wp\/v2\/product"}],"about":[{"href":"https:\/\/www.hydraulic-cylinders.net\/pt\/wp-json\/wp\/v2\/types\/product"}],"replies":[{"embeddable":true,"href":"https:\/\/www.hydraulic-cylinders.net\/pt\/wp-json\/wp\/v2\/comments?post=15836"}],"wp:featuredmedia":[{"embeddable":true,"href":"https:\/\/www.hydraulic-cylinders.net\/pt\/wp-json\/wp\/v2\/media\/14761"}],"wp:attachment":[{"href":"https:\/\/www.hydraulic-cylinders.net\/pt\/wp-json\/wp\/v2\/media?parent=15836"}],"wp:term":[{"taxonomy":"product_brand","embeddable":true,"href":"https:\/\/www.hydraulic-cylinders.net\/pt\/wp-json\/wp\/v2\/product_brand?post=15836"},{"taxonomy":"product_cat","embeddable":true,"href":"https:\/\/www.hydraulic-cylinders.net\/pt\/wp-json\/wp\/v2\/product_cat?post=15836"},{"taxonomy":"product_tag","embeddable":true,"href":"https:\/\/www.hydraulic-cylinders.net\/pt\/wp-json\/wp\/v2\/product_tag?post=15836"}],"curies":[{"name":"wp","href":"https:\/\/api.w.org\/{rel}","templated":true}]}}