{"id":15843,"date":"2025-01-19T15:03:53","date_gmt":"2025-01-19T15:03:53","guid":{"rendered":"https:\/\/www.hydraulic-cylinders.net\/product\/bucket-cylinder-for-yishan-ys220\/"},"modified":"2025-01-19T15:03:59","modified_gmt":"2025-01-19T15:03:59","slug":"bucket-cylinder-for-yishan-ys220","status":"publish","type":"product","link":"https:\/\/www.hydraulic-cylinders.net\/pt\/produto\/bucket-cylinder-for-yishan-ys220\/","title":{"rendered":"Cilindro de ca\u00e7amba para Yishan YS220"},"content":{"rendered":"<h1>Cilindro de ca\u00e7amba para Yishan YS220<\/h1>\n<h2>Introdu\u00e7\u00e3o<\/h2>\n<p>O cilindro da ca\u00e7amba para Yishan YS220 \u00e9 um cilindro hidr\u00e1ulico especializado, projetado para controlar o movimento das ca\u00e7ambas em m\u00e1quinas pesadas, como escavadeiras, retroescavadeiras e p\u00e1s carregadeiras. Sua principal fun\u00e7\u00e3o \u00e9 permitir que a ca\u00e7amba suba, des\u00e7a e incline, facilitando a execu\u00e7\u00e3o de diversas tarefas de movimenta\u00e7\u00e3o de materiais. Em sistemas hidr\u00e1ulicos, o cilindro da ca\u00e7amba utiliza a varia\u00e7\u00e3o de press\u00e3o do \u00f3leo hidr\u00e1ulico para obter um controle preciso da ca\u00e7amba, permitindo que os operadores manuseiem cargas pesadas com efici\u00eancia, adaptem-se a ambientes de trabalho complexos e a diversas necessidades operacionais.<\/p>\n<p><img decoding=\"async\" src=\"https:\/\/www.hydraulic-cylinders.net\/wp-content\/uploads\/2025\/01\/songte-company-2.webp\" alt=\"Cilindro de ca\u00e7amba para Yishan YS220\"><\/p>\n<h2>Caracter\u00edsticas<\/h2>\n<ul>\n<li>Alta resist\u00eancia e durabilidade: Geralmente fabricado em a\u00e7o ou alum\u00ednio de alta resist\u00eancia, suporta alta press\u00e3o e cargas pesadas, adaptando-se a ambientes de trabalho severos. O design leva em considera\u00e7\u00e3o a resist\u00eancia ao desgaste e \u00e0 corros\u00e3o, prolongando sua vida \u00fatil.<\/li>\n<li>Opera\u00e7\u00e3o hidr\u00e1ulica eficiente: A\u00e7\u00f5es suaves de extens\u00e3o e contra\u00e7\u00e3o s\u00e3o obtidas atrav\u00e9s da press\u00e3o do \u00f3leo hidr\u00e1ulico, permitindo uma resposta r\u00e1pida aos comandos de controle e fornecendo for\u00e7as de empurrar e puxar potentes, adequadas para o manuseio de objetos pesados \u200b\u200be tarefas complexas.<\/li>\n<li>Diversos tipos: Cilindros de a\u00e7\u00e3o simples (sistema hidr\u00e1ulico utilizado apenas em uma dire\u00e7\u00e3o) ou de a\u00e7\u00e3o dupla (sistema hidr\u00e1ulico utilizado em ambas as dire\u00e7\u00f5es) podem ser selecionados de acordo com as necessidades operacionais. Alguns modelos s\u00e3o telesc\u00f3picos, permitindo maior extens\u00e3o sem aumentar as dimens\u00f5es externas, sendo adequados para aplica\u00e7\u00f5es com espa\u00e7o limitado.<\/li>\n<li>Substitui\u00e7\u00e3o perfeita: Nossos produtos podem substituir perfeitamente esses cilindros hidr\u00e1ulicos.<\/li>\n<\/ul>\n<p><img decoding=\"async\" src=\"https:\/\/www.hydraulic-cylinders.net\/wp-content\/uploads\/2025\/01\/songte-cylinder-head-with-all-kinds-excavator-models.webp\" alt=\"Cilindro de ca\u00e7amba para Yishan YS220\"><\/p>\n<h2>Aplica\u00e7\u00f5es<\/h2>\n<h3>Equipamentos de constru\u00e7\u00e3o:<\/h3>\n<p>Em escavadeiras, s\u00e3o essenciais para escavar, carregar e movimentar terra ou entulho. Em retroescavadeiras, os cilindros da ca\u00e7amba auxiliam tanto na escava\u00e7\u00e3o quanto no levantamento. Em p\u00e1s carregadeiras, eles ajudam a levantar e inclinar a carga com efici\u00eancia.<\/p>\n<h3>Maquinaria agr\u00edcola:<\/h3>\n<p>Utilizado em p\u00e1s carregadeiras para recolher, levantar e transportar terra, feno e outros materiais. Em escavadeiras, o cilindro da ca\u00e7amba permite a escava\u00e7\u00e3o, possibilitando que a ca\u00e7amba penetre no solo.<\/p>\n<h2>Considera\u00e7\u00f5es de design e crit\u00e9rios de sele\u00e7\u00e3o<\/h2>\n<ul>\n<li>Capacidade de carga: O cilindro hidr\u00e1ulico deve ter capacidade de carga suficiente para atender aos requisitos da aplica\u00e7\u00e3o.<\/li>\n<li>Desempenho de veda\u00e7\u00e3o: Diversos componentes de veda\u00e7\u00e3o s\u00e3o utilizados, como veda\u00e7\u00f5es de pist\u00e3o e veda\u00e7\u00f5es de haste, feitos de materiais resistentes ao desgaste, como poliuretano e borracha nitr\u00edlica, para melhorar o desempenho de veda\u00e7\u00e3o.<\/li>\n<li>Durabilidade: O corpo do cilindro e a superf\u00edcie roscada da extremidade s\u00e3o usinados com precis\u00e3o para melhorar a resist\u00eancia ao desgaste. A lubrifica\u00e7\u00e3o regular \u00e9 necess\u00e1ria para evitar o desgaste e garantir o funcionamento normal.<\/li>\n<li>Seguran\u00e7a: Devem ser tomadas as medidas de seguran\u00e7a adequadas durante a instala\u00e7\u00e3o e opera\u00e7\u00e3o para garantir o uso seguro.<\/li>\n<li>Manuten\u00e7\u00e3o: Inspe\u00e7\u00f5es e manuten\u00e7\u00f5es regulares s\u00e3o necess\u00e1rias para detectar e prevenir problemas potenciais. Servi\u00e7os de substitui\u00e7\u00e3o de pe\u00e7as e reconstru\u00e7\u00e3o tamb\u00e9m est\u00e3o dispon\u00edveis.<\/li>\n<\/ul>\n<p><img decoding=\"async\" src=\"https:\/\/www.hydraulic-cylinders.net\/wp-content\/uploads\/2025\/01\/songte-oil-pipes-and-spare-parts.webp\" alt=\"Cilindro de ca\u00e7amba para Yishan YS220\"><\/p>\n<h2>Veda\u00e7\u00e3o e Lubrifica\u00e7\u00e3o<\/h2>\n<p>Diversos componentes de veda\u00e7\u00e3o s\u00e3o utilizados, como veda\u00e7\u00f5es de pist\u00e3o e veda\u00e7\u00f5es de haste, fabricados com materiais resistentes ao desgaste, como poliuretano e borracha nitr\u00edlica, para melhorar o desempenho da veda\u00e7\u00e3o. O corpo do cilindro e a superf\u00edcie roscada da extremidade s\u00e3o usinados com precis\u00e3o para aumentar a resist\u00eancia ao desgaste. A lubrifica\u00e7\u00e3o regular \u00e9 necess\u00e1ria para prevenir o desgaste e garantir o funcionamento normal.<\/p>\n<h2>Manuten\u00e7\u00e3o e Reparo<\/h2>\n<p>Inspe\u00e7\u00f5es e manuten\u00e7\u00f5es regulares s\u00e3o necess\u00e1rias para detectar e prevenir problemas potenciais. As tarefas comuns de manuten\u00e7\u00e3o incluem verifica\u00e7\u00f5es regulares, lubrifica\u00e7\u00e3o adequada e substitui\u00e7\u00e3o de veda\u00e7\u00f5es. A instala\u00e7\u00e3o, lubrifica\u00e7\u00e3o e ajuste corretos s\u00e3o essenciais para garantir a longevidade do produto. Recomenda-se o uso de suportes de instala\u00e7\u00e3o apropriados para fixar o cilindro. Oferecemos procedimentos recomendados de inspe\u00e7\u00e3o, reparo e substitui\u00e7\u00e3o, pe\u00e7as de reposi\u00e7\u00e3o e servi\u00e7os de recondicionamento para prolongar a vida \u00fatil do produto.<\/p>\n<p><img decoding=\"async\" src=\"https:\/\/www.hydraulic-cylinders.net\/wp-content\/uploads\/2025\/01\/songte-chushion-collar.webp\" alt=\"Cilindro de ca\u00e7amba para Yishan YS220\"><\/p>\n<h2>Considera\u00e7\u00f5es sobre seguran\u00e7a e meio ambiente<\/h2>\n<p>O uso correto de medidas de seguran\u00e7a \u00e9 fundamental ao utilizar cilindros hidr\u00e1ulicos. Deve-se ter cuidado para evitar vazamentos de fluido hidr\u00e1ulico, que podem causar danos ao meio ambiente e colocar em risco a seguran\u00e7a dos funcion\u00e1rios.<\/p>\n<h2>Diagn\u00f3stico de falhas e solu\u00e7\u00e3o de problemas<\/h2>\n<p>Alguns problemas comuns em cilindros hidr\u00e1ulicos incluem falhas na veda\u00e7\u00e3o, vazamentos e incapacidade de estender ou retrair. Esses problemas podem ser resolvidos identificando a causa e substituindo as pe\u00e7as danificadas. Medidas preventivas, como manuten\u00e7\u00e3o e inspe\u00e7\u00f5es regulares, podem ajudar a evitar problemas antes que eles ocorram.<\/p>\n<p><img decoding=\"async\" src=\"https:\/\/www.hydraulic-cylinders.net\/wp-content\/uploads\/2025\/01\/songte-bushings-with-all-kinds-of-excavator-models.webp\" alt=\"Cilindro de ca\u00e7amba para Yishan YS220\"><\/p>\n<h2>Sobre n\u00f3s<\/h2>\n<p>Somos um fabricante de cilindros hidr\u00e1ulicos que produz uma linha completa de produtos e nos tornamos um dos principais fabricantes e distribuidores atacadistas de cilindros hidr\u00e1ulicos nos mercados nacional e internacional. Primamos pela excel\u00eancia em qualidade e nos baseamos na estrat\u00e9gia de gest\u00e3o de produ\u00e7\u00e3o do setor em nossa sofisticada f\u00e1brica. Com o uso de talentos em tecnologia, equipamentos de fabrica\u00e7\u00e3o digital de ponta e sistemas de teste profissionais, aprimoramos continuamente nossa plataforma de produ\u00e7\u00e3o, refinamos as linhas de produ\u00e7\u00e3o e desenvolvemos uma forte capacidade criativa. Atendemos \u00e0s diversas necessidades dos clientes com alta efici\u00eancia, alta precis\u00e3o e alta qualidade.<\/p>\n<ul>\n<li>Profissionalismo: Contamos com uma equipe de profissionais que possuem amplo conhecimento sobre cilindros hidr\u00e1ulicos e suas aplica\u00e7\u00f5es.<\/li>\n<li>Certifica\u00e7\u00e3o Internacional: Nossos produtos obtiveram certifica\u00e7\u00f5es internacionais como CE e ISO9001.<\/li>\n<li>Servi\u00e7os de Personaliza\u00e7\u00e3o: Oferecemos servi\u00e7os personalizados para atender \u00e0s necessidades espec\u00edficas de nossos clientes.<\/li>\n<li>Equipamentos de Produ\u00e7\u00e3o: Utilizamos equipamentos de fabrica\u00e7\u00e3o sofisticados, como m\u00e1quinas CNC de precis\u00e3o e rob\u00f4s de soldagem, para garantir produtos de alta qualidade.<\/li>\n<li>Servi\u00e7o p\u00f3s-venda: Oferecemos servi\u00e7os p\u00f3s-venda aos nossos clientes, incluindo suporte t\u00e9cnico, substitui\u00e7\u00e3o de pe\u00e7as de reposi\u00e7\u00e3o e servi\u00e7os de reconstru\u00e7\u00e3o.<\/li>\n<\/ul>\n<p><img decoding=\"async\" src=\"https:\/\/hzpt.com\/wp-content\/uploads\/2024\/11\/songte-company-1.webp\" alt=\"Cilindro de ca\u00e7amba para Yishan YS220\"><\/p>\n<p>Autor: lyl<\/p>","protected":false},"excerpt":{"rendered":"<p>Bucket Cylinder For Yishan YS220 Introduction The Bucket Cylinder for Yishan YS220 is a specialized hydraulic cylinder designed to control the movement of buckets in heavy machinery such as excavators, backhoe loaders, and front loaders. Its primary function is to enable the bucket to lift, lower, and tilt, making it easier to carry out various [&hellip;]<\/p>","protected":false},"featured_media":14780,"comment_status":"open","ping_status":"closed","template":"","meta":{"_et_pb_use_builder":"","_et_pb_old_content":"","_et_gb_content_width":""},"product_brand":[],"product_cat":[1494],"product_tag":[1495,1496],"class_list":{"0":"post-15843","1":"product","2":"type-product","3":"status-publish","4":"has-post-thumbnail","6":"product_cat-bucket-cylinders","7":"product_tag-bucket-cylinders","8":"product_tag-hydraulic-cylinders","10":"first","11":"instock","12":"shipping-taxable","13":"product-type-simple"},"amp_enabled":true,"_links":{"self":[{"href":"https:\/\/www.hydraulic-cylinders.net\/pt\/wp-json\/wp\/v2\/product\/15843","targetHints":{"allow":["GET"]}}],"collection":[{"href":"https:\/\/www.hydraulic-cylinders.net\/pt\/wp-json\/wp\/v2\/product"}],"about":[{"href":"https:\/\/www.hydraulic-cylinders.net\/pt\/wp-json\/wp\/v2\/types\/product"}],"replies":[{"embeddable":true,"href":"https:\/\/www.hydraulic-cylinders.net\/pt\/wp-json\/wp\/v2\/comments?post=15843"}],"wp:featuredmedia":[{"embeddable":true,"href":"https:\/\/www.hydraulic-cylinders.net\/pt\/wp-json\/wp\/v2\/media\/14780"}],"wp:attachment":[{"href":"https:\/\/www.hydraulic-cylinders.net\/pt\/wp-json\/wp\/v2\/media?parent=15843"}],"wp:term":[{"taxonomy":"product_brand","embeddable":true,"href":"https:\/\/www.hydraulic-cylinders.net\/pt\/wp-json\/wp\/v2\/product_brand?post=15843"},{"taxonomy":"product_cat","embeddable":true,"href":"https:\/\/www.hydraulic-cylinders.net\/pt\/wp-json\/wp\/v2\/product_cat?post=15843"},{"taxonomy":"product_tag","embeddable":true,"href":"https:\/\/www.hydraulic-cylinders.net\/pt\/wp-json\/wp\/v2\/product_tag?post=15843"}],"curies":[{"name":"wp","href":"https:\/\/api.w.org\/{rel}","templated":true}]}}