{"id":15849,"date":"2025-01-19T15:04:22","date_gmt":"2025-01-19T15:04:22","guid":{"rendered":"https:\/\/www.hydraulic-cylinders.net\/product\/bucket-cylinder-for-john-deere-e230lc\/"},"modified":"2025-01-19T15:04:24","modified_gmt":"2025-01-19T15:04:24","slug":"bucket-cylinder-for-john-deere-e230lc","status":"publish","type":"product","link":"https:\/\/www.hydraulic-cylinders.net\/pt\/produto\/bucket-cylinder-for-john-deere-e230lc\/","title":{"rendered":"Cilindro da ca\u00e7amba para John Deere E230LC"},"content":{"rendered":"<h1>Cilindro da ca\u00e7amba para John Deere E230LC<\/h1>\n<h2>Introdu\u00e7\u00e3o<\/h2>\n<p>O cilindro da ca\u00e7amba para a John Deere E230LC \u00e9 um cilindro hidr\u00e1ulico especialmente projetado para controlar o movimento da ca\u00e7amba em m\u00e1quinas pesadas, como escavadeiras, retroescavadeiras e p\u00e1s carregadeiras. Sua principal fun\u00e7\u00e3o \u00e9 permitir que a ca\u00e7amba levante, abaixe e incline, facilitando o manuseio de diversos materiais. No sistema hidr\u00e1ulico, o cilindro da ca\u00e7amba controla com precis\u00e3o o movimento da ca\u00e7amba por meio de altera\u00e7\u00f5es na press\u00e3o do \u00f3leo hidr\u00e1ulico, permitindo que os operadores manuseiem cargas pesadas com efici\u00eancia e se adaptem a ambientes de trabalho complexos e diversas exig\u00eancias da tarefa.<\/p>\n<p><img decoding=\"async\" src=\"https:\/\/www.hydraulic-cylinders.net\/wp-content\/uploads\/2025\/01\/songte-company-2.webp\"\/><\/p>\n<h2>Caracter\u00edsticas<\/h2>\n<ul>\n<li>\n<h3>Alta resist\u00eancia e durabilidade<\/h3>\n<p>Os cilindros de ca\u00e7amba s\u00e3o geralmente fabricados em a\u00e7o de alta resist\u00eancia ou alum\u00ednio, capazes de suportar alta press\u00e3o e cargas pesadas, adaptando-se a ambientes de trabalho severos. O projeto considera a resist\u00eancia ao desgaste e \u00e0 corros\u00e3o, prolongando a vida \u00fatil.<\/p>\n<\/li>\n<li>\n<h3>Opera\u00e7\u00e3o Hidr\u00e1ulica Eficiente<\/h3>\n<p>Os cilindros de ca\u00e7amba utilizam a press\u00e3o do \u00f3leo hidr\u00e1ulico para obter a\u00e7\u00f5es suaves de extens\u00e3o e contra\u00e7\u00e3o, respondem rapidamente aos comandos de controle, fornecem fortes for\u00e7as de empurrar e puxar e s\u00e3o adequados para lidar com cargas pesadas e tarefas complexas.<\/p>\n<\/li>\n<li>\n<h3>V\u00e1rios tipos<\/h3>\n<p>Os cilindros de ca\u00e7amba podem ser de a\u00e7\u00e3o simples (utilizando hidr\u00e1ulica apenas em uma dire\u00e7\u00e3o) ou de a\u00e7\u00e3o dupla (utilizando hidr\u00e1ulica em ambas as dire\u00e7\u00f5es), dependendo das necessidades, e alguns modelos s\u00e3o telesc\u00f3picos, permitindo maior extens\u00e3o sem aumentar as dimens\u00f5es externas, sendo adequados para aplica\u00e7\u00f5es com espa\u00e7o limitado.<\/p>\n<\/li>\n<li>\n<h3>Substitui\u00e7\u00e3o perfeita<\/h3>\n<p>Nossos produtos podem substituir perfeitamente esses cilindros hidr\u00e1ulicos.<\/p>\n<\/li>\n<\/ul>\n<p><img decoding=\"async\" src=\"https:\/\/www.hydraulic-cylinders.net\/wp-content\/uploads\/2025\/01\/songte-cylinder-head-with-all-kinds-excavator-models.webp\"\/><\/p>\n<h2>Aplica\u00e7\u00f5es<\/h2>\n<p>Cilindros de ca\u00e7amba s\u00e3o amplamente utilizados em equipamentos de constru\u00e7\u00e3o, como escavadeiras, retroescavadeiras, p\u00e1s carregadeiras e m\u00e1quinas agr\u00edcolas. Eles s\u00e3o usados \u200b\u200bpara levantar, mover e transportar terra, feno e outros materiais.<\/p>\n<h3>Equipamentos de constru\u00e7\u00e3o<\/h3>\n<ul>\n<li>Escavadeiras: Os cilindros de ca\u00e7amba realizam a escava\u00e7\u00e3o permitindo que a ca\u00e7amba penetre no solo.<\/li>\n<li>Retroescavadeiras: Os cilindros da ca\u00e7amba auxiliam na escava\u00e7\u00e3o e no levantamento de cargas.<\/li>\n<li>Carregadeiras frontais: Os cilindros da ca\u00e7amba auxiliam no levantamento e despejo eficiente de mercadorias.<\/li>\n<\/ul>\n<h3>Maquinaria agr\u00edcola<\/h3>\n<ul>\n<li>P\u00e1s carregadeiras frontais: Utilizadas para escavar, levantar e transportar terra, feno e outros materiais.<\/li>\n<\/ul>\n<p><img decoding=\"async\" src=\"https:\/\/www.hydraulic-cylinders.net\/wp-content\/uploads\/2025\/01\/songte-oil-pipes-and-spare-parts.webp\"\/><\/p>\n<h2>Considera\u00e7\u00f5es de design e crit\u00e9rios de sele\u00e7\u00e3o<\/h2>\n<p>Os cilindros de ca\u00e7amba precisam atender a diversos requisitos, como capacidade de carga, veda\u00e7\u00e3o, durabilidade, seguran\u00e7a e facilidade de manuten\u00e7\u00e3o, para garantir uma longa vida \u00fatil. A seguir, apresentamos algumas considera\u00e7\u00f5es de projeto e crit\u00e9rios de sele\u00e7\u00e3o:<\/p>\n<h3>Capacidade de carga<\/h3>\n<p>O cilindro da ca\u00e7amba precisa ser feito de materiais de alta resist\u00eancia para suportar a alta carga e press\u00e3o geradas durante a opera\u00e7\u00e3o.<\/p>\n<h3>Selagem<\/h3>\n<p>O cilindro da ca\u00e7amba requer diversos componentes de veda\u00e7\u00e3o, como veda\u00e7\u00f5es de pist\u00e3o, veda\u00e7\u00f5es de haste e veda\u00e7\u00f5es raspadoras, para evitar vazamentos de \u00f3leo e entrada de poeira. As veda\u00e7\u00f5es devem ser feitas de materiais resistentes ao desgaste, como poliuretano ou borracha nitr\u00edlica.<\/p>\n<h3>Durabilidade<\/h3>\n<p>Tratamentos de superf\u00edcie como cromagem e nitreta\u00e7\u00e3o podem melhorar a resist\u00eancia ao desgaste e \u00e0 corros\u00e3o do cilindro da ca\u00e7amba, aumentando sua durabilidade.<\/p>\n<h3>Seguran\u00e7a<\/h3>\n<p>O cilindro do balde deve possuir dispositivos de seguran\u00e7a, como v\u00e1lvulas de al\u00edvio, que limitam a press\u00e3o para evitar danos ao cilindro ou \u00e0 maquinaria em caso de sobrecarga.<\/p>\n<h3>Manutenibilidade<\/h3>\n<p>O cilindro da ca\u00e7amba deve ser f\u00e1cil de desmontar e remontar para manuten\u00e7\u00e3o e reparo. As pe\u00e7as de reposi\u00e7\u00e3o, como veda\u00e7\u00f5es, juntas e rolamentos, devem ser facilmente encontradas.<\/p>\n<p><img decoding=\"async\" src=\"https:\/\/www.hydraulic-cylinders.net\/wp-content\/uploads\/2025\/01\/songte-chushion-collar.webp\"\/><\/p>\n<h2>Veda\u00e7\u00e3o e Lubrifica\u00e7\u00e3o<\/h2>\n<p>O cilindro da ca\u00e7amba requer diversos componentes de veda\u00e7\u00e3o, como veda\u00e7\u00f5es de pist\u00e3o, veda\u00e7\u00f5es de haste e raspadores, para evitar vazamentos de \u00f3leo e entrada de poeira. As veda\u00e7\u00f5es devem ser feitas de materiais resistentes ao desgaste, como poliuretano ou borracha nitr\u00edlica. O furo do cilindro e a superf\u00edcie da haste requerem usinagem cuidadosa para garantir o acabamento superficial correto e reduzir o desgaste. A lubrifica\u00e7\u00e3o adequada tamb\u00e9m \u00e9 necess\u00e1ria. A adi\u00e7\u00e3o regular de \u00f3leo hidr\u00e1ulico apropriado para lubrificar o cilindro \u00e9 essencial para o seu funcionamento correto.<\/p>\n<h2>Manuten\u00e7\u00e3o e Reparo<\/h2>\n<p>Inspe\u00e7\u00f5es regulares, lubrifica\u00e7\u00e3o adequada, substitui\u00e7\u00e3o de veda\u00e7\u00f5es e verifica\u00e7\u00e3o de calibra\u00e7\u00e3o s\u00e3o tarefas comuns de manuten\u00e7\u00e3o para cilindros de ca\u00e7amba. A instala\u00e7\u00e3o, lubrifica\u00e7\u00e3o e ajuste corretos s\u00e3o cruciais para garantir o funcionamento adequado. Deve-se fornecer orienta\u00e7\u00f5es corretas de alinhamento do cilindro durante a instala\u00e7\u00e3o e utilizar suportes de instala\u00e7\u00e3o adequados para fix\u00e1-lo. Os procedimentos recomendados de inspe\u00e7\u00e3o, reparo e substitui\u00e7\u00e3o devem ser seguidos para prolongar a vida \u00fatil do cilindro da ca\u00e7amba.<\/p>\n<p><img decoding=\"async\" src=\"https:\/\/www.hydraulic-cylinders.net\/wp-content\/uploads\/2025\/01\/songte-bushings-with-all-kinds-of-excavator-models.webp\"\/><\/p>\n<h2>Considera\u00e7\u00f5es de seguran\u00e7a e fatores ambientais<\/h2>\n<p>Os cilindros hidr\u00e1ulicos de ca\u00e7amba devem ser operados com seguran\u00e7a e com as devidas precau\u00e7\u00f5es. Sobrecarga ou instala\u00e7\u00e3o incorreta podem causar danos ou ferimentos. Equipamentos de seguran\u00e7a adequados, como roupas de prote\u00e7\u00e3o e prote\u00e7\u00e3o ocular, devem ser utilizados ao manusear equipamentos hidr\u00e1ulicos. Fatores ambientais, como temperatura e umidade, podem afetar o desempenho do cilindro hidr\u00e1ulico de ca\u00e7amba e devem ser levados em considera\u00e7\u00e3o na sele\u00e7\u00e3o do sistema hidr\u00e1ulico apropriado.<\/p>\n<h2>Solu\u00e7\u00e3o de problemas e problemas comuns<\/h2>\n<p>Problemas comuns em cilindros de ca\u00e7amba incluem vazamento de \u00f3leo, baixo desempenho e danos \u00e0 veda\u00e7\u00e3o. T\u00e9cnicas de diagn\u00f3stico, como a verifica\u00e7\u00e3o da press\u00e3o, vaz\u00e3o e temperatura do sistema hidr\u00e1ulico, podem ajudar a identificar problemas. Manuten\u00e7\u00e3o e reparos adequados podem prevenir problemas futuros.<\/p>\n<p><img decoding=\"async\" src=\"https:\/\/hzpt.com\/wp-content\/uploads\/2024\/11\/songte-company-1.webp\"\/><\/p>\n<h2>Sobre n\u00f3s<\/h2>\n<p>Somos fabricantes de cilindros hidr\u00e1ulicos e um dos principais fabricantes e distribuidores atacadistas de cilindros hidr\u00e1ulicos nos mercados nacional e internacional. Primamos pela excel\u00eancia em qualidade e aprimoramos continuamente nossa plataforma de produ\u00e7\u00e3o com tecnologia avan\u00e7ada, equipamentos digitais de ponta e sistemas de teste profissionais. Possu\u00edmos grande capacidade criativa para atender \u00e0s diversas necessidades dos clientes com produtos de alta efici\u00eancia, precis\u00e3o e qualidade. Oferecemos servi\u00e7os personalizados, equipamentos de produ\u00e7\u00e3o e servi\u00e7os p\u00f3s-venda para garantir a satisfa\u00e7\u00e3o do cliente.<\/p>\n<ul>\n<li>\n<h3>Profissionalismo<\/h3>\n<p>Contamos com uma equipe profissional com vasta experi\u00eancia na produ\u00e7\u00e3o e no projeto de cilindros hidr\u00e1ulicos. Podemos fornecer servi\u00e7os personalizados para atender \u00e0s diversas necessidades dos clientes.<\/p>\n<\/li>\n<li>\n<h3>Certifica\u00e7\u00e3o Internacional<\/h3>\n<p>Nossos produtos possuem certifica\u00e7\u00f5es internacionais como ISO9001, CE, SGS e RoHS.<\/p>\n<\/li>\n<li>\n<h3>Servi\u00e7os de Personaliza\u00e7\u00e3o<\/h3>\n<p>Oferecemos servi\u00e7os personalizados, incluindo produtos e embalagens sob medida, para atender \u00e0s diversas necessidades dos clientes.<\/p>\n<\/li>\n<li>\n<h3>Equipamentos de produ\u00e7\u00e3o<\/h3>\n<p>Possu\u00edmos equipamentos de produ\u00e7\u00e3o avan\u00e7ados, incluindo centros de usinagem CNC, para garantir alta qualidade e efici\u00eancia.<\/p>\n<\/li>\n<li>\n<h3>Servi\u00e7os p\u00f3s-venda<\/h3>\n<p>Oferecemos excelentes servi\u00e7os p\u00f3s-venda, incluindo inspe\u00e7\u00e3o, reparo e substitui\u00e7\u00e3o de componentes para garantir a satisfa\u00e7\u00e3o do cliente.<\/p>\n<\/li>\n<\/ul>\n<p><img decoding=\"async\" src=\"https:\/\/www.hydraulic-cylinders.net\/wp-content\/uploads\/2025\/01\/songte-company-3.webp\"\/><\/p>\n<p>Autor: lyl<\/p>","protected":false},"excerpt":{"rendered":"<p>Bucket Cylinder For John Deere E230LC Introduction A bucket cylinder for John Deere E230LC is a hydraulic cylinder specially designed to control the movement of the bucket in heavy machinery such as excavators, backhoes, and front loaders. Its main function is to enable the bucket to lift, lower, and tilt, making it easier to handle [&hellip;]<\/p>","protected":false},"featured_media":14765,"comment_status":"open","ping_status":"closed","template":"","meta":{"_et_pb_use_builder":"","_et_pb_old_content":"","_et_gb_content_width":""},"product_brand":[],"product_cat":[1494],"product_tag":[1495,1496],"class_list":{"0":"post-15849","1":"product","2":"type-product","3":"status-publish","4":"has-post-thumbnail","6":"product_cat-bucket-cylinders","7":"product_tag-bucket-cylinders","8":"product_tag-hydraulic-cylinders","10":"first","11":"instock","12":"shipping-taxable","13":"product-type-simple"},"amp_enabled":true,"_links":{"self":[{"href":"https:\/\/www.hydraulic-cylinders.net\/pt\/wp-json\/wp\/v2\/product\/15849","targetHints":{"allow":["GET"]}}],"collection":[{"href":"https:\/\/www.hydraulic-cylinders.net\/pt\/wp-json\/wp\/v2\/product"}],"about":[{"href":"https:\/\/www.hydraulic-cylinders.net\/pt\/wp-json\/wp\/v2\/types\/product"}],"replies":[{"embeddable":true,"href":"https:\/\/www.hydraulic-cylinders.net\/pt\/wp-json\/wp\/v2\/comments?post=15849"}],"wp:featuredmedia":[{"embeddable":true,"href":"https:\/\/www.hydraulic-cylinders.net\/pt\/wp-json\/wp\/v2\/media\/14765"}],"wp:attachment":[{"href":"https:\/\/www.hydraulic-cylinders.net\/pt\/wp-json\/wp\/v2\/media?parent=15849"}],"wp:term":[{"taxonomy":"product_brand","embeddable":true,"href":"https:\/\/www.hydraulic-cylinders.net\/pt\/wp-json\/wp\/v2\/product_brand?post=15849"},{"taxonomy":"product_cat","embeddable":true,"href":"https:\/\/www.hydraulic-cylinders.net\/pt\/wp-json\/wp\/v2\/product_cat?post=15849"},{"taxonomy":"product_tag","embeddable":true,"href":"https:\/\/www.hydraulic-cylinders.net\/pt\/wp-json\/wp\/v2\/product_tag?post=15849"}],"curies":[{"name":"wp","href":"https:\/\/api.w.org\/{rel}","templated":true}]}}