{"id":15867,"date":"2025-01-19T15:05:48","date_gmt":"2025-01-19T15:05:48","guid":{"rendered":"https:\/\/www.hydraulic-cylinders.net\/product\/bucket-cylinder-for-yangong-yg70c\/"},"modified":"2025-01-19T15:05:50","modified_gmt":"2025-01-19T15:05:50","slug":"bucket-cylinder-for-yangong-yg70c","status":"publish","type":"product","link":"https:\/\/www.hydraulic-cylinders.net\/pt\/produto\/bucket-cylinder-for-yangong-yg70c\/","title":{"rendered":"Cilindro de ca\u00e7amba para Yangong YG70C"},"content":{"rendered":"<h1>Cilindro de ca\u00e7amba para Yangong YG70C<\/h1>\n<h2>Introdu\u00e7\u00e3o<\/h2>\n<p>O cilindro da ca\u00e7amba para a Yangong YG70C \u00e9 um cilindro hidr\u00e1ulico especialmente projetado para controlar o movimento da ca\u00e7amba em m\u00e1quinas pesadas, como escavadeiras, retroescavadeiras e p\u00e1s carregadeiras. Sua principal fun\u00e7\u00e3o \u00e9 permitir que a ca\u00e7amba suba, des\u00e7a e incline, facilitando o manuseio de diversos materiais. No sistema hidr\u00e1ulico, o cilindro da ca\u00e7amba proporciona um controle preciso da ca\u00e7amba por meio de varia\u00e7\u00f5es na press\u00e3o do \u00f3leo hidr\u00e1ulico, permitindo que os operadores manuseiem cargas pesadas com efici\u00eancia e se adaptem a ambientes de trabalho complexos e diversas necessidades operacionais.<\/p>\n<p><img decoding=\"async\" src=\"https:\/\/www.hydraulic-cylinders.net\/wp-content\/uploads\/2025\/01\/songte-company-2.webp\"><\/p>\n<h2>Caracter\u00edsticas<\/h2>\n<ul>\n<li>Alta resist\u00eancia e durabilidade: Normalmente fabricado em a\u00e7o ou alum\u00ednio de alta resist\u00eancia, \u00e9 capaz de suportar altas press\u00f5es e cargas pesadas, adaptando-se a ambientes de trabalho severos. O projeto considera a resist\u00eancia ao desgaste e \u00e0 corros\u00e3o, prolongando a vida \u00fatil.<\/li>\n<li>Opera\u00e7\u00e3o hidr\u00e1ulica eficiente: Utilizando a press\u00e3o do \u00f3leo hidr\u00e1ulico para obter uma extens\u00e3o e retra\u00e7\u00e3o suaves, o equipamento responde rapidamente aos comandos de controle, fornecendo forte for\u00e7a de empurrar e puxar, sendo adequado para manusear objetos pesados \u200b\u200be realizar tarefas operacionais complexas.<\/li>\n<li>Diversos tipos: Cilindros de a\u00e7\u00e3o simples (hidr\u00e1ulicos utilizados em apenas uma dire\u00e7\u00e3o) ou de a\u00e7\u00e3o dupla (hidr\u00e1ulicos utilizados em duas dire\u00e7\u00f5es) podem ser selecionados de acordo com as necessidades operacionais. Alguns modelos s\u00e3o telesc\u00f3picos, permitindo maior extens\u00e3o sem aumentar as dimens\u00f5es externas, sendo ideais para aplica\u00e7\u00f5es com espa\u00e7o limitado.<\/li>\n<li>Substitu\u00edvel: Nosso produto pode substituir perfeitamente esses cilindros hidr\u00e1ulicos.<\/li>\n<\/ul>\n<p><img decoding=\"async\" src=\"https:\/\/www.hydraulic-cylinders.net\/wp-content\/uploads\/2025\/01\/songte-cylinder-head-with-all-kinds-excavator-models.webp\"><\/p>\n<h2>Aplica\u00e7\u00f5es<\/h2>\n<p>O cilindro de ca\u00e7amba para Yangong YG70C \u00e9 amplamente utilizado em diversas m\u00e1quinas pesadas, incluindo:<\/p>\n<ul>\n<li>Equipamentos de constru\u00e7\u00e3o: Em escavadeiras, s\u00e3o cruciais para escavar, carregar e movimentar terra ou entulho. Em retroescavadeiras, o cilindro da ca\u00e7amba auxilia tanto na escava\u00e7\u00e3o quanto no levantamento. <\/li>\n<li>M\u00e1quinas agr\u00edcolas: Utilizadas em p\u00e1s carregadeiras frontais para cavar, levantar e transportar terra, feno e outros materiais.<\/li>\n<li>Escavadeiras: O cilindro da ca\u00e7amba possibilita a escava\u00e7\u00e3o, permitindo que a ca\u00e7amba penetre no solo. <\/li>\n<li>Carregadeiras: Nas carregadeiras frontais, elas auxiliam no levantamento e despejo eficiente de mercadorias. <\/li>\n<\/ul>\n<h2>Crit\u00e9rios de projeto e sele\u00e7\u00e3o<\/h2>\n<p>O cilindro da ca\u00e7amba para a Yangong YG70C foi projetado levando em considera\u00e7\u00e3o os seguintes aspectos:<\/p>\n<ul>\n<li>Capacidade de carga<\/li>\n<li>Selagem<\/li>\n<li>Durabilidade<\/li>\n<li>Seguran\u00e7a<\/li>\n<li>Manutenibilidade<\/li>\n<\/ul>\n<p>O cilindro possui alta capacidade de carga, bom desempenho de veda\u00e7\u00e3o, excelente durabilidade e f\u00e1cil manuten\u00e7\u00e3o devido ao seu corpo e superf\u00edcie da haste precisamente usinados, materiais resistentes ao desgaste e \u00e0 corros\u00e3o para as veda\u00e7\u00f5es e lubrifica\u00e7\u00e3o peri\u00f3dica com a quantidade adequada de \u00f3leo hidr\u00e1ulico.<\/p>\n<p><img decoding=\"async\" src=\"https:\/\/www.hydraulic-cylinders.net\/wp-content\/uploads\/2025\/01\/songte-oil-pipes-and-spare-parts.webp\"><\/p>\n<h2>Manuten\u00e7\u00e3o<\/h2>\n<p>A manuten\u00e7\u00e3o regular \u00e9 essencial para garantir a longevidade e o desempenho ideal do cilindro da ca\u00e7amba. Algumas tarefas comuns de manuten\u00e7\u00e3o incluem:<\/p>\n<ul>\n<li>Inspe\u00e7\u00e3o regular<\/li>\n<li>Lubrifica\u00e7\u00e3o adequada<\/li>\n<li>Substitui\u00e7\u00e3o de veda\u00e7\u00f5es<\/li>\n<li>Verifica\u00e7\u00e3o de calibra\u00e7\u00e3o<\/li>\n<\/ul>\n<p>A instala\u00e7\u00e3o, lubrifica\u00e7\u00e3o e ajuste adequados s\u00e3o essenciais para o desempenho ideal do cilindro da ca\u00e7amba. Recomenda-se o uso de suportes de instala\u00e7\u00e3o apropriados para fixar o cilindro e seguir os procedimentos recomendados de inspe\u00e7\u00e3o, reparo e substitui\u00e7\u00e3o para garantir a longevidade do cilindro.<\/p>\n<p><img decoding=\"async\" src=\"https:\/\/www.hydraulic-cylinders.net\/wp-content\/uploads\/2025\/01\/songte-chushion-collar.webp\"><\/p>\n<h2>Considera\u00e7\u00f5es sobre seguran\u00e7a e meio ambiente<\/h2>\n<p>Medidas de seguran\u00e7a s\u00e3o cruciais ao usar o cilindro hidr\u00e1ulico para evitar acidentes. Recomenda-se o uso de equipamentos de seguran\u00e7a, como luvas e \u00f3culos de prote\u00e7\u00e3o, ao manusear o cilindro. Tamb\u00e9m \u00e9 essencial descartar o \u00f3leo hidr\u00e1ulico e outros res\u00edduos de forma segura, seguindo as normas ambientais.<\/p>\n<h2>Diagn\u00f3stico de falhas e solu\u00e7\u00e3o de problemas<\/h2>\n<p>Alguns problemas comuns que podem ocorrer durante o uso do cilindro da ca\u00e7amba incluem vazamento de \u00f3leo, ru\u00eddos anormais e movimento lento. Para diagnosticar e solucionar esses problemas, recomenda-se seguir os procedimentos de inspe\u00e7\u00e3o e reparo recomendados.<\/p>\n<p><img decoding=\"async\" src=\"https:\/\/www.hydraulic-cylinders.net\/wp-content\/uploads\/2025\/01\/songte-bushings-with-all-kinds-of-excavator-models.webp\"><\/p>\n<h2>Sobre nossa empresa<\/h2>\n<p>Somos um dos principais fabricantes e distribuidores de cilindros hidr\u00e1ulicos, oferecendo uma linha completa de produtos nos mercados nacional e internacional. Priorizamos a excel\u00eancia em qualidade e nos apoiamos em estrat\u00e9gias de gest\u00e3o de produ\u00e7\u00e3o industrializadas, com uma oficina de fabrica\u00e7\u00e3o altamente eficiente, profissionais qualificados, equipamentos de fabrica\u00e7\u00e3o digital de \u00faltima gera\u00e7\u00e3o e sistemas de teste profissionais. Aprimoramos continuamente nossa plataforma de produ\u00e7\u00e3o, aperfei\u00e7oando o processo produtivo e a qualidade dos produtos, al\u00e9m de possuirmos uma forte capacidade de inova\u00e7\u00e3o. Nosso objetivo \u00e9 fornecer aos clientes produtos eficientes, precisos e de alta qualidade para atender \u00e0s suas diversas necessidades.<\/p>\n<p><img decoding=\"async\" src=\"https:\/\/hzpt.com\/wp-content\/uploads\/2024\/11\/songte-company-1.webp\"><\/p>\n<p>Nossa empresa oferece servi\u00e7os profissionais, certifica\u00e7\u00f5es internacionais, servi\u00e7os personalizados, equipamentos de produ\u00e7\u00e3o e servi\u00e7os p\u00f3s-venda. Temos o compromisso de fornecer aos nossos clientes cilindros hidr\u00e1ulicos da mais alta qualidade e servi\u00e7os excelentes.<\/p>\n<h2>Autor: lyl<\/h2>","protected":false},"excerpt":{"rendered":"<p>Bucket Cylinder For Yangong YG70C Introduction The bucket cylinder for Yangong YG70C is a specially designed hydraulic cylinder used to control the movement of the bucket in heavy machinery such as excavators, backhoe loaders, and front-end loaders. Its main function is to enable the bucket to lift, lower, and tilt, making it easier to handle [&hellip;]<\/p>","protected":false},"featured_media":14789,"comment_status":"open","ping_status":"closed","template":"","meta":{"_et_pb_use_builder":"","_et_pb_old_content":"","_et_gb_content_width":""},"product_brand":[],"product_cat":[1494],"product_tag":[1495,1496],"class_list":{"0":"post-15867","1":"product","2":"type-product","3":"status-publish","4":"has-post-thumbnail","6":"product_cat-bucket-cylinders","7":"product_tag-bucket-cylinders","8":"product_tag-hydraulic-cylinders","10":"first","11":"instock","12":"shipping-taxable","13":"product-type-simple"},"amp_enabled":true,"_links":{"self":[{"href":"https:\/\/www.hydraulic-cylinders.net\/pt\/wp-json\/wp\/v2\/product\/15867","targetHints":{"allow":["GET"]}}],"collection":[{"href":"https:\/\/www.hydraulic-cylinders.net\/pt\/wp-json\/wp\/v2\/product"}],"about":[{"href":"https:\/\/www.hydraulic-cylinders.net\/pt\/wp-json\/wp\/v2\/types\/product"}],"replies":[{"embeddable":true,"href":"https:\/\/www.hydraulic-cylinders.net\/pt\/wp-json\/wp\/v2\/comments?post=15867"}],"wp:featuredmedia":[{"embeddable":true,"href":"https:\/\/www.hydraulic-cylinders.net\/pt\/wp-json\/wp\/v2\/media\/14789"}],"wp:attachment":[{"href":"https:\/\/www.hydraulic-cylinders.net\/pt\/wp-json\/wp\/v2\/media?parent=15867"}],"wp:term":[{"taxonomy":"product_brand","embeddable":true,"href":"https:\/\/www.hydraulic-cylinders.net\/pt\/wp-json\/wp\/v2\/product_brand?post=15867"},{"taxonomy":"product_cat","embeddable":true,"href":"https:\/\/www.hydraulic-cylinders.net\/pt\/wp-json\/wp\/v2\/product_cat?post=15867"},{"taxonomy":"product_tag","embeddable":true,"href":"https:\/\/www.hydraulic-cylinders.net\/pt\/wp-json\/wp\/v2\/product_tag?post=15867"}],"curies":[{"name":"wp","href":"https:\/\/api.w.org\/{rel}","templated":true}]}}