{"id":15871,"date":"2025-01-19T15:06:10","date_gmt":"2025-01-19T15:06:10","guid":{"rendered":"https:\/\/www.hydraulic-cylinders.net\/product\/bucket-cylinder-for-xinyuan-crawler-excavator-xy55-8\/"},"modified":"2025-01-19T15:06:12","modified_gmt":"2025-01-19T15:06:12","slug":"bucket-cylinder-for-xinyuan-crawler-excavator-xy55-8","status":"publish","type":"product","link":"https:\/\/www.hydraulic-cylinders.net\/pt\/produto\/bucket-cylinder-for-xinyuan-crawler-excavator-xy55-8\/","title":{"rendered":"Cilindro de ca\u00e7amba para escavadeira de esteira Xinyuan XY55-8"},"content":{"rendered":"<h1>Cilindro de ca\u00e7amba para escavadeira de esteira Xinyuan XY55-8<\/h1>\n<h2>Introdu\u00e7\u00e3o<\/h2>\n<p>O cilindro da ca\u00e7amba \u00e9 um cilindro hidr\u00e1ulico especializado, projetado para controlar o movimento da ca\u00e7amba em m\u00e1quinas pesadas, como escavadeiras, retroescavadeiras e carregadeiras frontais. Sua principal fun\u00e7\u00e3o \u00e9 permitir que a ca\u00e7amba levante, abaixe e incline, tornando-a adequada para diversas tarefas de movimenta\u00e7\u00e3o de materiais. No sistema hidr\u00e1ulico, o cilindro da ca\u00e7amba proporciona o controle preciso da ca\u00e7amba por meio das varia\u00e7\u00f5es de press\u00e3o do \u00f3leo hidr\u00e1ulico, permitindo que os operadores manuseiem cargas pesadas com efici\u00eancia e se adaptem a ambientes de trabalho complexos e \u00e0s diversas exig\u00eancias da tarefa.<\/p>\n<p><img decoding=\"async\" src=\"https:\/\/www.hydraulic-cylinders.net\/wp-content\/uploads\/2025\/01\/songte-company-2.webp\" alt=\"Imagem do cilindro da ca\u00e7amba\"><\/p>\n<h2>Caracter\u00edsticas<\/h2>\n<ul>\n<li>Alta Resist\u00eancia e Durabilidade: Normalmente fabricado em a\u00e7o ou alum\u00ednio de alta resist\u00eancia, suporta altas press\u00f5es e cargas pesadas, adaptando-se a condi\u00e7\u00f5es de trabalho adversas. O design considera a resist\u00eancia ao desgaste e \u00e0 corros\u00e3o, prolongando sua vida \u00fatil.<\/li>\n<li>Opera\u00e7\u00e3o hidr\u00e1ulica eficiente: utilizando a press\u00e3o do \u00f3leo hidr\u00e1ulico para obter a\u00e7\u00f5es suaves de extens\u00e3o e retra\u00e7\u00e3o, ele pode responder rapidamente aos comandos de controle, fornecendo fortes for\u00e7as de empurrar e puxar adequadas para manusear cargas pesadas e tarefas complexas.<\/li>\n<li>V\u00e1rios tipos: Cilindros de simples a\u00e7\u00e3o (hidr\u00e1ulico usado apenas em uma dire\u00e7\u00e3o) ou dupla a\u00e7\u00e3o (hidr\u00e1ulico usado em ambas as dire\u00e7\u00f5es) podem ser selecionados de acordo com as necessidades para atender a diferentes requisitos operacionais. Alguns modelos s\u00e3o telesc\u00f3picos, permitindo maior extens\u00e3o sem aumentar as dimens\u00f5es externas, tornando-os adequados para aplica\u00e7\u00f5es com espa\u00e7o limitado.<\/li>\n<li>Substitui\u00e7\u00e3o perfeita: Nossos produtos podem substituir perfeitamente esses cilindros hidr\u00e1ulicos.<\/li>\n<\/ul>\n<p><img decoding=\"async\" src=\"https:\/\/www.hydraulic-cylinders.net\/wp-content\/uploads\/2025\/01\/songte-cylinder-head-with-all-kinds-excavator-models.webp\" alt=\"Imagem do cilindro de substitui\u00e7\u00e3o\"><\/p>\n<h2>Aplica\u00e7\u00f5es<\/h2>\n<h3>Equipamentos de constru\u00e7\u00e3o<\/h3>\n<p>Encontrados em escavadeiras, s\u00e3o cruciais para cavar, carregar e mover solo ou entulho. Em retroescavadeiras, o cilindro da ca\u00e7amba auxilia tanto na escava\u00e7\u00e3o quanto na eleva\u00e7\u00e3o.<\/p>\n<h3>Maquinaria agr\u00edcola<\/h3>\n<p>Usado em carregadeiras frontais para recolher, levantar e transportar solo, feno e outros materiais.<\/p>\n<h3>Escavadeiras<\/h3>\n<p>O cilindro da ca\u00e7amba permite a escava\u00e7\u00e3o permitindo que a ca\u00e7amba penetre no solo.<\/p>\n<h3>Carregadores<\/h3>\n<p>Em carregadores frontais, eles auxiliam na eleva\u00e7\u00e3o e descarga de cargas de forma eficaz.<\/p>\n<p><img decoding=\"async\" src=\"https:\/\/www.hydraulic-cylinders.net\/wp-content\/uploads\/2025\/01\/songte-oil-pipes-and-spare-parts.webp\" alt=\"Imagem do aplicativo\"><\/p>\n<h2>Considera\u00e7\u00f5es de design e crit\u00e9rios de sele\u00e7\u00e3o<\/h2>\n<ul>\n<li>Capacidade de suporte: discuta a capacidade do cilindro de suportar cargas.<\/li>\n<li>Veda\u00e7\u00e3o: Discuta a import\u00e2ncia de veda\u00e7\u00f5es adequadas e os materiais utilizados.<\/li>\n<li>Durabilidade: Discuta a durabilidade do cilindro em diversas condi\u00e7\u00f5es de trabalho.<\/li>\n<li>Seguran\u00e7a: Discuta considera\u00e7\u00f5es de seguran\u00e7a no projeto.<\/li>\n<li>Manutenibilidade: Discuta a facilidade de manuten\u00e7\u00e3o e reparo.<\/li>\n<\/ul>\n<p><img decoding=\"async\" src=\"https:\/\/www.hydraulic-cylinders.net\/wp-content\/uploads\/2025\/01\/songte-bushings-with-all-kinds-of-excavator-models.webp\" alt=\"Considera\u00e7\u00f5es de design Imagem\"><\/p>\n<h2>Veda\u00e7\u00e3o e Lubrifica\u00e7\u00e3o<\/h2>\n<p>S\u00e3o utilizados diversos tipos de veda\u00e7\u00f5es, como veda\u00e7\u00f5es de pist\u00e3o e veda\u00e7\u00f5es de biela. As veda\u00e7\u00f5es s\u00e3o feitas de materiais resistentes ao desgaste, como poliuretano e borracha nitr\u00edlica. O corpo do cilindro e as extremidades roscadas s\u00e3o finamente processados \u200b\u200bpara aumentar a resist\u00eancia ao desgaste. \u00c9 necess\u00e1ria lubrifica\u00e7\u00e3o regular com a quantidade adequada de \u00f3leo hidr\u00e1ulico.<\/p>\n<h2>Inspe\u00e7\u00e3o regular e manuten\u00e7\u00e3o preventiva<\/h2>\n<p>Inspecione regularmente o cilindro em busca de sinais de desgaste ou danos. Implemente medidas de manuten\u00e7\u00e3o preventiva para minimizar poss\u00edveis problemas.<\/p>\n<h2>Guia de instala\u00e7\u00e3o do produto<\/h2>\n<p>Forne\u00e7a um guia detalhado para a instala\u00e7\u00e3o correta do produto, incluindo o alinhamento do cilindro e o uso de suportes de instala\u00e7\u00e3o adequados para estabilidade.<\/p>\n<p><img decoding=\"async\" src=\"https:\/\/www.hydraulic-cylinders.net\/wp-content\/uploads\/2025\/01\/songte-chushion-collar.webp\" alt=\"Imagem do Guia de Instala\u00e7\u00e3o\"><\/p>\n<h2>Tarefas de manuten\u00e7\u00e3o<\/h2>\n<ul>\n<li>Inspe\u00e7\u00f5es regulares<\/li>\n<li>Lubrifica\u00e7\u00e3o adequada<\/li>\n<li>Substitui\u00e7\u00e3o da veda\u00e7\u00e3o<\/li>\n<li>Verifica\u00e7\u00f5es de calibra\u00e7\u00e3o<\/li>\n<\/ul>\n<p>Enfatize a import\u00e2ncia da instala\u00e7\u00e3o, lubrifica\u00e7\u00e3o e ajustes corretos. Forne\u00e7a orienta\u00e7\u00f5es sobre o alinhamento do cilindro durante a instala\u00e7\u00e3o. Recomende procedimentos de inspe\u00e7\u00e3o, reparo e substitui\u00e7\u00e3o. Ofere\u00e7a servi\u00e7os de substitui\u00e7\u00e3o de componentes e reconstru\u00e7\u00e3o para prolongar a vida \u00fatil do cilindro.<\/p>\n<p><img decoding=\"async\" src=\"https:\/\/www.hydraulic-cylinders.net\/wp-content\/uploads\/2025\/01\/songte-company-1.webp\" alt=\"Imagem de tarefas de manuten\u00e7\u00e3o\"><\/p>\n<h2>Considera\u00e7\u00f5es de seguran\u00e7a e fatores ambientais<\/h2>\n<p>Destaque a import\u00e2ncia das medidas de seguran\u00e7a ao trabalhar com o cilindro e o impacto ambiental do uso adequado.<\/p>\n<h2>Solu\u00e7\u00e3o de problemas e problemas comuns<\/h2>\n<p>Discuta problemas comuns que podem surgir e forne\u00e7a dicas e solu\u00e7\u00f5es para a solu\u00e7\u00e3o de problemas. Ofere\u00e7a medidas preventivas para minimizar poss\u00edveis problemas.<\/p>\n<p><img decoding=\"async\" src=\"https:\/\/www.hydraulic-cylinders.net\/wp-content\/uploads\/2025\/01\/songte-bushings-with-all-kinds-of-excavator-models.webp\" alt=\"Solu\u00e7\u00e3o de problemas de imagem\"><\/p>\n<h2>Sobre nossa empresa<\/h2>\n<p>Somos fabricantes de cilindros hidr\u00e1ulicos de reposi\u00e7\u00e3o, oferecendo uma ampla gama de produtos. Nos tornamos um dos principais fabricantes e distribuidores atacadistas de cilindros hidr\u00e1ulicos nos mercados nacional e internacional. Nossa empresa segue os princ\u00edpios de excel\u00eancia e conta com estrat\u00e9gias de gest\u00e3o da produ\u00e7\u00e3o industrial em nossas sofisticadas oficinas de fabrica\u00e7\u00e3o. Com nossa expertise t\u00e9cnica, equipamentos de fabrica\u00e7\u00e3o avan\u00e7ados e sistemas de teste profissionais, aprimoramos continuamente nossa plataforma de fabrica\u00e7\u00e3o e as rotas de produ\u00e7\u00e3o de qualidade dos produtos. Possu\u00edmos uma forte capacidade criativa e nos esfor\u00e7amos para atender \u00e0s diversas necessidades de nossos clientes com alta efici\u00eancia, precis\u00e3o e qualidade.<\/p>\n<p><img decoding=\"async\" src=\"https:\/\/www.hydraulic-cylinders.net\/wp-content\/uploads\/2025\/01\/songte-company-3.webp\" alt=\"Imagem da empresa\"><\/p>\n<p>Temos orgulho do nosso profissionalismo, certifica\u00e7\u00f5es internacionais, servi\u00e7os personalizados, equipamentos de produ\u00e7\u00e3o e servi\u00e7o p\u00f3s-venda.<\/p>\n<p>Autor: lyl<\/p>","protected":false},"excerpt":{"rendered":"<p>Bucket Cylinder For Xinyuan Crawler Excavator XY55-8 Introduction The bucket cylinder is a specialized hydraulic cylinder designed to control the movement of the bucket in heavy machinery such as excavators, backhoe loaders, and front-end loaders. Its main function is to enable the bucket to lift, lower, and tilt, making it suitable for various material handling [&hellip;]<\/p>","protected":false},"featured_media":14784,"comment_status":"open","ping_status":"closed","template":"","meta":{"_et_pb_use_builder":"","_et_pb_old_content":"","_et_gb_content_width":""},"product_brand":[],"product_cat":[1494],"product_tag":[1495,1496],"class_list":{"0":"post-15871","1":"product","2":"type-product","3":"status-publish","4":"has-post-thumbnail","6":"product_cat-bucket-cylinders","7":"product_tag-bucket-cylinders","8":"product_tag-hydraulic-cylinders","10":"first","11":"instock","12":"shipping-taxable","13":"product-type-simple"},"amp_enabled":true,"_links":{"self":[{"href":"https:\/\/www.hydraulic-cylinders.net\/pt\/wp-json\/wp\/v2\/product\/15871","targetHints":{"allow":["GET"]}}],"collection":[{"href":"https:\/\/www.hydraulic-cylinders.net\/pt\/wp-json\/wp\/v2\/product"}],"about":[{"href":"https:\/\/www.hydraulic-cylinders.net\/pt\/wp-json\/wp\/v2\/types\/product"}],"replies":[{"embeddable":true,"href":"https:\/\/www.hydraulic-cylinders.net\/pt\/wp-json\/wp\/v2\/comments?post=15871"}],"wp:featuredmedia":[{"embeddable":true,"href":"https:\/\/www.hydraulic-cylinders.net\/pt\/wp-json\/wp\/v2\/media\/14784"}],"wp:attachment":[{"href":"https:\/\/www.hydraulic-cylinders.net\/pt\/wp-json\/wp\/v2\/media?parent=15871"}],"wp:term":[{"taxonomy":"product_brand","embeddable":true,"href":"https:\/\/www.hydraulic-cylinders.net\/pt\/wp-json\/wp\/v2\/product_brand?post=15871"},{"taxonomy":"product_cat","embeddable":true,"href":"https:\/\/www.hydraulic-cylinders.net\/pt\/wp-json\/wp\/v2\/product_cat?post=15871"},{"taxonomy":"product_tag","embeddable":true,"href":"https:\/\/www.hydraulic-cylinders.net\/pt\/wp-json\/wp\/v2\/product_tag?post=15871"}],"curies":[{"name":"wp","href":"https:\/\/api.w.org\/{rel}","templated":true}]}}