{"id":15875,"date":"2025-01-19T15:06:26","date_gmt":"2025-01-19T15:06:26","guid":{"rendered":"https:\/\/www.hydraulic-cylinders.net\/product\/bucket-cylinder-for-xinyuan-wheel-excavator-xy75w-8-9\/"},"modified":"2025-01-19T15:06:29","modified_gmt":"2025-01-19T15:06:29","slug":"bucket-cylinder-for-xinyuan-wheel-excavator-xy75w-8-9","status":"publish","type":"product","link":"https:\/\/www.hydraulic-cylinders.net\/pt\/produto\/bucket-cylinder-for-xinyuan-wheel-excavator-xy75w-8-9\/","title":{"rendered":"Cilindro da ca\u00e7amba para escavadeira de rodas Xinyuan XY75W-8-9"},"content":{"rendered":"<h1>Cilindro da ca\u00e7amba para escavadeira de rodas Xinyuan XY75W-8-9<\/h1>\n<h2>Introdu\u00e7\u00e3o<\/h2>\n<p>O cilindro da ca\u00e7amba \u00e9 um cilindro hidr\u00e1ulico especialmente projetado para controlar o movimento da ca\u00e7amba em m\u00e1quinas pesadas, como escavadeiras, retroescavadeiras e p\u00e1s carregadeiras. Sua principal fun\u00e7\u00e3o \u00e9 permitir que a ca\u00e7amba suba, des\u00e7a e incline para facilitar o manuseio de diversos materiais. No sistema hidr\u00e1ulico, o cilindro da ca\u00e7amba proporciona um controle preciso da ca\u00e7amba atrav\u00e9s da varia\u00e7\u00e3o da press\u00e3o do \u00f3leo hidr\u00e1ulico, permitindo que os operadores manuseiem cargas pesadas com efici\u00eancia e se adaptem a ambientes de trabalho complexos e diversas necessidades operacionais.<\/p>\n<p><img decoding=\"async\" src=\"https:\/\/www.hydraulic-cylinders.net\/wp-content\/uploads\/2025\/01\/songte-company-2.webp\" alt=\"Cilindro de ca\u00e7amba\"><\/p>\n<h2>Caracter\u00edsticas<\/h2>\n<ul>\n<li>Alta resist\u00eancia e durabilidade: Geralmente fabricado em a\u00e7o ou alum\u00ednio de alta resist\u00eancia, suporta alta press\u00e3o e cargas pesadas, adapta-se a ambientes de trabalho severos e seu design considera a resist\u00eancia ao desgaste e \u00e0 corros\u00e3o para prolongar sua vida \u00fatil.<\/li>\n<li>Opera\u00e7\u00e3o hidr\u00e1ulica eficiente: A\u00e7\u00f5es suaves de extens\u00e3o e retra\u00e7\u00e3o s\u00e3o obtidas utilizando a press\u00e3o do \u00f3leo hidr\u00e1ulico, proporcionando uma for\u00e7a de empurrar e puxar potente, adequada para lidar com cargas pesadas e tarefas operacionais complexas.<\/li>\n<li>Diversos tipos: Cilindros de a\u00e7\u00e3o simples (hidr\u00e1ulica em apenas uma dire\u00e7\u00e3o) ou de a\u00e7\u00e3o dupla (hidr\u00e1ulica em ambas as dire\u00e7\u00f5es) podem ser selecionados de acordo com as necessidades operacionais. Alguns modelos s\u00e3o telesc\u00f3picos, permitindo maior extens\u00e3o sem aumentar as dimens\u00f5es externas, adequados para aplica\u00e7\u00f5es com espa\u00e7o limitado. <\/li>\n<li>Substitui\u00e7\u00e3o perfeita: Nossos produtos podem substituir perfeitamente esses cilindros hidr\u00e1ulicos. <\/li>\n<\/ul>\n<p><img decoding=\"async\" src=\"https:\/\/www.hydraulic-cylinders.net\/wp-content\/uploads\/2025\/01\/songte-cylinder-head-with-all-kinds-excavator-models.webp\" alt=\"Produto\"><\/p>\n<h2>Aplica\u00e7\u00f5es<\/h2>\n<p>O cilindro da ca\u00e7amba \u00e9 essencial para escavar, carregar e movimentar terra ou entulho em equipamentos de constru\u00e7\u00e3o. Em retroescavadeiras, os cilindros da ca\u00e7amba auxiliam na escava\u00e7\u00e3o e no levantamento de materiais. Em m\u00e1quinas agr\u00edcolas, s\u00e3o utilizados em p\u00e1s carregadeiras frontais para recolher, levantar e transportar terra, feno e outros materiais. Em escavadeiras, os cilindros da ca\u00e7amba permitem a escava\u00e7\u00e3o, possibilitando que a ca\u00e7amba penetre no solo. Em p\u00e1s carregadeiras frontais, auxiliam no levantamento e despejo eficiente de materiais.<\/p>\n<h2>Considera\u00e7\u00f5es de design e crit\u00e9rios de sele\u00e7\u00e3o<\/h2>\n<ul>\n<li>Capacidade de carga: A capacidade de carga do cilindro deve ser considerada ao selecionar o cilindro apropriado para a aplica\u00e7\u00e3o.<\/li>\n<li>Veda\u00e7\u00e3o: Devem ser utilizados diversos componentes de veda\u00e7\u00e3o, como veda\u00e7\u00f5es de pist\u00e3o e veda\u00e7\u00f5es de haste. Os componentes de veda\u00e7\u00e3o devem ser fabricados com materiais resistentes ao desgaste, como poliuretano e borracha nitr\u00edlica. Os corpos dos cilindros e as superf\u00edcies roscadas das extremidades devem ser usinados com precis\u00e3o para melhorar a resist\u00eancia ao desgaste, e o \u00f3leo hidr\u00e1ulico deve ser adicionado regularmente para lubrifica\u00e7\u00e3o.<\/li>\n<li>Durabilidade: Deve-se levar em considera\u00e7\u00e3o o projeto do cilindro para garantir sua durabilidade. Ele deve ser fabricado com materiais de alta resist\u00eancia e durabilidade para resistir ao desgaste, \u00e0 corros\u00e3o e a outros fatores ambientais.<\/li>\n<li>Seguran\u00e7a: A seguran\u00e7a deve ser uma considera\u00e7\u00e3o fundamental no projeto e na sele\u00e7\u00e3o. O cilindro deve ser projetado e selecionado para opera\u00e7\u00e3o segura, e medidas de seguran\u00e7a apropriadas devem ser levadas em considera\u00e7\u00e3o.<\/li>\n<li>Manuten\u00e7\u00e3o: A manuten\u00e7\u00e3o deve ser considerada no projeto e na sele\u00e7\u00e3o dos cilindros. Os cilindros devem ser projetados para facilitar a manuten\u00e7\u00e3o e os reparos, e a manuten\u00e7\u00e3o programada deve ser realizada para prolongar a vida \u00fatil do cilindro.<\/li>\n<\/ul>\n<p><img decoding=\"async\" src=\"https:\/\/www.hydraulic-cylinders.net\/wp-content\/uploads\/2025\/01\/songte-oil-pipes-and-spare-parts.webp\" alt=\"Produto\"><\/p>\n<h2>Manuten\u00e7\u00e3o e Instala\u00e7\u00e3o<\/h2>\n<p>A seguir, apresentamos tr\u00eas tarefas comuns de manuten\u00e7\u00e3o:<\/p>\n<ol>\n<li>Inspe\u00e7\u00e3o regular<\/li>\n<li>Lubrifica\u00e7\u00e3o adequada<\/li>\n<li>Substitui\u00e7\u00e3o da veda\u00e7\u00e3o e verifica\u00e7\u00e3o da calibra\u00e7\u00e3o<\/li>\n<\/ol>\n<p>A instala\u00e7\u00e3o, lubrifica\u00e7\u00e3o e ajuste adequados s\u00e3o essenciais para garantir a longevidade do cilindro da ca\u00e7amba. O alinhamento correto do cilindro deve ser orientado durante a instala\u00e7\u00e3o, e suportes de instala\u00e7\u00e3o apropriados devem ser utilizados para fix\u00e1-lo. Os procedimentos recomendados de inspe\u00e7\u00e3o, reparo e substitui\u00e7\u00e3o devem ser seguidos, e servi\u00e7os de remanufatura devem ser providenciados para prolongar a vida \u00fatil do produto.<\/p>\n<p><img decoding=\"async\" src=\"https:\/\/www.hydraulic-cylinders.net\/wp-content\/uploads\/2025\/01\/songte-chushion-collar.webp\" alt=\"Produto\"><\/p>\n<h2>Considera\u00e7\u00f5es sobre seguran\u00e7a e meio ambiente<\/h2>\n<p>Devem ser tomadas as devidas precau\u00e7\u00f5es de seguran\u00e7a ao operar o cilindro com ca\u00e7amba para evitar acidentes e garantir pr\u00e1ticas de trabalho seguras. Os fatores ambientais tamb\u00e9m devem ser considerados na sele\u00e7\u00e3o e opera\u00e7\u00e3o do cilindro para minimizar os impactos ambientais negativos.<\/p>\n<h2>Diagn\u00f3stico e solu\u00e7\u00e3o de problemas<\/h2>\n<p>A seguir, apresentamos alguns problemas comuns que podem surgir ao usar o cilindro de ca\u00e7amba:<\/p>\n<ul>\n<li>Falha na veda\u00e7\u00e3o<\/li>\n<li>Vazamento excessivo<\/li>\n<li>Redu\u00e7\u00e3o da efici\u00eancia operacional<\/li>\n<\/ul>\n<p>Dicas e solu\u00e7\u00f5es para resolu\u00e7\u00e3o de problemas devem ser fornecidas para ajudar a diagnosticar e resolver problemas de forma eficaz, e medidas preventivas devem ser tomadas para minimizar poss\u00edveis problemas.<\/p>\n<p><img decoding=\"async\" src=\"https:\/\/www.hydraulic-cylinders.net\/wp-content\/uploads\/2025\/01\/songte-bushings-with-all-kinds-of-excavator-models.webp\" alt=\"Produto\"><\/p>\n<h2>Sobre nossa empresa<\/h2>\n<p>Somos fabricantes de cilindros hidr\u00e1ulicos que substituem cilindros convencionais. Nossa empresa oferece uma linha completa de produtos e se tornou uma das principais fabricantes e distribuidoras de cilindros hidr\u00e1ulicos nos mercados nacional e internacional. Priorizamos a excel\u00eancia em qualidade, utilizando uma estrat\u00e9gia de gest\u00e3o de produ\u00e7\u00e3o industrializada em uma f\u00e1brica sofisticada. Aprimoramos constantemente nossa plataforma de produ\u00e7\u00e3o, aperfei\u00e7oamos o processo produtivo e cultivamos grande criatividade. Guiados pelos princ\u00edpios de alta efici\u00eancia, alta precis\u00e3o e alta qualidade, buscamos atender \u00e0s diversas necessidades de nossos clientes.<\/p>\n<p><img decoding=\"async\" src=\"https:\/\/hzpt.com\/wp-content\/uploads\/2024\/11\/songte-company-1.webp\" alt=\"Empresa\"><\/p>\n<h3>Profissionalismo<\/h3>\n<p>Somos uma equipe de profissionais dedicados a fornecer produtos e servi\u00e7os excelentes aos nossos clientes. Nossa equipe inclui engenheiros, t\u00e9cnicos e outros profissionais qualificados que trabalham arduamente para garantir que nossos produtos atendam aos mais altos padr\u00f5es de qualidade e confiabilidade.<\/p>\n<h3>Certifica\u00e7\u00f5es Internacionais<\/h3>\n<p>Nossa empresa obteve diversas certifica\u00e7\u00f5es internacionais, incluindo ISO9001, CE e outras, para garantir que nossos produtos atendam aos mais altos padr\u00f5es internacionais.<\/p>\n<h3>Servi\u00e7os de Personaliza\u00e7\u00e3o<\/h3>\n<p>Oferecemos servi\u00e7os de personaliza\u00e7\u00e3o para atender \u00e0s necessidades espec\u00edficas de nossos clientes. Trabalhamos em conjunto com eles para projetar e fabricar cilindros hidr\u00e1ulicos que atendam \u00e0s suas exig\u00eancias e necessidades particulares.<\/p>\n<h3>Equipamentos de produ\u00e7\u00e3o<\/h3>\n<p>Nossa empresa investiu fortemente em equipamentos de produ\u00e7\u00e3o avan\u00e7ados para garantir que possamos fabricar cilindros hidr\u00e1ulicos de alta qualidade de forma r\u00e1pida e eficiente.<\/p>\n<h3>Servi\u00e7o p\u00f3s-venda<\/h3>\n<p>Oferecemos um excelente servi\u00e7o p\u00f3s-venda para garantir a satisfa\u00e7\u00e3o dos nossos clientes com os nossos produtos. Disponibilizamos suporte t\u00e9cnico, manuten\u00e7\u00e3o, reparo e servi\u00e7os de reconstru\u00e7\u00e3o para ajudar os nossos clientes a obter o m\u00e1ximo proveito dos nossos produtos.<\/p>\n<p>Autor: lyl.<\/p>","protected":false},"excerpt":{"rendered":"<p>Bucket Cylinder For Xinyuan Wheel Excavator XY75W-8-9 Introduction A bucket cylinder is a specially designed hydraulic cylinder used to control the movement of a bucket in heavy machinery such as excavators, backhoe excavators, and front-end loaders. Its main function is to enable the bucket to lift, lower, and tilt for easy handling of various materials. [&hellip;]<\/p>","protected":false},"featured_media":14776,"comment_status":"open","ping_status":"closed","template":"","meta":{"_et_pb_use_builder":"","_et_pb_old_content":"","_et_gb_content_width":""},"product_brand":[],"product_cat":[1494],"product_tag":[1495,1496],"class_list":{"0":"post-15875","1":"product","2":"type-product","3":"status-publish","4":"has-post-thumbnail","6":"product_cat-bucket-cylinders","7":"product_tag-bucket-cylinders","8":"product_tag-hydraulic-cylinders","10":"first","11":"instock","12":"shipping-taxable","13":"product-type-simple"},"amp_enabled":true,"_links":{"self":[{"href":"https:\/\/www.hydraulic-cylinders.net\/pt\/wp-json\/wp\/v2\/product\/15875","targetHints":{"allow":["GET"]}}],"collection":[{"href":"https:\/\/www.hydraulic-cylinders.net\/pt\/wp-json\/wp\/v2\/product"}],"about":[{"href":"https:\/\/www.hydraulic-cylinders.net\/pt\/wp-json\/wp\/v2\/types\/product"}],"replies":[{"embeddable":true,"href":"https:\/\/www.hydraulic-cylinders.net\/pt\/wp-json\/wp\/v2\/comments?post=15875"}],"wp:featuredmedia":[{"embeddable":true,"href":"https:\/\/www.hydraulic-cylinders.net\/pt\/wp-json\/wp\/v2\/media\/14776"}],"wp:attachment":[{"href":"https:\/\/www.hydraulic-cylinders.net\/pt\/wp-json\/wp\/v2\/media?parent=15875"}],"wp:term":[{"taxonomy":"product_brand","embeddable":true,"href":"https:\/\/www.hydraulic-cylinders.net\/pt\/wp-json\/wp\/v2\/product_brand?post=15875"},{"taxonomy":"product_cat","embeddable":true,"href":"https:\/\/www.hydraulic-cylinders.net\/pt\/wp-json\/wp\/v2\/product_cat?post=15875"},{"taxonomy":"product_tag","embeddable":true,"href":"https:\/\/www.hydraulic-cylinders.net\/pt\/wp-json\/wp\/v2\/product_tag?post=15875"}],"curies":[{"name":"wp","href":"https:\/\/api.w.org\/{rel}","templated":true}]}}