{"id":15883,"date":"2025-01-19T15:07:07","date_gmt":"2025-01-19T15:07:07","guid":{"rendered":"https:\/\/www.hydraulic-cylinders.net\/product\/bucket-cylinder-for-volwa-small-excavator-dls815-9\/"},"modified":"2025-01-19T15:07:09","modified_gmt":"2025-01-19T15:07:09","slug":"bucket-cylinder-for-volwa-small-excavator-dls815-9","status":"publish","type":"product","link":"https:\/\/www.hydraulic-cylinders.net\/pt\/produto\/bucket-cylinder-for-volwa-small-excavator-dls815-9\/","title":{"rendered":"Cilindro de ca\u00e7amba para escavadeira pequena Volwa DLS815-9"},"content":{"rendered":"<h1>Cilindro de ca\u00e7amba para escavadeira pequena Volwa DLS815-9<\/h1>\n<h2>Introdu\u00e7\u00e3o<\/h2>\n<h3>Defini\u00e7\u00e3o de Cilindro de Ca\u00e7amba<\/h3>\n<p>Um cilindro de ca\u00e7amba \u00e9 um cilindro hidr\u00e1ulico especialmente projetado para controlar o movimento da ca\u00e7amba em m\u00e1quinas pesadas, como escavadeiras, retroescavadeiras e carregadeiras frontais. Sua principal fun\u00e7\u00e3o \u00e9 permitir que a ca\u00e7amba levante, abaixe e incline, facilitando a execu\u00e7\u00e3o de diversas tarefas de movimenta\u00e7\u00e3o de materiais. No sistema hidr\u00e1ulico, o cilindro da ca\u00e7amba proporciona um controle preciso da ca\u00e7amba, variando a press\u00e3o do \u00f3leo hidr\u00e1ulico, permitindo ao operador manusear cargas pesadas com efici\u00eancia, adaptar-se a ambientes de trabalho complexos e a diversos requisitos operacionais.<\/p>\n<p><img decoding=\"async\" src=\"https:\/\/www.hydraulic-cylinders.net\/wp-content\/uploads\/2025\/01\/songte-company-2.webp\"\/><\/p>\n<h3>Caracter\u00edsticas<\/h3>\n<ul>\n<li><strong>Alta resist\u00eancia e durabilidade:<\/strong> Normalmente feito de a\u00e7o de alta resist\u00eancia ou alum\u00ednio, ele pode suportar alta press\u00e3o e cargas pesadas, adaptar-se a ambientes de trabalho adversos e \u00e9 projetado com resist\u00eancia ao desgaste e \u00e0 corros\u00e3o em mente para estender sua vida \u00fatil.<\/li>\n<li><strong>Opera\u00e7\u00e3o hidr\u00e1ulica eficiente:<\/strong> Utilizando a press\u00e3o do \u00f3leo hidr\u00e1ulico para obter extens\u00e3o e retra\u00e7\u00e3o suaves, ele pode responder rapidamente aos comandos operacionais, fornecer fortes for\u00e7as de empurr\u00e3o e tra\u00e7\u00e3o e \u00e9 adequado para manusear cargas pesadas e tarefas operacionais complexas.<\/li>\n<li><strong>V\u00e1rios tipos:<\/strong> Cilindros de simples a\u00e7\u00e3o (hidr\u00e1ulico utilizado em apenas uma dire\u00e7\u00e3o) ou dupla a\u00e7\u00e3o (hidr\u00e1ulico utilizado em ambas as dire\u00e7\u00f5es) podem ser selecionados de acordo com as necessidades para atender a diferentes requisitos operacionais. Alguns modelos s\u00e3o telesc\u00f3picos, permitindo maior extens\u00e3o sem aumentar as dimens\u00f5es externas, e s\u00e3o adequados para aplica\u00e7\u00f5es com espa\u00e7o limitado.<\/li>\n<li><strong>Substitui\u00e7\u00e3o perfeita:<\/strong> Nossos produtos podem substituir perfeitamente esses cilindros hidr\u00e1ulicos.<\/li>\n<\/ul>\n<p><img decoding=\"async\" src=\"https:\/\/www.hydraulic-cylinders.net\/wp-content\/uploads\/2025\/01\/songte-cylinder-head-with-all-kinds-excavator-models.webp\"\/><\/p>\n<h2>Aplica\u00e7\u00f5es<\/h2>\n<p>Os cilindros de ca\u00e7amba s\u00e3o amplamente utilizados em diversas m\u00e1quinas, incluindo:<\/p>\n<ul>\n<li><strong>Equipamentos de constru\u00e7\u00e3o:<\/strong> Em escavadeiras, eles s\u00e3o essenciais para cavar, carregar e mover solo ou entulho. Em retroescavadeiras, os cilindros de ca\u00e7amba auxiliam tanto na escava\u00e7\u00e3o quanto na eleva\u00e7\u00e3o. <\/li>\n<li><strong>Maquinaria agr\u00edcola:<\/strong> Usados \u200b\u200bem carregadeiras frontais para recolher, levantar e transportar solo, feno e outros materiais, os cilindros de ca\u00e7amba em escavadeiras permitem a escava\u00e7\u00e3o, permitindo que a ca\u00e7amba penetre no solo. <\/li>\n<li><strong>Carregadores:<\/strong> Em carregadores frontais, eles ajudam a levantar e despejar mercadorias de forma eficaz.<\/li>\n<\/ul>\n<h2>Considera\u00e7\u00f5es de design e crit\u00e9rios de sele\u00e7\u00e3o<\/h2>\n<h3>Principais considera\u00e7\u00f5es de design<\/h3>\n<ul>\n<li><strong>Capacidade de carga:<\/strong> O cilindro deve ser capaz de suportar as cargas esperadas na aplica\u00e7\u00e3o. <\/li>\n<li><strong>Selagem:<\/strong> O cilindro deve ser capaz de manter a press\u00e3o e evitar vazamentos. <\/li>\n<li><strong>Durabilidade:<\/strong> O cilindro deve ser capaz de suportar o ciclo de vida esperado e as condi\u00e7\u00f5es ambientais. <\/li>\n<li><strong>Seguran\u00e7a:<\/strong> O cilindro deve ser projetado com recursos de seguran\u00e7a que evitem acidentes. <\/li>\n<li><strong>Manutenibilidade:<\/strong> O cilindro deve ser projetado para f\u00e1cil manuten\u00e7\u00e3o e reparo.<\/li>\n<\/ul>\n<p><img decoding=\"async\" src=\"https:\/\/www.hydraulic-cylinders.net\/wp-content\/uploads\/2025\/01\/songte-oil-pipes-and-spare-parts.webp\"\/><\/p>\n<h3>Veda\u00e7\u00e3o e Lubrifica\u00e7\u00e3o<\/h3>\n<p>Diversos tipos de componentes de veda\u00e7\u00e3o, como veda\u00e7\u00f5es de pist\u00e3o e de haste, s\u00e3o utilizados em cilindros de ca\u00e7amba. Essas veda\u00e7\u00f5es s\u00e3o feitas de materiais resistentes ao desgaste, como poliuretano e borracha nitr\u00edlica, e o corpo do cilindro e as superf\u00edcies das extremidades roscadas s\u00e3o finamente processados \u200b\u200bpara aumentar a resist\u00eancia ao desgaste. Tamb\u00e9m \u00e9 necess\u00e1rio adicionar regularmente quantidades adequadas de \u00f3leo hidr\u00e1ulico para lubrifica\u00e7\u00e3o.<\/p>\n<h3>Medidas de Manuten\u00e7\u00e3o Preventiva<\/h3>\n<ul>\n<li><strong>Inspe\u00e7\u00e3o regular:<\/strong> Verifique regularmente se h\u00e1 sinais de desgaste ou danos no cilindro e no sistema hidr\u00e1ulico. <\/li>\n<li><strong>Lubrifica\u00e7\u00e3o adequada:<\/strong> Certifique-se de que o cilindro e seus componentes estejam devidamente lubrificados. <\/li>\n<li><strong>Substitui\u00e7\u00e3o da veda\u00e7\u00e3o:<\/strong> Substitua as veda\u00e7\u00f5es gastas ou danificadas imediatamente para evitar vazamentos. <\/li>\n<li><strong>Verifica\u00e7\u00e3o de calibra\u00e7\u00e3o:<\/strong> Verifique a calibra\u00e7\u00e3o do cilindro para garantir a opera\u00e7\u00e3o correta. <\/li>\n<\/ul>\n<p><img decoding=\"async\" src=\"https:\/\/www.hydraulic-cylinders.net\/wp-content\/uploads\/2025\/01\/songte-chushion-collar.webp\"\/><\/p>\n<h2>Considera\u00e7\u00f5es de seguran\u00e7a e fatores ambientais<\/h2>\n<p>Ao utilizar cilindros de ca\u00e7amba, devem ser seguidas as medidas de seguran\u00e7a adequadas para evitar acidentes. Al\u00e9m disso, devem ser considerados os fatores ambientais e tomadas as medidas adequadas para minimizar o impacto ambiental.<\/p>\n<h2>Solu\u00e7\u00e3o de problemas e problemas comuns<\/h2>\n<ul>\n<li><strong>Vazamento:<\/strong> Verifique as veda\u00e7\u00f5es e substitua-as se necess\u00e1rio.<\/li>\n<li><strong>Opera\u00e7\u00e3o lenta:<\/strong> Verifique o n\u00edvel do fluido hidr\u00e1ulico e certifique-se de que o sistema esteja devidamente lubrificado.<\/li>\n<li><strong>Ru\u00eddo anormal:<\/strong> Verifique se h\u00e1 componentes soltos ou danificados.<\/li>\n<\/ul>\n<p>Manuten\u00e7\u00e3o e inspe\u00e7\u00e3o regulares podem ajudar a prevenir esses problemas.<\/p>\n<p><img decoding=\"async\" src=\"https:\/\/www.hydraulic-cylinders.net\/wp-content\/uploads\/2025\/01\/songte-bushings-with-all-kinds-of-excavator-models.webp\"\/><\/p>\n<h2>Sobre n\u00f3s<\/h2>\n<p>Somos fabricantes de cilindros hidr\u00e1ulicos que podem substituir os originais. Nossa empresa oferece uma gama completa de produtos e se tornou uma das principais fabricantes e distribuidoras atacadistas de cilindros hidr\u00e1ulicos nos mercados nacional e internacional. Seguimos o princ\u00edpio da excel\u00eancia em qualidade, contamos com a estrat\u00e9gia de gest\u00e3o da produ\u00e7\u00e3o industrial de oficinas de manufatura refinada, aprimoramos continuamente a plataforma de fabrica\u00e7\u00e3o da oficina, aprimoramos a qualidade da linha de produ\u00e7\u00e3o dos produtos e possu\u00edmos uma forte capacidade criativa. Buscamos atender \u00e0s diversas necessidades dos clientes com base nos princ\u00edpios de alta efici\u00eancia, alta precis\u00e3o e alta qualidade.<\/p>\n<ul>\n<li><strong>Profissionalismo:<\/strong> Temos uma equipe de profissionais com vasta experi\u00eancia e conhecimento no setor de cilindros hidr\u00e1ulicos. <\/li>\n<li><strong>Certifica\u00e7\u00e3o Internacional:<\/strong> Nossos produtos passaram por certifica\u00e7\u00f5es internacionais como ISO9001 e CE. <\/li>\n<li><strong>Servi\u00e7o de Personaliza\u00e7\u00e3o:<\/strong> Podemos fornecer servi\u00e7os personalizados para atender \u00e0s necessidades espec\u00edficas dos clientes. <\/li>\n<li><strong>Equipamentos de produ\u00e7\u00e3o:<\/strong> Temos equipamentos de produ\u00e7\u00e3o avan\u00e7ados para garantir a qualidade dos nossos produtos. <\/li>\n<li><strong>Servi\u00e7o p\u00f3s-venda:<\/strong> Oferecemos um excelente servi\u00e7o p\u00f3s-venda para garantir a satisfa\u00e7\u00e3o do cliente.<\/li>\n<\/ul>\n<p><img decoding=\"async\" src=\"https:\/\/hzpt.com\/wp-content\/uploads\/2024\/11\/songte-company-1.webp\"\/><\/p>\n<p><em>Autor: lyl<\/em><\/p>","protected":false},"excerpt":{"rendered":"<p>Bucket Cylinder For Volwa Small Excavator DLS815-9 Introduction Definition of Bucket Cylinder A bucket cylinder is a specially designed hydraulic cylinder used to control the movement of the bucket in heavy machinery such as excavators, backhoe loaders, and front loaders. Its main function is to enable the bucket to lift, lower and tilt, making it [&hellip;]<\/p>","protected":false},"featured_media":14788,"comment_status":"open","ping_status":"closed","template":"","meta":{"_et_pb_use_builder":"","_et_pb_old_content":"","_et_gb_content_width":""},"product_brand":[],"product_cat":[1494],"product_tag":[1495,1496],"class_list":{"0":"post-15883","1":"product","2":"type-product","3":"status-publish","4":"has-post-thumbnail","6":"product_cat-bucket-cylinders","7":"product_tag-bucket-cylinders","8":"product_tag-hydraulic-cylinders","10":"first","11":"instock","12":"shipping-taxable","13":"product-type-simple"},"amp_enabled":true,"_links":{"self":[{"href":"https:\/\/www.hydraulic-cylinders.net\/pt\/wp-json\/wp\/v2\/product\/15883","targetHints":{"allow":["GET"]}}],"collection":[{"href":"https:\/\/www.hydraulic-cylinders.net\/pt\/wp-json\/wp\/v2\/product"}],"about":[{"href":"https:\/\/www.hydraulic-cylinders.net\/pt\/wp-json\/wp\/v2\/types\/product"}],"replies":[{"embeddable":true,"href":"https:\/\/www.hydraulic-cylinders.net\/pt\/wp-json\/wp\/v2\/comments?post=15883"}],"wp:featuredmedia":[{"embeddable":true,"href":"https:\/\/www.hydraulic-cylinders.net\/pt\/wp-json\/wp\/v2\/media\/14788"}],"wp:attachment":[{"href":"https:\/\/www.hydraulic-cylinders.net\/pt\/wp-json\/wp\/v2\/media?parent=15883"}],"wp:term":[{"taxonomy":"product_brand","embeddable":true,"href":"https:\/\/www.hydraulic-cylinders.net\/pt\/wp-json\/wp\/v2\/product_brand?post=15883"},{"taxonomy":"product_cat","embeddable":true,"href":"https:\/\/www.hydraulic-cylinders.net\/pt\/wp-json\/wp\/v2\/product_cat?post=15883"},{"taxonomy":"product_tag","embeddable":true,"href":"https:\/\/www.hydraulic-cylinders.net\/pt\/wp-json\/wp\/v2\/product_tag?post=15883"}],"curies":[{"name":"wp","href":"https:\/\/api.w.org\/{rel}","templated":true}]}}