{"id":15889,"date":"2025-01-19T15:07:32","date_gmt":"2025-01-19T15:07:32","guid":{"rendered":"https:\/\/www.hydraulic-cylinders.net\/product\/bucket-cylinder-for-volwa-middle-excavator-dls210-8b\/"},"modified":"2025-01-19T15:07:34","modified_gmt":"2025-01-19T15:07:34","slug":"bucket-cylinder-for-volwa-middle-excavator-dls210-8b","status":"publish","type":"product","link":"https:\/\/www.hydraulic-cylinders.net\/pt\/produto\/bucket-cylinder-for-volwa-middle-excavator-dls210-8b\/","title":{"rendered":"Cilindro da ca\u00e7amba para escavadeira m\u00e9dia Volwa DLS210-8B"},"content":{"rendered":"<h1>Cilindro da ca\u00e7amba para escavadeira m\u00e9dia Volwa DLS210-8B<\/h1>\n<h2>Introdu\u00e7\u00e3o<\/h2>\n<p>O cilindro da ca\u00e7amba \u00e9 um cilindro hidr\u00e1ulico projetado especificamente para controlar o movimento da p\u00e1 em m\u00e1quinas pesadas, como escavadeiras, retroescavadeiras e p\u00e1s carregadeiras. Sua principal fun\u00e7\u00e3o \u00e9 permitir que a p\u00e1 levante, abaixe e incline, facilitando o manuseio de diversos materiais. No sistema hidr\u00e1ulico, o cilindro da ca\u00e7amba proporciona um controle preciso da p\u00e1 por meio da varia\u00e7\u00e3o da press\u00e3o do \u00f3leo hidr\u00e1ulico, permitindo que os operadores manuseiem objetos pesados \u200b\u200bcom efici\u00eancia e se adaptem a ambientes de trabalho complexos e diversas necessidades operacionais.<\/p>\n<p><img decoding=\"async\" src=\"https:\/\/www.hydraulic-cylinders.net\/wp-content\/uploads\/2025\/01\/songte-company-2.webp\"><\/p>\n<h2>Caracter\u00edsticas<\/h2>\n<ul>\n<li>Alta resist\u00eancia e durabilidade: Normalmente fabricado em a\u00e7o ou alum\u00ednio de alta resist\u00eancia, \u00e9 capaz de suportar alta press\u00e3o e cargas pesadas, adaptando-se a ambientes de trabalho severos, e projetado com resist\u00eancia ao desgaste e \u00e0 corros\u00e3o para prolongar a vida \u00fatil.<\/li>\n<li>Opera\u00e7\u00e3o hidr\u00e1ulica eficiente: O movimento suave de expans\u00e3o e contra\u00e7\u00e3o \u00e9 obtido atrav\u00e9s da press\u00e3o do \u00f3leo hidr\u00e1ulico, que responde rapidamente aos comandos de controle, fornece uma for\u00e7a de empurrar e puxar potente e \u00e9 adequado para manusear objetos pesados \u200b\u200be realizar tarefas complexas.<\/li>\n<li>Diversos tipos: Cilindros de a\u00e7\u00e3o simples (a for\u00e7a hidr\u00e1ulica atua apenas em uma dire\u00e7\u00e3o) ou de a\u00e7\u00e3o dupla (a for\u00e7a hidr\u00e1ulica atua em ambas as dire\u00e7\u00f5es) podem ser selecionados de acordo com as necessidades operacionais. Alguns modelos s\u00e3o telesc\u00f3picos, permitindo maior extens\u00e3o sem aumentar as dimens\u00f5es externas, sendo ideais para aplica\u00e7\u00f5es com espa\u00e7o limitado.<\/li>\n<li>Substitu\u00edveis: Nossos produtos podem substituir perfeitamente esses cilindros hidr\u00e1ulicos.<\/li>\n<\/ul>\n<p><img decoding=\"async\" src=\"https:\/\/www.hydraulic-cylinders.net\/wp-content\/uploads\/2025\/01\/songte-cylinder-head-with-all-kinds-excavator-models.webp\"><\/p>\n<h2>Aplica\u00e7\u00f5es<\/h2>\n<p>Os cilindros de ca\u00e7amba s\u00e3o essenciais para diversos equipamentos pesados, incluindo:<\/p>\n<ul>\n<li>Equipamentos de constru\u00e7\u00e3o: Em escavadeiras, s\u00e3o essenciais para escavar, carregar e movimentar terra ou entulho. Em retroescavadeiras, o cilindro da ca\u00e7amba auxilia na escava\u00e7\u00e3o e no levantamento de material.<\/li>\n<li>M\u00e1quinas agr\u00edcolas: Utilizadas em carregadeiras frontais, para escavar, levantar e transportar terra, feno e outros materiais. <\/li>\n<li>Escavadeiras: O cilindro da ca\u00e7amba realiza a a\u00e7\u00e3o de escava\u00e7\u00e3o, permitindo que a p\u00e1 penetre no solo.<\/li>\n<li>Operadores de carregadeiras: Eles auxiliam no levantamento e inclina\u00e7\u00e3o eficiente de mercadorias em carregadeiras frontais.<\/li>\n<\/ul>\n<h2>Considera\u00e7\u00f5es de design e crit\u00e9rios de sele\u00e7\u00e3o<\/h2>\n<p>Considerando aspectos como capacidade de carga, veda\u00e7\u00e3o, durabilidade, seguran\u00e7a e facilidade de manuten\u00e7\u00e3o, os cilindros de ca\u00e7amba s\u00e3o projetados com foco na qualidade. Abaixo, algumas considera\u00e7\u00f5es importantes de projeto:<\/p>\n<ul>\n<li>Capacidade de carga: Capacidade de suportar alta press\u00e3o e cargas pesadas.<\/li>\n<li>Veda\u00e7\u00e3o: S\u00e3o utilizadas diversas veda\u00e7\u00f5es, como veda\u00e7\u00f5es de pist\u00e3o e veda\u00e7\u00f5es de haste, feitas de materiais resistentes ao desgaste, como poliuretano e borracha nitr\u00edlica, e o corpo do cilindro e as superf\u00edcies roscadas das extremidades s\u00e3o processadas com precis\u00e3o para melhorar a resist\u00eancia ao desgaste. <\/li>\n<li>Durabilidade: O cilindro da ca\u00e7amba foi projetado com resist\u00eancia ao desgaste e um revestimento anticorrosivo para prolongar sua vida \u00fatil.<\/li>\n<li>Seguran\u00e7a: Recursos de seguran\u00e7a, como v\u00e1lvulas de al\u00edvio de press\u00e3o, s\u00e3o adicionados para evitar sobrecargas, e o cilindro \u00e9 projetado para evitar quedas repentinas.<\/li>\n<li>Facilidade de manuten\u00e7\u00e3o: O cilindro foi projetado para ser facilmente desmontado e remontado, sendo necess\u00e1ria manuten\u00e7\u00e3o regular para garantir uma longa vida \u00fatil.<\/li>\n<\/ul>\n<p><img decoding=\"async\" src=\"https:\/\/www.hydraulic-cylinders.net\/wp-content\/uploads\/2025\/01\/songte-oil-pipes-and-spare-parts.webp\"><\/p>\n<h2>Veda\u00e7\u00e3o e Lubrifica\u00e7\u00e3o<\/h2>\n<p>Diversos elementos de veda\u00e7\u00e3o s\u00e3o utilizados nos cilindros de ca\u00e7amba, como veda\u00e7\u00f5es de pist\u00e3o e veda\u00e7\u00f5es de haste, fabricados com materiais resistentes ao desgaste, como poliuretano e borracha nitr\u00edlica. O corpo do cilindro e as superf\u00edcies roscadas das extremidades s\u00e3o usinados com precis\u00e3o para melhorar a resist\u00eancia ao desgaste. A lubrifica\u00e7\u00e3o adequada \u00e9 essencial, e trocas regulares de \u00f3leo s\u00e3o necess\u00e1rias para manter o desempenho ideal e prolongar a vida \u00fatil.<\/p>\n<h2>Medidas de Inspe\u00e7\u00e3o e Manuten\u00e7\u00e3o Preventiva<\/h2>\n<p>Inspe\u00e7\u00f5es regulares e medidas de manuten\u00e7\u00e3o preventiva s\u00e3o necess\u00e1rias para garantir o desempenho ideal e prolongar a vida \u00fatil do produto. Abaixo est\u00e3o algumas tarefas de manuten\u00e7\u00e3o:<\/p>\n<ul>\n<li>Inspe\u00e7\u00e3o regular: Inspecione o cilindro para verificar se h\u00e1 sinais de desgaste ou danos.<\/li>\n<li>Lubrifica\u00e7\u00e3o adequada: Lubrifique o cilindro de acordo com as recomenda\u00e7\u00f5es do fabricante.<\/li>\n<li>Substitui\u00e7\u00e3o de veda\u00e7\u00f5es: Substitua imediatamente quaisquer veda\u00e7\u00f5es desgastadas ou danificadas.<\/li>\n<li>Verifica\u00e7\u00e3o de calibra\u00e7\u00e3o: Verifica\u00e7\u00f5es regulares de calibra\u00e7\u00e3o garantem que o cilindro esteja funcionando corretamente.<\/li>\n<li>Instala\u00e7\u00e3o correta: A instala\u00e7\u00e3o correta \u00e9 crucial para o desempenho ideal. Alinhe o cilindro corretamente e utilize os suportes de instala\u00e7\u00e3o apropriados para fix\u00e1-lo.<\/li>\n<\/ul>\n<p><img decoding=\"async\" src=\"https:\/\/www.hydraulic-cylinders.net\/wp-content\/uploads\/2025\/01\/songte-chushion-collar.webp\"><\/p>\n<h2>Considera\u00e7\u00f5es de seguran\u00e7a e fatores ambientais<\/h2>\n<p>Os cilindros de ca\u00e7amba s\u00e3o projetados com foco na seguran\u00e7a, e medidas de seguran\u00e7a adequadas devem ser tomadas ao utiliz\u00e1-los. Fatores ambientais como temperatura e umidade podem afetar o desempenho do cilindro, levando \u00e0 redu\u00e7\u00e3o da efici\u00eancia e ao desgaste prematuro.<\/p>\n<h2>Solu\u00e7\u00e3o de problemas e problemas comuns<\/h2>\n<p>Problemas comuns com cilindros de ca\u00e7amba incluem vazamentos, opera\u00e7\u00e3o lenta e dificuldade de manuseio. A instala\u00e7\u00e3o correta, a inspe\u00e7\u00e3o regular e a manuten\u00e7\u00e3o adequada podem minimizar esses problemas.<\/p>\n<h2>Informa\u00e7\u00f5es da empresa<\/h2>\n<p>Somos um fabricante de cilindros hidr\u00e1ulicos especializado na reposi\u00e7\u00e3o de cilindros hidr\u00e1ulicos. Possu\u00edmos uma linha completa de produtos e nos tornamos um dos principais fabricantes e distribuidores de cilindros hidr\u00e1ulicos nos mercados nacional e internacional. Seguimos o princ\u00edpio da excel\u00eancia em qualidade e nos baseamos na estrat\u00e9gia de gest\u00e3o de produ\u00e7\u00e3o industrializada de oficinas de fabrica\u00e7\u00e3o de alta precis\u00e3o. Aprimoramos continuamente nossa plataforma de fabrica\u00e7\u00e3o, melhoramos as linhas de produ\u00e7\u00e3o da qualidade dos produtos e temos forte capacidade de inova\u00e7\u00e3o para atender \u00e0s diversas necessidades dos clientes com alta efici\u00eancia, alta precis\u00e3o e alta qualidade.<\/p>\n<p><img decoding=\"async\" src=\"https:\/\/hzpt.com\/wp-content\/uploads\/2024\/11\/songte-company-1.webp\"><\/p>\n<p>Orgulhamo-nos do nosso profissionalismo, certifica\u00e7\u00e3o internacional, servi\u00e7os personalizados, equipamentos de produ\u00e7\u00e3o e servi\u00e7os p\u00f3s-venda.<\/p>\n<p>Autor: lyl<\/p>","protected":false},"excerpt":{"rendered":"<p>Bucket Cylinder For Volwa Middle Excavator DLS210-8B Introduction A bucket cylinder is a specifically designed hydraulic cylinder that is mainly used to control the movement of the shovel in heavy machinery such as excavators, backhoe excavators, and front-end loaders. Its main function is to allow the shovel to lift, lower, and tilt, making it easier [&hellip;]<\/p>","protected":false},"featured_media":14778,"comment_status":"open","ping_status":"closed","template":"","meta":{"_et_pb_use_builder":"","_et_pb_old_content":"","_et_gb_content_width":""},"product_brand":[],"product_cat":[1494],"product_tag":[1495,1496],"class_list":{"0":"post-15889","1":"product","2":"type-product","3":"status-publish","4":"has-post-thumbnail","6":"product_cat-bucket-cylinders","7":"product_tag-bucket-cylinders","8":"product_tag-hydraulic-cylinders","10":"first","11":"instock","12":"shipping-taxable","13":"product-type-simple"},"amp_enabled":true,"_links":{"self":[{"href":"https:\/\/www.hydraulic-cylinders.net\/pt\/wp-json\/wp\/v2\/product\/15889","targetHints":{"allow":["GET"]}}],"collection":[{"href":"https:\/\/www.hydraulic-cylinders.net\/pt\/wp-json\/wp\/v2\/product"}],"about":[{"href":"https:\/\/www.hydraulic-cylinders.net\/pt\/wp-json\/wp\/v2\/types\/product"}],"replies":[{"embeddable":true,"href":"https:\/\/www.hydraulic-cylinders.net\/pt\/wp-json\/wp\/v2\/comments?post=15889"}],"wp:featuredmedia":[{"embeddable":true,"href":"https:\/\/www.hydraulic-cylinders.net\/pt\/wp-json\/wp\/v2\/media\/14778"}],"wp:attachment":[{"href":"https:\/\/www.hydraulic-cylinders.net\/pt\/wp-json\/wp\/v2\/media?parent=15889"}],"wp:term":[{"taxonomy":"product_brand","embeddable":true,"href":"https:\/\/www.hydraulic-cylinders.net\/pt\/wp-json\/wp\/v2\/product_brand?post=15889"},{"taxonomy":"product_cat","embeddable":true,"href":"https:\/\/www.hydraulic-cylinders.net\/pt\/wp-json\/wp\/v2\/product_cat?post=15889"},{"taxonomy":"product_tag","embeddable":true,"href":"https:\/\/www.hydraulic-cylinders.net\/pt\/wp-json\/wp\/v2\/product_tag?post=15889"}],"curies":[{"name":"wp","href":"https:\/\/api.w.org\/{rel}","templated":true}]}}