{"id":15895,"date":"2025-01-19T15:08:00","date_gmt":"2025-01-19T15:08:00","guid":{"rendered":"https:\/\/www.hydraulic-cylinders.net\/product\/bucket-cylinder-for-volwa-wheel-excavator-dls865-9a\/"},"modified":"2025-01-19T15:08:06","modified_gmt":"2025-01-19T15:08:06","slug":"bucket-cylinder-for-volwa-wheel-excavator-dls865-9a","status":"publish","type":"product","link":"https:\/\/www.hydraulic-cylinders.net\/pt\/produto\/bucket-cylinder-for-volwa-wheel-excavator-dls865-9a\/","title":{"rendered":"Cilindro da ca\u00e7amba para escavadeira de rodas Volwa DLS865-9A"},"content":{"rendered":"<p><!DOCTYPE html><br \/>\n<html><br \/>\n<head><br \/>\n<title>Cilindro da ca\u00e7amba para escavadeira de rodas Volwa DLS865-9A<\/title><br \/>\n<\/head><br \/>\n<body><\/p>\n<h1>Cilindro da ca\u00e7amba para escavadeira de rodas Volwa DLS865-9A<\/h1>\n<h2>Introdu\u00e7\u00e3o<\/h2>\n<p>O cilindro da ca\u00e7amba \u00e9 um cilindro hidr\u00e1ulico especialmente projetado para controlar o movimento da ca\u00e7amba em m\u00e1quinas pesadas, como escavadeiras, retroescavadeiras e p\u00e1s carregadeiras. Sua principal fun\u00e7\u00e3o \u00e9 permitir o levantamento, abaixamento e inclina\u00e7\u00e3o da ca\u00e7amba, facilitando diversas tarefas de movimenta\u00e7\u00e3o de materiais. No sistema hidr\u00e1ulico, o cilindro da ca\u00e7amba proporciona um controle preciso da ca\u00e7amba utilizando as varia\u00e7\u00f5es de press\u00e3o do \u00f3leo hidr\u00e1ulico, permitindo que os operadores manuseiem cargas pesadas com efici\u00eancia e se adaptem a ambientes de trabalho complexos e diversas necessidades operacionais.<\/p>\n<p><img decoding=\"async\" src=\"https:\/\/www.hydraulic-cylinders.net\/wp-content\/uploads\/2025\/01\/songte-company-2.webp\" alt=\"Imagem do cilindro da ca\u00e7amba\"><\/p>\n<h2>Caracter\u00edsticas<\/h2>\n<ul>\n<li>Alta resist\u00eancia e durabilidade: Normalmente fabricado em a\u00e7o ou alum\u00ednio de alta resist\u00eancia, o cilindro da ca\u00e7amba suporta alta press\u00e3o e cargas pesadas, adaptando-se a ambientes de trabalho severos. O projeto considera a resist\u00eancia ao desgaste e \u00e0 corros\u00e3o para prolongar sua vida \u00fatil.<\/li>\n<li>Opera\u00e7\u00e3o hidr\u00e1ulica eficiente: Ao utilizar a press\u00e3o do \u00f3leo hidr\u00e1ulico, o cilindro da ca\u00e7amba permite a\u00e7\u00f5es de extens\u00e3o e retra\u00e7\u00e3o suaves e responsivas, proporcionando for\u00e7as de empurrar e puxar potentes, adequadas para o manuseio de cargas pesadas e tarefas operacionais complexas.<\/li>\n<li>Diversos tipos: O cilindro da ca\u00e7amba pode ser selecionado como de a\u00e7\u00e3o simples (hidr\u00e1ulica em uma dire\u00e7\u00e3o) ou de a\u00e7\u00e3o dupla (hidr\u00e1ulica em ambas as dire\u00e7\u00f5es), de acordo com as necessidades operacionais. Alguns modelos s\u00e3o telesc\u00f3picos, permitindo maior extens\u00e3o sem aumentar as dimens\u00f5es externas, o que os torna adequados para aplica\u00e7\u00f5es com espa\u00e7o limitado.<\/li>\n<\/ul>\n<p><img decoding=\"async\" src=\"https:\/\/www.hydraulic-cylinders.net\/wp-content\/uploads\/2025\/01\/songte-cylinder-head-with-all-kinds-excavator-models.webp\" alt=\"Imagem de aplica\u00e7\u00e3o do cilindro da ca\u00e7amba\"><\/p>\n<h2>Aplica\u00e7\u00f5es<\/h2>\n<ul>\n<li>Equipamentos de constru\u00e7\u00e3o: Encontrados em escavadeiras, s\u00e3o essenciais para escavar, carregar e movimentar terra ou entulho. Em retroescavadeiras, o cilindro da ca\u00e7amba auxilia tanto na escava\u00e7\u00e3o quanto no levantamento.<\/li>\n<li>M\u00e1quinas agr\u00edcolas: usadas em carregadeiras frontais para recolher, levantar e transportar solo, feno e outros materiais.<\/li>\n<li>Escavadeiras: O cilindro da ca\u00e7amba permite a\u00e7\u00f5es de escava\u00e7\u00e3o permitindo que a ca\u00e7amba penetre no solo.<\/li>\n<li>Carregadeiras de rodas: Nas carregadeiras frontais, elas auxiliam no levantamento e despejo eficiente de mercadorias.<\/li>\n<\/ul>\n<h2>Considera\u00e7\u00f5es de design e crit\u00e9rios de sele\u00e7\u00e3o<\/h2>\n<p>Ao projetar cilindros de ca\u00e7amba, v\u00e1rios fatores precisam ser considerados, incluindo capacidade de carga, veda\u00e7\u00e3o, durabilidade, seguran\u00e7a e facilidade de manuten\u00e7\u00e3o.<\/p>\n<p><img decoding=\"async\" src=\"https:\/\/www.hydraulic-cylinders.net\/wp-content\/uploads\/2025\/01\/songte-oil-pipes-and-spare-parts.webp\" alt=\"Imagem de projeto de cilindro de ca\u00e7amba\"><\/p>\n<h2>Veda\u00e7\u00e3o e Lubrifica\u00e7\u00e3o<\/h2>\n<p>O cilindro da ca\u00e7amba utiliza diversos componentes de veda\u00e7\u00e3o, como veda\u00e7\u00f5es de pist\u00e3o e veda\u00e7\u00f5es de haste, feitos de materiais resistentes ao desgaste, como poliuretano e borracha nitr\u00edlica. O corpo do cilindro e as extremidades roscadas passam por um tratamento fino para aumentar a resist\u00eancia ao desgaste. A lubrifica\u00e7\u00e3o regular com \u00f3leo hidr\u00e1ulico apropriado \u00e9 necess\u00e1ria para garantir o desempenho ideal.<\/p>\n<h2>Inspe\u00e7\u00e3o e Manuten\u00e7\u00e3o Preventiva<\/h2>\n<ul>\n<li>Verifique regularmente o cilindro do balde para detectar quaisquer sinais de vazamento, danos ou desgaste.<\/li>\n<li>Assegure a lubrifica\u00e7\u00e3o adequada do cilindro e substitua as veda\u00e7\u00f5es quando necess\u00e1rio.<\/li>\n<li>Execute verifica\u00e7\u00f5es de calibra\u00e7\u00e3o para manter uma opera\u00e7\u00e3o precisa.<\/li>\n<\/ul>\n<p><img decoding=\"async\" src=\"https:\/\/www.hydraulic-cylinders.net\/wp-content\/uploads\/2025\/01\/songte-chushion-collar.webp\" alt=\"Imagem de manuten\u00e7\u00e3o do cilindro da ca\u00e7amba\"><\/p>\n<h2>Considera\u00e7\u00f5es de seguran\u00e7a e fatores ambientais<\/h2>\n<p>Garantir que as medidas de seguran\u00e7a estejam em vigor ao usar o cilindro com ca\u00e7amba \u00e9 de suma import\u00e2ncia. Fatores ambientais, como condi\u00e7\u00f5es de opera\u00e7\u00e3o e riscos potenciais, devem ser cuidadosamente avaliados e tratados.<\/p>\n<h2>Solu\u00e7\u00e3o de problemas e problemas comuns<\/h2>\n<p>Ao se deparar com problemas no cilindro da ca\u00e7amba, \u00e9 importante diagnosticar o problema com precis\u00e3o. Forne\u00e7a dicas e solu\u00e7\u00f5es para ajudar os leitores a solucionar problemas de forma eficaz. D\u00ea \u00eanfase \u00e0s medidas preventivas para minimizar poss\u00edveis problemas.<\/p>\n<p><img decoding=\"async\" src=\"https:\/\/www.hydraulic-cylinders.net\/wp-content\/uploads\/2025\/01\/songte-bushings-with-all-kinds-of-excavator-models.webp\" alt=\"Imagem de resolu\u00e7\u00e3o de problemas do cilindro da ca\u00e7amba\"><\/p>\n<h2>Sobre nossa empresa<\/h2>\n<p>Somos fabricantes de cilindros hidr\u00e1ulicos de reposi\u00e7\u00e3o, oferecendo uma ampla gama de produtos. Tornamo-nos um dos principais fabricantes e distribuidores atacadistas de cilindros hidr\u00e1ulicos nos mercados nacional e internacional. Com foco na excel\u00eancia em qualidade, utilizamos estrat\u00e9gias de gest\u00e3o de produ\u00e7\u00e3o industrializada em nossa oficina de fabrica\u00e7\u00e3o de precis\u00e3o. Aprimoramos continuamente nossa plataforma de produ\u00e7\u00e3o com a utiliza\u00e7\u00e3o de talentos tecnol\u00f3gicos, equipamentos de fabrica\u00e7\u00e3o digital avan\u00e7ados e sistemas de teste profissionais. Nossa forte capacidade criativa nos permite atender \u00e0s diversas necessidades dos clientes com alta efici\u00eancia, precis\u00e3o e qualidade.<\/p>\n<p><img decoding=\"async\" src=\"https:\/\/www.hydraulic-cylinders.net\/wp-content\/uploads\/2025\/01\/songte-company-3.webp\" alt=\"Imagem da empresa\"><\/p>\n<p>Al\u00e9m disso, nos orgulhamos do nosso profissionalismo, certifica\u00e7\u00f5es internacionais, servi\u00e7os personalizados, equipamentos de produ\u00e7\u00e3o e servi\u00e7o p\u00f3s-venda.<\/p>\n<h4>Autor: lyl<\/h4>\n<p><\/body><br \/>\n<\/html><\/p>","protected":false},"excerpt":{"rendered":"<p>Bucket Cylinder For Volwa Wheel Excavator DLS865-9A Bucket Cylinder For Volwa Wheel Excavator DLS865-9A Introduction The bucket cylinder is a specially designed hydraulic cylinder used to control the movement of the bucket in heavy machinery such as excavators, backhoe loaders, and wheel loaders. Its main function is to enable the lifting, lowering, and tilting of [&hellip;]<\/p>","protected":false},"featured_media":14762,"comment_status":"open","ping_status":"closed","template":"","meta":{"_et_pb_use_builder":"","_et_pb_old_content":"","_et_gb_content_width":""},"product_brand":[],"product_cat":[1494],"product_tag":[1495,1496],"class_list":{"0":"post-15895","1":"product","2":"type-product","3":"status-publish","4":"has-post-thumbnail","6":"product_cat-bucket-cylinders","7":"product_tag-bucket-cylinders","8":"product_tag-hydraulic-cylinders","10":"first","11":"instock","12":"shipping-taxable","13":"product-type-simple"},"amp_enabled":true,"_links":{"self":[{"href":"https:\/\/www.hydraulic-cylinders.net\/pt\/wp-json\/wp\/v2\/product\/15895","targetHints":{"allow":["GET"]}}],"collection":[{"href":"https:\/\/www.hydraulic-cylinders.net\/pt\/wp-json\/wp\/v2\/product"}],"about":[{"href":"https:\/\/www.hydraulic-cylinders.net\/pt\/wp-json\/wp\/v2\/types\/product"}],"replies":[{"embeddable":true,"href":"https:\/\/www.hydraulic-cylinders.net\/pt\/wp-json\/wp\/v2\/comments?post=15895"}],"wp:featuredmedia":[{"embeddable":true,"href":"https:\/\/www.hydraulic-cylinders.net\/pt\/wp-json\/wp\/v2\/media\/14762"}],"wp:attachment":[{"href":"https:\/\/www.hydraulic-cylinders.net\/pt\/wp-json\/wp\/v2\/media?parent=15895"}],"wp:term":[{"taxonomy":"product_brand","embeddable":true,"href":"https:\/\/www.hydraulic-cylinders.net\/pt\/wp-json\/wp\/v2\/product_brand?post=15895"},{"taxonomy":"product_cat","embeddable":true,"href":"https:\/\/www.hydraulic-cylinders.net\/pt\/wp-json\/wp\/v2\/product_cat?post=15895"},{"taxonomy":"product_tag","embeddable":true,"href":"https:\/\/www.hydraulic-cylinders.net\/pt\/wp-json\/wp\/v2\/product_tag?post=15895"}],"curies":[{"name":"wp","href":"https:\/\/api.w.org\/{rel}","templated":true}]}}