{"id":15902,"date":"2025-01-19T15:08:32","date_gmt":"2025-01-19T15:08:32","guid":{"rendered":"https:\/\/www.hydraulic-cylinders.net\/product\/bucket-cylinder-for-volwa-cane-unloader-dls880-9ag\/"},"modified":"2025-01-19T15:08:34","modified_gmt":"2025-01-19T15:08:34","slug":"bucket-cylinder-for-volwa-cane-unloader-dls880-9ag","status":"publish","type":"product","link":"https:\/\/www.hydraulic-cylinders.net\/pt\/produto\/bucket-cylinder-for-volwa-cane-unloader-dls880-9ag\/","title":{"rendered":"Cilindro da ca\u00e7amba para descarregador de cana Volwa DLS880-9AG"},"content":{"rendered":"<p><!DOCTYPE html><br \/>\n<html><br \/>\n<head><br \/>\n<title>Cilindro da ca\u00e7amba para descarregador de cana Volwa DLS880-9AG<\/title><br \/>\n<\/head><br \/>\n<body><\/p>\n<h1>Cilindro da ca\u00e7amba para descarregador de cana Volwa DLS880-9AG<\/h1>\n<h2>Introdu\u00e7\u00e3o<\/h2>\n<p>O cilindro da ca\u00e7amba \u00e9 um cilindro hidr\u00e1ulico especializado, projetado para controlar o movimento das ca\u00e7ambas em m\u00e1quinas pesadas, como escavadeiras, retroescavadeiras e p\u00e1s carregadeiras. Sua principal fun\u00e7\u00e3o \u00e9 permitir o levantamento, abaixamento e inclina\u00e7\u00e3o da ca\u00e7amba, facilitando diversas tarefas de movimenta\u00e7\u00e3o de materiais. Em um sistema hidr\u00e1ulico, o cilindro da ca\u00e7amba proporciona um controle preciso da ca\u00e7amba por meio das varia\u00e7\u00f5es na press\u00e3o do \u00f3leo hidr\u00e1ulico, permitindo que os operadores manuseiem cargas pesadas com efici\u00eancia e se adaptem a diversos ambientes e requisitos de trabalho.<\/p>\n<p><img decoding=\"async\" src=\"https:\/\/www.hydraulic-cylinders.net\/wp-content\/uploads\/2025\/01\/songte-company-2.webp\" alt=\"Imagem do cilindro da ca\u00e7amba\"><\/p>\n<h2>Caracter\u00edsticas<\/h2>\n<ul>\n<li>Alta resist\u00eancia e durabilidade: Normalmente fabricado em a\u00e7o ou alum\u00ednio de alta resist\u00eancia, capaz de suportar alta press\u00e3o e cargas pesadas, adapt\u00e1vel a ambientes de trabalho severos, projetado com considera\u00e7\u00f5es de resist\u00eancia ao desgaste e \u00e0 corros\u00e3o, prolongando assim a vida \u00fatil.<\/li>\n<li>Opera\u00e7\u00e3o hidr\u00e1ulica eficiente: Utiliza a press\u00e3o do \u00f3leo hidr\u00e1ulico para obter a\u00e7\u00f5es suaves de extens\u00e3o e retra\u00e7\u00e3o, com resposta r\u00e1pida aos comandos de controle, proporcionando for\u00e7as de empurrar e puxar potentes, adequadas para o manuseio de cargas pesadas e tarefas operacionais complexas.<\/li>\n<li>Diversos tipos: Escolha entre cilindros de a\u00e7\u00e3o simples (press\u00e3o hidr\u00e1ulica aplicada em apenas uma dire\u00e7\u00e3o) ou de a\u00e7\u00e3o dupla (press\u00e3o hidr\u00e1ulica aplicada em ambas as dire\u00e7\u00f5es) de acordo com as necessidades operacionais espec\u00edficas. Alguns modelos s\u00e3o telesc\u00f3picos, permitindo maior extens\u00e3o sem aumentar as dimens\u00f5es externas, sendo ideais para aplica\u00e7\u00f5es com espa\u00e7o limitado.<\/li>\n<li>Substitui\u00e7\u00e3o perfeita: Nossos produtos podem substituir perfeitamente esses cilindros hidr\u00e1ulicos.<\/li>\n<\/ul>\n<p><img decoding=\"async\" src=\"https:\/\/www.hydraulic-cylinders.net\/wp-content\/uploads\/2025\/01\/songte-cylinder-head-with-all-kinds-excavator-models.webp\" alt=\"Imagem de substitui\u00e7\u00e3o do produto\"><\/p>\n<h2>Aplica\u00e7\u00f5es<\/h2>\n<p>Cilindros de ca\u00e7amba encontram aplica\u00e7\u00e3o em diversos equipamentos, tais como:<\/p>\n<ul>\n<li>M\u00e1quinas de constru\u00e7\u00e3o: Encontradas em escavadeiras, s\u00e3o cruciais para escavar, carregar e movimentar terra ou entulho. Em retroescavadeiras, os cilindros da ca\u00e7amba auxiliam tanto na escava\u00e7\u00e3o quanto no levantamento.<\/li>\n<li>M\u00e1quinas agr\u00edcolas: Utilizadas em p\u00e1s carregadeiras frontais, auxiliam na escava\u00e7\u00e3o, levantamento e transporte de solo, feno e outros materiais.<\/li>\n<li>Escavadeiras: Os cilindros da ca\u00e7amba possibilitam as a\u00e7\u00f5es de escava\u00e7\u00e3o, permitindo que a ca\u00e7amba penetre no solo.<\/li>\n<li>Carregadeiras: Nas carregadeiras frontais, elas auxiliam no levantamento e despejo de cargas de forma eficiente.<\/li>\n<\/ul>\n<h2>Considera\u00e7\u00f5es de design e crit\u00e9rios de sele\u00e7\u00e3o<\/h2>\n<ul>\n<li>Capacidade de carga: Discuta a capacidade da palavra-chave de suportar cargas pesadas.<\/li>\n<li>Veda\u00e7\u00e3o: Discuta a import\u00e2ncia de uma veda\u00e7\u00e3o adequada para evitar vazamentos e garantir o desempenho ideal.<\/li>\n<li>Durabilidade: Enfatize a necessidade de um design dur\u00e1vel para suportar condi\u00e7\u00f5es de trabalho severas.<\/li>\n<li>Seguran\u00e7a: Discuta as considera\u00e7\u00f5es de seguran\u00e7a no projeto, como mecanismos de al\u00edvio de press\u00e3o e recursos de prote\u00e7\u00e3o.<\/li>\n<li>Facilidade de manuten\u00e7\u00e3o: Destaque a import\u00e2ncia da facilidade de manuten\u00e7\u00e3o, incluindo o acesso para reparos e substitui\u00e7\u00e3o de componentes.<\/li>\n<\/ul>\n<p><img decoding=\"async\" src=\"https:\/\/www.hydraulic-cylinders.net\/wp-content\/uploads\/2025\/01\/songte-oil-pipes-and-spare-parts.webp\" alt=\"Imagem de Veda\u00e7\u00e3o e Lubrifica\u00e7\u00e3o\"><\/p>\n<h2>Veda\u00e7\u00e3o e Lubrifica\u00e7\u00e3o<\/h2>\n<p>O cilindro da ca\u00e7amba utiliza diversos elementos de veda\u00e7\u00e3o, como veda\u00e7\u00f5es de pist\u00e3o e veda\u00e7\u00f5es de haste, feitos de materiais resistentes ao desgaste, como poliuretano e borracha nitr\u00edlica. O corpo do cilindro e as extremidades roscadas recebem um tratamento de precis\u00e3o para aumentar a resist\u00eancia ao desgaste. A lubrifica\u00e7\u00e3o regular com \u00f3leo hidr\u00e1ulico adequado \u00e9 necess\u00e1ria para garantir o funcionamento suave e prolongar a vida \u00fatil do cilindro.<\/p>\n<h2>Inspe\u00e7\u00e3o regular e manuten\u00e7\u00e3o preventiva<\/h2>\n<ul>\n<li>Inspecione regularmente o cilindro para verificar se h\u00e1 sinais de desgaste, danos ou vazamentos.<\/li>\n<li>Garanta a lubrifica\u00e7\u00e3o adequada de todas as pe\u00e7as m\u00f3veis.<\/li>\n<li>Substitua as veda\u00e7\u00f5es desgastadas ou danificadas conforme necess\u00e1rio.<\/li>\n<li>Realize verifica\u00e7\u00f5es de calibra\u00e7\u00e3o para manter o desempenho ideal.<\/li>\n<\/ul>\n<h2>Diretrizes de instala\u00e7\u00e3o corretas<\/h2>\n<p>A instala\u00e7\u00e3o correta \u00e9 crucial para o funcionamento ideal do cilindro da ca\u00e7amba. Siga estas orienta\u00e7\u00f5es:<\/p>\n<ul>\n<li>Assegure o alinhamento correto do cilindro.<\/li>\n<li>Utilize suportes de instala\u00e7\u00e3o adequados para fixar o cilindro.<\/li>\n<\/ul>\n<p><img decoding=\"async\" src=\"https:\/\/www.hydraulic-cylinders.net\/wp-content\/uploads\/2025\/01\/songte-chushion-collar.webp\" alt=\"Imagem de Instala\u00e7\u00e3o Correta\"><\/p>\n<h2>Tarefas de manuten\u00e7\u00e3o<\/h2>\n<p>As tarefas comuns de manuten\u00e7\u00e3o do cilindro da ca\u00e7amba incluem:<\/p>\n<ul>\n<li>Inspe\u00e7\u00f5es regulares<\/li>\n<li>Lubrifica\u00e7\u00e3o adequada<\/li>\n<li>Substitui\u00e7\u00e3o do selo<\/li>\n<li>Verifica\u00e7\u00f5es de calibra\u00e7\u00e3o<\/li>\n<\/ul>\n<p>Destaque a import\u00e2ncia da instala\u00e7\u00e3o, lubrifica\u00e7\u00e3o e ajuste corretos. Forne\u00e7a orienta\u00e7\u00f5es sobre o alinhamento correto do cilindro durante a instala\u00e7\u00e3o e recomende o uso de suportes de instala\u00e7\u00e3o adequados para fix\u00e1-lo. Sugira procedimentos de inspe\u00e7\u00e3o, reparo e substitui\u00e7\u00e3o, bem como dicas para prolongar a vida \u00fatil da chave de fenda.<\/p>\n<p><img decoding=\"async\" src=\"https:\/\/www.hydraulic-cylinders.net\/wp-content\/uploads\/2025\/01\/songte-bushings-with-all-kinds-of-excavator-models.webp\" alt=\"Solu\u00e7\u00e3o de problemas de imagem\"><\/p>\n<h2>Considera\u00e7\u00f5es de seguran\u00e7a e fatores ambientais<\/h2>\n<p>Discuta a import\u00e2ncia das medidas de seguran\u00e7a ao usar a palavra-chave e quaisquer considera\u00e7\u00f5es ambientais associadas \u00e0 sua opera\u00e7\u00e3o.<\/p>\n<h2>Solu\u00e7\u00e3o de problemas e problemas comuns<\/h2>\n<p>Forne\u00e7a dicas e solu\u00e7\u00f5es para a resolu\u00e7\u00e3o de problemas comuns que podem surgir ao usar o cilindro da ca\u00e7amba. Ofere\u00e7a medidas preventivas para minimizar poss\u00edveis problemas.<\/p>\n<p><img decoding=\"async\" src=\"https:\/\/www.hydraulic-cylinders.net\/wp-content\/uploads\/2025\/01\/songte-company-3.webp\" alt=\"Imagem da empresa\"><\/p>\n<h2>Sobre nossa empresa<\/h2>\n<p>Somos um dos principais fabricantes e distribuidores atacadistas de cilindros hidr\u00e1ulicos nos mercados nacional e internacional. Nossa linha de produtos \u00e9 abrangente e priorizamos a excel\u00eancia em qualidade. Com nossas modernas instala\u00e7\u00f5es de produ\u00e7\u00e3o, equipamentos de ponta e sistemas de teste profissionais, aprimoramos continuamente nossa plataforma de fabrica\u00e7\u00e3o, aperfei\u00e7oamos nossos processos produtivos e possu\u00edmos forte capacidade de inova\u00e7\u00e3o. Nosso compromisso \u00e9 atender \u00e0s diversas necessidades dos clientes com alta efici\u00eancia, precis\u00e3o e qualidade.<\/p>\n<p>Ampliar o profissionalismo da nossa empresa, as certifica\u00e7\u00f5es internacionais, os servi\u00e7os personalizados, os equipamentos de produ\u00e7\u00e3o e os servi\u00e7os p\u00f3s-venda.<\/p>\n<footer>Autor: lyl<\/footer>\n<p><\/body><br \/>\n<\/html><\/p>","protected":false},"excerpt":{"rendered":"<p>Bucket Cylinder For Volwa Cane Unloader DLS880-9AG Bucket Cylinder For Volwa Cane Unloader DLS880-9AG Introduction The bucket cylinder is a specialized hydraulic cylinder designed for controlling the movement of buckets in heavy machinery such as excavators, backhoe loaders, and front-end loaders. Its main function is to enable the lifting, lowering, and tilting of the bucket, [&hellip;]<\/p>","protected":false},"featured_media":14782,"comment_status":"open","ping_status":"closed","template":"","meta":{"_et_pb_use_builder":"","_et_pb_old_content":"","_et_gb_content_width":""},"product_brand":[],"product_cat":[1494],"product_tag":[1495,1496],"class_list":{"0":"post-15902","1":"product","2":"type-product","3":"status-publish","4":"has-post-thumbnail","6":"product_cat-bucket-cylinders","7":"product_tag-bucket-cylinders","8":"product_tag-hydraulic-cylinders","10":"first","11":"instock","12":"shipping-taxable","13":"product-type-simple"},"amp_enabled":true,"_links":{"self":[{"href":"https:\/\/www.hydraulic-cylinders.net\/pt\/wp-json\/wp\/v2\/product\/15902","targetHints":{"allow":["GET"]}}],"collection":[{"href":"https:\/\/www.hydraulic-cylinders.net\/pt\/wp-json\/wp\/v2\/product"}],"about":[{"href":"https:\/\/www.hydraulic-cylinders.net\/pt\/wp-json\/wp\/v2\/types\/product"}],"replies":[{"embeddable":true,"href":"https:\/\/www.hydraulic-cylinders.net\/pt\/wp-json\/wp\/v2\/comments?post=15902"}],"wp:featuredmedia":[{"embeddable":true,"href":"https:\/\/www.hydraulic-cylinders.net\/pt\/wp-json\/wp\/v2\/media\/14782"}],"wp:attachment":[{"href":"https:\/\/www.hydraulic-cylinders.net\/pt\/wp-json\/wp\/v2\/media?parent=15902"}],"wp:term":[{"taxonomy":"product_brand","embeddable":true,"href":"https:\/\/www.hydraulic-cylinders.net\/pt\/wp-json\/wp\/v2\/product_brand?post=15902"},{"taxonomy":"product_cat","embeddable":true,"href":"https:\/\/www.hydraulic-cylinders.net\/pt\/wp-json\/wp\/v2\/product_cat?post=15902"},{"taxonomy":"product_tag","embeddable":true,"href":"https:\/\/www.hydraulic-cylinders.net\/pt\/wp-json\/wp\/v2\/product_tag?post=15902"}],"curies":[{"name":"wp","href":"https:\/\/api.w.org\/{rel}","templated":true}]}}