{"id":15911,"date":"2025-01-19T15:09:18","date_gmt":"2025-01-19T15:09:18","guid":{"rendered":"https:\/\/www.hydraulic-cylinders.net\/product\/bucket-cylinder-for-aotai-at80e-9\/"},"modified":"2025-01-19T15:09:20","modified_gmt":"2025-01-19T15:09:20","slug":"bucket-cylinder-for-aotai-at80e-9","status":"publish","type":"product","link":"https:\/\/www.hydraulic-cylinders.net\/pt\/produto\/bucket-cylinder-for-aotai-at80e-9\/","title":{"rendered":"Cilindro da ca\u00e7amba para Aotai AT80E-9"},"content":{"rendered":"<h1>Cilindro da ca\u00e7amba para Aotai AT80E-9<\/h1>\n<h2>Introdu\u00e7\u00e3o<\/h2>\n<p>O cilindro da ca\u00e7amba \u00e9 um cilindro hidr\u00e1ulico especialmente projetado para controlar o movimento da ca\u00e7amba em m\u00e1quinas pesadas, como escavadeiras, retroescavadeiras e p\u00e1s carregadeiras. Sua principal fun\u00e7\u00e3o \u00e9 elevar, abaixar e inclinar a ca\u00e7amba para facilitar o manuseio de materiais. No sistema hidr\u00e1ulico, o cilindro da ca\u00e7amba controla o movimento preciso da ca\u00e7amba por meio de altera\u00e7\u00f5es na press\u00e3o do \u00f3leo hidr\u00e1ulico, permitindo que os operadores manuseiem cargas pesadas com efici\u00eancia e se adaptem a ambientes de trabalho complexos e diversas exig\u00eancias da tarefa.<\/p>\n<p><img decoding=\"async\" src=\"https:\/\/www.hydraulic-cylinders.net\/wp-content\/uploads\/2025\/01\/songte-company-2.webp\"><\/p>\n<h2>Caracter\u00edsticas<\/h2>\n<ul>\n<li>\n<h3>Alta resist\u00eancia e durabilidade<\/h3>\n<p>Os cilindros de ca\u00e7amba s\u00e3o normalmente feitos de a\u00e7o ou alum\u00ednio de alta resist\u00eancia, capazes de suportar alta press\u00e3o e cargas pesadas, e projetados levando em considera\u00e7\u00e3o a resist\u00eancia ao desgaste e \u00e0 corros\u00e3o, prolongando sua vida \u00fatil.<\/p>\n<\/li>\n<li>\n<h3>Opera\u00e7\u00e3o Hidr\u00e1ulica Eficiente<\/h3>\n<p>Os cilindros de ca\u00e7amba utilizam a press\u00e3o do \u00f3leo hidr\u00e1ulico para realizar movimentos suaves de expans\u00e3o e contra\u00e7\u00e3o, respondem rapidamente aos comandos de controle, fornecem for\u00e7a de empurrar e puxar potente e s\u00e3o adequados para lidar com cargas pesadas e tarefas complexas.<\/p>\n<\/li>\n<li>\n<h3>V\u00e1rios tipos<\/h3>\n<p>Os cilindros de ca\u00e7amba podem ser selecionados como de a\u00e7\u00e3o simples (fluido hidr\u00e1ulico em uma dire\u00e7\u00e3o) ou de a\u00e7\u00e3o dupla (fluido hidr\u00e1ulico em ambas as dire\u00e7\u00f5es), de acordo com os requisitos da opera\u00e7\u00e3o. Alguns modelos s\u00e3o telesc\u00f3picos, permitindo maior extens\u00e3o sem aumentar as dimens\u00f5es externas, sendo adequados para aplica\u00e7\u00f5es com espa\u00e7o limitado.<\/p>\n<\/li>\n<li>\n<h3>Substitui\u00e7\u00e3o perfeita para cilindros hidr\u00e1ulicos<\/h3>\n<p>Nossos produtos podem substituir perfeitamente esses cilindros hidr\u00e1ulicos.<\/p>\n<p>  <img decoding=\"async\" src=\"https:\/\/www.hydraulic-cylinders.net\/wp-content\/uploads\/2025\/01\/songte-cylinder-head-with-all-kinds-excavator-models.webp\"><\/li>\n<\/ul>\n<h2>Aplica\u00e7\u00f5es<\/h2>\n<p>Os cilindros de ca\u00e7amba s\u00e3o essenciais para diversos tipos de m\u00e1quinas pesadas, incluindo:<\/p>\n<ul>\n<li>\n<h3>Equipamentos de constru\u00e7\u00e3o<\/h3>\n<p>Em escavadeiras, os cilindros da ca\u00e7amba s\u00e3o cruciais para escavar, carregar e movimentar solo ou entulho. Em retroescavadeiras, os cilindros da ca\u00e7amba auxiliam tanto na escava\u00e7\u00e3o quanto no levantamento de materiais. <\/p>\n<\/li>\n<li>\n<h3>Maquinaria agr\u00edcola<\/h3>\n<p>Utilizados em p\u00e1s carregadeiras para escavar, levantar e transportar terra, feno e outros materiais. Em escavadeiras, os cilindros da ca\u00e7amba realizam a escava\u00e7\u00e3o permitindo que a ca\u00e7amba penetre no solo. Em p\u00e1s carregadeiras, eles auxiliam no levantamento e despejo eficiente de mercadorias.<\/p>\n<\/li>\n<\/ul>\n<h2>Considera\u00e7\u00f5es de design<\/h2>\n<p>Os cilindros de ca\u00e7amba s\u00e3o projetados levando-se em considera\u00e7\u00e3o diversos fatores para garantir seu desempenho ideal:<\/p>\n<ul>\n<li>\n<h3>Capacidade de suporte<\/h3>\n<p>Os cilindros da ca\u00e7amba s\u00e3o projetados para suportar altas cargas e press\u00f5es, garantindo sua capacidade de carga.<\/p>\n<\/li>\n<li>\n<h3>Selagem<\/h3>\n<p>Em cilindros de ca\u00e7amba, s\u00e3o utilizados diversos tipos de veda\u00e7\u00f5es, como veda\u00e7\u00f5es de pist\u00e3o e veda\u00e7\u00f5es de haste, feitas de materiais resistentes ao desgaste, como poliuretano e borracha nitr\u00edlica, garantindo sua durabilidade e desempenho de veda\u00e7\u00e3o.<\/p>\n<\/li>\n<li>\n<h3>Seguran\u00e7a<\/h3>\n<p>Os cilindros de ca\u00e7amba s\u00e3o projetados com foco na seguran\u00e7a, garantindo a prote\u00e7\u00e3o dos operadores e do meio ambiente. A instala\u00e7\u00e3o e a manuten\u00e7\u00e3o adequadas s\u00e3o cruciais para assegurar sua opera\u00e7\u00e3o segura.<\/p>\n<\/li>\n<li>\n<h3>Manuten\u00e7\u00e3o<\/h3>\n<p>Os cilindros de ca\u00e7amba requerem manuten\u00e7\u00e3o regular para garantir seu desempenho ideal, incluindo lubrifica\u00e7\u00e3o, substitui\u00e7\u00e3o de veda\u00e7\u00f5es e verifica\u00e7\u00f5es de calibra\u00e7\u00e3o.<\/p>\n<\/li>\n<\/ul>\n<p><img decoding=\"async\" src=\"https:\/\/www.hydraulic-cylinders.net\/wp-content\/uploads\/2025\/01\/songte-oil-pipes-and-spare-parts.webp\"><\/p>\n<h2>Instala\u00e7\u00e3o e manuten\u00e7\u00e3o<\/h2>\n<p>Para garantir o desempenho ideal e a longa vida \u00fatil do cilindro da ca\u00e7amba, \u00e9 importante seguir os procedimentos corretos de instala\u00e7\u00e3o e manuten\u00e7\u00e3o. As tarefas comuns de manuten\u00e7\u00e3o incluem:<\/p>\n<ul>\n<li>\n<h3>Inspe\u00e7\u00e3o regular<\/h3>\n<p>A inspe\u00e7\u00e3o para detec\u00e7\u00e3o de vazamentos, arranh\u00f5es ou outros sinais de danos deve ser feita regularmente para garantir que o cilindro esteja em boas condi\u00e7\u00f5es.<\/p>\n<\/li>\n<li>\n<h3>Lubrifica\u00e7\u00e3o<\/h3>\n<p>A lubrifica\u00e7\u00e3o adequada permite que o cilindro da ca\u00e7amba se mova suavemente e ajuda a evitar danos causados \u200b\u200bpelo atrito.<\/p>\n<\/li>\n<li>\n<h3>Substitui\u00e7\u00e3o da veda\u00e7\u00e3o<\/h3>\n<p>A substitui\u00e7\u00e3o de veda\u00e7\u00f5es desgastadas \u00e9 crucial para evitar vazamentos e garantir o desempenho ideal do cilindro.<\/p>\n<\/li>\n<li>\n<h3>Verifica\u00e7\u00e3o de alinhamento<\/h3>\n<p>Verificar o alinhamento do cilindro da ca\u00e7amba \u00e9 importante para garantir seu funcionamento correto.<\/p>\n<\/li>\n<\/ul>\n<p><img decoding=\"async\" src=\"https:\/\/www.hydraulic-cylinders.net\/wp-content\/uploads\/2025\/01\/songte-chushion-collar.webp\"><\/p>\n<h2>Considera\u00e7\u00f5es sobre seguran\u00e7a e meio ambiente<\/h2>\n<p>Ao utilizar um cilindro de ca\u00e7amba, a seguran\u00e7a \u00e9 de extrema import\u00e2ncia. Devem ser seguidas as pr\u00e1ticas adequadas de instala\u00e7\u00e3o, manuten\u00e7\u00e3o e opera\u00e7\u00e3o para garantir a seguran\u00e7a dos operadores e do meio ambiente.<\/p>\n<p><img decoding=\"async\" src=\"https:\/\/hzpt.com\/wp-content\/uploads\/2024\/11\/songte-company-1.webp\"><\/p>\n<h2>Sobre n\u00f3s<\/h2>\n<p>Nossa empresa \u00e9 fabricante de cilindros hidr\u00e1ulicos de reposi\u00e7\u00e3o, com uma linha completa de produtos. Tornamo-nos um dos principais fabricantes e distribuidores atacadistas de cilindros hidr\u00e1ulicos nos mercados nacional e internacional. Nossa f\u00e1brica adota uma estrat\u00e9gia de gest\u00e3o de produ\u00e7\u00e3o industrial baseada em excelente qualidade, profissionais qualificados, equipamentos de fabrica\u00e7\u00e3o digital de ponta e sistemas de teste profissionais. Continuamos a aprimorar a plataforma de produ\u00e7\u00e3o, melhorando a qualidade da linha de produ\u00e7\u00e3o e possuindo forte capacidade criativa, sempre pautados pelos princ\u00edpios de alta efici\u00eancia, alta precis\u00e3o e alta qualidade para atender \u00e0s diversas necessidades dos clientes.<\/p>\n<p>Os principais diferenciais da nossa empresa incluem:<\/p>\n<ul>\n<li>\n<h3>Profissionalismo<\/h3>\n<p>Nossa equipe \u00e9 composta por profissionais altamente treinados e experientes na \u00e1rea de cilindros hidr\u00e1ulicos, garantindo que nossos produtos atendam aos mais altos padr\u00f5es.<\/p>\n<\/li>\n<li>\n<h3>Certifica\u00e7\u00f5es Internacionais<\/h3>\n<p>Nossos produtos passaram por diversas certifica\u00e7\u00f5es internacionais para garantir sua qualidade e seguran\u00e7a.<\/p>\n<\/li>\n<li>\n<h3>Servi\u00e7os de Personaliza\u00e7\u00e3o<\/h3>\n<p>Oferecemos servi\u00e7os personalizados para atender \u00e0s necessidades e exig\u00eancias espec\u00edficas de cada cliente.<\/p>\n<\/li>\n<li>\n<h3>Equipamentos de produ\u00e7\u00e3o<\/h3>\n<p>Nossa empresa utiliza equipamentos de produ\u00e7\u00e3o de alta tecnologia e avan\u00e7ados para garantir a qualidade de nossos produtos.<\/p>\n<\/li>\n<li>\n<h3>Servi\u00e7o p\u00f3s-venda<\/h3>\n<p>Oferecemos um excelente servi\u00e7o e suporte p\u00f3s-venda para garantir que nossos clientes estejam satisfeitos com suas compras.<\/p>\n<\/li>\n<\/ul>\n<p><img decoding=\"async\" src=\"https:\/\/www.hydraulic-cylinders.net\/wp-content\/uploads\/2025\/01\/songte-company-3.webp\"><\/p>\n<p>Autor: lyl<\/p>","protected":false},"excerpt":{"rendered":"<p>Bucket Cylinder For Aotai AT80E-9 Introduction A bucket cylinder is a specially designed hydraulic cylinder used to control the movement of the bucket in heavy machinery such as excavators, backhoe loaders, and front loaders. Its main function is to raise, lower, and tilt the bucket for efficient material handling tasks. In the hydraulic system, the [&hellip;]<\/p>","protected":false},"featured_media":14761,"comment_status":"open","ping_status":"closed","template":"","meta":{"_et_pb_use_builder":"","_et_pb_old_content":"","_et_gb_content_width":""},"product_brand":[],"product_cat":[1494],"product_tag":[1495,1496],"class_list":{"0":"post-15911","1":"product","2":"type-product","3":"status-publish","4":"has-post-thumbnail","6":"product_cat-bucket-cylinders","7":"product_tag-bucket-cylinders","8":"product_tag-hydraulic-cylinders","10":"first","11":"instock","12":"shipping-taxable","13":"product-type-simple"},"amp_enabled":true,"_links":{"self":[{"href":"https:\/\/www.hydraulic-cylinders.net\/pt\/wp-json\/wp\/v2\/product\/15911","targetHints":{"allow":["GET"]}}],"collection":[{"href":"https:\/\/www.hydraulic-cylinders.net\/pt\/wp-json\/wp\/v2\/product"}],"about":[{"href":"https:\/\/www.hydraulic-cylinders.net\/pt\/wp-json\/wp\/v2\/types\/product"}],"replies":[{"embeddable":true,"href":"https:\/\/www.hydraulic-cylinders.net\/pt\/wp-json\/wp\/v2\/comments?post=15911"}],"wp:featuredmedia":[{"embeddable":true,"href":"https:\/\/www.hydraulic-cylinders.net\/pt\/wp-json\/wp\/v2\/media\/14761"}],"wp:attachment":[{"href":"https:\/\/www.hydraulic-cylinders.net\/pt\/wp-json\/wp\/v2\/media?parent=15911"}],"wp:term":[{"taxonomy":"product_brand","embeddable":true,"href":"https:\/\/www.hydraulic-cylinders.net\/pt\/wp-json\/wp\/v2\/product_brand?post=15911"},{"taxonomy":"product_cat","embeddable":true,"href":"https:\/\/www.hydraulic-cylinders.net\/pt\/wp-json\/wp\/v2\/product_cat?post=15911"},{"taxonomy":"product_tag","embeddable":true,"href":"https:\/\/www.hydraulic-cylinders.net\/pt\/wp-json\/wp\/v2\/product_tag?post=15911"}],"curies":[{"name":"wp","href":"https:\/\/api.w.org\/{rel}","templated":true}]}}