{"id":15913,"date":"2025-01-19T15:09:26","date_gmt":"2025-01-19T15:09:26","guid":{"rendered":"https:\/\/www.hydraulic-cylinders.net\/product\/bucket-cylinder-for-aotai-at150e-9\/"},"modified":"2025-01-19T15:09:29","modified_gmt":"2025-01-19T15:09:29","slug":"bucket-cylinder-for-aotai-at150e-9","status":"publish","type":"product","link":"https:\/\/www.hydraulic-cylinders.net\/pt\/produto\/bucket-cylinder-for-aotai-at150e-9\/","title":{"rendered":"Cilindro da ca\u00e7amba para Aotai AT150E-9"},"content":{"rendered":"<h1>Cilindro da ca\u00e7amba para Aotai AT150E-9<\/h1>\n<h2>Introdu\u00e7\u00e3o<\/h2>\n<p>O cilindro da ca\u00e7amba para a Aotai AT150E-9 \u00e9 um cilindro hidr\u00e1ulico projetado especificamente para controlar o movimento da ca\u00e7amba em m\u00e1quinas pesadas, como escavadeiras, retroescavadeiras e p\u00e1s carregadeiras. Sua principal fun\u00e7\u00e3o \u00e9 permitir que a ca\u00e7amba levante, abaixe e incline, facilitando a execu\u00e7\u00e3o de diversas tarefas de movimenta\u00e7\u00e3o de materiais. No sistema hidr\u00e1ulico, o cilindro da ca\u00e7amba controla os movimentos da ca\u00e7amba com precis\u00e3o, utilizando as varia\u00e7\u00f5es de press\u00e3o no \u00f3leo hidr\u00e1ulico, permitindo que os operadores manuseiem objetos pesados \u200b\u200bcom efici\u00eancia, se adaptem a ambientes de trabalho complexos e a demandas variadas de tarefas.<\/p>\n<p><img decoding=\"async\" src=\"https:\/\/www.hydraulic-cylinders.net\/wp-content\/uploads\/2025\/01\/songte-company-2.webp\" alt=\"Cilindro da ca\u00e7amba para Aotai AT150E-9\" \/><\/p>\n<h2>Caracter\u00edsticas<\/h2>\n<ul>\n<li>\n<h3>Alta resist\u00eancia e durabilidade<\/h3>\n<p>O cilindro \u00e9 normalmente feito de a\u00e7o ou alum\u00ednio de alta resist\u00eancia, capaz de suportar alta press\u00e3o e cargas pesadas, e \u00e9 projetado com foco na resist\u00eancia ao desgaste e \u00e0 corros\u00e3o para prolongar sua vida \u00fatil.<\/p>\n<\/li>\n<li>\n<h3>Opera\u00e7\u00e3o Hidr\u00e1ulica Eficiente<\/h3>\n<p>O cilindro da ca\u00e7amba utiliza press\u00e3o de \u00f3leo hidr\u00e1ulico para realizar movimentos suaves de extens\u00e3o e contra\u00e7\u00e3o, responde rapidamente aos comandos de controle, fornece for\u00e7as de empurrar e puxar potentes e \u00e9 adequado para manusear objetos pesados \u200b\u200be realizar tarefas complexas.<\/p>\n<\/li>\n<li>\n<h3>V\u00e1rios tipos<\/h3>\n<p>O cilindro est\u00e1 dispon\u00edvel nos tipos de a\u00e7\u00e3o simples (acionamento hidr\u00e1ulico em apenas uma dire\u00e7\u00e3o) ou de a\u00e7\u00e3o dupla (acionamento hidr\u00e1ulico em ambas as dire\u00e7\u00f5es) para atender a diferentes necessidades operacionais. Alguns modelos s\u00e3o telesc\u00f3picos, permitindo maior extens\u00e3o sem aumentar as dimens\u00f5es externas, sendo adequados para aplica\u00e7\u00f5es com espa\u00e7o limitado.<\/p>\n<\/li>\n<li>\n<h3>Substitui\u00e7\u00e3o perfeita para cilindros hidr\u00e1ulicos<\/h3>\n<p>Nosso produto pode substituir perfeitamente esses cilindros hidr\u00e1ulicos.<\/p>\n<\/li>\n<li>\n<h3>Aplicativo<\/h3>\n<p>O cilindro da ca\u00e7amba para Aotai AT150E-9 \u00e9 utilizado em diversos equipamentos de constru\u00e7\u00e3o, incluindo:<\/p>\n<ul>\n<li>Escavadeiras: Os cilindros da ca\u00e7amba possibilitam a escava\u00e7\u00e3o, permitindo que a p\u00e1 penetre no solo.<\/li>\n<li>Carregadeiras frontais: Elas ajudam a levantar e inclinar cargas com efici\u00eancia.<\/li>\n<li>Escavadeiras retroescavadeiras: Os cilindros da ca\u00e7amba auxiliam nas tarefas de escava\u00e7\u00e3o e eleva\u00e7\u00e3o.<\/li>\n<li>M\u00e1quinas agr\u00edcolas: Utilizadas em p\u00e1s carregadeiras frontais para recolher, levantar e transportar terra, feno e outros materiais.<\/li>\n<\/ul>\n<\/li>\n<\/ul>\n<h2>Considera\u00e7\u00f5es de design e crit\u00e9rios de sele\u00e7\u00e3o<\/h2>\n<ul>\n<li>\n<h3>Capacidade de carga<\/h3>\n<p>A capacidade de carga do cilindro \u00e9 um fator crucial a ser considerado no projeto. Ele deve ser capaz de suportar os requisitos de carga espec\u00edficos da aplica\u00e7\u00e3o.<\/p>\n<\/li>\n<li>\n<h3>Veda\u00e7\u00e3o e durabilidade<\/h3>\n<p>A veda\u00e7\u00e3o e a durabilidade do cilindro s\u00e3o fatores cr\u00edticos que afetam sua vida \u00fatil e desempenho. Nosso cilindro utiliza veda\u00e7\u00f5es de alta qualidade feitas de materiais resistentes ao desgaste, como poliuretano e borracha nitr\u00edlica, e a superf\u00edcie do corpo do cilindro passa por um tratamento de precis\u00e3o para aumentar a resist\u00eancia ao desgaste.<\/p>\n<\/li>\n<li>\n<h3>Seguran\u00e7a e Manuten\u00e7\u00e3o<\/h3>\n<p>O cilindro deve ser projetado levando em considera\u00e7\u00e3o a seguran\u00e7a e a facilidade de manuten\u00e7\u00e3o. Ele deve ser f\u00e1cil de instalar, manter e reparar, minimizando qualquer tempo de inatividade durante esses processos.<\/p>\n<\/li>\n<li>\n<h3>Lubrifica\u00e7\u00e3o e Veda\u00e7\u00e3o<\/h3>\n<p>Nosso cilindro utiliza diferentes tipos de veda\u00e7\u00f5es, como veda\u00e7\u00f5es de pist\u00e3o, veda\u00e7\u00f5es de haste e veda\u00e7\u00f5es raspadoras, feitas de materiais resistentes ao desgaste, como poliuretano e borracha nitr\u00edlica. A lubrifica\u00e7\u00e3o regular e a substitui\u00e7\u00e3o das veda\u00e7\u00f5es s\u00e3o necess\u00e1rias para manter o funcionamento correto do cilindro.<\/p>\n<\/li>\n<li>\n<h3>Compatibilidade de fluidos<\/h3>\n<p>O cilindro deve ser compat\u00edvel com o fluido hidr\u00e1ulico utilizado no sistema hidr\u00e1ulico. O uso de um fluido inadequado pode danificar o cilindro ou todo o sistema hidr\u00e1ulico.<\/p>\n<\/li>\n<\/ul>\n<p><img decoding=\"async\" src=\"https:\/\/www.hydraulic-cylinders.net\/wp-content\/uploads\/2025\/01\/songte-oil-pipes-and-spare-parts.webp\" alt=\"Cilindro da ca\u00e7amba para Aotai AT150E-9\" \/><\/p>\n<h2>Manuten\u00e7\u00e3o<\/h2>\n<p>A inspe\u00e7\u00e3o regular e a manuten\u00e7\u00e3o preventiva s\u00e3o essenciais para garantir o desempenho ideal do cilindro da ca\u00e7amba. As tarefas comuns de manuten\u00e7\u00e3o incluem:<\/p>\n<ul>\n<li>\n<h3>Inspe\u00e7\u00e3o regular<\/h3>\n<p>\u00c9 necess\u00e1rio inspecionar o cilindro regularmente para identificar quaisquer sinais de desgaste, danos ou vazamentos. Quaisquer problemas devem ser resolvidos imediatamente para evitar maiores danos.<\/p>\n<\/li>\n<li>\n<h3>Lubrifica\u00e7\u00e3o adequada<\/h3>\n<p>O cilindro da ca\u00e7amba requer lubrifica\u00e7\u00e3o regular para manter suas pe\u00e7as m\u00f3veis funcionando corretamente e evitar desgaste.<\/p>\n<\/li>\n<li>\n<h3>Substitui\u00e7\u00e3o da veda\u00e7\u00e3o<\/h3>\n<p>A substitui\u00e7\u00e3o da veda\u00e7\u00e3o \u00e9 necess\u00e1ria para manter o desempenho de veda\u00e7\u00e3o do cilindro e evitar vazamentos.<\/p>\n<\/li>\n<li>\n<h3>Verifica\u00e7\u00e3o de calibra\u00e7\u00e3o<\/h3>\n<p>O cilindro deve ser calibrado regularmente para garantir que atenda aos padr\u00f5es de desempenho exigidos.<\/p>\n<\/li>\n<\/ul>\n<p><img decoding=\"async\" src=\"https:\/\/www.hydraulic-cylinders.net\/wp-content\/uploads\/2025\/01\/songte-chushion-collar.webp\" alt=\"Cilindro da ca\u00e7amba para Aotai AT150E-9\" \/><\/p>\n<h2>Considera\u00e7\u00f5es de seguran\u00e7a e fatores ambientais<\/h2>\n<p>Ao utilizar o cilindro de balde para Aotai AT150E-9, as medidas de seguran\u00e7a devem ser sempre observadas para evitar acidentes ou ferimentos. \u00c9 essencial levar em considera\u00e7\u00e3o fatores ambientais ao utilizar o cilindro, como temperatura, umidade e exposi\u00e7\u00e3o a subst\u00e2ncias corrosivas que possam afetar o desempenho do cilindro.<\/p>\n<h2>Problemas comuns e resolu\u00e7\u00e3o de problemas<\/h2>\n<p>A seguir, apresentamos alguns problemas comuns que podem surgir ao usar o cilindro de ca\u00e7amba:<\/p>\n<ul>\n<li>\n<h3>Vazamento<\/h3>\n<p>Vazamentos s\u00e3o um problema comum e geralmente s\u00e3o causados \u200b\u200bpor veda\u00e7\u00f5es danificadas. A substitui\u00e7\u00e3o das veda\u00e7\u00f5es pode ajudar a resolver o problema.<\/p>\n<\/li>\n<li>\n<h3>Ru\u00eddo excessivo<\/h3>\n<p>Ru\u00eddos excessivos podem ser causados \u200b\u200bpor diversos problemas, como componentes internos danificados, n\u00edveis baixos de fluido hidr\u00e1ulico ou filtros entupidos. Verifique o sistema hidr\u00e1ulico para identificar quaisquer problemas que possam estar causando ru\u00eddos excessivos.<\/p>\n<\/li>\n<li>\n<h3>Movimento Lento<\/h3>\n<p>A movimenta\u00e7\u00e3o lenta geralmente \u00e9 causada por n\u00edveis baixos de fluido hidr\u00e1ulico, filtros entupidos ou componentes internos danificados. Verifique o sistema hidr\u00e1ulico e substitua quaisquer componentes danificados.<\/p>\n<\/li>\n<\/ul>\n<p><img decoding=\"async\" src=\"https:\/\/www.hydraulic-cylinders.net\/wp-content\/uploads\/2025\/01\/songte-bushings-with-all-kinds-of-excavator-models.webp\" alt=\"Cilindro da ca\u00e7amba para Aotai AT150E-9\" \/><\/p>\n<h2>Sobre nossa empresa<\/h2>\n<p>Somos um dos principais fabricantes e distribuidores atacadistas de cilindros hidr\u00e1ulicos nos mercados nacional e internacional. Nossos produtos s\u00e3o de excelente qualidade e seguimos estrat\u00e9gias de gest\u00e3o de fabrica\u00e7\u00e3o de precis\u00e3o, contando com t\u00e9cnicos altamente qualificados, equipamentos de fabrica\u00e7\u00e3o digital de \u00faltima gera\u00e7\u00e3o e um sistema de testes profissional para produzir cilindros que atendam \u00e0s diversas necessidades de nossos clientes. Oferecemos servi\u00e7os personalizados, equipamentos de produ\u00e7\u00e3o e servi\u00e7os p\u00f3s-venda para garantir que nossos clientes obtenham o m\u00e1ximo retorno de seu investimento.<\/p>\n<ul>\n<li>\n<h3>Especializa\u00e7\u00e3o e Certifica\u00e7\u00e3o Internacional<\/h3>\n<p>Nossa empresa \u00e9 especializada na produ\u00e7\u00e3o de diversos cilindros hidr\u00e1ulicos, com produtos que atendem a padr\u00f5es internacionais de qualidade, como ISO, CE e SGS.<\/p>\n<\/li>\n<li>\n<h3>Servi\u00e7os Personalizados<\/h3>\n<p>Oferecemos servi\u00e7os personalizados com base nas necessidades espec\u00edficas de nossos clientes, fornecendo cilindros hidr\u00e1ulicos sob medida para atender \u00e0s suas necessidades exclusivas.<\/p>\n<\/li>\n<li>\n<h3>Equipamentos de produ\u00e7\u00e3o e servi\u00e7os p\u00f3s-venda<\/h3>\n<p>Possu\u00edmos equipamentos de produ\u00e7\u00e3o de \u00faltima gera\u00e7\u00e3o e uma equipe profissional de assist\u00eancia p\u00f3s-venda que oferece suporte r\u00e1pido e eficaz aos nossos clientes.<\/p>\n<\/li>\n<\/ul>\n<p><img decoding=\"async\" src=\"https:\/\/hzpt.com\/wp-content\/uploads\/2024\/11\/songte-company-1.webp\" alt=\"Cilindro da ca\u00e7amba para Aotai AT150E-9\" \/><\/p>\n<p><em>Autor: lyl<\/em><\/p>","protected":false},"excerpt":{"rendered":"<p>Bucket Cylinder For Aotai AT150E-9 Introduction The Bucket Cylinder for Aotai AT150E-9 is a hydraulic cylinder specifically designed to control the movement of shovels in heavy machinery such as excavators, backhoe excavators, and front-loaders. Its main function is to enable the shovel to lift, lower, and tilt, making it easier to perform various material handling [&hellip;]<\/p>","protected":false},"featured_media":14788,"comment_status":"open","ping_status":"closed","template":"","meta":{"_et_pb_use_builder":"","_et_pb_old_content":"","_et_gb_content_width":""},"product_brand":[],"product_cat":[1494],"product_tag":[1495,1496],"class_list":{"0":"post-15913","1":"product","2":"type-product","3":"status-publish","4":"has-post-thumbnail","6":"product_cat-bucket-cylinders","7":"product_tag-bucket-cylinders","8":"product_tag-hydraulic-cylinders","10":"first","11":"instock","12":"shipping-taxable","13":"product-type-simple"},"amp_enabled":true,"_links":{"self":[{"href":"https:\/\/www.hydraulic-cylinders.net\/pt\/wp-json\/wp\/v2\/product\/15913","targetHints":{"allow":["GET"]}}],"collection":[{"href":"https:\/\/www.hydraulic-cylinders.net\/pt\/wp-json\/wp\/v2\/product"}],"about":[{"href":"https:\/\/www.hydraulic-cylinders.net\/pt\/wp-json\/wp\/v2\/types\/product"}],"replies":[{"embeddable":true,"href":"https:\/\/www.hydraulic-cylinders.net\/pt\/wp-json\/wp\/v2\/comments?post=15913"}],"wp:featuredmedia":[{"embeddable":true,"href":"https:\/\/www.hydraulic-cylinders.net\/pt\/wp-json\/wp\/v2\/media\/14788"}],"wp:attachment":[{"href":"https:\/\/www.hydraulic-cylinders.net\/pt\/wp-json\/wp\/v2\/media?parent=15913"}],"wp:term":[{"taxonomy":"product_brand","embeddable":true,"href":"https:\/\/www.hydraulic-cylinders.net\/pt\/wp-json\/wp\/v2\/product_brand?post=15913"},{"taxonomy":"product_cat","embeddable":true,"href":"https:\/\/www.hydraulic-cylinders.net\/pt\/wp-json\/wp\/v2\/product_cat?post=15913"},{"taxonomy":"product_tag","embeddable":true,"href":"https:\/\/www.hydraulic-cylinders.net\/pt\/wp-json\/wp\/v2\/product_tag?post=15913"}],"curies":[{"name":"wp","href":"https:\/\/api.w.org\/{rel}","templated":true}]}}