{"id":15915,"date":"2025-01-19T15:09:35","date_gmt":"2025-01-19T15:09:35","guid":{"rendered":"https:\/\/www.hydraulic-cylinders.net\/product\/bucket-cylinder-for-aotai-at180e-9\/"},"modified":"2025-01-19T15:09:37","modified_gmt":"2025-01-19T15:09:37","slug":"bucket-cylinder-for-aotai-at180e-9","status":"publish","type":"product","link":"https:\/\/www.hydraulic-cylinders.net\/pt\/produto\/bucket-cylinder-for-aotai-at180e-9\/","title":{"rendered":"Cilindro da ca\u00e7amba para Aotai AT180E-9"},"content":{"rendered":"<h1>Cilindro da ca\u00e7amba para Aotai AT180E-9<\/h1>\n<h2>Introdu\u00e7\u00e3o<\/h2>\n<p>O cilindro da ca\u00e7amba \u00e9 um cilindro hidr\u00e1ulico especialmente projetado para controlar o movimento da ca\u00e7amba em m\u00e1quinas pesadas, como escavadeiras, retroescavadeiras e p\u00e1s carregadeiras. Sua principal fun\u00e7\u00e3o \u00e9 permitir que a ca\u00e7amba suba, des\u00e7a e incline, facilitando diversas tarefas de movimenta\u00e7\u00e3o de materiais. Em um sistema hidr\u00e1ulico, o cilindro da ca\u00e7amba proporciona um controle preciso da ca\u00e7amba utilizando as varia\u00e7\u00f5es de press\u00e3o do \u00f3leo hidr\u00e1ulico, permitindo que os operadores manuseiem cargas pesadas com efici\u00eancia e se adaptem a ambientes de trabalho complexos e diversas exig\u00eancias da tarefa.<\/p>\n<p><img decoding=\"async\" src=\"https:\/\/www.hydraulic-cylinders.net\/wp-content\/uploads\/2025\/01\/songte-company-2.webp\" alt=\"Imagem do cilindro da ca\u00e7amba\"><\/p>\n<h2>Caracter\u00edsticas<\/h2>\n<ul>\n<li>Alta resist\u00eancia e durabilidade: Normalmente fabricado em a\u00e7o ou alum\u00ednio de alta resist\u00eancia, o cilindro da ca\u00e7amba suporta alta press\u00e3o e cargas pesadas, adaptando-se a ambientes de trabalho severos. Seu design leva em considera\u00e7\u00e3o a resist\u00eancia ao desgaste e \u00e0 corros\u00e3o, prolongando sua vida \u00fatil.<\/li>\n<li>Opera\u00e7\u00e3o hidr\u00e1ulica eficiente: Utilizando a press\u00e3o do \u00f3leo hidr\u00e1ulico, o cilindro da ca\u00e7amba realiza movimentos suaves de extens\u00e3o e retra\u00e7\u00e3o, permitindo uma resposta r\u00e1pida aos comandos de controle e fornecendo for\u00e7as de empurr\u00e3o e tra\u00e7\u00e3o potentes, adequadas para o manuseio de cargas pesadas e tarefas operacionais complexas.<\/li>\n<li>Diversos tipos: Dispon\u00edvel com cilindros de a\u00e7\u00e3o simples (sistema hidr\u00e1ulico utilizado em apenas uma dire\u00e7\u00e3o) ou de a\u00e7\u00e3o dupla (sistema hidr\u00e1ulico utilizado em ambas as dire\u00e7\u00f5es), o cilindro da ca\u00e7amba pode ser escolhido de acordo com as necessidades operacionais espec\u00edficas. Alguns modelos s\u00e3o telesc\u00f3picos, permitindo maior extens\u00e3o sem aumentar as dimens\u00f5es externas, o que os torna adequados para aplica\u00e7\u00f5es com espa\u00e7o limitado.<\/li>\n<li>Substitui\u00e7\u00e3o perfeita: Nosso produto pode substituir perfeitamente esses cilindros hidr\u00e1ulicos.<\/li>\n<\/ul>\n<p><img decoding=\"async\" src=\"https:\/\/www.hydraulic-cylinders.net\/wp-content\/uploads\/2025\/01\/songte-cylinder-head-with-all-kinds-excavator-models.webp\" alt=\"Imagem de substitui\u00e7\u00e3o do cilindro da ca\u00e7amba\"><\/p>\n<h2>Aplica\u00e7\u00f5es<\/h2>\n<p>O cilindro de ca\u00e7amba encontra aplica\u00e7\u00f5es em diversos tipos de m\u00e1quinas:<\/p>\n<ul>\n<li>Equipamentos de constru\u00e7\u00e3o: Desempenha um papel crucial em escavadeiras para escavar, carregar e movimentar solo ou entulho. Em retroescavadeiras, o cilindro da ca\u00e7amba auxilia tanto nas tarefas de escava\u00e7\u00e3o quanto nas de eleva\u00e7\u00e3o.<\/li>\n<li>M\u00e1quinas agr\u00edcolas: usadas em carregadeiras frontais para recolher, levantar e transportar solo, feno e outros materiais.<\/li>\n<li>Escavadeiras: O cilindro da ca\u00e7amba permite a\u00e7\u00f5es de escava\u00e7\u00e3o permitindo que a ca\u00e7amba penetre no solo.<\/li>\n<li>Carregadeiras de rodas: Nas carregadeiras de rodas, elas auxiliam no levantamento e despejo eficiente de mercadorias.<\/li>\n<\/ul>\n<h2>Considera\u00e7\u00f5es de design e crit\u00e9rios de sele\u00e7\u00e3o<\/h2>\n<p>No que diz respeito \u00e0s considera\u00e7\u00f5es de projeto e aos crit\u00e9rios de sele\u00e7\u00e3o de cilindros de ca\u00e7amba, v\u00e1rios fatores-chave devem ser levados em conta:<\/p>\n<ul>\n<li>Capacidade de carga<\/li>\n<li>Desempenho de veda\u00e7\u00e3o<\/li>\n<li>Durabilidade<\/li>\n<li>Seguran\u00e7a<\/li>\n<li>Manutenibilidade<\/li>\n<\/ul>\n<p><img decoding=\"async\" src=\"https:\/\/www.hydraulic-cylinders.net\/wp-content\/uploads\/2025\/01\/songte-oil-pipes-and-spare-parts.webp\" alt=\"Imagem de Veda\u00e7\u00e3o e Lubrifica\u00e7\u00e3o\"><\/p>\n<h2>Veda\u00e7\u00e3o e Lubrifica\u00e7\u00e3o<\/h2>\n<p>Para garantir o desempenho ideal, o cilindro da ca\u00e7amba utiliza diversos componentes de veda\u00e7\u00e3o, como veda\u00e7\u00f5es do pist\u00e3o e da haste, fabricados com materiais resistentes ao desgaste, como poliuretano e borracha nitr\u00edlica. O corpo do cilindro e as extremidades roscadas passam por um tratamento minucioso para aumentar a resist\u00eancia ao desgaste. \u00c9 necess\u00e1ria a lubrifica\u00e7\u00e3o regular com a quantidade adequada de \u00f3leo hidr\u00e1ulico.<\/p>\n<h2>Inspe\u00e7\u00e3o regular e manuten\u00e7\u00e3o preventiva<\/h2>\n<p>Para prolongar a vida \u00fatil do cilindro da ca\u00e7amba, devem ser tomadas medidas regulares de inspe\u00e7\u00e3o e manuten\u00e7\u00e3o preventiva, incluindo:<\/p>\n<ul>\n<li>Verifica\u00e7\u00e3o de vazamentos<\/li>\n<li>Lubrifica\u00e7\u00e3o adequada<\/li>\n<li>Substitui\u00e7\u00f5es de veda\u00e7\u00e3o<\/li>\n<li>Verifica\u00e7\u00f5es de calibra\u00e7\u00e3o<\/li>\n<\/ul>\n<h2>Guia de instala\u00e7\u00e3o adequada<\/h2>\n<p>A instala\u00e7\u00e3o correta \u00e9 crucial para o desempenho ideal do cilindro da ca\u00e7amba. Recomenda-se alinhar o cilindro adequadamente durante o processo de instala\u00e7\u00e3o e utilizar suportes de instala\u00e7\u00e3o apropriados para fix\u00e1-lo.<\/p>\n<p><img decoding=\"async\" src=\"https:\/\/www.hydraulic-cylinders.net\/wp-content\/uploads\/2025\/01\/songte-chushion-collar.webp\" alt=\"Imagem do Guia de Instala\u00e7\u00e3o\"><\/p>\n<h2>Tarefas de manuten\u00e7\u00e3o<\/h2>\n<p>As tarefas comuns de manuten\u00e7\u00e3o para cilindros de ca\u00e7amba incluem inspe\u00e7\u00f5es regulares, lubrifica\u00e7\u00e3o adequada, substitui\u00e7\u00e3o de veda\u00e7\u00f5es e verifica\u00e7\u00f5es de calibra\u00e7\u00e3o. \u00c9 importante enfatizar a import\u00e2ncia da instala\u00e7\u00e3o, lubrifica\u00e7\u00e3o e ajuste corretos. Recomenda-se o uso de suportes de instala\u00e7\u00e3o apropriados para fixar o cilindro e o fornecimento de procedimentos recomendados de inspe\u00e7\u00e3o, reparo e substitui\u00e7\u00e3o para prolongar a vida \u00fatil do cilindro da ca\u00e7amba.<\/p>\n<h2>Considera\u00e7\u00f5es de seguran\u00e7a e fatores ambientais<\/h2>\n<p>A import\u00e2ncia das medidas de seguran\u00e7a ao utilizar cilindros de carga e descarga, bem como a considera\u00e7\u00e3o dos fatores ambientais, n\u00e3o devem ser negligenciadas.<\/p>\n<h2>Diagn\u00f3stico de falhas e problemas comuns<\/h2>\n<p>Ao deparar-se com falhas ou problemas no cilindro da ca\u00e7amba, um diagn\u00f3stico preciso e uma resolu\u00e7\u00e3o r\u00e1pida s\u00e3o essenciais. Oferecemos dicas de solu\u00e7\u00e3o de problemas, solu\u00e7\u00f5es e medidas preventivas para minimizar poss\u00edveis problemas.<\/p>\n<p><img decoding=\"async\" src=\"https:\/\/www.hydraulic-cylinders.net\/wp-content\/uploads\/2025\/01\/songte-bushings-with-all-kinds-of-excavator-models.webp\" alt=\"Imagem de diagn\u00f3stico e preven\u00e7\u00e3o de falhas\"><\/p>\n<p>Lembre-se de organizar o artigo de forma l\u00f3gica, usar subt\u00edtulos para facilitar a navega\u00e7\u00e3o, incorporar imagens ou gr\u00e1ficos relevantes para melhorar a compreens\u00e3o e garantir um conte\u00fado claro e conciso, adequado para leitores com diferentes n\u00edveis de conhecimento t\u00e9cnico.<\/p>\n<h2>Sobre nossa empresa<\/h2>\n<p>Somos fabricantes de cilindros hidr\u00e1ulicos de reposi\u00e7\u00e3o, oferecendo uma ampla gama de produtos. Tornamo-nos um dos principais fabricantes e distribuidores atacadistas de cilindros hidr\u00e1ulicos nos mercados nacional e internacional. Primamos pela excel\u00eancia em qualidade, utilizando estrat\u00e9gias de gest\u00e3o de produ\u00e7\u00e3o industrializada em nossas modernas instala\u00e7\u00f5es de fabrica\u00e7\u00e3o. Com a utiliza\u00e7\u00e3o de talentos t\u00e9cnicos, equipamentos de fabrica\u00e7\u00e3o digital de ponta e sistemas de teste profissionais, aprimoramos continuamente nossa plataforma de produ\u00e7\u00e3o, aperfei\u00e7oamos nossos processos para garantir a qualidade do produto e possu\u00edmos forte capacidade criativa. Nossos princ\u00edpios de alta efici\u00eancia, alta precis\u00e3o e alta qualidade nos permitem atender \u00e0s diversas demandas de nossos clientes.<\/p>\n<p><img decoding=\"async\" src=\"https:\/\/www.hydraulic-cylinders.net\/wp-content\/uploads\/2025\/01\/songte-company-3.webp\" alt=\"Imagem da empresa\"><\/p>","protected":false},"excerpt":{"rendered":"<p>Bucket Cylinder For Aotai AT180E-9 Introduction The bucket cylinder is a specially designed hydraulic cylinder used to control the movement of the bucket in heavy machinery such as excavators, backhoe loaders, and wheel loaders. Its main function is to enable the bucket to lift, lower, and tilt, making it easier for various material handling tasks. [&hellip;]<\/p>","protected":false},"featured_media":14785,"comment_status":"open","ping_status":"closed","template":"","meta":{"_et_pb_use_builder":"","_et_pb_old_content":"","_et_gb_content_width":""},"product_brand":[],"product_cat":[1494],"product_tag":[1495,1496],"class_list":{"0":"post-15915","1":"product","2":"type-product","3":"status-publish","4":"has-post-thumbnail","6":"product_cat-bucket-cylinders","7":"product_tag-bucket-cylinders","8":"product_tag-hydraulic-cylinders","10":"first","11":"instock","12":"shipping-taxable","13":"product-type-simple"},"amp_enabled":true,"_links":{"self":[{"href":"https:\/\/www.hydraulic-cylinders.net\/pt\/wp-json\/wp\/v2\/product\/15915","targetHints":{"allow":["GET"]}}],"collection":[{"href":"https:\/\/www.hydraulic-cylinders.net\/pt\/wp-json\/wp\/v2\/product"}],"about":[{"href":"https:\/\/www.hydraulic-cylinders.net\/pt\/wp-json\/wp\/v2\/types\/product"}],"replies":[{"embeddable":true,"href":"https:\/\/www.hydraulic-cylinders.net\/pt\/wp-json\/wp\/v2\/comments?post=15915"}],"wp:featuredmedia":[{"embeddable":true,"href":"https:\/\/www.hydraulic-cylinders.net\/pt\/wp-json\/wp\/v2\/media\/14785"}],"wp:attachment":[{"href":"https:\/\/www.hydraulic-cylinders.net\/pt\/wp-json\/wp\/v2\/media?parent=15915"}],"wp:term":[{"taxonomy":"product_brand","embeddable":true,"href":"https:\/\/www.hydraulic-cylinders.net\/pt\/wp-json\/wp\/v2\/product_brand?post=15915"},{"taxonomy":"product_cat","embeddable":true,"href":"https:\/\/www.hydraulic-cylinders.net\/pt\/wp-json\/wp\/v2\/product_cat?post=15915"},{"taxonomy":"product_tag","embeddable":true,"href":"https:\/\/www.hydraulic-cylinders.net\/pt\/wp-json\/wp\/v2\/product_tag?post=15915"}],"curies":[{"name":"wp","href":"https:\/\/api.w.org\/{rel}","templated":true}]}}