{"id":15921,"date":"2025-01-19T15:10:04","date_gmt":"2025-01-19T15:10:04","guid":{"rendered":"https:\/\/www.hydraulic-cylinders.net\/product\/bucket-cylinder-for-atlas-7808lc\/"},"modified":"2025-01-19T15:10:14","modified_gmt":"2025-01-19T15:10:14","slug":"bucket-cylinder-for-atlas-7808lc","status":"publish","type":"product","link":"https:\/\/www.hydraulic-cylinders.net\/pt\/produto\/bucket-cylinder-for-atlas-7808lc\/","title":{"rendered":"Cilindro da ca\u00e7amba para Atlas 7808LC"},"content":{"rendered":"<h1>Cilindro da ca\u00e7amba para Atlas 7808LC<\/h1>\n<h2>Introdu\u00e7\u00e3o<\/h2>\n<p>O cilindro da ca\u00e7amba da Atlas 7808LC \u00e9 um tipo de cilindro hidr\u00e1ulico especialmente projetado para controlar o movimento da ca\u00e7amba em m\u00e1quinas pesadas, como escavadeiras, retroescavadeiras e p\u00e1s carregadeiras. Sua principal fun\u00e7\u00e3o \u00e9 permitir que a ca\u00e7amba seja levantada, abaixada e inclinada, facilitando diversas tarefas de movimenta\u00e7\u00e3o de materiais. No sistema hidr\u00e1ulico, o cilindro da ca\u00e7amba proporciona um controle preciso da ca\u00e7amba por meio de altera\u00e7\u00f5es na press\u00e3o do \u00f3leo hidr\u00e1ulico, permitindo que os operadores manuseiem cargas pesadas com efici\u00eancia e se adaptem a ambientes de trabalho complexos e diversas necessidades operacionais.<\/p>\n<p><img decoding=\"async\" src=\"https:\/\/www.hydraulic-cylinders.net\/wp-content\/uploads\/2025\/01\/songte-company-2.webp\" alt=\"Cilindro de ca\u00e7amba\" style=\"width:100%\"><\/p>\n<h2>Caracter\u00edsticas<\/h2>\n<ul>\n<li>\n<h3>Alta resist\u00eancia e durabilidade<\/h3>\n<p>Os cilindros de ca\u00e7amba s\u00e3o normalmente fabricados em a\u00e7o de alta resist\u00eancia ou alum\u00ednio, o que lhes permite suportar alta press\u00e3o e cargas pesadas, al\u00e9m de se adaptarem a ambientes de trabalho severos. Seu projeto leva em considera\u00e7\u00e3o a resist\u00eancia ao desgaste e \u00e0 corros\u00e3o, prolongando sua vida \u00fatil.<\/p>\n<\/li>\n<li>\n<h3>Opera\u00e7\u00e3o Hidr\u00e1ulica Eficiente<\/h3>\n<p>Os cilindros da ca\u00e7amba utilizam a press\u00e3o do \u00f3leo hidr\u00e1ulico para obter uma extens\u00e3o e retra\u00e7\u00e3o suaves, permitindo que respondam rapidamente aos comandos de controle, proporcionando uma for\u00e7a de empurrar e puxar potente e sendo adequados para o manuseio de cargas pesadas e tarefas operacionais complexas.<\/p>\n<\/li>\n<li>\n<h3>V\u00e1rios tipos<\/h3>\n<p>Os cilindros de ca\u00e7amba est\u00e3o dispon\u00edveis em modelos de a\u00e7\u00e3o simples (sistema hidr\u00e1ulico em uma dire\u00e7\u00e3o) ou de a\u00e7\u00e3o dupla (sistema hidr\u00e1ulico em duas dire\u00e7\u00f5es), para atender a diferentes requisitos operacionais. Alguns modelos s\u00e3o telesc\u00f3picos, permitindo maior extens\u00e3o sem aumentar as dimens\u00f5es externas, o que os torna adequados para aplica\u00e7\u00f5es com espa\u00e7o limitado.<\/p>\n<\/li>\n<li>\n<h3>Substitu\u00edvel<\/h3>\n<p>Nossa empresa pode fabricar este produto, e ele pode substituir perfeitamente esses cilindros hidr\u00e1ulicos.<\/p>\n<\/li>\n<\/ul>\n<p><img decoding=\"async\" src=\"https:\/\/www.hydraulic-cylinders.net\/wp-content\/uploads\/2025\/01\/songte-cylinder-head-with-all-kinds-excavator-models.webp\" alt=\"Cilindro hidr\u00e1ulico\" style=\"width:100%\"><\/p>\n<h2>Aplica\u00e7\u00f5es<\/h2>\n<p>Cilindros com ca\u00e7amba s\u00e3o amplamente utilizados em diversos equipamentos de constru\u00e7\u00e3o, m\u00e1quinas agr\u00edcolas e outras ind\u00fastrias, incluindo:<\/p>\n<ul>\n<li>\n<h3>Equipamentos de constru\u00e7\u00e3o<\/h3>\n<p>Os cilindros de ca\u00e7amba s\u00e3o encontrados em escavadeiras, onde s\u00e3o essenciais para escavar, carregar e movimentar solo ou entulho. Em retroescavadeiras, o cilindro de ca\u00e7amba auxilia tanto na escava\u00e7\u00e3o quanto no levantamento. Em p\u00e1s carregadeiras, eles ajudam a levantar e despejar materiais com efici\u00eancia.<\/p>\n<\/li>\n<li>\n<h3>Maquinaria agr\u00edcola<\/h3>\n<p>Os cilindros de ca\u00e7amba s\u00e3o usados \u200b\u200bem carregadeiras frontais para recolher, levantar e transportar terra, feno e outros materiais.<\/p>\n<\/li>\n<li>\n<h3>Escavadeiras<\/h3>\n<p>Os cilindros da ca\u00e7amba permitem que as escavadeiras penetrem no solo, permitindo que a ca\u00e7amba se mova atrav\u00e9s dele.<\/p>\n<\/li>\n<\/ul>\n<h2>Considera\u00e7\u00f5es de design e crit\u00e9rios de sele\u00e7\u00e3o<\/h2>\n<p>No que diz respeito \u00e0s considera\u00e7\u00f5es de projeto para cilindros de ca\u00e7amba, v\u00e1rios fatores-chave s\u00e3o essenciais para seu desempenho confi\u00e1vel, incluindo:<\/p>\n<ul>\n<li>\n<h3>Capacidade de carga<\/h3>\n<p>A capacidade de carga do cilindro da ca\u00e7amba \u00e9 crucial e deve ser projetada para suportar o peso da carga que est\u00e1 sendo levantada ou movimentada.<\/p>\n<\/li>\n<li>\n<h3>Veda\u00e7\u00e3o e durabilidade<\/h3>\n<p>Os cilindros de ca\u00e7amba exigem veda\u00e7\u00f5es confi\u00e1veis \u200b\u200bpara evitar vazamentos de \u00f3leo, que podem causar falhas hidr\u00e1ulicas e levar \u00e0 paralisa\u00e7\u00e3o do equipamento. Al\u00e9m disso, a durabilidade do cilindro deve ser considerada para garantir uma longa vida \u00fatil.<\/p>\n<\/li>\n<li>\n<h3>Seguran\u00e7a<\/h3>\n<p>O cilindro da ca\u00e7amba deve ser projetado levando em considera\u00e7\u00e3o a seguran\u00e7a do usu\u00e1rio, a fim de evitar acidentes ou les\u00f5es que possam ocorrer durante a opera\u00e7\u00e3o.<\/p>\n<\/li>\n<li>\n<h3>Manuten\u00e7\u00e3o e Reparo<\/h3>\n<p>O cilindro deve ser projetado para permitir f\u00e1cil manuten\u00e7\u00e3o e reparo. Isso pode incluir caracter\u00edsticas como pe\u00e7as substitu\u00edveis ou f\u00e1cil acesso para inspe\u00e7\u00e3o e manuten\u00e7\u00e3o.<\/p>\n<\/li>\n<\/ul>\n<p><img decoding=\"async\" src=\"https:\/\/www.hydraulic-cylinders.net\/wp-content\/uploads\/2025\/01\/songte-oil-pipes-and-spare-parts.webp\" alt=\"Cilindro hidr\u00e1ulico\" style=\"width:100%\"><\/p>\n<h2>Veda\u00e7\u00e3o e Lubrifica\u00e7\u00e3o<\/h2>\n<p>Os cilindros de ca\u00e7amba utilizam diversos componentes de veda\u00e7\u00e3o, incluindo veda\u00e7\u00f5es de pist\u00e3o e veda\u00e7\u00f5es de haste, que geralmente s\u00e3o fabricados com materiais resistentes ao desgaste, como poliuretano ou borracha nitr\u00edlica. Para garantir uma longa vida \u00fatil, o corpo do cilindro e a superf\u00edcie da haste devem receber tratamento antidesgaste. A lubrifica\u00e7\u00e3o regular com \u00f3leo hidr\u00e1ulico tamb\u00e9m \u00e9 necess\u00e1ria para manter o funcionamento adequado do cilindro.<\/p>\n<h2>Manuten\u00e7\u00e3o e Reparo<\/h2>\n<p>Para garantir o funcionamento adequado e prolongar a vida \u00fatil do cilindro da ca\u00e7amba, s\u00e3o necess\u00e1rias inspe\u00e7\u00f5es regulares e manuten\u00e7\u00e3o preventiva. Isso pode incluir tarefas como:<\/p>\n<ul>\n<li>\n<h3>Inspe\u00e7\u00e3o regular<\/h3>\n<p>A inspe\u00e7\u00e3o regular do cilindro, das veda\u00e7\u00f5es, dos suportes de montagem e das conex\u00f5es pode evitar que pequenos problemas se tornem grandes problemas e, em \u00faltima an\u00e1lise, reduzir o tempo de inatividade.<\/p>\n<\/li>\n<li>\n<h3>Lubrifica\u00e7\u00e3o adequada<\/h3>\n<p>A lubrifica\u00e7\u00e3o adequada do cilindro \u00e9 essencial para o seu bom funcionamento. Isso pode incluir o uso de \u00f3leo hidr\u00e1ulico ou graxa apropriados, dependendo do projeto do cilindro.<\/p>\n<\/li>\n<li>\n<h3>Substitui\u00e7\u00e3o do selo e verifica\u00e7\u00e3o da calibra\u00e7\u00e3o<\/h3>\n<p>A substitui\u00e7\u00e3o de veda\u00e7\u00f5es desgastadas e a verifica\u00e7\u00e3o da calibra\u00e7\u00e3o podem melhorar o desempenho e a vida \u00fatil do cilindro.<\/p>\n<\/li>\n<\/ul>\n<p><img decoding=\"async\" src=\"https:\/\/www.hydraulic-cylinders.net\/wp-content\/uploads\/2025\/01\/songte-chushion-collar.webp\" alt=\"Cilindro hidr\u00e1ulico\" style=\"width:100%\"><\/p>\n<h2>Considera\u00e7\u00f5es de seguran\u00e7a e fatores ambientais<\/h2>\n<p>Os cilindros de concreto armado requerem uso e manuten\u00e7\u00e3o adequados para garantir a opera\u00e7\u00e3o segura. Os operadores devem ser treinados no uso correto do cilindro e seguir todas as normas de seguran\u00e7a. Fatores ambientais, como temperatura, umidade e exposi\u00e7\u00e3o a produtos qu\u00edmicos, tamb\u00e9m podem afetar o desempenho do cilindro e devem ser considerados.<\/p>\n<h2>Problemas comuns e resolu\u00e7\u00e3o de problemas<\/h2>\n<p>Alguns problemas comuns que podem ocorrer com cilindros de ca\u00e7amba incluem vazamentos, opera\u00e7\u00e3o lenta ou sem resposta e danos ao corpo do cilindro ou \u00e0s veda\u00e7\u00f5es. A solu\u00e7\u00e3o desses problemas pode envolver a verifica\u00e7\u00e3o da lubrifica\u00e7\u00e3o adequada, a inspe\u00e7\u00e3o das veda\u00e7\u00f5es e conex\u00f5es e o exame do cilindro em busca de danos. A manuten\u00e7\u00e3o preventiva regular pode ajudar a reduzir a ocorr\u00eancia desses problemas.<\/p>\n<p><img decoding=\"async\" src=\"https:\/\/www.hydraulic-cylinders.net\/wp-content\/uploads\/2025\/01\/songte-bushings-with-all-kinds-of-excavator-models.webp\" alt=\"Cilindro hidr\u00e1ulico\" style=\"width:100%\"><\/p>\n<h2>Sobre nossa empresa<\/h2>\n<p>Somos um dos principais fabricantes e distribuidores atacadistas de cilindros hidr\u00e1ulicos nos mercados nacional e internacional. Nossa empresa preza pela excel\u00eancia em qualidade e se baseia em estrat\u00e9gias de gest\u00e3o de produ\u00e7\u00e3o industrializada, com oficinas de fabrica\u00e7\u00e3o de precis\u00e3o, profissionais qualificados, equipamentos de fabrica\u00e7\u00e3o digital de ponta e sistemas de teste profissionais. Investimos continuamente na melhoria da plataforma de produ\u00e7\u00e3o, otimizando o processo produtivo e a qualidade dos produtos, e possu\u00edmos uma forte capacidade de cria\u00e7\u00e3o para atender \u00e0s diversas necessidades dos clientes com alta efici\u00eancia, precis\u00e3o e qualidade. <\/p>\n<p>Nossa empresa oferece diversos produtos e servi\u00e7os, tais como:<\/p>\n<ul>\n<li>\n<h3>Profissionalismo<\/h3>\n<p>Contamos com uma equipe de profissionais com anos de experi\u00eancia no setor para garantir que nossos produtos atendam aos mais altos padr\u00f5es de qualidade e confiabilidade.<\/p>\n<\/li>\n<li>\n<h3>Certifica\u00e7\u00e3o Internacional<\/h3>\n<p>Nossos produtos s\u00e3o certificados para atender a padr\u00f5es internacionais, como a ISO 9001:2015, garantindo que nossos clientes possam confiar neles.<\/p>\n<\/li>\n<li>\n<h3>Servi\u00e7os de Personaliza\u00e7\u00e3o<\/h3>\n<p>Oferecemos servi\u00e7os personalizados para atender \u00e0s necessidades exclusivas de nossos clientes, fornecendo solu\u00e7\u00f5es sob medida, projetadas para atender a requisitos espec\u00edficos.<\/p>\n<\/li>\n<li>\n<h3>Equipamentos de produ\u00e7\u00e3o<\/h3>\n<p>Utilizamos equipamentos de produ\u00e7\u00e3o avan\u00e7ados, como m\u00e1quinas CNC, para garantir a fabrica\u00e7\u00e3o precisa e produtos de alta qualidade.<\/p>\n<\/li>\n<li>\n<h3>Servi\u00e7o p\u00f3s-venda<\/h3>\n<p>Oferecemos servi\u00e7o p\u00f3s-venda para garantir a satisfa\u00e7\u00e3o dos nossos clientes com os nossos produtos e servi\u00e7os, disponibilizando servi\u00e7os de manuten\u00e7\u00e3o, repara\u00e7\u00e3o e substitui\u00e7\u00e3o.<\/p>\n<\/li>\n<\/ul>\n<p><img decoding=\"async\" src=\"https:\/\/hzpt.com\/wp-content\/uploads\/2024\/11\/songte-company-1.webp\" alt=\"Cilindro hidr\u00e1ulico\" style=\"width:100%\"><\/p>\n<p>Autor: lyl<\/p>","protected":false},"excerpt":{"rendered":"<p>Bucket Cylinder For Atlas 7808LC Introduction The bucket cylinder for Atlas 7808LC is a type of hydraulic cylinder that is specially designed for controlling the movement of buckets in heavy machinery such as excavators, backhoe loaders, and front-end loaders. Its main function is to allow the bucket to be lifted, lowered and tilted, thereby facilitating [&hellip;]<\/p>","protected":false},"featured_media":14773,"comment_status":"open","ping_status":"closed","template":"","meta":{"_et_pb_use_builder":"","_et_pb_old_content":"","_et_gb_content_width":""},"product_brand":[],"product_cat":[1494],"product_tag":[1495,1496],"class_list":{"0":"post-15921","1":"product","2":"type-product","3":"status-publish","4":"has-post-thumbnail","6":"product_cat-bucket-cylinders","7":"product_tag-bucket-cylinders","8":"product_tag-hydraulic-cylinders","10":"first","11":"instock","12":"shipping-taxable","13":"product-type-simple"},"amp_enabled":true,"_links":{"self":[{"href":"https:\/\/www.hydraulic-cylinders.net\/pt\/wp-json\/wp\/v2\/product\/15921","targetHints":{"allow":["GET"]}}],"collection":[{"href":"https:\/\/www.hydraulic-cylinders.net\/pt\/wp-json\/wp\/v2\/product"}],"about":[{"href":"https:\/\/www.hydraulic-cylinders.net\/pt\/wp-json\/wp\/v2\/types\/product"}],"replies":[{"embeddable":true,"href":"https:\/\/www.hydraulic-cylinders.net\/pt\/wp-json\/wp\/v2\/comments?post=15921"}],"wp:featuredmedia":[{"embeddable":true,"href":"https:\/\/www.hydraulic-cylinders.net\/pt\/wp-json\/wp\/v2\/media\/14773"}],"wp:attachment":[{"href":"https:\/\/www.hydraulic-cylinders.net\/pt\/wp-json\/wp\/v2\/media?parent=15921"}],"wp:term":[{"taxonomy":"product_brand","embeddable":true,"href":"https:\/\/www.hydraulic-cylinders.net\/pt\/wp-json\/wp\/v2\/product_brand?post=15921"},{"taxonomy":"product_cat","embeddable":true,"href":"https:\/\/www.hydraulic-cylinders.net\/pt\/wp-json\/wp\/v2\/product_cat?post=15921"},{"taxonomy":"product_tag","embeddable":true,"href":"https:\/\/www.hydraulic-cylinders.net\/pt\/wp-json\/wp\/v2\/product_tag?post=15921"}],"curies":[{"name":"wp","href":"https:\/\/api.w.org\/{rel}","templated":true}]}}