{"id":15927,"date":"2025-01-19T15:10:37","date_gmt":"2025-01-19T15:10:37","guid":{"rendered":"https:\/\/www.hydraulic-cylinders.net\/product\/bucket-cylinder-for-bonny-ce1000-7\/"},"modified":"2025-01-19T15:10:39","modified_gmt":"2025-01-19T15:10:39","slug":"bucket-cylinder-for-bonny-ce1000-7","status":"publish","type":"product","link":"https:\/\/www.hydraulic-cylinders.net\/pt\/produto\/bucket-cylinder-for-bonny-ce1000-7\/","title":{"rendered":"Cilindro da ca\u00e7amba para Bonny CE1000-7"},"content":{"rendered":"<h2>Cilindro da ca\u00e7amba para Bonny CE1000-7<\/h2>\n<p>O cilindro da ca\u00e7amba \u00e9 um cilindro hidr\u00e1ulico especialmente projetado para controlar o movimento da ca\u00e7amba em m\u00e1quinas pesadas, como escavadeiras, retroescavadeiras e p\u00e1s carregadeiras. Sua principal fun\u00e7\u00e3o \u00e9 permitir o levantamento, abaixamento e inclina\u00e7\u00e3o da ca\u00e7amba, facilitando diversas tarefas de movimenta\u00e7\u00e3o de materiais. Em um sistema hidr\u00e1ulico, o cilindro da ca\u00e7amba proporciona um controle preciso da ca\u00e7amba por meio de altera\u00e7\u00f5es na press\u00e3o do \u00f3leo hidr\u00e1ulico, permitindo que os operadores manuseiem cargas pesadas com efici\u00eancia e se adaptem a ambientes de trabalho complexos e diversas exig\u00eancias da tarefa.<\/p>\n<p><img decoding=\"async\" src=\"https:\/\/www.hydraulic-cylinders.net\/wp-content\/uploads\/2025\/01\/songte-company-2.webp\" alt=\"Imagem do cilindro da ca\u00e7amba\"><\/p>\n<h3>Caracter\u00edsticas do cilindro da ca\u00e7amba para Bonny CE1000-7:<\/h3>\n<ol>\n<li>Alta resist\u00eancia e durabilidade: Geralmente fabricado em a\u00e7o ou alum\u00ednio de alta resist\u00eancia, capaz de suportar alta press\u00e3o e cargas pesadas, adequado para ambientes de trabalho severos. Projetado com foco na resist\u00eancia ao desgaste e \u00e0 corros\u00e3o para prolongar a vida \u00fatil.<\/li>\n<li>Opera\u00e7\u00e3o hidr\u00e1ulica eficiente: Utiliza a press\u00e3o do \u00f3leo hidr\u00e1ulico para obter uma a\u00e7\u00e3o telesc\u00f3pica suave, capaz de responder rapidamente aos comandos de controle, fornecendo for\u00e7as de empurrar e puxar potentes, adequadas para lidar com cargas pesadas e tarefas complexas.<\/li>\n<li>Diversos tipos: \u00c9 poss\u00edvel escolher entre cilindros de a\u00e7\u00e3o simples (hidr\u00e1ulica em apenas uma dire\u00e7\u00e3o) ou de a\u00e7\u00e3o dupla (hidr\u00e1ulica em ambas as dire\u00e7\u00f5es), de acordo com as necessidades operacionais. Alguns modelos s\u00e3o telesc\u00f3picos, permitindo maior extens\u00e3o sem aumentar as dimens\u00f5es externas, sendo ideais para aplica\u00e7\u00f5es com espa\u00e7o limitado.<\/li>\n<li>Substitui\u00e7\u00e3o perfeita: Nosso produto pode substituir perfeitamente esses cilindros hidr\u00e1ulicos.<\/li>\n<\/ol>\n<p><img decoding=\"async\" src=\"https:\/\/www.hydraulic-cylinders.net\/wp-content\/uploads\/2025\/01\/songte-cylinder-head-with-all-kinds-excavator-models.webp\" alt=\"Imagem do produto\"><\/p>\n<h3>Aplica\u00e7\u00f5es do Cilindro de Ca\u00e7amba:<\/h3>\n<p>O cilindro de ca\u00e7amba encontra aplica\u00e7\u00f5es em diversos tipos de equipamentos:<\/p>\n<ul>\n<li>Equipamentos de constru\u00e7\u00e3o: Encontrados em escavadeiras, s\u00e3o essenciais para cavar, carregar e movimentar terra ou entulho. Em retroescavadeiras, o cilindro da ca\u00e7amba auxilia tanto na escava\u00e7\u00e3o quanto no levantamento de materiais.<\/li>\n<li>M\u00e1quinas agr\u00edcolas: usadas em carregadeiras frontais para recolher, levantar e transportar solo, feno e outros materiais.<\/li>\n<li>Escavadeiras: O cilindro da ca\u00e7amba permite a\u00e7\u00f5es de escava\u00e7\u00e3o permitindo que a ca\u00e7amba penetre no solo.<\/li>\n<li>Carregadeiras frontais: Nas carregadeiras frontais, elas auxiliam no levantamento e despejo eficiente de mercadorias.<\/li>\n<\/ul>\n<h3>Considera\u00e7\u00f5es de design e crit\u00e9rios de sele\u00e7\u00e3o:<\/h3>\n<p>No que diz respeito \u00e0s considera\u00e7\u00f5es de projeto e aos crit\u00e9rios de sele\u00e7\u00e3o para o Cilindro de Ca\u00e7amba, v\u00e1rios fatores precisam ser discutidos:<\/p>\n<ul>\n<li>Capacidade de carga: O cilindro deve ser projetado para suportar a carga m\u00e1xima esperada sem falhar.<\/li>\n<li>Veda\u00e7\u00e3o: Diversos tipos de veda\u00e7\u00f5es, como veda\u00e7\u00f5es de pist\u00e3o e veda\u00e7\u00f5es de haste, s\u00e3o utilizados para garantir a veda\u00e7\u00e3o adequada e evitar vazamentos de fluido hidr\u00e1ulico.<\/li>\n<li>Durabilidade: O cilindro deve ser constru\u00eddo para suportar o desgaste do uso regular e das condi\u00e7\u00f5es operacionais severas.<\/li>\n<li>Seguran\u00e7a: Devem ser incorporados recursos de projeto para garantir a opera\u00e7\u00e3o segura do cilindro.<\/li>\n<li>Facilidade de manuten\u00e7\u00e3o: A facilidade de manuten\u00e7\u00e3o e reparo deve ser considerada durante a fase de projeto.<\/li>\n<\/ul>\n<p><img decoding=\"async\" src=\"https:\/\/www.hydraulic-cylinders.net\/wp-content\/uploads\/2025\/01\/songte-oil-pipes-and-spare-parts.webp\" alt=\"Imagem das pe\u00e7as do produto\"><\/p>\n<h3>Veda\u00e7\u00e3o e lubrifica\u00e7\u00e3o do cilindro:<\/h3>\n<p>O cilindro da ca\u00e7amba utiliza diversos componentes de veda\u00e7\u00e3o, como veda\u00e7\u00f5es do pist\u00e3o e da haste, fabricados com materiais resistentes ao desgaste, como poliuretano e borracha nitr\u00edlica. O corpo do cilindro e as extremidades roscadas recebem um tratamento de precis\u00e3o para melhorar a resist\u00eancia ao desgaste. A lubrifica\u00e7\u00e3o regular com a quantidade adequada de \u00f3leo hidr\u00e1ulico \u00e9 necess\u00e1ria para garantir o bom funcionamento.<\/p>\n<h3>Inspe\u00e7\u00f5es regulares e medidas de manuten\u00e7\u00e3o preventiva:<\/h3>\n<p>Para garantir a longevidade e o desempenho ideal do cilindro da ca\u00e7amba, inspe\u00e7\u00f5es regulares e manuten\u00e7\u00e3o preventiva s\u00e3o cruciais. As seguintes medidas devem ser implementadas:<\/p>\n<ul>\n<li>Inspe\u00e7\u00f5es regulares para identificar quaisquer sinais de desgaste, danos ou vazamentos.<\/li>\n<li>Lubrifica\u00e7\u00e3o adequada para evitar atrito excessivo e garantir um funcionamento suave.<\/li>\n<li>Substitui\u00e7\u00e3o da veda\u00e7\u00e3o quando forem detectados sinais de desgaste ou vazamento.<\/li>\n<li>Verifica\u00e7\u00f5es de calibra\u00e7\u00e3o para manter o funcionamento preciso.<\/li>\n<\/ul>\n<p><img decoding=\"async\" src=\"https:\/\/www.hydraulic-cylinders.net\/wp-content\/uploads\/2025\/01\/songte-chushion-collar.webp\" alt=\"Imagem de manuten\u00e7\u00e3o\"><\/p>\n<h3>Considera\u00e7\u00f5es de seguran\u00e7a e fatores ambientais:<\/h3>\n<p>Ao trabalhar com o Cilindro de Ca\u00e7amba, \u00e9 importante seguir as medidas de seguran\u00e7a para prevenir acidentes e considerar os fatores ambientais. As medidas de seguran\u00e7a incluem:<\/p>\n<ul>\n<li>Treinamento e certifica\u00e7\u00e3o adequados para os operadores.<\/li>\n<li>Seguindo as diretrizes e precau\u00e7\u00f5es de seguran\u00e7a fornecidas pelo fabricante.<\/li>\n<li>Utilizar equipamento de prote\u00e7\u00e3o individual adequado.<\/li>\n<li>Considerando as normas ambientais e minimizando o impacto ambiental.<\/li>\n<\/ul>\n<h3>Diagn\u00f3stico de falhas e problemas comuns:<\/h3>\n<p>Ao deparar-se com falhas ou problemas no cilindro da ca\u00e7amba, os seguintes problemas comuns podem surgir:<\/p>\n<ul>\n<li>Vazamento de fluido hidr\u00e1ulico.<\/li>\n<li>Perda de pot\u00eancia ou for\u00e7a insuficiente.<\/li>\n<li>Ru\u00eddos ou vibra\u00e7\u00f5es excessivos.<\/li>\n<li>Funcionamento lento ou sem resposta.<\/li>\n<\/ul>\n<p>Para solucionar e resolver esses problemas, \u00e9 preciso agir prontamente e implementar medidas preventivas para minimizar poss\u00edveis problemas.<\/p>\n<p><img decoding=\"async\" src=\"https:\/\/www.hydraulic-cylinders.net\/wp-content\/uploads\/2025\/01\/songte-bushings-with-all-kinds-of-excavator-models.webp\" alt=\"Imagem de falhas\"><\/p>\n<p>Lembre-se de organizar o artigo de forma l\u00f3gica, usar subt\u00edtulos para facilitar a navega\u00e7\u00e3o, incorporar imagens ou gr\u00e1ficos relevantes para melhor compreens\u00e3o e garantir que o conte\u00fado seja claro, conciso e adequado para leitores com diferentes n\u00edveis de conhecimento t\u00e9cnico.<\/p>\n<h2>Sobre nossa empresa<\/h2>\n<p>Nossa empresa \u00e9 fabricante de cilindros hidr\u00e1ulicos de reposi\u00e7\u00e3o. Oferecemos uma ampla gama de produtos e nos tornamos um dos principais fabricantes e distribuidores atacadistas de cilindros hidr\u00e1ulicos nos mercados nacional e internacional. Primamos pela excel\u00eancia em qualidade e nos baseamos na estrat\u00e9gia de gest\u00e3o de produ\u00e7\u00e3o industrial de oficinas de fabrica\u00e7\u00e3o refinadas. Com nossa expertise t\u00e9cnica, equipamentos de fabrica\u00e7\u00e3o avan\u00e7ados e sistemas de teste profissionais, aprimoramos continuamente nossa plataforma de produ\u00e7\u00e3o e os processos de fabrica\u00e7\u00e3o de nossos produtos. Possu\u00edmos forte capacidade de inova\u00e7\u00e3o e nos esfor\u00e7amos para atender \u00e0s diversas necessidades de nossos clientes com alta efici\u00eancia, precis\u00e3o e qualidade.<\/p>\n<p><img decoding=\"async\" src=\"https:\/\/www.hydraulic-cylinders.net\/wp-content\/uploads\/2025\/01\/songte-company-3.webp\" alt=\"Imagem da empresa\"><\/p>\n<h3>Nossos principais diferenciais:<\/h3>\n<ul>\n<li>Profissionalismo e especializa\u00e7\u00e3o<\/li>\n<li>Certifica\u00e7\u00f5es Internacionais<\/li>\n<li>Servi\u00e7os de Personaliza\u00e7\u00e3o<\/li>\n<li>Equipamentos de Produ\u00e7\u00e3o Avan\u00e7ados<\/li>\n<li>Servi\u00e7o p\u00f3s-venda<\/li>\n<\/ul>\n<p>Autor: lyl<\/p>","protected":false},"excerpt":{"rendered":"<p>Bucket Cylinder For Bonny CE1000-7 Bucket Cylinder is a specially designed hydraulic cylinder that is primarily used to control the movement of the bucket in heavy machinery such as excavators, backhoe loaders, and front-end loaders. Its main function is to enable the lifting, lowering, and tilting of the bucket, making it convenient for various material [&hellip;]<\/p>","protected":false},"featured_media":14789,"comment_status":"open","ping_status":"closed","template":"","meta":{"_et_pb_use_builder":"","_et_pb_old_content":"","_et_gb_content_width":""},"product_brand":[],"product_cat":[1494],"product_tag":[1495,1496],"class_list":{"0":"post-15927","1":"product","2":"type-product","3":"status-publish","4":"has-post-thumbnail","6":"product_cat-bucket-cylinders","7":"product_tag-bucket-cylinders","8":"product_tag-hydraulic-cylinders","10":"first","11":"instock","12":"shipping-taxable","13":"product-type-simple"},"amp_enabled":true,"_links":{"self":[{"href":"https:\/\/www.hydraulic-cylinders.net\/pt\/wp-json\/wp\/v2\/product\/15927","targetHints":{"allow":["GET"]}}],"collection":[{"href":"https:\/\/www.hydraulic-cylinders.net\/pt\/wp-json\/wp\/v2\/product"}],"about":[{"href":"https:\/\/www.hydraulic-cylinders.net\/pt\/wp-json\/wp\/v2\/types\/product"}],"replies":[{"embeddable":true,"href":"https:\/\/www.hydraulic-cylinders.net\/pt\/wp-json\/wp\/v2\/comments?post=15927"}],"wp:featuredmedia":[{"embeddable":true,"href":"https:\/\/www.hydraulic-cylinders.net\/pt\/wp-json\/wp\/v2\/media\/14789"}],"wp:attachment":[{"href":"https:\/\/www.hydraulic-cylinders.net\/pt\/wp-json\/wp\/v2\/media?parent=15927"}],"wp:term":[{"taxonomy":"product_brand","embeddable":true,"href":"https:\/\/www.hydraulic-cylinders.net\/pt\/wp-json\/wp\/v2\/product_brand?post=15927"},{"taxonomy":"product_cat","embeddable":true,"href":"https:\/\/www.hydraulic-cylinders.net\/pt\/wp-json\/wp\/v2\/product_cat?post=15927"},{"taxonomy":"product_tag","embeddable":true,"href":"https:\/\/www.hydraulic-cylinders.net\/pt\/wp-json\/wp\/v2\/product_tag?post=15927"}],"curies":[{"name":"wp","href":"https:\/\/api.w.org\/{rel}","templated":true}]}}