{"id":15930,"date":"2025-01-19T15:10:49","date_gmt":"2025-01-19T15:10:49","guid":{"rendered":"https:\/\/www.hydraulic-cylinders.net\/product\/bucket-cylinder-for-bonny-ced750-8\/"},"modified":"2025-01-19T15:10:51","modified_gmt":"2025-01-19T15:10:51","slug":"bucket-cylinder-for-bonny-ced750-8","status":"publish","type":"product","link":"https:\/\/www.hydraulic-cylinders.net\/pt\/produto\/bucket-cylinder-for-bonny-ced750-8\/","title":{"rendered":"Cilindro da ca\u00e7amba para Bonny CED750-8"},"content":{"rendered":"<p><!DOCTYPE html><br \/>\n<html><br \/>\n<head><br \/>\n<title>Cilindro da ca\u00e7amba para Bonny CED750-8<\/title><br \/>\n<\/head><br \/>\n<body><\/p>\n<h1>Cilindro da ca\u00e7amba para Bonny CED750-8<\/h1>\n<h2>Introdu\u00e7\u00e3o<\/h2>\n<p>O cilindro da ca\u00e7amba da Bonny CED750-8 \u00e9 um cilindro hidr\u00e1ulico especialmente projetado para controlar o movimento da ca\u00e7amba em m\u00e1quinas pesadas, como escavadeiras, retroescavadeiras e p\u00e1s carregadeiras. Sua principal fun\u00e7\u00e3o \u00e9 permitir que a ca\u00e7amba suba, des\u00e7a e incline, facilitando diversas tarefas de movimenta\u00e7\u00e3o de materiais. No sistema hidr\u00e1ulico, o cilindro da ca\u00e7amba proporciona um controle preciso da ca\u00e7amba utilizando as varia\u00e7\u00f5es de press\u00e3o do \u00f3leo hidr\u00e1ulico, permitindo que os operadores manuseiem cargas pesadas com efici\u00eancia e se adaptem a ambientes de trabalho complexos e diversas exig\u00eancias da tarefa.<\/p>\n<p><img decoding=\"async\" src=\"https:\/\/www.hydraulic-cylinders.net\/wp-content\/uploads\/2025\/01\/songte-company-2.webp\" alt=\"Imagem do cilindro da ca\u00e7amba\"><\/p>\n<h2>Caracter\u00edsticas<\/h2>\n<ul>\n<li><strong>Alta resist\u00eancia e durabilidade:<\/strong> O cilindro da ca\u00e7amba \u00e9 normalmente feito de a\u00e7o de alta resist\u00eancia ou alum\u00ednio, capaz de suportar alta press\u00e3o e cargas pesadas, adaptando-se a ambientes de trabalho severos. O projeto leva em considera\u00e7\u00e3o a resist\u00eancia ao desgaste e \u00e0 corros\u00e3o para prolongar a vida \u00fatil.<\/li>\n<li><strong>Opera\u00e7\u00e3o hidr\u00e1ulica eficiente:<\/strong> Utilizando a press\u00e3o do \u00f3leo hidr\u00e1ulico, o cilindro da ca\u00e7amba realiza movimentos suaves de extens\u00e3o e retra\u00e7\u00e3o, proporcionando resposta r\u00e1pida aos comandos de controle e oferecendo for\u00e7as de empurrar e puxar potentes, adequadas para o manuseio de cargas pesadas e tarefas complexas.<\/li>\n<li><strong>V\u00e1rios tipos:<\/strong> O cilindro da ca\u00e7amba pode ser selecionado como de a\u00e7\u00e3o simples (sistema hidr\u00e1ulico utilizado em apenas uma dire\u00e7\u00e3o) ou de a\u00e7\u00e3o dupla (sistema hidr\u00e1ulico utilizado em ambas as dire\u00e7\u00f5es), de acordo com as necessidades operacionais espec\u00edficas. Alguns modelos s\u00e3o telesc\u00f3picos, permitindo maior extens\u00e3o sem aumentar as dimens\u00f5es externas, o que os torna adequados para aplica\u00e7\u00f5es com espa\u00e7o limitado.<\/li>\n<li><strong>Substitui\u00e7\u00e3o perfeita:<\/strong> Nossos produtos podem substituir perfeitamente os cilindros hidr\u00e1ulicos existentes. Oferecemos uma ampla gama de modelos de cilindros para atender a diversas necessidades.<\/li>\n<\/ul>\n<p><img decoding=\"async\" src=\"https:\/\/www.hydraulic-cylinders.net\/wp-content\/uploads\/2025\/01\/songte-cylinder-head-with-all-kinds-excavator-models.webp\" alt=\"Substitui\u00e7\u00e3o do cilindro da ca\u00e7amba\"><\/p>\n<h2>Aplica\u00e7\u00f5es<\/h2>\n<ul>\n<li><strong>Equipamentos de constru\u00e7\u00e3o:<\/strong> Os cilindros da ca\u00e7amba s\u00e3o essenciais em escavadeiras para escavar, carregar e movimentar solo ou entulho. Em retroescavadeiras, o cilindro da ca\u00e7amba auxilia tanto na escava\u00e7\u00e3o quanto no levantamento.<\/li>\n<li><strong>Maquinaria agr\u00edcola:<\/strong> Usado em carregadeiras frontais para recolher, levantar e transportar solo, feno e outros materiais.<\/li>\n<li><strong>Escavadeiras:<\/strong> O cilindro da ca\u00e7amba permite a\u00e7\u00f5es de escava\u00e7\u00e3o permitindo que a ca\u00e7amba penetre no solo.<\/li>\n<li><strong>Carregadores:<\/strong> Em carregadeiras frontais, os cilindros da ca\u00e7amba auxiliam no levantamento e inclina\u00e7\u00e3o eficientes de mercadorias.<\/li>\n<\/ul>\n<h2>Considera\u00e7\u00f5es de design e crit\u00e9rios de sele\u00e7\u00e3o<\/h2>\n<ul>\n<li><strong>Capacidade de carga:<\/strong> O cilindro da ca\u00e7amba foi projetado para suportar a capacidade de carga especificada, garantindo uma opera\u00e7\u00e3o segura e eficiente.<\/li>\n<li><strong>Selagem:<\/strong> Diversos componentes de veda\u00e7\u00e3o, como veda\u00e7\u00f5es de pist\u00e3o e veda\u00e7\u00f5es de haste, s\u00e3o utilizados para garantir uma veda\u00e7\u00e3o adequada e evitar vazamentos hidr\u00e1ulicos.<\/li>\n<li><strong>Durabilidade:<\/strong> A constru\u00e7\u00e3o e os materiais do cilindro s\u00e3o escolhidos para suportar os rigores de aplica\u00e7\u00f5es pesadas e para proporcionar um desempenho duradouro.<\/li>\n<li><strong>Seguran\u00e7a:<\/strong> Recursos de seguran\u00e7a, como v\u00e1lvulas de al\u00edvio de press\u00e3o, s\u00e3o implementados para evitar sobrecargas e garantir a seguran\u00e7a do operador.<\/li>\n<li><strong>Manuten\u00e7\u00e3o:<\/strong> O design permite f\u00e1cil manuten\u00e7\u00e3o e reparo, com componentes acess\u00edveis e instru\u00e7\u00f5es claras fornecidas no manual do produto.<\/li>\n<\/ul>\n<p><img decoding=\"async\" src=\"https:\/\/www.hydraulic-cylinders.net\/wp-content\/uploads\/2025\/01\/songte-oil-pipes-and-spare-parts.webp\" alt=\"Componentes do cilindro hidr\u00e1ulico\"><\/p>\n<h2>Veda\u00e7\u00e3o e Lubrifica\u00e7\u00e3o<\/h2>\n<p>O cilindro da ca\u00e7amba utiliza diversos componentes de veda\u00e7\u00e3o, como veda\u00e7\u00f5es de pist\u00e3o e veda\u00e7\u00f5es de haste, fabricados com materiais resistentes ao desgaste, como poliuretano e borracha nitr\u00edlica. O corpo do cilindro e as superf\u00edcies roscadas das extremidades recebem um tratamento preciso para aumentar a resist\u00eancia ao desgaste. A lubrifica\u00e7\u00e3o regular com a quantidade adequada de \u00f3leo hidr\u00e1ulico \u00e9 necess\u00e1ria para garantir o funcionamento suave e a longevidade do cilindro.<\/p>\n<h2>Inspe\u00e7\u00e3o regular e manuten\u00e7\u00e3o preventiva<\/h2>\n<ul>\n<li>Inspecione regularmente o cilindro para verificar se h\u00e1 sinais de desgaste, vazamentos ou danos.<\/li>\n<li>Garanta a lubrifica\u00e7\u00e3o adequada de todas as pe\u00e7as m\u00f3veis.<\/li>\n<li>Substitua as veda\u00e7\u00f5es e outros componentes desgastados conforme necess\u00e1rio.<\/li>\n<\/ul>\n<h2>Instala\u00e7\u00e3o correta do produto<\/h2>\n<p>A instala\u00e7\u00e3o correta \u00e9 crucial para o desempenho ideal do cilindro da ca\u00e7amba. Siga estas orienta\u00e7\u00f5es:<\/p>\n<ul>\n<li>Alinhe o cilindro corretamente durante a instala\u00e7\u00e3o.<\/li>\n<li>Utilize suportes de instala\u00e7\u00e3o adequados para fixar o cilindro.<\/li>\n<\/ul>\n<h2>Tarefas de manuten\u00e7\u00e3o<\/h2>\n<p>As tarefas comuns de manuten\u00e7\u00e3o incluem inspe\u00e7\u00f5es regulares, lubrifica\u00e7\u00e3o adequada, substitui\u00e7\u00e3o de veda\u00e7\u00f5es e verifica\u00e7\u00f5es de calibra\u00e7\u00e3o. A import\u00e2ncia da instala\u00e7\u00e3o, lubrifica\u00e7\u00e3o e ajuste corretos \u00e9 enfatizada. Forne\u00e7a orienta\u00e7\u00f5es para o alinhamento do cilindro durante a instala\u00e7\u00e3o e recomende o uso de suportes de instala\u00e7\u00e3o adequados para uma montagem segura. Recomende procedimentos de inspe\u00e7\u00e3o, reparo e substitui\u00e7\u00e3o, bem como dicas para prolongar a vida \u00fatil do cilindro da ca\u00e7amba.<\/p>\n<p><img decoding=\"async\" src=\"https:\/\/www.hydraulic-cylinders.net\/wp-content\/uploads\/2025\/01\/songte-chushion-collar.webp\" alt=\"Manuten\u00e7\u00e3o do cilindro da ca\u00e7amba\"><\/p>\n<h2>Considera\u00e7\u00f5es de seguran\u00e7a e fatores ambientais<\/h2>\n<p>Ressaltar a import\u00e2ncia das medidas de seguran\u00e7a ao utilizar o cilindro com balde e abordar quaisquer potenciais preocupa\u00e7\u00f5es ambientais relacionadas \u00e0 sua opera\u00e7\u00e3o.<\/p>\n<h2>Solu\u00e7\u00e3o de problemas e problemas comuns<\/h2>\n<p>Identificar poss\u00edveis falhas e problemas comuns associados ao cilindro da ca\u00e7amba. Fornecer dicas e solu\u00e7\u00f5es para ajudar os leitores a diagnosticar e resolver problemas com efic\u00e1cia. Oferecer medidas preventivas para minimizar problemas potenciais.<\/p>\n<p><img decoding=\"async\" src=\"https:\/\/www.hydraulic-cylinders.net\/wp-content\/uploads\/2025\/01\/songte-bushings-with-all-kinds-of-excavator-models.webp\" alt=\"Solu\u00e7\u00e3o de problemas do cilindro da ca\u00e7amba\"><\/p>\n<h2>Sobre nossa empresa<\/h2>\n<p>Somos um dos principais fabricantes e distribuidores atacadistas de cilindros hidr\u00e1ulicos nos mercados nacional e internacional. Nossa linha de produtos \u00e9 abrangente e buscamos estar na vanguarda da fabrica\u00e7\u00e3o de cilindros hidr\u00e1ulicos. Com foco na excel\u00eancia e utilizando estrat\u00e9gias de gest\u00e3o de produ\u00e7\u00e3o industrializada em nossa moderna f\u00e1brica, aprimoramos continuamente nossa plataforma de produ\u00e7\u00e3o, otimizamos os processos de fabrica\u00e7\u00e3o e possu\u00edmos forte capacidade de inova\u00e7\u00e3o. Nossos princ\u00edpios s\u00e3o efici\u00eancia, precis\u00e3o e alta qualidade, atendendo \u00e0s diversas necessidades de nossos clientes.<\/p>\n<p><img decoding=\"async\" src=\"https:\/\/hzpt.com\/wp-content\/uploads\/2024\/11\/songte-company-1.webp\" alt=\"Vis\u00e3o geral da empresa\"><\/p>\n<h3>Pontos-chave sobre nossa empresa:<\/h3>\n<ul>\n<li>Profissionalismo e compet\u00eancia<\/li>\n<li>Certifica\u00e7\u00f5es internacionais<\/li>\n<li>Servi\u00e7os personalizados<\/li>\n<li>Equipamentos de produ\u00e7\u00e3o de \u00faltima gera\u00e7\u00e3o<\/li>\n<li>Servi\u00e7os p\u00f3s-venda<\/li>\n<\/ul>\n<p><img decoding=\"async\" src=\"https:\/\/www.hydraulic-cylinders.net\/wp-content\/uploads\/2025\/01\/songte-company-3.webp\" alt=\"Destaques da empresa\"><\/p>\n<p>Autor: lyl<\/p>\n<p><\/body><br \/>\n<\/html><\/p>","protected":false},"excerpt":{"rendered":"<p>Bucket Cylinder For Bonny CED750-8 Bucket Cylinder For Bonny CED750-8 Introduction The bucket cylinder for Bonny CED750-8 is a specially designed hydraulic cylinder used to control the movement of the bucket in heavy machinery such as excavators, backhoe loaders, and front-end loaders. Its main function is to enable the bucket to lift, lower, and tilt, [&hellip;]<\/p>","protected":false},"featured_media":14785,"comment_status":"open","ping_status":"closed","template":"","meta":{"_et_pb_use_builder":"","_et_pb_old_content":"","_et_gb_content_width":""},"product_brand":[],"product_cat":[1494],"product_tag":[1495,1496],"class_list":{"0":"post-15930","1":"product","2":"type-product","3":"status-publish","4":"has-post-thumbnail","6":"product_cat-bucket-cylinders","7":"product_tag-bucket-cylinders","8":"product_tag-hydraulic-cylinders","10":"first","11":"instock","12":"shipping-taxable","13":"product-type-simple"},"amp_enabled":true,"_links":{"self":[{"href":"https:\/\/www.hydraulic-cylinders.net\/pt\/wp-json\/wp\/v2\/product\/15930","targetHints":{"allow":["GET"]}}],"collection":[{"href":"https:\/\/www.hydraulic-cylinders.net\/pt\/wp-json\/wp\/v2\/product"}],"about":[{"href":"https:\/\/www.hydraulic-cylinders.net\/pt\/wp-json\/wp\/v2\/types\/product"}],"replies":[{"embeddable":true,"href":"https:\/\/www.hydraulic-cylinders.net\/pt\/wp-json\/wp\/v2\/comments?post=15930"}],"wp:featuredmedia":[{"embeddable":true,"href":"https:\/\/www.hydraulic-cylinders.net\/pt\/wp-json\/wp\/v2\/media\/14785"}],"wp:attachment":[{"href":"https:\/\/www.hydraulic-cylinders.net\/pt\/wp-json\/wp\/v2\/media?parent=15930"}],"wp:term":[{"taxonomy":"product_brand","embeddable":true,"href":"https:\/\/www.hydraulic-cylinders.net\/pt\/wp-json\/wp\/v2\/product_brand?post=15930"},{"taxonomy":"product_cat","embeddable":true,"href":"https:\/\/www.hydraulic-cylinders.net\/pt\/wp-json\/wp\/v2\/product_cat?post=15930"},{"taxonomy":"product_tag","embeddable":true,"href":"https:\/\/www.hydraulic-cylinders.net\/pt\/wp-json\/wp\/v2\/product_tag?post=15930"}],"curies":[{"name":"wp","href":"https:\/\/api.w.org\/{rel}","templated":true}]}}