{"id":15931,"date":"2025-01-19T15:10:53","date_gmt":"2025-01-19T15:10:53","guid":{"rendered":"https:\/\/www.hydraulic-cylinders.net\/product\/bucket-cylinder-for-bonny-ce2200-7\/"},"modified":"2025-01-19T15:10:57","modified_gmt":"2025-01-19T15:10:57","slug":"bucket-cylinder-for-bonny-ce2200-7","status":"publish","type":"product","link":"https:\/\/www.hydraulic-cylinders.net\/pt\/produto\/bucket-cylinder-for-bonny-ce2200-7\/","title":{"rendered":"Cilindro da ca\u00e7amba para Bonny CE2200-7"},"content":{"rendered":"<h1>Cilindro da ca\u00e7amba para Bonny CE2200-7<\/h1>\n<h2>Introdu\u00e7\u00e3o<\/h2>\n<p>O cilindro da ca\u00e7amba da Bonny CE2200-7 \u00e9 um cilindro hidr\u00e1ulico especializado usado para controlar o movimento da ca\u00e7amba em m\u00e1quinas pesadas, como escavadeiras, retroescavadeiras e p\u00e1s carregadeiras. Sua principal fun\u00e7\u00e3o \u00e9 permitir que a ca\u00e7amba suba, des\u00e7a e incline para facilitar as tarefas de movimenta\u00e7\u00e3o de materiais. No sistema hidr\u00e1ulico, o cilindro da ca\u00e7amba controla os movimentos precisos da ca\u00e7amba alterando a press\u00e3o do \u00f3leo hidr\u00e1ulico, permitindo que os operadores manuseiem cargas pesadas com efici\u00eancia, se adaptem a ambientes de trabalho complexos e a diversas exig\u00eancias da tarefa.<\/p>\n<p><img decoding=\"async\" src=\"https:\/\/www.hydraulic-cylinders.net\/wp-content\/uploads\/2025\/01\/songte-company-2.webp\" alt=\"Cilindro da ca\u00e7amba para Bonny CE2200-7\"><\/p>\n<h2>Caracter\u00edsticas<\/h2>\n<ul>\n<li>\n<h3>Alta resist\u00eancia e durabilidade<\/h3>\n<p>O cilindro da ca\u00e7amba \u00e9 normalmente feito de a\u00e7o ou alum\u00ednio de alta resist\u00eancia, capaz de suportar alta press\u00e3o e cargas pesadas, adaptando-se a ambientes de trabalho severos. O projeto considera a resist\u00eancia ao desgaste e \u00e0 corros\u00e3o, prolongando sua vida \u00fatil.<\/p>\n<\/li>\n<li>\n<h3>Opera\u00e7\u00e3o Hidr\u00e1ulica Eficiente<\/h3>\n<p>O cilindro da ca\u00e7amba utiliza press\u00e3o de \u00f3leo hidr\u00e1ulico para obter uma extens\u00e3o e retra\u00e7\u00e3o suaves, respondendo rapidamente aos comandos de controle e fornecendo uma for\u00e7a de empurrar e puxar potente, adequada para o manuseio de cargas pesadas e opera\u00e7\u00f5es complexas.<\/p>\n<\/li>\n<li>\n<h3>V\u00e1rios tipos dispon\u00edveis<\/h3>\n<p>O cilindro da ca\u00e7amba est\u00e1 dispon\u00edvel em a\u00e7\u00e3o simples (sistema hidr\u00e1ulico unidirecional) ou a\u00e7\u00e3o dupla (sistema hidr\u00e1ulico bidirecional), de acordo com as necessidades operacionais. Alguns modelos s\u00e3o telesc\u00f3picos, permitindo maior extens\u00e3o sem aumentar as dimens\u00f5es externas, sendo ideais para aplica\u00e7\u00f5es com espa\u00e7o limitado.<\/p>\n<\/li>\n<li>\n<h3>Op\u00e7\u00e3o de substitui\u00e7\u00e3o perfeita<\/h3>\n<p>Nosso produto pode substituir perfeitamente esses cilindros hidr\u00e1ulicos; n\u00f3s podemos fabricar esse produto.<\/p>\n<\/li>\n<li>\n<h3>Cen\u00e1rios de Aplica\u00e7\u00e3o<\/h3>\n<ul>\n<li>\n<h4>Equipamentos de constru\u00e7\u00e3o<\/h4>\n<p>Em escavadeiras, s\u00e3o essenciais para escavar, carregar e movimentar solo ou entulho. Em retroescavadeiras, o cilindro da ca\u00e7amba auxilia tanto na escava\u00e7\u00e3o quanto no levantamento. Em p\u00e1s carregadeiras, auxiliam no levantamento e despejo eficiente de materiais.<\/p>\n<p>        <img decoding=\"async\" src=\"https:\/\/hzpt.com\/wp-content\/uploads\/2024\/11\/songte-company-1.webp\" alt=\"Cilindro da ca\u00e7amba para Bonny CE2200-7\">\n      <\/li>\n<li>\n<h4>Maquinaria agr\u00edcola<\/h4>\n<p>Utilizado em p\u00e1s carregadeiras frontais para escavar, levantar e transportar terra, feno e outros materiais. Em escavadeiras, o cilindro da ca\u00e7amba permite a escava\u00e7\u00e3o, possibilitando que a ca\u00e7amba penetre no solo.<\/p>\n<p>        <img decoding=\"async\" src=\"https:\/\/www.hydraulic-cylinders.net\/wp-content\/uploads\/2025\/01\/songte-chushion-collar.webp\" alt=\"Cilindro da ca\u00e7amba para Bonny CE2200-7\">\n      <\/li>\n<\/ul>\n<\/li>\n<\/ul>\n<h2>Considera\u00e7\u00f5es de design e crit\u00e9rios de sele\u00e7\u00e3o<\/h2>\n<ul>\n<li>\n<h3>Capacidade de carga<\/h3>\n<p>A capacidade de carga do cilindro da ca\u00e7amba \u00e9 um fator cr\u00edtico para garantir que ele suporte cargas pesadas. O projeto deve levar em considera\u00e7\u00e3o a press\u00e3o hidr\u00e1ulica necess\u00e1ria para movimentar a ca\u00e7amba e o peso do material a ser manuseado.<\/p>\n<\/li>\n<li>\n<h3>Selagem<\/h3>\n<p>O mecanismo de veda\u00e7\u00e3o do cilindro da ca\u00e7amba \u00e9 essencial para garantir que ele suporte a press\u00e3o hidr\u00e1ulica sem vazamentos. O projeto deve considerar o uso de materiais adequados para os componentes de veda\u00e7\u00e3o, como veda\u00e7\u00f5es do pist\u00e3o e veda\u00e7\u00f5es da haste.<\/p>\n<\/li>\n<li>\n<h3>Durabilidade<\/h3>\n<p>O cilindro da ca\u00e7amba deve ser capaz de suportar condi\u00e7\u00f5es de trabalho severas e resistir ao desgaste e \u00e0 corros\u00e3o. O projeto deve considerar o uso de materiais adequados para os componentes expostos ao desgaste e \u00e0 corros\u00e3o, como o corpo e a haste do cilindro.<\/p>\n<\/li>\n<li>\n<h3>Seguran\u00e7a<\/h3>\n<p>O projeto do cilindro da ca\u00e7amba deve levar em considera\u00e7\u00e3o fatores de seguran\u00e7a, como garantir que ele n\u00e3o apresente mau funcionamento, causando ferimentos ou danos ao equipamento ou ao meio ambiente.<\/p>\n<\/li>\n<li>\n<h3>Manuten\u00e7\u00e3o<\/h3>\n<p>O cilindro da ca\u00e7amba requer manuten\u00e7\u00e3o peri\u00f3dica para garantir seu funcionamento correto. O projeto deve considerar o f\u00e1cil acesso aos componentes que necessitam de manuten\u00e7\u00e3o, como as veda\u00e7\u00f5es do pist\u00e3o, as veda\u00e7\u00f5es da haste e as mangueiras hidr\u00e1ulicas.<\/p>\n<p>    <img decoding=\"async\" src=\"https:\/\/www.hydraulic-cylinders.net\/wp-content\/uploads\/2025\/01\/songte-oil-pipes-and-spare-parts.webp\" alt=\"Cilindro da ca\u00e7amba para Bonny CE2200-7\">\n  <\/li>\n<\/ul>\n<h2>Veda\u00e7\u00e3o e Lubrifica\u00e7\u00e3o<\/h2>\n<p>O cilindro da ca\u00e7amba utiliza diversos componentes de veda\u00e7\u00e3o, como veda\u00e7\u00f5es de pist\u00e3o e veda\u00e7\u00f5es de haste, fabricados com materiais resistentes ao desgaste, como poliuretano e borracha nitr\u00edlica. O corpo do cilindro e a superf\u00edcie roscada da extremidade passam por um tratamento preciso para melhorar a resist\u00eancia ao desgaste. A lubrifica\u00e7\u00e3o regular com \u00f3leo hidr\u00e1ulico \u00e9 necess\u00e1ria para garantir o funcionamento suave, reduzir o desgaste e prolongar a vida \u00fatil.<\/p>\n<h2>Inspe\u00e7\u00e3o e Manuten\u00e7\u00e3o Preventiva<\/h2>\n<ul>\n<li>\n<h3>Inspe\u00e7\u00e3o regular<\/h3>\n<p>Inspecione o corpo do cilindro, o pist\u00e3o e a haste quanto a desgaste, danos e desalinhamento. Verifique as mangueiras e conex\u00f5es hidr\u00e1ulicas quanto a vazamentos, rachaduras e conex\u00f5es soltas.<\/p>\n<\/li>\n<li>\n<h3>Lubrifica\u00e7\u00e3o adequada<\/h3>\n<p>Utilize o \u00f3leo hidr\u00e1ulico apropriado e certifique-se de que o n\u00edvel esteja de acordo com o recomendado. Verifique o filtro de \u00f3leo e substitua-o, se necess\u00e1rio.<\/p>\n<\/li>\n<li>\n<h3>Substitui\u00e7\u00e3o da veda\u00e7\u00e3o<\/h3>\n<p>Substitua imediatamente as veda\u00e7\u00f5es do pist\u00e3o ou da haste que estiverem desgastadas ou danificadas para evitar vazamentos e garantir uma veda\u00e7\u00e3o adequada.<\/p>\n<\/li>\n<li>\n<h3>Verifica\u00e7\u00e3o de calibra\u00e7\u00e3o<\/h3>\n<p>Certifique-se de que a calibra\u00e7\u00e3o do cilindro esteja correta para evitar sobrecarga ou subcarga. Verifique o man\u00f4metro e ajuste a calibra\u00e7\u00e3o conforme necess\u00e1rio.<\/p>\n<p>    <img decoding=\"async\" src=\"https:\/\/www.hydraulic-cylinders.net\/wp-content\/uploads\/2025\/01\/songte-bushings-with-all-kinds-of-excavator-models.webp\" alt=\"Cilindro da ca\u00e7amba para Bonny CE2200-7\">\n  <\/li>\n<\/ul>\n<h2>Considera\u00e7\u00f5es de seguran\u00e7a e fatores ambientais<\/h2>\n<p>A seguran\u00e7a \u00e9 fundamental ao usar o cilindro com ca\u00e7amba. Siga sempre as normas de seguran\u00e7a, use os equipamentos de prote\u00e7\u00e3o individual adequados e certifique-se de que o equipamento esteja em boas condi\u00e7\u00f5es de funcionamento. O uso do cilindro com ca\u00e7amba pode impactar o meio ambiente, causando eros\u00e3o do solo, polui\u00e7\u00e3o por poeira e polui\u00e7\u00e3o sonora. Garanta o manuseio e o descarte seguros de quaisquer materiais perigosos.<\/p>\n<h2>Solu\u00e7\u00e3o de problemas e problemas comuns<\/h2>\n<p>Problemas comuns com o cilindro da ca\u00e7amba incluem vazamentos, press\u00e3o insuficiente ou irregular e v\u00e1lvulas de controle com defeito. Solucione esses problemas inspecionando o corpo do cilindro, o pist\u00e3o e as veda\u00e7\u00f5es da haste, as mangueiras hidr\u00e1ulicas e as conex\u00f5es. A manuten\u00e7\u00e3o adequada e a inspe\u00e7\u00e3o regular podem prevenir muitos desses problemas.<\/p>\n<h2>Introdu\u00e7\u00e3o \u00e0 empresa<\/h2>\n<p>Somos um dos principais fabricantes e distribuidores de cilindros hidr\u00e1ulicos nos mercados nacional e internacional. Nossos produtos s\u00e3o vers\u00e1teis e seguimos um rigoroso controle de qualidade, aliado a estrat\u00e9gias de gest\u00e3o de produ\u00e7\u00e3o eficientes e precisas. Nossa expertise em tecnologia, equipamentos e sistemas de inspe\u00e7\u00e3o profissional, juntamente com uma equipe qualificada, garante que atendemos \u00e0s diversas necessidades dos nossos clientes. Oferecemos servi\u00e7os personalizados e nossos produtos possuem certifica\u00e7\u00f5es internacionais, o que nos torna um parceiro confi\u00e1vel para fabricantes de m\u00e1quinas pesadas e distribuidores de equipamentos hidr\u00e1ulicos.<\/p>\n<ul>\n<li>\n<h3>Profissionalismo<\/h3>\n<p>Contamos com uma equipe profissional e experiente dedicada a fornecer produtos e servi\u00e7os de qualidade.<\/p>\n<\/li>\n<li>\n<h3>Certifica\u00e7\u00f5es Internacionais<\/h3>\n<p>Nossos produtos possuem certifica\u00e7\u00f5es internacionais, garantindo que atendam aos mais altos padr\u00f5es de qualidade.<\/p>\n<\/li>\n<li>\n<h3>Servi\u00e7os Personalizados<\/h3>\n<p>Oferecemos servi\u00e7os personalizados para atender \u00e0s diversas necessidades dos clientes.<\/p>\n<\/li>\n<li>\n<h3>Equipamentos de produ\u00e7\u00e3o<\/h3>\n<p>Utilizamos equipamentos de produ\u00e7\u00e3o avan\u00e7ados para garantir processos de fabrica\u00e7\u00e3o eficientes e precisos.<\/p>\n<\/li>\n<li>\n<h3>Servi\u00e7o p\u00f3s-venda<\/h3>\n<p>Oferecemos servi\u00e7os p\u00f3s-venda completos, incluindo reparo e substitui\u00e7\u00e3o de pe\u00e7as, para garantir a longevidade de nossos produtos.<\/p>\n<p>    <img decoding=\"async\" src=\"https:\/\/www.hydraulic-cylinders.net\/wp-content\/uploads\/2025\/01\/songte-company-3.webp\" alt=\"Cilindro da ca\u00e7amba para Bonny CE2200-7\">\n  <\/li>\n<\/ul>\n<p>Autor: lyl<\/p>","protected":false},"excerpt":{"rendered":"<p>Bucket Cylinder For Bonny CE2200-7 Introduction The bucket cylinder for Bonny CE2200-7 is a specialized hydraulic cylinder used for controlling the movement of the bucket in heavy machinery such as excavators, backhoe excavators, and front-end loaders. Its primary function is to enable the bucket to lift, lower, and tilt for easy material handling tasks. In [&hellip;]<\/p>","protected":false},"featured_media":14784,"comment_status":"open","ping_status":"closed","template":"","meta":{"_et_pb_use_builder":"","_et_pb_old_content":"","_et_gb_content_width":""},"product_brand":[],"product_cat":[1494],"product_tag":[1495,1496],"class_list":{"0":"post-15931","1":"product","2":"type-product","3":"status-publish","4":"has-post-thumbnail","6":"product_cat-bucket-cylinders","7":"product_tag-bucket-cylinders","8":"product_tag-hydraulic-cylinders","10":"first","11":"instock","12":"shipping-taxable","13":"product-type-simple"},"amp_enabled":true,"_links":{"self":[{"href":"https:\/\/www.hydraulic-cylinders.net\/pt\/wp-json\/wp\/v2\/product\/15931","targetHints":{"allow":["GET"]}}],"collection":[{"href":"https:\/\/www.hydraulic-cylinders.net\/pt\/wp-json\/wp\/v2\/product"}],"about":[{"href":"https:\/\/www.hydraulic-cylinders.net\/pt\/wp-json\/wp\/v2\/types\/product"}],"replies":[{"embeddable":true,"href":"https:\/\/www.hydraulic-cylinders.net\/pt\/wp-json\/wp\/v2\/comments?post=15931"}],"wp:featuredmedia":[{"embeddable":true,"href":"https:\/\/www.hydraulic-cylinders.net\/pt\/wp-json\/wp\/v2\/media\/14784"}],"wp:attachment":[{"href":"https:\/\/www.hydraulic-cylinders.net\/pt\/wp-json\/wp\/v2\/media?parent=15931"}],"wp:term":[{"taxonomy":"product_brand","embeddable":true,"href":"https:\/\/www.hydraulic-cylinders.net\/pt\/wp-json\/wp\/v2\/product_brand?post=15931"},{"taxonomy":"product_cat","embeddable":true,"href":"https:\/\/www.hydraulic-cylinders.net\/pt\/wp-json\/wp\/v2\/product_cat?post=15931"},{"taxonomy":"product_tag","embeddable":true,"href":"https:\/\/www.hydraulic-cylinders.net\/pt\/wp-json\/wp\/v2\/product_tag?post=15931"}],"curies":[{"name":"wp","href":"https:\/\/api.w.org\/{rel}","templated":true}]}}