{"id":15932,"date":"2025-01-19T15:10:59","date_gmt":"2025-01-19T15:10:59","guid":{"rendered":"https:\/\/www.hydraulic-cylinders.net\/product\/bucket-cylinder-for-bonny-wzyd18-6\/"},"modified":"2025-01-19T15:11:02","modified_gmt":"2025-01-19T15:11:02","slug":"bucket-cylinder-for-bonny-wzyd18-6","status":"publish","type":"product","link":"https:\/\/www.hydraulic-cylinders.net\/pt\/produto\/bucket-cylinder-for-bonny-wzyd18-6\/","title":{"rendered":"Cilindro da ca\u00e7amba para Bonny WZYD18-6"},"content":{"rendered":"<h1>Cilindro da ca\u00e7amba para Bonny WZYD18-6<\/h1>\n<h2>Introdu\u00e7\u00e3o<\/h2>\n<p>O cilindro da ca\u00e7amba para Bonny WZYD18-6 \u00e9 um tipo de cilindro hidr\u00e1ulico especializado, projetado para controlar o movimento da ca\u00e7amba em m\u00e1quinas pesadas, como escavadeiras, retroescavadeiras e p\u00e1s carregadeiras. Sua principal fun\u00e7\u00e3o \u00e9 facilitar o levantamento, abaixamento e inclina\u00e7\u00e3o da ca\u00e7amba, permitindo o manuseio eficiente de diversos materiais. No sistema hidr\u00e1ulico, o cilindro da ca\u00e7amba proporciona um controle preciso da ca\u00e7amba, variando a press\u00e3o do \u00f3leo hidr\u00e1ulico, permitindo que os operadores manuseiem cargas pesadas com efici\u00eancia e se adaptem a ambientes de trabalho complexos e diversas necessidades operacionais.<\/p>\n<p><img decoding=\"async\" src=\"https:\/\/www.hydraulic-cylinders.net\/wp-content\/uploads\/2025\/01\/songte-company-2.webp\" alt=\"Cilindro da ca\u00e7amba para Bonny WZYD18-6\"><\/p>\n<h2>Caracter\u00edsticas do produto<\/h2>\n<ul>\n<li>\n<h3>Alta resist\u00eancia e durabilidade<\/h3>\n<p>Geralmente fabricado em a\u00e7o de alta resist\u00eancia ou alum\u00ednio, o cilindro da ca\u00e7amba suporta alta press\u00e3o e cargas pesadas, adaptando-se a ambientes de trabalho severos. Seu projeto leva em considera\u00e7\u00e3o a resist\u00eancia ao desgaste e \u00e0 corros\u00e3o, prolongando assim sua vida \u00fatil.<\/p>\n<\/li>\n<li>\n<h3>Opera\u00e7\u00e3o Hidr\u00e1ulica Eficiente<\/h3>\n<p>Utilizando a press\u00e3o do \u00f3leo hidr\u00e1ulico, o cilindro da ca\u00e7amba realiza movimentos suaves de extens\u00e3o e retra\u00e7\u00e3o, com resposta r\u00e1pida aos comandos de controle, proporcionando for\u00e7as de empuxo e tra\u00e7\u00e3o potentes, o que o torna adequado para o manuseio de cargas pesadas e tarefas operacionais complexas.<\/p>\n<\/li>\n<li>\n<h3>Tipos diversos<\/h3>\n<p>O cilindro da ca\u00e7amba pode ser selecionado como de a\u00e7\u00e3o simples (utilizando hidr\u00e1ulica em apenas uma dire\u00e7\u00e3o) ou de a\u00e7\u00e3o dupla (utilizando hidr\u00e1ulica em duas dire\u00e7\u00f5es), de acordo com as necessidades operacionais. Alguns modelos s\u00e3o telesc\u00f3picos, permitindo maior extens\u00e3o sem aumentar as dimens\u00f5es externas, o que os torna adequados para aplica\u00e7\u00f5es com espa\u00e7o limitado.<\/p>\n<\/li>\n<li>\n<h3>Disponibilidade do produto<\/h3>\n<p>Nossos produtos podem substituir perfeitamente esses cilindros hidr\u00e1ulicos, e oferecemos uma variedade de op\u00e7\u00f5es para voc\u00ea escolher. <\/p>\n<\/li>\n<li>\n<h3>Cen\u00e1rios de Aplica\u00e7\u00e3o<\/h3>\n<p>O cilindro de ca\u00e7amba \u00e9 amplamente utilizado em diversos setores, incluindo equipamentos de constru\u00e7\u00e3o, m\u00e1quinas agr\u00edcolas, escavadeiras e carregadeiras.<\/p>\n<\/li>\n<\/ul>\n<h2>Considera\u00e7\u00f5es de design e crit\u00e9rios de sele\u00e7\u00e3o<\/h2>\n<p>Os cilindros de ca\u00e7amba s\u00e3o componentes cr\u00edticos dos sistemas hidr\u00e1ulicos e devem ser projetados e selecionados cuidadosamente, levando em considera\u00e7\u00e3o fatores como capacidade de carga, veda\u00e7\u00e3o, durabilidade, seguran\u00e7a e facilidade de manuten\u00e7\u00e3o. Algumas das principais considera\u00e7\u00f5es de projeto e crit\u00e9rios de sele\u00e7\u00e3o s\u00e3o:<\/p>\n<ul>\n<li>\n<h3>Capacidade de carga<\/h3>\n<p>O cilindro da ca\u00e7amba deve ser capaz de suportar a carga m\u00e1xima que provavelmente encontrar\u00e1 durante a opera\u00e7\u00e3o, sem qualquer risco de falha. O tamanho, o tipo e os materiais utilizados em sua constru\u00e7\u00e3o devem ser cuidadosamente escolhidos com base na aplica\u00e7\u00e3o espec\u00edfica.<\/p>\n<\/li>\n<li>\n<h3>Selagem<\/h3>\n<p>O cilindro da ca\u00e7amba deve ser vedado de forma eficaz para evitar vazamentos de fluido hidr\u00e1ulico, o que pode causar problemas operacionais e aumentar a necessidade de manuten\u00e7\u00e3o. Diversos tipos de veda\u00e7\u00f5es, como veda\u00e7\u00f5es de pist\u00e3o e veda\u00e7\u00f5es de haste, feitas de materiais como poliuretano e borracha nitr\u00edlica, podem ser usados \u200b\u200bpara garantir uma veda\u00e7\u00e3o eficaz. O corpo do cilindro e as superf\u00edcies roscadas das extremidades tamb\u00e9m devem ser usinados com precis\u00e3o para melhorar a resist\u00eancia ao desgaste.<\/p>\n<\/li>\n<li>\n<h3>Durabilidade<\/h3>\n<p>O cilindro da ca\u00e7amba deve ser dur\u00e1vel, resistente ao desgaste e \u00e0 corros\u00e3o, e capaz de suportar condi\u00e7\u00f5es operacionais severas. Materiais de alta qualidade, processos de fabrica\u00e7\u00e3o precisos e tratamentos de superf\u00edcie adequados podem ajudar a garantir uma longa vida \u00fatil.<\/p>\n<\/li>\n<li>\n<h3>Seguran\u00e7a<\/h3>\n<p>O cilindro da ca\u00e7amba deve ser projetado para atender aos requisitos de seguran\u00e7a, como evitar o risco de flambagem ou falha repentina e impedir o vazamento de fluido hidr\u00e1ulico sob press\u00e3o. Os procedimentos adequados de instala\u00e7\u00e3o, manuten\u00e7\u00e3o e opera\u00e7\u00e3o devem ser seguidos para garantir a seguran\u00e7a.<\/p>\n<\/li>\n<li>\n<h3>Manutenibilidade<\/h3>\n<p>O cilindro da ca\u00e7amba deve ser projetado para facilitar a manuten\u00e7\u00e3o e o reparo quando necess\u00e1rio, incluindo f\u00e1cil desmontagem e remontagem, disponibilidade de pe\u00e7as de reposi\u00e7\u00e3o e acesso a suporte t\u00e9cnico.<\/p>\n<\/li>\n<\/ul>\n<p><img decoding=\"async\" src=\"https:\/\/www.hydraulic-cylinders.net\/wp-content\/uploads\/2025\/01\/songte-oil-pipes-and-spare-parts.webp\" alt=\"Cilindro da ca\u00e7amba para Bonny WZYD18-6\"><\/p>\n<h2>Veda\u00e7\u00e3o e Lubrifica\u00e7\u00e3o<\/h2>\n<p>O cilindro da ca\u00e7amba requer veda\u00e7\u00e3o e lubrifica\u00e7\u00e3o eficazes para garantir o funcionamento suave e evitar vazamentos de fluido hidr\u00e1ulico. Diversos tipos de veda\u00e7\u00f5es, como veda\u00e7\u00f5es de pist\u00e3o e veda\u00e7\u00f5es de haste, feitas de materiais como poliuretano e borracha nitr\u00edlica, podem ser usados \u200b\u200bpara garantir uma veda\u00e7\u00e3o eficaz. O corpo do cilindro e as superf\u00edcies roscadas das extremidades tamb\u00e9m devem ser usinados com precis\u00e3o para melhorar a resist\u00eancia ao desgaste. A adi\u00e7\u00e3o regular de \u00f3leo hidr\u00e1ulico apropriado garante a lubrifica\u00e7\u00e3o adequada do cilindro da ca\u00e7amba.<\/p>\n<h2>Manuten\u00e7\u00e3o e Reparo<\/h2>\n<p>A manuten\u00e7\u00e3o e o reparo regulares s\u00e3o essenciais para garantir o funcionamento adequado do cilindro da ca\u00e7amba e prolongar sua vida \u00fatil. Algumas das tarefas comuns de manuten\u00e7\u00e3o incluem verifica\u00e7\u00f5es regulares, lubrifica\u00e7\u00e3o adequada e calibragens. A instala\u00e7\u00e3o, lubrifica\u00e7\u00e3o e ajuste corretos tamb\u00e9m s\u00e3o cruciais para garantir a longevidade do cilindro da ca\u00e7amba. Recomenda-se ainda o uso de suportes de instala\u00e7\u00e3o adequados para fixar o cilindro e seguir os procedimentos recomendados de inspe\u00e7\u00e3o, reparo e substitui\u00e7\u00e3o.<\/p>\n<p><img decoding=\"async\" src=\"https:\/\/www.hydraulic-cylinders.net\/wp-content\/uploads\/2025\/01\/songte-chushion-collar.webp\" alt=\"Cilindro da ca\u00e7amba para Bonny WZYD18-6\"><\/p>\n<h2>Considera\u00e7\u00f5es de seguran\u00e7a e fatores ambientais<\/h2>\n<p>Os cilindros hidr\u00e1ulicos de ca\u00e7amba devem ser utilizados com medidas de seguran\u00e7a adequadas para prevenir acidentes e garantir uma opera\u00e7\u00e3o segura. Alguns dos fatores ambientais a serem considerados ao utilizar o cilindro hidr\u00e1ulico de ca\u00e7amba incluem ventila\u00e7\u00e3o adequada e descarte correto do fluido hidr\u00e1ulico.<\/p>\n<h2>Solu\u00e7\u00e3o de problemas e problemas comuns<\/h2>\n<p>Os cilindros de ca\u00e7amba podem apresentar diversos problemas operacionais, como vazamentos ou perda de press\u00e3o. \u00c9 essencial diagnosticar o problema corretamente e tomar as medidas apropriadas para resolv\u00ea-lo. Alguns dos problemas e solu\u00e7\u00f5es comuns incluem verificar a lubrifica\u00e7\u00e3o adequada, inspecionar as veda\u00e7\u00f5es quanto a danos e verificar o desgaste dos componentes do cilindro.<\/p>\n<p><img decoding=\"async\" src=\"https:\/\/www.hydraulic-cylinders.net\/wp-content\/uploads\/2025\/01\/songte-bushings-with-all-kinds-of-excavator-models.webp\" alt=\"Cilindro da ca\u00e7amba para Bonny WZYD18-6\"><\/p>\n<h2>Sobre nossa empresa<\/h2>\n<p>Somos um dos principais fabricantes e distribuidores atacadistas de cilindros hidr\u00e1ulicos nos mercados nacional e internacional. Nossos produtos s\u00e3o de excelente qualidade e seguimos pr\u00e1ticas de fabrica\u00e7\u00e3o precisas em nossa estrat\u00e9gia de gest\u00e3o de produ\u00e7\u00e3o industrializada. Contamos com uma equipe de profissionais, equipamentos de fabrica\u00e7\u00e3o avan\u00e7ados e sistemas de teste especializados, o que nos permite fornecer produtos de alta qualidade que atendem \u00e0s diversas necessidades de nossos clientes. Oferecemos servi\u00e7os personalizados e nossos produtos possuem certifica\u00e7\u00e3o internacional. Nossa empresa fornece uma ampla gama de equipamentos de produ\u00e7\u00e3o, excelente servi\u00e7o p\u00f3s-venda e temos uma grande capacidade de criar produtos de alta qualidade que atendam \u00e0s necessidades dos clientes.<\/p>\n<ul>\n<li>\n<h3>Profissionalismo<\/h3>\n<p>Nossa empresa conta com profissionais com vasta experi\u00eancia na \u00e1rea de cilindros hidr\u00e1ulicos e empregamos t\u00e9cnicas de fabrica\u00e7\u00e3o precisas para garantir produtos de alta qualidade.<\/p>\n<\/li>\n<li>\n<h3>Certifica\u00e7\u00e3o Internacional<\/h3>\n<p>Nossos produtos possuem certifica\u00e7\u00e3o internacional para garantir que atendam aos mais altos padr\u00f5es de qualidade e seguran\u00e7a.<\/p>\n<\/li>\n<li>\n<h3>Servi\u00e7o personalizado<\/h3>\n<p>Oferecemos servi\u00e7os personalizados para atender \u00e0s necessidades espec\u00edficas de nossos clientes.<\/p>\n<\/li>\n<li>\n<h3>Equipamentos de produ\u00e7\u00e3o<\/h3>\n<p>Nossa empresa possui equipamentos de fabrica\u00e7\u00e3o avan\u00e7ados, o que nos permite produzir produtos de alta qualidade com efici\u00eancia.<\/p>\n<\/li>\n<li>\n<h3>Servi\u00e7o p\u00f3s-venda<\/h3>\n<p>Oferecemos um excelente servi\u00e7o p\u00f3s-venda para garantir que nossos clientes estejam satisfeitos com nossos produtos e servi\u00e7os.<\/p>\n<\/li>\n<\/ul>\n<p><img decoding=\"async\" src=\"https:\/\/hzpt.com\/wp-content\/uploads\/2024\/11\/songte-company-1.webp\" alt=\"Cilindro da ca\u00e7amba para Bonny WZYD18-6\"><\/p>\n<p>Autor: lyl<\/p>","protected":false},"excerpt":{"rendered":"<p>Bucket Cylinder for Bonny WZYD18-6 Introduction The bucket cylinder for Bonny WZYD18-6 is a type of specialized hydraulic cylinder designed to control the movement of the bucket in heavy machinery such as excavators, backhoe excavators, and front-end loaders. Its main function is to facilitate the lifting, lowering, and tilting of the bucket, thereby enabling efficient [&hellip;]<\/p>","protected":false},"featured_media":14782,"comment_status":"open","ping_status":"closed","template":"","meta":{"_et_pb_use_builder":"","_et_pb_old_content":"","_et_gb_content_width":""},"product_brand":[],"product_cat":[1494],"product_tag":[1495,1496],"class_list":{"0":"post-15932","1":"product","2":"type-product","3":"status-publish","4":"has-post-thumbnail","6":"product_cat-bucket-cylinders","7":"product_tag-bucket-cylinders","8":"product_tag-hydraulic-cylinders","10":"first","11":"instock","12":"shipping-taxable","13":"product-type-simple"},"amp_enabled":true,"_links":{"self":[{"href":"https:\/\/www.hydraulic-cylinders.net\/pt\/wp-json\/wp\/v2\/product\/15932","targetHints":{"allow":["GET"]}}],"collection":[{"href":"https:\/\/www.hydraulic-cylinders.net\/pt\/wp-json\/wp\/v2\/product"}],"about":[{"href":"https:\/\/www.hydraulic-cylinders.net\/pt\/wp-json\/wp\/v2\/types\/product"}],"replies":[{"embeddable":true,"href":"https:\/\/www.hydraulic-cylinders.net\/pt\/wp-json\/wp\/v2\/comments?post=15932"}],"wp:featuredmedia":[{"embeddable":true,"href":"https:\/\/www.hydraulic-cylinders.net\/pt\/wp-json\/wp\/v2\/media\/14782"}],"wp:attachment":[{"href":"https:\/\/www.hydraulic-cylinders.net\/pt\/wp-json\/wp\/v2\/media?parent=15932"}],"wp:term":[{"taxonomy":"product_brand","embeddable":true,"href":"https:\/\/www.hydraulic-cylinders.net\/pt\/wp-json\/wp\/v2\/product_brand?post=15932"},{"taxonomy":"product_cat","embeddable":true,"href":"https:\/\/www.hydraulic-cylinders.net\/pt\/wp-json\/wp\/v2\/product_cat?post=15932"},{"taxonomy":"product_tag","embeddable":true,"href":"https:\/\/www.hydraulic-cylinders.net\/pt\/wp-json\/wp\/v2\/product_tag?post=15932"}],"curies":[{"name":"wp","href":"https:\/\/api.w.org\/{rel}","templated":true}]}}