{"id":15939,"date":"2025-01-19T15:11:34","date_gmt":"2025-01-19T15:11:34","guid":{"rendered":"https:\/\/www.hydraulic-cylinders.net\/product\/bucket-cylinder-for-bonny-wzt46-7-45-7\/"},"modified":"2025-01-19T15:11:36","modified_gmt":"2025-01-19T15:11:36","slug":"bucket-cylinder-for-bonny-wzt46-7-45-7","status":"publish","type":"product","link":"https:\/\/www.hydraulic-cylinders.net\/pt\/produto\/bucket-cylinder-for-bonny-wzt46-7-45-7\/","title":{"rendered":"Cilindro da ca\u00e7amba para Bonny WZT46-7\/45-7"},"content":{"rendered":"<h1>Cilindro da ca\u00e7amba para Bonny WZT46-7\/45-7<\/h1>\n<h2>Introdu\u00e7\u00e3o<\/h2>\n<p>O cilindro de ca\u00e7amba para Bonny WZT46-7\/45-7 \u00e9 um tipo de cilindro hidr\u00e1ulico projetado especificamente para controlar o movimento da ca\u00e7amba em m\u00e1quinas pesadas, como escavadeiras, retroescavadeiras e p\u00e1s carregadeiras. Sua principal fun\u00e7\u00e3o \u00e9 facilitar diversas tarefas de movimenta\u00e7\u00e3o de materiais, permitindo que a ca\u00e7amba suba, des\u00e7a e incline com precis\u00e3o, utilizando as varia\u00e7\u00f5es de press\u00e3o do \u00f3leo hidr\u00e1ulico no sistema. Isso permite que os operadores manuseiem cargas pesadas com efici\u00eancia e se adaptem a diversas condi\u00e7\u00f5es e requisitos de trabalho.<\/p>\n<p><img decoding=\"async\" src=\"https:\/\/www.hydraulic-cylinders.net\/wp-content\/uploads\/2025\/01\/songte-company-2.webp\" alt=\"Imagem do cilindro da ca\u00e7amba\"><\/p>\n<h2>Caracter\u00edsticas<\/h2>\n<ul>\n<li>\n<h3>Alta resist\u00eancia e durabilidade<\/h3>\n<p>Os cilindros de ca\u00e7amba s\u00e3o geralmente fabricados em a\u00e7o de alta resist\u00eancia ou alum\u00ednio para suportar alta press\u00e3o e cargas pesadas, tornando-os adequados para ambientes de trabalho severos. Seu projeto tamb\u00e9m leva em considera\u00e7\u00e3o a resist\u00eancia ao desgaste e \u00e0 corros\u00e3o, o que prolonga sua vida \u00fatil.<\/p>\n<\/li>\n<li>\n<h3>Opera\u00e7\u00e3o Hidr\u00e1ulica Eficiente<\/h3>\n<p>Os cilindros da ca\u00e7amba utilizam a press\u00e3o do \u00f3leo hidr\u00e1ulico para realizar movimentos telesc\u00f3picos suaves, que respondem rapidamente aos comandos de controle, fornecem for\u00e7as de empuxo e tra\u00e7\u00e3o potentes e s\u00e3o adequados para o manuseio de cargas pesadas e tarefas complexas.<\/p>\n<\/li>\n<li>\n<h3>Tipos vers\u00e1teis<\/h3>\n<p>Os cilindros de ca\u00e7amba podem ser de a\u00e7\u00e3o simples (utilizando for\u00e7a hidr\u00e1ulica em apenas uma dire\u00e7\u00e3o) ou de a\u00e7\u00e3o dupla (utilizando for\u00e7a hidr\u00e1ulica em ambas as dire\u00e7\u00f5es), dependendo dos requisitos da opera\u00e7\u00e3o. Alguns modelos s\u00e3o telesc\u00f3picos, permitindo maior expans\u00e3o sem aumentar as dimens\u00f5es externas, o que os torna adequados para aplica\u00e7\u00f5es com espa\u00e7o limitado.<\/p>\n<\/li>\n<li>\n<h3>Substitui\u00e7\u00e3o perfeita<\/h3>\n<p>Nossos produtos podem substituir perfeitamente outros cilindros hidr\u00e1ulicos, e podemos fabricar este produto para atender \u00e0s suas necessidades espec\u00edficas.<\/p>\n<\/li>\n<\/ul>\n<p><img decoding=\"async\" src=\"https:\/\/www.hydraulic-cylinders.net\/wp-content\/uploads\/2025\/01\/songte-cylinder-head-with-all-kinds-excavator-models.webp\" alt=\"Imagem do cilindro da ca\u00e7amba\"><\/p>\n<h2>Aplica\u00e7\u00f5es<\/h2>\n<p>Cilindros de ca\u00e7amba s\u00e3o amplamente utilizados em diversas m\u00e1quinas de constru\u00e7\u00e3o e agr\u00edcolas, tais como:<\/p>\n<ul>\n<li>Equipamentos de constru\u00e7\u00e3o: S\u00e3o essenciais para escavadeiras, retroescavadeiras e p\u00e1s carregadeiras, pois auxiliam na escava\u00e7\u00e3o, carregamento e movimenta\u00e7\u00e3o de solo ou entulho.<\/li>\n<li>M\u00e1quinas agr\u00edcolas: S\u00e3o utilizadas em p\u00e1s carregadeiras frontais para coletar, levantar e transportar solo, feno e outros materiais.<\/li>\n<li>Escavadeiras: Os cilindros da ca\u00e7amba permitem a\u00e7\u00f5es de escava\u00e7\u00e3o, possibilitando que as ca\u00e7ambas penetrem no solo.<\/li>\n<li>Carregadeiras: Nas carregadeiras frontais, elas auxiliam no levantamento e inclina\u00e7\u00e3o eficientes de mercadorias.<\/li>\n<\/ul>\n<p>Cada aplica\u00e7\u00e3o pode beneficiar do seguinte:<\/p>\n<ul>\n<li>Equipamentos de constru\u00e7\u00e3o: Nossos cilindros com ca\u00e7amba podem auxiliar na escava\u00e7\u00e3o e no transporte de materiais pesados.<\/li>\n<li>M\u00e1quinas agr\u00edcolas: Podem auxiliar os trabalhadores agr\u00edcolas no carregamento e transporte de grandes quantidades de materiais.<\/li>\n<li>Escavadeiras: Nossos cilindros de ca\u00e7amba podem auxiliar as escavadeiras em suas tarefas de escava\u00e7\u00e3o.<\/li>\n<li>Carregadores: Eles conseguem levantar e transportar mercadorias sem esfor\u00e7o.<\/li>\n<\/ul>\n<h2>Considera\u00e7\u00f5es de design e crit\u00e9rios de sele\u00e7\u00e3o<\/h2>\n<p>O projeto de cilindros para ca\u00e7ambas leva em considera\u00e7\u00e3o diversos fatores, como capacidade de carga, veda\u00e7\u00e3o, durabilidade, seguran\u00e7a e manuten\u00e7\u00e3o. Abaixo est\u00e3o os principais elementos de projeto:<\/p>\n<ul>\n<li>\n<h3>Capacidade de carga<\/h3>\n<p>Os cilindros de ca\u00e7amba devem suportar cargas pesadas e alta press\u00e3o para evitar danos estruturais. A espessura da parede do cilindro e a qualidade dos materiais utilizados devem ser consideradas nesse sentido.<\/p>\n<\/li>\n<li>\n<h3>Selagem<\/h3>\n<p>Os cilindros de ca\u00e7amba devem possuir mecanismos de veda\u00e7\u00e3o confi\u00e1veis \u200b\u200bpara evitar vazamentos de \u00f3leo e garantir o desempenho ideal. Os mecanismos de veda\u00e7\u00e3o comuns incluem veda\u00e7\u00f5es de pist\u00e3o, veda\u00e7\u00f5es de haste e veda\u00e7\u00f5es raspadoras. Os materiais utilizados para a veda\u00e7\u00e3o devem ser resistentes ao desgaste e dur\u00e1veis.<\/p>\n<\/li>\n<li>\n<h3>Durabilidade<\/h3>\n<p>Os cilindros das ca\u00e7ambas devem ser fabricados com materiais dur\u00e1veis \u200b\u200bpara suportar ambientes de trabalho severos e uso frequente. A superf\u00edcie do furo do cilindro e a extremidade roscada devem receber tratamento antidesgaste para aumentar sua vida \u00fatil.<\/p>\n<\/li>\n<li>\n<h3>Seguran\u00e7a<\/h3>\n<p>Os cilindros de ca\u00e7amba devem ser projetados levando em considera\u00e7\u00e3o aspectos de seguran\u00e7a para evitar acidentes e danos materiais. Os recursos de seguran\u00e7a podem incluir v\u00e1lvulas de al\u00edvio de press\u00e3o, interruptores de parada de emerg\u00eancia e mecanismos de prote\u00e7\u00e3o contra sobrecarga.<\/p>\n<\/li>\n<li>\n<h3>Manuten\u00e7\u00e3o<\/h3>\n<p>Os cilindros da ca\u00e7amba devem ser f\u00e1ceis de manter e reparar para evitar paralisa\u00e7\u00f5es. As pr\u00e1ticas adequadas de manuten\u00e7\u00e3o incluem inspe\u00e7\u00f5es regulares, limpeza, lubrifica\u00e7\u00e3o e substitui\u00e7\u00e3o de componentes.<\/p>\n<\/li>\n<\/ul>\n<p><img decoding=\"async\" src=\"https:\/\/www.hydraulic-cylinders.net\/wp-content\/uploads\/2025\/01\/songte-oil-pipes-and-spare-parts.webp\" alt=\"Imagem do cilindro da ca\u00e7amba\"><\/p>\n<h2>Veda\u00e7\u00e3o e Lubrifica\u00e7\u00e3o<\/h2>\n<p>Os cilindros de ca\u00e7amba utilizam diversos mecanismos de veda\u00e7\u00e3o para evitar vazamentos de \u00f3leo e garantir o desempenho ideal. Esses mecanismos incluem veda\u00e7\u00f5es de pist\u00e3o, veda\u00e7\u00f5es de haste e veda\u00e7\u00f5es raspadoras, que devem ser fabricadas com materiais resistentes ao desgaste, como poliuretano e borracha nitr\u00edlica. A superf\u00edcie do furo do cilindro e da extremidade roscada deve receber tratamento antidesgaste, e a lubrifica\u00e7\u00e3o regular \u00e9 necess\u00e1ria para manter o funcionamento ideal.<\/p>\n<h2>Manuten\u00e7\u00e3o e Reparo<\/h2>\n<p>Para manter o funcionamento ideal, os cilindros da ca\u00e7amba requerem inspe\u00e7\u00f5es, limpeza, lubrifica\u00e7\u00e3o e substitui\u00e7\u00e3o de componentes regulares. As tarefas comuns de manuten\u00e7\u00e3o incluem:<\/p>\n<ul>\n<li>Inspe\u00e7\u00e3o regular: Verifique se h\u00e1 vazamentos de \u00f3leo, veda\u00e7\u00f5es danificadas e pe\u00e7as desgastadas.<\/li>\n<li>Lubrifica\u00e7\u00e3o: Aplique um lubrificante adequado nas partes m\u00f3veis do cilindro para reduzir o atrito e evitar o desgaste.<\/li>\n<li>Substitui\u00e7\u00e3o de retentores: Substitua os retentores desgastados para evitar vazamentos de \u00f3leo e garantir o funcionamento ideal.<\/li>\n<li>Verifica\u00e7\u00e3o de Calibra\u00e7\u00e3o: Verifique se o desempenho do cilindro est\u00e1 ideal e ajuste-o, se necess\u00e1rio.<\/li>\n<li>Substitui\u00e7\u00e3o de componentes: Substitua os componentes danificados ou desgastados para restaurar o funcionamento ideal.<\/li>\n<\/ul>\n<p><img decoding=\"async\" src=\"https:\/\/www.hydraulic-cylinders.net\/wp-content\/uploads\/2025\/01\/songte-chushion-collar.webp\" alt=\"Imagem do cilindro da ca\u00e7amba\"><\/p>\n<h2>Considera\u00e7\u00f5es sobre seguran\u00e7a e meio ambiente<\/h2>\n<p>Os cilindros hidr\u00e1ulicos de ca\u00e7amba devem ser utilizados com medidas de seguran\u00e7a adequadas para evitar acidentes e danos materiais. Essas medidas de seguran\u00e7a podem incluir v\u00e1lvulas de al\u00edvio de press\u00e3o, bot\u00f5es de parada de emerg\u00eancia e mecanismos de prote\u00e7\u00e3o contra sobrecarga. Al\u00e9m disso, devem ser consideradas as quest\u00f5es ambientais no descarte do \u00f3leo hidr\u00e1ulico e dos componentes do cilindro.<\/p>\n<h2>Diagn\u00f3stico de falhas e solu\u00e7\u00e3o de problemas<\/h2>\n<p>Os cilindros de ca\u00e7amba podem apresentar diversas falhas que afetam seu desempenho. As falhas mais comuns incluem vazamentos de \u00f3leo, veda\u00e7\u00f5es danificadas e componentes desgastados. Para diagnosticar as falhas, inspecione o cilindro regularmente e procure sinais de danos ou desgaste. Para solucionar problemas, consulte o manual do fabricante ou um mec\u00e2nico hidr\u00e1ulico profissional.<\/p>\n<h2>Introdu\u00e7\u00e3o \u00e0 empresa<\/h2>\n<p>Somos um dos principais fabricantes e distribuidores atacadistas de cilindros hidr\u00e1ulicos nos mercados nacional e internacional. Nossos produtos s\u00e3o de qualidade superior e seguimos uma estrat\u00e9gia de gest\u00e3o de produ\u00e7\u00e3o industrial baseada em oficinas de fabrica\u00e7\u00e3o de alta qualidade, profissionais t\u00e9cnicos qualificados, equipamentos de fabrica\u00e7\u00e3o digital de ponta e sistemas de teste profissionais. Nossa plataforma de fabrica\u00e7\u00e3o \u00e9 continuamente aprimorada para aperfei\u00e7oar a qualidade da produ\u00e7\u00e3o de nossos produtos, resultando em alta efici\u00eancia, alta precis\u00e3o e alta qualidade que atendem \u00e0s diversas necessidades de nossos clientes.<\/p>\n<p>Nossa empresa oferece servi\u00e7os personalizados, equipamentos profissionais para produ\u00e7\u00e3o de cilindros hidr\u00e1ulicos, certifica\u00e7\u00f5es internacionais e servi\u00e7os especializados de p\u00f3s-venda. Somos especializados na produ\u00e7\u00e3o de todos os tipos de cilindros hidr\u00e1ulicos, que podem ser adaptados para atender \u00e0s necessidades espec\u00edficas de nossos clientes.<\/p>\n<p><img decoding=\"async\" src=\"https:\/\/hzpt.com\/wp-content\/uploads\/2024\/11\/songte-company-1.webp\" alt=\"Imagem da empresa\"><\/p>\n<h2>Conclus\u00e3o<\/h2>\n<p>Em resumo, o cilindro de ca\u00e7amba para Bonny WZT46-7\/45-7 \u00e9 um cilindro hidr\u00e1ulico essencial projetado para controlar o movimento da ca\u00e7amba em m\u00e1quinas pesadas. Nossa empresa \u00e9 uma fabricante l\u00edder de cilindros hidr\u00e1ulicos que oferece produtos de alta qualidade e servi\u00e7os profissionais de p\u00f3s-venda para atender \u00e0s necessidades de nossos clientes. Esperamos que este artigo tenha fornecido informa\u00e7\u00f5es \u00fateis sobre cilindros de ca\u00e7amba e suas aplica\u00e7\u00f5es, considera\u00e7\u00f5es de projeto e pr\u00e1ticas de manuten\u00e7\u00e3o.<\/p>\n<p>Autor: lyl<\/p>","protected":false},"excerpt":{"rendered":"<p>Bucket Cylinder For Bonny WZT46-7\/45-7 Introduction A bucket cylinder for Bonny WZT46-7\/45-7 is a type of hydraulic cylinder designed specifically for controlling the movement of the bucket in heavy machinery such as excavators, backhoe excavators, and front-end loaders. Its main function is to facilitate various material handling tasks by enabling the bucket to lift, lower, [&hellip;]<\/p>","protected":false},"featured_media":14765,"comment_status":"open","ping_status":"closed","template":"","meta":{"_et_pb_use_builder":"","_et_pb_old_content":"","_et_gb_content_width":""},"product_brand":[],"product_cat":[1494],"product_tag":[1495,1496],"class_list":{"0":"post-15939","1":"product","2":"type-product","3":"status-publish","4":"has-post-thumbnail","6":"product_cat-bucket-cylinders","7":"product_tag-bucket-cylinders","8":"product_tag-hydraulic-cylinders","10":"first","11":"instock","12":"shipping-taxable","13":"product-type-simple"},"amp_enabled":true,"_links":{"self":[{"href":"https:\/\/www.hydraulic-cylinders.net\/pt\/wp-json\/wp\/v2\/product\/15939","targetHints":{"allow":["GET"]}}],"collection":[{"href":"https:\/\/www.hydraulic-cylinders.net\/pt\/wp-json\/wp\/v2\/product"}],"about":[{"href":"https:\/\/www.hydraulic-cylinders.net\/pt\/wp-json\/wp\/v2\/types\/product"}],"replies":[{"embeddable":true,"href":"https:\/\/www.hydraulic-cylinders.net\/pt\/wp-json\/wp\/v2\/comments?post=15939"}],"wp:featuredmedia":[{"embeddable":true,"href":"https:\/\/www.hydraulic-cylinders.net\/pt\/wp-json\/wp\/v2\/media\/14765"}],"wp:attachment":[{"href":"https:\/\/www.hydraulic-cylinders.net\/pt\/wp-json\/wp\/v2\/media?parent=15939"}],"wp:term":[{"taxonomy":"product_brand","embeddable":true,"href":"https:\/\/www.hydraulic-cylinders.net\/pt\/wp-json\/wp\/v2\/product_brand?post=15939"},{"taxonomy":"product_cat","embeddable":true,"href":"https:\/\/www.hydraulic-cylinders.net\/pt\/wp-json\/wp\/v2\/product_cat?post=15939"},{"taxonomy":"product_tag","embeddable":true,"href":"https:\/\/www.hydraulic-cylinders.net\/pt\/wp-json\/wp\/v2\/product_tag?post=15939"}],"curies":[{"name":"wp","href":"https:\/\/api.w.org\/{rel}","templated":true}]}}