{"id":15942,"date":"2025-01-19T15:11:46","date_gmt":"2025-01-19T15:11:46","guid":{"rendered":"https:\/\/www.hydraulic-cylinders.net\/product\/bucket-cylinder-for-nhig-3306lc\/"},"modified":"2025-01-19T15:11:48","modified_gmt":"2025-01-19T15:11:48","slug":"bucket-cylinder-for-nhig-3306lc","status":"publish","type":"product","link":"https:\/\/www.hydraulic-cylinders.net\/pt\/produto\/bucket-cylinder-for-nhig-3306lc\/","title":{"rendered":"Cilindro da ca\u00e7amba para NHIG 3306LC"},"content":{"rendered":"<h1>Cilindro da ca\u00e7amba para NHIG 3306LC<\/h1>\n<h2>Introdu\u00e7\u00e3o<\/h2>\n<p>O cilindro da ca\u00e7amba para NHIG 3306LC \u00e9 um tipo de cilindro hidr\u00e1ulico projetado especificamente para controlar o movimento da ca\u00e7amba em m\u00e1quinas pesadas, como escavadeiras, retroescavadeiras e p\u00e1s carregadeiras. Sua principal fun\u00e7\u00e3o \u00e9 permitir que a ca\u00e7amba suba, des\u00e7a e incline, facilitando diversas tarefas de movimenta\u00e7\u00e3o de materiais. No sistema hidr\u00e1ulico, o cilindro da ca\u00e7amba proporciona um controle preciso da ca\u00e7amba por meio de altera\u00e7\u00f5es na press\u00e3o do \u00f3leo hidr\u00e1ulico, permitindo que os operadores manuseiem objetos pesados \u200b\u200bcom efici\u00eancia e se adaptem a ambientes de trabalho complexos e diversas exig\u00eancias da tarefa.<\/p>\n<p><img decoding=\"async\" src=\"https:\/\/www.hydraulic-cylinders.net\/wp-content\/uploads\/2025\/01\/songte-company-2.webp\"><\/p>\n<h2>Caracter\u00edsticas<\/h2>\n<ul>\n<li>\n<h3>Alta resist\u00eancia e durabilidade<\/h3>\n<p>Geralmente fabricado em a\u00e7o de alta resist\u00eancia ou alum\u00ednio, o cilindro da ca\u00e7amba \u00e9 capaz de suportar alta press\u00e3o e cargas pesadas, adaptar-se a ambientes de trabalho severos e \u00e9 projetado com resist\u00eancia ao desgaste e \u00e0 corros\u00e3o em mente para prolongar sua vida \u00fatil.<\/p>\n<\/li>\n<li>\n<h3>Opera\u00e7\u00e3o Hidr\u00e1ulica Eficiente<\/h3>\n<p>O cilindro da ca\u00e7amba utiliza press\u00e3o de \u00f3leo hidr\u00e1ulico para realizar movimentos suaves de extens\u00e3o e contra\u00e7\u00e3o, proporcionando uma for\u00e7a de empurrar e puxar potente, sendo adequado para manusear objetos pesados \u200b\u200be executar tarefas operacionais complexas.<\/p>\n<\/li>\n<li>\n<h3>Tipos diversos<\/h3>\n<p>O cilindro da ca\u00e7amba pode ser de a\u00e7\u00e3o simples (utilizando o sistema hidr\u00e1ulico em apenas uma dire\u00e7\u00e3o) ou de a\u00e7\u00e3o dupla (utilizando o sistema hidr\u00e1ulico em ambas as dire\u00e7\u00f5es), dependendo das necessidades operacionais. Alguns modelos s\u00e3o telesc\u00f3picos, permitindo maior extens\u00e3o sem aumentar as dimens\u00f5es externas, o que os torna adequados para aplica\u00e7\u00f5es com espa\u00e7o limitado.<\/p>\n<\/li>\n<li>\n<h3>Substitu\u00edvel<\/h3>\n<p>Podemos produzir este produto e o nosso produto pode substituir perfeitamente esses cilindros hidr\u00e1ulicos.<\/p>\n<\/li>\n<\/ul>\n<p><img decoding=\"async\" src=\"https:\/\/www.hydraulic-cylinders.net\/wp-content\/uploads\/2025\/01\/songte-cylinder-head-with-all-kinds-excavator-models.webp\"><\/p>\n<h2>Aplica\u00e7\u00f5es<\/h2>\n<p>O cilindro de ca\u00e7amba \u00e9 amplamente utilizado em diversas m\u00e1quinas pesadas, tais como:<\/p>\n<ul>\n<li>\n<h3>Equipamentos de constru\u00e7\u00e3o<\/h3>\n<p>Equipamentos de constru\u00e7\u00e3o, como escavadeiras, dependem de ca\u00e7ambas cil\u00edndricas para escavar, carregar e movimentar solo ou entulho. Em retroescavadeiras, as ca\u00e7ambas cil\u00edndricas auxiliam tanto na escava\u00e7\u00e3o quanto no levantamento de materiais.<\/p>\n<\/li>\n<li>\n<h3>Maquinaria agr\u00edcola<\/h3>\n<p>Utilizado em p\u00e1s carregadeiras, o cilindro da ca\u00e7amba serve para escavar, levantar e transportar terra, feno e outros materiais. Em escavadeiras, o cilindro da ca\u00e7amba permite a escava\u00e7\u00e3o, possibilitando que a ca\u00e7amba penetre no solo. Em p\u00e1s carregadeiras, ele auxilia no levantamento e inclina\u00e7\u00e3o eficientes de cargas.<\/p>\n<\/li>\n<\/ul>\n<h2>Considera\u00e7\u00f5es de design e crit\u00e9rios de sele\u00e7\u00e3o<\/h2>\n<ul>\n<li>\n<h3>Capacidade de suporte<\/h3>\n<p>O cilindro da ca\u00e7amba deve ser projetado para suportar a carga m\u00e1xima que encontrar\u00e1 durante a opera\u00e7\u00e3o. Por exemplo, deve ser capaz de suportar o peso do material que est\u00e1 sendo transportado ou i\u00e7ado.<\/p>\n<\/li>\n<li>\n<h3>Selagem<\/h3>\n<p>O cilindro da ca\u00e7amba requer diversas veda\u00e7\u00f5es, como veda\u00e7\u00f5es de pist\u00e3o, veda\u00e7\u00f5es de haste, etc., feitas de materiais resistentes ao desgaste, como poliuretano, borracha nitr\u00edlica, etc., para garantir uma boa veda\u00e7\u00e3o, prolongar sua vida \u00fatil e evitar vazamentos de \u00f3leo.<\/p>\n<\/li>\n<li>\n<h3>Durabilidade<\/h3>\n<p>O cilindro da ca\u00e7amba deve ser projetado para suportar ambientes agressivos, como altas temperaturas e materiais corrosivos, para garantir uma longa vida \u00fatil.<\/p>\n<\/li>\n<li>\n<h3>Seguran\u00e7a<\/h3>\n<p>O cilindro da ca\u00e7amba deve ser projetado para garantir uma opera\u00e7\u00e3o segura, evitando, por exemplo, quedas repentinas ou falhas sob carga.<\/p>\n<\/li>\n<li>\n<h3>Manutenibilidade<\/h3>\n<p>O cilindro da ca\u00e7amba deve ser projetado para facilitar a manuten\u00e7\u00e3o, como a desmontagem e a substitui\u00e7\u00e3o de veda\u00e7\u00f5es ou outras pe\u00e7as.<\/p>\n<\/li>\n<\/ul>\n<p><img decoding=\"async\" src=\"https:\/\/www.hydraulic-cylinders.net\/wp-content\/uploads\/2025\/01\/songte-oil-pipes-and-spare-parts.webp\"><\/p>\n<h2>Veda\u00e7\u00f5es e Lubrifica\u00e7\u00e3o<\/h2>\n<p>O cilindro da ca\u00e7amba requer diversas veda\u00e7\u00f5es e lubrifica\u00e7\u00e3o para garantir o funcionamento suave, evitar vazamentos de \u00f3leo e prolongar sua vida \u00fatil. Essas veda\u00e7\u00f5es incluem veda\u00e7\u00f5es do pist\u00e3o, veda\u00e7\u00f5es da haste, etc., fabricadas com materiais resistentes ao desgaste, como poliuretano, borracha nitr\u00edlica, etc. O corpo do cilindro e a superf\u00edcie da extremidade da rosca s\u00e3o usinados com precis\u00e3o para melhorar a resist\u00eancia ao desgaste. A lubrifica\u00e7\u00e3o requer o reabastecimento regular do \u00f3leo hidr\u00e1ulico.<\/p>\n<h2>Inspe\u00e7\u00e3o, manuten\u00e7\u00e3o e reparo<\/h2>\n<p>Inspe\u00e7\u00f5es regulares, lubrifica\u00e7\u00e3o, substitui\u00e7\u00e3o de veda\u00e7\u00f5es e verifica\u00e7\u00f5es de calibra\u00e7\u00e3o s\u00e3o tarefas comuns de manuten\u00e7\u00e3o do cilindro da ca\u00e7amba. A instala\u00e7\u00e3o, lubrifica\u00e7\u00e3o e ajuste corretos s\u00e3o importantes. Durante a instala\u00e7\u00e3o, o alinhamento correto do cilindro \u00e9 necess\u00e1rio e recomenda-se o uso de suportes de instala\u00e7\u00e3o adequados para fix\u00e1-lo. Procedimentos recomendados para inspe\u00e7\u00e3o, reparo e substitui\u00e7\u00e3o est\u00e3o dispon\u00edveis. Tamb\u00e9m fornecemos pe\u00e7as de reposi\u00e7\u00e3o e servi\u00e7os de recondicionamento para prolongar a vida \u00fatil do cilindro da ca\u00e7amba.<\/p>\n<p><img decoding=\"async\" src=\"https:\/\/www.hydraulic-cylinders.net\/wp-content\/uploads\/2025\/01\/songte-chushion-collar.webp\"><\/p>\n<h2>Considera\u00e7\u00f5es sobre seguran\u00e7a e meio ambiente<\/h2>\n<p>Ao utilizar o cilindro hidr\u00e1ulico com ca\u00e7amba, medidas de seguran\u00e7a s\u00e3o necess\u00e1rias para prevenir acidentes. \u00c9 importante seguir os procedimentos operacionais seguros e utilizar os equipamentos de seguran\u00e7a adequados ao manusear ou realizar a manuten\u00e7\u00e3o do cilindro. Considera\u00e7\u00f5es ambientais tamb\u00e9m s\u00e3o importantes, como o descarte correto do \u00f3leo hidr\u00e1ulico usado para evitar a polui\u00e7\u00e3o ambiental.<\/p>\n<h2>Solu\u00e7\u00e3o de problemas e problemas comuns<\/h2>\n<p>Problemas comuns com o cilindro da ca\u00e7amba incluem vazamento de \u00f3leo, danos \u00e0s veda\u00e7\u00f5es e ru\u00eddo anormal. Dicas e solu\u00e7\u00f5es para a resolu\u00e7\u00e3o de problemas est\u00e3o dispon\u00edveis para ajudar os leitores a diagnosticar e solucionar problemas com efic\u00e1cia. Medidas preventivas tamb\u00e9m devem ser tomadas para minimizar poss\u00edveis problemas.<\/p>\n<p><img decoding=\"async\" src=\"https:\/\/www.hydraulic-cylinders.net\/wp-content\/uploads\/2025\/01\/songte-bushings-with-all-kinds-of-excavator-models.webp\"><\/p>\n<h2>Sobre nossa empresa<\/h2>\n<p>Somos fabricantes de cilindros hidr\u00e1ulicos de reposi\u00e7\u00e3o, oferecendo uma linha completa de produtos e nos tornando um dos principais fabricantes e distribuidores atacadistas de cilindros hidr\u00e1ulicos nos mercados nacional e internacional. Aderimos ao princ\u00edpio da excel\u00eancia em qualidade, utilizando estrat\u00e9gias de gest\u00e3o de produ\u00e7\u00e3o industrializada em nossas instala\u00e7\u00f5es de fabrica\u00e7\u00e3o de alta precis\u00e3o. Aprimoramos continuamente nossa plataforma de produ\u00e7\u00e3o e o processo produtivo, e possu\u00edmos forte capacidade criativa para atender \u00e0s diversas necessidades dos clientes com alta efici\u00eancia, precis\u00e3o e qualidade.<\/p>\n<ul>\n<li>\n<h3>Profissionalismo<\/h3>\n<p>Nossa empresa conta com uma equipe de t\u00e9cnicos experientes e profissionais para fornecer produtos e servi\u00e7os de qualidade.<\/p>\n<\/li>\n<li>\n<h3>Certifica\u00e7\u00e3o Internacional<\/h3>\n<p>Nossa empresa obteve diversas certifica\u00e7\u00f5es internacionais para garantir a qualidade de nossos produtos e servi\u00e7os, como ISO9001, CE, etc.<\/p>\n<\/li>\n<li>\n<h3>Servi\u00e7os de Personaliza\u00e7\u00e3o<\/h3>\n<p>Oferecemos servi\u00e7os de personaliza\u00e7\u00e3o para atender \u00e0s necessidades individuais de nossos clientes, como a customiza\u00e7\u00e3o de cilindros hidr\u00e1ulicos para aplica\u00e7\u00f5es espec\u00edficas.<\/p>\n<\/li>\n<li>\n<h3>Equipamentos de produ\u00e7\u00e3o<\/h3>\n<p>Nossa empresa possui equipamentos de produ\u00e7\u00e3o e sistemas de teste avan\u00e7ados para garantir a qualidade de nossos produtos.<\/p>\n<\/li>\n<li>\n<h3>Servi\u00e7os p\u00f3s-venda<\/h3>\n<p>Oferecemos servi\u00e7os p\u00f3s-venda completos, como suporte t\u00e9cnico, reparo e substitui\u00e7\u00e3o, para garantir a satisfa\u00e7\u00e3o do cliente.<\/p>\n<\/li>\n<\/ul>\n<p><img decoding=\"async\" src=\"https:\/\/hzpt.com\/wp-content\/uploads\/2024\/11\/songte-company-1.webp\"><\/p>\n<p>Autor: lyl.<\/p>","protected":false},"excerpt":{"rendered":"<p>Bucket Cylinder For NHIG 3306LC Introduction The bucket cylinder for NHIG 3306LC is a type of hydraulic cylinder designed specifically to control the movement of the bucket in heavy machinery such as excavators, backhoe loaders and front-end loaders. Its main function is to enable the bucket to lift, lower and tilt, making it convenient for [&hellip;]<\/p>","protected":false},"featured_media":14789,"comment_status":"open","ping_status":"closed","template":"","meta":{"_et_pb_use_builder":"","_et_pb_old_content":"","_et_gb_content_width":""},"product_brand":[],"product_cat":[1494],"product_tag":[1495,1496],"class_list":{"0":"post-15942","1":"product","2":"type-product","3":"status-publish","4":"has-post-thumbnail","6":"product_cat-bucket-cylinders","7":"product_tag-bucket-cylinders","8":"product_tag-hydraulic-cylinders","10":"first","11":"instock","12":"shipping-taxable","13":"product-type-simple"},"amp_enabled":true,"_links":{"self":[{"href":"https:\/\/www.hydraulic-cylinders.net\/pt\/wp-json\/wp\/v2\/product\/15942","targetHints":{"allow":["GET"]}}],"collection":[{"href":"https:\/\/www.hydraulic-cylinders.net\/pt\/wp-json\/wp\/v2\/product"}],"about":[{"href":"https:\/\/www.hydraulic-cylinders.net\/pt\/wp-json\/wp\/v2\/types\/product"}],"replies":[{"embeddable":true,"href":"https:\/\/www.hydraulic-cylinders.net\/pt\/wp-json\/wp\/v2\/comments?post=15942"}],"wp:featuredmedia":[{"embeddable":true,"href":"https:\/\/www.hydraulic-cylinders.net\/pt\/wp-json\/wp\/v2\/media\/14789"}],"wp:attachment":[{"href":"https:\/\/www.hydraulic-cylinders.net\/pt\/wp-json\/wp\/v2\/media?parent=15942"}],"wp:term":[{"taxonomy":"product_brand","embeddable":true,"href":"https:\/\/www.hydraulic-cylinders.net\/pt\/wp-json\/wp\/v2\/product_brand?post=15942"},{"taxonomy":"product_cat","embeddable":true,"href":"https:\/\/www.hydraulic-cylinders.net\/pt\/wp-json\/wp\/v2\/product_cat?post=15942"},{"taxonomy":"product_tag","embeddable":true,"href":"https:\/\/www.hydraulic-cylinders.net\/pt\/wp-json\/wp\/v2\/product_tag?post=15942"}],"curies":[{"name":"wp","href":"https:\/\/api.w.org\/{rel}","templated":true}]}}