{"id":15950,"date":"2025-01-19T15:12:27","date_gmt":"2025-01-19T15:12:27","guid":{"rendered":"https:\/\/www.hydraulic-cylinders.net\/product\/bucket-cylinder-for-bada-wys40\/"},"modified":"2025-01-19T15:12:29","modified_gmt":"2025-01-19T15:12:29","slug":"bucket-cylinder-for-bada-wys40","status":"publish","type":"product","link":"https:\/\/www.hydraulic-cylinders.net\/pt\/produto\/bucket-cylinder-for-bada-wys40\/","title":{"rendered":"Cilindro de ca\u00e7amba para Bada WYS40"},"content":{"rendered":"<h1>Cilindro de ca\u00e7amba para Bada WYS40<\/h1>\n<h2>Introdu\u00e7\u00e3o<\/h2>\n<p>O cilindro da ca\u00e7amba \u00e9 um cilindro hidr\u00e1ulico especializado, projetado para controlar o movimento da ca\u00e7amba em m\u00e1quinas pesadas, como escavadeiras, retroescavadeiras e p\u00e1s carregadeiras. Sua principal fun\u00e7\u00e3o \u00e9 permitir que a ca\u00e7amba suba, des\u00e7a e incline, facilitando o manuseio de diversos materiais. No sistema hidr\u00e1ulico, o cilindro da ca\u00e7amba utiliza a varia\u00e7\u00e3o de press\u00e3o do \u00f3leo hidr\u00e1ulico para controlar a ca\u00e7amba com precis\u00e3o, permitindo que os operadores manuseiem cargas pesadas com efici\u00eancia e se adaptem a ambientes de trabalho complexos e diversas exig\u00eancias da tarefa.<\/p>\n<p><img decoding=\"async\" src=\"https:\/\/www.hydraulic-cylinders.net\/wp-content\/uploads\/2025\/01\/songte-company-2.webp\" alt=\"Imagem do cilindro da ca\u00e7amba\"><\/p>\n<h2>Caracter\u00edsticas<\/h2>\n<ul>\n<li>Alta resist\u00eancia e durabilidade: Normalmente fabricado em a\u00e7o ou alum\u00ednio de alta resist\u00eancia, suporta alta press\u00e3o e cargas pesadas, adapta-se a ambientes de trabalho severos e \u00e9 projetado para resist\u00eancia ao desgaste e \u00e0 corros\u00e3o, prolongando sua vida \u00fatil.<\/li>\n<li>Opera\u00e7\u00e3o hidr\u00e1ulica eficiente: Utilizando a press\u00e3o do \u00f3leo hidr\u00e1ulico para obter expans\u00e3o e contra\u00e7\u00e3o suaves, o sistema responde rapidamente aos comandos de controle, fornece for\u00e7as de tra\u00e7\u00e3o e empuxo potentes e \u00e9 adequado para lidar com cargas pesadas e tarefas complexas.<\/li>\n<li>Diversos tipos: Cilindros de a\u00e7\u00e3o simples (hidr\u00e1ulica aplicada apenas em uma dire\u00e7\u00e3o) ou de a\u00e7\u00e3o dupla (hidr\u00e1ulica aplicada em ambas as dire\u00e7\u00f5es) podem ser selecionados de acordo com as necessidades para atender a diferentes requisitos operacionais. Alguns modelos s\u00e3o telesc\u00f3picos, permitindo maior extens\u00e3o sem aumentar as dimens\u00f5es externas, adequados para aplica\u00e7\u00f5es com espa\u00e7o limitado.<\/li>\n<li>Pode ser usado como substituto para outros cilindros hidr\u00e1ulicos.<\/li>\n<li>F\u00e1cil de instalar e manter.<\/li>\n<\/ul>\n<p><img decoding=\"async\" src=\"https:\/\/www.hydraulic-cylinders.net\/wp-content\/uploads\/2025\/01\/songte-cylinder-head-with-all-kinds-excavator-models.webp\" alt=\"Imagem do cilindro da ca\u00e7amba\"><\/p>\n<h2>Aplica\u00e7\u00f5es<\/h2>\n<p>O cilindro de ca\u00e7amba \u00e9 amplamente utilizado em diversas m\u00e1quinas pesadas, incluindo:<\/p>\n<ul>\n<li>Equipamentos de constru\u00e7\u00e3o: Em escavadeiras, s\u00e3o essenciais para escavar, carregar e movimentar terra ou entulho. Em retroescavadeiras, o cilindro da ca\u00e7amba auxilia tanto na escava\u00e7\u00e3o quanto no levantamento de materiais. <\/li>\n<li>M\u00e1quinas agr\u00edcolas: Utilizadas em p\u00e1s carregadeiras frontais para escavar, levantar e transportar terra, feno e outros materiais. <\/li>\n<li>Escavadeiras: Os cilindros da ca\u00e7amba realizam a escava\u00e7\u00e3o permitindo que as ca\u00e7ambas penetrem no solo. <\/li>\n<li>Carregadeiras: Nas carregadeiras frontais, elas auxiliam no levantamento e despejo eficiente de mercadorias.<\/li>\n<\/ul>\n<p>Cada aplica\u00e7\u00e3o do cilindro \u00e9 descrita em detalhes abaixo:<\/p>\n<h3>Equipamentos de constru\u00e7\u00e3o<\/h3>\n<p>Os cilindros da ca\u00e7amba desempenham um papel crucial nas escavadeiras, pois s\u00e3o respons\u00e1veis \u200b\u200bpor escavar, recolher e movimentar terra e detritos. Eles permitem que as escavadeiras concluam seu trabalho com efici\u00eancia e lidem at\u00e9 mesmo com as escava\u00e7\u00f5es mais desafiadoras. As retroescavadeiras tamb\u00e9m utilizam cilindros de ca\u00e7amba para auxiliar na escava\u00e7\u00e3o e eleva\u00e7\u00e3o. Nessas m\u00e1quinas, o cilindro \u00e9 fundamental para controlar o movimento e a posi\u00e7\u00e3o da ca\u00e7amba, permitindo que os operadores alcancem resultados precisos.<\/p>\n<h3>Maquinaria agr\u00edcola<\/h3>\n<p>Os cilindros de ca\u00e7amba s\u00e3o usados \u200b\u200bem p\u00e1s carregadeiras frontais para escavar, levantar e transportar terra, feno e outros materiais. O cilindro permite que a carregadeira execute essas tarefas com efici\u00eancia e grande precis\u00e3o. Ao controlar a posi\u00e7\u00e3o e o movimento da ca\u00e7amba, o cilindro possibilita que a carregadeira levante e transporte at\u00e9 mesmo as cargas mais pesadas.<\/p>\n<h3>Escavadeiras<\/h3>\n<p>Nas escavadeiras, o cilindro da ca\u00e7amba permite que ela penetre no solo para realizar as opera\u00e7\u00f5es de escava\u00e7\u00e3o. O cilindro controla o movimento e a posi\u00e7\u00e3o da ca\u00e7amba, permitindo que os operadores obtenham resultados precisos. As escavadeiras s\u00e3o utilizadas em uma ampla gama de aplica\u00e7\u00f5es, incluindo minera\u00e7\u00e3o, constru\u00e7\u00e3o e demoli\u00e7\u00e3o.<\/p>\n<h3>Carregadores<\/h3>\n<p>As p\u00e1s carregadeiras utilizam cilindros de ca\u00e7amba para auxiliar no levantamento e despejo eficiente de mercadorias. Controlando o movimento e a posi\u00e7\u00e3o da ca\u00e7amba, o cilindro permite que a p\u00e1 carregadeira manuseie cargas pesadas com facilidade. As p\u00e1s carregadeiras s\u00e3o utilizadas em uma ampla gama de aplica\u00e7\u00f5es, incluindo agricultura, constru\u00e7\u00e3o civil e minera\u00e7\u00e3o.<\/p>\n<h2>Considera\u00e7\u00f5es de design e crit\u00e9rios de sele\u00e7\u00e3o<\/h2>\n<p>Ao projetar cilindros para ca\u00e7ambas, fatores como capacidade de carga, veda\u00e7\u00e3o, durabilidade, seguran\u00e7a e facilidade de manuten\u00e7\u00e3o devem ser considerados. Abaixo est\u00e3o as considera\u00e7\u00f5es de projeto:<\/p>\n<ul>\n<li>Capacidade de carga: O cilindro deve ser projetado para suportar a carga m\u00e1xima \u00e0 qual ser\u00e1 submetido.<\/li>\n<li>Veda\u00e7\u00e3o: Devem ser utilizados materiais de veda\u00e7\u00e3o de alta qualidade para evitar vazamentos de fluido hidr\u00e1ulico e garantir o bom funcionamento.<\/li>\n<li>Durabilidade: O cilindro deve ser projetado para suportar o ambiente de trabalho severo e minimizar o desgaste.<\/li>\n<li>Seguran\u00e7a: O cilindro deve ser projetado para garantir a seguran\u00e7a do operador e prevenir acidentes.<\/li>\n<li>Facilidade de manuten\u00e7\u00e3o: O cilindro deve ser de f\u00e1cil manuten\u00e7\u00e3o, com pe\u00e7as substitu\u00edveis e instru\u00e7\u00f5es claras para os procedimentos de manuten\u00e7\u00e3o.<\/li>\n<\/ul>\n<p><img decoding=\"async\" src=\"https:\/\/www.hydraulic-cylinders.net\/wp-content\/uploads\/2025\/01\/songte-oil-pipes-and-spare-parts.webp\" alt=\"Imagem do cilindro da ca\u00e7amba\"><\/p>\n<h2>Veda\u00e7\u00e3o e Lubrifica\u00e7\u00e3o<\/h2>\n<p>Diversos tipos de veda\u00e7\u00f5es, como veda\u00e7\u00f5es de pist\u00e3o e veda\u00e7\u00f5es de haste, devem ser utilizados para garantir a veda\u00e7\u00e3o do cilindro. As veda\u00e7\u00f5es devem ser fabricadas com materiais resistentes ao desgaste, como poliuretano e borracha nitr\u00edlica, para assegurar uma longa vida \u00fatil. O cilindro deve ser projetado com um corpo e uma superf\u00edcie roscada finamente usinados para melhorar a resist\u00eancia ao desgaste. A lubrifica\u00e7\u00e3o regular com \u00f3leo hidr\u00e1ulico \u00e9 necess\u00e1ria para garantir o funcionamento suave e prolongar a vida \u00fatil do cilindro.<\/p>\n<h2>Manuten\u00e7\u00e3o e Reparo<\/h2>\n<p>A manuten\u00e7\u00e3o e o reparo regulares s\u00e3o necess\u00e1rios para garantir o funcionamento adequado do cilindro e prolongar sua vida \u00fatil. As tarefas comuns de manuten\u00e7\u00e3o incluem inspe\u00e7\u00e3o regular, lubrifica\u00e7\u00e3o adequada, substitui\u00e7\u00e3o de veda\u00e7\u00f5es e verifica\u00e7\u00f5es de calibra\u00e7\u00e3o. A instala\u00e7\u00e3o, a lubrifica\u00e7\u00e3o e o ajuste corretos s\u00e3o essenciais para garantir o funcionamento adequado do cilindro. Recomenda-se o uso de suportes de instala\u00e7\u00e3o apropriados para fixar o cilindro. Os procedimentos recomendados de inspe\u00e7\u00e3o, reparo e substitui\u00e7\u00e3o devem ser seguidos e, se necess\u00e1rio, servi\u00e7os de recondicionamento devem ser utilizados para aumentar a vida \u00fatil do cilindro.<\/p>\n<p><img decoding=\"async\" src=\"https:\/\/www.hydraulic-cylinders.net\/wp-content\/uploads\/2025\/01\/songte-chushion-collar.webp\" alt=\"Imagem do cilindro da ca\u00e7amba\"><\/p>\n<h2>Considera\u00e7\u00f5es sobre seguran\u00e7a e meio ambiente<\/h2>\n<p>Ao utilizar o cilindro hidr\u00e1ulico, devem ser tomadas medidas de seguran\u00e7a para evitar acidentes. \u00c9 essencial seguir as instru\u00e7\u00f5es do fabricante e garantir que o cilindro esteja instalado corretamente, receba manuten\u00e7\u00e3o regular e seja inspecionado com frequ\u00eancia. Manusear o cilindro com cuidado e usar equipamentos de prote\u00e7\u00e3o individual podem ajudar a prevenir acidentes. Fatores ambientais tamb\u00e9m devem ser considerados ao utilizar o cilindro. O descarte adequado do \u00f3leo hidr\u00e1ulico e de outros materiais perigosos \u00e9 necess\u00e1rio para minimizar o impacto no meio ambiente.<\/p>\n<h2>Diagn\u00f3stico de falhas e solu\u00e7\u00e3o de problemas<\/h2>\n<p>Problemas comuns com o cilindro da ca\u00e7amba incluem vazamentos, movimento lento ou sem resposta e ru\u00eddos anormais. Para diagnosticar e solucionar esses problemas, \u00e9 necess\u00e1rio inspecionar o cilindro regularmente e usar as ferramentas apropriadas para identificar a causa. A manuten\u00e7\u00e3o e o reparo regulares podem ajudar a prevenir a ocorr\u00eancia desses problemas.<\/p>\n<h2>Introdu\u00e7\u00e3o \u00e0 empresa<\/h2>\n<p>Somos fabricantes de cilindros hidr\u00e1ulicos de reposi\u00e7\u00e3o, oferecendo uma gama completa de produtos e servi\u00e7os para atender \u00e0s diversas necessidades de nossos clientes. Com foco na excel\u00eancia em qualidade, contamos com uma oficina de fabrica\u00e7\u00e3o refinada e estrat\u00e9gias de gest\u00e3o de produ\u00e7\u00e3o industrializadas para aprimorar constantemente nossa plataforma de fabrica\u00e7\u00e3o e aperfei\u00e7oar nossa linha de produ\u00e7\u00e3o, garantindo a qualidade de nossos produtos. Possu\u00edmos grande capacidade para criar produtos de alta efici\u00eancia, alta precis\u00e3o e alta qualidade, atendendo \u00e0s diversas necessidades de nossos clientes.<\/p>\n<p>Nossa empresa se caracteriza por:<\/p>\n<ul>\n<li>Profissionalismo: Contamos com uma equipe de profissionais altamente qualificados, especialistas em projeto e produ\u00e7\u00e3o de cilindros hidr\u00e1ulicos.<\/li>\n<li>Certifica\u00e7\u00e3o Internacional: Nossos produtos foram certificados por diversas organiza\u00e7\u00f5es internacionais, garantindo sua qualidade e seguran\u00e7a.<\/li>\n<li>Servi\u00e7os de Personaliza\u00e7\u00e3o: Oferecemos servi\u00e7os personalizados para atender \u00e0s necessidades espec\u00edficas de nossos clientes.<\/li>\n<li>Equipamentos de Produ\u00e7\u00e3o: Possu\u00edmos equipamentos de fabrica\u00e7\u00e3o e sistemas de teste avan\u00e7ados para garantir a qualidade de nossos produtos.<\/li>\n<li>Servi\u00e7o p\u00f3s-venda: Oferecemos um servi\u00e7o p\u00f3s-venda completo, incluindo manuten\u00e7\u00e3o, reparo e substitui\u00e7\u00e3o de pe\u00e7as.<\/li>\n<\/ul>\n<p><img decoding=\"async\" src=\"https:\/\/hzpt.com\/wp-content\/uploads\/2024\/11\/songte-company-1.webp\" alt=\"Imagem do cilindro da ca\u00e7amba\"><\/p>\n<p>Estamos comprometidos em fornecer aos nossos clientes os melhores produtos e servi\u00e7os, e nos esfor\u00e7amos para aprimorar continuamente nossas capacidades de fabrica\u00e7\u00e3o e a qualidade de nossos produtos. Nosso objetivo \u00e9 nos tornarmos um fabricante e distribuidor l\u00edder de cilindros hidr\u00e1ulicos nos mercados nacional e internacional.<\/p>\n<p><em>Autor: lyl<\/em><\/p>","protected":false},"excerpt":{"rendered":"<p>Bucket Cylinder For Bada WYS40 Introduction The bucket cylinder is a specialized hydraulic cylinder designed for controlling the movement of the bucket in heavy machinery such as excavators, backhoe excavators, and front-end loaders. Its primary function is to enable the bucket to lift, lower, and tilt, making it easier to handle various material handling tasks. [&hellip;]<\/p>","protected":false},"featured_media":14776,"comment_status":"open","ping_status":"closed","template":"","meta":{"_et_pb_use_builder":"","_et_pb_old_content":"","_et_gb_content_width":""},"product_brand":[],"product_cat":[1494],"product_tag":[1495,1496],"class_list":{"0":"post-15950","1":"product","2":"type-product","3":"status-publish","4":"has-post-thumbnail","6":"product_cat-bucket-cylinders","7":"product_tag-bucket-cylinders","8":"product_tag-hydraulic-cylinders","10":"first","11":"instock","12":"shipping-taxable","13":"product-type-simple"},"amp_enabled":true,"_links":{"self":[{"href":"https:\/\/www.hydraulic-cylinders.net\/pt\/wp-json\/wp\/v2\/product\/15950","targetHints":{"allow":["GET"]}}],"collection":[{"href":"https:\/\/www.hydraulic-cylinders.net\/pt\/wp-json\/wp\/v2\/product"}],"about":[{"href":"https:\/\/www.hydraulic-cylinders.net\/pt\/wp-json\/wp\/v2\/types\/product"}],"replies":[{"embeddable":true,"href":"https:\/\/www.hydraulic-cylinders.net\/pt\/wp-json\/wp\/v2\/comments?post=15950"}],"wp:featuredmedia":[{"embeddable":true,"href":"https:\/\/www.hydraulic-cylinders.net\/pt\/wp-json\/wp\/v2\/media\/14776"}],"wp:attachment":[{"href":"https:\/\/www.hydraulic-cylinders.net\/pt\/wp-json\/wp\/v2\/media?parent=15950"}],"wp:term":[{"taxonomy":"product_brand","embeddable":true,"href":"https:\/\/www.hydraulic-cylinders.net\/pt\/wp-json\/wp\/v2\/product_brand?post=15950"},{"taxonomy":"product_cat","embeddable":true,"href":"https:\/\/www.hydraulic-cylinders.net\/pt\/wp-json\/wp\/v2\/product_cat?post=15950"},{"taxonomy":"product_tag","embeddable":true,"href":"https:\/\/www.hydraulic-cylinders.net\/pt\/wp-json\/wp\/v2\/product_tag?post=15950"}],"curies":[{"name":"wp","href":"https:\/\/api.w.org\/{rel}","templated":true}]}}