{"id":15955,"date":"2025-01-19T15:12:47","date_gmt":"2025-01-19T15:12:47","guid":{"rendered":"https:\/\/www.hydraulic-cylinders.net\/product\/bucket-cylinder-for-baoding-wy80-6\/"},"modified":"2025-01-19T15:12:49","modified_gmt":"2025-01-19T15:12:49","slug":"bucket-cylinder-for-baoding-wy80-6","status":"publish","type":"product","link":"https:\/\/www.hydraulic-cylinders.net\/pt\/produto\/bucket-cylinder-for-baoding-wy80-6\/","title":{"rendered":"Cilindro de ca\u00e7amba para Baoding WY80-6"},"content":{"rendered":"<h2>Introdu\u00e7\u00e3o<\/h2>\n<h3>Cilindro de ca\u00e7amba para Baoding WY80-6<\/h3>\n<p>O cilindro da ca\u00e7amba para Baoding WY80-6 \u00e9 um tipo de cilindro hidr\u00e1ulico especializado, projetado principalmente para controlar o movimento da ca\u00e7amba em m\u00e1quinas pesadas, como escavadeiras, retroescavadeiras e p\u00e1s carregadeiras. Sua principal fun\u00e7\u00e3o \u00e9 permitir que a ca\u00e7amba seja levantada, abaixada e inclinada, facilitando o transporte de diversos materiais. No sistema hidr\u00e1ulico, o cilindro da ca\u00e7amba proporciona um controle preciso do movimento da ca\u00e7amba por meio de altera\u00e7\u00f5es na press\u00e3o do \u00f3leo hidr\u00e1ulico, permitindo que os operadores manuseiem cargas pesadas com efici\u00eancia e se adaptem a ambientes de trabalho complexos e diversas exig\u00eancias da tarefa.<\/p>\n<p><img decoding=\"async\" src=\"https:\/\/www.hydraulic-cylinders.net\/wp-content\/uploads\/2025\/01\/songte-company-2.webp\" alt=\"Imagem do cilindro da ca\u00e7amba\"><\/p>\n<h2>Caracter\u00edsticas<\/h2>\n<ul>\n<li><strong>Alta resist\u00eancia e durabilidade:<\/strong> Normalmente fabricado em a\u00e7o de alta resist\u00eancia ou alum\u00ednio, este cilindro suporta alta press\u00e3o e cargas pesadas, adaptando-se a ambientes de trabalho severos. Seu design leva em considera\u00e7\u00e3o a resist\u00eancia ao desgaste e \u00e0 corros\u00e3o, prolongando sua vida \u00fatil.<\/li>\n<li><strong>Opera\u00e7\u00e3o hidr\u00e1ulica eficiente:<\/strong> Ao utilizar a press\u00e3o do \u00f3leo hidr\u00e1ulico para obter uma expans\u00e3o e contra\u00e7\u00e3o suaves, o sistema responde rapidamente aos comandos operacionais, fornecendo for\u00e7as de empurrar e puxar potentes, adequadas para lidar com cargas pesadas e tarefas complexas.<\/li>\n<li><strong>V\u00e1rios tipos:<\/strong> O cilindro pode ser escolhido de acordo com a necessidade de a\u00e7\u00e3o simples (utilizando hidr\u00e1ulica em apenas uma dire\u00e7\u00e3o) ou de a\u00e7\u00e3o dupla (utilizando hidr\u00e1ulica em ambas as dire\u00e7\u00f5es) para atender a diferentes necessidades operacionais. Alguns modelos s\u00e3o telesc\u00f3picos, permitindo maior extens\u00e3o sem aumentar as dimens\u00f5es externas, tornando-os adequados para aplica\u00e7\u00f5es com espa\u00e7o limitado.<\/li>\n<li><strong>Custo-benef\u00edcio:<\/strong> Nossos produtos podem substituir perfeitamente esses cilindros hidr\u00e1ulicos, oferecendo uma solu\u00e7\u00e3o econ\u00f4mica.<\/li>\n<li><strong>Personaliz\u00e1vel:<\/strong> Podemos personalizar o cilindro de acordo com as necessidades espec\u00edficas de nossos clientes.<\/li>\n<\/ul>\n<p><img decoding=\"async\" src=\"https:\/\/www.hydraulic-cylinders.net\/wp-content\/uploads\/2025\/01\/songte-cylinder-head-with-all-kinds-excavator-models.webp\" alt=\"Imagem do cilindro da ca\u00e7amba\"><\/p>\n<h2>Aplica\u00e7\u00f5es<\/h2>\n<p>O cilindro de ca\u00e7amba para Baoding WY80-6 possui uma ampla gama de aplica\u00e7\u00f5es, incluindo:<\/p>\n<ul>\n<li><strong>Equipamentos de constru\u00e7\u00e3o:<\/strong> Em escavadeiras, s\u00e3o essenciais para escavar, carregar e movimentar terra ou entulho. Em retroescavadeiras, o cilindro da ca\u00e7amba auxilia tanto na escava\u00e7\u00e3o quanto no levantamento. Em p\u00e1s carregadeiras, auxiliam no levantamento e inclina\u00e7\u00e3o eficientes de materiais.<\/li>\n<li><strong>Maquinaria agr\u00edcola:<\/strong> Utilizado em p\u00e1s carregadeiras para recolher, levantar e transportar terra, feno e outros materiais. Em escavadeiras, o cilindro da ca\u00e7amba permite que a ca\u00e7amba penetre no solo para realizar opera\u00e7\u00f5es de escava\u00e7\u00e3o.<\/li>\n<\/ul>\n<h3>Equipamentos de constru\u00e7\u00e3o:<\/h3>\n<p>Em escavadeiras, o cilindro da ca\u00e7amba \u00e9 essencial para escavar, carregar e movimentar solo ou entulho. Ele permite que o operador controle facilmente o movimento da ca\u00e7amba, possibilitando a conclus\u00e3o de tarefas complexas em pouco tempo. Em retroescavadeiras, o cilindro da ca\u00e7amba auxilia tanto na escava\u00e7\u00e3o quanto no levantamento, permitindo que o operador movimente cargas pesadas com facilidade. Em p\u00e1s carregadeiras, ele auxilia no levantamento e inclina\u00e7\u00e3o de materiais com efici\u00eancia, permitindo que os operadores concluam tarefas complexas com seguran\u00e7a e efic\u00e1cia.<\/p>\n<h3>Maquinaria agr\u00edcola:<\/h3>\n<p>O cilindro da ca\u00e7amba para Baoding WY80-6 \u00e9 utilizado em p\u00e1s carregadeiras para escavar, levantar e transportar terra, feno e outros materiais. Em escavadeiras, o cilindro da ca\u00e7amba permite que a ca\u00e7amba penetre no solo para realizar opera\u00e7\u00f5es de escava\u00e7\u00e3o, tornando-se um componente essencial em m\u00e1quinas agr\u00edcolas.<\/p>\n<p><img decoding=\"async\" src=\"https:\/\/www.hydraulic-cylinders.net\/wp-content\/uploads\/2025\/01\/songte-bushings-with-all-kinds-of-excavator-models.webp\" alt=\"Imagem do cilindro da ca\u00e7amba\"><\/p>\n<h2>Considera\u00e7\u00f5es de design e crit\u00e9rios de sele\u00e7\u00e3o<\/h2>\n<p>O projeto do cilindro da ca\u00e7amba para a Baoding WY80-6 leva em considera\u00e7\u00e3o diversos fatores, incluindo:<\/p>\n<ul>\n<li><strong>Capacidade de suporte:<\/strong> O cilindro deve ser capaz de suportar cargas pesadas e alta press\u00e3o.<\/li>\n<li><strong>Selagem:<\/strong> O cilindro deve ser capaz de manter uma veda\u00e7\u00e3o segura para evitar vazamentos de fluido hidr\u00e1ulico.<\/li>\n<li><strong>Durabilidade:<\/strong> O cilindro deve ser capaz de suportar ambientes de trabalho severos e ter uma longa vida \u00fatil.<\/li>\n<li><strong>Seguran\u00e7a:<\/strong> O cilindro deve ser projetado com foco na seguran\u00e7a para evitar acidentes e garantir a seguran\u00e7a do operador.<\/li>\n<li><strong>Manutenibilidade:<\/strong> O cilindro deve ser de f\u00e1cil manuten\u00e7\u00e3o e reparo para minimizar o tempo de inatividade.<\/li>\n<\/ul>\n<p><img decoding=\"async\" src=\"https:\/\/hydraulic-cylinders.net\/wp-content\/uploads\/2025\/01\/songte-oil-pipes-and-spare-parts.webp\" alt=\"Imagem do cilindro da ca\u00e7amba\"><\/p>\n<h2>Veda\u00e7\u00e3o e Lubrifica\u00e7\u00e3o<\/h2>\n<p>O cilindro da ca\u00e7amba para a Baoding WY80-6 utiliza diversos componentes de veda\u00e7\u00e3o, incluindo veda\u00e7\u00f5es do pist\u00e3o, veda\u00e7\u00f5es da haste e outros an\u00e9is de veda\u00e7\u00e3o e juntas. Esses componentes s\u00e3o fabricados com materiais resistentes ao desgaste, como poliuretano e borracha nitr\u00edlica, para garantir uma longa vida \u00fatil. Al\u00e9m disso, o corpo do cilindro e as superf\u00edcies roscadas das extremidades passam por um processo de usinagem de precis\u00e3o para melhorar a resist\u00eancia ao desgaste. \u00c9 importante adicionar regularmente a quantidade adequada de \u00f3leo hidr\u00e1ulico para lubrificar o cilindro e garantir seu funcionamento correto.<\/p>\n<h2>Manuten\u00e7\u00e3o e Reparo<\/h2>\n<p>A manuten\u00e7\u00e3o regular \u00e9 essencial para garantir a longevidade e o funcionamento adequado do cilindro da ca\u00e7amba da Baoding WY80-6. As seguintes tarefas devem ser realizadas regularmente:<\/p>\n<ul>\n<li><strong>Inspe\u00e7\u00e3o:<\/strong> Inspecione regularmente o cilindro para verificar se h\u00e1 sinais de danos ou desgaste.<\/li>\n<li><strong>Lubrifica\u00e7\u00e3o:<\/strong> Lubrifique o cilindro adequadamente para evitar danos causados \u200b\u200bpelo atrito.<\/li>\n<li><strong>Substitui\u00e7\u00e3o da veda\u00e7\u00e3o:<\/strong> Substitua as veda\u00e7\u00f5es desgastadas ou danificadas para evitar vazamentos de fluido hidr\u00e1ulico.<\/li>\n<li><strong>Verifica\u00e7\u00e3o de calibra\u00e7\u00e3o:<\/strong> Verifique regularmente a calibra\u00e7\u00e3o do cilindro para garantir o seu funcionamento adequado.<\/li>\n<\/ul>\n<p>A instala\u00e7\u00e3o correta tamb\u00e9m \u00e9 crucial para garantir o funcionamento adequado do cilindro da ca\u00e7amba para Baoding WY80-6. \u00c9 importante alinhar o cilindro com precis\u00e3o e usar os suportes de instala\u00e7\u00e3o apropriados para fix\u00e1-lo no lugar. Recomendamos seguir nossos procedimentos de inspe\u00e7\u00e3o, reparo e substitui\u00e7\u00e3o para prolongar a vida \u00fatil do cilindro.<\/p>\n<p><img decoding=\"async\" src=\"https:\/\/www.hydraulic-cylinders.net\/wp-content\/uploads\/2025\/01\/songte-chushion-collar.webp\" alt=\"Imagem do cilindro da ca\u00e7amba\"><\/p>\n<h2>Considera\u00e7\u00f5es sobre seguran\u00e7a e meio ambiente<\/h2>\n<p>Ao utilizar o cilindro de ca\u00e7amba para a escavadeira Baoding WY80-6, \u00e9 fundamental seguir os procedimentos de seguran\u00e7a para evitar acidentes. Os operadores devem receber treinamento adequado e equipamentos de seguran\u00e7a. Al\u00e9m disso, \u00e9 importante considerar os fatores ambientais ao utilizar o cilindro, como o descarte correto do fluido hidr\u00e1ulico e o cumprimento das normas ambientais locais.<\/p>\n<h2>Solu\u00e7\u00e3o de problemas e problemas comuns<\/h2>\n<p>Alguns problemas comuns que podem ocorrer ao usar o cilindro da ca\u00e7amba para a Baoding WY80-6 incluem vazamentos de fluido hidr\u00e1ulico, lubrifica\u00e7\u00e3o insuficiente e desalinhamento. Se voc\u00ea se deparar com algum desses problemas, \u00e9 importante seguir nossos procedimentos recomendados de solu\u00e7\u00e3o de problemas e reparo para minimizar o tempo de inatividade e evitar maiores danos.<\/p>\n<h2>Sobre nossa empresa<\/h2>\n<p>Somos fabricantes de cilindros hidr\u00e1ulicos que podem substituir os cilindros tradicionais, oferecendo uma linha completa de produtos. Somos um dos principais fabricantes e distribuidores atacadistas de cilindros hidr\u00e1ulicos nos mercados nacional e internacional. Primamos pela excel\u00eancia em qualidade e nos apoiamos na estrat\u00e9gia de gest\u00e3o de produ\u00e7\u00e3o industrial de oficinas de fabrica\u00e7\u00e3o de alta precis\u00e3o para aprimorar continuamente nossa plataforma de produ\u00e7\u00e3o, aperfei\u00e7oar a linha de produ\u00e7\u00e3o e a qualidade dos produtos, al\u00e9m de cultivarmos forte criatividade. Atendemos \u00e0s diversas necessidades dos clientes com base nos princ\u00edpios de alta efici\u00eancia, alta precis\u00e3o e alta qualidade. Oferecemos, entre outros, conhecimento especializado, certifica\u00e7\u00e3o internacional, servi\u00e7os personalizados, equipamentos de produ\u00e7\u00e3o e assist\u00eancia p\u00f3s-venda.<\/p>\n<p><img decoding=\"async\" src=\"https:\/\/www.hydraulic-cylinders.net\/wp-content\/uploads\/2025\/01\/songte-company-3.webp\" alt=\"Imagem do cilindro da ca\u00e7amba\"><\/p>\n<p>Autor: lyl<\/p>","protected":false},"excerpt":{"rendered":"<p>Introduction Bucket Cylinder for Baoding WY80-6 The Bucket Cylinder for Baoding WY80-6 is a type of specialized hydraulic cylinder designed primarily for controlling the movement of the bucket in heavy machinery such as excavators, backhoe excavators, and front-end loaders. Its main function is to enable the bucket to be lifted, lowered, and tilted, making it [&hellip;]<\/p>","protected":false},"featured_media":14762,"comment_status":"open","ping_status":"closed","template":"","meta":{"_et_pb_use_builder":"","_et_pb_old_content":"","_et_gb_content_width":""},"product_brand":[],"product_cat":[1494],"product_tag":[1495,1496],"class_list":{"0":"post-15955","1":"product","2":"type-product","3":"status-publish","4":"has-post-thumbnail","6":"product_cat-bucket-cylinders","7":"product_tag-bucket-cylinders","8":"product_tag-hydraulic-cylinders","10":"first","11":"instock","12":"shipping-taxable","13":"product-type-simple"},"amp_enabled":true,"_links":{"self":[{"href":"https:\/\/www.hydraulic-cylinders.net\/pt\/wp-json\/wp\/v2\/product\/15955","targetHints":{"allow":["GET"]}}],"collection":[{"href":"https:\/\/www.hydraulic-cylinders.net\/pt\/wp-json\/wp\/v2\/product"}],"about":[{"href":"https:\/\/www.hydraulic-cylinders.net\/pt\/wp-json\/wp\/v2\/types\/product"}],"replies":[{"embeddable":true,"href":"https:\/\/www.hydraulic-cylinders.net\/pt\/wp-json\/wp\/v2\/comments?post=15955"}],"wp:featuredmedia":[{"embeddable":true,"href":"https:\/\/www.hydraulic-cylinders.net\/pt\/wp-json\/wp\/v2\/media\/14762"}],"wp:attachment":[{"href":"https:\/\/www.hydraulic-cylinders.net\/pt\/wp-json\/wp\/v2\/media?parent=15955"}],"wp:term":[{"taxonomy":"product_brand","embeddable":true,"href":"https:\/\/www.hydraulic-cylinders.net\/pt\/wp-json\/wp\/v2\/product_brand?post=15955"},{"taxonomy":"product_cat","embeddable":true,"href":"https:\/\/www.hydraulic-cylinders.net\/pt\/wp-json\/wp\/v2\/product_cat?post=15955"},{"taxonomy":"product_tag","embeddable":true,"href":"https:\/\/www.hydraulic-cylinders.net\/pt\/wp-json\/wp\/v2\/product_tag?post=15955"}],"curies":[{"name":"wp","href":"https:\/\/api.w.org\/{rel}","templated":true}]}}