{"id":15960,"date":"2025-01-19T15:13:10","date_gmt":"2025-01-19T15:13:10","guid":{"rendered":"https:\/\/www.hydraulic-cylinders.net\/product\/bucket-cylinder-for-baoding-wy75-7\/"},"modified":"2025-01-19T15:13:13","modified_gmt":"2025-01-19T15:13:13","slug":"bucket-cylinder-for-baoding-wy75-7","status":"publish","type":"product","link":"https:\/\/www.hydraulic-cylinders.net\/pt\/produto\/bucket-cylinder-for-baoding-wy75-7\/","title":{"rendered":"Cilindro de ca\u00e7amba para Baoding WY75-7"},"content":{"rendered":"<h1>Cilindro de ca\u00e7amba para Baoding WY75-7<\/h1>\n<h2>Introdu\u00e7\u00e3o<\/h2>\n<p>Um cilindro de ca\u00e7amba \u00e9 um tipo de cilindro hidr\u00e1ulico especialmente projetado para controlar o movimento de ca\u00e7ambas em m\u00e1quinas pesadas, como escavadeiras, retroescavadeiras e p\u00e1s carregadeiras. Sua principal fun\u00e7\u00e3o \u00e9 permitir que a ca\u00e7amba suba, des\u00e7a e incline, facilitando diversas tarefas de movimenta\u00e7\u00e3o de materiais. Em sistemas hidr\u00e1ulicos, os cilindros de ca\u00e7amba permitem o controle preciso da ca\u00e7amba, variando a press\u00e3o do \u00f3leo hidr\u00e1ulico, possibilitando que os operadores manuseiem cargas pesadas com efici\u00eancia, adaptem-se a ambientes de trabalho complexos e a diversas necessidades operacionais.<\/p>\n<p><img decoding=\"async\" src=\"https:\/\/www.hydraulic-cylinders.net\/wp-content\/uploads\/2025\/01\/songte-company-2.webp\" alt=\"Imagem do cilindro da ca\u00e7amba\"><\/p>\n<h2>Caracter\u00edsticas<\/h2>\n<ul>\n<li>Alta resist\u00eancia e durabilidade: Normalmente fabricado em a\u00e7o ou alum\u00ednio de alta resist\u00eancia, capaz de suportar alta press\u00e3o e cargas pesadas, adapt\u00e1vel a ambientes de trabalho severos, projetado com resist\u00eancia ao desgaste e \u00e0 corros\u00e3o em mente, e capaz de prolongar a vida \u00fatil.<\/li>\n<li>Opera\u00e7\u00e3o hidr\u00e1ulica eficiente: Utilizando a press\u00e3o do \u00f3leo hidr\u00e1ulico para obter movimentos suaves de extens\u00e3o e retra\u00e7\u00e3o, respondendo rapidamente aos comandos de controle e fornecendo uma for\u00e7a de empurrar e puxar potente, adequada para lidar com cargas pesadas e tarefas operacionais complexas.<\/li>\n<li>Diversos tipos: Cilindros de a\u00e7\u00e3o simples (que utilizam o sistema hidr\u00e1ulico apenas em uma dire\u00e7\u00e3o) ou de a\u00e7\u00e3o dupla (que utilizam o sistema hidr\u00e1ulico em duas dire\u00e7\u00f5es) podem ser selecionados de acordo com as necessidades operacionais. Alguns modelos s\u00e3o telesc\u00f3picos, permitindo maior extens\u00e3o sem aumentar as dimens\u00f5es externas, sendo adequados para aplica\u00e7\u00f5es com espa\u00e7o limitado.<\/li>\n<\/ul>\n<p>Somos capazes de produzir este produto, que pode substituir perfeitamente esses cilindros hidr\u00e1ulicos.<\/p>\n<p><img decoding=\"async\" src=\"https:\/\/www.hydraulic-cylinders.net\/wp-content\/uploads\/2025\/01\/songte-cylinder-head-with-all-kinds-excavator-models.webp\" alt=\"Imagem do Cilindro Hidr\u00e1ulico\"><\/p>\n<h2>Aplica\u00e7\u00f5es<\/h2>\n<p>O cilindro de ca\u00e7amba tem uma ampla gama de aplica\u00e7\u00f5es:<\/p>\n<ul>\n<li>Equipamentos de constru\u00e7\u00e3o: Em escavadeiras, s\u00e3o essenciais para escavar, carregar e movimentar terra ou entulho. Em retroescavadeiras, os cilindros da ca\u00e7amba auxiliam tanto na escava\u00e7\u00e3o quanto no levantamento de material. <\/li>\n<li>M\u00e1quinas agr\u00edcolas: Utilizadas em p\u00e1s carregadeiras para recolher, levantar e transportar terra, feno e outros materiais, e em escavadeiras para cavar, permitindo que a ca\u00e7amba penetre no solo.<\/li>\n<li>Carregador: Nas carregadeiras frontais, eles auxiliam no levantamento e despejo de mercadorias de forma eficiente.<\/li>\n<\/ul>\n<h2>Considera\u00e7\u00f5es de design e crit\u00e9rios de sele\u00e7\u00e3o<\/h2>\n<p>As seguintes considera\u00e7\u00f5es de projeto e crit\u00e9rios de sele\u00e7\u00e3o s\u00e3o cruciais para garantir a longevidade e o desempenho do cilindro da ca\u00e7amba:<\/p>\n<ul>\n<li>Capacidade de carga: O cilindro deve ser capaz de suportar alta press\u00e3o e cargas pesadas.<\/li>\n<li>Veda\u00e7\u00e3o: O cilindro deve ser projetado com veda\u00e7\u00f5es de alta qualidade para evitar vazamentos de \u00f3leo hidr\u00e1ulico.<\/li>\n<li>Durabilidade: Os materiais utilizados no cilindro devem ser capazes de resistir ao desgaste e \u00e0 corros\u00e3o.<\/li>\n<li>Seguran\u00e7a: O cilindro deve ser projetado com foco na seguran\u00e7a, tomando medidas de precau\u00e7\u00e3o para evitar acidentes ou mau funcionamento.<\/li>\n<li>Facilidade de manuten\u00e7\u00e3o: O cilindro deve ser projetado para permitir f\u00e1cil manuten\u00e7\u00e3o e reparo.<\/li>\n<\/ul>\n<p><img decoding=\"async\" src=\"https:\/\/www.hydraulic-cylinders.net\/wp-content\/uploads\/2025\/01\/songte-oil-pipes-and-spare-parts.webp\" alt=\"Imagem do Cilindro Hidr\u00e1ulico\"><\/p>\n<h2>Veda\u00e7\u00e3o e Lubrifica\u00e7\u00e3o<\/h2>\n<p>O cilindro da ca\u00e7amba requer diversos componentes de veda\u00e7\u00e3o, como veda\u00e7\u00f5es do pist\u00e3o e da haste, fabricados com materiais resistentes ao desgaste, como poliuretano e borracha nitr\u00edlica. A superf\u00edcie do cilindro e as roscas passam por um tratamento preciso para melhorar a resist\u00eancia ao desgaste. A reposi\u00e7\u00e3o regular do \u00f3leo hidr\u00e1ulico \u00e9 necess\u00e1ria para garantir a lubrifica\u00e7\u00e3o adequada do cilindro.<\/p>\n<h2>Manuten\u00e7\u00e3o e Reparo<\/h2>\n<p>Inspe\u00e7\u00f5es peri\u00f3dicas e manuten\u00e7\u00e3o preventiva s\u00e3o essenciais para prolongar a vida \u00fatil do cilindro da ca\u00e7amba. A seguir, algumas tarefas comuns de manuten\u00e7\u00e3o:<\/p>\n<ul>\n<li>Inspe\u00e7\u00e3o regular<\/li>\n<li>Lubrifica\u00e7\u00e3o adequada<\/li>\n<li>Substitui\u00e7\u00e3o do selo<\/li>\n<li>Verifica\u00e7\u00f5es de calibra\u00e7\u00e3o<\/li>\n<\/ul>\n<p><img decoding=\"async\" src=\"https:\/\/www.hydraulic-cylinders.net\/wp-content\/uploads\/2025\/01\/songte-chushion-collar.webp\" alt=\"Imagem do Cilindro Hidr\u00e1ulico\"><\/p>\n<h2>Considera\u00e7\u00f5es de seguran\u00e7a e fatores ambientais<\/h2>\n<p>Considerar as medidas de seguran\u00e7a ao usar o cilindro de balde \u00e9 crucial. \u00c9 essencial seguir as instru\u00e7\u00f5es do fabricante e usar os equipamentos de prote\u00e7\u00e3o individual (EPI) adequados. Fatores ambientais como temperatura, umidade e press\u00e3o atmosf\u00e9rica tamb\u00e9m devem ser levados em conta durante o uso do cilindro.<\/p>\n<h2>Solu\u00e7\u00e3o de problemas e problemas comuns<\/h2>\n<p>Alguns problemas comuns associados ao cilindro da ca\u00e7amba incluem vazamentos, mau funcionamento e desgaste. Identificar e resolver esses problemas exige habilidades adequadas de diagn\u00f3stico. Medidas preventivas, como inspe\u00e7\u00f5es e manuten\u00e7\u00f5es regulares, podem ajudar a reduzir a ocorr\u00eancia desses problemas.<\/p>\n<p><img decoding=\"async\" src=\"https:\/\/www.hydraulic-cylinders.net\/wp-content\/uploads\/2025\/01\/songte-bushings-with-all-kinds-of-excavator-models.webp\" alt=\"Imagem do Cilindro Hidr\u00e1ulico\"><\/p>\n<h2>Sobre nossa empresa<\/h2>\n<p>Somos um dos principais fabricantes e distribuidores de cilindros hidr\u00e1ulicos nos mercados nacional e internacional. Nossa linha de produ\u00e7\u00e3o inclui diversos tipos de cilindros hidr\u00e1ulicos. Seguimos excelentes estrat\u00e9gias de gest\u00e3o de qualidade e produ\u00e7\u00e3o, utilizando equipamentos de fabrica\u00e7\u00e3o de ponta e sistemas de teste profissionais. Contamos com uma equipe de especialistas capazes de atender \u00e0s diversas necessidades dos clientes com alta efici\u00eancia, precis\u00e3o e qualidade.<\/p>\n<h3>Nossa especializa\u00e7\u00e3o<\/h3>\n<p>Oferecemos a seguinte especializa\u00e7\u00e3o:<\/p>\n<ul>\n<li>Certifica\u00e7\u00e3o internacional<\/li>\n<li>Servi\u00e7os de personaliza\u00e7\u00e3o<\/li>\n<li>Equipamentos de produ\u00e7\u00e3o de \u00faltima gera\u00e7\u00e3o<\/li>\n<li>Servi\u00e7o p\u00f3s-venda<\/li>\n<\/ul>\n<p><img decoding=\"async\" src=\"https:\/\/hzpt.com\/wp-content\/uploads\/2024\/11\/songte-company-1.webp\" alt=\"Imagem do Cilindro Hidr\u00e1ulico\"><\/p>\n<p>Autor: lyl.<\/p>","protected":false},"excerpt":{"rendered":"<p>Bucket Cylinder For Baoding WY75-7 Introduction A bucket cylinder is a type of hydraulic cylinder specially designed for controlling the movement of buckets in heavy machinery such as excavators, backhoe excavators, and front loaders. Its main function is to enable the bucket to lift, lower, and tilt, making it easier for various material handling tasks. [&hellip;]<\/p>","protected":false},"featured_media":14785,"comment_status":"open","ping_status":"closed","template":"","meta":{"_et_pb_use_builder":"","_et_pb_old_content":"","_et_gb_content_width":""},"product_brand":[],"product_cat":[1494],"product_tag":[1495,1496],"class_list":{"0":"post-15960","1":"product","2":"type-product","3":"status-publish","4":"has-post-thumbnail","6":"product_cat-bucket-cylinders","7":"product_tag-bucket-cylinders","8":"product_tag-hydraulic-cylinders","10":"first","11":"instock","12":"shipping-taxable","13":"product-type-simple"},"amp_enabled":true,"_links":{"self":[{"href":"https:\/\/www.hydraulic-cylinders.net\/pt\/wp-json\/wp\/v2\/product\/15960","targetHints":{"allow":["GET"]}}],"collection":[{"href":"https:\/\/www.hydraulic-cylinders.net\/pt\/wp-json\/wp\/v2\/product"}],"about":[{"href":"https:\/\/www.hydraulic-cylinders.net\/pt\/wp-json\/wp\/v2\/types\/product"}],"replies":[{"embeddable":true,"href":"https:\/\/www.hydraulic-cylinders.net\/pt\/wp-json\/wp\/v2\/comments?post=15960"}],"wp:featuredmedia":[{"embeddable":true,"href":"https:\/\/www.hydraulic-cylinders.net\/pt\/wp-json\/wp\/v2\/media\/14785"}],"wp:attachment":[{"href":"https:\/\/www.hydraulic-cylinders.net\/pt\/wp-json\/wp\/v2\/media?parent=15960"}],"wp:term":[{"taxonomy":"product_brand","embeddable":true,"href":"https:\/\/www.hydraulic-cylinders.net\/pt\/wp-json\/wp\/v2\/product_brand?post=15960"},{"taxonomy":"product_cat","embeddable":true,"href":"https:\/\/www.hydraulic-cylinders.net\/pt\/wp-json\/wp\/v2\/product_cat?post=15960"},{"taxonomy":"product_tag","embeddable":true,"href":"https:\/\/www.hydraulic-cylinders.net\/pt\/wp-json\/wp\/v2\/product_tag?post=15960"}],"curies":[{"name":"wp","href":"https:\/\/api.w.org\/{rel}","templated":true}]}}