{"id":15975,"date":"2025-01-19T15:14:23","date_gmt":"2025-01-19T15:14:23","guid":{"rendered":"https:\/\/www.hydraulic-cylinders.net\/product\/bucket-cylinder-for-sinomach-zg3210-9c\/"},"modified":"2025-01-19T15:14:25","modified_gmt":"2025-01-19T15:14:25","slug":"bucket-cylinder-for-sinomach-zg3210-9c","status":"publish","type":"product","link":"https:\/\/www.hydraulic-cylinders.net\/pt\/produto\/bucket-cylinder-for-sinomach-zg3210-9c\/","title":{"rendered":"Cilindro da ca\u00e7amba para Sinomach ZG3210-9C"},"content":{"rendered":"<h1>Cilindro da ca\u00e7amba para Sinomach ZG3210-9C<\/h1>\n<h2>Introdu\u00e7\u00e3o<\/h2>\n<p>O cilindro da ca\u00e7amba para Sinomach ZG3210-9C \u00e9 um cilindro hidr\u00e1ulico especializado, projetado para controlar o movimento da ca\u00e7amba em m\u00e1quinas pesadas, como escavadeiras, retroescavadeiras e p\u00e1s carregadeiras. Sua principal fun\u00e7\u00e3o \u00e9 permitir o levantamento, abaixamento e inclina\u00e7\u00e3o da ca\u00e7amba, facilitando diversas tarefas de movimenta\u00e7\u00e3o de materiais. No sistema hidr\u00e1ulico, o cilindro da ca\u00e7amba utiliza as varia\u00e7\u00f5es de press\u00e3o do \u00f3leo hidr\u00e1ulico para obter um controle preciso da ca\u00e7amba, permitindo que os operadores manuseiem cargas pesadas com efici\u00eancia em ambientes de trabalho complexos e com diversas exig\u00eancias.<\/p>\n<p><img decoding=\"async\" src=\"https:\/\/www.hydraulic-cylinders.net\/wp-content\/uploads\/2025\/01\/songte-company-2.webp\" alt=\"Imagem do cilindro da ca\u00e7amba\"><\/p>\n<h2>Caracter\u00edsticas<\/h2>\n<ul>\n<li>Alta resist\u00eancia e durabilidade: Normalmente fabricado em a\u00e7o ou alum\u00ednio de alta resist\u00eancia, o cilindro da ca\u00e7amba \u00e9 capaz de suportar alta press\u00e3o e cargas pesadas, adaptando-se a condi\u00e7\u00f5es de trabalho severas. Seu design considera a resist\u00eancia ao desgaste e \u00e0 corros\u00e3o, prolongando sua vida \u00fatil.<\/li>\n<li>Opera\u00e7\u00e3o hidr\u00e1ulica eficiente: Utilizando a press\u00e3o do \u00f3leo hidr\u00e1ulico, o cilindro da ca\u00e7amba realiza movimentos suaves de extens\u00e3o e retra\u00e7\u00e3o, respondendo rapidamente aos comandos de controle e proporcionando for\u00e7as de empuxo e tra\u00e7\u00e3o potentes, adequadas para o manuseio de cargas pesadas e tarefas complexas.<\/li>\n<li>Versatilidade em Tipos: O cilindro da ca\u00e7amba pode ser selecionado como de a\u00e7\u00e3o simples (press\u00e3o hidr\u00e1ulica aplicada em apenas uma dire\u00e7\u00e3o) ou de a\u00e7\u00e3o dupla (press\u00e3o hidr\u00e1ulica aplicada em ambas as dire\u00e7\u00f5es), de acordo com as necessidades operacionais espec\u00edficas. Alguns modelos s\u00e3o telesc\u00f3picos, permitindo maior extens\u00e3o sem aumentar as dimens\u00f5es externas, o que os torna adequados para aplica\u00e7\u00f5es com espa\u00e7o limitado.<\/li>\n<li>Substitui\u00e7\u00e3o perfeita: Nossos produtos podem substituir perfeitamente os cilindros hidr\u00e1ulicos existentes, garantindo compatibilidade e integra\u00e7\u00e3o perfeita.<\/li>\n<\/ul>\n<p><img decoding=\"async\" src=\"https:\/\/www.hydraulic-cylinders.net\/wp-content\/uploads\/2025\/01\/songte-cylinder-head-with-all-kinds-excavator-models.webp\" alt=\"Imagem do produto\"><\/p>\n<h2>Aplica\u00e7\u00f5es<\/h2>\n<p>O cilindro de ca\u00e7amba encontra sua aplica\u00e7\u00e3o em diversos equipamentos:<\/p>\n<ul>\n<li>M\u00e1quinas de constru\u00e7\u00e3o: Em escavadeiras, s\u00e3o cruciais para escavar, carregar e movimentar terra ou entulho. Em retroescavadeiras, o cilindro da ca\u00e7amba auxilia tanto na escava\u00e7\u00e3o quanto no levantamento.<\/li>\n<li>M\u00e1quinas agr\u00edcolas: Utilizado em p\u00e1s carregadeiras frontais, o cilindro da ca\u00e7amba auxilia na coleta, levantamento e transporte de terra, feno e outros materiais.<\/li>\n<li>Escavadeiras: O cilindro da ca\u00e7amba permite a\u00e7\u00f5es de escava\u00e7\u00e3o permitindo que a ca\u00e7amba penetre no solo.<\/li>\n<li>Carregadores: Em carregadores frontais, eles facilitam o levantamento e o despejo eficientes de mercadorias.<\/li>\n<\/ul>\n<h2>Considera\u00e7\u00f5es de design e crit\u00e9rios de sele\u00e7\u00e3o<\/h2>\n<p>No que diz respeito \u00e0s considera\u00e7\u00f5es de design, v\u00e1rios fatores-chave s\u00e3o levados em conta:<\/p>\n<ul>\n<li>Capacidade de carga: O cilindro da ca\u00e7amba foi projetado para suportar a carga m\u00e1xima que encontrar\u00e1 durante a opera\u00e7\u00e3o.<\/li>\n<li>Veda\u00e7\u00e3o: V\u00e1rios componentes de veda\u00e7\u00e3o, como veda\u00e7\u00f5es de pist\u00e3o e veda\u00e7\u00f5es de haste, s\u00e3o usados \u200b\u200bpara evitar vazamentos e garantir o funcionamento eficiente do cilindro.<\/li>\n<li>Durabilidade: O cilindro \u00e9 constru\u00eddo com materiais e acabamentos que aumentam sua resist\u00eancia ao desgaste.<\/li>\n<li>Seguran\u00e7a: Recursos de seguran\u00e7a s\u00e3o incorporados ao projeto para prevenir acidentes e garantir a prote\u00e7\u00e3o do operador.<\/li>\n<li>Maintainability: The cylinder&#8217;s design allows for easy maintenance and repair, minimizing downtime.<\/li>\n<\/ul>\n<p><img decoding=\"async\" src=\"https:\/\/www.hydraulic-cylinders.net\/wp-content\/uploads\/2025\/01\/songte-oil-pipes-and-spare-parts.webp\" alt=\"Imagem do produto\"><\/p>\n<h2>Veda\u00e7\u00e3o e Lubrifica\u00e7\u00e3o<\/h2>\n<p>O cilindro da ca\u00e7amba utiliza diversas veda\u00e7\u00f5es, como veda\u00e7\u00f5es de pist\u00e3o e veda\u00e7\u00f5es de haste, fabricadas com materiais resistentes ao desgaste, como poliuretano e borracha nitr\u00edlica. O corpo do cilindro e as extremidades roscadas passam por um tratamento preciso para melhorar a resist\u00eancia ao desgaste. A lubrifica\u00e7\u00e3o regular com a quantidade adequada de \u00f3leo hidr\u00e1ulico \u00e9 necess\u00e1ria para garantir o bom funcionamento.<\/p>\n<h2>Inspe\u00e7\u00e3o regular e manuten\u00e7\u00e3o preventiva<\/h2>\n<p>A inspe\u00e7\u00e3o regular e a manuten\u00e7\u00e3o preventiva s\u00e3o essenciais para o desempenho ideal e a longevidade do cilindro da ca\u00e7amba:<\/p>\n<ul>\n<li>Inspecionar para detectar vazamentos, danos e desgaste.<\/li>\n<li>Lubrifica\u00e7\u00e3o adequada<\/li>\n<li>Substitui\u00e7\u00e3o do selo<\/li>\n<li>Verifica\u00e7\u00f5es de calibra\u00e7\u00e3o<\/li>\n<\/ul>\n<p><img decoding=\"async\" src=\"https:\/\/www.hydraulic-cylinders.net\/wp-content\/uploads\/2025\/01\/songte-chushion-collar.webp\" alt=\"Imagem do produto\"><\/p>\n<h2>Considera\u00e7\u00f5es de seguran\u00e7a e fatores ambientais<\/h2>\n<p>Garantir medidas de seguran\u00e7a ao trabalhar com o cilindro de balde \u00e9 de extrema import\u00e2ncia. Treinamento adequado, ades\u00e3o aos protocolos de seguran\u00e7a e o uso de equipamentos de prote\u00e7\u00e3o individual s\u00e3o cruciais para opera\u00e7\u00f5es seguras. Al\u00e9m disso, fatores ambientais como temperatura e umidade podem afetar o desempenho do cilindro e devem ser levados em considera\u00e7\u00e3o durante seu uso.<\/p>\n<h2>Diagn\u00f3stico de falhas e problemas comuns<\/h2>\n<p>Ao deparar-se com falhas ou problemas no cilindro da ca\u00e7amba, as dicas e solu\u00e7\u00f5es a seguir podem auxiliar no diagn\u00f3stico e na resolu\u00e7\u00e3o eficazes do problema. Al\u00e9m disso, s\u00e3o propostas medidas preventivas para minimizar poss\u00edveis problemas.<\/p>\n<p><img decoding=\"async\" src=\"https:\/\/www.hydraulic-cylinders.net\/wp-content\/uploads\/2025\/01\/songte-bushings-with-all-kinds-of-excavator-models.webp\" alt=\"Imagem do produto\"><\/p>\n<h2>Conclus\u00e3o<\/h2>\n<p>Nossa empresa \u00e9 uma fabricante e distribuidora atacadista l\u00edder de cilindros hidr\u00e1ulicos nos mercados nacional e internacional. Com uma linha completa de produtos e um compromisso com a excel\u00eancia, buscamos atender \u00e0s diversas necessidades de nossos clientes. Nossa empresa se destaca pelo profissionalismo, certifica\u00e7\u00f5es internacionais, servi\u00e7os personalizados, equipamentos de produ\u00e7\u00e3o e suporte p\u00f3s-venda.<\/p>\n<p><img decoding=\"async\" src=\"https:\/\/www.hydraulic-cylinders.net\/wp-content\/uploads\/2025\/01\/songte-company-3.webp\" alt=\"Imagem da empresa\"><\/p>\n<p>Autor: lyl<\/p>","protected":false},"excerpt":{"rendered":"<p>Bucket Cylinder For Sinomach ZG3210-9C Introduction The Bucket Cylinder for Sinomach ZG3210-9C is a specialized hydraulic cylinder designed to control the movement of the bucket in heavy machinery such as excavators, backhoe loaders, and front loaders. Its primary function is to enable the lifting, lowering, and tilting of the bucket, facilitating various material handling tasks. [&hellip;]<\/p>","protected":false},"featured_media":14785,"comment_status":"open","ping_status":"closed","template":"","meta":{"_et_pb_use_builder":"","_et_pb_old_content":"","_et_gb_content_width":""},"product_brand":[],"product_cat":[1494],"product_tag":[1495,1496],"class_list":{"0":"post-15975","1":"product","2":"type-product","3":"status-publish","4":"has-post-thumbnail","6":"product_cat-bucket-cylinders","7":"product_tag-bucket-cylinders","8":"product_tag-hydraulic-cylinders","10":"first","11":"instock","12":"shipping-taxable","13":"product-type-simple"},"amp_enabled":true,"_links":{"self":[{"href":"https:\/\/www.hydraulic-cylinders.net\/pt\/wp-json\/wp\/v2\/product\/15975","targetHints":{"allow":["GET"]}}],"collection":[{"href":"https:\/\/www.hydraulic-cylinders.net\/pt\/wp-json\/wp\/v2\/product"}],"about":[{"href":"https:\/\/www.hydraulic-cylinders.net\/pt\/wp-json\/wp\/v2\/types\/product"}],"replies":[{"embeddable":true,"href":"https:\/\/www.hydraulic-cylinders.net\/pt\/wp-json\/wp\/v2\/comments?post=15975"}],"wp:featuredmedia":[{"embeddable":true,"href":"https:\/\/www.hydraulic-cylinders.net\/pt\/wp-json\/wp\/v2\/media\/14785"}],"wp:attachment":[{"href":"https:\/\/www.hydraulic-cylinders.net\/pt\/wp-json\/wp\/v2\/media?parent=15975"}],"wp:term":[{"taxonomy":"product_brand","embeddable":true,"href":"https:\/\/www.hydraulic-cylinders.net\/pt\/wp-json\/wp\/v2\/product_brand?post=15975"},{"taxonomy":"product_cat","embeddable":true,"href":"https:\/\/www.hydraulic-cylinders.net\/pt\/wp-json\/wp\/v2\/product_cat?post=15975"},{"taxonomy":"product_tag","embeddable":true,"href":"https:\/\/www.hydraulic-cylinders.net\/pt\/wp-json\/wp\/v2\/product_tag?post=15975"}],"curies":[{"name":"wp","href":"https:\/\/api.w.org\/{rel}","templated":true}]}}