{"id":15978,"date":"2025-01-19T15:14:36","date_gmt":"2025-01-19T15:14:36","guid":{"rendered":"https:\/\/www.hydraulic-cylinders.net\/product\/bucket-cylinder-for-sinomach-zg3365lc-9c\/"},"modified":"2025-01-19T15:14:38","modified_gmt":"2025-01-19T15:14:38","slug":"bucket-cylinder-for-sinomach-zg3365lc-9c","status":"publish","type":"product","link":"https:\/\/www.hydraulic-cylinders.net\/pt\/produto\/bucket-cylinder-for-sinomach-zg3365lc-9c\/","title":{"rendered":"Cilindro de ca\u00e7amba para Sinomach ZG3365LC-9C"},"content":{"rendered":"<h1>Cilindro de ca\u00e7amba para Sinomach ZG3365LC-9C<\/h1>\n<h2>Introdu\u00e7\u00e3o<\/h2>\n<p>O cilindro da ca\u00e7amba para Sinomach ZG3365LC-9C \u00e9 um cilindro hidr\u00e1ulico especializado, projetado principalmente para controlar o movimento da ca\u00e7amba em m\u00e1quinas pesadas, como escavadeiras, retroescavadeiras e carregadeiras frontais. Sua principal fun\u00e7\u00e3o \u00e9 permitir que a ca\u00e7amba levante, abaixe e incline, facilitando a execu\u00e7\u00e3o de diversas tarefas de movimenta\u00e7\u00e3o de materiais. No sistema hidr\u00e1ulico, o cilindro da ca\u00e7amba controla com precis\u00e3o os movimentos da ca\u00e7amba por meio de varia\u00e7\u00f5es na press\u00e3o do \u00f3leo hidr\u00e1ulico, permitindo que os operadores manuseiem cargas pesadas com efici\u00eancia e se adaptem a ambientes de trabalho complexos e \u00e0s diversas exig\u00eancias da tarefa.<\/p>\n<p><img decoding=\"async\" src=\"https:\/\/www.hydraulic-cylinders.net\/wp-content\/uploads\/2025\/01\/songte-company-2.webp\"\/><\/p>\n<h2>Caracter\u00edsticas<\/h2>\n<ul>\n<li>Alta resist\u00eancia e durabilidade: geralmente feito de a\u00e7o de alta resist\u00eancia ou alum\u00ednio, ele pode suportar alta press\u00e3o e cargas pesadas, adaptar-se a ambientes de trabalho adversos e ser projetado com propriedades resistentes ao desgaste e \u00e0 corros\u00e3o para estender sua vida \u00fatil.<\/li>\n<li>Opera\u00e7\u00e3o hidr\u00e1ulica eficiente: A a\u00e7\u00e3o telesc\u00f3pica suave \u00e9 obtida utilizando a press\u00e3o do \u00f3leo hidr\u00e1ulico, proporcionando resposta r\u00e1pida aos comandos de controle, fornecendo for\u00e7as poderosas de empurrar e puxar, sendo adequada para manusear cargas pesadas e tarefas complexas.<\/li>\n<li>V\u00e1rios tipos: Cilindros de simples a\u00e7\u00e3o (o sistema hidr\u00e1ulico \u00e9 usado em apenas uma dire\u00e7\u00e3o) ou de dupla a\u00e7\u00e3o (o sistema hidr\u00e1ulico \u00e9 usado em ambas as dire\u00e7\u00f5es) podem ser selecionados de acordo com as necessidades para atender a diferentes requisitos operacionais. Alguns modelos s\u00e3o telesc\u00f3picos, permitindo maior extens\u00e3o sem aumentar as dimens\u00f5es externas, adequados para aplica\u00e7\u00f5es com espa\u00e7o limitado.<\/li>\n<li>Personaliz\u00e1vel: Nossos produtos podem substituir perfeitamente esses cilindros hidr\u00e1ulicos.<\/li>\n<\/ul>\n<p><img decoding=\"async\" src=\"https:\/\/www.hydraulic-cylinders.net\/wp-content\/uploads\/2025\/01\/songte-cylinder-head-with-all-kinds-excavator-models.webp\"\/><\/p>\n<h2>Aplica\u00e7\u00f5es<\/h2>\n<p>O cilindro de ca\u00e7amba \u00e9 amplamente utilizado em diversas m\u00e1quinas pesadas, incluindo:<\/p>\n<ul>\n<li>Equipamentos de constru\u00e7\u00e3o: Em escavadeiras, s\u00e3o essenciais para cavar, carregar e mover solo ou entulho. Em retroescavadeiras, os cilindros da ca\u00e7amba auxiliam tanto na escava\u00e7\u00e3o quanto na eleva\u00e7\u00e3o. <\/li>\n<li>M\u00e1quinas agr\u00edcolas: usadas em carregadeiras frontais, para coletar, levantar e transportar solo, feno e outros materiais. <\/li>\n<li>Escavadeiras: Os cilindros de ca\u00e7amba realizam a escava\u00e7\u00e3o permitindo que a ca\u00e7amba penetre no solo. <\/li>\n<li>Carregadores: Em carregadores frontais, eles auxiliam na eleva\u00e7\u00e3o e inclina\u00e7\u00e3o de mercadorias de forma eficaz. <\/li>\n<\/ul>\n<h2>Considera\u00e7\u00f5es de design e crit\u00e9rios de sele\u00e7\u00e3o<\/h2>\n<p>As considera\u00e7\u00f5es de design incluem:<\/p>\n<ul>\n<li>Capacidade de carga: O cilindro deve ser capaz de suportar a carga para a qual foi projetado.<\/li>\n<li>Veda\u00e7\u00e3o: S\u00e3o utilizados diversos tipos de veda\u00e7\u00f5es, como veda\u00e7\u00f5es de pist\u00e3o e de biela. Elas s\u00e3o feitas de materiais resistentes ao desgaste, como poliuretano e borracha nitr\u00edlica. O corpo do cilindro e as superf\u00edcies das extremidades roscadas s\u00e3o finamente tratados para melhorar a resist\u00eancia ao desgaste, e a lubrifica\u00e7\u00e3o requer reposi\u00e7\u00e3o regular de \u00f3leo hidr\u00e1ulico. <\/li>\n<li>Durabilidade: O cilindro deve ser capaz de suportar condi\u00e7\u00f5es de trabalho adversas e resistir \u00e0 corros\u00e3o. <\/li>\n<li>Seguran\u00e7a: Recursos de seguran\u00e7a devem ser incorporados ao projeto para garantir uma opera\u00e7\u00e3o segura. <\/li>\n<li>Manuten\u00e7\u00e3o: O cilindro deve ser f\u00e1cil de manter e reparar.<\/li>\n<\/ul>\n<p><img decoding=\"async\" src=\"https:\/\/www.hydraulic-cylinders.net\/wp-content\/uploads\/2025\/01\/songte-oil-pipes-and-spare-parts.webp\"\/><\/p>\n<h2>Veda\u00e7\u00e3o e Lubrifica\u00e7\u00e3o<\/h2>\n<p>S\u00e3o utilizadas diversas veda\u00e7\u00f5es, como veda\u00e7\u00f5es de pist\u00e3o e veda\u00e7\u00f5es de biela. Elas s\u00e3o feitas de materiais resistentes ao desgaste, como poliuretano e borracha nitr\u00edlica. O corpo do cilindro e as superf\u00edcies das extremidades roscadas s\u00e3o finamente tratados para aumentar a resist\u00eancia ao desgaste, e a reposi\u00e7\u00e3o regular de \u00f3leo hidr\u00e1ulico \u00e9 necess\u00e1ria para lubrifica\u00e7\u00e3o.<\/p>\n<h2>Manuten\u00e7\u00e3o e Reparo<\/h2>\n<p>Inspe\u00e7\u00e3o regular, lubrifica\u00e7\u00e3o adequada, substitui\u00e7\u00e3o de veda\u00e7\u00f5es e verifica\u00e7\u00f5es de calibra\u00e7\u00e3o s\u00e3o tarefas comuns de manuten\u00e7\u00e3o de cilindros de ca\u00e7amba. Instala\u00e7\u00e3o, lubrifica\u00e7\u00e3o e ajuste adequados s\u00e3o cruciais para garantir uma longa vida \u00fatil do cilindro. Recomenda-se o uso de suportes de instala\u00e7\u00e3o adequados para fixar o cilindro. S\u00e3o fornecidos procedimentos recomendados de verifica\u00e7\u00e3o, reparo e substitui\u00e7\u00e3o, incluindo pe\u00e7as de reposi\u00e7\u00e3o e servi\u00e7os de reconstru\u00e7\u00e3o. Tamb\u00e9m s\u00e3o fornecidas t\u00e9cnicas para aumentar a vida \u00fatil do cilindro.<\/p>\n<p><img decoding=\"async\" src=\"https:\/\/www.hydraulic-cylinders.net\/wp-content\/uploads\/2025\/01\/songte-chushion-collar.webp\"\/><\/p>\n<h2>Considera\u00e7\u00f5es de seguran\u00e7a e fatores ambientais<\/h2>\n<p>Medidas de seguran\u00e7a e fatores ambientais devem ser levados em considera\u00e7\u00e3o ao utilizar o cilindro de ca\u00e7amba. A opera\u00e7\u00e3o e o manuseio seguros s\u00e3o essenciais para prevenir acidentes e garantir um ambiente de trabalho seguro. Fatores ambientais tamb\u00e9m devem ser considerados para minimizar o impacto de vazamentos e res\u00edduos de \u00f3leo hidr\u00e1ulico no meio ambiente.<\/p>\n<h2>Solu\u00e7\u00e3o de problemas e problemas comuns<\/h2>\n<p>O diagn\u00f3stico de falhas e problemas comuns devem ser considerados ao utilizar o cilindro de ca\u00e7amba. Dicas e solu\u00e7\u00f5es para solu\u00e7\u00e3o de problemas s\u00e3o fornecidas para auxiliar os leitores a diagnosticar e solucionar problemas de forma eficaz. Medidas preventivas tamb\u00e9m s\u00e3o propostas para minimizar poss\u00edveis problemas.<\/p>\n<p><img decoding=\"async\" src=\"https:\/\/www.hydraulic-cylinders.net\/wp-content\/uploads\/2025\/01\/songte-bushings-with-all-kinds-of-excavator-models.webp\"\/><\/p>\n<h2>Sobre nossa empresa<\/h2>\n<p>Somos l\u00edderes na fabrica\u00e7\u00e3o e distribui\u00e7\u00e3o atacadista de cilindros hidr\u00e1ulicos nos mercados nacional e internacional, fornecendo uma ampla gama de cilindros hidr\u00e1ulicos e pe\u00e7as de reposi\u00e7\u00e3o. Seguimos o princ\u00edpio da excel\u00eancia em qualidade, contamos com a estrat\u00e9gia de gest\u00e3o da produ\u00e7\u00e3o industrial de uma sofisticada oficina de fabrica\u00e7\u00e3o e aprimoramos constantemente a plataforma de fabrica\u00e7\u00e3o da oficina, utilizando talentos t\u00e9cnicos, equipamentos digitais de fabrica\u00e7\u00e3o de ponta e sistemas de teste profissionais. Oferecemos servi\u00e7os personalizados, equipamentos de produ\u00e7\u00e3o avan\u00e7ados e excelente servi\u00e7o p\u00f3s-venda.<\/p>\n<ul>\n<li>Profissionalismo: Nossa equipe de especialistas possui alto grau de profissionalismo e conhecimento no setor de cilindros hidr\u00e1ulicos, oferecendo aos nossos clientes solu\u00e7\u00f5es e servi\u00e7os ideais.<\/li>\n<li>Certifica\u00e7\u00f5es internacionais: Nossos produtos passaram por certifica\u00e7\u00f5es internacionais de qualidade, como ISO9001-2015, garantindo a qualidade e a confiabilidade de nossos produtos.<\/li>\n<li>Servi\u00e7os personalizados: Fornecemos solu\u00e7\u00f5es personalizadas de cilindros hidr\u00e1ulicos de acordo com as necessidades do cliente, incluindo personaliza\u00e7\u00e3o de especifica\u00e7\u00f5es de produtos, materiais e acess\u00f3rios.<\/li>\n<li>Equipamentos de produ\u00e7\u00e3o: Nossa empresa utiliza equipamentos avan\u00e7ados de controle num\u00e9rico, centros de usinagem especializados e outros equipamentos de \u00faltima gera\u00e7\u00e3o para garantir a qualidade do produto e a efici\u00eancia da produ\u00e7\u00e3o.<\/li>\n<li>Servi\u00e7os p\u00f3s-venda: Oferecemos servi\u00e7os p\u00f3s-venda abrangentes, incluindo manuten\u00e7\u00e3o de produtos, substitui\u00e7\u00e3o e servi\u00e7os de reconstru\u00e7\u00e3o, garantindo a satisfa\u00e7\u00e3o e a fidelidade do cliente.<\/li>\n<\/ul>\n<p><img decoding=\"async\" src=\"https:\/\/hzpt.com\/wp-content\/uploads\/2024\/11\/songte-company-1.webp\"\/> <\/p>\n<p>Autor: lyl<\/p>","protected":false},"excerpt":{"rendered":"<p>Bucket Cylinder For Sinomach ZG3365LC-9C Introduction The bucket cylinder for Sinomach ZG3365LC-9C is a specialized hydraulic cylinder designed primarily for controlling the movement of the bucket in heavy machinery such as excavators, backhoe loaders, and front-end loaders. Its main function is to enable the bucket to lift, lower, and tilt, making it easier to carry [&hellip;]<\/p>","protected":false},"featured_media":14780,"comment_status":"open","ping_status":"closed","template":"","meta":{"_et_pb_use_builder":"","_et_pb_old_content":"","_et_gb_content_width":""},"product_brand":[],"product_cat":[1494],"product_tag":[1495,1496],"class_list":{"0":"post-15978","1":"product","2":"type-product","3":"status-publish","4":"has-post-thumbnail","6":"product_cat-bucket-cylinders","7":"product_tag-bucket-cylinders","8":"product_tag-hydraulic-cylinders","10":"first","11":"instock","12":"shipping-taxable","13":"product-type-simple"},"amp_enabled":true,"_links":{"self":[{"href":"https:\/\/www.hydraulic-cylinders.net\/pt\/wp-json\/wp\/v2\/product\/15978","targetHints":{"allow":["GET"]}}],"collection":[{"href":"https:\/\/www.hydraulic-cylinders.net\/pt\/wp-json\/wp\/v2\/product"}],"about":[{"href":"https:\/\/www.hydraulic-cylinders.net\/pt\/wp-json\/wp\/v2\/types\/product"}],"replies":[{"embeddable":true,"href":"https:\/\/www.hydraulic-cylinders.net\/pt\/wp-json\/wp\/v2\/comments?post=15978"}],"wp:featuredmedia":[{"embeddable":true,"href":"https:\/\/www.hydraulic-cylinders.net\/pt\/wp-json\/wp\/v2\/media\/14780"}],"wp:attachment":[{"href":"https:\/\/www.hydraulic-cylinders.net\/pt\/wp-json\/wp\/v2\/media?parent=15978"}],"wp:term":[{"taxonomy":"product_brand","embeddable":true,"href":"https:\/\/www.hydraulic-cylinders.net\/pt\/wp-json\/wp\/v2\/product_brand?post=15978"},{"taxonomy":"product_cat","embeddable":true,"href":"https:\/\/www.hydraulic-cylinders.net\/pt\/wp-json\/wp\/v2\/product_cat?post=15978"},{"taxonomy":"product_tag","embeddable":true,"href":"https:\/\/www.hydraulic-cylinders.net\/pt\/wp-json\/wp\/v2\/product_tag?post=15978"}],"curies":[{"name":"wp","href":"https:\/\/api.w.org\/{rel}","templated":true}]}}