{"id":15995,"date":"2025-01-19T15:16:04","date_gmt":"2025-01-19T15:16:04","guid":{"rendered":"https:\/\/www.hydraulic-cylinders.net\/product\/bucket-cylinder-for-yigong-cy8150\/"},"modified":"2025-01-19T15:16:06","modified_gmt":"2025-01-19T15:16:06","slug":"bucket-cylinder-for-yigong-cy8150","status":"publish","type":"product","link":"https:\/\/www.hydraulic-cylinders.net\/pt\/produto\/bucket-cylinder-for-yigong-cy8150\/","title":{"rendered":"Cilindro da ca\u00e7amba para Yigong CY8150"},"content":{"rendered":"<h1>Cilindro da ca\u00e7amba para Yigong CY8150<\/h1>\n<h2>Introdu\u00e7\u00e3o<\/h2>\n<p>O cilindro da ca\u00e7amba \u00e9 um cilindro hidr\u00e1ulico especialmente projetado para controlar o movimento da ca\u00e7amba em m\u00e1quinas pesadas, como escavadeiras, retroescavadeiras e p\u00e1s carregadeiras. Sua principal fun\u00e7\u00e3o \u00e9 permitir que a ca\u00e7amba suba, des\u00e7a e incline, facilitando o manuseio de diversos materiais. No sistema hidr\u00e1ulico, o cilindro da ca\u00e7amba proporciona um controle preciso da ca\u00e7amba por meio de varia\u00e7\u00f5es na press\u00e3o do \u00f3leo hidr\u00e1ulico, permitindo que os operadores manuseiem cargas pesadas com efici\u00eancia e se adaptem a ambientes de trabalho complexos e diversas exig\u00eancias da tarefa.<\/p>\n<p><img decoding=\"async\" src=\"https:\/\/www.hydraulic-cylinders.net\/wp-content\/uploads\/2025\/01\/songte-company-2.webp\"\/><\/p>\n<h2>Caracter\u00edsticas<\/h2>\n<ul>\n<li>Alta resist\u00eancia e durabilidade: geralmente fabricado em a\u00e7o ou alum\u00ednio de alta resist\u00eancia, capaz de suportar alta press\u00e3o e cargas pesadas, adaptando-se a ambientes de trabalho severos, projetado com resist\u00eancia ao desgaste e \u00e0 corros\u00e3o em mente, prolongando a vida \u00fatil.<\/li>\n<li>Opera\u00e7\u00e3o hidr\u00e1ulica eficiente: movimentos suaves de extens\u00e3o e contra\u00e7\u00e3o s\u00e3o obtidos atrav\u00e9s da utiliza\u00e7\u00e3o da press\u00e3o do \u00f3leo hidr\u00e1ulico, com capacidade de resposta r\u00e1pida aos comandos de controle, proporcionando for\u00e7as de empurrar e puxar potentes, adequadas para o manuseio de cargas pesadas e tarefas complexas.<\/li>\n<li>Diversos tipos de cilindros podem ser selecionados de acordo com as necessidades operacionais: cilindros de a\u00e7\u00e3o simples (hidr\u00e1ulicos em apenas uma dire\u00e7\u00e3o) ou de a\u00e7\u00e3o dupla (hidr\u00e1ulicos em ambas as dire\u00e7\u00f5es). Alguns modelos s\u00e3o telesc\u00f3picos, permitindo maior extens\u00e3o sem aumentar as dimens\u00f5es externas, sendo adequados para aplica\u00e7\u00f5es com espa\u00e7o limitado.<\/li>\n<li>F\u00e1cil de produzir: nossa empresa pode fabricar este produto perfeitamente e substituir esses cilindros hidr\u00e1ulicos.<\/li>\n<\/ul>\n<p><img decoding=\"async\" src=\"https:\/\/www.hydraulic-cylinders.net\/wp-content\/uploads\/2025\/01\/songte-cylinder-head-with-all-kinds-excavator-models.webp\"\/><\/p>\n<h2>Aplica\u00e7\u00f5es<\/h2>\n<p>O cilindro de ca\u00e7amba \u00e9 amplamente utilizado em diversos equipamentos, incluindo:<\/p>\n<ul>\n<li>Equipamentos de constru\u00e7\u00e3o: Em escavadeiras, s\u00e3o cruciais para escavar, carregar e movimentar terra ou entulho. Em retroescavadeiras, os cilindros da ca\u00e7amba auxiliam tanto na escava\u00e7\u00e3o quanto no levantamento. <\/li>\n<li>M\u00e1quinas agr\u00edcolas: Utilizadas em p\u00e1s carregadeiras frontais para escavar, levantar e transportar terra, feno e outros materiais. <\/li>\n<li>Escavadeiras: Os cilindros da ca\u00e7amba permitem a escava\u00e7\u00e3o, possibilitando que a ca\u00e7amba penetre no solo.<\/li>\n<li>Carregadeiras frontais: Nas carregadeiras frontais, elas auxiliam no levantamento e inclina\u00e7\u00e3o eficientes da carga.<\/li>\n<\/ul>\n<p>Cada uma dessas aplica\u00e7\u00f5es pode se beneficiar muito do uso de cilindros de ca\u00e7amba, permitindo um controle eficiente e preciso de cargas pesadas.<\/p>\n<h2>Crit\u00e9rios de projeto e sele\u00e7\u00e3o<\/h2>\n<p>Ao projetar cilindros de ca\u00e7amba, diversos fatores s\u00e3o considerados, incluindo:<\/p>\n<ul>\n<li>Capacidade de carga: o cilindro deve ser capaz de suportar o peso da carga que ir\u00e1 transportar.<\/li>\n<li>Veda\u00e7\u00e3o: diversos tipos de veda\u00e7\u00f5es s\u00e3o utilizados para evitar vazamentos de \u00f3leo e garantir o funcionamento suave e eficiente do cilindro.<\/li>\n<li>Durabilidade: o cilindro deve ser capaz de suportar condi\u00e7\u00f5es operacionais severas e ter uma longa vida \u00fatil.<\/li>\n<li>Seguran\u00e7a: o projeto do cilindro deve garantir uma opera\u00e7\u00e3o segura e minimizar o risco de acidentes.<\/li>\n<li>Manuten\u00e7\u00e3o: o projeto do cilindro deve permitir manuten\u00e7\u00e3o e reparo f\u00e1ceis e r\u00e1pidos.<\/li>\n<\/ul>\n<p>A sele\u00e7\u00e3o de materiais e componentes tamb\u00e9m deve atender a esses padr\u00f5es, e a manuten\u00e7\u00e3o e inspe\u00e7\u00e3o regulares s\u00e3o necess\u00e1rias para garantir o desempenho ideal e prolongar a vida \u00fatil.<\/p>\n<p><img decoding=\"async\" src=\"https:\/\/www.hydraulic-cylinders.net\/wp-content\/uploads\/2025\/01\/songte-oil-pipes-and-spare-parts.webp\"\/><\/p>\n<h2>Veda\u00e7\u00e3o e Lubrifica\u00e7\u00e3o<\/h2>\n<p>Diversos componentes de veda\u00e7\u00e3o, como veda\u00e7\u00f5es de pist\u00e3o e veda\u00e7\u00f5es de haste, s\u00e3o utilizados para evitar vazamentos de \u00f3leo e garantir o funcionamento suave. Essas veda\u00e7\u00f5es s\u00e3o fabricadas com materiais resistentes ao desgaste, como poliuretano e borracha nitr\u00edlica. O corpo do cilindro e a superf\u00edcie da extremidade da rosca s\u00e3o usinados com precis\u00e3o para melhorar a resist\u00eancia ao desgaste. A adi\u00e7\u00e3o regular de \u00f3leo hidr\u00e1ulico apropriado \u00e9 necess\u00e1ria para a lubrifica\u00e7\u00e3o.<\/p>\n<h2>Manuten\u00e7\u00e3o e Reparo<\/h2>\n<p>A manuten\u00e7\u00e3o e inspe\u00e7\u00e3o regulares s\u00e3o necess\u00e1rias para garantir o desempenho ideal e prolongar a vida \u00fatil do produto. As tarefas comuns de manuten\u00e7\u00e3o incluem:<\/p>\n<ul>\n<li>Inspe\u00e7\u00e3o regular<\/li>\n<li>Lubrifica\u00e7\u00e3o adequada<\/li>\n<li>Substitui\u00e7\u00e3o do selo<\/li>\n<li>Verifica\u00e7\u00e3o de calibra\u00e7\u00e3o<\/li>\n<\/ul>\n<p>A instala\u00e7\u00e3o correta tamb\u00e9m \u00e9 importante para garantir o funcionamento adequado e seguro do cilindro. Devem ser fornecidas orienta\u00e7\u00f5es de alinhamento corretas durante a instala\u00e7\u00e3o, e suportes de montagem apropriados podem ser utilizados para fixar o cilindro. Procedimentos recomendados para inspe\u00e7\u00e3o, reparo e substitui\u00e7\u00e3o s\u00e3o fornecidos, e servi\u00e7os de recondicionamento est\u00e3o dispon\u00edveis para prolongar a vida \u00fatil do cilindro.<\/p>\n<p><img decoding=\"async\" src=\"https:\/\/www.hydraulic-cylinders.net\/wp-content\/uploads\/2025\/01\/songte-chushion-collar.webp\"\/><\/p>\n<h2>Considera\u00e7\u00f5es de seguran\u00e7a e fatores ambientais<\/h2>\n<p>Ao utilizar cilindros de ca\u00e7amba, as medidas de seguran\u00e7a s\u00e3o cruciais para minimizar o risco de acidentes. O uso e a manuten\u00e7\u00e3o adequados tamb\u00e9m podem reduzir o impacto ambiental e aumentar a efici\u00eancia.<\/p>\n<h2>Solu\u00e7\u00e3o de problemas e problemas comuns<\/h2>\n<p>Problemas comuns que podem surgir ao usar cilindros de ca\u00e7amba incluem vazamento de \u00f3leo, veda\u00e7\u00f5es com defeito e mau funcionamento. Dicas e solu\u00e7\u00f5es para solucionar esses problemas podem ajudar a diagnostic\u00e1-los e resolv\u00ea-los, enquanto medidas preventivas podem reduzir a probabilidade de ocorr\u00eancia de problemas.<\/p>\n<p><img decoding=\"async\" src=\"https:\/\/www.hydraulic-cylinders.net\/wp-content\/uploads\/2025\/01\/songte-bushings-with-all-kinds-of-excavator-models.webp\"\/><\/p>\n<h2>Sobre nossa empresa<\/h2>\n<p>Nossa empresa \u00e9 fabricante de cilindros hidr\u00e1ulicos que podem substituir os cilindros hidr\u00e1ulicos tradicionais. Oferecemos uma linha completa de produtos e nos tornamos um dos principais fabricantes e distribuidores de cilindros hidr\u00e1ulicos nos mercados nacional e internacional. Primamos pela excel\u00eancia em qualidade, utilizando estrat\u00e9gias de gest\u00e3o de produ\u00e7\u00e3o industrial em instala\u00e7\u00f5es de \u00faltima gera\u00e7\u00e3o. Aprimoramos continuamente nossa plataforma de produ\u00e7\u00e3o, aperfei\u00e7oando a linha de produ\u00e7\u00e3o e, assim, temos grande capacidade para criar produtos de alta efici\u00eancia, precis\u00e3o e qualidade, atendendo \u00e0s diversas necessidades de nossos clientes.<\/p>\n<p>Oferecemos servi\u00e7os profissionais, com certifica\u00e7\u00e3o internacional e personalizados, utilizamos equipamentos de produ\u00e7\u00e3o avan\u00e7ados e prestamos um excelente servi\u00e7o p\u00f3s-venda. Estamos comprometidos em fornecer produtos e servi\u00e7os de alta qualidade aos nossos clientes.<\/p>\n<p><img decoding=\"async\" src=\"https:\/\/www.hydraulic-cylinders.net\/wp-content\/uploads\/2025\/01\/songte-company-3.webp\"\/><\/p>\n<p>Autor: lyl<\/p>","protected":false},"excerpt":{"rendered":"<p>Bucket Cylinder For Yigong CY8150 Introduction The bucket cylinder is a specially designed hydraulic cylinder that is mainly used to control the movement of buckets in heavy machinery, such as excavators, backhoe loaders, and front-end loaders. Its main function is to enable the bucket to lift, lower, and tilt, making it easier to handle various [&hellip;]<\/p>","protected":false},"featured_media":14776,"comment_status":"open","ping_status":"closed","template":"","meta":{"_et_pb_use_builder":"","_et_pb_old_content":"","_et_gb_content_width":""},"product_brand":[],"product_cat":[1494],"product_tag":[1495,1496],"class_list":{"0":"post-15995","1":"product","2":"type-product","3":"status-publish","4":"has-post-thumbnail","6":"product_cat-bucket-cylinders","7":"product_tag-bucket-cylinders","8":"product_tag-hydraulic-cylinders","10":"first","11":"instock","12":"shipping-taxable","13":"product-type-simple"},"amp_enabled":true,"_links":{"self":[{"href":"https:\/\/www.hydraulic-cylinders.net\/pt\/wp-json\/wp\/v2\/product\/15995","targetHints":{"allow":["GET"]}}],"collection":[{"href":"https:\/\/www.hydraulic-cylinders.net\/pt\/wp-json\/wp\/v2\/product"}],"about":[{"href":"https:\/\/www.hydraulic-cylinders.net\/pt\/wp-json\/wp\/v2\/types\/product"}],"replies":[{"embeddable":true,"href":"https:\/\/www.hydraulic-cylinders.net\/pt\/wp-json\/wp\/v2\/comments?post=15995"}],"wp:featuredmedia":[{"embeddable":true,"href":"https:\/\/www.hydraulic-cylinders.net\/pt\/wp-json\/wp\/v2\/media\/14776"}],"wp:attachment":[{"href":"https:\/\/www.hydraulic-cylinders.net\/pt\/wp-json\/wp\/v2\/media?parent=15995"}],"wp:term":[{"taxonomy":"product_brand","embeddable":true,"href":"https:\/\/www.hydraulic-cylinders.net\/pt\/wp-json\/wp\/v2\/product_brand?post=15995"},{"taxonomy":"product_cat","embeddable":true,"href":"https:\/\/www.hydraulic-cylinders.net\/pt\/wp-json\/wp\/v2\/product_cat?post=15995"},{"taxonomy":"product_tag","embeddable":true,"href":"https:\/\/www.hydraulic-cylinders.net\/pt\/wp-json\/wp\/v2\/product_tag?post=15995"}],"curies":[{"name":"wp","href":"https:\/\/api.w.org\/{rel}","templated":true}]}}