{"id":16000,"date":"2025-01-19T15:16:29","date_gmt":"2025-01-19T15:16:29","guid":{"rendered":"https:\/\/www.hydraulic-cylinders.net\/product\/bucket-cylinder-for-yigong-cy330lc-8\/"},"modified":"2025-01-19T15:16:31","modified_gmt":"2025-01-19T15:16:31","slug":"bucket-cylinder-for-yigong-cy330lc-8","status":"publish","type":"product","link":"https:\/\/www.hydraulic-cylinders.net\/pt\/produto\/bucket-cylinder-for-yigong-cy330lc-8\/","title":{"rendered":"Cilindro da ca\u00e7amba para Yigong CY330LC-8"},"content":{"rendered":"<h1>Cilindro da ca\u00e7amba para Yigong CY330LC-8<\/h1>\n<h2>Introdu\u00e7\u00e3o<\/h2>\n<p>O cilindro da ca\u00e7amba \u00e9 um cilindro hidr\u00e1ulico especialmente projetado para controlar o movimento da ca\u00e7amba em m\u00e1quinas pesadas, como escavadeiras, retroescavadeiras e p\u00e1s carregadeiras. Sua principal fun\u00e7\u00e3o \u00e9 permitir que a ca\u00e7amba suba, des\u00e7a e incline, facilitando diversas tarefas de movimenta\u00e7\u00e3o de materiais. Em um sistema hidr\u00e1ulico, o cilindro da ca\u00e7amba proporciona um controle preciso da ca\u00e7amba utilizando as varia\u00e7\u00f5es de press\u00e3o do \u00f3leo hidr\u00e1ulico, permitindo que os operadores manuseiem cargas pesadas com efici\u00eancia e se adaptem a ambientes de trabalho complexos e diversas exig\u00eancias da tarefa.<\/p>\n<p><img decoding=\"async\" src=\"https:\/\/www.hydraulic-cylinders.net\/wp-content\/uploads\/2025\/01\/songte-company-2.webp\"><\/p>\n<h2>Caracter\u00edsticas<\/h2>\n<ul>\n<li><strong>Alta resist\u00eancia e durabilidade:<\/strong> Normalmente fabricado em a\u00e7o de alta resist\u00eancia ou alum\u00ednio, o cilindro da ca\u00e7amba suporta alta press\u00e3o e cargas pesadas, adaptando-se a condi\u00e7\u00f5es de trabalho severas. Seu projeto leva em considera\u00e7\u00e3o a resist\u00eancia ao desgaste e \u00e0 corros\u00e3o, prolongando sua vida \u00fatil.<\/li>\n<li><strong>Opera\u00e7\u00e3o hidr\u00e1ulica eficiente:<\/strong> Utilizando a press\u00e3o do \u00f3leo hidr\u00e1ulico, o cilindro da ca\u00e7amba realiza uma extens\u00e3o e retra\u00e7\u00e3o suaves, permitindo uma resposta r\u00e1pida aos comandos de controle e fornecendo uma for\u00e7a de empurrar e puxar potente, adequada para lidar com cargas pesadas e tarefas complexas.<\/li>\n<li><strong>V\u00e1rios tipos:<\/strong> O cilindro da ca\u00e7amba pode ser selecionado como de a\u00e7\u00e3o simples (press\u00e3o hidr\u00e1ulica aplicada apenas em uma dire\u00e7\u00e3o) ou de a\u00e7\u00e3o dupla (press\u00e3o hidr\u00e1ulica aplicada em ambas as dire\u00e7\u00f5es), de acordo com as necessidades, atendendo a diferentes demandas operacionais. Alguns modelos s\u00e3o telesc\u00f3picos, permitindo maior extens\u00e3o sem aumentar as dimens\u00f5es externas, o que os torna adequados para aplica\u00e7\u00f5es com espa\u00e7o limitado.<\/li>\n<li><strong>Substituibilidade:<\/strong> Nossos produtos podem substituir perfeitamente esses cilindros hidr\u00e1ulicos.<\/li>\n<\/ul>\n<p><img decoding=\"async\" src=\"https:\/\/www.hydraulic-cylinders.net\/wp-content\/uploads\/2025\/01\/songte-cylinder-head-with-all-kinds-excavator-models.webp\"><\/p>\n<h2>Aplica\u00e7\u00f5es<\/h2>\n<h3>Equipamentos de constru\u00e7\u00e3o<\/h3>\n<p>Em escavadeiras, s\u00e3o essenciais para escavar, carregar e movimentar solo ou entulho. Em retroescavadeiras, o cilindro da ca\u00e7amba auxilia tanto na escava\u00e7\u00e3o quanto no levantamento de material.<\/p>\n<h3>Maquinaria agr\u00edcola<\/h3>\n<p>Usado em carregadeiras frontais para recolher, levantar e transportar solo, feno e outros materiais.<\/p>\n<h3>Escavadeiras<\/h3>\n<p>O cilindro da ca\u00e7amba permite a a\u00e7\u00e3o de escava\u00e7\u00e3o, permitindo que a ca\u00e7amba penetre no solo.<\/p>\n<h3>Carregadores<\/h3>\n<p>Em carregadeiras frontais, elas auxiliam no levantamento e despejo eficiente da carga.<\/p>\n<p><img decoding=\"async\" src=\"https:\/\/www.hydraulic-cylinders.net\/wp-content\/uploads\/2025\/01\/songte-oil-pipes-and-spare-parts.webp\"><\/p>\n<h2>Considera\u00e7\u00f5es de design e crit\u00e9rios de sele\u00e7\u00e3o<\/h2>\n<ul>\n<li><strong>Capacidade de suporte:<\/strong> O cilindro da ca\u00e7amba foi projetado para suportar os requisitos de carga especificados.<\/li>\n<li><strong>Selagem:<\/strong> S\u00e3o utilizadas diversas veda\u00e7\u00f5es, como veda\u00e7\u00f5es de pist\u00e3o e veda\u00e7\u00f5es de haste, empregando materiais resistentes ao desgaste, como poliuretano e borracha nitr\u00edlica. O corpo do cilindro e as extremidades roscadas passam por um tratamento fino para melhorar a resist\u00eancia ao desgaste.<\/li>\n<li><strong>Durabilidade:<\/strong> O cilindro da ca\u00e7amba foi projetado para suportar as exig\u00eancias de ambientes de trabalho dif\u00edceis e proporcionar um desempenho duradouro.<\/li>\n<li><strong>Seguran\u00e7a:<\/strong> Durante o processo de projeto, s\u00e3o levadas em considera\u00e7\u00e3o aspectos de seguran\u00e7a para garantir o funcionamento confi\u00e1vel do cilindro da ca\u00e7amba.<\/li>\n<li><strong>Manutenibilidade:<\/strong> O cilindro da ca\u00e7amba foi projetado para facilitar a manuten\u00e7\u00e3o, permitindo reparos e assist\u00eancia t\u00e9cnica eficientes quando necess\u00e1rio.<\/li>\n<\/ul>\n<p><img decoding=\"async\" src=\"https:\/\/www.hydraulic-cylinders.net\/wp-content\/uploads\/2025\/01\/songte-chushion-collar.webp\"><\/p>\n<h2>Veda\u00e7\u00e3o e Lubrifica\u00e7\u00e3o<\/h2>\n<p>O cilindro da ca\u00e7amba utiliza diversas veda\u00e7\u00f5es, como veda\u00e7\u00f5es de pist\u00e3o e veda\u00e7\u00f5es de haste, feitas de materiais resistentes ao desgaste, como poliuretano e borracha nitr\u00edlica. O corpo do cilindro e as extremidades roscadas passam por um tratamento fino para aumentar a resist\u00eancia ao desgaste. A lubrifica\u00e7\u00e3o regular com a quantidade adequada de \u00f3leo hidr\u00e1ulico \u00e9 necess\u00e1ria para o bom funcionamento.<\/p>\n<h2>Inspe\u00e7\u00e3o regular e manuten\u00e7\u00e3o preventiva<\/h2>\n<ul>\n<li>Inspecione regularmente o cilindro da ca\u00e7amba para verificar se h\u00e1 sinais de danos ou desgaste.<\/li>\n<li>Garanta a lubrifica\u00e7\u00e3o adequada de todas as pe\u00e7as m\u00f3veis.<\/li>\n<li>Substitua as veda\u00e7\u00f5es quando necess\u00e1rio para manter o desempenho ideal.<\/li>\n<li>Realize verifica\u00e7\u00f5es de calibra\u00e7\u00e3o para garantir o funcionamento correto.<\/li>\n<\/ul>\n<p><img decoding=\"async\" src=\"https:\/\/www.hydraulic-cylinders.net\/wp-content\/uploads\/2025\/01\/songte-bushings-with-all-kinds-of-excavator-models.webp\"><\/p>\n<h2>Considera\u00e7\u00f5es de seguran\u00e7a e fatores ambientais<\/h2>\n<p>Ao utilizar o cilindro com ca\u00e7amba, \u00e9 importante seguir as medidas de seguran\u00e7a para garantir o bem-estar dos operadores e prevenir acidentes. Devem ser tomadas precau\u00e7\u00f5es de seguran\u00e7a ao manusear cargas pesadas e operar m\u00e1quinas.<\/p>\n<h2>Solu\u00e7\u00e3o de problemas e problemas comuns<\/h2>\n<p>Problemas comuns que podem surgir com o cilindro da ca\u00e7amba incluem vazamentos, pot\u00eancia insuficiente e movimentos anormais. Dicas e solu\u00e7\u00f5es para a resolu\u00e7\u00e3o de problemas s\u00e3o fornecidas para ajudar os leitores a diagnosticar e solucionar problemas com efic\u00e1cia. Al\u00e9m disso, medidas preventivas s\u00e3o sugeridas para minimizar poss\u00edveis problemas.<\/p>\n<p><img decoding=\"async\" src=\"https:\/\/www.hydraulic-cylinders.net\/wp-content\/uploads\/2025\/01\/songte-company-1.webp\"><\/p>\n<h2>Tarefas de manuten\u00e7\u00e3o<\/h2>\n<ul>\n<li>Inspe\u00e7\u00f5es regulares<\/li>\n<li>Lubrifica\u00e7\u00e3o adequada<\/li>\n<li>Substitui\u00e7\u00f5es de veda\u00e7\u00e3o<\/li>\n<li>Verifica\u00e7\u00f5es de calibra\u00e7\u00e3o<\/li>\n<\/ul>\n<p>A instala\u00e7\u00e3o, lubrifica\u00e7\u00e3o e ajuste corretos s\u00e3o cruciais, e s\u00e3o fornecidas orienta\u00e7\u00f5es para o alinhamento correto do cilindro durante a instala\u00e7\u00e3o. Recomenda-se o uso de suportes de instala\u00e7\u00e3o adequados para fixar o cilindro. S\u00e3o apresentados procedimentos recomendados para inspe\u00e7\u00e3o, reparo e substitui\u00e7\u00e3o, juntamente com dicas para prolongar a vida \u00fatil do cilindro da ca\u00e7amba.<\/p>\n<p><img decoding=\"async\" src=\"https:\/\/www.hydraulic-cylinders.net\/wp-content\/uploads\/2025\/01\/songte-company-3.webp\"><\/p>\n<h2>Sobre nossa empresa<\/h2>\n<p>Somos fabricantes de cilindros hidr\u00e1ulicos de reposi\u00e7\u00e3o e oferecemos uma ampla gama de produtos. Somos um dos principais fabricantes e distribuidores atacadistas de cilindros hidr\u00e1ulicos nos mercados nacional e internacional. Primamos pela excel\u00eancia em qualidade e nos baseamos em estrat\u00e9gias de gest\u00e3o de produ\u00e7\u00e3o industrializada em instala\u00e7\u00f5es de fabrica\u00e7\u00e3o bem equipadas. Com foco em talentos tecnol\u00f3gicos, equipamentos de fabrica\u00e7\u00e3o digital de ponta e sistemas de teste profissionais, aprimoramos continuamente nossa plataforma de produ\u00e7\u00e3o, aperfei\u00e7oamos o processo produtivo, garantimos a qualidade dos produtos e temos forte capacidade criativa. Nosso objetivo \u00e9 atender \u00e0s diversas necessidades dos clientes com alta efici\u00eancia, precis\u00e3o e qualidade.<\/p>","protected":false},"excerpt":{"rendered":"<p>Bucket Cylinder For Yigong CY330LC-8 Introduction The bucket cylinder is a specially designed hydraulic cylinder used to control the movement of the bucket in heavy machinery such as excavators, backhoe loaders, and front loaders. Its main function is to allow the bucket to lift, lower, and tilt, making it convenient for various material handling tasks. [&hellip;]<\/p>","protected":false},"featured_media":14762,"comment_status":"open","ping_status":"closed","template":"","meta":{"_et_pb_use_builder":"","_et_pb_old_content":"","_et_gb_content_width":""},"product_brand":[],"product_cat":[1494],"product_tag":[1495,1496],"class_list":{"0":"post-16000","1":"product","2":"type-product","3":"status-publish","4":"has-post-thumbnail","6":"product_cat-bucket-cylinders","7":"product_tag-bucket-cylinders","8":"product_tag-hydraulic-cylinders","10":"first","11":"instock","12":"shipping-taxable","13":"product-type-simple"},"amp_enabled":true,"_links":{"self":[{"href":"https:\/\/www.hydraulic-cylinders.net\/pt\/wp-json\/wp\/v2\/product\/16000","targetHints":{"allow":["GET"]}}],"collection":[{"href":"https:\/\/www.hydraulic-cylinders.net\/pt\/wp-json\/wp\/v2\/product"}],"about":[{"href":"https:\/\/www.hydraulic-cylinders.net\/pt\/wp-json\/wp\/v2\/types\/product"}],"replies":[{"embeddable":true,"href":"https:\/\/www.hydraulic-cylinders.net\/pt\/wp-json\/wp\/v2\/comments?post=16000"}],"wp:featuredmedia":[{"embeddable":true,"href":"https:\/\/www.hydraulic-cylinders.net\/pt\/wp-json\/wp\/v2\/media\/14762"}],"wp:attachment":[{"href":"https:\/\/www.hydraulic-cylinders.net\/pt\/wp-json\/wp\/v2\/media?parent=16000"}],"wp:term":[{"taxonomy":"product_brand","embeddable":true,"href":"https:\/\/www.hydraulic-cylinders.net\/pt\/wp-json\/wp\/v2\/product_brand?post=16000"},{"taxonomy":"product_cat","embeddable":true,"href":"https:\/\/www.hydraulic-cylinders.net\/pt\/wp-json\/wp\/v2\/product_cat?post=16000"},{"taxonomy":"product_tag","embeddable":true,"href":"https:\/\/www.hydraulic-cylinders.net\/pt\/wp-json\/wp\/v2\/product_tag?post=16000"}],"curies":[{"name":"wp","href":"https:\/\/api.w.org\/{rel}","templated":true}]}}