{"id":16111,"date":"2025-01-20T08:30:04","date_gmt":"2025-01-20T08:30:04","guid":{"rendered":"https:\/\/www.hydraulic-cylinders.net\/product\/arm-cylinderfor-sumitomo-large-excavator-sh350-5\/"},"modified":"2025-01-20T08:30:07","modified_gmt":"2025-01-20T08:30:07","slug":"arm-cylinderfor-sumitomo-large-excavator-sh350-5","status":"publish","type":"product","link":"https:\/\/www.hydraulic-cylinders.net\/pt\/produto\/arm-cylinderfor-sumitomo-large-excavator-sh350-5\/","title":{"rendered":"Cilindro do bra\u00e7o para escavadeira grande Sumitomo SH350-5"},"content":{"rendered":"<h1>Cilindro do bra\u00e7o para escavadeira grande Sumitomo SH350-5<\/h1>\n<h2>Introdu\u00e7\u00e3o<\/h2>\n<p>Um cilindro de bra\u00e7o \u00e9 um cilindro hidr\u00e1ulico especialmente projetado para fornecer movimento linear e pot\u00eancia aos bra\u00e7os de diversos tipos de m\u00e1quinas, como escavadeiras, guindastes e bra\u00e7os rob\u00f3ticos. O cilindro de bra\u00e7o desempenha um papel fundamental no sistema hidr\u00e1ulico, permitindo o movimento e o controle eficazes de implementos e acess\u00f3rios. Esses cilindros n\u00e3o apenas proporcionam um movimento suave, mas tamb\u00e9m suportam cargas pesadas, garantindo a opera\u00e7\u00e3o eficiente e a confiabilidade da m\u00e1quina em diversas condi\u00e7\u00f5es de trabalho.<\/p>\n<p><img decoding=\"async\" src=\"https:\/\/www.hydraulic-cylinders.net\/wp-content\/uploads\/2025\/01\/songte-company-2.webp\" alt=\"Imagem do Cilindro do Bra\u00e7o\"><\/p>\n<h2>Caracter\u00edsticas<\/h2>\n<ul>\n<li>\n<h3>Acionamento de Alta Efici\u00eancia<\/h3>\n<p>O cilindro do bra\u00e7o proporciona um movimento linear potente e muita for\u00e7a, garantindo o alto desempenho e a efici\u00eancia do bra\u00e7o da m\u00e1quina em diversas opera\u00e7\u00f5es.<\/p>\n<\/li>\n<li>\n<h3>Controle Preciso<\/h3>\n<p>Por meio do sistema hidr\u00e1ulico, o cilindro do bra\u00e7o consegue um controle preciso do movimento, tornando a opera\u00e7\u00e3o dos implementos mais flex\u00edvel e precisa.<\/p>\n<\/li>\n<li>\n<h3>Forte durabilidade<\/h3>\n<p>Os cilindros dos bra\u00e7os s\u00e3o geralmente feitos de materiais de alta resist\u00eancia com boa resist\u00eancia ao desgaste e \u00e0 corros\u00e3o, adequados para uso prolongado em ambientes agressivos.<\/p>\n<\/li>\n<li>\n<h3>Adaptabilidade multifuncional<\/h3>\n<p>Esses cilindros podem ser amplamente utilizados em diversos equipamentos de maquin\u00e1rio, como escavadeiras, guindastes e bra\u00e7os rob\u00f3ticos, adaptando-se a diferentes necessidades de trabalho.<\/p>\n<\/li>\n<li>\n<h3>F\u00e1cil manuten\u00e7\u00e3o<\/h3>\n<p>Considera\u00e7\u00f5es de projeto que visam facilitar a manuten\u00e7\u00e3o e a substitui\u00e7\u00e3o tornam as inspe\u00e7\u00f5es e manuten\u00e7\u00f5es regulares mais f\u00e1ceis, reduzindo o tempo de inatividade do equipamento.<\/p>\n<\/li>\n<\/ul>\n<p>Podemos produzir este produto, e nosso produto pode substituir perfeitamente esses cilindros hidr\u00e1ulicos.<\/p>\n<p><img decoding=\"async\" src=\"https:\/\/www.hydraulic-cylinders.net\/wp-content\/uploads\/2025\/01\/songte-oil-pipes-and-spare-parts.webp\" alt=\"Imagem de tubos de \u00f3leo e pe\u00e7as de reposi\u00e7\u00e3o\"><\/p>\n<h2>Aplica\u00e7\u00f5es<\/h2>\n<p>O cilindro de bra\u00e7o tem uma ampla gama de aplica\u00e7\u00f5es, incluindo:<\/p>\n<ul>\n<li>\n<h3>Projetos de Constru\u00e7\u00e3o<\/h3>\n<p>Em escavadeiras e guindastes, o cilindro do bra\u00e7o \u00e9 usado para controlar o movimento da ca\u00e7amba ou da lan\u00e7a para trabalhos de terraplenagem, movimenta\u00e7\u00e3o de materiais e instala\u00e7\u00e3o de estruturas.<\/p>\n<\/li>\n<li>\n<h3>Ind\u00fastria de manufatura<\/h3>\n<p>Em linhas de produ\u00e7\u00e3o automatizadas, o cilindro do bra\u00e7o \u00e9 utilizado para movimentar os bra\u00e7os rob\u00f3ticos em processos de montagem, soldagem e manuseio, melhorando a efici\u00eancia e a precis\u00e3o da produ\u00e7\u00e3o.<\/p>\n<\/li>\n<li>\n<h3>Maquinaria agr\u00edcola<\/h3>\n<p>Em m\u00e1quinas agr\u00edcolas como colheitadeiras e semeadoras, o cilindro do bra\u00e7o controla o movimento do bra\u00e7o operacional para tarefas como semeadura, fertiliza\u00e7\u00e3o e colheita.<\/p>\n<\/li>\n<li>\n<h3>Minera\u00e7\u00e3o<\/h3>\n<p>Em equipamentos de minera\u00e7\u00e3o, o cilindro do bra\u00e7o \u00e9 usado para controlar o movimento do bra\u00e7o do equipamento, durante a extra\u00e7\u00e3o e o transporte de min\u00e9rio.<\/p>\n<\/li>\n<li>\n<h3>Log\u00edstica e Transporte<\/h3>\n<p>Em empilhadeiras e rob\u00f4s de movimenta\u00e7\u00e3o de materiais, o cilindro do bra\u00e7o \u00e9 usado para controlar o levantamento e o movimento dos garfos, realizando o transporte e o empilhamento de materiais.<\/p>\n<\/li>\n<\/ul>\n<h2>Considera\u00e7\u00f5es de design e crit\u00e9rios de sele\u00e7\u00e3o<\/h2>\n<p>Ao projetar e selecionar o cilindro do bra\u00e7o, fatores-chave como capacidade de carga, veda\u00e7\u00e3o, durabilidade, seguran\u00e7a e facilidade de manuten\u00e7\u00e3o devem ser levados em considera\u00e7\u00e3o:<\/p>\n<ul>\n<li>\n<h3>Capacidade de carga<\/h3>\n<p>O cilindro do bra\u00e7o deve ser capaz de suportar o peso do acess\u00f3rio e a carga durante a opera\u00e7\u00e3o.<\/p>\n<\/li>\n<li>\n<h3>Selagem<\/h3>\n<p>Diversos elementos de veda\u00e7\u00e3o, como veda\u00e7\u00f5es de pist\u00e3o e veda\u00e7\u00f5es de haste, devem ser utilizados para garantir que o fluido hidr\u00e1ulico no cilindro n\u00e3o vaze.<\/p>\n<\/li>\n<li>\n<h3>Durabilidade<\/h3>\n<p>O cilindro do bra\u00e7o deve ser feito de materiais que resistam ao desgaste e \u00e0 corros\u00e3o, e a superf\u00edcie do cilindro e das extremidades roscadas devem ser finamente processadas para melhorar a resist\u00eancia ao desgaste.<\/p>\n<\/li>\n<li>\n<h3>Seguran\u00e7a<\/h3>\n<p>Dispositivos de seguran\u00e7a, como v\u00e1lvulas de al\u00edvio de press\u00e3o, devem ser instalados para evitar danos ao cilindro e garantir a seguran\u00e7a do operador.<\/p>\n<\/li>\n<li>\n<h3>Manutenibilidade<\/h3>\n<p>O cilindro do bra\u00e7o deve ser projetado para facilitar a manuten\u00e7\u00e3o e a substitui\u00e7\u00e3o de componentes, e deve ser lubrificado regularmente com \u00f3leo hidr\u00e1ulico.<\/p>\n<\/li>\n<\/ul>\n<p><img decoding=\"async\" src=\"https:\/\/www.hydraulic-cylinders.net\/wp-content\/uploads\/2025\/01\/songte-cylinder-head-with-all-kinds-excavator-models.webp\" alt=\"Cabe\u00e7ote do cilindro com imagem de modelos de escavadeira\"><\/p>\n<h2>Veda\u00e7\u00e3o e Lubrifica\u00e7\u00e3o<\/h2>\n<p>O cilindro do bra\u00e7o utiliza diversos elementos de veda\u00e7\u00e3o, como veda\u00e7\u00f5es de pist\u00e3o e veda\u00e7\u00f5es de haste, feitos de materiais resistentes ao desgaste, como poliuretano e borracha nitr\u00edlica, para garantir uma veda\u00e7\u00e3o herm\u00e9tica. O corpo do cilindro e a superf\u00edcie roscada da extremidade s\u00e3o usinados com precis\u00e3o para melhorar a resist\u00eancia ao desgaste. \u00c9 necess\u00e1rio adicionar \u00f3leo hidr\u00e1ulico regularmente para lubrificar o cilindro e reduzir o desgaste.<\/p>\n<h2>Inspe\u00e7\u00e3o peri\u00f3dica e manuten\u00e7\u00e3o preventiva<\/h2>\n<p>Inspe\u00e7\u00f5es peri\u00f3dicas e manuten\u00e7\u00e3o preventiva s\u00e3o necess\u00e1rias para garantir o funcionamento suave e eficiente do cilindro do bra\u00e7o. Algumas medidas incluem:<\/p>\n<ul>\n<li>\n<h3>Inspe\u00e7\u00e3o regular<\/h3>\n<p>Inspecione regularmente o cilindro do bra\u00e7o para verificar se h\u00e1 desgaste ou danos e certifique-se de que n\u00e3o haja vazamento de fluido hidr\u00e1ulico.<\/p>\n<\/li>\n<li>\n<h3>Manuten\u00e7\u00e3o preventiva<\/h3>\n<p>Substitua os elementos de veda\u00e7\u00e3o em tempo h\u00e1bil e adicione \u00f3leo hidr\u00e1ulico para lubrificar o cilindro regularmente.<\/p>\n<\/li>\n<\/ul>\n<h2>Guia de instala\u00e7\u00e3o<\/h2>\n<p>A instala\u00e7\u00e3o correta do cilindro do bra\u00e7o \u00e9 crucial para garantir o desempenho ideal:<\/p>\n<ol>\n<li>\n<h3>Preparar<\/h3>\n<p>Antes da instala\u00e7\u00e3o, inspecione o cilindro e os componentes para verificar se h\u00e1 danos ou desgaste. Certifique-se de que o local de instala\u00e7\u00e3o esteja limpo e livre de detritos.<\/p>\n<\/li>\n<li>\n<h3>Instalar<\/h3>\n<p>Instale o cilindro do bra\u00e7o e conecte-o ao sistema hidr\u00e1ulico. Certifique-se de que todas as conex\u00f5es estejam apertadas de acordo com as especifica\u00e7\u00f5es do fabricante.<\/p>\n<\/li>\n<li>\n<h3>Teste<\/h3>\n<p>Teste o cilindro do bra\u00e7o para garantir que ele funcione de forma suave e eficiente. Verifique se h\u00e1 vazamentos e certifique-se de que o acess\u00f3rio se mova na dire\u00e7\u00e3o correta.<\/p>\n<\/li>\n<\/ol>\n<p><img decoding=\"async\" src=\"https:\/\/www.hydraulic-cylinders.net\/wp-content\/uploads\/2025\/01\/songte-bushings-with-all-kinds-of-excavator-models.webp\" alt=\"Buchas com modelos de escavadeira (imagem)\"><\/p>\n<h2>Considera\u00e7\u00f5es sobre seguran\u00e7a e meio ambiente<\/h2>\n<p>Ao utilizar o cilindro hidr\u00e1ulico, \u00e9 importante seguir as normas de seguran\u00e7a para evitar acidentes. Dispositivos de seguran\u00e7a, como v\u00e1lvulas de al\u00edvio de press\u00e3o, devem ser instalados para evitar danos ao cilindro e garantir a seguran\u00e7a do operador. Considera\u00e7\u00f5es ambientais tamb\u00e9m devem ser levadas em conta. O fluido hidr\u00e1ulico deve ser descartado corretamente para evitar a polui\u00e7\u00e3o ambiental.<\/p>\n<h2>Solu\u00e7\u00e3o de problemas e problemas comuns<\/h2>\n<p>Problemas comuns com o cilindro do bra\u00e7o incluem vazamentos, desgaste e danos. Algumas dicas e solu\u00e7\u00f5es para problemas incluem:<\/p>\n<ul>\n<li>\n<h3>Vazamento<\/h3>\n<p>Inspecione as veda\u00e7\u00f5es quanto a danos ou desgaste e substitua-as, se necess\u00e1rio.<\/p>\n<\/li>\n<li>\n<h3>Vestir<\/h3>\n<p>Inspecione o cilindro quanto a desgaste e substitua-o, se necess\u00e1rio.<\/p>\n<\/li>\n<li>\n<h3>Dano<\/h3>\n<p>Se o cilindro estiver danificado, deve ser substitu\u00eddo por um novo.<\/p>\n<\/li>\n<\/ul>\n<p>As medidas preventivas incluem inspe\u00e7\u00e3o e manuten\u00e7\u00e3o regulares, al\u00e9m de lubrifica\u00e7\u00e3o adequada.<\/p>\n<p><img decoding=\"async\" src=\"https:\/\/www.hydraulic-cylinders.net\/wp-content\/uploads\/2025\/01\/songte-chushion-collar.webp\" alt=\"Imagem de gola almofadada\"><\/p>\n<h2>Sobre n\u00f3s<\/h2>\n<p>Somos um fabricante profissional de cilindros hidr\u00e1ulicos de reposi\u00e7\u00e3o. Possu\u00edmos uma ampla gama de produtos e nos tornamos um dos principais fabricantes e distribuidores atacadistas de cilindros hidr\u00e1ulicos nos mercados nacional e internacional. Sempre priorizamos a excel\u00eancia em qualidade, baseando-nos em uma estrat\u00e9gia de gest\u00e3o de produ\u00e7\u00e3o industrializada com instala\u00e7\u00f5es de fabrica\u00e7\u00e3o otimizadas, e aprimoramos constantemente nosso n\u00edvel t\u00e9cnico e efici\u00eancia produtiva. Ao introduzir equipamentos de fabrica\u00e7\u00e3o digital de \u00faltima gera\u00e7\u00e3o e sistemas de teste profissionais, otimizamos continuamente a plataforma de produ\u00e7\u00e3o, aprimoramos o processo de controle de qualidade do produto e desenvolvemos uma forte capacidade de inova\u00e7\u00e3o. Nosso objetivo \u00e9 atender \u00e0s diversas necessidades de nossos clientes com alta efici\u00eancia, precis\u00e3o e qualidade.<\/p>\n<p><img decoding=\"async\" src=\"https:\/\/www.hydraulic-cylinders.net\/wp-content\/uploads\/2025\/01\/songte-company-4.webp\" alt=\"Imagem da empresa\"><br \/>\n<img decoding=\"async\" src=\"https:\/\/www.hydraulic-cylinders.net\/wp-content\/uploads\/2025\/01\/songte-company-3.webp\" alt=\"Imagem da empresa\"><\/p>\n<p>Oferecemos servi\u00e7os profissionais, com certifica\u00e7\u00e3o internacional e personalizados, e nossos equipamentos de produ\u00e7\u00e3o e servi\u00e7o p\u00f3s-venda s\u00e3o da mais alta qualidade.<\/p>\n<p>Autor: lyl<\/p>","protected":false},"excerpt":{"rendered":"<p>Arm Cylinder for Sumitomo Large Excavator SH350-5 Introduction An arm cylinder is a specially designed hydraulic cylinder used to provide linear motion and power to the arms of various types of machinery such as excavators, cranes, and robotic arms. The arm cylinder plays a key role in the hydraulic system, allowing for effective movement and [&hellip;]<\/p>","protected":false},"featured_media":14763,"comment_status":"open","ping_status":"closed","template":"","meta":{"_et_pb_use_builder":"","_et_pb_old_content":"","_et_gb_content_width":""},"product_brand":[],"product_cat":[1497],"product_tag":[1498,1496],"class_list":{"0":"post-16111","1":"product","2":"type-product","3":"status-publish","4":"has-post-thumbnail","6":"product_cat-arm-cylinders","7":"product_tag-arm-cylinders","8":"product_tag-hydraulic-cylinders","10":"first","11":"instock","12":"shipping-taxable","13":"product-type-simple"},"amp_enabled":true,"_links":{"self":[{"href":"https:\/\/www.hydraulic-cylinders.net\/pt\/wp-json\/wp\/v2\/product\/16111","targetHints":{"allow":["GET"]}}],"collection":[{"href":"https:\/\/www.hydraulic-cylinders.net\/pt\/wp-json\/wp\/v2\/product"}],"about":[{"href":"https:\/\/www.hydraulic-cylinders.net\/pt\/wp-json\/wp\/v2\/types\/product"}],"replies":[{"embeddable":true,"href":"https:\/\/www.hydraulic-cylinders.net\/pt\/wp-json\/wp\/v2\/comments?post=16111"}],"wp:featuredmedia":[{"embeddable":true,"href":"https:\/\/www.hydraulic-cylinders.net\/pt\/wp-json\/wp\/v2\/media\/14763"}],"wp:attachment":[{"href":"https:\/\/www.hydraulic-cylinders.net\/pt\/wp-json\/wp\/v2\/media?parent=16111"}],"wp:term":[{"taxonomy":"product_brand","embeddable":true,"href":"https:\/\/www.hydraulic-cylinders.net\/pt\/wp-json\/wp\/v2\/product_brand?post=16111"},{"taxonomy":"product_cat","embeddable":true,"href":"https:\/\/www.hydraulic-cylinders.net\/pt\/wp-json\/wp\/v2\/product_cat?post=16111"},{"taxonomy":"product_tag","embeddable":true,"href":"https:\/\/www.hydraulic-cylinders.net\/pt\/wp-json\/wp\/v2\/product_tag?post=16111"}],"curies":[{"name":"wp","href":"https:\/\/api.w.org\/{rel}","templated":true}]}}