{"id":1613,"date":"2023-10-08T02:59:47","date_gmt":"2023-10-08T02:59:47","guid":{"rendered":"https:\/\/hydraulic-cylinders.net\/?post_type=product&#038;p=1613"},"modified":"2025-04-01T07:35:41","modified_gmt":"2025-04-01T07:35:41","slug":"mining-dump-truck-piston-accumulator","status":"publish","type":"product","link":"https:\/\/www.hydraulic-cylinders.net\/pt\/produto\/mining-dump-truck-piston-accumulator\/","title":{"rendered":"Acumulador de pist\u00e3o para caminh\u00e3o basculante de minera\u00e7\u00e3o"},"content":{"rendered":"<h1 style=\"text-align: center;\"><strong>Acumulador de pist\u00e3o para caminh\u00e3o basculante de minera\u00e7\u00e3o<\/strong><\/h1>\n<p><img loading=\"lazy\" decoding=\"async\" class=\"aligncenter wp-image-1614\" src=\"https:\/\/hydraulic-cylinders.net\/wp-content\/uploads\/2023\/10\/piston-accumulator-1-300x300.webp\" alt=\"\" width=\"400\" height=\"400\" \/><\/p>\n<p>A confiabilidade e a seguran\u00e7a dos equipamentos s\u00e3o fundamentais no exigente mundo das opera\u00e7\u00f5es de minera\u00e7\u00e3o. O acumulador de pist\u00e3o para caminh\u00f5es basculantes de minera\u00e7\u00e3o \u00e9 um componente crucial projetado para otimizar o desempenho e aumentar a seguran\u00e7a nesses ve\u00edculos.<\/p>\n<p>O acumulador de pist\u00e3o para caminh\u00f5es basculantes de minera\u00e7\u00e3o \u00e9 um componente vital que aprimora o desempenho e a seguran\u00e7a desses ve\u00edculos. Seu desempenho em alta press\u00e3o, armazenamento eficiente de energia e recursos de seguran\u00e7a garantem uma opera\u00e7\u00e3o hidr\u00e1ulica confi\u00e1vel e responsiva. Ao integrar o Acumulador de Pist\u00e3o para Caminh\u00f5es Basculantes de Minera\u00e7\u00e3o \u00e0 sua frota e seguir os m\u00e9todos de uso e as pr\u00e1ticas de manuten\u00e7\u00e3o adequadas, voc\u00ea pode otimizar o desempenho, a efici\u00eancia e a seguran\u00e7a de suas opera\u00e7\u00f5es de minera\u00e7\u00e3o. Escolha este componente excepcional para liberar todo o potencial de seus caminh\u00f5es basculantes de minera\u00e7\u00e3o.<\/p>\n<p>Principais caracter\u00edsticas do acumulador de pist\u00e3o para caminh\u00e3o basculante de minera\u00e7\u00e3o:<\/p>\n<ol>\n<li>Desempenho sob alta press\u00e3o:<\/li>\n<\/ol>\n<ul>\n<li>O acumulador de pist\u00e3o para caminh\u00e3o basculante de minera\u00e7\u00e3o \u00e9 projetado para suportar ambientes de alta press\u00e3o comumente encontrados em opera\u00e7\u00f5es de minera\u00e7\u00e3o.<\/li>\n<li>Sua constru\u00e7\u00e3o robusta e materiais dur\u00e1veis \u200b\u200bgarantem um desempenho confi\u00e1vel mesmo em condi\u00e7\u00f5es exigentes.<\/li>\n<\/ul>\n<ol start=\"2\">\n<li>Armazenamento eficiente de energia:<\/li>\n<\/ol>\n<ul>\n<li>Este acumulador de pist\u00e3o armazena energia hidr\u00e1ulica de forma eficiente, permitindo uma opera\u00e7\u00e3o r\u00e1pida e responsiva de diversas fun\u00e7\u00f5es hidr\u00e1ulicas no caminh\u00e3o basculante.<\/li>\n<li>Isso garante um fornecimento de energia consistente, minimizando as flutua\u00e7\u00f5es de press\u00e3o do sistema e otimizando o desempenho geral.<\/li>\n<\/ul>\n<ol start=\"3\">\n<li>Melhorias na seguran\u00e7a:<\/li>\n<\/ol>\n<ul>\n<li>O acumulador de pist\u00e3o do caminh\u00e3o basculante de minera\u00e7\u00e3o funciona como um dispositivo de seguran\u00e7a, fornecendo uma reserva de energia hidr\u00e1ulica para emerg\u00eancias.<\/li>\n<li>Isso ajuda a prevenir poss\u00edveis acidentes ou danos causados \u200b\u200bpor falhas repentinas do sistema ou interrup\u00e7\u00f5es de energia.<\/li>\n<\/ul>\n<h2><strong>Par\u00e2metros do acumulador de pist\u00e3o para caminh\u00e3o basculante de minera\u00e7\u00e3o:<\/strong><\/h2>\n<table border=\"1\" cellspacing=\"0\" cellpadding=\"0\">\n<tbody>\n<tr>\n<td>Nome do produto<\/td>\n<td>Acumulador de pist\u00e3o para caminh\u00e3o basculante de minera\u00e7\u00e3o<\/td>\n<\/tr>\n<tr>\n<td>Caracter\u00edsticas:<\/td>\n<td>A carga \u00e9 distribu\u00edda igualmente entre os eixos central e traseiro em tempo real para equilibrar a capacidade de carga dos eixos.<\/td>\n<\/tr>\n<tr>\n<td>For\u00e7a de empuxo:<\/td>\n<td>M\u00e1ximo 27,5 MPa<\/td>\n<\/tr>\n<tr>\n<td>Aplica\u00e7\u00f5es de acumuladores de pist\u00e3o:<\/td>\n<td>Caminh\u00e3o basculante para minera\u00e7\u00e3o<\/td>\n<\/tr>\n<\/tbody>\n<\/table>\n<h2><strong>Diagrama de identifica\u00e7\u00e3o do cilindro do caminh\u00e3o basculante de minera\u00e7\u00e3o:<\/strong><\/h2>\n<p><img loading=\"lazy\" decoding=\"async\" class=\"alignnone wp-image-1594 size-full\" src=\"https:\/\/hydraulic-cylinders.net\/wp-content\/uploads\/2023\/10\/mining-dump-truck-cylinder.webp\" alt=\"\" width=\"1418\" height=\"946\" srcset=\"https:\/\/hydraulic-cylinders.net\/wp-content\/uploads\/2023\/10\/mining-dump-truck-cylinder.webp 1418w, https:\/\/hydraulic-cylinders.net\/wp-content\/uploads\/2023\/10\/mining-dump-truck-cylinder-1280x854.webp 1280w, https:\/\/hydraulic-cylinders.net\/wp-content\/uploads\/2023\/10\/mining-dump-truck-cylinder-980x654.webp 980w, https:\/\/hydraulic-cylinders.net\/wp-content\/uploads\/2023\/10\/mining-dump-truck-cylinder-480x320.webp 480w\" sizes=\"(min-width: 0px) and (max-width: 480px) 480px, (min-width: 481px) and (max-width: 980px) 980px, (min-width: 981px) and (max-width: 1280px) 1280px, (min-width: 1281px) 1418px, 100vw\" \/><\/p>\n<h2><strong>M\u00e9todo de utiliza\u00e7\u00e3o do acumulador de pist\u00e3o para caminh\u00e3o basculante de minera\u00e7\u00e3o<\/strong><strong>:<\/strong><\/h2>\n<ol>\n<li><strong>Integra\u00e7\u00e3o em sistema hidr\u00e1ulico:<\/strong><\/li>\n<\/ol>\n<ul>\n<li>O acumulador de pist\u00e3o do caminh\u00e3o basculante de minera\u00e7\u00e3o \u00e9 integrado ao sistema hidr\u00e1ulico do caminh\u00e3o.<\/li>\n<li>Geralmente, ele \u00e9 conectado \u00e0 bomba hidr\u00e1ulica e posicionado estrategicamente no sistema para otimizar o armazenamento e a distribui\u00e7\u00e3o de energia.<\/li>\n<\/ul>\n<ol start=\"2\">\n<li><strong>Armazenamento de energia hidr\u00e1ulica:<\/strong><\/li>\n<\/ol>\n<ul>\n<li>O acumulador armazena energia hidr\u00e1ulica durante per\u00edodos de baixa demanda ou quando as fun\u00e7\u00f5es hidr\u00e1ulicas n\u00e3o est\u00e3o em uso.<\/li>\n<li>Com o aumento da demanda por energia hidr\u00e1ulica, a energia armazenada \u00e9 liberada, fornecendo uma fonte de energia confi\u00e1vel e instant\u00e2nea.<\/li>\n<\/ul>\n<ol start=\"3\">\n<li><strong>Dimensionamento e configura\u00e7\u00e3o adequados:<\/strong><\/li>\n<\/ol>\n<ul>\n<li>\u00c9 essencial selecionar o tamanho e a configura\u00e7\u00e3o adequados do acumulador de pist\u00e3o para caminh\u00e3o basculante de minera\u00e7\u00e3o, de forma a atender aos requisitos espec\u00edficos do sistema hidr\u00e1ulico do caminh\u00e3o.<\/li>\n<li>Consultar especialistas ou seguir as diretrizes do fabricante pode garantir desempenho e seguran\u00e7a ideais.<\/li>\n<\/ul>\n<h2><strong>O que \u00e9 um sistema hidr\u00e1ulico de circuito fechado?<\/strong><\/h2>\n<p>Um sistema hidr\u00e1ulico de circuito fechado, tamb\u00e9m conhecido como sistema hidr\u00e1ulico de centro fechado, \u00e9 comumente usado em m\u00e1quinas industriais e equipamentos m\u00f3veis. Ele utiliza uma bomba de deslocamento vari\u00e1vel para manter uma press\u00e3o constante no sistema hidr\u00e1ulico, independentemente das demandas de carga.<\/p>\n<p>Aqui est\u00e3o as principais caracter\u00edsticas e componentes de um sistema hidr\u00e1ulico de circuito fechado:<\/p>\n<ol>\n<li><strong>Bomba de deslocamento vari\u00e1vel:<\/strong> Um sistema hidr\u00e1ulico de circuito fechado utiliza uma bomba de deslocamento vari\u00e1vel para fornecer fluido hidr\u00e1ulico ao sistema. A bomba ajusta seu deslocamento ou volume de curso com base nas demandas de carga, mantendo uma press\u00e3o constante.<\/li>\n<li><strong>Compensador de press\u00e3o:<\/strong> Um compensador de press\u00e3o, tamb\u00e9m conhecido como v\u00e1lvula de controle de press\u00e3o, regula e controla a press\u00e3o do sistema. Ele garante que a press\u00e3o permane\u00e7a constante, mesmo que as necessidades de carga mudem.<\/li>\n<li><strong>Controle de feedback:<\/strong> Os sistemas hidr\u00e1ulicos de circuito fechado incorporam mecanismos de controle de realimenta\u00e7\u00e3o para monitorar e ajustar a press\u00e3o do sistema. Esse controle de realimenta\u00e7\u00e3o permite uma regula\u00e7\u00e3o precisa da press\u00e3o, garantindo desempenho e efici\u00eancia ideais.<\/li>\n<li><strong>Motor ou atuador hidr\u00e1ulico:<\/strong> O motor ou atuador hidr\u00e1ulico converte energia hidr\u00e1ulica em movimento ou for\u00e7a mec\u00e2nica. Ele recebe fluido hidr\u00e1ulico do sistema de circuito fechado e o converte em movimento rotacional ou linear para realizar trabalho.<\/li>\n<li><strong>Reservat\u00f3rio hidr\u00e1ulico:<\/strong> O reservat\u00f3rio hidr\u00e1ulico armazena o fluido hidr\u00e1ulico necess\u00e1rio para o funcionamento do sistema hidr\u00e1ulico de circuito fechado. Ele fornece fluido para a bomba e atua como dissipador de calor, ajudando a manter a temperatura do fluido dentro de limites aceit\u00e1veis.<\/li>\n<\/ol>\n<h2><strong>Aptid\u00e3o e capacidade da f\u00e1brica:<\/strong><\/h2>\n<h3>(1) Montagem<\/h3>\n<p>Temos uma plataforma de montagem de pesquisa e desenvolvimento independente de primeira classe. A oficina de produ\u00e7\u00e3o de cilindros hidr\u00e1ulicos tem quatro linhas de montagem semiautom\u00e1ticas de cilindros de eleva\u00e7\u00e3o e uma linha de montagem autom\u00e1tica de cilindros de inclina\u00e7\u00e3o, com uma capacidade de produ\u00e7\u00e3o anual projetada de 1 milh\u00e3o de pe\u00e7as. A oficina de cilindros especiais \u00e9 equipada com v\u00e1rias especifica\u00e7\u00f5es de um sistema de montagem de limpeza semiautom\u00e1tica com uma capacidade de produ\u00e7\u00e3o anual projetada de 200.000 pe\u00e7as e equipada com famosos equipamentos de usinagem CNC, um centro de usinagem, um equipamento especial de processamento de cilindros de alta precis\u00e3o, uma m\u00e1quina de solda robotizada, uma m\u00e1quina de limpeza autom\u00e1tica, uma m\u00e1quina de montagem autom\u00e1tica de cilindros e uma linha de produ\u00e7\u00e3o de pintura autom\u00e1tica. O equipamento cr\u00edtico existente \u00e9 de mais de 300 conjuntos (conjuntos). A aloca\u00e7\u00e3o ideal e o uso eficiente dos recursos do equipamento garantem os requisitos de precis\u00e3o dos produtos e atendem \u00e0s necessidades de alta qualidade dos produtos.<\/p>\n<p><img loading=\"lazy\" decoding=\"async\" class=\"alignnone wp-image-626\" src=\"https:\/\/hydraulic-cylinders.net\/wp-content\/uploads\/2023\/08\/hydraulic-cylinder-product-1-300x158.webp\" alt=\"\" width=\"495\" height=\"260\" srcset=\"https:\/\/hydraulic-cylinders.net\/wp-content\/uploads\/2023\/08\/hydraulic-cylinder-product-1-300x158.webp 495w, https:\/\/hydraulic-cylinders.net\/wp-content\/uploads\/2023\/08\/hydraulic-cylinder-product-1-480x252.webp 480w\" sizes=\"(min-width: 0px) and (max-width: 480px) 480px, (min-width: 481px) 495px, 100vw\" \/> <img loading=\"lazy\" decoding=\"async\" class=\"alignnone wp-image-627\" src=\"https:\/\/hydraulic-cylinders.net\/wp-content\/uploads\/2023\/08\/hydraulic-cylinder-product-2-300x189.webp\" alt=\"\" width=\"413\" height=\"260\" \/><\/p>\n<h3>(2) Usinagem<\/h3>\n<p>A oficina de usinagem \u00e9 equipada com um centro de torneamento de trilho inclinado personalizado, um centro de usinagem, uma m\u00e1quina de brunimento de alta velocidade, um rob\u00f4 de soldagem e outros equipamentos relacionados, que podem lidar com o processamento de tubos de cilindros com di\u00e2metro interno m\u00e1ximo de 400 mm e comprimento m\u00e1ximo de 6 metros.<\/p>\n<p><img loading=\"lazy\" decoding=\"async\" class=\"alignnone wp-image-628 size-large\" src=\"https:\/\/hydraulic-cylinders.net\/wp-content\/uploads\/2023\/08\/hydraulic-cylinder-product-3-1024x391.webp\" alt=\"\" width=\"1024\" height=\"391\" srcset=\"https:\/\/hydraulic-cylinders.net\/wp-content\/uploads\/2023\/08\/hydraulic-cylinder-product-3-980x374.webp 980w, https:\/\/hydraulic-cylinders.net\/wp-content\/uploads\/2023\/08\/hydraulic-cylinder-product-3-480x183.webp 480w\" sizes=\"(min-width: 0px) and (max-width: 480px) 480px, (min-width: 481px) and (max-width: 980px) 980px, (min-width: 981px) 1024px, 100vw\" \/><\/p>\n<h3>(3) Soldagem<\/h3>\n<p><img loading=\"lazy\" decoding=\"async\" class=\"alignnone wp-image-629 size-large\" src=\"https:\/\/hydraulic-cylinders.net\/wp-content\/uploads\/2023\/08\/hydraulic-cylinder-product-4-1024x510.webp\" alt=\"\" width=\"1024\" height=\"510\" srcset=\"https:\/\/hydraulic-cylinders.net\/wp-content\/uploads\/2023\/08\/hydraulic-cylinder-product-4-980x488.webp 980w, https:\/\/hydraulic-cylinders.net\/wp-content\/uploads\/2023\/08\/hydraulic-cylinder-product-4-480x239.webp 480w\" sizes=\"(min-width: 0px) and (max-width: 480px) 480px, (min-width: 481px) and (max-width: 980px) 980px, (min-width: 981px) 1024px, 100vw\" \/><\/p>\n<h3>(4) Pintura e revestimento<\/h3>\n<p>Com linhas de revestimento de tinta \u00e0 base de \u00e1gua autom\u00e1ticas de cilindros de pequeno e m\u00e9dio porte, para obter carregamento e descarregamento autom\u00e1ticos de rob\u00f4s e pulveriza\u00e7\u00e3o autom\u00e1tica, a capacidade projetada \u00e9 de 4.000 pe\u00e7as por turno;<br \/>\nTamb\u00e9m temos uma linha de produ\u00e7\u00e3o de tinta semiautom\u00e1tica para cilindros grandes, acionada por uma corrente el\u00e9trica, com capacidade de projeto de 60 caixas por turno.<\/p>\n<p><img loading=\"lazy\" decoding=\"async\" class=\"alignnone wp-image-630\" src=\"https:\/\/hydraulic-cylinders.net\/wp-content\/uploads\/2023\/08\/hydraulic-cylinder-product-5-300x213.webp\" alt=\"\" width=\"366\" height=\"260\" \/> <img loading=\"lazy\" decoding=\"async\" class=\"alignnone wp-image-631\" src=\"https:\/\/hydraulic-cylinders.net\/wp-content\/uploads\/2023\/08\/hydraulic-cylinder-product-6-300x225.webp\" alt=\"\" width=\"347\" height=\"260\" \/><\/p>\n<h3>(5) Testes<\/h3>\n<p>Temos instala\u00e7\u00f5es de inspe\u00e7\u00e3o e bancos de teste de primeira classe para garantir que o desempenho do cilindro atenda aos requisitos.<\/p>\n<p><img loading=\"lazy\" decoding=\"async\" class=\"alignnone wp-image-632\" src=\"https:\/\/hydraulic-cylinders.net\/wp-content\/uploads\/2023\/08\/hydraulic-cylinder-product-8-300x200.webp\" alt=\"\" width=\"389\" height=\"260\" \/><\/p>\n<p>&nbsp;<\/p>\n<p>&nbsp;<\/p>\n<p>Somos um dos melhores fabricantes de cilindros hidr\u00e1ulicos. Oferecemos cilindros hidr\u00e1ulicos completos. Tamb\u00e9m fornecemos os correspondentes <a href=\"https:\/\/hzpt.com\/agricultural-pto-gearbox\/\" target=\"_blank\" rel=\"noopener\">caixas de c\u00e2mbio agr\u00edcolas<\/a>. Exportamos nossos produtos para clientes em todo o mundo e conquistamos uma boa reputa\u00e7\u00e3o devido \u00e0 qualidade superior de nossos produtos e ao servi\u00e7o p\u00f3s-venda. Convidamos clientes nacionais e estrangeiros a entrar em contato conosco para negociar neg\u00f3cios, trocar informa\u00e7\u00f5es e <a href=\"https:\/\/www.hydraulic-cylinders.net\/pt\/contact-us\/\">cooperar conosco<\/a>!<\/p>","protected":false},"excerpt":{"rendered":"<p>Mining Dump Truck Piston Accumulator Equipment reliability and safety are paramount in the demanding world of mining operations. The mining dump truck piston accumulator is a crucial component designed to optimize performance and enhance safety in mining dump trucks The mining dump truck piston accumulator is a vital component that enhances performance and safety in [&hellip;]<\/p>","protected":false},"featured_media":1615,"comment_status":"open","ping_status":"closed","template":"","meta":{"_et_pb_use_builder":"","_et_pb_old_content":"","_et_gb_content_width":""},"product_brand":[],"product_cat":[1517,1532,1376],"product_tag":[1380],"class_list":{"0":"post-1613","1":"product","2":"type-product","3":"status-publish","4":"has-post-thumbnail","6":"product_cat-dump-truck-hydraulic-cylinders","7":"product_cat-mining-dump-truck-hydraulic-cylinders","8":"product_cat-hydraulic-cylinder","9":"product_tag-hydraulic-cylinder","11":"first","12":"instock","13":"shipping-taxable","14":"product-type-simple"},"amp_enabled":true,"_links":{"self":[{"href":"https:\/\/www.hydraulic-cylinders.net\/pt\/wp-json\/wp\/v2\/product\/1613","targetHints":{"allow":["GET"]}}],"collection":[{"href":"https:\/\/www.hydraulic-cylinders.net\/pt\/wp-json\/wp\/v2\/product"}],"about":[{"href":"https:\/\/www.hydraulic-cylinders.net\/pt\/wp-json\/wp\/v2\/types\/product"}],"replies":[{"embeddable":true,"href":"https:\/\/www.hydraulic-cylinders.net\/pt\/wp-json\/wp\/v2\/comments?post=1613"}],"wp:featuredmedia":[{"embeddable":true,"href":"https:\/\/www.hydraulic-cylinders.net\/pt\/wp-json\/wp\/v2\/media\/1615"}],"wp:attachment":[{"href":"https:\/\/www.hydraulic-cylinders.net\/pt\/wp-json\/wp\/v2\/media?parent=1613"}],"wp:term":[{"taxonomy":"product_brand","embeddable":true,"href":"https:\/\/www.hydraulic-cylinders.net\/pt\/wp-json\/wp\/v2\/product_brand?post=1613"},{"taxonomy":"product_cat","embeddable":true,"href":"https:\/\/www.hydraulic-cylinders.net\/pt\/wp-json\/wp\/v2\/product_cat?post=1613"},{"taxonomy":"product_tag","embeddable":true,"href":"https:\/\/www.hydraulic-cylinders.net\/pt\/wp-json\/wp\/v2\/product_tag?post=1613"}],"curies":[{"name":"wp","href":"https:\/\/api.w.org\/{rel}","templated":true}]}}