{"id":16149,"date":"2025-01-20T08:33:35","date_gmt":"2025-01-20T08:33:35","guid":{"rendered":"https:\/\/www.hydraulic-cylinders.net\/product\/arm-cylinderfor-caterpillar-small-excavator-e313d\/"},"modified":"2025-01-20T08:33:38","modified_gmt":"2025-01-20T08:33:38","slug":"arm-cylinderfor-caterpillar-small-excavator-e313d","status":"publish","type":"product","link":"https:\/\/www.hydraulic-cylinders.net\/pt\/produto\/arm-cylinderfor-caterpillar-small-excavator-e313d\/","title":{"rendered":"Cilindro do bra\u00e7o para escavadeira pequena Caterpillar E313D"},"content":{"rendered":"<p>Cilindro do bra\u00e7o para escavadeira pequena Caterpillar E313D<\/p>\n<p>Introdu\u00e7\u00e3o<br \/>\nO cilindro de bra\u00e7o \u00e9 um cilindro hidr\u00e1ulico especialmente projetado para fornecer movimento linear e pot\u00eancia aos bra\u00e7os de diversos tipos de m\u00e1quinas, como escavadeiras, guindastes e bra\u00e7os mec\u00e2nicos. Ele desempenha um papel fundamental nos sistemas hidr\u00e1ulicos, permitindo que ferramentas ou acess\u00f3rios adicionais se movam e sejam controlados com efici\u00eancia. Esses cilindros n\u00e3o apenas proporcionam um movimento suave, mas tamb\u00e9m suportam cargas pesadas, garantindo a opera\u00e7\u00e3o eficiente e a confiabilidade da m\u00e1quina em diversas condi\u00e7\u00f5es de trabalho.<\/p>\n<p>Caracter\u00edsticas<br \/>\n-O cilindro do bra\u00e7o proporciona movimento linear e for\u00e7a potentes, garantindo alto desempenho e efici\u00eancia em diversas opera\u00e7\u00f5es.<br \/>\n-Atrav\u00e9s do sistema hidr\u00e1ulico, o cilindro do bra\u00e7o consegue um controle preciso do movimento, tornando a opera\u00e7\u00e3o das ferramentas adicionais mais flex\u00edvel e precisa.<br \/>\nOs cilindros dos bra\u00e7os s\u00e3o geralmente feitos de materiais de alta resist\u00eancia, com boa resist\u00eancia ao desgaste e \u00e0 corros\u00e3o, adequados para uso prolongado em ambientes agressivos.<br \/>\n-Esses cilindros podem ser amplamente utilizados em diversos equipamentos mec\u00e2nicos, como escavadeiras, guindastes e bra\u00e7os mec\u00e2nicos, para se adaptarem a diferentes requisitos de trabalho.<br \/>\nProjetados para facilitar a manuten\u00e7\u00e3o e a substitui\u00e7\u00e3o, eles tornam as inspe\u00e7\u00f5es e manuten\u00e7\u00f5es regulares mais convenientes, reduzindo o tempo de inatividade dos equipamentos.<\/p>\n<p>Aplicativo<br \/>\nO cilindro do bra\u00e7o \u00e9 utilizado para controlar o movimento da ca\u00e7amba da escavadeira ou do guindaste, o manuseio de materiais e a instala\u00e7\u00e3o de estruturas em projetos de constru\u00e7\u00e3o.<br \/>\nEm linhas de produ\u00e7\u00e3o automatizadas, cilindros de bra\u00e7o s\u00e3o usados \u200b\u200bpara movimentar bra\u00e7os mec\u00e2nicos em processos de montagem, soldagem e manuseio, melhorando a efici\u00eancia e a precis\u00e3o da produ\u00e7\u00e3o.<br \/>\nEm m\u00e1quinas agr\u00edcolas como colheitadeiras e plantadeiras, os cilindros do bra\u00e7o controlam o movimento do bra\u00e7o operacional para realizar tarefas como semear, fertilizar e colher.<br \/>\n-Em equipamentos de minera\u00e7\u00e3o, os cilindros de bra\u00e7o s\u00e3o usados \u200b\u200bpara controlar o movimento do bra\u00e7o do equipamento para extrair e transportar min\u00e9rios.<br \/>\n-Em empilhadeiras e rob\u00f4s de movimenta\u00e7\u00e3o, os cilindros dos bra\u00e7os controlam o levantamento e o movimento dos garfos, realizando o manuseio e o empilhamento de materiais.<\/p>\n<p>Padr\u00f5es de projeto e sele\u00e7\u00e3o<br \/>\n-A capacidade de carga, a veda\u00e7\u00e3o, a durabilidade, a seguran\u00e7a e a facilidade de manuten\u00e7\u00e3o do cilindro do bra\u00e7o s\u00e3o considera\u00e7\u00f5es essenciais de projeto.<br \/>\n-A veda\u00e7\u00e3o do cilindro \u00e9 obtida atrav\u00e9s de v\u00e1rios componentes de veda\u00e7\u00e3o, como veda\u00e7\u00f5es de pist\u00e3o, veda\u00e7\u00f5es de haste, etc., que s\u00e3o feitos de materiais resistentes ao desgaste, como poliuretano e borracha nitr\u00edlica.<br \/>\n\u2013 O corpo do cilindro e a superf\u00edcie da extremidade da rosca passam por um processo de usinagem fina para melhorar a resist\u00eancia ao desgaste. \u00c9 necess\u00e1rio adicionar regularmente a quantidade adequada de \u00f3leo hidr\u00e1ulico para lubrifica\u00e7\u00e3o.<\/p>\n<p>Medidas de manuten\u00e7\u00e3o e preven\u00e7\u00e3o<br \/>\n-Inspe\u00e7\u00f5es regulares e manuten\u00e7\u00e3o preventiva podem prolongar a vida \u00fatil do cilindro do bra\u00e7o e melhorar sua efici\u00eancia.<br \/>\n\u2013 Verifique regularmente os fixadores, veda\u00e7\u00f5es e estrutura externa do cilindro, assegure-se de que o \u00f3leo hidr\u00e1ulico esteja limpo e troque-o regularmente.<br \/>\n\u2013 As medidas preventivas incluem garantir a instala\u00e7\u00e3o adequada, evitar sobrecargas e realizar o uso e a manuten\u00e7\u00e3o corretos.<\/p>\n<p>Guia de instala\u00e7\u00e3o<br \/>\nPara instalar o cilindro do bra\u00e7o, primeiro desconecte o sistema hidr\u00e1ulico e remova o cilindro antigo. Em seguida, instale o novo cilindro e reconecte o sistema hidr\u00e1ulico seguindo as instru\u00e7\u00f5es do fabricante.<\/p>\n<p>Considera\u00e7\u00f5es de seguran\u00e7a e fatores ambientais<br \/>\nMedidas de seguran\u00e7a, como o uso de equipamentos de prote\u00e7\u00e3o e o cumprimento de pr\u00e1ticas operacionais seguras, s\u00e3o essenciais para evitar acidentes.<br \/>\nFatores ambientais como temperatura, umidade e limpeza podem afetar o desempenho do cilindro. A verifica\u00e7\u00e3o e a manuten\u00e7\u00e3o regulares dos componentes do cilindro podem minimizar o impacto desses fatores ambientais.<\/p>\n<p>Solu\u00e7\u00e3o de problemas e problemas comuns<br \/>\n-Os problemas mais comuns incluem vazamentos no sistema hidr\u00e1ulico, desalinhamento dos cilindros e instala\u00e7\u00e3o incorreta.<br \/>\nPara solucionar problemas, verifique a press\u00e3o e o fluxo do sistema hidr\u00e1ulico, confira o alinhamento e a veda\u00e7\u00e3o do cilindro e assegure-se de que a instala\u00e7\u00e3o esteja correta.<br \/>\nMedidas preventivas, como inspe\u00e7\u00f5es e manuten\u00e7\u00f5es regulares, podem minimizar problemas potenciais.<\/p>\n<p>Sobre a empresa<br \/>\nSomos um fabricante profissional de cilindros hidr\u00e1ulicos de reposi\u00e7\u00e3o, oferecendo uma ampla gama de produtos e nos tornando um dos principais fabricantes e distribuidores atacadistas de cilindros hidr\u00e1ulicos nos mercados nacional e internacional. Primamos pela excel\u00eancia em qualidade, aprimorando continuamente nosso n\u00edvel t\u00e9cnico e efici\u00eancia de produ\u00e7\u00e3o por meio de estrat\u00e9gias de gest\u00e3o industrializada, com o objetivo de atender \u00e0s diversas necessidades dos clientes com alta efici\u00eancia, precis\u00e3o e qualidade. Nossa empresa possui equipamentos de produ\u00e7\u00e3o profissionais, certifica\u00e7\u00f5es internacionais, servi\u00e7os personalizados e assist\u00eancia p\u00f3s-venda, fornecendo produtos e servi\u00e7os de alta qualidade para clientes em todo o mundo.<\/p>\n<p>Autor: lyl<\/p>","protected":false},"excerpt":{"rendered":"<p>Arm Cylinder For Caterpillar Small Excavator E313D Introduction Arm cylinder is a specially designed hydraulic cylinder used to provide linear motion and power to the arms of various types of machinery, such as excavators, cranes, and mechanical arms. It plays a critical role in hydraulic systems, allowing additional tools or attachments to move and be [&hellip;]<\/p>","protected":false},"featured_media":14770,"comment_status":"open","ping_status":"closed","template":"","meta":{"_et_pb_use_builder":"","_et_pb_old_content":"","_et_gb_content_width":""},"product_brand":[],"product_cat":[1497],"product_tag":[1498,1496],"class_list":{"0":"post-16149","1":"product","2":"type-product","3":"status-publish","4":"has-post-thumbnail","6":"product_cat-arm-cylinders","7":"product_tag-arm-cylinders","8":"product_tag-hydraulic-cylinders","10":"first","11":"instock","12":"shipping-taxable","13":"product-type-simple"},"amp_enabled":true,"_links":{"self":[{"href":"https:\/\/www.hydraulic-cylinders.net\/pt\/wp-json\/wp\/v2\/product\/16149","targetHints":{"allow":["GET"]}}],"collection":[{"href":"https:\/\/www.hydraulic-cylinders.net\/pt\/wp-json\/wp\/v2\/product"}],"about":[{"href":"https:\/\/www.hydraulic-cylinders.net\/pt\/wp-json\/wp\/v2\/types\/product"}],"replies":[{"embeddable":true,"href":"https:\/\/www.hydraulic-cylinders.net\/pt\/wp-json\/wp\/v2\/comments?post=16149"}],"wp:featuredmedia":[{"embeddable":true,"href":"https:\/\/www.hydraulic-cylinders.net\/pt\/wp-json\/wp\/v2\/media\/14770"}],"wp:attachment":[{"href":"https:\/\/www.hydraulic-cylinders.net\/pt\/wp-json\/wp\/v2\/media?parent=16149"}],"wp:term":[{"taxonomy":"product_brand","embeddable":true,"href":"https:\/\/www.hydraulic-cylinders.net\/pt\/wp-json\/wp\/v2\/product_brand?post=16149"},{"taxonomy":"product_cat","embeddable":true,"href":"https:\/\/www.hydraulic-cylinders.net\/pt\/wp-json\/wp\/v2\/product_cat?post=16149"},{"taxonomy":"product_tag","embeddable":true,"href":"https:\/\/www.hydraulic-cylinders.net\/pt\/wp-json\/wp\/v2\/product_tag?post=16149"}],"curies":[{"name":"wp","href":"https:\/\/api.w.org\/{rel}","templated":true}]}}