{"id":1623,"date":"2023-10-08T08:41:38","date_gmt":"2023-10-08T08:41:38","guid":{"rendered":"https:\/\/hydraulic-cylinders.net\/?post_type=product&#038;p=1623"},"modified":"2025-04-11T02:55:33","modified_gmt":"2025-04-11T02:55:33","slug":"press-return-cylinder","status":"publish","type":"product","link":"https:\/\/www.hydraulic-cylinders.net\/pt\/produto\/press-return-cylinder\/","title":{"rendered":"Cilindro de retorno de press\u00e3o"},"content":{"rendered":"<h1 style=\"text-align: center;\"><strong>Cilindro de retorno de press\u00e3o<\/strong><\/h1>\n<p><img loading=\"lazy\" decoding=\"async\" class=\"aligncenter wp-image-1624\" src=\"https:\/\/hydraulic-cylinders.net\/wp-content\/uploads\/2023\/10\/return-cylinder-1-300x300.webp\" alt=\"\" width=\"400\" height=\"400\" \/><\/p>\n<p>O cilindro de retorno da prensa \u00e9 um componente vital para otimizar as opera\u00e7\u00f5es de prensagem em diversos setores industriais. Com seus recursos avan\u00e7ados e desempenho confi\u00e1vel, este cilindro oferece maior efici\u00eancia, precis\u00e3o e seguran\u00e7a.<\/p>\n<p>O cilindro de retorno da prensa \u00e9 essencial para aumentar a efici\u00eancia, a precis\u00e3o e a seguran\u00e7a nas opera\u00e7\u00f5es de prensagem. Com sua constru\u00e7\u00e3o robusta, posicionamento preciso, retorno eficiente e recursos de seguran\u00e7a integrados, este cilindro permite alcan\u00e7ar resultados superiores. Seguindo os m\u00e9todos de uso e as pr\u00e1ticas de manuten\u00e7\u00e3o recomendadas, voc\u00ea pode maximizar o desempenho, a produtividade e a vida \u00fatil de suas opera\u00e7\u00f5es de prensagem. Escolha o cilindro de retorno da prensa para otimizar processos cr\u00edticos e elevar a excel\u00eancia operacional.<\/p>\n<p>Caracter\u00edsticas principais do cilindro de retorno da prensa:<\/p>\n<ol>\n<li>Constru\u00e7\u00e3o robusta:<\/li>\n<\/ol>\n<ul>\n<li>O cilindro de retorno da prensa \u00e9 constru\u00eddo com materiais de alta qualidade, garantindo durabilidade e longa vida \u00fatil.<\/li>\n<li>Seu design robusto suporta cargas pesadas e condi\u00e7\u00f5es operacionais severas, proporcionando desempenho confi\u00e1vel em ambientes industriais exigentes.<\/li>\n<\/ul>\n<ol start=\"2\">\n<li>Posicionamento preciso:<\/li>\n<\/ol>\n<ul>\n<li>Este cilindro oferece controle preciso de posicionamento, permitindo o alinhamento exato do mecanismo de retorno da prensa.<\/li>\n<li>Sua precis\u00e3o excepcional garante um posicionamento consistente e confi\u00e1vel, minimizando o risco de erros ou desalinhamentos.<\/li>\n<\/ul>\n<ol start=\"3\">\n<li>Retorno eficiente:<\/li>\n<\/ol>\n<ul>\n<li>O cilindro de retorno da prensa permite o retorno r\u00e1pido e eficiente do mecanismo da prensa \u00e0 sua posi\u00e7\u00e3o inicial.<\/li>\n<li>Seu potente sistema hidr\u00e1ulico facilita a movimenta\u00e7\u00e3o r\u00e1pida, reduzindo o tempo ocioso e aumentando a produtividade geral.<\/li>\n<\/ul>\n<ol start=\"4\">\n<li>Recursos de seguran\u00e7a:<\/li>\n<\/ol>\n<ul>\n<li>Este cilindro incorpora recursos de seguran\u00e7a, como v\u00e1lvulas de al\u00edvio de press\u00e3o e mecanismos de parada de emerg\u00eancia.<\/li>\n<li>Esses recursos de seguran\u00e7a ajudam a proteger a impressora e o operador, prevenindo acidentes e minimizando o risco de danos.<\/li>\n<\/ul>\n<h2><strong>Par\u00e2metro do cilindro de retorno da prensa:<\/strong><\/h2>\n<table border=\"1\" cellspacing=\"0\" cellpadding=\"0\">\n<tbody>\n<tr>\n<td>Nome do produto<\/td>\n<td>Cilindro de retorno da prensa hidr\u00e1ulica<\/td>\n<\/tr>\n<tr>\n<td>Caracter\u00edsticas:<\/td>\n<td>Fornece for\u00e7a de retorno para o cilindro principal e o cilindro lateral, divididos em tipo \u00eambolo\/tipo pist\u00e3o.<\/td>\n<\/tr>\n<tr>\n<td>Di\u00e2metro do furo:<\/td>\n<td>180 mm a 410 mm<\/td>\n<\/tr>\n<tr>\n<td>Di\u00e2metro da haste:<\/td>\n<td>\u00a0120 mm a 360 mm<br \/>\nCurso \u2264 4500 mm<\/td>\n<\/tr>\n<tr>\n<td>For\u00e7a de empuxo:<\/td>\n<td>M\u00e1ximo 2612 kN<br \/>\n(Di\u00e2metro do furo: 410 mm \/ press\u00e3o: 31,5 MPa)<\/td>\n<\/tr>\n<tr>\n<td>Desentupidor:<\/td>\n<td>\u00a0140 mm a 360 mm<br \/>\nCurso \u2264 3000 mm<\/td>\n<\/tr>\n<tr>\n<td>For\u00e7a de impulso do \u00eambolo:<\/td>\n<td>M\u00e1ximo 3206 kN<br \/>\n(\u00cambolo 360mm\/press\u00e3o 31,5MPa)<\/td>\n<\/tr>\n<tr>\n<td>Aplica\u00e7\u00f5es do cilindro de retorno da prensa hidr\u00e1ulica:<\/td>\n<td>Prensa hidr\u00e1ulica<\/td>\n<\/tr>\n<\/tbody>\n<\/table>\n<div class=\"txtboxL\">\n<div><\/div>\n<div class=\"txtboxL\">Caracter\u00edsticas:<\/div>\n<div class=\"txtboxR\">Fornece for\u00e7a de retorno para o cilindro principal e o cilindro lateral, divididos em tipo \u00eambolo\/tipo pist\u00e3o.<\/div>\n<div class=\"txtboxL\">Especifica\u00e7\u00e3o:<br \/>\nPist\u00e3o<\/div>\n<div class=\"txtboxR\">Di\u00e2metro do furo: 180 mm a 410 mm<br \/>\nDi\u00e2metro da haste: 120 mm a 360 mm<br \/>\nCurso \u2264 4500 mm<\/div>\n<div class=\"txtboxL\">For\u00e7a de empuxo:<\/div>\n<div class=\"txtboxR\">M\u00e1ximo 2612 kN<br \/>\n(Di\u00e2metro do furo: 410 mm \/ press\u00e3o: 31,5 MPa)<\/div>\n<div class=\"txtboxL\">Especifica\u00e7\u00e3o:<br \/>\nDesentupidor<\/div>\n<div class=\"txtboxR\">\u00cambolo: 140 mm a 360 mm<br \/>\nCurso \u2264 3000 mm<\/div>\n<div class=\"txtboxL\">For\u00e7a de empuxo:<\/div>\n<div class=\"txtboxR\">M\u00e1ximo 3206 kN<br \/>\n(\u00cambolo 360mm\/press\u00e3o 31,5MPa)<\/div>\n<\/div>\n<h2><strong>F\u00e1brica de Cilindros de Prensa:<\/strong><\/h2>\n<p><img loading=\"lazy\" decoding=\"async\" class=\"alignnone wp-image-1619 size-full\" src=\"https:\/\/hydraulic-cylinders.net\/wp-content\/uploads\/2023\/10\/press-cylinder.webp\" alt=\"\" width=\"1418\" height=\"946\" srcset=\"https:\/\/hydraulic-cylinders.net\/wp-content\/uploads\/2023\/10\/press-cylinder.webp 1418w, https:\/\/hydraulic-cylinders.net\/wp-content\/uploads\/2023\/10\/press-cylinder-1280x854.webp 1280w, https:\/\/hydraulic-cylinders.net\/wp-content\/uploads\/2023\/10\/press-cylinder-980x654.webp 980w, https:\/\/hydraulic-cylinders.net\/wp-content\/uploads\/2023\/10\/press-cylinder-480x320.webp 480w\" sizes=\"(min-width: 0px) and (max-width: 480px) 480px, (min-width: 481px) and (max-width: 980px) 980px, (min-width: 981px) and (max-width: 1280px) 1280px, (min-width: 1281px) 1418px, 100vw\" \/><\/p>\n<h2><strong>M\u00e9todo de utiliza\u00e7\u00e3o do cilindro de retorno da prensa<\/strong><strong>:<\/strong><\/h2>\n<ol>\n<li><strong>Instala\u00e7\u00e3o e Integra\u00e7\u00e3o:<\/strong><\/li>\n<\/ol>\n<ul>\n<li>Monte o cilindro de retorno da prensa firmemente na estrutura da prensa ou na \u00e1rea de montagem designada.<\/li>\n<li>Garanta o alinhamento e a conex\u00e3o adequados, seguindo as orienta\u00e7\u00f5es e recomenda\u00e7\u00f5es do fabricante.<\/li>\n<\/ul>\n<ol start=\"2\">\n<li><strong>Conex\u00f5es hidr\u00e1ulicas:<\/strong><\/li>\n<\/ol>\n<ul>\n<li>Conecte o cilindro de retorno da prensa \u00e0 unidade hidr\u00e1ulica utilizando mangueiras e conex\u00f5es hidr\u00e1ulicas apropriadas.<\/li>\n<li>Verifique se as conex\u00f5es hidr\u00e1ulicas est\u00e3o seguras e sem vazamentos para garantir uma transfer\u00eancia eficiente de fluidos e uma opera\u00e7\u00e3o segura.<\/li>\n<\/ul>\n<ol start=\"3\">\n<li><strong>Ajuste de posicionamento:<\/strong><\/li>\n<\/ol>\n<ul>\n<li>Ajuste o posicionamento do cilindro de retorno da prensa de acordo com os requisitos espec\u00edficos da sua aplica\u00e7\u00e3o de prensagem.<\/li>\n<li>Siga as instru\u00e7\u00f5es do fabricante para definir as posi\u00e7\u00f5es inicial e de retorno desejadas para obter o melhor desempenho.<\/li>\n<\/ul>\n<ol start=\"4\">\n<li><strong>Controles Operacionais:<\/strong><\/li>\n<\/ol>\n<ul>\n<li>Familiarize-se com os controles operacionais fornecidos pelo cilindro de retorno da prensa.<\/li>\n<li>Entenda como iniciar o movimento de retorno e recursos adicionais, como controle de velocidade ou fun\u00e7\u00f5es de parada de emerg\u00eancia.<\/li>\n<\/ul>\n<h2><strong>Qual lei da hidr\u00e1ulica \u00e9 utilizada pelo sistema de freios?<\/strong><\/h2>\n<p>O sistema de freios em ve\u00edculos normalmente utiliza a lei de Pascal da hidr\u00e1ulica. A lei de Pascal afirma que, quando se aplica press\u00e3o a um fluido confinado, essa press\u00e3o \u00e9 transmitida igualmente em todas as dire\u00e7\u00f5es. No contexto de um sistema de freio hidr\u00e1ulico, esse princ\u00edpio permite a transmiss\u00e3o da for\u00e7a do pedal de freio para os pr\u00f3prios freios.<\/p>\n<p>Segue uma explica\u00e7\u00e3o simplificada de como o sistema de freios utiliza a lei de Pascal:<\/p>\n<ol>\n<li><strong>Aplica\u00e7\u00e3o do pedal de freio:<\/strong>\n<ul>\n<li>Quando o motorista pressiona o pedal do freio, uma for\u00e7a mec\u00e2nica \u00e9 aplicada ao cilindro mestre.<\/li>\n<\/ul>\n<\/li>\n<li><strong>Cilindro mestre:<\/strong>\n<ul>\n<li>O cilindro mestre cont\u00e9m um pist\u00e3o que se move em resposta \u00e0 for\u00e7a aplicada pelo pedal do freio.<\/li>\n<li>Conforme o pist\u00e3o se move, ele exerce press\u00e3o sobre o fluido de freio contido no cilindro mestre.<\/li>\n<\/ul>\n<\/li>\n<li><strong>Transmiss\u00e3o de press\u00e3o:<\/strong>\n<ul>\n<li>A lei de Pascal entra em a\u00e7\u00e3o neste ponto.<\/li>\n<li>A press\u00e3o criada pelo movimento do pist\u00e3o \u00e9 transmitida igualmente por todo o fluido de freio em todas as dire\u00e7\u00f5es.<\/li>\n<\/ul>\n<\/li>\n<li><strong>Linhas hidr\u00e1ulicas:<\/strong>\n<ul>\n<li>O fluido de freio, sob press\u00e3o, flui atrav\u00e9s de tubula\u00e7\u00f5es hidr\u00e1ulicas ou tubos de freio.<\/li>\n<li>Essas linhas conectam o cilindro mestre \u00e0s pin\u00e7as de freio ou aos cilindros de roda em cada roda.<\/li>\n<\/ul>\n<\/li>\n<li><strong>Pin\u00e7as de freio\/Cilindros de roda:<\/strong>\n<ul>\n<li>As pin\u00e7as de freio (nos freios a disco) ou os cilindros de roda (nos freios a tambor) recebem o fluido de freio pressurizado em cada roda.<\/li>\n<li>A press\u00e3o faz com que as pin\u00e7as ou cilindros exer\u00e7am for\u00e7a sobre as pastilhas ou sapatas de freio, que pressionam os discos ou tambores de freio.<\/li>\n<\/ul>\n<\/li>\n<li><strong>A\u00e7\u00e3o de fric\u00e7\u00e3o e frenagem:<\/strong>\n<ul>\n<li>O atrito entre as pastilhas e os discos de freio (ou sapatas e tambores) diminui a velocidade ou para as rodas do ve\u00edculo.<\/li>\n<\/ul>\n<\/li>\n<\/ol>\n<h2><strong>Aptid\u00e3o e capacidade da f\u00e1brica:<\/strong><\/h2>\n<h3>(1) Montagem<\/h3>\n<p>Temos uma plataforma de montagem de pesquisa e desenvolvimento independente de primeira classe. A oficina de produ\u00e7\u00e3o de cilindros hidr\u00e1ulicos tem quatro linhas de montagem semiautom\u00e1ticas de cilindros de eleva\u00e7\u00e3o e uma linha de montagem autom\u00e1tica de cilindros de inclina\u00e7\u00e3o, com uma capacidade de produ\u00e7\u00e3o anual projetada de 1 milh\u00e3o de pe\u00e7as. A oficina de cilindros especiais \u00e9 equipada com v\u00e1rias especifica\u00e7\u00f5es de um sistema de montagem de limpeza semiautom\u00e1tica com uma capacidade de produ\u00e7\u00e3o anual projetada de 200.000 pe\u00e7as e equipada com famosos equipamentos de usinagem CNC, um centro de usinagem, um equipamento especial de processamento de cilindros de alta precis\u00e3o, uma m\u00e1quina de solda robotizada, uma m\u00e1quina de limpeza autom\u00e1tica, uma m\u00e1quina de montagem autom\u00e1tica de cilindros e uma linha de produ\u00e7\u00e3o de pintura autom\u00e1tica. O equipamento cr\u00edtico existente \u00e9 de mais de 300 conjuntos (conjuntos). A aloca\u00e7\u00e3o ideal e o uso eficiente dos recursos do equipamento garantem os requisitos de precis\u00e3o dos produtos e atendem \u00e0s necessidades de alta qualidade dos produtos.<\/p>\n<p><img loading=\"lazy\" decoding=\"async\" class=\"alignnone wp-image-626\" src=\"https:\/\/hydraulic-cylinders.net\/wp-content\/uploads\/2023\/08\/hydraulic-cylinder-product-1-300x158.webp\" alt=\"\" width=\"495\" height=\"260\" srcset=\"https:\/\/hydraulic-cylinders.net\/wp-content\/uploads\/2023\/08\/hydraulic-cylinder-product-1-300x158.webp 495w, https:\/\/hydraulic-cylinders.net\/wp-content\/uploads\/2023\/08\/hydraulic-cylinder-product-1-480x252.webp 480w\" sizes=\"(min-width: 0px) and (max-width: 480px) 480px, (min-width: 481px) 495px, 100vw\" \/> <img loading=\"lazy\" decoding=\"async\" class=\"alignnone wp-image-627\" src=\"https:\/\/hydraulic-cylinders.net\/wp-content\/uploads\/2023\/08\/hydraulic-cylinder-product-2-300x189.webp\" alt=\"\" width=\"413\" height=\"260\" \/><\/p>\n<h3>(2) Usinagem<\/h3>\n<p>A oficina de usinagem \u00e9 equipada com um centro de torneamento de trilho inclinado personalizado, um centro de usinagem, uma m\u00e1quina de brunimento de alta velocidade, um rob\u00f4 de soldagem e outros equipamentos relacionados, que podem lidar com o processamento de tubos de cilindros com di\u00e2metro interno m\u00e1ximo de 400 mm e comprimento m\u00e1ximo de 6 metros.<\/p>\n<p><img loading=\"lazy\" decoding=\"async\" class=\"alignnone wp-image-628 size-large\" src=\"https:\/\/hydraulic-cylinders.net\/wp-content\/uploads\/2023\/08\/hydraulic-cylinder-product-3-1024x391.webp\" alt=\"\" width=\"1024\" height=\"391\" srcset=\"https:\/\/hydraulic-cylinders.net\/wp-content\/uploads\/2023\/08\/hydraulic-cylinder-product-3-980x374.webp 980w, https:\/\/hydraulic-cylinders.net\/wp-content\/uploads\/2023\/08\/hydraulic-cylinder-product-3-480x183.webp 480w\" sizes=\"(min-width: 0px) and (max-width: 480px) 480px, (min-width: 481px) and (max-width: 980px) 980px, (min-width: 981px) 1024px, 100vw\" \/><\/p>\n<h3>(3) Soldagem<\/h3>\n<p><img loading=\"lazy\" decoding=\"async\" class=\"alignnone wp-image-629 size-large\" src=\"https:\/\/hydraulic-cylinders.net\/wp-content\/uploads\/2023\/08\/hydraulic-cylinder-product-4-1024x510.webp\" alt=\"\" width=\"1024\" height=\"510\" srcset=\"https:\/\/hydraulic-cylinders.net\/wp-content\/uploads\/2023\/08\/hydraulic-cylinder-product-4-980x488.webp 980w, https:\/\/hydraulic-cylinders.net\/wp-content\/uploads\/2023\/08\/hydraulic-cylinder-product-4-480x239.webp 480w\" sizes=\"(min-width: 0px) and (max-width: 480px) 480px, (min-width: 481px) and (max-width: 980px) 980px, (min-width: 981px) 1024px, 100vw\" \/><\/p>\n<h3>(4) Pintura e revestimento<\/h3>\n<p>Com linhas de revestimento de tinta \u00e0 base de \u00e1gua autom\u00e1ticas de cilindros de pequeno e m\u00e9dio porte, para obter carregamento e descarregamento autom\u00e1ticos de rob\u00f4s e pulveriza\u00e7\u00e3o autom\u00e1tica, a capacidade projetada \u00e9 de 4.000 pe\u00e7as por turno;<br \/>\nTamb\u00e9m temos uma linha de produ\u00e7\u00e3o de tinta semiautom\u00e1tica para cilindros grandes, acionada por uma corrente el\u00e9trica, com capacidade de projeto de 60 caixas por turno.<\/p>\n<p><img loading=\"lazy\" decoding=\"async\" class=\"alignnone wp-image-630\" src=\"https:\/\/hydraulic-cylinders.net\/wp-content\/uploads\/2023\/08\/hydraulic-cylinder-product-5-300x213.webp\" alt=\"\" width=\"366\" height=\"260\" \/> <img loading=\"lazy\" decoding=\"async\" class=\"alignnone wp-image-631\" src=\"https:\/\/hydraulic-cylinders.net\/wp-content\/uploads\/2023\/08\/hydraulic-cylinder-product-6-300x225.webp\" alt=\"\" width=\"347\" height=\"260\" \/><\/p>\n<h3>(5) Testes<\/h3>\n<p>Temos instala\u00e7\u00f5es de inspe\u00e7\u00e3o e bancos de teste de primeira classe para garantir que o desempenho do cilindro atenda aos requisitos.<\/p>\n<p><img loading=\"lazy\" decoding=\"async\" class=\"alignnone wp-image-632\" src=\"https:\/\/hydraulic-cylinders.net\/wp-content\/uploads\/2023\/08\/hydraulic-cylinder-product-8-300x200.webp\" alt=\"\" width=\"389\" height=\"260\" \/><\/p>\n<p>&nbsp;<\/p>\n<p>&nbsp;<\/p>\n<p>Somos um dos melhores fabricantes de cilindros hidr\u00e1ulicos. Oferecemos cilindros hidr\u00e1ulicos completos. Tamb\u00e9m fornecemos os correspondentes <a href=\"https:\/\/hzpt.com\/agricultural-pto-gearbox\/\" target=\"_blank\" rel=\"noopener\">caixas de c\u00e2mbio agr\u00edcolas<\/a>. Exportamos nossos produtos para clientes em todo o mundo e conquistamos uma boa reputa\u00e7\u00e3o devido \u00e0 qualidade superior de nossos produtos e ao servi\u00e7o p\u00f3s-venda. Convidamos clientes nacionais e estrangeiros a entrar em contato conosco para negociar neg\u00f3cios, trocar informa\u00e7\u00f5es e <a href=\"https:\/\/www.hydraulic-cylinders.net\/pt\/contact-us\/\">cooperar conosco<\/a>!<\/p>","protected":false},"excerpt":{"rendered":"<p>Press Return Cylinder The press return cylinder is a vital component in optimizing pressing operations in various industries. With its advanced features and reliable performance, this cylinder offers enhanced efficiency, accuracy, and safety. The press return cylinder is valuable for enhancing efficiency, accuracy, and safety in pressing operations. With its robust construction, precise positioning, efficient [&hellip;]<\/p>","protected":false},"featured_media":1625,"comment_status":"open","ping_status":"closed","template":"","meta":{"_et_pb_use_builder":"","_et_pb_old_content":"","_et_gb_content_width":""},"product_brand":[],"product_cat":[1522,1549,1376],"product_tag":[1380],"class_list":{"0":"post-1623","1":"product","2":"type-product","3":"status-publish","4":"has-post-thumbnail","6":"product_cat-press-hydraulic-cylinders","7":"product_cat-single-acting-hydraulic-cylinder","8":"product_cat-hydraulic-cylinder","9":"product_tag-hydraulic-cylinder","11":"first","12":"instock","13":"shipping-taxable","14":"product-type-simple"},"amp_enabled":true,"_links":{"self":[{"href":"https:\/\/www.hydraulic-cylinders.net\/pt\/wp-json\/wp\/v2\/product\/1623","targetHints":{"allow":["GET"]}}],"collection":[{"href":"https:\/\/www.hydraulic-cylinders.net\/pt\/wp-json\/wp\/v2\/product"}],"about":[{"href":"https:\/\/www.hydraulic-cylinders.net\/pt\/wp-json\/wp\/v2\/types\/product"}],"replies":[{"embeddable":true,"href":"https:\/\/www.hydraulic-cylinders.net\/pt\/wp-json\/wp\/v2\/comments?post=1623"}],"wp:featuredmedia":[{"embeddable":true,"href":"https:\/\/www.hydraulic-cylinders.net\/pt\/wp-json\/wp\/v2\/media\/1625"}],"wp:attachment":[{"href":"https:\/\/www.hydraulic-cylinders.net\/pt\/wp-json\/wp\/v2\/media?parent=1623"}],"wp:term":[{"taxonomy":"product_brand","embeddable":true,"href":"https:\/\/www.hydraulic-cylinders.net\/pt\/wp-json\/wp\/v2\/product_brand?post=1623"},{"taxonomy":"product_cat","embeddable":true,"href":"https:\/\/www.hydraulic-cylinders.net\/pt\/wp-json\/wp\/v2\/product_cat?post=1623"},{"taxonomy":"product_tag","embeddable":true,"href":"https:\/\/www.hydraulic-cylinders.net\/pt\/wp-json\/wp\/v2\/product_tag?post=1623"}],"curies":[{"name":"wp","href":"https:\/\/api.w.org\/{rel}","templated":true}]}}