{"id":1626,"date":"2023-10-08T08:46:25","date_gmt":"2023-10-08T08:46:25","guid":{"rendered":"https:\/\/hydraulic-cylinders.net\/?post_type=product&#038;p=1626"},"modified":"2025-04-11T03:46:32","modified_gmt":"2025-04-11T03:46:32","slug":"press-lateral-shift-anvil-cylinder","status":"publish","type":"product","link":"https:\/\/www.hydraulic-cylinders.net\/pt\/produto\/press-lateral-shift-anvil-cylinder\/","title":{"rendered":"Cilindro de bigorna de deslocamento lateral de press\u00e3o"},"content":{"rendered":"<h1 style=\"text-align: center;\"><strong>Cilindro de bigorna de deslocamento lateral de press\u00e3o<\/strong><\/h1>\n<p><img loading=\"lazy\" decoding=\"async\" class=\"aligncenter wp-image-1627\" src=\"https:\/\/hydraulic-cylinders.net\/wp-content\/uploads\/2023\/10\/lateral-shift-anvil-cylinder-300x300.webp\" alt=\"\" width=\"400\" height=\"400\" \/><\/p>\n<p>O cilindro de bigorna de deslocamento lateral para prensa \u00e9 um componente de \u00faltima gera\u00e7\u00e3o projetado para otimizar opera\u00e7\u00f5es de prensagem em diversos setores. Com seus recursos avan\u00e7ados e desempenho confi\u00e1vel, este cilindro oferece maior precis\u00e3o, efici\u00eancia e versatilidade.<\/p>\n<p>O cilindro de deslocamento lateral da bigorna para prensa \u00e9 uma ferramenta poderosa para aumentar a precis\u00e3o, a efici\u00eancia e a versatilidade nas opera\u00e7\u00f5es de prensagem. Com sua capacidade de deslocamento lateral, alta precis\u00e3o, rapidez de processamento e compatibilidade com diversas aplica\u00e7\u00f5es, este cilindro permite que voc\u00ea alcance resultados superiores. Seguindo os m\u00e9todos de uso e as pr\u00e1ticas de manuten\u00e7\u00e3o recomendados, voc\u00ea pode maximizar o desempenho, a produtividade e a vida \u00fatil das suas opera\u00e7\u00f5es de prensagem. Escolha o cilindro de deslocamento lateral da bigorna para prensa para otimizar seus processos de prensagem e alcan\u00e7ar novos n\u00edveis de precis\u00e3o e efici\u00eancia.<\/p>\n<p>Caracter\u00edsticas da chave do cilindro de bigorna de deslocamento lateral:<\/p>\n<ol>\n<li>Capacidade de deslocamento lateral:<\/li>\n<\/ol>\n<ul>\n<li>O cilindro de bigorna com deslocamento lateral de prensa apresenta um mecanismo exclusivo de deslocamento lateral que permite o posicionamento preciso da bigorna.<\/li>\n<li>Essa capacidade de deslocamento lateral permite alinhamento preciso com o material de prensagem, garantindo resultados ideais e reduzindo o tempo de configura\u00e7\u00e3o.<\/li>\n<\/ul>\n<ol start=\"2\">\n<li>Alta precis\u00e3o:<\/li>\n<\/ol>\n<ul>\n<li>Este cilindro proporciona precis\u00e3o excepcional no deslocamento lateral, permitindo ajustes finos na posi\u00e7\u00e3o da bigorna.<\/li>\n<li>Com sua alta precis\u00e3o, garante alinhamento consistente e exato, resultando em qualidade de prensagem superior.<\/li>\n<\/ul>\n<ol start=\"3\">\n<li>Opera\u00e7\u00e3o r\u00e1pida e eficiente:<\/li>\n<\/ol>\n<ul>\n<li>O cilindro de bigorna de deslocamento lateral da prensa foi projetado para opera\u00e7\u00e3o r\u00e1pida e eficiente, maximizando a produtividade.<\/li>\n<li>Seu sistema hidr\u00e1ulico avan\u00e7ado permite mudan\u00e7as laterais r\u00e1pidas, reduzindo os tempos de ciclo e aumentando a produ\u00e7\u00e3o geral.<\/li>\n<\/ul>\n<ol start=\"4\">\n<li>Versatilidade:<\/li>\n<\/ol>\n<ul>\n<li>Este cilindro \u00e9 compat\u00edvel com uma ampla gama de aplica\u00e7\u00f5es de prensagem, acomodando v\u00e1rios materiais e formatos.<\/li>\n<li>N\u00e3o importa se voc\u00ea trabalha com chapas met\u00e1licas, pl\u00e1sticos ou outros materiais, o cilindro de bigorna com deslocamento lateral da prensa oferece versatilidade para atender \u00e0s suas necessidades de prensagem.<\/li>\n<\/ul>\n<h2><strong>Par\u00e2metro do cilindro de bigorna de deslocamento lateral:<\/strong><\/h2>\n<table border=\"1\" cellspacing=\"0\" cellpadding=\"0\">\n<tbody>\n<tr>\n<td>Nome do produto<\/td>\n<td>Cilindro de bigorna de deslocamento lateral de prensa hidr\u00e1ulica<\/td>\n<\/tr>\n<tr>\n<td>Caracter\u00edsticas:<\/td>\n<td>Mova a bigorna lateralmente<\/td>\n<\/tr>\n<tr>\n<td>Di\u00e2metro do furo:<\/td>\n<td>125 mm \uff5e 250 mm<\/td>\n<\/tr>\n<tr>\n<td>Di\u00e2metro da haste:<\/td>\n<td>90 mm \uff5e 180 mm<br \/>\nCurso \u22645500mm<\/td>\n<\/tr>\n<tr>\n<td>For\u00e7a de empuxo:<\/td>\n<td>M\u00e1ximo 1546KN<br \/>\n(Di\u00e2metro do furo: 250 mm\/press\u00e3o 31,5 MPa)<\/td>\n<\/tr>\n<tr>\n<td>Aplica\u00e7\u00f5es do cilindro de bigorna de deslocamento lateral:<\/td>\n<td>Prensa hidr\u00e1ulica<\/td>\n<\/tr>\n<\/tbody>\n<\/table>\n<div><\/div>\n<div class=\"txtboxL\">\n<div class=\"txtboxL\">\n<div class=\"txtboxL\">Caracter\u00edsticas:<\/div>\n<div class=\"txtboxR\">Mova a bigorna lateralmente<\/div>\n<div class=\"txtboxL\">Especifica\u00e7\u00e3o:<\/div>\n<div class=\"txtboxR\">Di\u00e2metro do furo: 125 mm \uff5e 250 mm<br \/>\nDi\u00e2metro da haste: 90 mm \uff5e 180 mm<br \/>\nCurso \u22645500mm<\/div>\n<div class=\"txtboxL\">For\u00e7a de empuxo:<\/div>\n<div class=\"txtboxR\">M\u00e1ximo 1546KN<br \/>\n(Di\u00e2metro do furo: 250 mm\/press\u00e3o 31,5 MPa)<\/div>\n<\/div>\n<\/div>\n<h2><strong>F\u00e1brica de Cilindros de Prensa:<\/strong><\/h2>\n<p><img loading=\"lazy\" decoding=\"async\" class=\"alignnone wp-image-1619 size-full\" src=\"https:\/\/hydraulic-cylinders.net\/wp-content\/uploads\/2023\/10\/press-cylinder.webp\" alt=\"\" width=\"1418\" height=\"946\" srcset=\"https:\/\/hydraulic-cylinders.net\/wp-content\/uploads\/2023\/10\/press-cylinder.webp 1418w, https:\/\/hydraulic-cylinders.net\/wp-content\/uploads\/2023\/10\/press-cylinder-1280x854.webp 1280w, https:\/\/hydraulic-cylinders.net\/wp-content\/uploads\/2023\/10\/press-cylinder-980x654.webp 980w, https:\/\/hydraulic-cylinders.net\/wp-content\/uploads\/2023\/10\/press-cylinder-480x320.webp 480w\" sizes=\"(min-width: 0px) and (max-width: 480px) 480px, (min-width: 481px) and (max-width: 980px) 980px, (min-width: 981px) and (max-width: 1280px) 1280px, (min-width: 1281px) 1418px, 100vw\" \/><\/p>\n<h2><strong>M\u00e9todo de uso do cilindro de bigorna de deslocamento lateral de prensa<\/strong><strong>:<\/strong><\/h2>\n<ol>\n<li><strong>Instala\u00e7\u00e3o e Integra\u00e7\u00e3o:<\/strong><\/li>\n<\/ol>\n<ul>\n<li>Monte o cilindro de bigorna de deslocamento lateral da prensa com seguran\u00e7a na estrutura da prensa ou na \u00e1rea de montagem designada.<\/li>\n<li>Garanta o alinhamento e a conex\u00e3o adequados, seguindo as orienta\u00e7\u00f5es e recomenda\u00e7\u00f5es do fabricante.<\/li>\n<\/ul>\n<ol start=\"2\">\n<li><strong>Conex\u00f5es hidr\u00e1ulicas:<\/strong><\/li>\n<\/ol>\n<ul>\n<li>Conecte o cilindro de bigorna de deslocamento lateral da prensa \u00e0 unidade de energia hidr\u00e1ulica usando mangueiras e conex\u00f5es apropriadas.<\/li>\n<li>Verifique se as conex\u00f5es hidr\u00e1ulicas est\u00e3o seguras e sem vazamentos para garantir uma transfer\u00eancia eficiente de fluidos e uma opera\u00e7\u00e3o segura.<\/li>\n<\/ul>\n<ol start=\"3\">\n<li><strong>Ajuste de posicionamento:<\/strong><\/li>\n<\/ol>\n<ul>\n<li>Ajuste a posi\u00e7\u00e3o de deslocamento lateral da bigorna de acordo com os requisitos espec\u00edficos da sua aplica\u00e7\u00e3o de prensagem.<\/li>\n<li>Utilize o mecanismo de deslocamento lateral para obter alinhamento preciso com o material de prensagem.<\/li>\n<\/ul>\n<ol start=\"4\">\n<li><strong>Controles Operacionais:<\/strong><\/li>\n<\/ol>\n<ul>\n<li>Familiarize-se com os controles operacionais fornecidos pelo Cilindro de bigorna de deslocamento lateral da prensa.<\/li>\n<li>Entenda como iniciar o movimento de mudan\u00e7a lateral e quaisquer recursos adicionais, como controle de velocidade ou mecanismos de travamento de posi\u00e7\u00e3o.<\/li>\n<\/ul>\n<h2><strong>Como liberar press\u00e3o no sistema hidr\u00e1ulico?<\/strong><\/h2>\n<p>A libera\u00e7\u00e3o da press\u00e3o de um sistema hidr\u00e1ulico \u00e9 uma etapa crucial para garantir a seguran\u00e7a e realizar manuten\u00e7\u00f5es ou reparos. Aqui est\u00e1 um guia passo a passo sobre como liberar a press\u00e3o em um sistema hidr\u00e1ulico:<\/p>\n<ol>\n<li><strong>Identifique a fonte de energia:<\/strong>\n<ul>\n<li>Determine a fonte de energia que fornece press\u00e3o ao sistema hidr\u00e1ulico. Pode ser um motor el\u00e9trico, uma bomba acionada por motor ou qualquer outra fonte de energia.<\/li>\n<\/ul>\n<\/li>\n<li><strong>Desligue a fonte de alimenta\u00e7\u00e3o:<\/strong>\n<ul>\n<li>Desligue ou desligue a fonte de energia que est\u00e1 gerando press\u00e3o para o sistema hidr\u00e1ulico.<\/li>\n<li>Se for um motor el\u00e9trico, desligue a fonte de alimenta\u00e7\u00e3o ou desconecte-o.<\/li>\n<li>Para uma bomba acionada por motor, desligue o motor.<\/li>\n<\/ul>\n<\/li>\n<li><strong>Acione a parada de emerg\u00eancia:<\/strong>\n<ul>\n<li>Se o seu sistema hidr\u00e1ulico tiver um bot\u00e3o ou alavanca de parada de emerg\u00eancia, acione-o para interromper qualquer gera\u00e7\u00e3o adicional de press\u00e3o hidr\u00e1ulica.<\/li>\n<\/ul>\n<\/li>\n<li><strong>D\u00ea tempo para aliviar a press\u00e3o:<\/strong>\n<ul>\n<li>Ap\u00f3s desligar a fonte de energia e acionar a parada de emerg\u00eancia, aguarde tempo suficiente para que a press\u00e3o se dissipe.<\/li>\n<li>O tempo necess\u00e1rio para a libera\u00e7\u00e3o da press\u00e3o depender\u00e1 do tamanho e da complexidade do sistema hidr\u00e1ulico. Pode levar alguns minutos ou mais para que a press\u00e3o seja totalmente liberada.<\/li>\n<\/ul>\n<\/li>\n<li><strong>Verifique a libera\u00e7\u00e3o de press\u00e3o:<\/strong>\n<ul>\n<li>Para garantir que a press\u00e3o foi liberada, verifique os man\u00f4metros ou indicadores no sistema hidr\u00e1ulico, se dispon\u00edveis.<\/li>\n<li>Se a leitura da press\u00e3o for zero ou pr\u00f3xima de zero, isso indica que a press\u00e3o foi liberada com sucesso.<\/li>\n<\/ul>\n<\/li>\n<li><strong>Alivie a press\u00e3o residual:<\/strong>\n<ul>\n<li>Em alguns casos, mesmo ap\u00f3s desligar a fonte de energia, ainda pode haver press\u00e3o residual no sistema hidr\u00e1ulico.<\/li>\n<li>Para aliviar essa press\u00e3o residual, localize a v\u00e1lvula de al\u00edvio de press\u00e3o no sistema hidr\u00e1ulico.<\/li>\n<li>Abra lentamente a v\u00e1lvula de al\u00edvio de press\u00e3o usando as ferramentas apropriadas (por exemplo, uma chave inglesa) para liberar gradualmente qualquer press\u00e3o restante.<\/li>\n<li>Seja cauteloso e atento ao liberar a press\u00e3o residual para evitar movimentos bruscos ou respingos de fluido hidr\u00e1ulico.<\/li>\n<\/ul>\n<\/li>\n<li><strong>Verifique novamente a libera\u00e7\u00e3o de press\u00e3o:<\/strong>\n<ul>\n<li>Ap\u00f3s aliviar a press\u00e3o residual, verifique novamente se os indicadores de press\u00e3o mostram press\u00e3o zero ou pr\u00f3xima disso.<\/li>\n<li>Inspecione visualmente o sistema hidr\u00e1ulico para verificar se h\u00e1 sinais de movimento ou ac\u00famulo de press\u00e3o.<\/li>\n<\/ul>\n<\/li>\n<\/ol>\n<h2><strong>Aptid\u00e3o e capacidade da f\u00e1brica:<\/strong><\/h2>\n<h3>(1) Montagem<\/h3>\n<p>Temos uma plataforma de montagem de pesquisa e desenvolvimento independente de primeira classe. A oficina de produ\u00e7\u00e3o de cilindros hidr\u00e1ulicos tem quatro linhas de montagem semiautom\u00e1ticas de cilindros de eleva\u00e7\u00e3o e uma linha de montagem autom\u00e1tica de cilindros de inclina\u00e7\u00e3o, com uma capacidade de produ\u00e7\u00e3o anual projetada de 1 milh\u00e3o de pe\u00e7as. A oficina de cilindros especiais \u00e9 equipada com v\u00e1rias especifica\u00e7\u00f5es de um sistema de montagem de limpeza semiautom\u00e1tica com uma capacidade de produ\u00e7\u00e3o anual projetada de 200.000 pe\u00e7as e equipada com famosos equipamentos de usinagem CNC, um centro de usinagem, um equipamento especial de processamento de cilindros de alta precis\u00e3o, uma m\u00e1quina de solda robotizada, uma m\u00e1quina de limpeza autom\u00e1tica, uma m\u00e1quina de montagem autom\u00e1tica de cilindros e uma linha de produ\u00e7\u00e3o de pintura autom\u00e1tica. O equipamento cr\u00edtico existente \u00e9 de mais de 300 conjuntos (conjuntos). A aloca\u00e7\u00e3o ideal e o uso eficiente dos recursos do equipamento garantem os requisitos de precis\u00e3o dos produtos e atendem \u00e0s necessidades de alta qualidade dos produtos.<\/p>\n<p><img loading=\"lazy\" decoding=\"async\" class=\"alignnone wp-image-626\" src=\"https:\/\/hydraulic-cylinders.net\/wp-content\/uploads\/2023\/08\/hydraulic-cylinder-product-1-300x158.webp\" alt=\"\" width=\"495\" height=\"260\" srcset=\"https:\/\/hydraulic-cylinders.net\/wp-content\/uploads\/2023\/08\/hydraulic-cylinder-product-1-300x158.webp 495w, https:\/\/hydraulic-cylinders.net\/wp-content\/uploads\/2023\/08\/hydraulic-cylinder-product-1-480x252.webp 480w\" sizes=\"(min-width: 0px) and (max-width: 480px) 480px, (min-width: 481px) 495px, 100vw\" \/> <img loading=\"lazy\" decoding=\"async\" class=\"alignnone wp-image-627\" src=\"https:\/\/hydraulic-cylinders.net\/wp-content\/uploads\/2023\/08\/hydraulic-cylinder-product-2-300x189.webp\" alt=\"\" width=\"413\" height=\"260\" \/><\/p>\n<h3>(2) Usinagem<\/h3>\n<p>A oficina de usinagem \u00e9 equipada com um centro de torneamento de trilho inclinado personalizado, um centro de usinagem, uma m\u00e1quina de brunimento de alta velocidade, um rob\u00f4 de soldagem e outros equipamentos relacionados, que podem lidar com o processamento de tubos de cilindros com di\u00e2metro interno m\u00e1ximo de 400 mm e comprimento m\u00e1ximo de 6 metros.<\/p>\n<p><img loading=\"lazy\" decoding=\"async\" class=\"alignnone wp-image-628 size-large\" src=\"https:\/\/hydraulic-cylinders.net\/wp-content\/uploads\/2023\/08\/hydraulic-cylinder-product-3-1024x391.webp\" alt=\"\" width=\"1024\" height=\"391\" srcset=\"https:\/\/hydraulic-cylinders.net\/wp-content\/uploads\/2023\/08\/hydraulic-cylinder-product-3-980x374.webp 980w, https:\/\/hydraulic-cylinders.net\/wp-content\/uploads\/2023\/08\/hydraulic-cylinder-product-3-480x183.webp 480w\" sizes=\"(min-width: 0px) and (max-width: 480px) 480px, (min-width: 481px) and (max-width: 980px) 980px, (min-width: 981px) 1024px, 100vw\" \/><\/p>\n<h3>(3) Soldagem<\/h3>\n<p><img loading=\"lazy\" decoding=\"async\" class=\"alignnone wp-image-629 size-large\" src=\"https:\/\/hydraulic-cylinders.net\/wp-content\/uploads\/2023\/08\/hydraulic-cylinder-product-4-1024x510.webp\" alt=\"\" width=\"1024\" height=\"510\" srcset=\"https:\/\/hydraulic-cylinders.net\/wp-content\/uploads\/2023\/08\/hydraulic-cylinder-product-4-980x488.webp 980w, https:\/\/hydraulic-cylinders.net\/wp-content\/uploads\/2023\/08\/hydraulic-cylinder-product-4-480x239.webp 480w\" sizes=\"(min-width: 0px) and (max-width: 480px) 480px, (min-width: 481px) and (max-width: 980px) 980px, (min-width: 981px) 1024px, 100vw\" \/><\/p>\n<h3>(4) Pintura e revestimento<\/h3>\n<p>Com linhas de revestimento de tinta \u00e0 base de \u00e1gua autom\u00e1ticas de cilindros de pequeno e m\u00e9dio porte, para obter carregamento e descarregamento autom\u00e1ticos de rob\u00f4s e pulveriza\u00e7\u00e3o autom\u00e1tica, a capacidade projetada \u00e9 de 4.000 pe\u00e7as por turno;<br \/>\nTamb\u00e9m temos uma linha de produ\u00e7\u00e3o de tinta semiautom\u00e1tica para cilindros grandes, acionada por uma corrente el\u00e9trica, com capacidade de projeto de 60 caixas por turno.<\/p>\n<p><img loading=\"lazy\" decoding=\"async\" class=\"alignnone wp-image-630\" src=\"https:\/\/hydraulic-cylinders.net\/wp-content\/uploads\/2023\/08\/hydraulic-cylinder-product-5-300x213.webp\" alt=\"\" width=\"366\" height=\"260\" \/> <img loading=\"lazy\" decoding=\"async\" class=\"alignnone wp-image-631\" src=\"https:\/\/hydraulic-cylinders.net\/wp-content\/uploads\/2023\/08\/hydraulic-cylinder-product-6-300x225.webp\" alt=\"\" width=\"347\" height=\"260\" \/><\/p>\n<h3>(5) Testes<\/h3>\n<p>Temos instala\u00e7\u00f5es de inspe\u00e7\u00e3o e bancos de teste de primeira classe para garantir que o desempenho do cilindro atenda aos requisitos.<\/p>\n<p><img loading=\"lazy\" decoding=\"async\" class=\"alignnone wp-image-632\" src=\"https:\/\/hydraulic-cylinders.net\/wp-content\/uploads\/2023\/08\/hydraulic-cylinder-product-8-300x200.webp\" alt=\"\" width=\"389\" height=\"260\" \/><\/p>\n<p>&nbsp;<\/p>\n<p>&nbsp;<\/p>\n<p>Somos um dos melhores fabricantes de cilindros hidr\u00e1ulicos. Oferecemos cilindros hidr\u00e1ulicos completos. Tamb\u00e9m fornecemos os correspondentes <a href=\"https:\/\/hzpt.com\/agricultural-pto-gearbox\/\" target=\"_blank\" rel=\"noopener\">caixas de c\u00e2mbio agr\u00edcolas<\/a>. Exportamos nossos produtos para clientes em todo o mundo e conquistamos uma boa reputa\u00e7\u00e3o devido \u00e0 qualidade superior de nossos produtos e ao servi\u00e7o p\u00f3s-venda. Convidamos clientes nacionais e estrangeiros a entrar em contato conosco para negociar neg\u00f3cios, trocar informa\u00e7\u00f5es e <a href=\"https:\/\/www.hydraulic-cylinders.net\/pt\/contact-us\/\">cooperar conosco<\/a>!<\/p>","protected":false},"excerpt":{"rendered":"<p>Press Lateral Shift Anvil Cylinder The press lateral shift anvil cylinder is a cutting-edge component designed to optimize pressing operations in various industries. With its advanced features and reliable performance, this cylinder offers enhanced precision, efficiency, and versatility. The press lateral shift anvil cylinder is a powerful tool for enhancing precision, efficiency, and versatility in [&hellip;]<\/p>","protected":false},"featured_media":1628,"comment_status":"open","ping_status":"closed","template":"","meta":{"_et_pb_use_builder":"","_et_pb_old_content":"","_et_gb_content_width":""},"product_brand":[],"product_cat":[1550,1522,1376],"product_tag":[1380],"class_list":{"0":"post-1626","1":"product","2":"type-product","3":"status-publish","4":"has-post-thumbnail","6":"product_cat-double-acting-hydraulic-cylinder","7":"product_cat-press-hydraulic-cylinders","8":"product_cat-hydraulic-cylinder","9":"product_tag-hydraulic-cylinder","11":"first","12":"instock","13":"shipping-taxable","14":"product-type-simple"},"amp_enabled":true,"_links":{"self":[{"href":"https:\/\/www.hydraulic-cylinders.net\/pt\/wp-json\/wp\/v2\/product\/1626","targetHints":{"allow":["GET"]}}],"collection":[{"href":"https:\/\/www.hydraulic-cylinders.net\/pt\/wp-json\/wp\/v2\/product"}],"about":[{"href":"https:\/\/www.hydraulic-cylinders.net\/pt\/wp-json\/wp\/v2\/types\/product"}],"replies":[{"embeddable":true,"href":"https:\/\/www.hydraulic-cylinders.net\/pt\/wp-json\/wp\/v2\/comments?post=1626"}],"wp:featuredmedia":[{"embeddable":true,"href":"https:\/\/www.hydraulic-cylinders.net\/pt\/wp-json\/wp\/v2\/media\/1628"}],"wp:attachment":[{"href":"https:\/\/www.hydraulic-cylinders.net\/pt\/wp-json\/wp\/v2\/media?parent=1626"}],"wp:term":[{"taxonomy":"product_brand","embeddable":true,"href":"https:\/\/www.hydraulic-cylinders.net\/pt\/wp-json\/wp\/v2\/product_brand?post=1626"},{"taxonomy":"product_cat","embeddable":true,"href":"https:\/\/www.hydraulic-cylinders.net\/pt\/wp-json\/wp\/v2\/product_cat?post=1626"},{"taxonomy":"product_tag","embeddable":true,"href":"https:\/\/www.hydraulic-cylinders.net\/pt\/wp-json\/wp\/v2\/product_tag?post=1626"}],"curies":[{"name":"wp","href":"https:\/\/api.w.org\/{rel}","templated":true}]}}