{"id":16271,"date":"2025-01-20T09:01:12","date_gmt":"2025-01-20T09:01:12","guid":{"rendered":"https:\/\/www.hydraulic-cylinders.net\/product\/arm-cylinderfor-kobelco-small-excavator-sk60-c\/"},"modified":"2025-01-20T09:01:14","modified_gmt":"2025-01-20T09:01:14","slug":"arm-cylinderfor-kobelco-small-excavator-sk60-c","status":"publish","type":"product","link":"https:\/\/www.hydraulic-cylinders.net\/pt\/produto\/arm-cylinderfor-kobelco-small-excavator-sk60-c\/","title":{"rendered":"Cilindro do bra\u00e7o para escavadeira pequena Kobelco SK60-C"},"content":{"rendered":"<h2>Cilindro do bra\u00e7o para mini escavadeira Kobelco SK60-C<\/h2>\n<h3>Introdu\u00e7\u00e3o<\/h3>\n<p>O cilindro do bra\u00e7o \u00e9 um cilindro hidr\u00e1ulico especialmente projetado para fornecer movimento linear e pot\u00eancia ao bra\u00e7o de diversos tipos de m\u00e1quinas, como escavadeiras, guindastes e manipuladores. O cilindro do bra\u00e7o desempenha um papel crucial no sistema hidr\u00e1ulico, permitindo que ferramentas ou acess\u00f3rios adicionais se movam e sejam controlados com efic\u00e1cia. Esses cilindros n\u00e3o apenas possibilitam movimentos suaves, mas tamb\u00e9m suportam cargas pesadas, garantindo a opera\u00e7\u00e3o eficiente e a confiabilidade da m\u00e1quina em diversas condi\u00e7\u00f5es de trabalho.<\/p>\n<p><img decoding=\"async\" src=\"https:\/\/www.hydraulic-cylinders.net\/wp-content\/uploads\/2025\/01\/songte-company-2.webp\" \/><\/p>\n<h3>Caracter\u00edsticas<\/h3>\n<ul>\n<li><strong>Transmiss\u00e3o de energia eficiente:<\/strong> O cilindro do bra\u00e7o proporciona movimento linear e for\u00e7a potentes, garantindo alta efici\u00eancia de desempenho do manipulador em diversas opera\u00e7\u00f5es.<\/li>\n<li><strong>Controle preciso:<\/strong> Por meio do sistema hidr\u00e1ulico, o cilindro do bra\u00e7o consegue um controle preciso do movimento, tornando a opera\u00e7\u00e3o de ferramentas adicionais mais flex\u00edvel e precisa.<\/li>\n<li><strong>Alta durabilidade:<\/strong> O cilindro do bra\u00e7o \u00e9 geralmente feito de materiais de alta resist\u00eancia e possui boa resist\u00eancia ao desgaste e \u00e0 corros\u00e3o, tornando-o adequado para uso prolongado em ambientes agressivos.<\/li>\n<li><strong>Adaptabilidade multifuncional:<\/strong> Esses cilindros podem ser amplamente utilizados em diversos equipamentos mec\u00e2nicos, como escavadeiras, guindastes e manipuladores, adaptando-se a diferentes requisitos de trabalho.<\/li>\n<li><strong>F\u00e1cil manuten\u00e7\u00e3o:<\/strong> Projetado para facilitar a manuten\u00e7\u00e3o e a substitui\u00e7\u00e3o, a inspe\u00e7\u00e3o e a manuten\u00e7\u00e3o regulares tornam-se mais convenientes, reduzindo o tempo de inatividade do equipamento.<\/li>\n<\/ul>\n<p>Podemos produzir este produto, e ele pode substituir perfeitamente esses cilindros hidr\u00e1ulicos.<\/p>\n<p><img decoding=\"async\" src=\"https:\/\/www.hydraulic-cylinders.net\/wp-content\/uploads\/2025\/01\/songte-oil-pipes-and-spare-parts.webp\" \/><\/p>\n<h3>Aplica\u00e7\u00f5es<\/h3>\n<p>O cilindro de bra\u00e7o \u00e9 amplamente utilizado em diversas ind\u00fastrias, incluindo:<\/p>\n<ul>\n<li><strong>Constru\u00e7\u00e3o:<\/strong> Em escavadeiras e guindastes, o cilindro do bra\u00e7o \u00e9 usado para controlar o movimento da ca\u00e7amba ou da lan\u00e7a para movimenta\u00e7\u00e3o de terra, manuseio de materiais e instala\u00e7\u00e3o de estruturas.<\/li>\n<li><strong>Fabrica\u00e7\u00e3o:<\/strong> Em linhas de produ\u00e7\u00e3o automatizadas, o cilindro do bra\u00e7o \u00e9 utilizado para movimentar manipuladores em processos como montagem, soldagem e manuseio de materiais, melhorando a efici\u00eancia e a precis\u00e3o da produ\u00e7\u00e3o.<\/li>\n<li><strong>Maquinaria agr\u00edcola:<\/strong> Em m\u00e1quinas agr\u00edcolas como colheitadeiras e plantadeiras, o cilindro do bra\u00e7o controla o movimento do bra\u00e7o operacional para realizar tarefas como semeadura, fertiliza\u00e7\u00e3o e colheita.<\/li>\n<li><strong>Minera\u00e7\u00e3o:<\/strong> Em equipamentos de minera\u00e7\u00e3o, o cilindro do bra\u00e7o \u00e9 usado para controlar o movimento do bra\u00e7o do equipamento durante a extra\u00e7\u00e3o e o transporte do min\u00e9rio.<\/li>\n<li><strong>Log\u00edstica e Transporte:<\/strong> Em empilhadeiras e rob\u00f4s de movimenta\u00e7\u00e3o, o cilindro do bra\u00e7o \u00e9 usado para controlar o levantamento e o movimento dos garfos, realizando o manuseio e o empilhamento de materiais.<\/li>\n<\/ul>\n<h3>Considera\u00e7\u00f5es de design e crit\u00e9rios de sele\u00e7\u00e3o<\/h3>\n<p>Do ponto de vista do projeto, o cilindro do bra\u00e7o deve considerar os seguintes fatores:<\/p>\n<ul>\n<li><strong>Capacidade de carga:<\/strong> O cilindro do bra\u00e7o deve ter capacidade de carga suficiente para garantir o funcionamento est\u00e1vel da m\u00e1quina em diversas condi\u00e7\u00f5es de trabalho.<\/li>\n<li><strong>Selagem:<\/strong> Diversos componentes de veda\u00e7\u00e3o, como veda\u00e7\u00f5es de pist\u00e3o e veda\u00e7\u00f5es de haste, s\u00e3o utilizados para evitar vazamentos de fluido e manter a press\u00e3o do sistema.<\/li>\n<li><strong>Durabilidade:<\/strong> O cilindro do bra\u00e7o deve ser feito de materiais de alta resist\u00eancia, garantindo boa resist\u00eancia ao desgaste e \u00e0 corros\u00e3o, al\u00e9m de ser adequado para uso em ambientes agressivos.<\/li>\n<li><strong>Seguran\u00e7a:<\/strong> O cilindro do bra\u00e7o deve ser projetado com recursos de seguran\u00e7a para evitar acidentes causados \u200b\u200bpor mau funcionamento do equipamento.<\/li>\n<li><strong>Manutenibilidade:<\/strong> O cilindro do bra\u00e7o deve ser projetado para facilitar a manuten\u00e7\u00e3o e a substitui\u00e7\u00e3o, a fim de reduzir o tempo de inatividade e garantir uma opera\u00e7\u00e3o eficiente.<\/li>\n<\/ul>\n<p><img decoding=\"async\" src=\"https:\/\/www.hydraulic-cylinders.net\/wp-content\/uploads\/2025\/01\/songte-cylinder-head-with-all-kinds-excavator-models.webp\" \/><\/p>\n<h3>Veda\u00e7\u00e3o e Lubrifica\u00e7\u00e3o<\/h3>\n<p>O cilindro do bra\u00e7o utiliza diversos componentes de veda\u00e7\u00e3o, como veda\u00e7\u00f5es de pist\u00e3o e veda\u00e7\u00f5es de haste, para evitar vazamentos de fluido e manter a press\u00e3o do sistema. Essas veda\u00e7\u00f5es s\u00e3o feitas de materiais resistentes ao desgaste, como poliuretano e borracha nitr\u00edlica. O corpo do cilindro e a superf\u00edcie roscada da extremidade s\u00e3o usinados com precis\u00e3o para melhorar a resist\u00eancia ao desgaste. A lubrifica\u00e7\u00e3o regular com \u00f3leo hidr\u00e1ulico apropriado \u00e9 necess\u00e1ria para garantir o bom funcionamento.<\/p>\n<h3>Manuten\u00e7\u00e3o e preven\u00e7\u00e3o<\/h3>\n<p>A inspe\u00e7\u00e3o e a manuten\u00e7\u00e3o regulares s\u00e3o necess\u00e1rias para garantir o funcionamento eficiente do cilindro do bra\u00e7o e reduzir o tempo de inatividade. As seguintes medidas podem ser tomadas para prevenir poss\u00edveis problemas:<\/p>\n<ul>\n<li>Verifique regularmente o sistema hidr\u00e1ulico e troque o \u00f3leo hidr\u00e1ulico para garantir que o sistema esteja limpo e livre de impurezas.<\/li>\n<li>Inspecione regularmente os componentes de veda\u00e7\u00e3o e substitua-os, se necess\u00e1rio.<\/li>\n<li>Verifique se h\u00e1 rachaduras ou deforma\u00e7\u00f5es nas partes soldadas do corpo do cilindro.<\/li>\n<li>Certifique-se de que os dispositivos de seguran\u00e7a do cilindro do bra\u00e7o estejam intactos e funcionando corretamente.<\/li>\n<li>Durante a montagem e desmontagem, tome cuidado para n\u00e3o danificar os componentes de veda\u00e7\u00e3o ou o corpo do cilindro.<\/li>\n<\/ul>\n<p><img decoding=\"async\" src=\"https:\/\/www.hydraulic-cylinders.net\/wp-content\/uploads\/2025\/01\/songte-chushion-collar.webp\" \/><\/p>\n<h3>Guia de instala\u00e7\u00e3o do produto<\/h3>\n<p>Ao instalar o cilindro do bra\u00e7o, siga estes passos:<\/p>\n<ol>\n<li>Remova o cilindro antigo e limpe a superf\u00edcie de montagem da m\u00e1quina.<\/li>\n<li>Inspecione o novo cilindro para garantir que seja o modelo correto e esteja em boas condi\u00e7\u00f5es.<\/li>\n<li>Instale o novo cilindro na m\u00e1quina, certificando-se de que todas as conex\u00f5es estejam firmes e seguras.<\/li>\n<li>Encha o cilindro com \u00f3leo hidr\u00e1ulico e verifique se h\u00e1 vazamentos ou mau funcionamento.<\/li>\n<li>Realize um teste para garantir que o cilindro esteja funcionando corretamente e seja compat\u00edvel com a m\u00e1quina.<\/li>\n<\/ol>\n<p><img decoding=\"async\" src=\"https:\/\/www.hydraulic-cylinders.net\/wp-content\/uploads\/2025\/01\/songte-bushings-with-all-kinds-of-excavator-models.webp\" \/><\/p>\n<h3>Considera\u00e7\u00f5es de seguran\u00e7a e fatores ambientais<\/h3>\n<p>Ao utilizar o cilindro hidr\u00e1ulico, \u00e9 essencial seguir as normas de seguran\u00e7a pertinentes e utilizar os equipamentos de prote\u00e7\u00e3o individual adequados para evitar acidentes. O descarte do \u00f3leo hidr\u00e1ulico pode causar polui\u00e7\u00e3o ambiental, sendo necess\u00e1rio, portanto, o manuseio e o descarte corretos desse \u00f3leo.<\/p>\n<h3>Solu\u00e7\u00e3o de problemas e problemas comuns<\/h3>\n<p>Problemas comuns com o cilindro do bra\u00e7o incluem vazamento de fluido, pot\u00eancia insuficiente e ru\u00eddo anormal. Para diagnosticar e solucionar esses problemas, siga estas orienta\u00e7\u00f5es:<\/p>\n<ul>\n<li>Verifique se os componentes de veda\u00e7\u00e3o apresentam desgaste ou danos e substitua-os, se necess\u00e1rio.<\/li>\n<li>Verifique o n\u00edvel e a qualidade do \u00f3leo hidr\u00e1ulico e substitua-o, se necess\u00e1rio.<\/li>\n<li>Verifique se h\u00e1 danos ou deforma\u00e7\u00f5es no corpo do cilindro e na superf\u00edcie roscada da extremidade.<\/li>\n<li>Verifique os dispositivos de seguran\u00e7a do cilindro e certifique-se de que est\u00e3o funcionando corretamente.<\/li>\n<li>Consulte o manual do fabricante ou entre em contato com o servi\u00e7o de atendimento ao cliente para obter mais assist\u00eancia.<\/li>\n<\/ul>\n<p>Medidas preventivas, como inspe\u00e7\u00f5es e manuten\u00e7\u00f5es regulares, podem reduzir a probabilidade de ocorr\u00eancia de problemas.<\/p>\n<p><img decoding=\"async\" src=\"https:\/\/www.hydraulic-cylinders.net\/wp-content\/uploads\/2025\/01\/songte-company-4.webp\" \/><br \/>\n<img decoding=\"async\" src=\"https:\/\/www.hydraulic-cylinders.net\/wp-content\/uploads\/2025\/01\/songte-company-3.webp\" \/><\/p>\n<h3>Sobre n\u00f3s<\/h3>\n<p>Somos um fabricante profissional de cilindros hidr\u00e1ulicos de reposi\u00e7\u00e3o com uma ampla gama de produtos. Tornamo-nos um dos principais fabricantes e distribuidores atacadistas de cilindros hidr\u00e1ulicos nos mercados nacional e internacional. Sempre aderimos ao princ\u00edpio da excel\u00eancia em qualidade e nos apoiamos na estrat\u00e9gia de gest\u00e3o de produ\u00e7\u00e3o industrial de nossa refinada oficina de fabrica\u00e7\u00e3o para aprimorar continuamente nosso n\u00edvel t\u00e9cnico e efici\u00eancia de produ\u00e7\u00e3o. Ao introduzir equipamentos de fabrica\u00e7\u00e3o digital de \u00faltima gera\u00e7\u00e3o e sistemas de teste profissionais, otimizamos continuamente nossa plataforma de produ\u00e7\u00e3o e aprimoramos nosso processo de controle de qualidade de produtos, com forte capacidade de inova\u00e7\u00e3o. Nosso objetivo \u00e9 atender \u00e0s diversas necessidades dos clientes com base nos princ\u00edpios de alta efici\u00eancia, precis\u00e3o e alta qualidade.<\/p>\n<p>Oferecemos servi\u00e7os profissionais, com certifica\u00e7\u00e3o internacional, personalizados, equipamentos de produ\u00e7\u00e3o e servi\u00e7os p\u00f3s-venda.<\/p>\n<p><em>Autor: lyl.<\/em><\/p>","protected":false},"excerpt":{"rendered":"<p>Arm Cylinder for Kobelco Small Excavator SK60-C Introduction The arm cylinder is a specially designed hydraulic cylinder that provides linear motion and power to the arm of various types of machinery, such as excavators, cranes, and manipulators. The arm cylinder plays a crucial role in the hydraulic system, allowing additional tools or attachments to move [&hellip;]<\/p>","protected":false},"featured_media":14770,"comment_status":"open","ping_status":"closed","template":"","meta":{"_et_pb_use_builder":"","_et_pb_old_content":"","_et_gb_content_width":""},"product_brand":[],"product_cat":[1497],"product_tag":[1498,1496],"class_list":{"0":"post-16271","1":"product","2":"type-product","3":"status-publish","4":"has-post-thumbnail","6":"product_cat-arm-cylinders","7":"product_tag-arm-cylinders","8":"product_tag-hydraulic-cylinders","10":"first","11":"instock","12":"shipping-taxable","13":"product-type-simple"},"amp_enabled":true,"_links":{"self":[{"href":"https:\/\/www.hydraulic-cylinders.net\/pt\/wp-json\/wp\/v2\/product\/16271","targetHints":{"allow":["GET"]}}],"collection":[{"href":"https:\/\/www.hydraulic-cylinders.net\/pt\/wp-json\/wp\/v2\/product"}],"about":[{"href":"https:\/\/www.hydraulic-cylinders.net\/pt\/wp-json\/wp\/v2\/types\/product"}],"replies":[{"embeddable":true,"href":"https:\/\/www.hydraulic-cylinders.net\/pt\/wp-json\/wp\/v2\/comments?post=16271"}],"wp:featuredmedia":[{"embeddable":true,"href":"https:\/\/www.hydraulic-cylinders.net\/pt\/wp-json\/wp\/v2\/media\/14770"}],"wp:attachment":[{"href":"https:\/\/www.hydraulic-cylinders.net\/pt\/wp-json\/wp\/v2\/media?parent=16271"}],"wp:term":[{"taxonomy":"product_brand","embeddable":true,"href":"https:\/\/www.hydraulic-cylinders.net\/pt\/wp-json\/wp\/v2\/product_brand?post=16271"},{"taxonomy":"product_cat","embeddable":true,"href":"https:\/\/www.hydraulic-cylinders.net\/pt\/wp-json\/wp\/v2\/product_cat?post=16271"},{"taxonomy":"product_tag","embeddable":true,"href":"https:\/\/www.hydraulic-cylinders.net\/pt\/wp-json\/wp\/v2\/product_tag?post=16271"}],"curies":[{"name":"wp","href":"https:\/\/api.w.org\/{rel}","templated":true}]}}