{"id":16307,"date":"2025-01-20T09:04:16","date_gmt":"2025-01-20T09:04:16","guid":{"rendered":"https:\/\/www.hydraulic-cylinders.net\/product\/arm-cylinderfor-grand-cme65-9\/"},"modified":"2025-01-20T09:04:18","modified_gmt":"2025-01-20T09:04:18","slug":"arm-cylinderfor-grand-cme65-9","status":"publish","type":"product","link":"https:\/\/www.hydraulic-cylinders.net\/pt\/produto\/arm-cylinderfor-grand-cme65-9\/","title":{"rendered":"Cilindro do bra\u00e7o para Grand CME65-9"},"content":{"rendered":"<p>Cilindro do bra\u00e7o para Grand CME65-9: Defini\u00e7\u00e3o e explica\u00e7\u00e3o<\/p>\n<p>O cilindro de bra\u00e7o \u00e9 um tipo de cilindro hidr\u00e1ulico especializado, usado principalmente para fornecer movimento linear e pot\u00eancia aos bra\u00e7os de diversos tipos de m\u00e1quinas, como escavadeiras, guindastes e bra\u00e7os mec\u00e2nicos. Os cilindros de bra\u00e7o desempenham um papel fundamental nos sistemas hidr\u00e1ulicos, permitindo o movimento e o controle eficazes de ferramentas ou acess\u00f3rios adicionais. Esses cilindros n\u00e3o apenas permitem um movimento suave, mas tamb\u00e9m suportam cargas pesadas, garantindo a opera\u00e7\u00e3o eficiente e a confiabilidade das m\u00e1quinas em diversas condi\u00e7\u00f5es de trabalho.<\/p>\n<p>Os cilindros de bra\u00e7o s\u00e3o geralmente fabricados com materiais de alta resist\u00eancia e possuem boa resist\u00eancia ao desgaste e \u00e0 corros\u00e3o, tornando-os adequados para uso prolongado em ambientes agressivos. S\u00e3o vers\u00e1teis e podem ser amplamente utilizados em diversos tipos de m\u00e1quinas, adaptando-se a diferentes necessidades de trabalho. Al\u00e9m disso, s\u00e3o projetados para facilitar a manuten\u00e7\u00e3o e a substitui\u00e7\u00e3o, tornando a inspe\u00e7\u00e3o e a manuten\u00e7\u00e3o regulares mais convenientes e reduzindo o tempo de inatividade do equipamento.<\/p>\n<p>Caracter\u00edsticas do cilindro do bra\u00e7o para Grand CME65-9<\/p>\n<p>1. Transmiss\u00e3o de Alta Efici\u00eancia: O cilindro do bra\u00e7o proporciona movimento linear e for\u00e7a potentes, garantindo alto desempenho dos bra\u00e7os mec\u00e2nicos em diversas opera\u00e7\u00f5es.<\/p>\n<p>2. Controle preciso: Atrav\u00e9s do sistema hidr\u00e1ulico, o cilindro do bra\u00e7o consegue um controle preciso do movimento, tornando a opera\u00e7\u00e3o de ferramentas adicionais mais flex\u00edvel e precisa.<\/p>\n<p>3. Alta durabilidade: Os cilindros de bra\u00e7o s\u00e3o geralmente feitos de materiais de alta resist\u00eancia, com boa resist\u00eancia ao desgaste e \u00e0 corros\u00e3o, tornando-os adequados para uso prolongado em ambientes agressivos.<\/p>\n<p>4. Adaptabilidade multifuncional: Esses cilindros podem ser amplamente utilizados em diversos tipos de m\u00e1quinas, como escavadeiras, guindastes e bra\u00e7os mec\u00e2nicos, adaptando-se a diferentes necessidades de trabalho.<\/p>\n<p>5. Manuten\u00e7\u00e3o facilitada: O projeto dos cilindros do bra\u00e7o leva em considera\u00e7\u00e3o a facilidade de manuten\u00e7\u00e3o e substitui\u00e7\u00e3o, tornando a inspe\u00e7\u00e3o e a manuten\u00e7\u00e3o regulares mais convenientes e reduzindo o tempo de inatividade do equipamento.<\/p>\n<p>Nosso cilindro de bra\u00e7o para Grand CME65-9<\/p>\n<p>Nosso produto pode substituir perfeitamente esses cilindros hidr\u00e1ulicos. Somos um fabricante profissional de cilindros hidr\u00e1ulicos de reposi\u00e7\u00e3o, com uma ampla gama de produtos, e nos tornamos um dos principais fabricantes e distribuidores atacadistas de cilindros hidr\u00e1ulicos nos mercados nacional e internacional. Sempre aderimos ao princ\u00edpio da excel\u00eancia em qualidade, baseando-nos em estrat\u00e9gias de gest\u00e3o de produ\u00e7\u00e3o industrializada em oficinas de fabrica\u00e7\u00e3o de alta precis\u00e3o, aprimorando continuamente a tecnologia e a efici\u00eancia da produ\u00e7\u00e3o. Ao introduzir equipamentos de fabrica\u00e7\u00e3o digital de ponta e sistemas de teste profissionais, otimizamos continuamente a plataforma de fabrica\u00e7\u00e3o, aprimoramos o processo de controle de qualidade do produto e possu\u00edmos forte capacidade de inova\u00e7\u00e3o. Nosso objetivo \u00e9 atender \u00e0s diversas necessidades dos clientes com base nos princ\u00edpios de alta efici\u00eancia, precis\u00e3o e alta qualidade.<\/p>\n<p>Aplica\u00e7\u00e3o do Cilindro do Bra\u00e7o para Grand CME65-9<\/p>\n<p>1. Engenharia de Constru\u00e7\u00e3o: Em escavadeiras e guindastes, os cilindros de bra\u00e7o s\u00e3o usados \u200b\u200bpara controlar o movimento das ca\u00e7ambas ou lan\u00e7as para movimenta\u00e7\u00e3o de terra, manuseio de materiais e instala\u00e7\u00e3o de estruturas.<\/p>\n<p>2. Ind\u00fastria de Manufatura: Em linhas de produ\u00e7\u00e3o automatizadas, cilindros de bra\u00e7o s\u00e3o usados \u200b\u200bpara movimentar bra\u00e7os mec\u00e2nicos, como em montagem, soldagem e manuseio, a fim de melhorar a efici\u00eancia e a precis\u00e3o da produ\u00e7\u00e3o.<\/p>\n<p>3. M\u00e1quinas agr\u00edcolas: Em m\u00e1quinas agr\u00edcolas como colheitadeiras e plantadeiras, os cilindros dos bra\u00e7os controlam o movimento dos bra\u00e7os operacionais para tarefas como semeadura, fertiliza\u00e7\u00e3o e colheita.<\/p>\n<p>4. Minera\u00e7\u00e3o: Em equipamentos de minera\u00e7\u00e3o, os cilindros de bra\u00e7o s\u00e3o usados \u200b\u200bpara controlar o movimento dos bra\u00e7os dos equipamentos de minera\u00e7\u00e3o para extrair e manusear min\u00e9rios.<\/p>\n<p>5. Log\u00edstica e Transporte: Em empilhadeiras e rob\u00f4s de movimenta\u00e7\u00e3o, cilindros nos bra\u00e7os s\u00e3o usados \u200b\u200bpara controlar o levantamento e o movimento dos garfos, possibilitando o manuseio e o empilhamento de materiais.<\/p>\n<p>Considera\u00e7\u00f5es de projeto e crit\u00e9rios de sele\u00e7\u00e3o para o cilindro do bra\u00e7o do Grand CME65-9<\/p>\n<p>1. Capacidade de Carga: O cilindro do bra\u00e7o deve ser capaz de suportar as cargas para as quais foi projetado, garantindo uma opera\u00e7\u00e3o segura e est\u00e1vel.<\/p>\n<p>2. Desempenho de veda\u00e7\u00e3o: O cilindro do bra\u00e7o deve ter um bom desempenho de veda\u00e7\u00e3o para evitar vazamentos de fluido, reduzir a perda de energia e garantir a estabilidade do sistema hidr\u00e1ulico.<\/p>\n<p>3. Durabilidade: O cilindro do bra\u00e7o deve ser dur\u00e1vel e resistente ao desgaste e \u00e0 corros\u00e3o, garantindo o uso a longo prazo em ambientes agressivos.<\/p>\n<p>4. Seguran\u00e7a: O cilindro do bra\u00e7o deve atender aos padr\u00f5es de seguran\u00e7a e possuir recursos de seguran\u00e7a para proteger pessoas e m\u00e1quinas contra danos durante a opera\u00e7\u00e3o.<\/p>\n<p>5. Facilidade de manuten\u00e7\u00e3o: O cilindro do bra\u00e7o deve ser projetado para facilitar a manuten\u00e7\u00e3o e a substitui\u00e7\u00e3o, reduzindo o tempo de inatividade do equipamento.<\/p>\n<p>Veda\u00e7\u00e3o e lubrifica\u00e7\u00e3o do cilindro do bra\u00e7o para Grand CME65-9<\/p>\n<p>O cilindro do bra\u00e7o utiliza diversos componentes de veda\u00e7\u00e3o, como veda\u00e7\u00f5es do pist\u00e3o e da haste, fabricados com materiais resistentes ao desgaste, como poliuretano e borracha nitr\u00edlica. O corpo do cilindro e a superf\u00edcie da extremidade da rosca s\u00e3o finamente usinados para melhorar a resist\u00eancia ao desgaste. A adi\u00e7\u00e3o regular de \u00f3leo hidr\u00e1ulico adequado para lubrifica\u00e7\u00e3o \u00e9 necess\u00e1ria para manter a estabilidade e a durabilidade do sistema hidr\u00e1ulico.<\/p>\n<p>Inspe\u00e7\u00e3o regular e medidas de manuten\u00e7\u00e3o preventiva para o cilindro do bra\u00e7o do Grand CME65-9<\/p>\n<p>1. Inspe\u00e7\u00e3o regular do cilindro do bra\u00e7o, incluindo verifica\u00e7\u00e3o de vazamentos de fluido, desgaste e danos nos componentes de veda\u00e7\u00e3o e outras pe\u00e7as.<\/p>\n<p>2. Substitui\u00e7\u00e3o regular de pe\u00e7as desgastadas ou danificadas para garantir o funcionamento normal do sistema hidr\u00e1ulico.<\/p>\n<p>3. Limpeza e manuten\u00e7\u00e3o do sistema hidr\u00e1ulico para prevenir contamina\u00e7\u00e3o e outros fatores que afetam a estabilidade e a durabilidade do sistema.<\/p>\n<p>4. Lubrifica\u00e7\u00e3o regular do cilindro do bra\u00e7o para manter seu desempenho e evitar danos.<\/p>\n<p>5. Inspe\u00e7\u00e3o e manuten\u00e7\u00e3o regulares de outros componentes hidr\u00e1ulicos para garantir o funcionamento normal do sistema hidr\u00e1ulico.<\/p>\n<p>Guia de Instala\u00e7\u00e3o do Cilindro do Bra\u00e7o para Grand CME65-9<\/p>\n<p>1. Certifique-se de que o local de instala\u00e7\u00e3o e os equipamentos estejam limpos e secos.<\/p>\n<p>2. Inspecione o cilindro do bra\u00e7o para verificar se h\u00e1 danos ou anormalidades antes da instala\u00e7\u00e3o.<\/p>\n<p>3. Instale o cilindro do bra\u00e7o de acordo com as instru\u00e7\u00f5es do fabricante, atentando-se para a posi\u00e7\u00e3o correta de instala\u00e7\u00e3o e o torque dos parafusos.<\/p>\n<p>4. Conecte as linhas hidr\u00e1ulicas de acordo com o esquema do sistema hidr\u00e1ulico, garantindo conex\u00f5es corretas e veda\u00e7\u00e3o adequada.<\/p>\n<p>5. Teste o cilindro do bra\u00e7o ap\u00f3s a instala\u00e7\u00e3o para garantir seu funcionamento normal.<\/p>\n<p>Considera\u00e7\u00f5es de seguran\u00e7a e fatores ambientais do cilindro do bra\u00e7o para Grand CME65-9<\/p>\n<p>A seguran\u00e7a \u00e9 de suma import\u00e2ncia ao utilizar equipamentos hidr\u00e1ulicos. Operadores e pessoal de manuten\u00e7\u00e3o devem ser treinados em procedimentos de seguran\u00e7a e utilizar equipamentos de prote\u00e7\u00e3o individual adequados. Fatores ambientais como temperatura, umidade e n\u00edveis de poeira tamb\u00e9m devem ser considerados para garantir a opera\u00e7\u00e3o est\u00e1vel e duradoura dos equipamentos hidr\u00e1ulicos.<\/p>\n<p>Diagn\u00f3stico de falhas, problemas comuns e solu\u00e7\u00e3o de problemas do cilindro do bra\u00e7o para Grand CME65-9<\/p>\n<p>Problemas comuns em cilindros de bra\u00e7o incluem vazamento de fluido, pot\u00eancia insuficiente e ru\u00eddo anormal. A solu\u00e7\u00e3o de problemas pode envolver a substitui\u00e7\u00e3o de veda\u00e7\u00f5es danificadas, a verifica\u00e7\u00e3o de obstru\u00e7\u00f5es nas linhas hidr\u00e1ulicas e a inspe\u00e7\u00e3o e reparo de pe\u00e7as danificadas. Para evitar problemas futuros, inspe\u00e7\u00f5es e manuten\u00e7\u00f5es regulares s\u00e3o essenciais.<\/p>\n<p>Sobre n\u00f3s<\/p>\n<p>Somos um fabricante profissional de cilindros hidr\u00e1ulicos de reposi\u00e7\u00e3o, com expertise na produ\u00e7\u00e3o de cilindros hidr\u00e1ulicos de alta qualidade que atendem aos padr\u00f5es internacionais. Oferecemos servi\u00e7os personalizados para atender \u00e0s diversas necessidades dos clientes. Nossos equipamentos de produ\u00e7\u00e3o s\u00e3o avan\u00e7ados e confi\u00e1veis, garantindo produtos de alta qualidade e produ\u00e7\u00e3o eficiente. Tamb\u00e9m oferecemos um servi\u00e7o p\u00f3s-venda completo para solucionar quaisquer problemas que os clientes possam encontrar.<\/p>","protected":false},"excerpt":{"rendered":"<p>Arm Cylinder for Grand CME65-9: Definition and Explanation Arm cylinder is a type of specialized hydraulic cylinder primarily used to provide linear motion and power to arms of various types of machinery, such as excavators, cranes, and mechanical arms. Arm cylinders play a key role in hydraulic systems, enabling the effective movement and control of [&hellip;]<\/p>","protected":false},"featured_media":14779,"comment_status":"open","ping_status":"closed","template":"","meta":{"_et_pb_use_builder":"","_et_pb_old_content":"","_et_gb_content_width":""},"product_brand":[],"product_cat":[1497],"product_tag":[1498,1496],"class_list":{"0":"post-16307","1":"product","2":"type-product","3":"status-publish","4":"has-post-thumbnail","6":"product_cat-arm-cylinders","7":"product_tag-arm-cylinders","8":"product_tag-hydraulic-cylinders","10":"first","11":"instock","12":"shipping-taxable","13":"product-type-simple"},"amp_enabled":true,"_links":{"self":[{"href":"https:\/\/www.hydraulic-cylinders.net\/pt\/wp-json\/wp\/v2\/product\/16307","targetHints":{"allow":["GET"]}}],"collection":[{"href":"https:\/\/www.hydraulic-cylinders.net\/pt\/wp-json\/wp\/v2\/product"}],"about":[{"href":"https:\/\/www.hydraulic-cylinders.net\/pt\/wp-json\/wp\/v2\/types\/product"}],"replies":[{"embeddable":true,"href":"https:\/\/www.hydraulic-cylinders.net\/pt\/wp-json\/wp\/v2\/comments?post=16307"}],"wp:featuredmedia":[{"embeddable":true,"href":"https:\/\/www.hydraulic-cylinders.net\/pt\/wp-json\/wp\/v2\/media\/14779"}],"wp:attachment":[{"href":"https:\/\/www.hydraulic-cylinders.net\/pt\/wp-json\/wp\/v2\/media?parent=16307"}],"wp:term":[{"taxonomy":"product_brand","embeddable":true,"href":"https:\/\/www.hydraulic-cylinders.net\/pt\/wp-json\/wp\/v2\/product_brand?post=16307"},{"taxonomy":"product_cat","embeddable":true,"href":"https:\/\/www.hydraulic-cylinders.net\/pt\/wp-json\/wp\/v2\/product_cat?post=16307"},{"taxonomy":"product_tag","embeddable":true,"href":"https:\/\/www.hydraulic-cylinders.net\/pt\/wp-json\/wp\/v2\/product_tag?post=16307"}],"curies":[{"name":"wp","href":"https:\/\/api.w.org\/{rel}","templated":true}]}}