{"id":16334,"date":"2025-01-20T09:06:50","date_gmt":"2025-01-20T09:06:50","guid":{"rendered":"https:\/\/www.hydraulic-cylinders.net\/product\/arm-cylinderfor-volvo-large-excavator-ec360bp\/"},"modified":"2025-01-20T09:06:51","modified_gmt":"2025-01-20T09:06:51","slug":"arm-cylinderfor-volvo-large-excavator-ec360bp","status":"publish","type":"product","link":"https:\/\/www.hydraulic-cylinders.net\/pt\/produto\/arm-cylinderfor-volvo-large-excavator-ec360bp\/","title":{"rendered":"Cilindro do bra\u00e7o para escavadeira grande Volvo EC360BP"},"content":{"rendered":"<p>Cilindro do bra\u00e7o para escavadeira grande Volvo EC360BP<\/p>\n<p>Introdu\u00e7\u00e3o<\/p>\n<p>O cilindro de bra\u00e7o \u00e9 um cilindro hidr\u00e1ulico especializado, projetado para fornecer movimento linear e pot\u00eancia ao bra\u00e7o de diversos tipos de m\u00e1quinas, como escavadeiras, guindastes e manipuladores. O cilindro de bra\u00e7o desempenha um papel crucial no sistema hidr\u00e1ulico, permitindo o movimento e o controle eficazes de implementos ou acess\u00f3rios. Esses cilindros n\u00e3o apenas proporcionam um movimento suave, como tamb\u00e9m suportam cargas pesadas, garantindo a opera\u00e7\u00e3o eficiente e a confiabilidade das m\u00e1quinas em diversas condi\u00e7\u00f5es de trabalho.<\/p>\n<p><img loading=\"lazy\" decoding=\"async\" src=\"https:\/\/www.hydraulic-cylinders.net\/wp-content\/uploads\/2025\/01\/songte-company-2.webp\" alt=\"Cilindro hidr\u00e1ulico\" width=\"500\" height=\"333\"><\/p>\n<p>Caracter\u00edsticas do produto<\/p>\n<p>O cilindro do bra\u00e7o para a escavadeira de grande porte Volvo EC360BP possui as seguintes caracter\u00edsticas:<\/p>\n<p>1. Transmiss\u00e3o de alta efici\u00eancia: O cilindro do bra\u00e7o proporciona movimento linear e for\u00e7a potentes, garantindo alta efici\u00eancia do manipulador em diversas opera\u00e7\u00f5es.<\/p>\n<p>2. Controle preciso: Atrav\u00e9s do sistema hidr\u00e1ulico, o cilindro do bra\u00e7o consegue um controle preciso do movimento, tornando a opera\u00e7\u00e3o dos implementos mais flex\u00edvel e precisa.<\/p>\n<p>3. Alta durabilidade: Os cilindros dos bra\u00e7os geralmente s\u00e3o feitos de materiais de alta resist\u00eancia e possuem boa resist\u00eancia ao desgaste e \u00e0 corros\u00e3o, sendo adequados para uso prolongado em ambientes agressivos.<\/p>\n<p>4. Adaptabilidade multifuncional: Esses cilindros podem ser amplamente utilizados em diversos equipamentos mec\u00e2nicos, como escavadeiras, guindastes e manipuladores, para atender a diferentes necessidades de trabalho.<\/p>\n<p>5. Manuten\u00e7\u00e3o f\u00e1cil: Projetados para facilitar a manuten\u00e7\u00e3o e a substitui\u00e7\u00e3o, os cilindros do bra\u00e7o tornam a inspe\u00e7\u00e3o e a manuten\u00e7\u00e3o regulares mais convenientes, reduzindo o tempo de inatividade do equipamento.<\/p>\n<p>Nossa produ\u00e7\u00e3o e substitui\u00e7\u00e3o<\/p>\n<p>Nossos produtos podem substituir perfeitamente esses cilindros hidr\u00e1ulicos. Podemos fabricar cilindros de bra\u00e7o de alta qualidade com diferentes especifica\u00e7\u00f5es e tamanhos para atender \u00e0s necessidades de diferentes ind\u00fastrias e aplica\u00e7\u00f5es.<\/p>\n<p><img loading=\"lazy\" decoding=\"async\" src=\"https:\/\/www.hydraulic-cylinders.net\/wp-content\/uploads\/2025\/01\/songte-oil-pipes-and-spare-parts.webp\" alt=\"Cilindro hidr\u00e1ulico\" width=\"500\" height=\"333\"><\/p>\n<p>Aplica\u00e7\u00f5es<\/p>\n<p>Cilindros de bra\u00e7o s\u00e3o amplamente utilizados em diversos campos, incluindo:<\/p>\n<p>1. Engenharia de constru\u00e7\u00e3o: Em escavadeiras e guindastes, os cilindros de bra\u00e7o s\u00e3o usados \u200b\u200bpara controlar o movimento das p\u00e1s ou lan\u00e7as para movimenta\u00e7\u00e3o de terra, manuseio de materiais e instala\u00e7\u00e3o de estruturas.<\/p>\n<p>2. Ind\u00fastria de manufatura: Em linhas de produ\u00e7\u00e3o automatizadas, cilindros de bra\u00e7o s\u00e3o usados \u200b\u200bpara movimentar manipuladores em processos de montagem, soldagem e manuseio, melhorando a efici\u00eancia e a precis\u00e3o da produ\u00e7\u00e3o.<\/p>\n<p>3. M\u00e1quinas agr\u00edcolas: Em m\u00e1quinas agr\u00edcolas como colheitadeiras e plantadeiras, os cilindros dos bra\u00e7os controlam o movimento dos bra\u00e7os operacionais e executam tarefas como semeadura, fertiliza\u00e7\u00e3o e colheita.<\/p>\n<p>4. Minera\u00e7\u00e3o: Em equipamentos de minera\u00e7\u00e3o, os cilindros de bra\u00e7o s\u00e3o usados \u200b\u200bpara controlar o movimento do bra\u00e7o do equipamento para extra\u00e7\u00e3o e transporte de min\u00e9rio.<\/p>\n<p>5. Log\u00edstica e transporte: Em empilhadeiras e rob\u00f4s de movimenta\u00e7\u00e3o, cilindros nos bra\u00e7os s\u00e3o usados \u200b\u200bpara controlar o levantamento e o movimento dos garfos, realizando o manuseio e o empilhamento de materiais.<\/p>\n<p>Considera\u00e7\u00f5es de design e crit\u00e9rios de sele\u00e7\u00e3o<\/p>\n<p>Ao selecionar cilindros para bra\u00e7os articulados, alguns fatores-chave precisam ser considerados:<\/p>\n<p>1. Capacidade de carga: O cilindro deve ser capaz de suportar a carga m\u00e1xima gerada durante a opera\u00e7\u00e3o.<\/p>\n<p>2. Veda\u00e7\u00e3o: O cilindro deve estar bem vedado para evitar vazamentos de \u00f3leo e garantir o bom funcionamento do sistema hidr\u00e1ulico.<\/p>\n<p>3. Durabilidade: O cilindro deve ser feito de materiais de alta resist\u00eancia, ter boa resist\u00eancia ao desgaste e \u00e0 corros\u00e3o e ser capaz de suportar condi\u00e7\u00f5es operacionais severas.<\/p>\n<p>4. Seguran\u00e7a: O cilindro deve possuir medidas de seguran\u00e7a para evitar acidentes, como v\u00e1lvulas de al\u00edvio de press\u00e3o e dispositivos de travamento.<\/p>\n<p>5. Facilidade de manuten\u00e7\u00e3o: O cilindro deve ser projetado para facilitar a manuten\u00e7\u00e3o e a substitui\u00e7\u00e3o, reduzindo o tempo e os custos de manuten\u00e7\u00e3o.<\/p>\n<p><img loading=\"lazy\" decoding=\"async\" src=\"https:\/\/www.hydraulic-cylinders.net\/wp-content\/uploads\/2025\/01\/songte-cylinder-head-with-all-kinds-excavator-models.webp\" alt=\"Cilindro hidr\u00e1ulico\" width=\"500\" height=\"333\"><\/p>\n<p>Veda\u00e7\u00e3o e Lubrifica\u00e7\u00e3o<\/p>\n<p>Os cilindros de bra\u00e7o utilizam diversos componentes de veda\u00e7\u00e3o, como veda\u00e7\u00f5es de pist\u00e3o e veda\u00e7\u00f5es de haste, fabricados com materiais resistentes ao desgaste, como poliuretano e borracha nitr\u00edlica, para garantir uma veda\u00e7\u00e3o eficaz e evitar vazamentos de \u00f3leo. O corpo do cilindro e a superf\u00edcie roscada da extremidade s\u00e3o usinados com precis\u00e3o para melhorar a resist\u00eancia ao desgaste. A adi\u00e7\u00e3o regular de \u00f3leo hidr\u00e1ulico apropriado lubrifica o cilindro e reduz o desgaste.<\/p>\n<p>Manuten\u00e7\u00e3o e Medidas Preventivas<\/p>\n<p>Para garantir o funcionamento normal e prolongar a vida \u00fatil do cilindro do bra\u00e7o, \u00e9 necess\u00e1ria inspe\u00e7\u00e3o e manuten\u00e7\u00e3o regulares. Algumas medidas preventivas incluem:<\/p>\n<p>1. Verifique regularmente o desempenho da veda\u00e7\u00e3o e substitua as veda\u00e7\u00f5es desgastadas a tempo.<\/p>\n<p>2. Verifique a superf\u00edcie do corpo do cilindro quanto a desgaste e corros\u00e3o e repare ou substitua-o, se necess\u00e1rio.<\/p>\n<p>3. Verifique regularmente a v\u00e1lvula de al\u00edvio de press\u00e3o e o dispositivo de travamento para garantir sua confiabilidade e efic\u00e1cia.<\/p>\n<p>4. Adicione \u00f3leo hidr\u00e1ulico no momento certo, de acordo com as necessidades do sistema hidr\u00e1ulico.<\/p>\n<p>5. Utilize o cilindro corretamente e evite sobrecargas ou impactos.<\/p>\n<p><img loading=\"lazy\" decoding=\"async\" src=\"https:\/\/www.hydraulic-cylinders.net\/wp-content\/uploads\/2025\/01\/songte-chushion-collar.webp\" alt=\"Cilindro hidr\u00e1ulico\" width=\"500\" height=\"333\"><\/p>\n<p>Guia de instala\u00e7\u00e3o<\/p>\n<p>Para instalar corretamente o cilindro do bra\u00e7o, siga estes passos:<\/p>\n<p>1. Limpe a superf\u00edcie de instala\u00e7\u00e3o do cilindro e da m\u00e1quina.<\/p>\n<p>2. Verifique as dimens\u00f5es e a precis\u00e3o de encaixe do cilindro e das pe\u00e7as relevantes.<\/p>\n<p>3. Instale o cilindro de acordo com as instru\u00e7\u00f5es de instala\u00e7\u00e3o e certifique-se de que o cilindro e a m\u00e1quina estejam alinhados corretamente.<\/p>\n<p>4. Conecte os tubos e conex\u00f5es hidr\u00e1ulicas e verifique se h\u00e1 vazamentos.<\/p>\n<p>5. Abaste\u00e7a o sistema hidr\u00e1ulico com \u00f3leo de acordo com as necessidades do sistema hidr\u00e1ulico.<\/p>\n<p>Fatores de seguran\u00e7a e ambientais<\/p>\n<p>Ao utilizar cilindros hidr\u00e1ulicos, devem ser tomadas medidas de seguran\u00e7a para prevenir acidentes, como o uso de equipamentos de prote\u00e7\u00e3o individual, o cumprimento dos procedimentos operacionais e a preven\u00e7\u00e3o de sobrecargas ou impactos. Al\u00e9m disso, fatores ambientais como temperatura, umidade e poeira devem ser considerados para garantir o funcionamento est\u00e1vel do sistema hidr\u00e1ulico e reduzir a polui\u00e7\u00e3o.<\/p>\n<p>Solu\u00e7\u00e3o de problemas e problemas comuns<\/p>\n<p>Alguns problemas comuns em cilindros de bra\u00e7o incluem vazamento de \u00f3leo, ru\u00eddo anormal e movimento lento. Para diagnosticar e solucionar esses problemas, consulte o guia de solu\u00e7\u00e3o de problemas fornecido pelo fabricante e siga as instru\u00e7\u00f5es cuidadosamente. Algumas medidas preventivas incluem inspe\u00e7\u00e3o e manuten\u00e7\u00e3o regulares, evitar sobrecarga ou impacto e usar o cilindro corretamente.<\/p>\n<p><img loading=\"lazy\" decoding=\"async\" src=\"https:\/\/www.hydraulic-cylinders.net\/wp-content\/uploads\/2025\/01\/songte-bushings-with-all-kinds-of-excavator-models.webp\" alt=\"Cilindro hidr\u00e1ulico\" width=\"500\" height=\"333\"><\/p>\n<p>Introdu\u00e7\u00e3o \u00e0 empresa<\/p>\n<p>Somos um fabricante profissional de cilindros hidr\u00e1ulicos de reposi\u00e7\u00e3o com uma ampla gama de produtos, e nos tornamos um dos principais fabricantes e distribuidores atacadistas de cilindros hidr\u00e1ulicos nos mercados nacional e internacional. Sempre aderimos ao princ\u00edpio da excel\u00eancia em qualidade, baseando-nos na estrat\u00e9gia de gest\u00e3o de produ\u00e7\u00e3o industrializada de oficinas de fabrica\u00e7\u00e3o refinadas, e aprimoramos continuamente nossa tecnologia e efici\u00eancia de produ\u00e7\u00e3o. Ao introduzir equipamentos avan\u00e7ados de fabrica\u00e7\u00e3o digital e sistemas de teste profissionais, otimizamos nossa plataforma de fabrica\u00e7\u00e3o, aprimoramos nossos processos de controle de qualidade e possu\u00edmos forte capacidade de inova\u00e7\u00e3o. Nosso objetivo \u00e9 atender \u00e0s diversas necessidades dos clientes com base em alta efici\u00eancia, precis\u00e3o e alta qualidade.<\/p>\n<p>Estamos comprometidos em fornecer aos nossos clientes produtos profissionais, certifica\u00e7\u00f5es internacionais, servi\u00e7os personalizados, equipamentos de produ\u00e7\u00e3o avan\u00e7ados e um excelente servi\u00e7o p\u00f3s-venda.<\/p>\n<p><img loading=\"lazy\" decoding=\"async\" src=\"https:\/\/www.hydraulic-cylinders.net\/wp-content\/uploads\/2025\/01\/songte-company-4.webp\" alt=\"Cilindro hidr\u00e1ulico\" width=\"500\" height=\"333\"><br \/>\n<img loading=\"lazy\" decoding=\"async\" src=\"https:\/\/www.hydraulic-cylinders.net\/wp-content\/uploads\/2025\/01\/songte-company-3.webp\" alt=\"Cilindro hidr\u00e1ulico\" width=\"500\" height=\"333\"><\/p>\n<p>Autor: lyl.<\/p>","protected":false},"excerpt":{"rendered":"<p>Arm Cylinder for Volvo Large Excavator EC360BP Introduction Arm cylinder is a specialized hydraulic cylinder designed to provide linear motion and power to the arm of various types of machinery, such as excavators, cranes, and manipulators. The arm cylinder plays a crucial role in the hydraulic system, enabling the effective movement and control of attachments [&hellip;]<\/p>","protected":false},"featured_media":14759,"comment_status":"open","ping_status":"closed","template":"","meta":{"_et_pb_use_builder":"","_et_pb_old_content":"","_et_gb_content_width":""},"product_brand":[],"product_cat":[1497],"product_tag":[1498,1496],"class_list":{"0":"post-16334","1":"product","2":"type-product","3":"status-publish","4":"has-post-thumbnail","6":"product_cat-arm-cylinders","7":"product_tag-arm-cylinders","8":"product_tag-hydraulic-cylinders","10":"first","11":"instock","12":"shipping-taxable","13":"product-type-simple"},"amp_enabled":true,"_links":{"self":[{"href":"https:\/\/www.hydraulic-cylinders.net\/pt\/wp-json\/wp\/v2\/product\/16334","targetHints":{"allow":["GET"]}}],"collection":[{"href":"https:\/\/www.hydraulic-cylinders.net\/pt\/wp-json\/wp\/v2\/product"}],"about":[{"href":"https:\/\/www.hydraulic-cylinders.net\/pt\/wp-json\/wp\/v2\/types\/product"}],"replies":[{"embeddable":true,"href":"https:\/\/www.hydraulic-cylinders.net\/pt\/wp-json\/wp\/v2\/comments?post=16334"}],"wp:featuredmedia":[{"embeddable":true,"href":"https:\/\/www.hydraulic-cylinders.net\/pt\/wp-json\/wp\/v2\/media\/14759"}],"wp:attachment":[{"href":"https:\/\/www.hydraulic-cylinders.net\/pt\/wp-json\/wp\/v2\/media?parent=16334"}],"wp:term":[{"taxonomy":"product_brand","embeddable":true,"href":"https:\/\/www.hydraulic-cylinders.net\/pt\/wp-json\/wp\/v2\/product_brand?post=16334"},{"taxonomy":"product_cat","embeddable":true,"href":"https:\/\/www.hydraulic-cylinders.net\/pt\/wp-json\/wp\/v2\/product_cat?post=16334"},{"taxonomy":"product_tag","embeddable":true,"href":"https:\/\/www.hydraulic-cylinders.net\/pt\/wp-json\/wp\/v2\/product_tag?post=16334"}],"curies":[{"name":"wp","href":"https:\/\/api.w.org\/{rel}","templated":true}]}}