{"id":16364,"date":"2025-01-20T09:09:23","date_gmt":"2025-01-20T09:09:23","guid":{"rendered":"https:\/\/www.hydraulic-cylinders.net\/product\/arm-cylinderfor-sany-middle-excavator-sy215c-8-9\/"},"modified":"2025-01-20T09:09:25","modified_gmt":"2025-01-20T09:09:25","slug":"arm-cylinderfor-sany-middle-excavator-sy215c-8-9","status":"publish","type":"product","link":"https:\/\/www.hydraulic-cylinders.net\/pt\/produto\/arm-cylinderfor-sany-middle-excavator-sy215c-8-9\/","title":{"rendered":"Cilindro do bra\u00e7o para escavadeira m\u00e9dia Sany SY215C-8-9"},"content":{"rendered":"<h2>Cilindro do bra\u00e7o para escavadeira m\u00e9dia Sany SY215C-8-9<\/h2>\n<h3>Defini\u00e7\u00e3o e Explica\u00e7\u00e3o<\/h3>\n<p>O cilindro de bra\u00e7o \u00e9 um cilindro hidr\u00e1ulico especialmente projetado para fornecer movimento linear e pot\u00eancia aos bra\u00e7os de diversas m\u00e1quinas, como escavadeiras, guindastes e bra\u00e7os rob\u00f3ticos. Ele desempenha um papel fundamental no sistema hidr\u00e1ulico, permitindo que ferramentas ou acess\u00f3rios adicionais se movimentem e sejam controlados com efici\u00eancia. Esses cilindros n\u00e3o apenas proporcionam movimento suave, como tamb\u00e9m suportam cargas pesadas, garantindo a opera\u00e7\u00e3o eficiente e a confiabilidade da m\u00e1quina em diversas condi\u00e7\u00f5es de trabalho.<\/p>\n<p><img decoding=\"async\" src=\"https:\/\/www.hydraulic-cylinders.net\/wp-content\/uploads\/2025\/01\/songte-company-2.webp\" alt=\"Imagem do Cilindro do Bra\u00e7o\" \/><\/p>\n<h3>Caracter\u00edsticas<\/h3>\n<ul>\n<li><strong>Transmiss\u00e3o de energia eficiente:<\/strong> O cilindro do bra\u00e7o proporciona forte movimento linear e for\u00e7a, garantindo o alto desempenho e efici\u00eancia do bra\u00e7o rob\u00f3tico em diversas opera\u00e7\u00f5es.<\/li>\n<li><strong>Controle preciso:<\/strong> O cilindro do bra\u00e7o permite um controle preciso do movimento atrav\u00e9s do sistema hidr\u00e1ulico, tornando a opera\u00e7\u00e3o de ferramentas adicionais mais flex\u00edvel e precisa.<\/li>\n<li><strong>Dur\u00e1vel:<\/strong> Os cilindros dos bra\u00e7os s\u00e3o geralmente feitos de materiais de alta resist\u00eancia, com boa resist\u00eancia ao desgaste e \u00e0 corros\u00e3o, adequados para uso prolongado em ambientes agressivos.<\/li>\n<li><strong>Adaptabilidade multifuncional:<\/strong> Esses cilindros podem ser amplamente utilizados em diversos equipamentos mec\u00e2nicos, como escavadeiras, guindastes e bra\u00e7os rob\u00f3ticos, para se adaptarem a diferentes requisitos de trabalho.<\/li>\n<li><strong>Manuten\u00e7\u00e3o f\u00e1cil:<\/strong> O design considera a facilidade de manuten\u00e7\u00e3o e substitui\u00e7\u00e3o, tornando as inspe\u00e7\u00f5es e manuten\u00e7\u00f5es regulares mais convenientes e reduzindo o tempo de inatividade do equipamento.<\/li>\n<\/ul>\n<p>Podemos produzir este produto e o nosso produto pode substituir perfeitamente esses cilindros hidr\u00e1ulicos.<\/p>\n<p><img decoding=\"async\" src=\"https:\/\/www.hydraulic-cylinders.net\/wp-content\/uploads\/2025\/01\/songte-oil-pipes-and-spare-parts.webp\" alt=\"Imagem de pe\u00e7as de reposi\u00e7\u00e3o\" \/><\/p>\n<h3>Aplica\u00e7\u00f5es<\/h3>\n<p>Cilindros de bra\u00e7o s\u00e3o amplamente utilizados em diversos campos, tais como:<\/p>\n<ul>\n<li><strong>Engenharia de constru\u00e7\u00e3o:<\/strong> Em escavadeiras e guindastes, os cilindros de bra\u00e7o s\u00e3o usados \u200b\u200bpara controlar o movimento da ca\u00e7amba ou da lan\u00e7a para movimenta\u00e7\u00e3o de terra, manuseio de materiais e instala\u00e7\u00e3o de estruturas.<\/li>\n<li><strong>Ind\u00fastria de manufatura:<\/strong> Em linhas de produ\u00e7\u00e3o automatizadas, os cilindros de bra\u00e7o s\u00e3o utilizados para a movimenta\u00e7\u00e3o de bra\u00e7os rob\u00f3ticos, montagem, soldagem e manuseio de materiais, visando melhorar a efici\u00eancia e a precis\u00e3o da produ\u00e7\u00e3o.<\/li>\n<li><strong>Maquinaria agr\u00edcola:<\/strong> Em m\u00e1quinas agr\u00edcolas como colheitadeiras e semeadoras, os cilindros do bra\u00e7o controlam o movimento do bra\u00e7o operacional, realizando tarefas como semear, fertilizar e colher.<\/li>\n<li><strong>Minera\u00e7\u00e3o:<\/strong> Em equipamentos de minera\u00e7\u00e3o, os cilindros de bra\u00e7o s\u00e3o usados \u200b\u200bpara controlar o movimento do bra\u00e7o do equipamento durante a extra\u00e7\u00e3o e o transporte de minerais.<\/li>\n<li><strong>Log\u00edstica e transporte:<\/strong> Em empilhadeiras e rob\u00f4s de movimenta\u00e7\u00e3o, os cilindros dos bra\u00e7os s\u00e3o usados \u200b\u200bpara controlar o levantamento e o movimento dos garfos, realizando o manuseio e o empilhamento de materiais.<\/li>\n<\/ul>\n<h3>Considera\u00e7\u00f5es de projeto e padr\u00f5es de sele\u00e7\u00e3o<\/h3>\n<p>Do ponto de vista do projeto, os cilindros dos bra\u00e7os precisam atender aos seguintes requisitos:<\/p>\n<ul>\n<li><strong>Capacidade de carga:<\/strong> Os cilindros dos bra\u00e7os devem ser capazes de suportar o peso do equipamento e da carga.<\/li>\n<li><strong>Selagem:<\/strong> Diversos elementos de veda\u00e7\u00e3o, como veda\u00e7\u00f5es de pist\u00e3o e veda\u00e7\u00f5es de haste, s\u00e3o utilizados para evitar vazamentos de fluido e garantir uma opera\u00e7\u00e3o confi\u00e1vel e eficiente.<\/li>\n<li><strong>Durabilidade:<\/strong> Os cilindros dos bra\u00e7os s\u00e3o frequentemente expostos a ambientes agressivos e exigem materiais de alta resist\u00eancia e tratamentos de superf\u00edcie para proporcionar boa resist\u00eancia ao desgaste e \u00e0 corros\u00e3o.<\/li>\n<li><strong>Seguran\u00e7a:<\/strong> \u00c9 necess\u00e1rio levar em considera\u00e7\u00e3o as medidas de seguran\u00e7a para evitar acidentes causados \u200b\u200bpor falha ou mau funcionamento do cilindro.<\/li>\n<li><strong>Manuten\u00e7\u00e3o:<\/strong> Os cilindros dos bra\u00e7os precisam ser projetados para facilitar a manuten\u00e7\u00e3o e a substitui\u00e7\u00e3o, a fim de reduzir o tempo de inatividade do equipamento e os custos de manuten\u00e7\u00e3o.<\/li>\n<\/ul>\n<p><img decoding=\"async\" src=\"https:\/\/www.hydraulic-cylinders.net\/wp-content\/uploads\/2025\/01\/songte-cylinder-head-with-all-kinds-excavator-models.webp\" alt=\"Imagem da cabe\u00e7a do cilindro\" \/><\/p>\n<h3>Veda\u00e7\u00e3o e Lubrifica\u00e7\u00e3o<\/h3>\n<p>Diversos elementos de veda\u00e7\u00e3o, como veda\u00e7\u00f5es de pist\u00e3o e de haste, s\u00e3o utilizados para evitar vazamentos de fluido e garantir uma opera\u00e7\u00e3o confi\u00e1vel e eficiente. As veda\u00e7\u00f5es s\u00e3o fabricadas com materiais resistentes ao desgaste, como poliuretano e borracha nitr\u00edlica. O corpo do cilindro e a superf\u00edcie roscada da extremidade s\u00e3o usinados com precis\u00e3o para melhorar a resist\u00eancia ao desgaste. A lubrifica\u00e7\u00e3o regular com \u00f3leo hidr\u00e1ulico adequado \u00e9 essencial para garantir o bom funcionamento do cilindro hidr\u00e1ulico.<\/p>\n<p><img decoding=\"async\" src=\"https:\/\/www.hydraulic-cylinders.net\/wp-content\/uploads\/2025\/01\/songte-chushion-collar.webp\" alt=\"Imagem de veda\u00e7\u00e3o\" \/><\/p>\n<h3>Medidas de inspe\u00e7\u00e3o regular e manuten\u00e7\u00e3o preventiva<\/h3>\n<ul>\n<li>Verifique regularmente o n\u00edvel, a limpeza e a qualidade do \u00f3leo hidr\u00e1ulico e substitua ou adicione \u00f3leo conforme necess\u00e1rio.<\/li>\n<li>Inspecione os elementos de veda\u00e7\u00e3o, o corpo do cilindro e a superf\u00edcie da extremidade roscada quanto a desgaste e corros\u00e3o e substitua-os a tempo, se necess\u00e1rio.<\/li>\n<li>Verifique regularmente as pe\u00e7as de fixa\u00e7\u00e3o e aperte-as, se necess\u00e1rio, para evitar que se soltem e se danifiquem.<\/li>\n<li>Realizar manuten\u00e7\u00e3o e reparos regulares para prevenir poss\u00edveis problemas e garantir o funcionamento confi\u00e1vel e eficiente do equipamento.<\/li>\n<\/ul>\n<h3>Guia de instala\u00e7\u00e3o do produto<\/h3>\n<p>Antes da instala\u00e7\u00e3o, leia atentamente o manual do produto e siga os passos abaixo:<\/p>\n<ol>\n<li>Verifique o modelo e as especifica\u00e7\u00f5es do produto para garantir que sejam compat\u00edveis com o equipamento.<\/li>\n<li>Verifique o local de instala\u00e7\u00e3o e certifique-se de que esteja limpo, nivelado e livre de detritos.<\/li>\n<li>Coloque o cilindro na posi\u00e7\u00e3o correta e alinhe os orif\u00edcios de instala\u00e7\u00e3o.<\/li>\n<li>Aperte os parafusos e porcas de fixa\u00e7\u00e3o de acordo com o torque especificado.<\/li>\n<li>Realize um teste de press\u00e3o para garantir que o cilindro esteja funcionando corretamente.<\/li>\n<\/ol>\n<p><img decoding=\"async\" src=\"https:\/\/www.hydraulic-cylinders.net\/wp-content\/uploads\/2025\/01\/songte-bushings-with-all-kinds-of-excavator-models.webp\" alt=\"Imagem de buchas\" \/><\/p>\n<h3>Considera\u00e7\u00f5es de seguran\u00e7a e fatores ambientais<\/h3>\n<p>A seguran\u00e7a \u00e9 uma prioridade m\u00e1xima ao utilizar cilindros hidr\u00e1ulicos. \u00c9 necess\u00e1rio garantir que o equipamento seja instalado, mantido e reparado corretamente para evitar acidentes causados \u200b\u200bpor falhas ou mau funcionamento do cilindro. Al\u00e9m disso, \u00e9 importante descartar adequadamente o \u00f3leo hidr\u00e1ulico usado e outros res\u00edduos para proteger o meio ambiente e garantir o desenvolvimento sustent\u00e1vel.<\/p>\n<h3>Solu\u00e7\u00e3o de problemas e problemas comuns<\/h3>\n<p>Alguns problemas comuns e suas solu\u00e7\u00f5es para cilindros de bra\u00e7o s\u00e3o:<\/p>\n<ul>\n<li><strong>Vazamento de fluido:<\/strong> Verifique se os elementos de veda\u00e7\u00e3o apresentam desgaste ou danos e substitua-os, se necess\u00e1rio.<\/li>\n<li><strong>Ru\u00eddo anormal:<\/strong> Verifique se h\u00e1 pe\u00e7as de fixa\u00e7\u00e3o soltas ou componentes danificados e repare-os ou substitua-os conforme necess\u00e1rio.<\/li>\n<li><strong>Movimento lento:<\/strong> Verifique o n\u00edvel e a qualidade do \u00f3leo hidr\u00e1ulico e substitua ou adicione \u00f3leo conforme necess\u00e1rio.<\/li>\n<\/ul>\n<p>A manuten\u00e7\u00e3o e inspe\u00e7\u00e3o regulares podem ajudar a prevenir potenciais problemas e garantir o funcionamento confi\u00e1vel e eficiente do equipamento.<\/p>\n<p><img decoding=\"async\" src=\"https:\/\/www.hydraulic-cylinders.net\/wp-content\/uploads\/2025\/01\/songte-company-4.webp\" alt=\"Imagem da empresa\" \/><br \/>\n<img decoding=\"async\" src=\"https:\/\/www.hydraulic-cylinders.net\/wp-content\/uploads\/2025\/01\/songte-company-3.webp\" alt=\"Imagem da empresa\" \/><\/p>\n<h3>Sobre n\u00f3s<\/h3>\n<p>Somos um fabricante profissional de cilindros hidr\u00e1ulicos de reposi\u00e7\u00e3o com uma ampla gama de produtos, e nos tornamos um dos principais fabricantes e distribuidores atacadistas de cilindros hidr\u00e1ulicos nos mercados nacional e internacional. Sempre aderimos ao princ\u00edpio da excel\u00eancia em qualidade, baseando-nos na estrat\u00e9gia de gest\u00e3o de produ\u00e7\u00e3o industrializada de oficinas de fabrica\u00e7\u00e3o refinadas, e aprimoramos continuamente nosso n\u00edvel t\u00e9cnico e efici\u00eancia de produ\u00e7\u00e3o. Possu\u00edmos forte capacidade de inova\u00e7\u00e3o por meio da introdu\u00e7\u00e3o de equipamentos de fabrica\u00e7\u00e3o digital de ponta e sistemas de teste profissionais, otimizando continuamente a plataforma de fabrica\u00e7\u00e3o e aprimorando os processos de controle de qualidade do produto. Nosso objetivo \u00e9 atender \u00e0s diversas necessidades dos clientes com base nos princ\u00edpios de alta efici\u00eancia, precis\u00e3o e alta qualidade.<\/p>\n<p>Oferecemos servi\u00e7os profissionais, certifica\u00e7\u00f5es internacionais, servi\u00e7os personalizados, equipamentos de produ\u00e7\u00e3o e servi\u00e7os p\u00f3s-venda.<\/p>\n<p>Autor: lyl.<\/p>","protected":false},"excerpt":{"rendered":"<p>Arm Cylinder For Sany Middle Excavator SY215C-8-9 Definition and Explanation Arm cylinder is a specially designed hydraulic cylinder that is mainly used to provide linear motion and power for arms of various machinery such as excavators, cranes and robotic arms. The arm cylinder plays a key role in the hydraulic system, enabling additional tools or [&hellip;]<\/p>","protected":false},"featured_media":14759,"comment_status":"open","ping_status":"closed","template":"","meta":{"_et_pb_use_builder":"","_et_pb_old_content":"","_et_gb_content_width":""},"product_brand":[],"product_cat":[1497],"product_tag":[1498,1496],"class_list":{"0":"post-16364","1":"product","2":"type-product","3":"status-publish","4":"has-post-thumbnail","6":"product_cat-arm-cylinders","7":"product_tag-arm-cylinders","8":"product_tag-hydraulic-cylinders","10":"first","11":"instock","12":"shipping-taxable","13":"product-type-simple"},"amp_enabled":true,"_links":{"self":[{"href":"https:\/\/www.hydraulic-cylinders.net\/pt\/wp-json\/wp\/v2\/product\/16364","targetHints":{"allow":["GET"]}}],"collection":[{"href":"https:\/\/www.hydraulic-cylinders.net\/pt\/wp-json\/wp\/v2\/product"}],"about":[{"href":"https:\/\/www.hydraulic-cylinders.net\/pt\/wp-json\/wp\/v2\/types\/product"}],"replies":[{"embeddable":true,"href":"https:\/\/www.hydraulic-cylinders.net\/pt\/wp-json\/wp\/v2\/comments?post=16364"}],"wp:featuredmedia":[{"embeddable":true,"href":"https:\/\/www.hydraulic-cylinders.net\/pt\/wp-json\/wp\/v2\/media\/14759"}],"wp:attachment":[{"href":"https:\/\/www.hydraulic-cylinders.net\/pt\/wp-json\/wp\/v2\/media?parent=16364"}],"wp:term":[{"taxonomy":"product_brand","embeddable":true,"href":"https:\/\/www.hydraulic-cylinders.net\/pt\/wp-json\/wp\/v2\/product_brand?post=16364"},{"taxonomy":"product_cat","embeddable":true,"href":"https:\/\/www.hydraulic-cylinders.net\/pt\/wp-json\/wp\/v2\/product_cat?post=16364"},{"taxonomy":"product_tag","embeddable":true,"href":"https:\/\/www.hydraulic-cylinders.net\/pt\/wp-json\/wp\/v2\/product_tag?post=16364"}],"curies":[{"name":"wp","href":"https:\/\/api.w.org\/{rel}","templated":true}]}}