{"id":16367,"date":"2025-01-20T09:09:36","date_gmt":"2025-01-20T09:09:36","guid":{"rendered":"https:\/\/www.hydraulic-cylinders.net\/product\/arm-cylinderfor-sany-middle-excavator-sy265cq\/"},"modified":"2025-01-20T09:09:38","modified_gmt":"2025-01-20T09:09:38","slug":"arm-cylinderfor-sany-middle-excavator-sy265cq","status":"publish","type":"product","link":"https:\/\/www.hydraulic-cylinders.net\/pt\/produto\/arm-cylinderfor-sany-middle-excavator-sy265cq\/","title":{"rendered":"Cilindro do bra\u00e7o para escavadeira m\u00e9dia Sany SY265CQ"},"content":{"rendered":"<h2>Cilindro do bra\u00e7o para escavadeira m\u00e9dia Sany SY265CQ<\/h2>\n<h3>Introdu\u00e7\u00e3o<\/h3>\n<p>O cilindro de bra\u00e7o \u00e9 um cilindro hidr\u00e1ulico especializado, projetado para fornecer movimento linear e pot\u00eancia a diversos bra\u00e7os de m\u00e1quinas, como escavadeiras, guindastes e bra\u00e7os mec\u00e2nicos. Ele desempenha um papel crucial no sistema hidr\u00e1ulico, permitindo o movimento e o controle eficazes de implementos ou acess\u00f3rios. Esses cilindros n\u00e3o apenas proporcionam um movimento suave, mas tamb\u00e9m suportam cargas pesadas, garantindo a opera\u00e7\u00e3o eficiente e a confiabilidade das m\u00e1quinas em diversas condi\u00e7\u00f5es de trabalho.<\/p>\n<p><img decoding=\"async\" src=\"https:\/\/www.hydraulic-cylinders.net\/wp-content\/uploads\/2025\/01\/songte-company-2.webp\" alt=\"Imagem do Cilindro do Bra\u00e7o\"><\/p>\n<h3>Caracter\u00edsticas<\/h3>\n<ul>\n<li>Transmiss\u00e3o de pot\u00eancia eficiente: O cilindro do bra\u00e7o proporciona um movimento linear potente e for\u00e7a que garante a alta efici\u00eancia de desempenho dos bra\u00e7os mec\u00e2nicos em diversas opera\u00e7\u00f5es.<\/li>\n<li>Controle preciso: O cilindro do bra\u00e7o permite um controle preciso do movimento atrav\u00e9s do sistema hidr\u00e1ulico, tornando a opera\u00e7\u00e3o dos implementos mais flex\u00edvel e precisa.<\/li>\n<li>Alta durabilidade: Esses cilindros geralmente s\u00e3o feitos de materiais de alta resist\u00eancia, com boa resist\u00eancia ao desgaste e \u00e0 corros\u00e3o, adequados para uso prolongado em ambientes agressivos.<\/li>\n<li>Adaptabilidade multifuncional: Esses cilindros s\u00e3o amplamente aplic\u00e1veis \u200b\u200ba diversos equipamentos mec\u00e2nicos, como escavadeiras, guindastes e bra\u00e7os mec\u00e2nicos, e se adaptam a diferentes requisitos de trabalho.<\/li>\n<li>Manuten\u00e7\u00e3o facilitada: O projeto considera a facilidade de manuten\u00e7\u00e3o e substitui\u00e7\u00e3o, tornando a inspe\u00e7\u00e3o e a manuten\u00e7\u00e3o regulares mais convenientes e reduzindo o tempo de inatividade do equipamento.<\/li>\n<\/ul>\n<p>Podemos fabricar este produto e nossos produtos podem substituir perfeitamente esses cilindros hidr\u00e1ulicos.<\/p>\n<p><img decoding=\"async\" src=\"https:\/\/www.hydraulic-cylinders.net\/wp-content\/uploads\/2025\/01\/songte-oil-pipes-and-spare-parts.webp\" alt=\"Imagem de substitui\u00e7\u00e3o do cilindro do bra\u00e7o\"><\/p>\n<h3>Aplica\u00e7\u00f5es<\/h3>\n<p>O cilindro de bra\u00e7o \u00e9 amplamente utilizado em diversos setores industriais, incluindo:<\/p>\n<ul>\n<li>Engenharia de Constru\u00e7\u00e3o: Em escavadeiras e guindastes, o cilindro do bra\u00e7o controla o movimento das ca\u00e7ambas ou das lan\u00e7as para trabalhos de terraplenagem, movimenta\u00e7\u00e3o de materiais e instala\u00e7\u00e3o de estruturas.<\/li>\n<li>Fabrica\u00e7\u00e3o: Em linhas de produ\u00e7\u00e3o automatizadas, o Cilindro de Bra\u00e7o controla o movimento de bra\u00e7os mec\u00e2nicos para processos de montagem, soldagem e manuseio, a fim de melhorar a efici\u00eancia e a precis\u00e3o da produ\u00e7\u00e3o.<\/li>\n<li>M\u00e1quinas agr\u00edcolas: Em m\u00e1quinas agr\u00edcolas como colheitadeiras e plantadeiras, o cilindro do bra\u00e7o controla o movimento dos bra\u00e7os operacionais para realizar tarefas como semear, fertilizar e colher.<\/li>\n<li>Minera\u00e7\u00e3o: Em equipamentos de minera\u00e7\u00e3o, o cilindro do bra\u00e7o controla o movimento dos bra\u00e7os do equipamento para extra\u00e7\u00e3o e manuseio de min\u00e9rio.<\/li>\n<li>Log\u00edstica e Transporte: Em empilhadeiras e rob\u00f4s de movimenta\u00e7\u00e3o, o Cilindro do Bra\u00e7o controla o levantamento e o movimento dos garfos para realizar o manuseio e o empilhamento de materiais.<\/li>\n<\/ul>\n<h3>Considera\u00e7\u00f5es de design e crit\u00e9rios de sele\u00e7\u00e3o<\/h3>\n<p>Do ponto de vista do projeto, o Cilindro do Bra\u00e7o precisa levar em considera\u00e7\u00e3o sua capacidade de carga, veda\u00e7\u00e3o, durabilidade, seguran\u00e7a e facilidade de manuten\u00e7\u00e3o.<\/p>\n<ul>\n<li>Capacidade de carga: O cilindro do bra\u00e7o deve ter capacidade de carga suficiente para garantir a seguran\u00e7a da opera\u00e7\u00e3o mec\u00e2nica.<\/li>\n<li>Veda\u00e7\u00e3o: O cilindro do bra\u00e7o deve utilizar diversos tipos de veda\u00e7\u00f5es, como veda\u00e7\u00f5es de pist\u00e3o, veda\u00e7\u00f5es de haste, etc., e selecionar materiais resistentes ao desgaste, como poliuretano e borracha nitr\u00edlica, para garantir um bom desempenho de veda\u00e7\u00e3o.<\/li>\n<li>Durabilidade: O corpo do cilindro e a superf\u00edcie roscada da extremidade devem passar por um acabamento fino para melhorar a resist\u00eancia ao desgaste.<\/li>\n<li>Seguran\u00e7a: O cilindro do bra\u00e7o deve atender a v\u00e1rios requisitos de seguran\u00e7a, como design \u00e0 prova de explos\u00e3o, prote\u00e7\u00e3o anticorrosiva e rigoroso controle de qualidade.<\/li>\n<li>Facilidade de manuten\u00e7\u00e3o: O cilindro do bra\u00e7o deve ser projetado para facilitar a manuten\u00e7\u00e3o e a substitui\u00e7\u00e3o, e o processo de manuten\u00e7\u00e3o deve ser simples e pr\u00e1tico.<\/li>\n<\/ul>\n<p><img decoding=\"async\" src=\"https:\/\/www.hydraulic-cylinders.net\/wp-content\/uploads\/2025\/01\/songte-cylinder-head-with-all-kinds-excavator-models.webp\" alt=\"Imagem de design de cilindro de bra\u00e7o\"><\/p>\n<h3>Veda\u00e7\u00e3o e Lubrifica\u00e7\u00e3o<\/h3>\n<p>O cilindro do bra\u00e7o utiliza diversos tipos de veda\u00e7\u00f5es, como veda\u00e7\u00f5es de pist\u00e3o e de haste, e seleciona materiais resistentes ao desgaste, como poliuretano e borracha nitr\u00edlica, para garantir um bom desempenho de veda\u00e7\u00e3o. O corpo do cilindro e a superf\u00edcie roscada da extremidade passam por um processo de usinagem fino para melhorar a resist\u00eancia ao desgaste. Adicione regularmente a quantidade adequada de \u00f3leo hidr\u00e1ulico para lubrifica\u00e7\u00e3o.<\/p>\n<h3>Medidas de Inspe\u00e7\u00e3o e Manuten\u00e7\u00e3o Preventiva<\/h3>\n<p>Para garantir o funcionamento eficiente e seguro do Cilindro do Bra\u00e7o, \u00e9 necess\u00e1rio inspecion\u00e1-lo e realizar a manuten\u00e7\u00e3o regularmente. As seguintes medidas podem ser tomadas:<\/p>\n<ul>\n<li>Inspecione e substitua veda\u00e7\u00f5es e juntas danificadas.<\/li>\n<li>Verifique se o corpo do cilindro apresenta deforma\u00e7\u00f5es ou desgaste.<\/li>\n<li>Verifique se a extremidade roscada apresenta danos ou corros\u00e3o.<\/li>\n<li>Adicione regularmente a quantidade adequada de \u00f3leo hidr\u00e1ulico para lubrifica\u00e7\u00e3o.<\/li>\n<li>Verifique se a v\u00e1lvula de seguran\u00e7a est\u00e1 funcionando corretamente.<\/li>\n<\/ul>\n<p><img decoding=\"async\" src=\"https:\/\/www.hydraulic-cylinders.net\/wp-content\/uploads\/2025\/01\/songte-chushion-collar.webp\" alt=\"Imagem de inspe\u00e7\u00e3o do cilindro do bra\u00e7o\"><\/p>\n<h3>Guia de instala\u00e7\u00e3o<\/h3>\n<ol>\n<li>Certifique-se de que o cilindro do bra\u00e7o esteja limpo e livre de corpos estranhos.<\/li>\n<li>Alinhe a extremidade roscada do cilindro com o orif\u00edcio no bra\u00e7o da m\u00e1quina.<\/li>\n<li>Use uma chave inglesa para apertar a extremidade roscada.<\/li>\n<li>Conecte a tubula\u00e7\u00e3o hidr\u00e1ulica e as conex\u00f5es.<\/li>\n<li>Adicione a quantidade adequada de \u00f3leo hidr\u00e1ulico para lubrifica\u00e7\u00e3o.<\/li>\n<\/ol>\n<p><img decoding=\"async\" src=\"https:\/\/www.hydraulic-cylinders.net\/wp-content\/uploads\/2025\/01\/songte-bushings-with-all-kinds-of-excavator-models.webp\" alt=\"Imagem de instala\u00e7\u00e3o do cilindro do bra\u00e7o\"><\/p>\n<h3>Considera\u00e7\u00f5es sobre seguran\u00e7a e meio ambiente<\/h3>\n<p>Medidas de seguran\u00e7a s\u00e3o essenciais ao operar o Cilindro de Bra\u00e7o. \u00c9 necess\u00e1rio seguir as instru\u00e7\u00f5es, operar estritamente de acordo com os regulamentos e usar equipamentos de prote\u00e7\u00e3o adequados. A prote\u00e7\u00e3o ambiental tamb\u00e9m deve ser considerada ao descartar o Cilindro de Bra\u00e7o.<\/p>\n<h3>Solu\u00e7\u00e3o de problemas e problemas comuns<\/h3>\n<ul>\n<li>Falha no cilindro: Verifique se h\u00e1 deforma\u00e7\u00e3o ou vazamento de \u00f3leo hidr\u00e1ulico no corpo do cilindro.<\/li>\n<li>Falha na veda\u00e7\u00e3o: Verifique se as veda\u00e7\u00f5es do pist\u00e3o e da haste apresentam desgaste ou danos.<\/li>\n<li>Pist\u00e3o travado: Verifique se h\u00e1 obstru\u00e7\u00f5es no sistema hidr\u00e1ulico ou se o \u00f3leo est\u00e1 com viscosidade inadequada.<\/li>\n<li>Ru\u00eddo anormal: Verifique se h\u00e1 deforma\u00e7\u00e3o ou danos no corpo do cilindro ou na extremidade roscada.<\/li>\n<\/ul>\n<p>Para solucionar problemas, recomenda-se entrar em contato com um t\u00e9cnico profissional para obter assist\u00eancia. Para evitar problemas futuros, a manuten\u00e7\u00e3o regular \u00e9 essencial.<\/p>\n<p><img decoding=\"async\" src=\"https:\/\/www.hydraulic-cylinders.net\/wp-content\/uploads\/2025\/01\/songte-chushion-collar.webp\" alt=\"Imagem de solu\u00e7\u00e3o de problemas do cilindro do bra\u00e7o\"><\/p>\n<h3>Sobre nossa empresa<\/h3>\n<p>Somos um fabricante profissional de cilindros hidr\u00e1ulicos de reposi\u00e7\u00e3o, com uma ampla gama de produtos, e nos tornamos um dos principais fabricantes e distribuidores atacadistas de cilindros hidr\u00e1ulicos nos mercados nacional e internacional. Sempre aderimos ao princ\u00edpio da excel\u00eancia em qualidade, utilizando estrat\u00e9gias de gest\u00e3o de produ\u00e7\u00e3o industrial em nossas instala\u00e7\u00f5es de fabrica\u00e7\u00e3o de alta precis\u00e3o, aprimorando continuamente nosso n\u00edvel t\u00e9cnico e efici\u00eancia produtiva. Atrav\u00e9s da introdu\u00e7\u00e3o de equipamentos de fabrica\u00e7\u00e3o digital de \u00faltima gera\u00e7\u00e3o e sistemas de teste profissionais, otimizamos a plataforma de produ\u00e7\u00e3o e aprimoramos o processo de controle de qualidade do produto, possuindo forte capacidade de inova\u00e7\u00e3o. Nosso objetivo \u00e9 atender \u00e0s diversas necessidades dos clientes com alta efici\u00eancia, precis\u00e3o e alta qualidade.<\/p>\n<p><img decoding=\"async\" src=\"https:\/\/www.hydraulic-cylinders.net\/wp-content\/uploads\/2025\/01\/songte-company-4.webp\" alt=\"Imagem de apresenta\u00e7\u00e3o da empresa\"><\/p>\n<h3>Profissionalismo, Certifica\u00e7\u00e3o Internacional, Personaliza\u00e7\u00e3o, Equipamentos de Produ\u00e7\u00e3o e Servi\u00e7o P\u00f3s-Venda<\/h3>\n<p>Orgulhamo-nos do nosso profissionalismo e da alta qualidade dos nossos produtos. Os nossos produtos possuem certifica\u00e7\u00f5es internacionais como ISO9001 e CE. Tamb\u00e9m oferecemos servi\u00e7os personalizados de acordo com as necessidades dos clientes. Contamos com equipamentos de produ\u00e7\u00e3o avan\u00e7ados, incluindo centros de usinagem CNC, m\u00e1quinas de solda autom\u00e1ticas e equipamentos de teste. Oferecemos servi\u00e7os p\u00f3s-venda completos, incluindo suporte t\u00e9cnico, manuten\u00e7\u00e3o e reparo.<\/p>\n<p><img decoding=\"async\" src=\"https:\/\/www.hydraulic-cylinders.net\/wp-content\/uploads\/2025\/01\/songte-company-3.webp\" alt=\"Imagem de informa\u00e7\u00f5es da empresa\"><\/p>\n<p>Autor: lyl.<\/p>","protected":false},"excerpt":{"rendered":"<p>Arm Cylinder For Sany Middle Excavator SY265CQ Introduction The Arm Cylinder is a specialized hydraulic cylinder designed to provide linear motion and power to various machinery arms such as excavators, cranes, and mechanical arms. It plays a crucial role in the hydraulic system, enabling the effective movement and control of attachments or accessories. These cylinders [&hellip;]<\/p>","protected":false},"featured_media":14779,"comment_status":"open","ping_status":"closed","template":"","meta":{"_et_pb_use_builder":"","_et_pb_old_content":"","_et_gb_content_width":""},"product_brand":[],"product_cat":[1497],"product_tag":[1498,1496],"class_list":{"0":"post-16367","1":"product","2":"type-product","3":"status-publish","4":"has-post-thumbnail","6":"product_cat-arm-cylinders","7":"product_tag-arm-cylinders","8":"product_tag-hydraulic-cylinders","10":"first","11":"instock","12":"shipping-taxable","13":"product-type-simple"},"amp_enabled":true,"_links":{"self":[{"href":"https:\/\/www.hydraulic-cylinders.net\/pt\/wp-json\/wp\/v2\/product\/16367","targetHints":{"allow":["GET"]}}],"collection":[{"href":"https:\/\/www.hydraulic-cylinders.net\/pt\/wp-json\/wp\/v2\/product"}],"about":[{"href":"https:\/\/www.hydraulic-cylinders.net\/pt\/wp-json\/wp\/v2\/types\/product"}],"replies":[{"embeddable":true,"href":"https:\/\/www.hydraulic-cylinders.net\/pt\/wp-json\/wp\/v2\/comments?post=16367"}],"wp:featuredmedia":[{"embeddable":true,"href":"https:\/\/www.hydraulic-cylinders.net\/pt\/wp-json\/wp\/v2\/media\/14779"}],"wp:attachment":[{"href":"https:\/\/www.hydraulic-cylinders.net\/pt\/wp-json\/wp\/v2\/media?parent=16367"}],"wp:term":[{"taxonomy":"product_brand","embeddable":true,"href":"https:\/\/www.hydraulic-cylinders.net\/pt\/wp-json\/wp\/v2\/product_brand?post=16367"},{"taxonomy":"product_cat","embeddable":true,"href":"https:\/\/www.hydraulic-cylinders.net\/pt\/wp-json\/wp\/v2\/product_cat?post=16367"},{"taxonomy":"product_tag","embeddable":true,"href":"https:\/\/www.hydraulic-cylinders.net\/pt\/wp-json\/wp\/v2\/product_tag?post=16367"}],"curies":[{"name":"wp","href":"https:\/\/api.w.org\/{rel}","templated":true}]}}