{"id":16386,"date":"2025-01-20T09:11:17","date_gmt":"2025-01-20T09:11:17","guid":{"rendered":"https:\/\/www.hydraulic-cylinders.net\/product\/arm-cylinderfor-sany-large-excavator-sy485h-9\/"},"modified":"2025-01-20T09:11:19","modified_gmt":"2025-01-20T09:11:19","slug":"arm-cylinderfor-sany-large-excavator-sy485h-9","status":"publish","type":"product","link":"https:\/\/www.hydraulic-cylinders.net\/pt\/produto\/arm-cylinderfor-sany-large-excavator-sy485h-9\/","title":{"rendered":"Cilindro do bra\u00e7o para escavadeira grande Sany SY485H-9"},"content":{"rendered":"<h1>Cilindro do bra\u00e7o para escavadeira grande Sany SY485H-9<\/h1>\n<h2>Introdu\u00e7\u00e3o<\/h2>\n<h3>Defini\u00e7\u00e3o de Cilindro de Bra\u00e7o<\/h3>\n<p>Um cilindro de bra\u00e7o \u00e9 um cilindro hidr\u00e1ulico especialmente projetado para fornecer movimento linear e pot\u00eancia aos bra\u00e7os de diversos tipos de m\u00e1quinas, como escavadeiras, guindastes e bra\u00e7os rob\u00f3ticos. Os cilindros de bra\u00e7o desempenham um papel crucial nos sistemas hidr\u00e1ulicos, permitindo que ferramentas ou acess\u00f3rios adicionais sejam movimentados e controlados com efic\u00e1cia. Esses cilindros n\u00e3o apenas proporcionam um movimento suave, como tamb\u00e9m suportam cargas pesadas, garantindo a opera\u00e7\u00e3o eficiente e a confiabilidade da m\u00e1quina em diversas condi\u00e7\u00f5es de trabalho.<\/p>\n<p><img decoding=\"async\" src=\"https:\/\/www.hydraulic-cylinders.net\/wp-content\/uploads\/2025\/01\/songte-company-2.webp\"><\/p>\n<h3>Caracter\u00edsticas do Cilindro do Bra\u00e7o<\/h3>\n<ul>\n<li><strong>Transmiss\u00e3o de energia eficiente:<\/strong> Os cilindros do bra\u00e7o podem fornecer movimento linear e for\u00e7a potentes, garantindo o alto desempenho do bra\u00e7o rob\u00f3tico em diversas opera\u00e7\u00f5es.<\/li>\n<li><strong>Controle preciso:<\/strong> Por meio do sistema hidr\u00e1ulico, os cilindros do bra\u00e7o podem alcan\u00e7ar um controle de movimento preciso, tornando a opera\u00e7\u00e3o de ferramentas adicionais mais flex\u00edvel e precisa.<\/li>\n<li><strong>Alta durabilidade:<\/strong> Os cilindros de bra\u00e7o s\u00e3o geralmente feitos de materiais de alta resist\u00eancia e possuem boa resist\u00eancia ao desgaste e \u00e0 corros\u00e3o, tornando-os adequados para uso prolongado em ambientes agressivos.<\/li>\n<li><strong>Adaptabilidade multifuncional:<\/strong> Esses cilindros podem ser amplamente utilizados em diversos tipos de m\u00e1quinas, como escavadeiras, guindastes e bra\u00e7os rob\u00f3ticos, adaptando-se a diferentes necessidades de trabalho.<\/li>\n<li><strong>F\u00e1cil manuten\u00e7\u00e3o:<\/strong> O projeto leva em considera\u00e7\u00e3o a facilidade de manuten\u00e7\u00e3o e substitui\u00e7\u00e3o, tornando a inspe\u00e7\u00e3o e a manuten\u00e7\u00e3o regulares mais convenientes e reduzindo o tempo de inatividade do equipamento.<\/li>\n<\/ul>\n<p>Tamb\u00e9m podemos fabricar este produto, e o nosso produto pode substituir perfeitamente esses cilindros hidr\u00e1ulicos.<\/p>\n<p><img decoding=\"async\" src=\"https:\/\/www.hydraulic-cylinders.net\/wp-content\/uploads\/2025\/01\/songte-oil-pipes-and-spare-parts.webp\"><\/p>\n<h2>Aplica\u00e7\u00f5es do Cilindro de Bra\u00e7o<\/h2>\n<p>Os cilindros de bra\u00e7o t\u00eam aplica\u00e7\u00f5es vers\u00e1teis em diversas ind\u00fastrias:<\/p>\n<ul>\n<li><strong>Engenharia de Constru\u00e7\u00e3o:<\/strong> Em escavadeiras e guindastes, os cilindros dos bra\u00e7os s\u00e3o usados \u200b\u200bpara controlar o movimento das ca\u00e7ambas ou das lan\u00e7as, realizando trabalhos de terraplenagem, movimenta\u00e7\u00e3o de materiais e instala\u00e7\u00e3o de estruturas.<\/li>\n<li><strong>Ind\u00fastria de transforma\u00e7\u00e3o:<\/strong> Em linhas de produ\u00e7\u00e3o automatizadas, cilindros de bra\u00e7o s\u00e3o usados \u200b\u200bpara movimentar bra\u00e7os rob\u00f3ticos, realizando processos de montagem, soldagem e manuseio, melhorando a efici\u00eancia e a precis\u00e3o da produ\u00e7\u00e3o.<\/li>\n<li><strong>Maquinaria agr\u00edcola:<\/strong> Em m\u00e1quinas agr\u00edcolas como colheitadeiras e plantadeiras, os cilindros dos bra\u00e7os controlam o movimento dos bra\u00e7os operacionais, realizando tarefas de semeadura, fertiliza\u00e7\u00e3o e colheita.<\/li>\n<li><strong>Ind\u00fastria de minera\u00e7\u00e3o:<\/strong> Em equipamentos de minera\u00e7\u00e3o, os cilindros de bra\u00e7o s\u00e3o usados \u200b\u200bpara controlar o movimento do bra\u00e7o do equipamento, realizando a extra\u00e7\u00e3o e o transporte de min\u00e9rios.<\/li>\n<li><strong>Log\u00edstica e Transporte:<\/strong> Em empilhadeiras e rob\u00f4s de movimenta\u00e7\u00e3o, os cilindros dos bra\u00e7os s\u00e3o usados \u200b\u200bpara controlar o levantamento e o movimento dos garfos, realizando o manuseio e o empilhamento de materiais.<\/li>\n<\/ul>\n<h2>Considera\u00e7\u00f5es de projeto e padr\u00f5es de sele\u00e7\u00e3o<\/h2>\n<h3>Capacidade de carga<\/h3>\n<p>A capacidade de carga \u00e9 um fator cr\u00edtico a ser considerado no projeto de cilindros de bra\u00e7o. O cilindro deve ser capaz de suportar a carga da m\u00e1quina \u00e0 qual est\u00e1 acoplado, bem como a carga adicional das ferramentas ou acess\u00f3rios.<\/p>\n<h3>Selagem<\/h3>\n<p>A veda\u00e7\u00e3o dos cilindros do bra\u00e7o desempenha um papel vital no desempenho geral do sistema hidr\u00e1ulico. A sele\u00e7\u00e3o de veda\u00e7\u00f5es adequadas, como veda\u00e7\u00f5es de pist\u00e3o e veda\u00e7\u00f5es de haste, \u00e9 essencial para evitar vazamentos de \u00f3leo e garantir o funcionamento suave do cilindro.<\/p>\n<h3>Durabilidade<\/h3>\n<p>A durabilidade dos cilindros dos bra\u00e7os rob\u00f3ticos \u00e9 um fator essencial a ser considerado em ambientes operacionais severos. O cilindro deve ser fabricado com materiais de alta qualidade e com tratamento de superf\u00edcie adequado para melhorar a resist\u00eancia ao desgaste e \u00e0 corros\u00e3o.<\/p>\n<h3>Seguran\u00e7a<\/h3>\n<p>A seguran\u00e7a dos cilindros de bra\u00e7o deve ser garantida no processo de projeto para evitar acidentes durante a opera\u00e7\u00e3o. O cilindro deve ser projetado com recursos de seguran\u00e7a, como v\u00e1lvulas de al\u00edvio, travas de seguran\u00e7a e bot\u00f5es de parada de emerg\u00eancia, para garantir uma opera\u00e7\u00e3o segura.<\/p>\n<h3>Manuten\u00e7\u00e3o<\/h3>\n<p>O projeto dos cilindros dos bra\u00e7os rob\u00f3ticos deve levar em considera\u00e7\u00e3o a facilidade de manuten\u00e7\u00e3o e substitui\u00e7\u00e3o de pe\u00e7as. A manuten\u00e7\u00e3o programada e a substitui\u00e7\u00e3o imediata de pe\u00e7as desgastadas podem minimizar o tempo de inatividade e prolongar a vida \u00fatil do cilindro.<\/p>\n<p><img decoding=\"async\" src=\"https:\/\/www.hydraulic-cylinders.net\/wp-content\/uploads\/2025\/01\/songte-cylinder-head-with-all-kinds-excavator-models.webp\"><\/p>\n<h2>Veda\u00e7\u00e3o e Lubrifica\u00e7\u00e3o<\/h2>\n<p>Diversos elementos de veda\u00e7\u00e3o, como veda\u00e7\u00f5es de pist\u00e3o e veda\u00e7\u00f5es de haste, s\u00e3o utilizados em cilindros de bra\u00e7o para evitar vazamentos de \u00f3leo e garantir um funcionamento suave. A sele\u00e7\u00e3o de materiais de veda\u00e7\u00e3o adequados, como poliuretano e borracha nitr\u00edlica, pode aumentar a resist\u00eancia ao desgaste do cilindro, enquanto o acabamento fino do corpo do cilindro e da superf\u00edcie da extremidade da rosca tamb\u00e9m contribui para essa resist\u00eancia.<\/p>\n<p>A lubrifica\u00e7\u00e3o tamb\u00e9m \u00e9 fundamental para o desempenho dos cilindros do bra\u00e7o rob\u00f3tico. A adi\u00e7\u00e3o regular de \u00f3leo hidr\u00e1ulico adequado ao cilindro pode melhorar a veda\u00e7\u00e3o, reduzir o atrito e prevenir o desgaste do cilindro.<\/p>\n<h2>Manuten\u00e7\u00e3o e precau\u00e7\u00f5es<\/h2>\n<p>Inspe\u00e7\u00f5es regulares e manuten\u00e7\u00e3o preventiva s\u00e3o necess\u00e1rias para garantir o bom desempenho dos cilindros do bra\u00e7o. Aqui est\u00e3o algumas medidas de manuten\u00e7\u00e3o:<\/p>\n<ul>\n<li>Verifique regularmente o n\u00edvel e a qualidade do \u00f3leo e complete ou troque o \u00f3leo quando necess\u00e1rio.<\/li>\n<li>Verifique regularmente o desempenho da veda\u00e7\u00e3o do cilindro e substitua as veda\u00e7\u00f5es desgastadas a tempo.<\/li>\n<li>Limpe regularmente a superf\u00edcie do cilindro para evitar a entrada de poeira e impurezas.<\/li>\n<li>Verifique regularmente os parafusos e porcas de fixa\u00e7\u00e3o e aperte-os, se necess\u00e1rio.<\/li>\n<\/ul>\n<p>Medidas preventivas:<\/p>\n<ul>\n<li>Evite sobrecarregar o cilindro para evitar danos ao mesmo.<\/li>\n<li>Para evitar deforma\u00e7\u00f5es ou danos, impe\u00e7a que o cilindro seja atingido por for\u00e7as externas.<\/li>\n<li>Proteja o cilindro de ambientes corrosivos para evitar a corros\u00e3o.<\/li>\n<\/ul>\n<p><img decoding=\"async\" src=\"https:\/\/www.hydraulic-cylinders.net\/wp-content\/uploads\/2025\/01\/songte-chushion-collar.webp\"><\/p>\n<h2>Guia de instala\u00e7\u00e3o<\/h2>\n<p>A instala\u00e7\u00e3o dos cilindros de bra\u00e7o deve seguir os seguintes passos:<\/p>\n<ol>\n<li>Escolha o cilindro de bra\u00e7o apropriado de acordo com os requisitos da m\u00e1quina e selecione a posi\u00e7\u00e3o de instala\u00e7\u00e3o adequada.<\/li>\n<li>Verifique se a superf\u00edcie de instala\u00e7\u00e3o da m\u00e1quina e do cilindro est\u00e1 plana e limpa, e remova quaisquer detritos ou manchas de \u00f3leo.<\/li>\n<li>Instale o cilindro de acordo com as instru\u00e7\u00f5es de instala\u00e7\u00e3o e preste aten\u00e7\u00e3o \u00e0 dire\u00e7\u00e3o da cabe\u00e7a do cilindro e da haste do pist\u00e3o.<\/li>\n<li>Conecte os tubos e conex\u00f5es hidr\u00e1ulicas de acordo com o diagrama do circuito hidr\u00e1ulico e aperte os parafusos.<\/li>\n<li>Verifique se h\u00e1 vazamentos na instala\u00e7\u00e3o do cilindro e dos tubos e teste o funcionamento do cilindro.<\/li>\n<\/ol>\n<p><img decoding=\"async\" src=\"https:\/\/www.hydraulic-cylinders.net\/wp-content\/uploads\/2025\/01\/songte-bushings-with-all-kinds-of-excavator-models.webp\"><\/p>\n<h2>Considera\u00e7\u00f5es sobre seguran\u00e7a e meio ambiente<\/h2>\n<p>A seguran\u00e7a dos cilindros do bra\u00e7o \u00e9 crucial para evitar acidentes durante a opera\u00e7\u00e3o. Os usu\u00e1rios devem seguir as instru\u00e7\u00f5es de seguran\u00e7a e operar a m\u00e1quina corretamente para evitar perigos.<\/p>\n<p>A prote\u00e7\u00e3o ambiental tamb\u00e9m deve ser considerada durante o uso e a manuten\u00e7\u00e3o dos cilindros de ar comprimido. A manuten\u00e7\u00e3o regular e a substitui\u00e7\u00e3o de pe\u00e7as desgastadas podem reduzir o vazamento de \u00f3leo e prevenir a polui\u00e7\u00e3o ambiental.<\/p>\n<h2>Solu\u00e7\u00e3o de problemas e problemas comuns<\/h2>\n<p>Problemas comuns com cilindros de bra\u00e7o incluem vazamento de \u00f3leo, pot\u00eancia insuficiente e ru\u00eddo anormal. Aqui est\u00e3o algumas dicas para diagnosticar e solucionar esses problemas:<\/p>\n<ul>\n<li>Se houver vazamento de \u00f3leo, verifique as veda\u00e7\u00f5es e substitua-as, se necess\u00e1rio.<\/li>\n<li>Se a pot\u00eancia for insuficiente, verifique se o cilindro est\u00e1 sobrecarregado ou se o circuito hidr\u00e1ulico est\u00e1 bloqueado.<\/li>\n<li>Caso haja ru\u00eddo anormal, verifique se h\u00e1 danos ou pe\u00e7as soltas no cilindro e no circuito hidr\u00e1ulico.<\/li>\n<\/ul>\n<p>Para evitar poss\u00edveis problemas, os usu\u00e1rios devem seguir as medidas de manuten\u00e7\u00e3o e precau\u00e7\u00f5es mencionadas acima e solucionar prontamente os problemas assim que ocorrerem.<\/p>\n<p><img decoding=\"async\" src=\"https:\/\/www.hydraulic-cylinders.net\/wp-content\/uploads\/2025\/01\/songte-company-4.webp\"><br \/>\n<img decoding=\"async\" src=\"https:\/\/www.hydraulic-cylinders.net\/wp-content\/uploads\/2025\/01\/songte-company-3.webp\"><\/p>\n<h2>Sobre n\u00f3s<\/h2>\n<p>Somos um fabricante profissional de cilindros hidr\u00e1ulicos de reposi\u00e7\u00e3o com uma ampla gama de produtos e nos tornamos um dos principais fabricantes e distribuidores atacadistas de cilindros hidr\u00e1ulicos no mercado nacional e internacional. Sempre priorizamos a excel\u00eancia em qualidade, utilizando estrat\u00e9gias de gest\u00e3o de produ\u00e7\u00e3o industrial em instala\u00e7\u00f5es de fabrica\u00e7\u00e3o sofisticadas e aprimorando continuamente nossa tecnologia e efici\u00eancia produtiva. Ao introduzir equipamentos de fabrica\u00e7\u00e3o digital de ponta e sistemas de teste profissionais, otimizamos a plataforma de produ\u00e7\u00e3o, aprimoramos o processo de controle de qualidade do produto e desenvolvemos uma forte capacidade de inova\u00e7\u00e3o. Nosso objetivo \u00e9 atender \u00e0s diversas necessidades dos clientes com alta efici\u00eancia, precis\u00e3o e alta qualidade.<\/p>\n<h3>Profissionalismo<\/h3>\n<p>Nossa equipe \u00e9 composta por profissionais experientes que atuam no setor de cilindros hidr\u00e1ulicos h\u00e1 muitos anos. Possu\u00edmos um profundo conhecimento do mercado de cilindros hidr\u00e1ulicos e das necessidades dos clientes, podendo assim oferecer servi\u00e7os profissionais e eficientes.<\/p>\n<h3>Certifica\u00e7\u00e3o Internacional<\/h3>\n<p>Nossos cilindros hidr\u00e1ulicos possuem certifica\u00e7\u00e3o internacional, incluindo CE, SGS e ISO9001, garantindo a alta qualidade de nossos produtos e a seguran\u00e7a dos usu\u00e1rios.<\/p>\n<h3>Servi\u00e7os de Personaliza\u00e7\u00e3o<\/h3>\n<p>Podemos fornecer cilindros hidr\u00e1ulicos personalizados de acordo com as necessidades dos clientes, incluindo tamanho, material e tratamento de superf\u00edcie, para atender \u00e0s suas diversas demandas.<\/p>\n<h3>Equipamentos de Produ\u00e7\u00e3o Avan\u00e7ados<\/h3>\n<p>Introduzimos equipamentos de fabrica\u00e7\u00e3o avan\u00e7ados, como centros de usinagem CNC, para melhorar a precis\u00e3o e a efici\u00eancia de nossa produ\u00e7\u00e3o e garantir a alta qualidade de nossos produtos.<\/p>\n<h3>Servi\u00e7o p\u00f3s-venda<\/h3>\n<p>Nossa equipe de p\u00f3s-venda pode fornecer aos clientes suporte t\u00e9cnico profissional e assist\u00eancia em tempo h\u00e1bil para garantir o bom funcionamento dos cilindros hidr\u00e1ulicos.<\/p>\n<h4>Autor: lyl<\/h4>","protected":false},"excerpt":{"rendered":"<p>Arm Cylinder For Sany Large Excavator SY485H-9 Introduction Definition of Arm Cylinder An arm cylinder is a specially designed hydraulic cylinder used primarily to provide linear motion and power to the arms of various types of machinery, such as excavators, cranes, and robotic arms. Arm cylinders play a crucial role in hydraulic systems, allowing additional [&hellip;]<\/p>","protected":false},"featured_media":14783,"comment_status":"open","ping_status":"closed","template":"","meta":{"_et_pb_use_builder":"","_et_pb_old_content":"","_et_gb_content_width":""},"product_brand":[],"product_cat":[1497],"product_tag":[1498,1496],"class_list":{"0":"post-16386","1":"product","2":"type-product","3":"status-publish","4":"has-post-thumbnail","6":"product_cat-arm-cylinders","7":"product_tag-arm-cylinders","8":"product_tag-hydraulic-cylinders","10":"first","11":"instock","12":"shipping-taxable","13":"product-type-simple"},"amp_enabled":true,"_links":{"self":[{"href":"https:\/\/www.hydraulic-cylinders.net\/pt\/wp-json\/wp\/v2\/product\/16386","targetHints":{"allow":["GET"]}}],"collection":[{"href":"https:\/\/www.hydraulic-cylinders.net\/pt\/wp-json\/wp\/v2\/product"}],"about":[{"href":"https:\/\/www.hydraulic-cylinders.net\/pt\/wp-json\/wp\/v2\/types\/product"}],"replies":[{"embeddable":true,"href":"https:\/\/www.hydraulic-cylinders.net\/pt\/wp-json\/wp\/v2\/comments?post=16386"}],"wp:featuredmedia":[{"embeddable":true,"href":"https:\/\/www.hydraulic-cylinders.net\/pt\/wp-json\/wp\/v2\/media\/14783"}],"wp:attachment":[{"href":"https:\/\/www.hydraulic-cylinders.net\/pt\/wp-json\/wp\/v2\/media?parent=16386"}],"wp:term":[{"taxonomy":"product_brand","embeddable":true,"href":"https:\/\/www.hydraulic-cylinders.net\/pt\/wp-json\/wp\/v2\/product_brand?post=16386"},{"taxonomy":"product_cat","embeddable":true,"href":"https:\/\/www.hydraulic-cylinders.net\/pt\/wp-json\/wp\/v2\/product_cat?post=16386"},{"taxonomy":"product_tag","embeddable":true,"href":"https:\/\/www.hydraulic-cylinders.net\/pt\/wp-json\/wp\/v2\/product_tag?post=16386"}],"curies":[{"name":"wp","href":"https:\/\/api.w.org\/{rel}","templated":true}]}}