{"id":16441,"date":"2025-01-20T09:16:03","date_gmt":"2025-01-20T09:16:03","guid":{"rendered":"https:\/\/www.hydraulic-cylinders.net\/product\/arm-cylinderfor-sunward-small-excavator-swe70e\/"},"modified":"2025-01-20T09:16:04","modified_gmt":"2025-01-20T09:16:04","slug":"arm-cylinderfor-sunward-small-excavator-swe70e","status":"publish","type":"product","link":"https:\/\/www.hydraulic-cylinders.net\/pt\/produto\/arm-cylinderfor-sunward-small-excavator-swe70e\/","title":{"rendered":"Cilindro do bra\u00e7o para mini escavadeira Sunward SWE70E"},"content":{"rendered":"<h2>Cilindro do bra\u00e7o para mini escavadeira Sunward SWE70E<\/h2>\n<h3>Introdu\u00e7\u00e3o<\/h3>\n<p>O cilindro de bra\u00e7o \u00e9 um cilindro hidr\u00e1ulico especializado, projetado para fornecer movimento linear e pot\u00eancia a diversos tipos de m\u00e1quinas, como escavadeiras, guindastes e bra\u00e7os mec\u00e2nicos. O cilindro de bra\u00e7o desempenha um papel crucial nos sistemas hidr\u00e1ulicos, permitindo que implementos ou acess\u00f3rios se movam e sejam controlados com efic\u00e1cia. Esses cilindros n\u00e3o apenas proporcionam movimento suave, mas tamb\u00e9m suportam cargas pesadas, garantindo a opera\u00e7\u00e3o eficiente e a confiabilidade da m\u00e1quina em diversas condi\u00e7\u00f5es de trabalho.<\/p>\n<p><img decoding=\"async\" src=\"https:\/\/www.hydraulic-cylinders.net\/wp-content\/uploads\/2025\/01\/songte-company-2.webp\" alt=\"Cilindro de bra\u00e7o\"\/><\/p>\n<h3>Caracter\u00edsticas<\/h3>\n<ul>\n<li>Transmiss\u00e3o de pot\u00eancia eficiente: O cilindro do bra\u00e7o proporciona movimento linear e for\u00e7a potentes, garantindo alto desempenho do bra\u00e7o mec\u00e2nico em diversas opera\u00e7\u00f5es.<\/li>\n<li>Controle preciso: Atrav\u00e9s do sistema hidr\u00e1ulico, o cilindro do bra\u00e7o permite um controle preciso do movimento, tornando a opera\u00e7\u00e3o dos implementos mais flex\u00edvel e precisa.<\/li>\n<li>Alta durabilidade: O cilindro do bra\u00e7o \u00e9 geralmente feito de materiais de alta resist\u00eancia, com boa resist\u00eancia ao desgaste e \u00e0 corros\u00e3o, adequado para uso prolongado em ambientes agressivos.<\/li>\n<li>Adaptabilidade multifuncional: Esses cilindros podem ser amplamente utilizados em diversos equipamentos mec\u00e2nicos, como escavadeiras, guindastes e bra\u00e7os mec\u00e2nicos, adaptando-se a diferentes necessidades de trabalho.<\/li>\n<li>Manuten\u00e7\u00e3o facilitada: Projetado para facilitar a manuten\u00e7\u00e3o e a substitui\u00e7\u00e3o, as inspe\u00e7\u00f5es e manuten\u00e7\u00f5es peri\u00f3dicas tornam-se mais convenientes, reduzindo o tempo de inatividade do equipamento.<\/li>\n<\/ul>\n<p>Podemos produzir este produto, que pode substituir perfeitamente esses cilindros hidr\u00e1ulicos.<\/p>\n<p><img decoding=\"async\" src=\"https:\/\/www.hydraulic-cylinders.net\/wp-content\/uploads\/2025\/01\/songte-oil-pipes-and-spare-parts.webp\" alt=\"Pe\u00e7as de reposi\u00e7\u00e3o para cilindros hidr\u00e1ulicos\"\/><\/p>\n<h3>Aplica\u00e7\u00f5es<\/h3>\n<p>O cilindro de bra\u00e7o \u00e9 amplamente utilizado em diversos setores industriais, incluindo:<\/p>\n<ul>\n<li>Engenharia de Constru\u00e7\u00e3o: Em escavadeiras e guindastes, o cilindro do bra\u00e7o \u00e9 usado para controlar o movimento das ca\u00e7ambas ou das lan\u00e7as, realizando movimenta\u00e7\u00e3o de terra, manuseio de materiais e instala\u00e7\u00e3o de estruturas.<\/li>\n<li>Fabrica\u00e7\u00e3o: Em linhas de produ\u00e7\u00e3o automatizadas, o Cilindro de Bra\u00e7o \u00e9 utilizado para movimentar bra\u00e7os mec\u00e2nicos, realizando processos de montagem, soldagem e manuseio, melhorando a efici\u00eancia e a precis\u00e3o da produ\u00e7\u00e3o.<\/li>\n<li>M\u00e1quinas agr\u00edcolas: Em m\u00e1quinas agr\u00edcolas como colheitadeiras e semeadoras, o cilindro do bra\u00e7o controla o movimento do bra\u00e7o operacional, realizando tarefas como plantio, fertiliza\u00e7\u00e3o e colheita.<\/li>\n<li>Minera\u00e7\u00e3o: Em equipamentos de minera\u00e7\u00e3o, o cilindro do bra\u00e7o \u00e9 usado para controlar o movimento do bra\u00e7o do equipamento, realizando a extra\u00e7\u00e3o e o manuseio de materiais.<\/li>\n<li>Log\u00edstica e Transporte: Em empilhadeiras e rob\u00f4s de movimenta\u00e7\u00e3o, o Cilindro do Bra\u00e7o \u00e9 utilizado para controlar o levantamento e o movimento dos garfos, possibilitando a movimenta\u00e7\u00e3o e o empilhamento de materiais.<\/li>\n<\/ul>\n<h3>Considera\u00e7\u00f5es de design e crit\u00e9rios de sele\u00e7\u00e3o<\/h3>\n<p>Considerando os aspectos do projeto, o Cilindro do Bra\u00e7o precisa ter as seguintes caracter\u00edsticas:<\/p>\n<ul>\n<li>Capacidade de carga: O cilindro do bra\u00e7o precisa ter capacidade de carga suficiente para atender \u00e0s necessidades de diversas condi\u00e7\u00f5es de trabalho.<\/li>\n<li>Desempenho de veda\u00e7\u00e3o: O cilindro do bra\u00e7o precisa ter um bom desempenho de veda\u00e7\u00e3o para evitar vazamentos de \u00f3leo e garantir uma opera\u00e7\u00e3o est\u00e1vel.<\/li>\n<li>Durabilidade: O cilindro do bra\u00e7o precisa ser dur\u00e1vel e resistente ao desgaste e \u00e0 corros\u00e3o para garantir o uso a longo prazo em ambientes agressivos.<\/li>\n<li>Seguran\u00e7a: O cilindro do bra\u00e7o precisa atender aos requisitos de seguran\u00e7a para evitar acidentes durante a opera\u00e7\u00e3o.<\/li>\n<li>Facilidade de manuten\u00e7\u00e3o: O cilindro do bra\u00e7o precisa ser f\u00e1cil de manter e reparar para reduzir o tempo de inatividade do equipamento.<\/li>\n<\/ul>\n<p><img decoding=\"async\" src=\"https:\/\/www.hydraulic-cylinders.net\/wp-content\/uploads\/2025\/01\/songte-cylinder-head-with-all-kinds-excavator-models.webp\" alt=\"Cabe\u00e7a do cilindro\"\/><\/p>\n<h3>Veda\u00e7\u00e3o e Lubrifica\u00e7\u00e3o<\/h3>\n<p>O Cilindro do Bra\u00e7o utiliza diversos componentes de veda\u00e7\u00e3o, como veda\u00e7\u00f5es de pist\u00e3o, veda\u00e7\u00f5es de haste, etc. Os componentes de veda\u00e7\u00e3o s\u00e3o fabricados com materiais resistentes ao desgaste, como poliuretano, borracha nitr\u00edlica, etc. O corpo do cilindro e a superf\u00edcie da extremidade da rosca s\u00e3o finamente usinados para melhorar a resist\u00eancia ao desgaste. A adi\u00e7\u00e3o regular de \u00f3leo hidr\u00e1ulico apropriado para lubrifica\u00e7\u00e3o \u00e9 necess\u00e1ria para manter o Cilindro do Bra\u00e7o funcionando sem problemas.<\/p>\n<h3>Manuten\u00e7\u00e3o preventiva e resolu\u00e7\u00e3o de problemas<\/h3>\n<p>Inspe\u00e7\u00f5es regulares e manuten\u00e7\u00e3o preventiva podem reduzir a probabilidade de falha do cilindro do bra\u00e7o. Caso ocorram problemas, as seguintes etapas de solu\u00e7\u00e3o de problemas podem ser seguidas:<\/p>\n<ul>\n<li>Verifique se h\u00e1 vazamentos no sistema hidr\u00e1ulico e repare-os o mais r\u00e1pido poss\u00edvel.<\/li>\n<li>Verifique o desgaste da veda\u00e7\u00e3o e substitua-a a tempo.<\/li>\n<li>Verifique a limpeza do \u00f3leo hidr\u00e1ulico e substitua-o, se necess\u00e1rio.<\/li>\n<li>Verifique se as porcas e os parafusos est\u00e3o bem apertados e aperte-os, se necess\u00e1rio.<\/li>\n<li>Verifique o desgaste do corpo do cilindro e repare ou substitua-o, se necess\u00e1rio.<\/li>\n<\/ul>\n<p>Para evitar problemas, recomenda-se:<\/p>\n<ul>\n<li>Limpe e fa\u00e7a a manuten\u00e7\u00e3o do sistema hidr\u00e1ulico regularmente para evitar contamina\u00e7\u00e3o.<\/li>\n<li>Verifique regularmente o cilindro do bra\u00e7o quanto a sinais de desgaste e substitua as pe\u00e7as desgastadas a tempo.<\/li>\n<li>Utilize o cilindro do bra\u00e7o dentro dos par\u00e2metros especificados para evitar sobrecarga.<\/li>\n<\/ul>\n<p><img decoding=\"async\" src=\"https:\/\/www.hydraulic-cylinders.net\/wp-content\/uploads\/2025\/01\/songte-chushion-collar.webp\" alt=\"Coleira almofadada\"\/><\/p>\n<h3>Guia de instala\u00e7\u00e3o<\/h3>\n<p>Antes da instala\u00e7\u00e3o, confirme se o cilindro do bra\u00e7o \u00e9 compat\u00edvel com o modelo da escavadeira e se todas as linhas hidr\u00e1ulicas est\u00e3o livres de detritos. Siga estas etapas para a instala\u00e7\u00e3o:<\/p>\n<ol>\n<li>Fixe o cilindro do bra\u00e7o \u00e0 escavadeira usando parafusos e porcas.<\/li>\n<li>Connect the hydraulic lines to the Arm Cylinder according to the manufacturer&#8217;s instructions.<\/li>\n<li>Verifique se h\u00e1 vazamentos e repare-os, se necess\u00e1rio.<\/li>\n<li>Teste o cilindro do bra\u00e7o para garantir que ele funcione de forma suave e correta.<\/li>\n<\/ol>\n<h3>Sobre n\u00f3s<\/h3>\n<p>We are a professional manufacturer of replacement hydraulic cylinders with a wide range of products and have become one of the leading hydraulic cylinder manufacturers and wholesale distributors in domestic and foreign markets. We always adhere to the principle of excellent quality and continuously improve our technology and production efficiency through industrialized production management strategies in sophisticated manufacturing workshops. With the introduction of high-end digital manufacturing equipment and professional testing systems, we continuously optimize the manufacturing platform and improve product quality control processes, possessing strong innovation capabilities. Our goal is to meet customers&#8217; diversified needs with the principles of efficiency, precision, and high quality.<\/p>\n<p><img decoding=\"async\" src=\"https:\/\/www.hydraulic-cylinders.net\/wp-content\/uploads\/2025\/01\/songte-company-4.webp\" alt=\"Empresa\"\/><\/p>\n<h3>Profissionalismo, Certifica\u00e7\u00e3o Internacional, Servi\u00e7os Personalizados, Equipamentos de Produ\u00e7\u00e3o e Servi\u00e7o P\u00f3s-Venda<\/h3>\n<ul>\n<li>Profissionalismo: Nossa equipe \u00e9 formada por engenheiros e t\u00e9cnicos experientes que podem fornecer solu\u00e7\u00f5es profissionais para os clientes.<\/li>\n<li>Certifica\u00e7\u00e3o Internacional: Nossos produtos possuem certifica\u00e7\u00f5es internacionais como ISO9001, CE e UL.<\/li>\n<li>Customized Services: We can provide customized hydraulic cylinders according to customers&#8217; requirements.<\/li>\n<li>Equipamentos de produ\u00e7\u00e3o: Utilizamos equipamentos de fabrica\u00e7\u00e3o digital avan\u00e7ados para garantir a qualidade do produto e a efici\u00eancia da produ\u00e7\u00e3o.<\/li>\n<li>Servi\u00e7o p\u00f3s-venda: Oferecemos servi\u00e7os p\u00f3s-venda completos para garantir a satisfa\u00e7\u00e3o do cliente.<\/li>\n<\/ul>\n<p><img decoding=\"async\" src=\"https:\/\/www.hydraulic-cylinders.net\/wp-content\/uploads\/2025\/01\/songte-company-3.webp\" alt=\"Empresa\"\/><\/p>\n<p>Autor: lyl.<\/p>","protected":false},"excerpt":{"rendered":"<p>Arm Cylinder For Sunward Small Excavator SWE70E Introduction The Arm Cylinder is a specialized hydraulic cylinder designed to provide linear motion and power for various types of machinery, such as excavators, cranes, and mechanical arms. The Arm Cylinder plays a crucial role in hydraulic systems, allowing attachments or accessories to move and be controlled effectively. [&hellip;]<\/p>","protected":false},"featured_media":14770,"comment_status":"open","ping_status":"closed","template":"","meta":{"_et_pb_use_builder":"","_et_pb_old_content":"","_et_gb_content_width":""},"product_brand":[],"product_cat":[1497],"product_tag":[1498,1496],"class_list":{"0":"post-16441","1":"product","2":"type-product","3":"status-publish","4":"has-post-thumbnail","6":"product_cat-arm-cylinders","7":"product_tag-arm-cylinders","8":"product_tag-hydraulic-cylinders","10":"first","11":"instock","12":"shipping-taxable","13":"product-type-simple"},"amp_enabled":true,"_links":{"self":[{"href":"https:\/\/www.hydraulic-cylinders.net\/pt\/wp-json\/wp\/v2\/product\/16441","targetHints":{"allow":["GET"]}}],"collection":[{"href":"https:\/\/www.hydraulic-cylinders.net\/pt\/wp-json\/wp\/v2\/product"}],"about":[{"href":"https:\/\/www.hydraulic-cylinders.net\/pt\/wp-json\/wp\/v2\/types\/product"}],"replies":[{"embeddable":true,"href":"https:\/\/www.hydraulic-cylinders.net\/pt\/wp-json\/wp\/v2\/comments?post=16441"}],"wp:featuredmedia":[{"embeddable":true,"href":"https:\/\/www.hydraulic-cylinders.net\/pt\/wp-json\/wp\/v2\/media\/14770"}],"wp:attachment":[{"href":"https:\/\/www.hydraulic-cylinders.net\/pt\/wp-json\/wp\/v2\/media?parent=16441"}],"wp:term":[{"taxonomy":"product_brand","embeddable":true,"href":"https:\/\/www.hydraulic-cylinders.net\/pt\/wp-json\/wp\/v2\/product_brand?post=16441"},{"taxonomy":"product_cat","embeddable":true,"href":"https:\/\/www.hydraulic-cylinders.net\/pt\/wp-json\/wp\/v2\/product_cat?post=16441"},{"taxonomy":"product_tag","embeddable":true,"href":"https:\/\/www.hydraulic-cylinders.net\/pt\/wp-json\/wp\/v2\/product_tag?post=16441"}],"curies":[{"name":"wp","href":"https:\/\/api.w.org\/{rel}","templated":true}]}}