{"id":16446,"date":"2025-01-21T05:25:46","date_gmt":"2025-01-21T05:25:46","guid":{"rendered":"https:\/\/www.hydraulic-cylinders.net\/product\/arm-cylinder-for-sunward-small-excavator-swe80e\/"},"modified":"2025-01-21T05:25:57","modified_gmt":"2025-01-21T05:25:57","slug":"arm-cylinder-for-sunward-small-excavator-swe80e","status":"publish","type":"product","link":"https:\/\/www.hydraulic-cylinders.net\/pt\/produto\/arm-cylinder-for-sunward-small-excavator-swe80e\/","title":{"rendered":"Cilindro do bra\u00e7o para mini escavadeira Sunward SWE80E"},"content":{"rendered":"<h1>Cilindro do bra\u00e7o para mini escavadeira Sunward SWE80E<\/h1>\n<h2>Introdu\u00e7\u00e3o<\/h2>\n<p>Um cilindro de bra\u00e7o \u00e9 um cilindro hidr\u00e1ulico especialmente projetado para fornecer movimento linear e pot\u00eancia aos bra\u00e7os de diversos tipos de m\u00e1quinas, como escavadeiras, guindastes e bra\u00e7os rob\u00f3ticos. O cilindro de bra\u00e7o desempenha um papel crucial nos sistemas hidr\u00e1ulicos, permitindo que ferramentas ou acess\u00f3rios acoplados se movam e sejam controlados com efici\u00eancia. Esses cilindros n\u00e3o apenas proporcionam movimento suave, mas tamb\u00e9m suportam cargas pesadas, garantindo a opera\u00e7\u00e3o eficiente e a confiabilidade das m\u00e1quinas em diversas condi\u00e7\u00f5es de trabalho.<\/p>\n<p><img decoding=\"async\" src=\"https:\/\/www.hydraulic-cylinders.net\/wp-content\/uploads\/2025\/01\/songte-company-2.webp\"><\/p>\n<h2>Caracter\u00edsticas do produto<\/h2>\n<ul>\n<li>Transmiss\u00e3o de pot\u00eancia eficiente: Os cilindros dos bra\u00e7os proporcionam forte movimento linear e for\u00e7a, garantindo o alto desempenho dos bra\u00e7os da m\u00e1quina em diversas opera\u00e7\u00f5es.<\/li>\n<li>Controle preciso: Atrav\u00e9s do sistema hidr\u00e1ulico, os cilindros do bra\u00e7o podem alcan\u00e7ar um controle preciso do movimento, tornando a opera\u00e7\u00e3o das ferramentas acopladas mais flex\u00edvel e precisa.<\/li>\n<li>Alta durabilidade: Os cilindros dos bra\u00e7os s\u00e3o geralmente feitos de materiais de alta resist\u00eancia, com boa resist\u00eancia ao desgaste e \u00e0 corros\u00e3o, adequados para uso prolongado em ambientes agressivos.<\/li>\n<li>Adaptabilidade multifuncional: Esses cilindros podem ser amplamente utilizados em diversos equipamentos mec\u00e2nicos, como escavadeiras, guindastes e bra\u00e7os rob\u00f3ticos, para atender a diferentes requisitos de trabalho.<\/li>\n<li>Manuten\u00e7\u00e3o f\u00e1cil: Projetado para facilitar a manuten\u00e7\u00e3o e a substitui\u00e7\u00e3o, tornando a inspe\u00e7\u00e3o e a manuten\u00e7\u00e3o regulares mais convenientes e reduzindo o tempo de inatividade do equipamento.<\/li>\n<\/ul>\n<p>Podemos produzir este produto, e nossos produtos podem ser um substituto perfeito para esses cilindros hidr\u00e1ulicos.<\/p>\n<p><img decoding=\"async\" src=\"https:\/\/www.hydraulic-cylinders.net\/wp-content\/uploads\/2025\/01\/songte-oil-pipes-and-spare-parts.webp\"><\/p>\n<h2>Aplica\u00e7\u00f5es<\/h2>\n<p>O cilindro de bra\u00e7o tem uma ampla gama de aplica\u00e7\u00f5es:<\/p>\n<ul>\n<li><strong>Engenharia de constru\u00e7\u00e3o:<\/strong> Em escavadeiras e guindastes, os cilindros dos bra\u00e7os s\u00e3o usados \u200b\u200bpara controlar o movimento das ca\u00e7ambas ou das lan\u00e7as, realizando trabalhos de terraplenagem, movimenta\u00e7\u00e3o de materiais e instala\u00e7\u00e3o de estruturas.<\/li>\n<li><strong>Ind\u00fastria de manufatura:<\/strong> Em linhas de produ\u00e7\u00e3o automatizadas, os cilindros de bra\u00e7o s\u00e3o usados \u200b\u200bpara movimentar os bra\u00e7os rob\u00f3ticos, realizando processos de montagem, soldagem e manuseio, melhorando a efici\u00eancia e a precis\u00e3o da produ\u00e7\u00e3o.<\/li>\n<li><strong>Maquinaria agr\u00edcola:<\/strong> Em equipamentos agr\u00edcolas como colheitadeiras e plantadeiras, os cilindros dos bra\u00e7os controlam o movimento dos bra\u00e7os operacionais, realizando tarefas como plantio, fertiliza\u00e7\u00e3o e colheita.<\/li>\n<li><strong>Minera\u00e7\u00e3o:<\/strong> Em equipamentos de minera\u00e7\u00e3o, os cilindros de bra\u00e7o s\u00e3o usados \u200b\u200bpara controlar o movimento dos bra\u00e7os dos equipamentos, realizando a escava\u00e7\u00e3o e o manuseio do min\u00e9rio.<\/li>\n<li><strong>Log\u00edstica e transporte:<\/strong> Em empilhadeiras e rob\u00f4s de movimenta\u00e7\u00e3o, os cilindros dos bra\u00e7os s\u00e3o usados \u200b\u200bpara controlar o levantamento e o movimento dos garfos, possibilitando o manuseio e o empilhamento de materiais.<\/li>\n<\/ul>\n<h2>Considera\u00e7\u00f5es de design e crit\u00e9rios de sele\u00e7\u00e3o<\/h2>\n<p>Ao projetar e selecionar cilindros de bra\u00e7o, algumas considera\u00e7\u00f5es importantes devem ser levadas em conta:<\/p>\n<ul>\n<li><strong>Capacidade de carga:<\/strong> Os cilindros dos bra\u00e7os devem ser capazes de suportar a carga m\u00e1xima dos bra\u00e7os da m\u00e1quina.<\/li>\n<li><strong>Desempenho de veda\u00e7\u00e3o:<\/strong> Os cilindros do bra\u00e7o devem utilizar diversos tipos de veda\u00e7\u00f5es, como veda\u00e7\u00f5es de pist\u00e3o e veda\u00e7\u00f5es de haste, feitas de materiais resistentes ao desgaste, como poliuretano e borracha nitr\u00edlica, para garantir um bom desempenho de veda\u00e7\u00e3o.<\/li>\n<li><strong>Durabilidade:<\/strong> Os cilindros dos bra\u00e7os devem ser feitos de materiais de alta resist\u00eancia e submetidos a um tratamento de superf\u00edcie refinado para melhorar a resist\u00eancia ao desgaste e \u00e0 corros\u00e3o.<\/li>\n<li><strong>Seguran\u00e7a:<\/strong> Os cilindros dos bra\u00e7os devem possuir mecanismos de seguran\u00e7a para evitar movimentos acidentais e garantir a seguran\u00e7a dos operadores e das m\u00e1quinas.<\/li>\n<li><strong>Manutenibilidade:<\/strong> Os cilindros dos bra\u00e7os devem ser projetados para facilitar a manuten\u00e7\u00e3o e a substitui\u00e7\u00e3o, a fim de reduzir o tempo de inatividade do equipamento.<\/li>\n<\/ul>\n<p><img decoding=\"async\" src=\"https:\/\/www.hydraulic-cylinders.net\/wp-content\/uploads\/2025\/01\/songte-cylinder-head-with-all-kinds-excavator-models.webp\"><\/p>\n<h2>Veda\u00e7\u00e3o e Lubrifica\u00e7\u00e3o<\/h2>\n<p>Os cilindros do bra\u00e7o devem utilizar diversos tipos de veda\u00e7\u00f5es, como veda\u00e7\u00f5es de pist\u00e3o e veda\u00e7\u00f5es de haste, fabricadas com materiais resistentes ao desgaste, como poliuretano e borracha nitr\u00edlica, para garantir um bom desempenho de veda\u00e7\u00e3o. O corpo do cilindro e a superf\u00edcie da extremidade da rosca devem passar por um tratamento superficial fino para melhorar a resist\u00eancia ao desgaste. A adi\u00e7\u00e3o regular de uma quantidade adequada de \u00f3leo hidr\u00e1ulico ao cilindro garante a lubrifica\u00e7\u00e3o e um melhor desempenho.<\/p>\n<h2>Manuten\u00e7\u00e3o e Medidas Preventivas<\/h2>\n<ul>\n<li>Inspecione regularmente os cilindros do bra\u00e7o para verificar se h\u00e1 danos ou desgaste.<\/li>\n<li>Substitua imediatamente quaisquer pe\u00e7as danificadas ou desgastadas.<\/li>\n<li>Mantenha o cilindro limpo e livre de detritos.<\/li>\n<li>Adicione regularmente uma quantidade adequada de \u00f3leo hidr\u00e1ulico ao cilindro para lubrifica\u00e7\u00e3o.<\/li>\n<li>Certifique-se de que os mecanismos de seguran\u00e7a estejam funcionando corretamente.<\/li>\n<\/ul>\n<p><img decoding=\"async\" src=\"https:\/\/www.hydraulic-cylinders.net\/wp-content\/uploads\/2025\/01\/songte-chushion-collar.webp\"><\/p>\n<h2>Guia de instala\u00e7\u00e3o<\/h2>\n<p>A instala\u00e7\u00e3o dos cilindros do bra\u00e7o deve ser realizada por pessoal qualificado, com ferramentas e equipamentos adequados. Siga estes passos:<\/p>\n<ol>\n<li>Instale o cilindro na posi\u00e7\u00e3o e orienta\u00e7\u00e3o corretas.<\/li>\n<li>Instale as pe\u00e7as de conex\u00e3o e certifique-se de que estejam apertadas com o torque adequado.<\/li>\n<li>Adicione \u00f3leo hidr\u00e1ulico ao cilindro e verifique se h\u00e1 algum vazamento.<\/li>\n<li>Realize um teste para garantir que o cilindro esteja funcionando corretamente.<\/li>\n<\/ol>\n<p><img decoding=\"async\" src=\"https:\/\/www.hydraulic-cylinders.net\/wp-content\/uploads\/2025\/01\/songte-bushings-with-all-kinds-of-excavator-models.webp\"><\/p>\n<h2>Considera\u00e7\u00f5es sobre seguran\u00e7a e meio ambiente<\/h2>\n<p>Ao trabalhar com cilindros hidr\u00e1ulicos de bra\u00e7o, devem ser tomadas as devidas precau\u00e7\u00f5es de seguran\u00e7a, incluindo o uso de equipamentos de prote\u00e7\u00e3o individual e o treinamento adequado dos operadores. Fatores ambientais, como o uso de \u00f3leo hidr\u00e1ulico biodegrad\u00e1vel, tamb\u00e9m devem ser considerados para reduzir o impacto no meio ambiente.<\/p>\n<h2>Solu\u00e7\u00e3o de problemas e problemas comuns<\/h2>\n<p>Problemas comuns com cilindros de bra\u00e7o incluem vazamento, movimento lento e ru\u00eddo anormal. Se esses problemas ocorrerem, siga estas etapas:<\/p>\n<ul>\n<li>Verifique as veda\u00e7\u00f5es e substitua quaisquer veda\u00e7\u00f5es danificadas ou desgastadas.<\/li>\n<li>Verifique o n\u00edvel do \u00f3leo hidr\u00e1ulico e adicione mais, se necess\u00e1rio.<\/li>\n<li>Verifique se h\u00e1 danos ou desgaste no corpo do cilindro ou na haste do pist\u00e3o.<\/li>\n<li>Verifique os mecanismos de seguran\u00e7a e certifique-se de que est\u00e3o funcionando corretamente.<\/li>\n<\/ul>\n<p>Medidas preventivas, como inspe\u00e7\u00f5es e manuten\u00e7\u00f5es regulares, podem ajudar a reduzir a ocorr\u00eancia desses problemas.<\/p>\n<p><img decoding=\"async\" src=\"https:\/\/www.hydraulic-cylinders.net\/wp-content\/uploads\/2025\/01\/songte-company-4.webp\"><br \/>\n<img decoding=\"async\" src=\"https:\/\/www.hydraulic-cylinders.net\/wp-content\/uploads\/2025\/01\/songte-company-3.webp\"><\/p>\n<h2>Sobre n\u00f3s<\/h2>\n<p>Somos um fabricante profissional de cilindros hidr\u00e1ulicos de reposi\u00e7\u00e3o, com uma ampla gama de produtos que nos tornou um dos principais fabricantes e distribuidores atacadistas de cilindros hidr\u00e1ulicos nos mercados nacional e internacional. Sempre aderimos ao princ\u00edpio da excel\u00eancia em qualidade, utilizando estrat\u00e9gias de gest\u00e3o de produ\u00e7\u00e3o industrializada em nossas sofisticadas instala\u00e7\u00f5es fabris para aprimorar continuamente nosso n\u00edvel t\u00e9cnico e efici\u00eancia produtiva. Atrav\u00e9s da introdu\u00e7\u00e3o de equipamentos de fabrica\u00e7\u00e3o digital de ponta e sistemas de inspe\u00e7\u00e3o profissionais, otimizamos continuamente nossa plataforma de produ\u00e7\u00e3o, aprimoramos nosso processo de controle de qualidade e possu\u00edmos forte capacidade de inova\u00e7\u00e3o. Nosso objetivo \u00e9 atender \u00e0s diversas necessidades de nossos clientes com base nos princ\u00edpios de efici\u00eancia, precis\u00e3o e alta qualidade.<\/p>\n<h3>Profissionalismo<\/h3>\n<p>Contamos com uma equipe de engenheiros e t\u00e9cnicos profissionais com muitos anos de experi\u00eancia na produ\u00e7\u00e3o e no projeto de cilindros hidr\u00e1ulicos. Al\u00e9m disso, possu\u00edmos equipamentos de fabrica\u00e7\u00e3o e sistemas de inspe\u00e7\u00e3o avan\u00e7ados para garantir a qualidade de nossos produtos.<\/p>\n<h3>Certifica\u00e7\u00e3o Internacional<\/h3>\n<p>Nossos produtos obtiveram a certifica\u00e7\u00e3o internacional do sistema de gest\u00e3o da qualidade ISO9001:2015, e nossos cilindros hidr\u00e1ulicos foram exportados para diversos pa\u00edses e regi\u00f5es ao redor do mundo.<\/p>\n<h3>Servi\u00e7o de Personaliza\u00e7\u00e3o<\/h3>\n<p>Oferecemos servi\u00e7os personalizados de acordo com as necessidades do cliente, incluindo o projeto e a produ\u00e7\u00e3o de diversos tipos de cilindros hidr\u00e1ulicos.<\/p>\n<h3>Equipamentos de produ\u00e7\u00e3o<\/h3>\n<p>Possu\u00edmos uma s\u00e9rie de equipamentos avan\u00e7ados de fabrica\u00e7\u00e3o digital e sistemas de inspe\u00e7\u00e3o, incluindo centros de usinagem CNC, bancadas de teste de cilindros hidr\u00e1ulicos e m\u00e1quinas de medi\u00e7\u00e3o por coordenadas 3D.<\/p>\n<h3>Servi\u00e7o p\u00f3s-venda<\/h3>\n<p>Oferecemos aos nossos clientes um servi\u00e7o p\u00f3s-venda completo e suporte t\u00e9cnico, incluindo orienta\u00e7\u00f5es sobre instala\u00e7\u00e3o do produto, resolu\u00e7\u00e3o de problemas e manuten\u00e7\u00e3o.<\/p>\n<p>Autor: lyl<\/p>","protected":false},"excerpt":{"rendered":"<p>Arm Cylinder For Sunward Small Excavator SWE80E Introduction An arm cylinder is a specially designed hydraulic cylinder that is mainly used to provide linear motion and power to the arms of various types of machinery, such as excavators, cranes, and robotic arms. The arm cylinder plays a crucial role in hydraulic systems, allowing attached tools [&hellip;]<\/p>","protected":false},"featured_media":14786,"comment_status":"open","ping_status":"closed","template":"","meta":{"_et_pb_use_builder":"","_et_pb_old_content":"","_et_gb_content_width":""},"product_brand":[],"product_cat":[1497],"product_tag":[1498,1496],"class_list":{"0":"post-16446","1":"product","2":"type-product","3":"status-publish","4":"has-post-thumbnail","6":"product_cat-arm-cylinders","7":"product_tag-arm-cylinders","8":"product_tag-hydraulic-cylinders","10":"first","11":"instock","12":"shipping-taxable","13":"product-type-simple"},"amp_enabled":true,"_links":{"self":[{"href":"https:\/\/www.hydraulic-cylinders.net\/pt\/wp-json\/wp\/v2\/product\/16446","targetHints":{"allow":["GET"]}}],"collection":[{"href":"https:\/\/www.hydraulic-cylinders.net\/pt\/wp-json\/wp\/v2\/product"}],"about":[{"href":"https:\/\/www.hydraulic-cylinders.net\/pt\/wp-json\/wp\/v2\/types\/product"}],"replies":[{"embeddable":true,"href":"https:\/\/www.hydraulic-cylinders.net\/pt\/wp-json\/wp\/v2\/comments?post=16446"}],"wp:featuredmedia":[{"embeddable":true,"href":"https:\/\/www.hydraulic-cylinders.net\/pt\/wp-json\/wp\/v2\/media\/14786"}],"wp:attachment":[{"href":"https:\/\/www.hydraulic-cylinders.net\/pt\/wp-json\/wp\/v2\/media?parent=16446"}],"wp:term":[{"taxonomy":"product_brand","embeddable":true,"href":"https:\/\/www.hydraulic-cylinders.net\/pt\/wp-json\/wp\/v2\/product_brand?post=16446"},{"taxonomy":"product_cat","embeddable":true,"href":"https:\/\/www.hydraulic-cylinders.net\/pt\/wp-json\/wp\/v2\/product_cat?post=16446"},{"taxonomy":"product_tag","embeddable":true,"href":"https:\/\/www.hydraulic-cylinders.net\/pt\/wp-json\/wp\/v2\/product_tag?post=16446"}],"curies":[{"name":"wp","href":"https:\/\/api.w.org\/{rel}","templated":true}]}}