{"id":16456,"date":"2025-01-21T05:26:34","date_gmt":"2025-01-21T05:26:34","guid":{"rendered":"https:\/\/www.hydraulic-cylinders.net\/product\/arm-cylinder-for-sunward-large-excavator-swe470elr\/"},"modified":"2025-01-21T05:26:36","modified_gmt":"2025-01-21T05:26:36","slug":"arm-cylinder-for-sunward-large-excavator-swe470elr","status":"publish","type":"product","link":"https:\/\/www.hydraulic-cylinders.net\/pt\/produto\/arm-cylinder-for-sunward-large-excavator-swe470elr\/","title":{"rendered":"Cilindro do bra\u00e7o para escavadeira grande Sunward SWE470ELR"},"content":{"rendered":"<h2>Cilindro do bra\u00e7o para escavadeira grande Sunward SWE470ELR<\/h2>\n<h3>Introdu\u00e7\u00e3o<\/h3>\n<p>O cilindro de bra\u00e7o \u00e9 um cilindro hidr\u00e1ulico especialmente projetado para fornecer movimento linear e pot\u00eancia aos bra\u00e7os de diversas m\u00e1quinas, como escavadeiras, guindastes e bra\u00e7os mec\u00e2nicos. Os cilindros de bra\u00e7o desempenham um papel crucial nos sistemas hidr\u00e1ulicos, permitindo que implementos e acess\u00f3rios se movam e sejam controlados com efic\u00e1cia. Esses cilindros n\u00e3o apenas proporcionam movimento suave, mas tamb\u00e9m suportam cargas pesadas, garantindo a opera\u00e7\u00e3o eficiente e a confiabilidade da m\u00e1quina em diversas condi\u00e7\u00f5es de trabalho.<\/p>\n<p><img decoding=\"async\" src=\"https:\/\/www.hydraulic-cylinders.net\/wp-content\/uploads\/2025\/01\/songte-company-2.webp\"><\/p>\n<h3>Caracter\u00edsticas<\/h3>\n<ul>\n<li>Transmiss\u00e3o de pot\u00eancia eficiente: O cilindro do bra\u00e7o proporciona movimento linear e for\u00e7a potentes, garantindo alta efici\u00eancia de desempenho do bra\u00e7o mec\u00e2nico em diversas opera\u00e7\u00f5es.<\/li>\n<li>Controle preciso: O cilindro do bra\u00e7o permite um controle preciso do movimento atrav\u00e9s do sistema hidr\u00e1ulico, tornando a opera\u00e7\u00e3o das ferramentas acopladas mais flex\u00edvel e precisa.<\/li>\n<li>Alta durabilidade: Os cilindros dos bra\u00e7os s\u00e3o geralmente feitos de materiais de alta resist\u00eancia e possuem boa resist\u00eancia ao desgaste e \u00e0 corros\u00e3o, sendo adequados para uso prolongado em ambientes agressivos.<\/li>\n<li>Adaptabilidade multifuncional: Esses cilindros podem ser amplamente utilizados em diversos equipamentos mec\u00e2nicos, como escavadeiras, guindastes e bra\u00e7os mec\u00e2nicos, para se adaptarem a diferentes requisitos de trabalho.<\/li>\n<li>Manuten\u00e7\u00e3o facilitada: O projeto pensado para facilitar a manuten\u00e7\u00e3o e a substitui\u00e7\u00e3o torna a inspe\u00e7\u00e3o e a manuten\u00e7\u00e3o regulares mais pr\u00e1ticas, reduzindo o tempo de inatividade do equipamento.<\/li>\n<\/ul>\n<p>Podemos produzir este produto e ele pode substituir perfeitamente esses cilindros hidr\u00e1ulicos.<\/p>\n<p><img decoding=\"async\" src=\"https:\/\/www.hydraulic-cylinders.net\/wp-content\/uploads\/2025\/01\/songte-oil-pipes-and-spare-parts.webp\"><\/p>\n<h3>Aplica\u00e7\u00f5es<\/h3>\n<p>Os cilindros de bra\u00e7o t\u00eam ampla aplica\u00e7\u00e3o em diversas ind\u00fastrias e m\u00e1quinas, tais como:<\/p>\n<ul>\n<li>Constru\u00e7\u00e3o: Os cilindros de bra\u00e7o s\u00e3o usados \u200b\u200bpara controlar o movimento das ca\u00e7ambas ou lan\u00e7as em escavadeiras e guindastes para movimenta\u00e7\u00e3o de terra, manuseio de materiais e instala\u00e7\u00e3o de estruturas.<\/li>\n<li>Fabrica\u00e7\u00e3o: Os cilindros de bra\u00e7o s\u00e3o usados \u200b\u200bpara movimentar bra\u00e7os mec\u00e2nicos em linhas de produ\u00e7\u00e3o automatizadas para processos de montagem, soldagem e manuseio, melhorando a efici\u00eancia e a precis\u00e3o da produ\u00e7\u00e3o.<\/li>\n<li>M\u00e1quinas agr\u00edcolas: Os cilindros dos bra\u00e7os controlam o movimento dos bra\u00e7os operacionais em m\u00e1quinas agr\u00edcolas, como colheitadeiras e plantadeiras, que realizam tarefas como semeadura, fertiliza\u00e7\u00e3o e colheita.<\/li>\n<li>Minera\u00e7\u00e3o: Cilindros de bra\u00e7o s\u00e3o usados \u200b\u200bpara controlar o movimento do bra\u00e7o de equipamentos de minera\u00e7\u00e3o para extra\u00e7\u00e3o e transporte de minerais.<\/li>\n<li>Log\u00edstica e transporte: Cilindros de bra\u00e7o s\u00e3o usados \u200b\u200bpara controlar o levantamento e o movimento dos garfos em empilhadeiras e rob\u00f4s de movimenta\u00e7\u00e3o, possibilitando o manuseio e o empilhamento de materiais.<\/li>\n<\/ul>\n<h3>Considera\u00e7\u00f5es de design e crit\u00e9rios de sele\u00e7\u00e3o<\/h3>\n<p>Do ponto de vista do projeto, os cilindros dos bra\u00e7os precisam levar em considera\u00e7\u00e3o sua capacidade de carga, veda\u00e7\u00e3o, durabilidade, seguran\u00e7a e facilidade de manuten\u00e7\u00e3o. Os principais pontos da discuss\u00e3o s\u00e3o os seguintes:<\/p>\n<ol>\n<li>Capacidade de carga: Os cilindros do bra\u00e7o precisam atender aos requisitos de diferentes m\u00e1quinas e opera\u00e7\u00f5es, garantindo um movimento suave e est\u00e1vel e suportando cargas pesadas.<\/li>\n<li>Veda\u00e7\u00e3o: Os cilindros de bra\u00e7o precisam utilizar diversos componentes de veda\u00e7\u00e3o, como veda\u00e7\u00f5es de pist\u00e3o e veda\u00e7\u00f5es de haste, feitos de materiais resistentes ao desgaste, como poliuretano e borracha nitr\u00edlica, para garantir um bom desempenho de veda\u00e7\u00e3o.<\/li>\n<li>Durabilidade: Os cilindros dos bra\u00e7os precisam ser fabricados com materiais de alta resist\u00eancia e submetidos a um tratamento de superf\u00edcie minucioso para melhorar a resist\u00eancia ao desgaste e \u00e0 corros\u00e3o.<\/li>\n<li>Seguran\u00e7a: Os cilindros de bra\u00e7o precisam utilizar dispositivos de seguran\u00e7a, como v\u00e1lvulas de al\u00edvio, para garantir a opera\u00e7\u00e3o segura em caso de sobrepress\u00e3o ou outros acidentes.<\/li>\n<li>Facilidade de manuten\u00e7\u00e3o: Os cilindros dos bra\u00e7os precisam ser projetados para facilitar a manuten\u00e7\u00e3o e a substitui\u00e7\u00e3o, simplificando a inspe\u00e7\u00e3o e a manuten\u00e7\u00e3o e reduzindo o tempo de inatividade.<\/li>\n<\/ol>\n<p><img decoding=\"async\" src=\"https:\/\/www.hydraulic-cylinders.net\/wp-content\/uploads\/2025\/01\/songte-cylinder-head-with-all-kinds-excavator-models.webp\"><\/p>\n<h3>Veda\u00e7\u00e3o e Lubrifica\u00e7\u00e3o<\/h3>\n<p>Os cilindros de bra\u00e7o necessitam de diversos componentes de veda\u00e7\u00e3o, como veda\u00e7\u00f5es de pist\u00e3o e veda\u00e7\u00f5es de haste, fabricados com materiais resistentes ao desgaste, como poliuretano e borracha nitr\u00edlica, para garantir um bom desempenho de veda\u00e7\u00e3o. O corpo do cilindro e a superf\u00edcie da extremidade da rosca precisam passar por um tratamento superficial fino para melhorar a resist\u00eancia ao desgaste. A adi\u00e7\u00e3o regular de \u00f3leo hidr\u00e1ulico adequado para lubrifica\u00e7\u00e3o \u00e9 necess\u00e1ria para garantir o funcionamento suave do cilindro.<\/p>\n<p><img decoding=\"async\" src=\"https:\/\/www.hydraulic-cylinders.net\/wp-content\/uploads\/2025\/01\/songte-chushion-collar.webp\"><\/p>\n<h3>Manuten\u00e7\u00e3o e solu\u00e7\u00e3o de problemas<\/h3>\n<p>A inspe\u00e7\u00e3o regular e a manuten\u00e7\u00e3o preventiva s\u00e3o vitais para prolongar a vida \u00fatil dos cilindros dos bra\u00e7os articulados. Seguem algumas dicas e solu\u00e7\u00f5es para a resolu\u00e7\u00e3o de problemas:<\/p>\n<ol>\n<li>Verifique os parafusos e porcas de fixa\u00e7\u00e3o e aperte-os, se necess\u00e1rio.<\/li>\n<li>Inspecione a haste do cilindro quanto a arranh\u00f5es ou outros danos e substitua-a, se necess\u00e1rio.<\/li>\n<li>Verifique o desempenho de veda\u00e7\u00e3o das veda\u00e7\u00f5es do pist\u00e3o e das hastes, substituindo-as se estiverem gastas ou danificadas.<\/li>\n<li>Inspecione o \u00f3leo hidr\u00e1ulico quanto a contamina\u00e7\u00e3o ou deteriora\u00e7\u00e3o e substitua-o, se necess\u00e1rio.<\/li>\n<\/ol>\n<p>As medidas preventivas incluem manter os n\u00edveis adequados de \u00f3leo hidr\u00e1ulico, evitar sobrecargas ou exceder a press\u00e3o nominal e limpar o cilindro regularmente. Essas medidas podem ajudar a reduzir problemas potenciais e garantir a opera\u00e7\u00e3o segura e eficaz do cilindro do bra\u00e7o.<\/p>\n<h3>Guia de instala\u00e7\u00e3o<\/h3>\n<p>Os seguintes passos devem ser seguidos para instalar o cilindro do bra\u00e7o:<\/p>\n<ol>\n<li>Certifique-se de que o cilindro seja adequado para a m\u00e1quina e para os requisitos de opera\u00e7\u00e3o.<\/li>\n<li>Prepare todas as ferramentas e equipamentos necess\u00e1rios e certifique-se de que estejam em boas condi\u00e7\u00f5es.<\/li>\n<li>Remova o cilindro antigo e limpe a superf\u00edcie de montagem.<\/li>\n<li>Instale o novo cilindro e aperte os parafusos e porcas de fixa\u00e7\u00e3o com o torque especificado.<\/li>\n<li>Conecte as mangueiras e conex\u00f5es hidr\u00e1ulicas ao cilindro e teste seu funcionamento.<\/li>\n<\/ol>\n<p>O processo de instala\u00e7\u00e3o deve ser realizado com cautela e de acordo com as instru\u00e7\u00f5es do fabricante para evitar acidentes ou danos ao cilindro ou \u00e0 m\u00e1quina.<\/p>\n<h3>Introdu\u00e7\u00e3o \u00e0 empresa<\/h3>\n<p>Somos um fabricante profissional de cilindros hidr\u00e1ulicos de reposi\u00e7\u00e3o com uma ampla gama de produtos, e nos tornamos um dos principais fabricantes e distribuidores atacadistas de cilindros hidr\u00e1ulicos nos mercados nacional e internacional. Sempre aderimos ao princ\u00edpio da excel\u00eancia em qualidade e nos baseamos em estrat\u00e9gias de gest\u00e3o de produ\u00e7\u00e3o industrializada em instala\u00e7\u00f5es de fabrica\u00e7\u00e3o de alta precis\u00e3o para aprimorar continuamente nosso n\u00edvel t\u00e9cnico e efici\u00eancia de produ\u00e7\u00e3o. Ao introduzir equipamentos de fabrica\u00e7\u00e3o digital de \u00faltima gera\u00e7\u00e3o e sistemas de teste profissionais, otimizamos continuamente a plataforma de fabrica\u00e7\u00e3o e aprimoramos o processo de controle de qualidade do produto, possuindo forte capacidade de inova\u00e7\u00e3o. Nosso objetivo \u00e9 atender \u00e0s diversas necessidades dos clientes com efici\u00eancia, precis\u00e3o e alta qualidade.<\/p>\n<p>Nossa empresa oferece servi\u00e7os profissionais, certifica\u00e7\u00f5es internacionais, servi\u00e7os personalizados, equipamentos de produ\u00e7\u00e3o e servi\u00e7os p\u00f3s-venda para satisfazer as necessidades dos clientes.<\/p>\n<p><img decoding=\"async\" src=\"https:\/\/www.hydraulic-cylinders.net\/wp-content\/uploads\/2025\/01\/songte-company-4.webp\"><br \/>\n<img decoding=\"async\" src=\"https:\/\/www.hydraulic-cylinders.net\/wp-content\/uploads\/2025\/01\/songte-company-3.webp\"><\/p>\n<p>Autor: lyl.<\/p>","protected":false},"excerpt":{"rendered":"<p>Arm Cylinder For Sunward Large Excavator SWE470ELR Introduction Arm cylinder is a specially designed hydraulic cylinder that provides linear motion and power to the arms of various machines, such as excavators, cranes, and mechanical arms. Arm cylinders play a crucial role in hydraulic systems, enabling attachments and accessories to move and be controlled effectively. These [&hellip;]<\/p>","protected":false},"featured_media":14786,"comment_status":"open","ping_status":"closed","template":"","meta":{"_et_pb_use_builder":"","_et_pb_old_content":"","_et_gb_content_width":""},"product_brand":[],"product_cat":[1497],"product_tag":[1498,1496],"class_list":{"0":"post-16456","1":"product","2":"type-product","3":"status-publish","4":"has-post-thumbnail","6":"product_cat-arm-cylinders","7":"product_tag-arm-cylinders","8":"product_tag-hydraulic-cylinders","10":"first","11":"instock","12":"shipping-taxable","13":"product-type-simple"},"amp_enabled":true,"_links":{"self":[{"href":"https:\/\/www.hydraulic-cylinders.net\/pt\/wp-json\/wp\/v2\/product\/16456","targetHints":{"allow":["GET"]}}],"collection":[{"href":"https:\/\/www.hydraulic-cylinders.net\/pt\/wp-json\/wp\/v2\/product"}],"about":[{"href":"https:\/\/www.hydraulic-cylinders.net\/pt\/wp-json\/wp\/v2\/types\/product"}],"replies":[{"embeddable":true,"href":"https:\/\/www.hydraulic-cylinders.net\/pt\/wp-json\/wp\/v2\/comments?post=16456"}],"wp:featuredmedia":[{"embeddable":true,"href":"https:\/\/www.hydraulic-cylinders.net\/pt\/wp-json\/wp\/v2\/media\/14786"}],"wp:attachment":[{"href":"https:\/\/www.hydraulic-cylinders.net\/pt\/wp-json\/wp\/v2\/media?parent=16456"}],"wp:term":[{"taxonomy":"product_brand","embeddable":true,"href":"https:\/\/www.hydraulic-cylinders.net\/pt\/wp-json\/wp\/v2\/product_brand?post=16456"},{"taxonomy":"product_cat","embeddable":true,"href":"https:\/\/www.hydraulic-cylinders.net\/pt\/wp-json\/wp\/v2\/product_cat?post=16456"},{"taxonomy":"product_tag","embeddable":true,"href":"https:\/\/www.hydraulic-cylinders.net\/pt\/wp-json\/wp\/v2\/product_tag?post=16456"}],"curies":[{"name":"wp","href":"https:\/\/api.w.org\/{rel}","templated":true}]}}