{"id":16578,"date":"2025-01-21T05:35:30","date_gmt":"2025-01-21T05:35:30","guid":{"rendered":"https:\/\/www.hydraulic-cylinders.net\/product\/arm-cylinder-for-sdlg-small-excavator-lg6135e\/"},"modified":"2025-01-21T05:35:32","modified_gmt":"2025-01-21T05:35:32","slug":"arm-cylinder-for-sdlg-small-excavator-lg6135e","status":"publish","type":"product","link":"https:\/\/www.hydraulic-cylinders.net\/pt\/produto\/arm-cylinder-for-sdlg-small-excavator-lg6135e\/","title":{"rendered":"Cilindro do bra\u00e7o para mini escavadeira SDLG LG6135E"},"content":{"rendered":"<h2>Cilindro do bra\u00e7o para mini escavadeira SDLG LG6135E<\/h2>\n<h3>Defini\u00e7\u00e3o e Explica\u00e7\u00e3o<\/h3>\n<p>O cilindro de bra\u00e7o \u00e9 um cilindro hidr\u00e1ulico especialmente projetado para fornecer movimento linear e pot\u00eancia a diversos bra\u00e7os de m\u00e1quinas, como escavadeiras, guindastes e bra\u00e7os rob\u00f3ticos. Ele desempenha um papel crucial nos sistemas hidr\u00e1ulicos, permitindo o movimento e o controle eficazes de ferramentas ou acess\u00f3rios adicionais. Esses cilindros n\u00e3o apenas proporcionam um movimento suave, como tamb\u00e9m suportam cargas pesadas, garantindo a opera\u00e7\u00e3o eficiente e a confiabilidade das m\u00e1quinas em diversas condi\u00e7\u00f5es de trabalho.<\/p>\n<p><img decoding=\"async\" src=\"https:\/\/www.hydraulic-cylinders.net\/wp-content\/uploads\/2025\/01\/songte-company-2.webp\" alt=\"Imagem do Cilindro do Bra\u00e7o\"><\/p>\n<h3>Caracter\u00edsticas<\/h3>\n<ul>\n<li><strong>Transmiss\u00e3o de alta efici\u00eancia:<\/strong> O cilindro do bra\u00e7o pode fornecer movimento linear e for\u00e7a potentes, garantindo o alto desempenho e efici\u00eancia do bra\u00e7o da m\u00e1quina em diversas opera\u00e7\u00f5es.<\/li>\n<li><strong>Controle preciso:<\/strong> Por meio do sistema hidr\u00e1ulico, o cilindro do bra\u00e7o consegue um controle preciso do movimento, tornando a opera\u00e7\u00e3o de ferramentas adicionais mais flex\u00edvel e precisa.<\/li>\n<li><strong>Alta durabilidade:<\/strong> Os cilindros dos bra\u00e7os s\u00e3o geralmente feitos de materiais de alta resist\u00eancia com boa resist\u00eancia ao desgaste e \u00e0 corros\u00e3o, adequados para uso prolongado em ambientes agressivos.<\/li>\n<li><strong>Adaptabilidade multifuncional:<\/strong> Esses cilindros podem ser amplamente utilizados em diversos equipamentos mec\u00e2nicos, como escavadeiras, guindastes e bra\u00e7os rob\u00f3ticos, para atender a diferentes requisitos de trabalho.<\/li>\n<li><strong>F\u00e1cil manuten\u00e7\u00e3o:<\/strong> O projeto leva em considera\u00e7\u00e3o a facilidade de manuten\u00e7\u00e3o e substitui\u00e7\u00e3o, tornando a inspe\u00e7\u00e3o e a manuten\u00e7\u00e3o regulares mais convenientes e reduzindo o tempo de inatividade do equipamento.<\/li>\n<\/ul>\n<p>Podemos produzir este produto e o nosso produto pode substituir perfeitamente esses cilindros hidr\u00e1ulicos.<\/p>\n<p><img decoding=\"async\" src=\"https:\/\/www.hydraulic-cylinders.net\/wp-content\/uploads\/2025\/01\/songte-oil-pipes-and-spare-parts.webp\" alt=\"Imagem de substitui\u00e7\u00e3o do produto\"><\/p>\n<h3>Aplica\u00e7\u00f5es<\/h3>\n<p>O cilindro de bra\u00e7o tem uma ampla gama de aplica\u00e7\u00f5es em diversos setores industriais, tais como:<\/p>\n<ul>\n<li><strong>Engenharia de Constru\u00e7\u00e3o:<\/strong> Em escavadeiras e guindastes, o cilindro do bra\u00e7o \u00e9 usado para controlar o movimento das ca\u00e7ambas ou das lan\u00e7as para movimenta\u00e7\u00e3o de terra, manuseio de materiais e instala\u00e7\u00e3o de estruturas.<\/li>\n<li><strong>Fabrica\u00e7\u00e3o:<\/strong> Em linhas de produ\u00e7\u00e3o automatizadas, o cilindro do bra\u00e7o \u00e9 utilizado para movimentar os bra\u00e7os rob\u00f3ticos em opera\u00e7\u00f5es de montagem, soldagem e manuseio, melhorando a efici\u00eancia e a precis\u00e3o da produ\u00e7\u00e3o.<\/li>\n<li><strong>Maquinaria agr\u00edcola:<\/strong> Em m\u00e1quinas agr\u00edcolas como colheitadeiras e semeadoras, o cilindro do bra\u00e7o controla o movimento do bra\u00e7o operacional para tarefas como plantio, fertiliza\u00e7\u00e3o e colheita.<\/li>\n<li><strong>Minera\u00e7\u00e3o:<\/strong> Em equipamentos de minera\u00e7\u00e3o, o cilindro do bra\u00e7o \u00e9 usado para controlar o movimento do bra\u00e7o do equipamento durante a extra\u00e7\u00e3o e o manuseio do min\u00e9rio.<\/li>\n<li><strong>Log\u00edstica e Transporte:<\/strong> Em empilhadeiras e rob\u00f4s de movimenta\u00e7\u00e3o, o cilindro do bra\u00e7o \u00e9 usado para controlar o levantamento e o movimento dos garfos, realizando o manuseio e o empilhamento de materiais.<\/li>\n<\/ul>\n<h3>Considera\u00e7\u00f5es de design e crit\u00e9rios de sele\u00e7\u00e3o<\/h3>\n<p>O projeto do cilindro do bra\u00e7o leva em considera\u00e7\u00e3o diversos fatores cr\u00edticos, tais como:<\/p>\n<ul>\n<li><strong>Capacidade de carga:<\/strong> O cilindro do bra\u00e7o deve ser projetado para suportar a carga m\u00e1xima que encontrar\u00e1 em opera\u00e7\u00e3o.<\/li>\n<li><strong>Selagem:<\/strong> Diversos elementos de veda\u00e7\u00e3o, como veda\u00e7\u00f5es de pist\u00e3o e veda\u00e7\u00f5es de haste, s\u00e3o utilizados para evitar vazamentos de \u00f3leo e garantir o bom funcionamento do cilindro.<\/li>\n<li><strong>Durabilidade:<\/strong> O cilindro deve ser feito de materiais com alta resist\u00eancia ao desgaste e \u00e0 corros\u00e3o para garantir sua longevidade em ambientes agressivos.<\/li>\n<li><strong>Seguran\u00e7a:<\/strong> O cilindro deve ser projetado com recursos de seguran\u00e7a para evitar acidentes durante a opera\u00e7\u00e3o.<\/li>\n<li><strong>Manutenibilidade:<\/strong> O cilindro deve ser projetado para facilitar a manuten\u00e7\u00e3o e o reparo, a fim de minimizar o tempo de inatividade do equipamento.<\/li>\n<\/ul>\n<p><img decoding=\"async\" src=\"https:\/\/www.hydraulic-cylinders.net\/wp-content\/uploads\/2025\/01\/songte-cylinder-head-with-all-kinds-excavator-models.webp\" alt=\"Imagem de design\"><\/p>\n<h3>Veda\u00e7\u00e3o e Lubrifica\u00e7\u00e3o<\/h3>\n<p>O cilindro do bra\u00e7o utiliza diversos elementos de veda\u00e7\u00e3o, como veda\u00e7\u00f5es de pist\u00e3o e veda\u00e7\u00f5es de haste, feitos de materiais resistentes ao desgaste, como poliuretano e borracha nitr\u00edlica, para evitar vazamentos de \u00f3leo e garantir o funcionamento suave do cilindro. O corpo do cilindro e a superf\u00edcie roscada da extremidade recebem um tratamento meticuloso para melhorar a resist\u00eancia ao desgaste. \u00c9 necess\u00e1rio reabastecer regularmente com a quantidade adequada de \u00f3leo hidr\u00e1ulico para a lubrifica\u00e7\u00e3o.<\/p>\n<h3>Inspe\u00e7\u00e3o peri\u00f3dica e medidas de manuten\u00e7\u00e3o preventiva<\/h3>\n<p>A inspe\u00e7\u00e3o peri\u00f3dica \u00e9 necess\u00e1ria para garantir o funcionamento adequado do cilindro do bra\u00e7o. As seguintes medidas de manuten\u00e7\u00e3o preventiva devem ser tomadas:<\/p>\n<ul>\n<li>Limpeza regular e verifica\u00e7\u00e3o de sinais de desgaste e danos.<\/li>\n<li>Verificar o n\u00edvel de \u00f3leo e completar quando necess\u00e1rio.<\/li>\n<li>Verificar as veda\u00e7\u00f5es e substitu\u00ed-las quando necess\u00e1rio.<\/li>\n<li>Verificar os parafusos de fixa\u00e7\u00e3o e apert\u00e1-los, se necess\u00e1rio.<\/li>\n<\/ul>\n<h3>Guia de instala\u00e7\u00e3o<\/h3>\n<p>A instala\u00e7\u00e3o do cilindro do bra\u00e7o envolve os seguintes passos:<\/p>\n<ol>\n<li>Certifique-se de que o cilindro seja compat\u00edvel com o equipamento e que as dimens\u00f5es de montagem estejam corretas.<\/li>\n<li>Instale o cilindro e certifique-se de que esteja bem fixado.<\/li>\n<li>Conecte os tubos hidr\u00e1ulicos ao cilindro e certifique-se de que estejam devidamente conectados.<\/li>\n<li>Teste o cilindro para garantir que esteja funcionando corretamente.<\/li>\n<\/ol>\n<p><img decoding=\"async\" src=\"https:\/\/www.hydraulic-cylinders.net\/wp-content\/uploads\/2025\/01\/songte-bushings-with-all-kinds-of-excavator-models.webp\" alt=\"Imagem de instala\u00e7\u00e3o\"><\/p>\n<h3>Considera\u00e7\u00f5es de seguran\u00e7a e fatores ambientais<\/h3>\n<p>Garantir a seguran\u00e7a durante a opera\u00e7\u00e3o do cilindro hidr\u00e1ulico \u00e9 crucial. Recursos de seguran\u00e7a, como v\u00e1lvulas de seguran\u00e7a e v\u00e1lvulas de al\u00edvio de press\u00e3o, s\u00e3o incorporados ao projeto para evitar acidentes. Fatores ambientais, como temperatura e umidade de opera\u00e7\u00e3o, tamb\u00e9m devem ser levados em considera\u00e7\u00e3o para assegurar o funcionamento adequado do cilindro.<\/p>\n<h3>Solu\u00e7\u00e3o de problemas e problemas comuns<\/h3>\n<p>A seguir, apresentamos alguns problemas comuns que podem ocorrer com o cilindro do bra\u00e7o:<\/p>\n<ul>\n<li>Vazamento de \u00f3leo<\/li>\n<li>Funcionamento lento ou falha de funcionamento<\/li>\n<li>Ru\u00eddo excessivo durante o funcionamento<\/li>\n<li>Posicionamento incorreto do cilindro<\/li>\n<\/ul>\n<p>A seguir, apresentamos algumas dicas e solu\u00e7\u00f5es para esses problemas:<\/p>\n<ul>\n<li>Verifique as veda\u00e7\u00f5es e substitua-as, se necess\u00e1rio.<\/li>\n<li>Verifique o n\u00edvel do \u00f3leo hidr\u00e1ulico e complete quando necess\u00e1rio.<\/li>\n<li>Verifique se o cilindro est\u00e1 danificado e substitua-o, se necess\u00e1rio.<\/li>\n<li>Verifique o posicionamento do cilindro e ajuste-o, se necess\u00e1rio.<\/li>\n<\/ul>\n<p><img decoding=\"async\" src=\"https:\/\/www.hydraulic-cylinders.net\/wp-content\/uploads\/2025\/01\/songte-chushion-collar.webp\" alt=\"Solu\u00e7\u00e3o de problemas de imagem\"><\/p>\n<h3>Sobre n\u00f3s<\/h3>\n<p>Somos um fabricante profissional de cilindros hidr\u00e1ulicos de reposi\u00e7\u00e3o com uma ampla gama de produtos e nos tornamos um dos principais fabricantes e distribuidores atacadistas de cilindros hidr\u00e1ulicos nos mercados nacional e internacional. Sempre aderimos ao princ\u00edpio da excel\u00eancia em qualidade, baseando-nos na estrat\u00e9gia de gest\u00e3o de produ\u00e7\u00e3o industrial de uma oficina de fabrica\u00e7\u00e3o refinada, aprimorando continuamente nosso n\u00edvel t\u00e9cnico e efici\u00eancia de produ\u00e7\u00e3o. Ao introduzir equipamentos de fabrica\u00e7\u00e3o digital de \u00faltima gera\u00e7\u00e3o e sistemas de teste profissionais, otimizamos a plataforma de fabrica\u00e7\u00e3o e aprimoramos o processo de controle de qualidade do produto, o que confere aos nossos produtos uma forte capacidade de inova\u00e7\u00e3o. Nosso objetivo \u00e9 atender \u00e0s diversas necessidades dos clientes com alta efici\u00eancia, precis\u00e3o e alta qualidade.<\/p>\n<p>Oferecemos servi\u00e7os profissionais, certifica\u00e7\u00f5es internacionais, servi\u00e7os personalizados, equipamentos de produ\u00e7\u00e3o de alta qualidade e servi\u00e7os p\u00f3s-venda para atender \u00e0s necessidades dos clientes.<\/p>\n<p><img decoding=\"async\" src=\"https:\/\/www.hydraulic-cylinders.net\/wp-content\/uploads\/2025\/01\/songte-company-4.webp\" alt=\"Imagem da empresa\"><br \/>\n<img decoding=\"async\" src=\"https:\/\/www.hydraulic-cylinders.net\/wp-content\/uploads\/2025\/01\/songte-company-3.webp\" alt=\"Imagem da empresa\"><\/p>\n<p>Autor: lyl.<\/p>","protected":false},"excerpt":{"rendered":"<p>Arm Cylinder For SDLG Small Excavator LG6135E Definition and Explanation Arm cylinder is a specially designed hydraulic cylinder primarily used to provide linear motion and power for various machinery arms, such as excavators, cranes, and robotic arms. The arm cylinder plays a crucial role in hydraulic systems, enabling the effective movement and control of additional [&hellip;]<\/p>","protected":false},"featured_media":14779,"comment_status":"open","ping_status":"closed","template":"","meta":{"_et_pb_use_builder":"","_et_pb_old_content":"","_et_gb_content_width":""},"product_brand":[],"product_cat":[1497],"product_tag":[1498,1496],"class_list":{"0":"post-16578","1":"product","2":"type-product","3":"status-publish","4":"has-post-thumbnail","6":"product_cat-arm-cylinders","7":"product_tag-arm-cylinders","8":"product_tag-hydraulic-cylinders","10":"first","11":"instock","12":"shipping-taxable","13":"product-type-simple"},"amp_enabled":true,"_links":{"self":[{"href":"https:\/\/www.hydraulic-cylinders.net\/pt\/wp-json\/wp\/v2\/product\/16578","targetHints":{"allow":["GET"]}}],"collection":[{"href":"https:\/\/www.hydraulic-cylinders.net\/pt\/wp-json\/wp\/v2\/product"}],"about":[{"href":"https:\/\/www.hydraulic-cylinders.net\/pt\/wp-json\/wp\/v2\/types\/product"}],"replies":[{"embeddable":true,"href":"https:\/\/www.hydraulic-cylinders.net\/pt\/wp-json\/wp\/v2\/comments?post=16578"}],"wp:featuredmedia":[{"embeddable":true,"href":"https:\/\/www.hydraulic-cylinders.net\/pt\/wp-json\/wp\/v2\/media\/14779"}],"wp:attachment":[{"href":"https:\/\/www.hydraulic-cylinders.net\/pt\/wp-json\/wp\/v2\/media?parent=16578"}],"wp:term":[{"taxonomy":"product_brand","embeddable":true,"href":"https:\/\/www.hydraulic-cylinders.net\/pt\/wp-json\/wp\/v2\/product_brand?post=16578"},{"taxonomy":"product_cat","embeddable":true,"href":"https:\/\/www.hydraulic-cylinders.net\/pt\/wp-json\/wp\/v2\/product_cat?post=16578"},{"taxonomy":"product_tag","embeddable":true,"href":"https:\/\/www.hydraulic-cylinders.net\/pt\/wp-json\/wp\/v2\/product_tag?post=16578"}],"curies":[{"name":"wp","href":"https:\/\/api.w.org\/{rel}","templated":true}]}}