{"id":16601,"date":"2025-01-21T05:37:04","date_gmt":"2025-01-21T05:37:04","guid":{"rendered":"https:\/\/www.hydraulic-cylinders.net\/product\/arm-cylinder-for-jcm-middle-excavator-922d\/"},"modified":"2025-01-21T05:37:06","modified_gmt":"2025-01-21T05:37:06","slug":"arm-cylinder-for-jcm-middle-excavator-922d","status":"publish","type":"product","link":"https:\/\/www.hydraulic-cylinders.net\/pt\/produto\/arm-cylinder-for-jcm-middle-excavator-922d\/","title":{"rendered":"Cilindro do bra\u00e7o para escavadeira m\u00e9dia JCM 922D"},"content":{"rendered":"<h1>Cilindro do bra\u00e7o para escavadeira m\u00e9dia JCM 922D<\/h1>\n<h2>Introdu\u00e7\u00e3o<\/h2>\n<h3>Defini\u00e7\u00e3o<\/h3>\n<p>O cilindro de bra\u00e7o \u00e9 um cilindro hidr\u00e1ulico especializado, utilizado principalmente para fornecer movimento linear e pot\u00eancia aos bra\u00e7os de diversas m\u00e1quinas, como escavadeiras, guindastes e bra\u00e7os rob\u00f3ticos. O cilindro de bra\u00e7o desempenha um papel crucial no sistema hidr\u00e1ulico, permitindo o movimento e o controle eficazes de ferramentas ou acess\u00f3rios adicionais. Esses cilindros n\u00e3o apenas proporcionam um movimento suave e eficiente, como tamb\u00e9m suportam cargas pesadas, garantindo a opera\u00e7\u00e3o eficiente e a confiabilidade da m\u00e1quina em diversas condi\u00e7\u00f5es de trabalho.<\/p>\n<p><img decoding=\"async\" src=\"https:\/\/www.hydraulic-cylinders.net\/wp-content\/uploads\/2025\/01\/songte-company-2.webp\" alt=\"Imagem do cilindro do bra\u00e7o\"><\/p>\n<h2>Caracter\u00edsticas<\/h2>\n<ul>\n<li>\n<h3>Transmiss\u00e3o de energia eficiente<\/h3>\n<p>O cilindro do bra\u00e7o proporciona movimento linear e for\u00e7a potentes, garantindo o alto desempenho do bra\u00e7o rob\u00f3tico em diversas opera\u00e7\u00f5es.<\/p>\n<\/li>\n<li>\n<h3>Controle Preciso<\/h3>\n<p>O cilindro do bra\u00e7o permite um controle preciso do movimento atrav\u00e9s do sistema hidr\u00e1ulico, tornando a opera\u00e7\u00e3o de ferramentas adicionais mais flex\u00edvel e precisa.<\/p>\n<\/li>\n<li>\n<h3>Forte durabilidade<\/h3>\n<p>O cilindro do bra\u00e7o \u00e9 geralmente feito de materiais de alta resist\u00eancia e possui boa resist\u00eancia ao desgaste e \u00e0 corros\u00e3o, sendo adequado para uso prolongado em ambientes agressivos.<\/p>\n<\/li>\n<li>\n<h3>Adaptabilidade multifuncional<\/h3>\n<p>Esses cilindros podem ser amplamente utilizados em diversos equipamentos de maquin\u00e1rio, como escavadeiras, guindastes e bra\u00e7os rob\u00f3ticos, adaptando-se a diferentes necessidades de trabalho.<\/p>\n<\/li>\n<li>\n<h3>F\u00e1cil manuten\u00e7\u00e3o<\/h3>\n<p>O projeto foi concebido para facilitar a manuten\u00e7\u00e3o e a substitui\u00e7\u00e3o, tornando as inspe\u00e7\u00f5es e manuten\u00e7\u00f5es regulares mais convenientes e reduzindo o tempo de inatividade do equipamento.<\/p>\n<\/li>\n<\/ul>\n<p>Podemos produzir este produto, e nosso produto pode substituir perfeitamente esses cilindros hidr\u00e1ulicos.<\/p>\n<p><img decoding=\"async\" src=\"https:\/\/www.hydraulic-cylinders.net\/wp-content\/uploads\/2025\/01\/songte-oil-pipes-and-spare-parts.webp\" alt=\"Imagem de pe\u00e7as sobressalentes para cilindro hidr\u00e1ulico\"><\/p>\n<h2>Aplica\u00e7\u00f5es<\/h2>\n<ul>\n<li>\n<h3>Engenharia de Constru\u00e7\u00e3o<\/h3>\n<p>Os cilindros de bra\u00e7o s\u00e3o usados \u200b\u200bpara controlar o movimento das ca\u00e7ambas ou lan\u00e7as em escavadeiras e guindastes, realizando tarefas de movimenta\u00e7\u00e3o de terra, manuseio de materiais e instala\u00e7\u00e3o de estruturas.<\/p>\n<\/li>\n<li>\n<h3>Ind\u00fastria de manufatura<\/h3>\n<p>Os cilindros de bra\u00e7o s\u00e3o utilizados na movimenta\u00e7\u00e3o de bra\u00e7os rob\u00f3ticos em linhas de produ\u00e7\u00e3o automatizadas, realizando processos de montagem, soldagem e manuseio, melhorando a efici\u00eancia e a precis\u00e3o da produ\u00e7\u00e3o.<\/p>\n<\/li>\n<li>\n<h3>Maquinaria agr\u00edcola<\/h3>\n<p>Os cilindros dos bra\u00e7os controlam o movimento dos bra\u00e7os operacionais em m\u00e1quinas agr\u00edcolas, como colheitadeiras e semeadoras, que realizam tarefas como semear, fertilizar e colher.<\/p>\n<\/li>\n<li>\n<h3>Minera\u00e7\u00e3o<\/h3>\n<p>Os cilindros de bra\u00e7o s\u00e3o usados \u200b\u200bpara controlar o movimento do bra\u00e7o de equipamentos de minera\u00e7\u00e3o, realizando tarefas de minera\u00e7\u00e3o e transporte de min\u00e9rio.<\/p>\n<\/li>\n<li>\n<h3>Log\u00edstica e Transporte<\/h3>\n<p>Os cilindros de bra\u00e7o s\u00e3o usados \u200b\u200bpara controlar o levantamento e o movimento dos garfos em empilhadeiras e rob\u00f4s de movimenta\u00e7\u00e3o, possibilitando o manuseio e o empilhamento de materiais.<\/p>\n<\/li>\n<\/ul>\n<h2>Considera\u00e7\u00f5es de design e crit\u00e9rios de sele\u00e7\u00e3o<\/h2>\n<ul>\n<li>\n<h3>Capacidade de suporte<\/h3>\n<p>O cilindro do bra\u00e7o deve ter uma capacidade de carga adequada, que deve ser determinada com base nos requisitos do equipamento da m\u00e1quina ao qual ser\u00e1 instalado.<\/p>\n<\/li>\n<li>\n<h3>Selagem<\/h3>\n<p>A escolha dos elementos de veda\u00e7\u00e3o do pist\u00e3o e da haste \u00e9 crucial para garantir o funcionamento adequado e a longa vida \u00fatil do cilindro do bra\u00e7o. Materiais como poliuretano e borracha nitr\u00edlica s\u00e3o comumente utilizados devido \u00e0 sua excelente resist\u00eancia ao desgaste e desempenho de veda\u00e7\u00e3o.<\/p>\n<\/li>\n<li>\n<h3>Durabilidade<\/h3>\n<p>O cilindro do bra\u00e7o deve ser feito de materiais de alta resist\u00eancia, com boa resist\u00eancia ao desgaste e \u00e0 corros\u00e3o, para garantir o uso a longo prazo em ambientes agressivos.<\/p>\n<\/li>\n<li>\n<h3>Seguran\u00e7a<\/h3>\n<p>O cilindro do bra\u00e7o deve ser projetado para evitar acidentes, incluindo dispositivos de prote\u00e7\u00e3o contra sobrecarga e v\u00e1lvulas de seguran\u00e7a.<\/p>\n<\/li>\n<li>\n<h3>Manutenibilidade<\/h3>\n<p>O projeto do cilindro do bra\u00e7o deve levar em considera\u00e7\u00e3o a facilidade de manuten\u00e7\u00e3o e substitui\u00e7\u00e3o para reduzir o tempo de inatividade do equipamento. O uso de pe\u00e7as de reposi\u00e7\u00e3o de qualidade tamb\u00e9m pode prolongar a vida \u00fatil do cilindro.<\/p>\n<\/li>\n<\/ul>\n<p><img decoding=\"async\" src=\"https:\/\/www.hydraulic-cylinders.net\/wp-content\/uploads\/2025\/01\/songte-cylinder-head-with-all-kinds-excavator-models.webp\" alt=\"Imagem da cabe\u00e7a do cilindro\"><\/p>\n<h2>Veda\u00e7\u00e3o e Lubrifica\u00e7\u00e3o<\/h2>\n<p>The arm cylinder uses various sealing elements, such as piston sealing rings and rod sealing rings, which are made of wear-resistant materials such as polyurethane and nitrile rubber. The cylinder body and threaded end surface are precisely treated to improve wear resistance. Regularly adding appropriate hydraulic oil for lubrication can ensure the cylinder&#8217;s smooth movement and prolong its service life.<\/p>\n<p><img decoding=\"async\" src=\"https:\/\/www.hydraulic-cylinders.net\/wp-content\/uploads\/2025\/01\/songte-chushion-collar.webp\" alt=\"Imagem de colarinho cil\u00edndrico\"><\/p>\n<h2>Inspe\u00e7\u00e3o e Manuten\u00e7\u00e3o<\/h2>\n<ul>\n<li>\n<h3>Inspe\u00e7\u00e3o regular<\/h3>\n<p>O cilindro do bra\u00e7o deve ser inspecionado regularmente para garantir o seu funcionamento adequado e detectar atempadamente quaisquer defeitos ou desgastes, o que pode evitar acidentes e reduzir os custos de manuten\u00e7\u00e3o.<\/p>\n<\/li>\n<li>\n<h3>Manuten\u00e7\u00e3o preventiva<\/h3>\n<p>Preventive maintenance should be carried out regularly to replace the worn or damaged parts in time and ensure the arm cylinder&#8217;s optimal performance and service life.<\/p>\n<\/li>\n<\/ul>\n<h2>Guia de instala\u00e7\u00e3o<\/h2>\n<p>Antes da instala\u00e7\u00e3o, verifique se o cilindro do bra\u00e7o \u00e9 adequado ao equipamento e se a posi\u00e7\u00e3o de instala\u00e7\u00e3o est\u00e1 correta. Remova a tampa protetora e aplique uma quantidade adequada de \u00f3leo lubrificante na haste do pist\u00e3o e no corpo do cilindro. Instale o cilindro e conecte-o ao sistema hidr\u00e1ulico. Teste o cilindro do bra\u00e7o lentamente para garantir seu funcionamento correto.<\/p>\n<p><img decoding=\"async\" src=\"https:\/\/www.hydraulic-cylinders.net\/wp-content\/uploads\/2025\/01\/songte-bushings-with-all-kinds-of-excavator-models.webp\" alt=\"Imagem da bucha do cilindro\"><\/p>\n<h2>Considera\u00e7\u00f5es de seguran\u00e7a e fatores ambientais<\/h2>\n<p>Ao utilizar o cilindro de bra\u00e7o, devem ser tomadas precau\u00e7\u00f5es de seguran\u00e7a para evitar acidentes. Dispositivos de prote\u00e7\u00e3o contra sobrecarga e v\u00e1lvulas de seguran\u00e7a podem ser instalados para garantir uma opera\u00e7\u00e3o segura e confi\u00e1vel. Fatores ambientais, como temperatura e umidade, tamb\u00e9m devem ser considerados na sele\u00e7\u00e3o do cilindro de bra\u00e7o para garantir desempenho e vida \u00fatil ideais.<\/p>\n<h2>Falhas comuns e resolu\u00e7\u00e3o de problemas<\/h2>\n<ul>\n<li>\n<h3>Vazamento do cilindro<\/h3>\n<p>Este \u00e9 um defeito comum causado por danos nos elementos de veda\u00e7\u00e3o. Substitua as veda\u00e7\u00f5es danificadas o mais r\u00e1pido poss\u00edvel para evitar maiores vazamentos.<\/p>\n<\/li>\n<li>\n<h3>Dobramento de cilindros<\/h3>\n<p>Essa falha geralmente \u00e9 causada por sobrecarga ou colis\u00e3o. Verifique a carga e as condi\u00e7\u00f5es de opera\u00e7\u00e3o e substitua o cilindro danificado o mais r\u00e1pido poss\u00edvel.<\/p>\n<\/li>\n<li>\n<h3>Ru\u00eddo do cilindro<\/h3>\n<p>Essa falha geralmente \u00e9 causada por ar no sistema hidr\u00e1ulico ou lubrifica\u00e7\u00e3o insuficiente. Verifique o sistema hidr\u00e1ulico e adicione \u00f3leo lubrificante para eliminar o ru\u00eddo.<\/p>\n<\/li>\n<\/ul>\n<p>To diagnose and solve these problems effectively, refer to the manufacturer&#8217;s instructions or consult a professional technician.<\/p>\n<p><img decoding=\"async\" src=\"https:\/\/www.hydraulic-cylinders.net\/wp-content\/uploads\/2025\/01\/songte-company-4.webp\" alt=\"Imagem da empresa\"><br \/>\n<img decoding=\"async\" src=\"https:\/\/www.hydraulic-cylinders.net\/wp-content\/uploads\/2025\/01\/songte-company-3.webp\" alt=\"Imagem da empresa\"><\/p>\n<h2>Sobre n\u00f3s<\/h2>\n<p>We are a professional manufacturer of replacement hydraulic cylinders with a rich variety of products and have become one of the leading hydraulic cylinder manufacturers and wholesale distributors in the domestic and international markets. We always adhere to the principle of excellent quality, relying on the industrialized production management strategy of the refining workshop, constantly improving our technical level and production efficiency. By introducing high-end digital manufacturing equipment and professional testing systems, we optimize the manufacturing platform and improve the product quality control process, possessing strong innovation capabilities. Our goal is to satisfy customers&#8217; diverse needs with high efficiency, precision, and high quality.<\/p>\n<ul>\n<li>\n<h3>Profissionalismo<\/h3>\n<p>Contamos com pessoal t\u00e9cnico especializado e equipamentos de produ\u00e7\u00e3o avan\u00e7ados para garantir a qualidade e o desempenho de nossos produtos.<\/p>\n<\/li>\n<li>\n<h3>Certifica\u00e7\u00e3o Internacional<\/h3>\n<p>Nossos produtos possuem certifica\u00e7\u00f5es internacionais como ISO9001, CE e SGS, garantindo sua qualidade e confiabilidade.<\/p>\n<\/li>\n<li>\n<h3>Servi\u00e7o personalizado<\/h3>\n<p>Oferecemos servi\u00e7os personalizados para atender \u00e0s diversas necessidades de nossos clientes.<\/p>\n<\/li>\n<li>\n<h3>Equipamentos de produ\u00e7\u00e3o<\/h3>\n<p>Utilizamos equipamentos avan\u00e7ados de fabrica\u00e7\u00e3o digital para garantir a precis\u00e3o e a efici\u00eancia de nossos produtos.<\/p>\n<\/li>\n<li>\n<h3>Servi\u00e7o p\u00f3s-venda<\/h3>\n<p>Oferecemos um servi\u00e7o p\u00f3s-venda completo, incluindo suporte t\u00e9cnico, fornecimento de pe\u00e7as de reposi\u00e7\u00e3o e manuten\u00e7\u00e3o.<\/p>\n<\/li>\n<\/ul>\n<p>Autor: lyl<\/p>","protected":false},"excerpt":{"rendered":"<p>Arm Cylinder For JCM Middle Excavator 922D Introduction Definition Arm cylinder is a specialized hydraulic cylinder that is mainly used to provide linear motion and power for the arms of various machinery such as excavators, cranes, and robotic arms. The arm cylinder plays a critical role in the hydraulic system, enabling the effective movement and [&hellip;]<\/p>","protected":false},"featured_media":14772,"comment_status":"open","ping_status":"closed","template":"","meta":{"_et_pb_use_builder":"","_et_pb_old_content":"","_et_gb_content_width":""},"product_brand":[],"product_cat":[1497],"product_tag":[1498,1496],"class_list":{"0":"post-16601","1":"product","2":"type-product","3":"status-publish","4":"has-post-thumbnail","6":"product_cat-arm-cylinders","7":"product_tag-arm-cylinders","8":"product_tag-hydraulic-cylinders","10":"first","11":"instock","12":"shipping-taxable","13":"product-type-simple"},"amp_enabled":true,"_links":{"self":[{"href":"https:\/\/www.hydraulic-cylinders.net\/pt\/wp-json\/wp\/v2\/product\/16601","targetHints":{"allow":["GET"]}}],"collection":[{"href":"https:\/\/www.hydraulic-cylinders.net\/pt\/wp-json\/wp\/v2\/product"}],"about":[{"href":"https:\/\/www.hydraulic-cylinders.net\/pt\/wp-json\/wp\/v2\/types\/product"}],"replies":[{"embeddable":true,"href":"https:\/\/www.hydraulic-cylinders.net\/pt\/wp-json\/wp\/v2\/comments?post=16601"}],"wp:featuredmedia":[{"embeddable":true,"href":"https:\/\/www.hydraulic-cylinders.net\/pt\/wp-json\/wp\/v2\/media\/14772"}],"wp:attachment":[{"href":"https:\/\/www.hydraulic-cylinders.net\/pt\/wp-json\/wp\/v2\/media?parent=16601"}],"wp:term":[{"taxonomy":"product_brand","embeddable":true,"href":"https:\/\/www.hydraulic-cylinders.net\/pt\/wp-json\/wp\/v2\/product_brand?post=16601"},{"taxonomy":"product_cat","embeddable":true,"href":"https:\/\/www.hydraulic-cylinders.net\/pt\/wp-json\/wp\/v2\/product_cat?post=16601"},{"taxonomy":"product_tag","embeddable":true,"href":"https:\/\/www.hydraulic-cylinders.net\/pt\/wp-json\/wp\/v2\/product_tag?post=16601"}],"curies":[{"name":"wp","href":"https:\/\/api.w.org\/{rel}","templated":true}]}}