{"id":16622,"date":"2025-01-21T05:38:33","date_gmt":"2025-01-21T05:38:33","guid":{"rendered":"https:\/\/www.hydraulic-cylinders.net\/product\/arm-cylinder-for-bobcat-small-excavator-e45\/"},"modified":"2025-01-21T05:38:35","modified_gmt":"2025-01-21T05:38:35","slug":"arm-cylinder-for-bobcat-small-excavator-e45","status":"publish","type":"product","link":"https:\/\/www.hydraulic-cylinders.net\/pt\/produto\/arm-cylinder-for-bobcat-small-excavator-e45\/","title":{"rendered":"Cilindro de bra\u00e7o para escavadeira pequena Bobcat E45"},"content":{"rendered":"<h2>Cilindro do bra\u00e7o para mini escavadeira Bobcat E45<\/h2>\n<h3>Defini\u00e7\u00e3o e Explica\u00e7\u00e3o<\/h3>\n<p>Um cilindro de bra\u00e7o \u00e9 um cilindro hidr\u00e1ulico projetado especificamente para fornecer movimento linear e pot\u00eancia aos bra\u00e7os de diversos tipos de m\u00e1quinas, como escavadeiras, guindastes e bra\u00e7os rob\u00f3ticos. Os cilindros de bra\u00e7o desempenham um papel fundamental nos sistemas hidr\u00e1ulicos, permitindo o movimento e o controle eficazes de ferramentas ou acess\u00f3rios. Esses cilindros n\u00e3o apenas proporcionam um movimento suave, mas tamb\u00e9m suportam cargas pesadas, garantindo a opera\u00e7\u00e3o eficiente e a confiabilidade da m\u00e1quina em diversas condi\u00e7\u00f5es de trabalho.<\/p>\n<p><img decoding=\"async\" src=\"https:\/\/www.hydraulic-cylinders.net\/wp-content\/uploads\/2025\/01\/songte-company-2.webp\"><\/p>\n<h3>Caracter\u00edsticas<\/h3>\n<ul>\n<li>Condu\u00e7\u00e3o de Alta Efici\u00eancia<\/li>\n<li>Controle de precis\u00e3o<\/li>\n<li>Dur\u00e1vel<\/li>\n<li>Adaptabilidade multifuncional<\/li>\n<li>F\u00e1cil manuten\u00e7\u00e3o<\/li>\n<\/ul>\n<p>Os cilindros de bra\u00e7o proporcionam movimento linear potente e for\u00e7a para garantir alto desempenho e efici\u00eancia em diversas opera\u00e7\u00f5es. Os sistemas hidr\u00e1ulicos permitem um controle preciso do movimento, tornando a opera\u00e7\u00e3o de implementos mais flex\u00edvel e precisa. Os cilindros de bra\u00e7o s\u00e3o geralmente fabricados com materiais de alta resist\u00eancia, possuem boa resist\u00eancia ao desgaste e \u00e0 corros\u00e3o, sendo adequados para uso prolongado em ambientes agressivos. Esses cilindros t\u00eam uma ampla gama de aplica\u00e7\u00f5es, incluindo escavadeiras, guindastes e bra\u00e7os rob\u00f3ticos. Seu design permite f\u00e1cil manuten\u00e7\u00e3o e substitui\u00e7\u00e3o, reduzindo o tempo de inatividade do equipamento.<\/p>\n<p><img decoding=\"async\" src=\"https:\/\/www.hydraulic-cylinders.net\/wp-content\/uploads\/2025\/01\/songte-oil-pipes-and-spare-parts.webp\"><\/p>\n<h3>Aplica\u00e7\u00f5es<\/h3>\n<p>Os cilindros de bra\u00e7o t\u00eam uma ampla gama de aplica\u00e7\u00f5es em diversos setores industriais, incluindo:<\/p>\n<ul>\n<li>Engenharia de Constru\u00e7\u00e3o<\/li>\n<li>Fabrica\u00e7\u00e3o<\/li>\n<li>Maquinaria agr\u00edcola<\/li>\n<li>Minera\u00e7\u00e3o<\/li>\n<li>Log\u00edstica e Transporte<\/li>\n<\/ul>\n<p>Na engenharia civil, os cilindros de bra\u00e7o s\u00e3o usados \u200b\u200bpara controlar o movimento de ca\u00e7ambas ou bra\u00e7os de escavadeiras e guindastes, realizando trabalhos de terraplenagem, movimenta\u00e7\u00e3o de materiais e instala\u00e7\u00e3o de estruturas. Na ind\u00fastria, os cilindros de bra\u00e7o s\u00e3o usados \u200b\u200bpara o movimento de bra\u00e7os rob\u00f3ticos em processos de montagem, soldagem e manuseio, visando melhorar a efici\u00eancia e a precis\u00e3o da produ\u00e7\u00e3o. Em m\u00e1quinas agr\u00edcolas, os cilindros de bra\u00e7o controlam o movimento dos bra\u00e7os operacionais em tarefas como semeadura, fertiliza\u00e7\u00e3o e colheita. Na minera\u00e7\u00e3o, os cilindros de bra\u00e7o s\u00e3o usados \u200b\u200bpara controlar o movimento dos bra\u00e7os de equipamentos de minera\u00e7\u00e3o para extra\u00e7\u00e3o e manuseio de min\u00e9rio. Em log\u00edstica e transporte, os cilindros de bra\u00e7o s\u00e3o usados \u200b\u200bpara controlar o levantamento e o movimento dos garfos de carga em empilhadeiras e rob\u00f4s de movimenta\u00e7\u00e3o para o manuseio e empilhamento de materiais.<\/p>\n<h3>Considera\u00e7\u00f5es de design e crit\u00e9rios de sele\u00e7\u00e3o<\/h3>\n<p>Em termos de considera\u00e7\u00f5es de projeto, os cilindros dos bra\u00e7os devem apresentar as seguintes caracter\u00edsticas:<\/p>\n<ul>\n<li>Capacidade de suporte<\/li>\n<li>Desempenho de veda\u00e7\u00e3o<\/li>\n<li>Durabilidade<\/li>\n<li>Seguran\u00e7a<\/li>\n<li>Manutenibilidade<\/li>\n<\/ul>\n<p>Os cilindros dos bra\u00e7os devem ser capazes de suportar a carga m\u00e1xima do equipamento e dos acess\u00f3rios. O desempenho da veda\u00e7\u00e3o do cilindro do bra\u00e7o afeta diretamente a confiabilidade e a vida \u00fatil do sistema hidr\u00e1ulico. A durabilidade do cilindro \u00e9 essencial para garantir sua vida \u00fatil e a opera\u00e7\u00e3o segura do equipamento. O projeto seguro do cilindro do bra\u00e7o garante a opera\u00e7\u00e3o segura do equipamento e protege o operador. A facilidade de manuten\u00e7\u00e3o do cilindro do bra\u00e7o torna a manuten\u00e7\u00e3o e a substitui\u00e7\u00e3o mais convenientes, reduzindo o tempo de inatividade do equipamento.<\/p>\n<p><img decoding=\"async\" src=\"https:\/\/www.hydraulic-cylinders.net\/wp-content\/uploads\/2025\/01\/songte-cylinder-head-with-all-kinds-excavator-models.webp\"><\/p>\n<h3>Veda\u00e7\u00e3o e Lubrifica\u00e7\u00e3o<\/h3>\n<p>Os cilindros de bra\u00e7o utilizam diversos elementos de veda\u00e7\u00e3o, como veda\u00e7\u00f5es de pist\u00e3o, veda\u00e7\u00f5es de haste e raspadores. As veda\u00e7\u00f5es s\u00e3o feitas de materiais resistentes ao desgaste, como poliuretano e borracha nitr\u00edlica. O corpo do cilindro e a superf\u00edcie roscada da extremidade s\u00e3o usinados com precis\u00e3o para melhorar a resist\u00eancia ao desgaste. Os cilindros de bra\u00e7o requerem lubrifica\u00e7\u00e3o regular com \u00f3leo hidr\u00e1ulico para garantir o funcionamento suave e prolongar a vida \u00fatil.<\/p>\n<h3>Manuten\u00e7\u00e3o preventiva<\/h3>\n<p>A inspe\u00e7\u00e3o regular e a manuten\u00e7\u00e3o preventiva s\u00e3o cruciais para prolongar a vida \u00fatil do cilindro do bra\u00e7o e garantir a opera\u00e7\u00e3o segura e eficiente do equipamento. As inspe\u00e7\u00f5es regulares devem incluir a verifica\u00e7\u00e3o de danos no corpo do cilindro, na haste do pist\u00e3o e nas veda\u00e7\u00f5es. O sistema hidr\u00e1ulico deve ser verificado quanto a vazamentos, e o n\u00edvel e a qualidade do \u00f3leo devem ser inspecionados. As condi\u00e7\u00f5es de opera\u00e7\u00e3o do equipamento tamb\u00e9m devem ser verificadas regularmente para identificar quaisquer problemas potenciais.<\/p>\n<h3>Guia de instala\u00e7\u00e3o<\/h3>\n<p>A instala\u00e7\u00e3o correta do cilindro do bra\u00e7o \u00e9 essencial para garantir uma opera\u00e7\u00e3o segura e eficiente. O processo de instala\u00e7\u00e3o deve ser realizado de acordo com as instru\u00e7\u00f5es do fabricante do equipamento, e todas as conex\u00f5es devem ser firmemente apertadas. As linhas e conex\u00f5es hidr\u00e1ulicas devem ser conectadas corretamente, e o sistema hidr\u00e1ulico deve ser purgado antes da inicializa\u00e7\u00e3o. A haste do pist\u00e3o do cilindro do bra\u00e7o deve ser retra\u00edda durante o transporte e a instala\u00e7\u00e3o para evitar danos.<\/p>\n<p><img decoding=\"async\" src=\"https:\/\/www.hydraulic-cylinders.net\/wp-content\/uploads\/2025\/01\/songte-bushings-with-all-kinds-of-excavator-models.webp\"><\/p>\n<h3>Considera\u00e7\u00f5es de seguran\u00e7a e fatores ambientais<\/h3>\n<p>Ao utilizar o cilindro de bra\u00e7o, o equipamento deve ser operado de acordo com as instru\u00e7\u00f5es do fabricante e as diretrizes de seguran\u00e7a. O operador do equipamento deve ser devidamente treinado e estar ciente dos riscos potenciais durante a opera\u00e7\u00e3o. Equipamentos de prote\u00e7\u00e3o individual adequados, como \u00f3culos de seguran\u00e7a e luvas, devem ser utilizados durante a opera\u00e7\u00e3o. Fatores ambientais como temperatura, umidade e poeira tamb\u00e9m devem ser considerados durante a opera\u00e7\u00e3o, pois podem afetar o desempenho e a vida \u00fatil do cilindro.<\/p>\n<h3>Solu\u00e7\u00e3o de problemas e problemas comuns<\/h3>\n<p>Problemas comuns em cilindros de bra\u00e7os hidr\u00e1ulicos incluem vazamentos, for\u00e7a insuficiente e ru\u00eddos anormais. A causa do problema deve ser identificada por meio de uma inspe\u00e7\u00e3o cuidadosa do sistema ou equipamento hidr\u00e1ulico. As solu\u00e7\u00f5es podem incluir a substitui\u00e7\u00e3o de veda\u00e7\u00f5es danificadas, a limpeza ou substitui\u00e7\u00e3o do filtro ou o ajuste da press\u00e3o do sistema hidr\u00e1ulico. A manuten\u00e7\u00e3o e a inspe\u00e7\u00e3o regulares podem ajudar a prevenir problemas futuros.<\/p>\n<p><img decoding=\"async\" src=\"https:\/\/www.hydraulic-cylinders.net\/wp-content\/uploads\/2025\/01\/songte-chushion-collar.webp\"><\/p>\n<h3>Sobre n\u00f3s<\/h3>\n<p>Somos um fabricante profissional de cilindros hidr\u00e1ulicos com uma ampla gama de produtos, o que nos torna um dos principais fabricantes e distribuidores atacadistas de cilindros hidr\u00e1ulicos nos mercados nacional e internacional. Sempre aderimos ao princ\u00edpio da excel\u00eancia em qualidade e nos baseamos em estrat\u00e9gias de gest\u00e3o de produ\u00e7\u00e3o industrial em instala\u00e7\u00f5es de fabrica\u00e7\u00e3o de alta precis\u00e3o para aprimorar continuamente nosso n\u00edvel tecnol\u00f3gico e efici\u00eancia de produ\u00e7\u00e3o. Ao introduzir equipamentos avan\u00e7ados de fabrica\u00e7\u00e3o digital e sistemas de teste profissionais, otimizamos a plataforma de fabrica\u00e7\u00e3o, aprimoramos os processos de controle de qualidade do produto e possu\u00edmos forte capacidade de inova\u00e7\u00e3o. Nosso objetivo \u00e9 atender \u00e0s diversas necessidades dos clientes com alta efici\u00eancia, precis\u00e3o e alta qualidade.<\/p>\n<p>Nossa empresa oferece produtos de cilindros hidr\u00e1ulicos personalizados, certifica\u00e7\u00e3o internacional, equipamentos de produ\u00e7\u00e3o e excelente servi\u00e7o p\u00f3s-venda.<\/p>\n<p><img decoding=\"async\" src=\"https:\/\/www.hydraulic-cylinders.net\/wp-content\/uploads\/2025\/01\/songte-company-4.webp\"><br \/>\n<img decoding=\"async\" src=\"https:\/\/www.hydraulic-cylinders.net\/wp-content\/uploads\/2025\/01\/songte-company-3.webp\"><\/p>\n<p>Autor: lyl<\/p>","protected":false},"excerpt":{"rendered":"<p>Arm Cylinder for Bobcat Small Excavator E45 Definition and Explanation An arm cylinder is a specifically designed hydraulic cylinder that is primarily used to provide linear motion and power to the arms of various types of machinery such as excavators, cranes, and robotic arms. Arm cylinders play a key role in hydraulic systems, allowing for [&hellip;]<\/p>","protected":false},"featured_media":14770,"comment_status":"open","ping_status":"closed","template":"","meta":{"_et_pb_use_builder":"","_et_pb_old_content":"","_et_gb_content_width":""},"product_brand":[],"product_cat":[1497],"product_tag":[1498,1496],"class_list":{"0":"post-16622","1":"product","2":"type-product","3":"status-publish","4":"has-post-thumbnail","6":"product_cat-arm-cylinders","7":"product_tag-arm-cylinders","8":"product_tag-hydraulic-cylinders","10":"first","11":"instock","12":"shipping-taxable","13":"product-type-simple"},"amp_enabled":true,"_links":{"self":[{"href":"https:\/\/www.hydraulic-cylinders.net\/pt\/wp-json\/wp\/v2\/product\/16622","targetHints":{"allow":["GET"]}}],"collection":[{"href":"https:\/\/www.hydraulic-cylinders.net\/pt\/wp-json\/wp\/v2\/product"}],"about":[{"href":"https:\/\/www.hydraulic-cylinders.net\/pt\/wp-json\/wp\/v2\/types\/product"}],"replies":[{"embeddable":true,"href":"https:\/\/www.hydraulic-cylinders.net\/pt\/wp-json\/wp\/v2\/comments?post=16622"}],"wp:featuredmedia":[{"embeddable":true,"href":"https:\/\/www.hydraulic-cylinders.net\/pt\/wp-json\/wp\/v2\/media\/14770"}],"wp:attachment":[{"href":"https:\/\/www.hydraulic-cylinders.net\/pt\/wp-json\/wp\/v2\/media?parent=16622"}],"wp:term":[{"taxonomy":"product_brand","embeddable":true,"href":"https:\/\/www.hydraulic-cylinders.net\/pt\/wp-json\/wp\/v2\/product_brand?post=16622"},{"taxonomy":"product_cat","embeddable":true,"href":"https:\/\/www.hydraulic-cylinders.net\/pt\/wp-json\/wp\/v2\/product_cat?post=16622"},{"taxonomy":"product_tag","embeddable":true,"href":"https:\/\/www.hydraulic-cylinders.net\/pt\/wp-json\/wp\/v2\/product_tag?post=16622"}],"curies":[{"name":"wp","href":"https:\/\/api.w.org\/{rel}","templated":true}]}}