{"id":16682,"date":"2025-01-21T05:46:39","date_gmt":"2025-01-21T05:46:39","guid":{"rendered":"https:\/\/www.hydraulic-cylinders.net\/product\/arm-cylinder-for-jingong-crawler-excavator-jcm915-lc\/"},"modified":"2025-01-21T05:46:41","modified_gmt":"2025-01-21T05:46:41","slug":"arm-cylinder-for-jingong-crawler-excavator-jcm915-lc","status":"publish","type":"product","link":"https:\/\/www.hydraulic-cylinders.net\/pt\/produto\/arm-cylinder-for-jingong-crawler-excavator-jcm915-lc\/","title":{"rendered":"Cilindro do bra\u00e7o para escavadeira de esteiras Jingong JCM915-LC"},"content":{"rendered":"<h1>Cilindro do bra\u00e7o para escavadeira de esteiras Jingong JCM915-LC<\/h1>\n<h2>Introdu\u00e7\u00e3o<\/h2>\n<p>O cilindro de bra\u00e7o \u00e9 um cilindro hidr\u00e1ulico especialmente projetado para fornecer movimento linear e pot\u00eancia a diversos bra\u00e7os de m\u00e1quinas, como escavadeiras, guindastes e bra\u00e7os mec\u00e2nicos. Ele desempenha um papel crucial no sistema hidr\u00e1ulico, permitindo que ferramentas ou acess\u00f3rios adicionais se movimentem e sejam controlados com efici\u00eancia. Esses cilindros n\u00e3o apenas proporcionam movimento suave, como tamb\u00e9m suportam cargas pesadas, garantindo a opera\u00e7\u00e3o eficiente e a confiabilidade da m\u00e1quina em diversas condi\u00e7\u00f5es de trabalho.<\/p>\n<p><img decoding=\"async\" src=\"https:\/\/www.hydraulic-cylinders.net\/wp-content\/uploads\/2025\/01\/songte-company-2.webp\" alt=\"Imagem do Cilindro do Bra\u00e7o\"><\/p>\n<h3>Defini\u00e7\u00e3o e Explica\u00e7\u00e3o<\/h3>\n<p>O cilindro do bra\u00e7o \u00e9 um componente essencial de qualquer sistema hidr\u00e1ulico. Ele \u00e9 projetado para fornecer movimento linear e pot\u00eancia aos bra\u00e7os de m\u00e1quinas como escavadeiras, guindastes e bra\u00e7os mec\u00e2nicos. Permite que a m\u00e1quina execute diversas tarefas, como escavar, levantar e manobrar. O cilindro do bra\u00e7o \u00e9 fabricado com materiais de alta resist\u00eancia e projetado para suportar condi\u00e7\u00f5es de trabalho severas, garantindo a opera\u00e7\u00e3o eficiente e confi\u00e1vel da m\u00e1quina. Sua versatilidade e durabilidade o tornam ideal para uma ampla gama de aplica\u00e7\u00f5es em diferentes setores industriais.<\/p>\n<h2>Caracter\u00edsticas<\/h2>\n<ul>\n<li>\n<h3>Acionamento de Alta Efici\u00eancia<\/h3>\n<p>O cilindro do bra\u00e7o proporciona movimento linear e for\u00e7a potentes, garantindo o alto desempenho e efici\u00eancia dos bra\u00e7os da m\u00e1quina durante diversas opera\u00e7\u00f5es.<\/p>\n<\/li>\n<li>\n<h3>Controle Preciso<\/h3>\n<p>O cilindro do bra\u00e7o permite um controle preciso do movimento atrav\u00e9s do sistema hidr\u00e1ulico, tornando a opera\u00e7\u00e3o das ferramentas acopladas mais flex\u00edvel e precisa.<\/p>\n<\/li>\n<li>\n<h3>Durabilidade<\/h3>\n<p>O cilindro do bra\u00e7o \u00e9 feito de materiais de alta resist\u00eancia que possuem excelente resist\u00eancia ao desgaste e \u00e0 corros\u00e3o, tornando-o adequado para uso prolongado em ambientes agressivos.<\/p>\n<\/li>\n<li>\n<h3>Adaptabilidade multifuncional<\/h3>\n<p>O cilindro de bra\u00e7o pode ser amplamente utilizado em diversos equipamentos mec\u00e2nicos, como escavadeiras, guindastes e bra\u00e7os mec\u00e2nicos, para atender a diferentes requisitos de trabalho.<\/p>\n<\/li>\n<li>\n<h3>F\u00e1cil manuten\u00e7\u00e3o<\/h3>\n<p>O cilindro do bra\u00e7o foi projetado para facilitar a manuten\u00e7\u00e3o e a substitui\u00e7\u00e3o, tornando a inspe\u00e7\u00e3o e a manuten\u00e7\u00e3o regulares mais convenientes e reduzindo o tempo de inatividade do equipamento.<\/p>\n<\/li>\n<\/ul>\n<p>Podemos fabricar este produto, e nossos produtos podem substituir diversos cilindros hidr\u00e1ulicos.<\/p>\n<p><img decoding=\"async\" src=\"https:\/\/www.hydraulic-cylinders.net\/wp-content\/uploads\/2025\/01\/songte-oil-pipes-and-spare-parts.webp\" alt=\"Imagem de pe\u00e7as de reposi\u00e7\u00e3o\"><\/p>\n<h2>Aplica\u00e7\u00f5es<\/h2>\n<p>O cilindro de bra\u00e7o \u00e9 amplamente utilizado em diversas ind\u00fastrias, incluindo:<\/p>\n<ul>\n<li>\n<h3>Engenharia de Constru\u00e7\u00e3o<\/h3>\n<p>O cilindro do bra\u00e7o \u00e9 usado para controlar o movimento da p\u00e1 ou da lan\u00e7a em escavadeiras e guindastes, realizando trabalhos de terraplenagem, movimenta\u00e7\u00e3o de materiais e instala\u00e7\u00e3o de estruturas.<\/p>\n<\/li>\n<li>\n<h3>Fabrica\u00e7\u00e3o<\/h3>\n<p>O cilindro do bra\u00e7o controla o movimento do bra\u00e7o mec\u00e2nico em linhas de produ\u00e7\u00e3o automatizadas, realizando processos de montagem, soldagem e manuseio para melhorar a efici\u00eancia e a precis\u00e3o da produ\u00e7\u00e3o.<\/p>\n<\/li>\n<li>\n<h3>Maquinaria agr\u00edcola<\/h3>\n<p>O cilindro do bra\u00e7o controla o movimento do bra\u00e7o de opera\u00e7\u00e3o em m\u00e1quinas agr\u00edcolas, como colheitadeiras e plantadeiras, realizando tarefas como semeadura, fertiliza\u00e7\u00e3o e colheita.<\/p>\n<\/li>\n<li>\n<h3>Minera\u00e7\u00e3o<\/h3>\n<p>O cilindro do bra\u00e7o controla o movimento do bra\u00e7o em equipamentos de minera\u00e7\u00e3o, como m\u00e1quinas de minera\u00e7\u00e3o, para extra\u00e7\u00e3o e transporte de min\u00e9rios.<\/p>\n<\/li>\n<li>\n<h3>Log\u00edstica e Transporte<\/h3>\n<p>O cilindro do bra\u00e7o controla o movimento do garfo de carga em empilhadeiras e rob\u00f4s de movimenta\u00e7\u00e3o, permitindo o manuseio e o empilhamento de mercadorias.<\/p>\n<\/li>\n<\/ul>\n<h2>Considera\u00e7\u00f5es de design e crit\u00e9rios de sele\u00e7\u00e3o<\/h2>\n<p>As considera\u00e7\u00f5es de projeto e os crit\u00e9rios de sele\u00e7\u00e3o do cilindro do bra\u00e7o incluem:<\/p>\n<ul>\n<li>\n<h3>Capacidade de suporte<\/h3>\n<p>A capacidade de carga do cilindro do bra\u00e7o deve atender aos requisitos da m\u00e1quina em diversas condi\u00e7\u00f5es de trabalho.<\/p>\n<\/li>\n<li>\n<h3>Desempenho de veda\u00e7\u00e3o<\/h3>\n<p>O desempenho de veda\u00e7\u00e3o do cilindro do bra\u00e7o \u00e9 vital para evitar vazamentos de fluido hidr\u00e1ulico e garantir o funcionamento eficiente do cilindro.<\/p>\n<\/li>\n<li>\n<h3>Durabilidade<\/h3>\n<p>O cilindro do bra\u00e7o deve ser feito de materiais de alta resist\u00eancia com excelente resist\u00eancia ao desgaste e \u00e0 corros\u00e3o, adequados para uso prolongado em ambientes agressivos.<\/p>\n<\/li>\n<li>\n<h3>Seguran\u00e7a<\/h3>\n<p>O cilindro do bra\u00e7o deve ser projetado com recursos de seguran\u00e7a para evitar acidentes durante a opera\u00e7\u00e3o.<\/p>\n<\/li>\n<li>\n<h3>Manutenibilidade<\/h3>\n<p>O cilindro do bra\u00e7o deve ser projetado para facilitar a manuten\u00e7\u00e3o e a substitui\u00e7\u00e3o, a fim de minimizar o tempo de inatividade do equipamento.<\/p>\n<\/li>\n<\/ul>\n<p><img decoding=\"async\" src=\"https:\/\/www.hydraulic-cylinders.net\/wp-content\/uploads\/2025\/01\/songte-cylinder-head-with-all-kinds-excavator-models.webp\" alt=\"Imagem da cabe\u00e7a do cilindro\"><\/p>\n<h2>Veda\u00e7\u00e3o e Lubrifica\u00e7\u00e3o<\/h2>\n<p>O cilindro do bra\u00e7o utiliza diversos componentes de veda\u00e7\u00e3o, como veda\u00e7\u00f5es de pist\u00e3o e veda\u00e7\u00f5es de haste, fabricados com materiais resistentes ao desgaste, como poliuretano e borracha nitr\u00edlica. O corpo do cilindro e a superf\u00edcie da extremidade da rosca recebem tratamento para melhorar a resist\u00eancia ao desgaste. O cilindro do bra\u00e7o requer lubrifica\u00e7\u00e3o regular com \u00f3leo hidr\u00e1ulico para manter seu funcionamento eficiente. <\/p>\n<h2>Manuten\u00e7\u00e3o e solu\u00e7\u00e3o de problemas<\/h2>\n<p>A inspe\u00e7\u00e3o regular e a manuten\u00e7\u00e3o preventiva do cilindro do bra\u00e7o s\u00e3o essenciais para garantir o funcionamento eficiente e evitar falhas inesperadas. Problemas comuns no cilindro do bra\u00e7o incluem:<\/p>\n<ul>\n<li>\n<h3>Vazamento<\/h3>\n<p>Vazamentos podem ocorrer devido a veda\u00e7\u00f5es desgastadas ou danificadas, ou conex\u00f5es apertadas incorretamente.<\/p>\n<\/li>\n<li>\n<h3>Superaquecimento<\/h3>\n<p>O sobreaquecimento pode ocorrer devido \u00e0 baixa qualidade do \u00f3leo hidr\u00e1ulico, filtros entupidos ou cargas excessivas.<\/p>\n<\/li>\n<li>\n<h3>Opera\u00e7\u00e3o lenta<\/h3>\n<p>O funcionamento lento pode ocorrer devido \u00e0 press\u00e3o hidr\u00e1ulica insuficiente ou a filtros entupidos.<\/p>\n<\/li>\n<\/ul>\n<p>Para evitar esses problemas, recomenda-se realizar inspe\u00e7\u00f5es e manuten\u00e7\u00f5es regulares, como a substitui\u00e7\u00e3o de veda\u00e7\u00f5es desgastadas, a limpeza de filtros e a verifica\u00e7\u00e3o dos n\u00edveis de fluido hidr\u00e1ulico. \u00c9 fundamental tamb\u00e9m seguir as instru\u00e7\u00f5es de instala\u00e7\u00e3o e opera\u00e7\u00e3o do fabricante e utilizar \u00f3leo hidr\u00e1ulico de qualidade.<\/p>\n<p><img decoding=\"async\" src=\"https:\/\/www.hydraulic-cylinders.net\/wp-content\/uploads\/2025\/01\/songte-chushion-collar.webp\" alt=\"Imagem de gola chushion\"><\/p>\n<h2>Guia de instala\u00e7\u00e3o<\/h2>\n<p>Siga as instru\u00e7\u00f5es de instala\u00e7\u00e3o do fabricante. Certifique-se de que o cilindro do bra\u00e7o esteja devidamente alinhado e conectado com seguran\u00e7a ao sistema hidr\u00e1ulico. Verifique se h\u00e1 vazamentos e fa\u00e7a um teste para garantir o funcionamento correto.<\/p>\n<p><img decoding=\"async\" src=\"https:\/\/www.hydraulic-cylinders.net\/wp-content\/uploads\/2025\/01\/songte-bushings-with-all-kinds-of-excavator-models.webp\" alt=\"Imagem de buchas\"><\/p>\n<h2>Considera\u00e7\u00f5es de seguran\u00e7a e fatores ambientais<\/h2>\n<p>Ao trabalhar com o cilindro hidr\u00e1ulico, \u00e9 essencial seguir as normas de seguran\u00e7a e usar os equipamentos de prote\u00e7\u00e3o individual adequados, como luvas e \u00f3culos de seguran\u00e7a. O descarte correto do \u00f3leo hidr\u00e1ulico e dos componentes \u00e9 necess\u00e1rio para minimizar o impacto ambiental.<\/p>\n<h2>Sobre n\u00f3s<\/h2>\n<p>Somos um fabricante profissional de cilindros hidr\u00e1ulicos de reposi\u00e7\u00e3o com uma ampla gama de produtos. Tornamo-nos um dos principais fabricantes e distribuidores atacadistas de cilindros hidr\u00e1ulicos nos mercados nacional e internacional. Sempre aderimos ao princ\u00edpio da excel\u00eancia em qualidade e utilizamos estrat\u00e9gias de gest\u00e3o de produ\u00e7\u00e3o industrializada em nossas sofisticadas instala\u00e7\u00f5es fabris para aprimorar continuamente nossa tecnologia e efici\u00eancia produtiva. Possu\u00edmos uma forte capacidade de inova\u00e7\u00e3o, impulsionada pela introdu\u00e7\u00e3o de equipamentos de fabrica\u00e7\u00e3o digital de ponta e sistemas de teste profissionais. Nosso objetivo \u00e9 atender \u00e0s diversas necessidades dos clientes com produtos de alta efici\u00eancia, precis\u00e3o e qualidade.<\/p>\n<p><img decoding=\"async\" src=\"https:\/\/www.hydraulic-cylinders.net\/wp-content\/uploads\/2025\/01\/songte-company-4.webp\" alt=\"Imagem da Empresa 4\"><br \/>\n<img decoding=\"async\" src=\"https:\/\/www.hydraulic-cylinders.net\/wp-content\/uploads\/2025\/01\/songte-company-3.webp\" alt=\"Imagem da Empresa 3\"><\/p>\n<p>Nossa empresa oferece servi\u00e7os personalizados, certifica\u00e7\u00f5es internacionais, equipamentos de produ\u00e7\u00e3o profissionais e servi\u00e7os p\u00f3s-venda de qualidade, entre outros. Entre em contato conosco hoje mesmo para obter mais informa\u00e7\u00f5es.<\/p>\n<p>Autor: lyl.<\/p>","protected":false},"excerpt":{"rendered":"<p>Arm Cylinder For Jingong Crawler Excavator JCM915-LC Introduction The arm cylinder is a specially designed hydraulic cylinder that is primarily used to provide linear motion and power for various machine arms, such as excavators, cranes, and mechanical arms. The arm cylinder plays a critical role in the hydraulic system, enabling additional tools or attachments to [&hellip;]<\/p>","protected":false},"featured_media":14772,"comment_status":"open","ping_status":"closed","template":"","meta":{"_et_pb_use_builder":"","_et_pb_old_content":"","_et_gb_content_width":""},"product_brand":[],"product_cat":[1497],"product_tag":[1498,1496],"class_list":{"0":"post-16682","1":"product","2":"type-product","3":"status-publish","4":"has-post-thumbnail","6":"product_cat-arm-cylinders","7":"product_tag-arm-cylinders","8":"product_tag-hydraulic-cylinders","10":"first","11":"instock","12":"shipping-taxable","13":"product-type-simple"},"amp_enabled":true,"_links":{"self":[{"href":"https:\/\/www.hydraulic-cylinders.net\/pt\/wp-json\/wp\/v2\/product\/16682","targetHints":{"allow":["GET"]}}],"collection":[{"href":"https:\/\/www.hydraulic-cylinders.net\/pt\/wp-json\/wp\/v2\/product"}],"about":[{"href":"https:\/\/www.hydraulic-cylinders.net\/pt\/wp-json\/wp\/v2\/types\/product"}],"replies":[{"embeddable":true,"href":"https:\/\/www.hydraulic-cylinders.net\/pt\/wp-json\/wp\/v2\/comments?post=16682"}],"wp:featuredmedia":[{"embeddable":true,"href":"https:\/\/www.hydraulic-cylinders.net\/pt\/wp-json\/wp\/v2\/media\/14772"}],"wp:attachment":[{"href":"https:\/\/www.hydraulic-cylinders.net\/pt\/wp-json\/wp\/v2\/media?parent=16682"}],"wp:term":[{"taxonomy":"product_brand","embeddable":true,"href":"https:\/\/www.hydraulic-cylinders.net\/pt\/wp-json\/wp\/v2\/product_brand?post=16682"},{"taxonomy":"product_cat","embeddable":true,"href":"https:\/\/www.hydraulic-cylinders.net\/pt\/wp-json\/wp\/v2\/product_cat?post=16682"},{"taxonomy":"product_tag","embeddable":true,"href":"https:\/\/www.hydraulic-cylinders.net\/pt\/wp-json\/wp\/v2\/product_tag?post=16682"}],"curies":[{"name":"wp","href":"https:\/\/api.w.org\/{rel}","templated":true}]}}