{"id":16685,"date":"2025-01-21T05:46:50","date_gmt":"2025-01-21T05:46:50","guid":{"rendered":"https:\/\/www.hydraulic-cylinders.net\/product\/arm-cylinder-for-jingong-crawler-excavator-jcm937\/"},"modified":"2025-01-21T05:46:52","modified_gmt":"2025-01-21T05:46:52","slug":"arm-cylinder-for-jingong-crawler-excavator-jcm937","status":"publish","type":"product","link":"https:\/\/www.hydraulic-cylinders.net\/pt\/produto\/arm-cylinder-for-jingong-crawler-excavator-jcm937\/","title":{"rendered":"Cilindro do bra\u00e7o para escavadeira de esteiras Jindong JCM937"},"content":{"rendered":"<h2>Cilindro do bra\u00e7o para escavadeira de esteiras Jindong JCM937<\/h2>\n<h3>Introdu\u00e7\u00e3o<\/h3>\n<p>O cilindro de bra\u00e7o \u00e9 um tipo de cilindro hidr\u00e1ulico projetado especificamente para fornecer movimento linear e pot\u00eancia ao bra\u00e7o de diversos tipos de m\u00e1quinas, como escavadeiras, guindastes e bra\u00e7os rob\u00f3ticos. O cilindro de bra\u00e7o desempenha um papel crucial nos sistemas hidr\u00e1ulicos, permitindo o movimento e o controle eficazes de ferramentas ou acess\u00f3rios adicionais. Esses cilindros n\u00e3o apenas proporcionam um movimento suave, como tamb\u00e9m suportam cargas pesadas, garantindo a opera\u00e7\u00e3o eficiente e a confiabilidade das m\u00e1quinas em diversas condi\u00e7\u00f5es de trabalho.<\/p>\n<p><img decoding=\"async\" src=\"https:\/\/www.hydraulic-cylinders.net\/wp-content\/uploads\/2025\/01\/songte-company-2.webp\"><\/p>\n<h3>Caracter\u00edsticas<\/h3>\n<ul>\n<li>Transmiss\u00e3o de pot\u00eancia eficiente: O cilindro do bra\u00e7o proporciona movimento linear potente e for\u00e7a para garantir o alto desempenho do bra\u00e7o mec\u00e2nico em diversas opera\u00e7\u00f5es.<\/li>\n<li>Controle preciso: por meio do sistema hidr\u00e1ulico, o cilindro do bra\u00e7o pode obter controle preciso do movimento, tornando a opera\u00e7\u00e3o de ferramentas adicionais mais flex\u00edvel e precisa.<\/li>\n<li>Dur\u00e1veis: Os cilindros de bra\u00e7o s\u00e3o geralmente feitos de materiais de alta resist\u00eancia e possuem boa resist\u00eancia ao desgaste e \u00e0 corros\u00e3o, tornando-os adequados para uso prolongado em ambientes agressivos.<\/li>\n<li>Adaptabilidade multifuncional: Esses cilindros podem ser amplamente utilizados em diversos tipos de m\u00e1quinas, como escavadeiras, guindastes e bra\u00e7os rob\u00f3ticos, para se adaptarem a diferentes requisitos de trabalho.<\/li>\n<li>Manuten\u00e7\u00e3o facilitada: As considera\u00e7\u00f5es de projeto para facilitar a manuten\u00e7\u00e3o e a substitui\u00e7\u00e3o tornam as inspe\u00e7\u00f5es e manuten\u00e7\u00f5es regulares mais convenientes, reduzindo o tempo de inatividade do equipamento.<\/li>\n<\/ul>\n<p>Podemos fabricar este produto, que \u00e9 um substituto perfeito para esses cilindros hidr\u00e1ulicos.<\/p>\n<p><img decoding=\"async\" src=\"https:\/\/www.hydraulic-cylinders.net\/wp-content\/uploads\/2025\/01\/songte-oil-pipes-and-spare-parts.webp\"><\/p>\n<h3>Aplica\u00e7\u00f5es<\/h3>\n<p>O cilindro de bra\u00e7o tem uma ampla gama de aplica\u00e7\u00f5es em diversos setores industriais:<\/p>\n<ul>\n<li>Engenharia de constru\u00e7\u00e3o: Em escavadeiras e guindastes, o cilindro do bra\u00e7o \u00e9 usado para controlar o movimento da ca\u00e7amba ou da lan\u00e7a em trabalhos de terraplenagem, movimenta\u00e7\u00e3o de materiais e instala\u00e7\u00e3o de estruturas.<\/li>\n<li>Fabrica\u00e7\u00e3o: Em linhas de produ\u00e7\u00e3o automatizadas, o cilindro do bra\u00e7o \u00e9 utilizado para movimentar os bra\u00e7os rob\u00f3ticos em opera\u00e7\u00f5es de montagem, soldagem e manuseio de materiais, aumentando a efici\u00eancia e a precis\u00e3o da produ\u00e7\u00e3o.<\/li>\n<li>M\u00e1quinas agr\u00edcolas: Em m\u00e1quinas agr\u00edcolas como colheitadeiras e plantadeiras, o cilindro do bra\u00e7o controla o movimento do bra\u00e7o operacional para semear, fertilizar e colher.<\/li>\n<li>Minera\u00e7\u00e3o: Em equipamentos de minera\u00e7\u00e3o, o cilindro do bra\u00e7o \u00e9 usado para controlar o movimento do bra\u00e7o do equipamento para extra\u00e7\u00e3o e manuseio de min\u00e9rio.<\/li>\n<li>Log\u00edstica e transporte: Em empilhadeiras e rob\u00f4s de movimenta\u00e7\u00e3o, o cilindro do bra\u00e7o \u00e9 usado para controlar o levantamento e a movimenta\u00e7\u00e3o da carga, realizando o manuseio e o empilhamento de materiais.<\/li>\n<\/ul>\n<h3>Considera\u00e7\u00f5es de design e crit\u00e9rios de sele\u00e7\u00e3o<\/h3>\n<ul>\n<li>Capacidade de carga: O cilindro do bra\u00e7o foi projetado para suportar cargas pesadas e sua capacidade de carga deve ser adequada \u00e0 aplica\u00e7\u00e3o espec\u00edfica.<\/li>\n<li>Veda\u00e7\u00e3o: Os cilindros do bra\u00e7o utilizam diversos componentes de veda\u00e7\u00e3o, como veda\u00e7\u00f5es de pist\u00e3o e veda\u00e7\u00f5es de haste, feitos de materiais resistentes ao desgaste, como poliuretano e borracha nitr\u00edlica, para uma veda\u00e7\u00e3o eficiente.<\/li>\n<li>Durabilidade: O corpo do cilindro e a superf\u00edcie da extremidade da rosca s\u00e3o processados \u200b\u200bcom precis\u00e3o para melhorar a resist\u00eancia ao desgaste e \u00e0 corros\u00e3o, garantindo o uso prolongado em ambientes agressivos.<\/li>\n<li>Seguran\u00e7a: O projeto deve levar em considera\u00e7\u00e3o aspectos de seguran\u00e7a, como v\u00e1lvulas de al\u00edvio de press\u00e3o e v\u00e1lvulas de seguran\u00e7a, para evitar sobrecargas e garantir uma opera\u00e7\u00e3o segura.<\/li>\n<li>Facilidade de manuten\u00e7\u00e3o: O projeto deve considerar a facilidade de manuten\u00e7\u00e3o e substitui\u00e7\u00e3o para inspe\u00e7\u00f5es e manuten\u00e7\u00f5es eficientes, reduzindo o tempo de inatividade e as perdas dos equipamentos.<\/li>\n<\/ul>\n<p><img decoding=\"async\" src=\"https:\/\/www.hydraulic-cylinders.net\/wp-content\/uploads\/2025\/01\/songte-cylinder-head-with-all-kinds-excavator-models.webp\"><\/p>\n<h3>Veda\u00e7\u00e3o e Lubrifica\u00e7\u00e3o<\/h3>\n<p>O cilindro do bra\u00e7o utiliza diversos componentes de veda\u00e7\u00e3o, como veda\u00e7\u00f5es de pist\u00e3o, veda\u00e7\u00f5es de haste e an\u00e9is de desgaste, para garantir uma veda\u00e7\u00e3o eficiente. Os componentes de veda\u00e7\u00e3o s\u00e3o fabricados com materiais resistentes ao desgaste, como poliuretano e borracha nitr\u00edlica. O corpo do cilindro e a superf\u00edcie da extremidade da rosca s\u00e3o finamente usinados para melhorar a resist\u00eancia ao desgaste e \u00e0 corros\u00e3o. O abastecimento regular com a quantidade adequada de \u00f3leo hidr\u00e1ulico \u00e9 necess\u00e1rio para a lubrifica\u00e7\u00e3o.<\/p>\n<h3>Medidas de inspe\u00e7\u00e3o regular e manuten\u00e7\u00e3o preventiva<\/h3>\n<ul>\n<li>A inspe\u00e7\u00e3o regular do cilindro do bra\u00e7o e do sistema hidr\u00e1ulico garante que o cilindro esteja em boas condi\u00e7\u00f5es de funcionamento. Isso inclui a verifica\u00e7\u00e3o de vazamentos, desgaste e danos.<\/li>\n<li>As medidas de manuten\u00e7\u00e3o preventiva incluem a substitui\u00e7\u00e3o regular dos componentes de veda\u00e7\u00e3o, do \u00f3leo hidr\u00e1ulico e dos filtros.<\/li>\n<li>Ao substituir componentes, utilize somente pe\u00e7as genu\u00ednas de fabricantes qualificados.<\/li>\n<\/ul>\n<p><img decoding=\"async\" src=\"https:\/\/www.hydraulic-cylinders.net\/wp-content\/uploads\/2025\/01\/songte-chushion-collar.webp\"><\/p>\n<h3>Guia de instala\u00e7\u00e3o do produto<\/h3>\n<p>Antes da instala\u00e7\u00e3o, certifique-se de que as superf\u00edcies de montagem do cilindro e do acess\u00f3rio estejam limpas e isentas de rebarbas. O cilindro deve ser instalado na posi\u00e7\u00e3o vertical, sempre que poss\u00edvel. Conecte as mangueiras hidr\u00e1ulicas de acordo com as recomenda\u00e7\u00f5es do fabricante e verifique se o sistema hidr\u00e1ulico est\u00e1 livre de ar. Por fim, acione o sistema algumas vezes para verificar se h\u00e1 vazamentos ou mau funcionamento.<\/p>\n<p><img decoding=\"async\" src=\"https:\/\/www.hydraulic-cylinders.net\/wp-content\/uploads\/2025\/01\/songte-bushings-with-all-kinds-of-excavator-models.webp\"><\/p>\n<h3>Considera\u00e7\u00f5es de seguran\u00e7a e fatores ambientais<\/h3>\n<p>Ao manusear cilindros de bra\u00e7o, \u00e9 importante observar as precau\u00e7\u00f5es de seguran\u00e7a para evitar acidentes. Certifique-se de que o cilindro esteja firmemente montado e que o sistema hidr\u00e1ulico esteja despressurizado antes de desmont\u00e1-lo. Descarte adequadamente quaisquer res\u00edduos, como \u00f3leo hidr\u00e1ulico ou componentes desgastados, para reduzir o impacto ambiental.<\/p>\n<h3>Solu\u00e7\u00e3o de problemas e problemas comuns<\/h3>\n<ul>\n<li>Vazamento: Verifique se h\u00e1 componentes de veda\u00e7\u00e3o danificados ou desgastados e substitua-os conforme necess\u00e1rio.<\/li>\n<li>Movimento lento ou irregular: Verifique se h\u00e1 ar no sistema hidr\u00e1ulico e fa\u00e7a a sangria, se necess\u00e1rio. Verifique se h\u00e1 componentes danificados ou desgastados e substitua-os, se necess\u00e1rio.<\/li>\n<li>Ru\u00eddo excessivo: Verifique se h\u00e1 componentes soltos ou danificados e aperte-os ou substitua-os conforme necess\u00e1rio. Verifique o alinhamento correto do cilindro e do acess\u00f3rio.<\/li>\n<\/ul>\n<h3>Dicas para resolu\u00e7\u00e3o de problemas e solu\u00e7\u00e3o de problemas<\/h3>\n<ul>\n<li>Consulte as instru\u00e7\u00f5es e pr\u00e1ticas recomendadas pelo fabricante para manuten\u00e7\u00e3o e resolu\u00e7\u00e3o de problemas adequadas.<\/li>\n<li>Utilize pe\u00e7as genu\u00ednas de fabricantes qualificados para substitui\u00e7\u00f5es e reparos.<\/li>\n<li>Realize inspe\u00e7\u00f5es regulares e manuten\u00e7\u00e3o preventiva para identificar e resolver problemas antes que se tornem maiores.<\/li>\n<li>Mantenha registros detalhados das atividades de manuten\u00e7\u00e3o e reparo para acompanhar o desempenho do cilindro do bra\u00e7o e do sistema hidr\u00e1ulico.<\/li>\n<\/ul>\n<h3>Sobre n\u00f3s<\/h3>\n<p>Somos um fabricante profissional de cilindros hidr\u00e1ulicos de reposi\u00e7\u00e3o com uma ampla gama de produtos, e nos tornamos um dos principais fabricantes e distribuidores atacadistas de cilindros hidr\u00e1ulicos nos mercados nacional e internacional. Sempre priorizamos a excel\u00eancia em qualidade e aprimoramos continuamente nossa efici\u00eancia de produ\u00e7\u00e3o e n\u00edvel t\u00e9cnico por meio de equipamentos de fabrica\u00e7\u00e3o digital avan\u00e7ados e sistemas de teste profissionais. Possu\u00edmos forte capacidade de inova\u00e7\u00e3o e buscamos atender \u00e0s diversas necessidades dos clientes com alta efici\u00eancia, precis\u00e3o e alta qualidade.<\/p>\n<p>Oferecemos servi\u00e7os profissionais, com certifica\u00e7\u00e3o internacional, personalizados, equipamentos de produ\u00e7\u00e3o avan\u00e7ados e servi\u00e7o p\u00f3s-venda.<\/p>\n<p><img decoding=\"async\" src=\"https:\/\/www.hydraulic-cylinders.net\/wp-content\/uploads\/2025\/01\/songte-company-4.webp\"><br \/>\n<img decoding=\"async\" src=\"https:\/\/www.hydraulic-cylinders.net\/wp-content\/uploads\/2025\/01\/songte-company-3.webp\"><\/p>\n<p>Autor: lyl.<\/p>","protected":false},"excerpt":{"rendered":"<p>Arm Cylinder For Jingong Crawler Excavator JCM937 Introduction The arm cylinder is a type of hydraulic cylinder that is specifically designed to provide linear motion and power to the arm of various types of machinery, such as excavators, cranes, and robotic arms. The arm cylinder plays a crucial role in hydraulic systems, allowing for effective [&hellip;]<\/p>","protected":false},"featured_media":14763,"comment_status":"open","ping_status":"closed","template":"","meta":{"_et_pb_use_builder":"","_et_pb_old_content":"","_et_gb_content_width":""},"product_brand":[],"product_cat":[1497],"product_tag":[1498,1496],"class_list":{"0":"post-16685","1":"product","2":"type-product","3":"status-publish","4":"has-post-thumbnail","6":"product_cat-arm-cylinders","7":"product_tag-arm-cylinders","8":"product_tag-hydraulic-cylinders","10":"first","11":"instock","12":"shipping-taxable","13":"product-type-simple"},"amp_enabled":true,"_links":{"self":[{"href":"https:\/\/www.hydraulic-cylinders.net\/pt\/wp-json\/wp\/v2\/product\/16685","targetHints":{"allow":["GET"]}}],"collection":[{"href":"https:\/\/www.hydraulic-cylinders.net\/pt\/wp-json\/wp\/v2\/product"}],"about":[{"href":"https:\/\/www.hydraulic-cylinders.net\/pt\/wp-json\/wp\/v2\/types\/product"}],"replies":[{"embeddable":true,"href":"https:\/\/www.hydraulic-cylinders.net\/pt\/wp-json\/wp\/v2\/comments?post=16685"}],"wp:featuredmedia":[{"embeddable":true,"href":"https:\/\/www.hydraulic-cylinders.net\/pt\/wp-json\/wp\/v2\/media\/14763"}],"wp:attachment":[{"href":"https:\/\/www.hydraulic-cylinders.net\/pt\/wp-json\/wp\/v2\/media?parent=16685"}],"wp:term":[{"taxonomy":"product_brand","embeddable":true,"href":"https:\/\/www.hydraulic-cylinders.net\/pt\/wp-json\/wp\/v2\/product_brand?post=16685"},{"taxonomy":"product_cat","embeddable":true,"href":"https:\/\/www.hydraulic-cylinders.net\/pt\/wp-json\/wp\/v2\/product_cat?post=16685"},{"taxonomy":"product_tag","embeddable":true,"href":"https:\/\/www.hydraulic-cylinders.net\/pt\/wp-json\/wp\/v2\/product_tag?post=16685"}],"curies":[{"name":"wp","href":"https:\/\/api.w.org\/{rel}","templated":true}]}}