{"id":16688,"date":"2025-01-21T05:47:02","date_gmt":"2025-01-21T05:47:02","guid":{"rendered":"https:\/\/www.hydraulic-cylinders.net\/product\/arm-cylinder-for-jingong-wheel-type-jcm909l\/"},"modified":"2025-01-21T05:47:08","modified_gmt":"2025-01-21T05:47:08","slug":"arm-cylinder-for-jingong-wheel-type-jcm909l","status":"publish","type":"product","link":"https:\/\/www.hydraulic-cylinders.net\/pt\/produto\/arm-cylinder-for-jingong-wheel-type-jcm909l\/","title":{"rendered":"Cilindro do bra\u00e7o para roda Jindong tipo JCM909L"},"content":{"rendered":"<h1>Cilindro do bra\u00e7o para roda Jindong tipo JCM909L<\/h1>\n<h2>Introdu\u00e7\u00e3o<\/h2>\n<p>Um cilindro de bra\u00e7o \u00e9 um cilindro hidr\u00e1ulico especialmente projetado para fornecer movimento linear e pot\u00eancia aos bra\u00e7os de diversos tipos de m\u00e1quinas, como escavadeiras, guindastes e bra\u00e7os mec\u00e2nicos. Os cilindros de bra\u00e7o desempenham um papel fundamental nos sistemas hidr\u00e1ulicos, permitindo que implementos ou acess\u00f3rios se movam e sejam controlados com efici\u00eancia. Esses cilindros n\u00e3o apenas proporcionam movimento suave, como tamb\u00e9m suportam cargas pesadas, garantindo a opera\u00e7\u00e3o eficiente e a confiabilidade das m\u00e1quinas em diversas condi\u00e7\u00f5es de trabalho.<\/p>\n<p><img decoding=\"async\" src=\"https:\/\/www.hydraulic-cylinders.net\/wp-content\/uploads\/2025\/01\/songte-company-2.webp\"><\/p>\n<h2>Caracter\u00edsticas<\/h2>\n<ul>\n<li>\n<h3>Transmiss\u00e3o de alta efici\u00eancia<\/h3>\n<p>Um cilindro de bra\u00e7o pode fornecer movimento linear e for\u00e7a potentes, garantindo o alto desempenho e efici\u00eancia do bra\u00e7o mec\u00e2nico em diversas opera\u00e7\u00f5es.<\/p>\n<\/li>\n<li>\n<h3>Controle Preciso<\/h3>\n<p>Por meio do sistema hidr\u00e1ulico, o cilindro do bra\u00e7o consegue um controle preciso do movimento, tornando a opera\u00e7\u00e3o dos implementos mais flex\u00edvel e precisa.<\/p>\n<\/li>\n<li>\n<h3>Forte durabilidade<\/h3>\n<p>Os cilindros dos bra\u00e7os s\u00e3o geralmente feitos de materiais de alta resist\u00eancia, que possuem boa resist\u00eancia ao desgaste e \u00e0 corros\u00e3o, sendo adequados para uso prolongado em ambientes agressivos.<\/p>\n<\/li>\n<li>\n<h3>Adaptabilidade multifuncional<\/h3>\n<p>Esses cilindros podem ser amplamente utilizados em diversos equipamentos mec\u00e2nicos, como escavadeiras, guindastes e bra\u00e7os mec\u00e2nicos, adaptando-se a diferentes requisitos de trabalho.<\/p>\n<\/li>\n<li>\n<h3>F\u00e1cil manuten\u00e7\u00e3o<\/h3>\n<p>Projetado com foco na facilidade de manuten\u00e7\u00e3o e substitui\u00e7\u00e3o, as inspe\u00e7\u00f5es e manuten\u00e7\u00f5es regulares tornam-se mais convenientes, reduzindo o tempo de inatividade do equipamento.<\/p>\n<\/li>\n<\/ul>\n<p>Podemos produzir este produto como um substituto perfeito para esses cilindros hidr\u00e1ulicos.<\/p>\n<p><img decoding=\"async\" src=\"https:\/\/www.hydraulic-cylinders.net\/wp-content\/uploads\/2025\/01\/songte-oil-pipes-and-spare-parts.webp\"><\/p>\n<h2>Aplica\u00e7\u00f5es<\/h2>\n<p>Cilindros de bra\u00e7o s\u00e3o utilizados em diversas ind\u00fastrias, incluindo:<\/p>\n<ul>\n<li>\n<h3>Engenharia de Constru\u00e7\u00e3o<\/h3>\n<p>Em escavadeiras e guindastes, os cilindros de bra\u00e7o s\u00e3o usados \u200b\u200bpara controlar o movimento das ca\u00e7ambas ou das lan\u00e7as para trabalhos de terraplenagem, movimenta\u00e7\u00e3o de materiais e instala\u00e7\u00e3o de estruturas.<\/p>\n<\/li>\n<li>\n<h3>Ind\u00fastria de manufatura<\/h3>\n<p>Em linhas de produ\u00e7\u00e3o automatizadas, cilindros de bra\u00e7o s\u00e3o usados \u200b\u200bpara movimentar bra\u00e7os mec\u00e2nicos que realizam processos de montagem, soldagem e manuseio, melhorando a efici\u00eancia e a precis\u00e3o da produ\u00e7\u00e3o.<\/p>\n<\/li>\n<li>\n<h3>Maquinaria agr\u00edcola<\/h3>\n<p>Em m\u00e1quinas agr\u00edcolas como colheitadeiras e semeadoras, os cilindros do bra\u00e7o controlam o movimento do bra\u00e7o operacional, realizando tarefas como plantio, fertiliza\u00e7\u00e3o e colheita.<\/p>\n<\/li>\n<li>\n<h3>Minera\u00e7\u00e3o<\/h3>\n<p>Em equipamentos de minera\u00e7\u00e3o, os cilindros de bra\u00e7o s\u00e3o usados \u200b\u200bpara controlar o movimento do bra\u00e7o do equipamento durante a extra\u00e7\u00e3o e o transporte de min\u00e9rio.<\/p>\n<\/li>\n<li>\n<h3>Log\u00edstica e Transporte<\/h3>\n<p>Em empilhadeiras e rob\u00f4s de movimenta\u00e7\u00e3o, os cilindros dos bra\u00e7os s\u00e3o usados \u200b\u200bpara controlar o levantamento e o movimento dos garfos, possibilitando o manuseio e o empilhamento de materiais.<\/p>\n<\/li>\n<\/ul>\n<h2>Considera\u00e7\u00f5es de design e crit\u00e9rios de sele\u00e7\u00e3o<\/h2>\n<ul>\n<li>\n<h3>Capacidade de carga<\/h3>\n<p>Os cilindros dos bra\u00e7os devem ser projetados para suportar as cargas esperadas durante sua opera\u00e7\u00e3o, a fim de garantir um uso seguro e confi\u00e1vel.<\/p>\n<\/li>\n<li>\n<h3>Desempenho de veda\u00e7\u00e3o<\/h3>\n<p>Diversos tipos de veda\u00e7\u00e3o, como veda\u00e7\u00f5es de pist\u00e3o e veda\u00e7\u00f5es de haste, devem ser utilizados para evitar vazamentos de fluido e manter o desempenho do cilindro.<\/p>\n<\/li>\n<li>\n<h3>Durabilidade<\/h3>\n<p>Os cilindros dos bra\u00e7os devem ser feitos de materiais de alta resist\u00eancia e submetidos a um tratamento de superf\u00edcie refinado para melhorar sua resist\u00eancia ao desgaste e \u00e0 corros\u00e3o.<\/p>\n<\/li>\n<li>\n<h3>Seguran\u00e7a<\/h3>\n<p>Os cilindros de bra\u00e7o devem ser projetados com foco na seguran\u00e7a, com medidas para evitar acidentes durante sua opera\u00e7\u00e3o.<\/p>\n<\/li>\n<li>\n<h3>Manuten\u00e7\u00e3o<\/h3>\n<p>Os cilindros dos bra\u00e7os devem ser projetados para facilitar a manuten\u00e7\u00e3o e o reparo, a fim de reduzir o tempo de inatividade e os custos dos equipamentos.<\/p>\n<\/li>\n<\/ul>\n<p><img decoding=\"async\" src=\"https:\/\/www.hydraulic-cylinders.net\/wp-content\/uploads\/2025\/01\/songte-cylinder-head-with-all-kinds-excavator-models.webp\"><\/p>\n<h2>Veda\u00e7\u00e3o e Lubrifica\u00e7\u00e3o<\/h2>\n<p>Diversos tipos de veda\u00e7\u00f5es, como veda\u00e7\u00f5es de pist\u00e3o e veda\u00e7\u00f5es de haste, devem ser utilizados em cilindros hidr\u00e1ulicos para evitar vazamentos de fluido e manter o desempenho do cilindro. As veda\u00e7\u00f5es devem ser fabricadas com materiais resistentes ao desgaste, como poliuretano e borracha nitr\u00edlica. Al\u00e9m disso, o corpo do cilindro e a superf\u00edcie roscada da extremidade devem passar por um processo de usinagem de precis\u00e3o para melhorar sua resist\u00eancia ao desgaste. A lubrifica\u00e7\u00e3o regular com \u00f3leo hidr\u00e1ulico apropriado tamb\u00e9m \u00e9 necess\u00e1ria para garantir o funcionamento suave e eficiente do cilindro.<\/p>\n<h2>Manuten\u00e7\u00e3o preventiva e resolu\u00e7\u00e3o de problemas<\/h2>\n<p>Inspe\u00e7\u00f5es e manuten\u00e7\u00f5es regulares devem ser realizadas para prevenir problemas potenciais e garantir a confiabilidade e o desempenho dos cilindros do bra\u00e7o. A resolu\u00e7\u00e3o de problemas pode incluir:<\/p>\n<ul>\n<li>\n<h3>Vazamento<\/h3>\n<p>Verifique se as veda\u00e7\u00f5es est\u00e3o danificadas ou desgastadas e substitua-as, se necess\u00e1rio.<\/p>\n<\/li>\n<li>\n<h3>Baixa efici\u00eancia<\/h3>\n<p>Verifique se o cilindro est\u00e1 funcionando corretamente e examine o sistema hidr\u00e1ulico em busca de quaisquer falhas que possam afetar a efici\u00eancia.<\/p>\n<\/li>\n<li>\n<h3>Barulho<\/h3>\n<p>Verifique se o cilindro est\u00e1 devidamente lubrificado e se h\u00e1 alguma obstru\u00e7\u00e3o ou dano no pist\u00e3o ou na biela.<\/p>\n<\/li>\n<\/ul>\n<p>As medidas preventivas podem incluir:<\/p>\n<ul>\n<li>\n<h3>Inspe\u00e7\u00f5es regulares<\/h3>\n<p>Inspecione o cilindro regularmente para verificar se h\u00e1 sinais de desgaste ou danos e substitua os componentes conforme necess\u00e1rio.<\/p>\n<\/li>\n<li>\n<h3>Lubrifica\u00e7\u00e3o adequada<\/h3>\n<p>Certifique-se de que o cilindro esteja adequadamente lubrificado com \u00f3leo hidr\u00e1ulico apropriado.<\/p>\n<\/li>\n<li>\n<h3>Medidas de seguran\u00e7a<\/h3>\n<p>Certifique-se de que o cilindro esteja instalado corretamente e seja operado de acordo com as normas de seguran\u00e7a para evitar acidentes.<\/p>\n<\/li>\n<\/ul>\n<p><img decoding=\"async\" src=\"https:\/\/www.hydraulic-cylinders.net\/wp-content\/uploads\/2025\/01\/songte-chushion-collar.webp\"><\/p>\n<h2>Guia de instala\u00e7\u00e3o<\/h2>\n<p>Ao instalar um cilindro de bra\u00e7o, siga estes passos:<\/p>\n<ol>\n<li>Certifique-se de que o equipamento esteja devidamente apoiado e fixado para evitar acidentes.<\/li>\n<li>Remova quaisquer componentes antigos ou danificados do cilindro e prepare o novo cilindro para instala\u00e7\u00e3o.<\/li>\n<li>Instale a haste do pist\u00e3o no cilindro e fixe-a com a porca de travamento.<\/li>\n<li>Instale o cilindro no equipamento e fixe-o no lugar com parafusos ou pinos.<\/li>\n<li>Conecte as linhas hidr\u00e1ulicas ao cilindro e encha-o com o \u00f3leo hidr\u00e1ulico apropriado.<\/li>\n<li>Verifique se o cilindro est\u00e1 funcionando corretamente e se h\u00e1 sinais de vazamento ou danos.<\/li>\n<\/ol>\n<p><img decoding=\"async\" src=\"https:\/\/www.hydraulic-cylinders.net\/wp-content\/uploads\/2025\/01\/songte-bushings-with-all-kinds-of-excavator-models.webp\"><\/p>\n<h2>Considera\u00e7\u00f5es sobre seguran\u00e7a e meio ambiente<\/h2>\n<p>A seguran\u00e7a \u00e9 uma prioridade m\u00e1xima no manuseio de equipamentos hidr\u00e1ulicos. Certifique-se de que todas as normas de seguran\u00e7a sejam seguidas durante a instala\u00e7\u00e3o, opera\u00e7\u00e3o e manuten\u00e7\u00e3o para evitar acidentes e les\u00f5es. Al\u00e9m disso, os cilindros dos bra\u00e7os hidr\u00e1ulicos devem ser descartados corretamente para evitar a polui\u00e7\u00e3o ambiental.<\/p>\n<h2>Introdu\u00e7\u00e3o \u00e0 empresa<\/h2>\n<p>Somos um fabricante profissional de cilindros hidr\u00e1ulicos de reposi\u00e7\u00e3o com uma ampla gama de produtos e nos tornamos um dos principais fabricantes e distribuidores atacadistas de cilindros hidr\u00e1ulicos nos mercados nacional e internacional. Sempre aderimos ao princ\u00edpio da excel\u00eancia em qualidade e nos apoiamos na estrat\u00e9gia de gest\u00e3o de produ\u00e7\u00e3o industrializada de uma oficina de fabrica\u00e7\u00e3o de alta precis\u00e3o para aprimorar continuamente nossa tecnologia e efici\u00eancia de produ\u00e7\u00e3o. Ao introduzir equipamentos de fabrica\u00e7\u00e3o digital de \u00faltima gera\u00e7\u00e3o e sistemas de teste profissionais, otimizamos continuamente nossa plataforma de fabrica\u00e7\u00e3o e aprimoramos nosso processo de controle de qualidade do produto, com forte capacidade de inova\u00e7\u00e3o. Nosso objetivo \u00e9 atender \u00e0s diversas necessidades dos clientes com alta efici\u00eancia, precis\u00e3o e alta qualidade.<\/p>\n<p>Nossa empresa oferece servi\u00e7os profissionais, certifica\u00e7\u00e3o internacional, servi\u00e7os personalizados, equipamentos de produ\u00e7\u00e3o e assist\u00eancia p\u00f3s-venda para atender \u00e0s necessidades dos clientes. Contamos com uma equipe dedicada de profissionais comprometidos em fornecer produtos e servi\u00e7os de alta qualidade aos nossos clientes.<\/p>\n<p><img decoding=\"async\" src=\"https:\/\/www.hydraulic-cylinders.net\/wp-content\/uploads\/2025\/01\/songte-company-4.webp\"><br \/>\n<img decoding=\"async\" src=\"https:\/\/www.hydraulic-cylinders.net\/wp-content\/uploads\/2025\/01\/songte-company-3.webp\"><\/p>\n<p>Autor: lyl<\/p>","protected":false},"excerpt":{"rendered":"<p>Arm Cylinder For Jingong Wheel Type JCM909L Introduction An arm cylinder is a specially designed hydraulic cylinder that is mainly used to provide linear motion and power to the arms of various types of machinery, such as excavators, cranes, and mechanical arms. Arm cylinders play a key role in hydraulic systems, allowing attachments or accessories [&hellip;]<\/p>","protected":false},"featured_media":14783,"comment_status":"open","ping_status":"closed","template":"","meta":{"_et_pb_use_builder":"","_et_pb_old_content":"","_et_gb_content_width":""},"product_brand":[],"product_cat":[1497],"product_tag":[1498,1496],"class_list":{"0":"post-16688","1":"product","2":"type-product","3":"status-publish","4":"has-post-thumbnail","6":"product_cat-arm-cylinders","7":"product_tag-arm-cylinders","8":"product_tag-hydraulic-cylinders","10":"first","11":"instock","12":"shipping-taxable","13":"product-type-simple"},"amp_enabled":true,"_links":{"self":[{"href":"https:\/\/www.hydraulic-cylinders.net\/pt\/wp-json\/wp\/v2\/product\/16688","targetHints":{"allow":["GET"]}}],"collection":[{"href":"https:\/\/www.hydraulic-cylinders.net\/pt\/wp-json\/wp\/v2\/product"}],"about":[{"href":"https:\/\/www.hydraulic-cylinders.net\/pt\/wp-json\/wp\/v2\/types\/product"}],"replies":[{"embeddable":true,"href":"https:\/\/www.hydraulic-cylinders.net\/pt\/wp-json\/wp\/v2\/comments?post=16688"}],"wp:featuredmedia":[{"embeddable":true,"href":"https:\/\/www.hydraulic-cylinders.net\/pt\/wp-json\/wp\/v2\/media\/14783"}],"wp:attachment":[{"href":"https:\/\/www.hydraulic-cylinders.net\/pt\/wp-json\/wp\/v2\/media?parent=16688"}],"wp:term":[{"taxonomy":"product_brand","embeddable":true,"href":"https:\/\/www.hydraulic-cylinders.net\/pt\/wp-json\/wp\/v2\/product_brand?post=16688"},{"taxonomy":"product_cat","embeddable":true,"href":"https:\/\/www.hydraulic-cylinders.net\/pt\/wp-json\/wp\/v2\/product_cat?post=16688"},{"taxonomy":"product_tag","embeddable":true,"href":"https:\/\/www.hydraulic-cylinders.net\/pt\/wp-json\/wp\/v2\/product_tag?post=16688"}],"curies":[{"name":"wp","href":"https:\/\/api.w.org\/{rel}","templated":true}]}}