{"id":16716,"date":"2025-01-21T05:49:06","date_gmt":"2025-01-21T05:49:06","guid":{"rendered":"https:\/\/www.hydraulic-cylinders.net\/product\/arm-cylinder-for-sgzg-sd22-9b\/"},"modified":"2025-01-21T05:49:11","modified_gmt":"2025-01-21T05:49:11","slug":"arm-cylinder-for-sgzg-sd22-9b","status":"publish","type":"product","link":"https:\/\/www.hydraulic-cylinders.net\/pt\/produto\/arm-cylinder-for-sgzg-sd22-9b\/","title":{"rendered":"Cilindro do bra\u00e7o para SGZG SD22-9B"},"content":{"rendered":"<h2>Cilindro do bra\u00e7o para SGZG SD22-9B<\/h2>\n<h3>Introdu\u00e7\u00e3o<\/h3>\n<p>O cilindro de bra\u00e7o \u00e9 um cilindro hidr\u00e1ulico especialmente projetado para fornecer movimento linear e pot\u00eancia aos bra\u00e7os de diversos tipos de m\u00e1quinas, como escavadeiras, guindastes e bra\u00e7os rob\u00f3ticos. Ele desempenha um papel crucial no sistema hidr\u00e1ulico, permitindo o movimento e o controle eficazes de implementos ou acess\u00f3rios. Esses cilindros n\u00e3o apenas proporcionam um movimento suave, como tamb\u00e9m suportam cargas pesadas, garantindo a opera\u00e7\u00e3o eficiente e a confiabilidade da m\u00e1quina em diversas condi\u00e7\u00f5es de trabalho.<\/p>\n<p><img decoding=\"async\" src=\"https:\/\/www.hydraulic-cylinders.net\/wp-content\/uploads\/2025\/01\/songte-company-2.webp\"><\/p>\n<h3>Caracter\u00edsticas<\/h3>\n<ul>\n<li><strong>Transmiss\u00e3o de alta efici\u00eancia:<\/strong> O cilindro do bra\u00e7o proporciona movimento linear e for\u00e7a potentes, garantindo o alto desempenho do bra\u00e7o rob\u00f3tico em diversas opera\u00e7\u00f5es.<\/li>\n<li><strong>Controle preciso:<\/strong> Por meio do sistema hidr\u00e1ulico, o cilindro do bra\u00e7o consegue um controle preciso do movimento, tornando a opera\u00e7\u00e3o das ferramentas acopladas mais flex\u00edvel e precisa.<\/li>\n<li><strong>Alta durabilidade:<\/strong> O cilindro do bra\u00e7o \u00e9 normalmente feito de materiais de alta resist\u00eancia, com boa resist\u00eancia ao desgaste e \u00e0 corros\u00e3o, adequado para uso prolongado em ambientes agressivos.<\/li>\n<li><strong>Adaptabilidade multifuncional:<\/strong> Esses cilindros podem ser amplamente utilizados em diversos tipos de m\u00e1quinas, como escavadeiras, guindastes e bra\u00e7os rob\u00f3ticos, adaptando-se a diferentes requisitos de trabalho.<\/li>\n<li><strong>F\u00e1cil manuten\u00e7\u00e3o:<\/strong> O projeto leva em considera\u00e7\u00e3o a facilidade de manuten\u00e7\u00e3o e substitui\u00e7\u00e3o, tornando a inspe\u00e7\u00e3o e a manuten\u00e7\u00e3o regulares mais convenientes e reduzindo o tempo de inatividade do equipamento.<\/li>\n<\/ul>\n<p>Podemos fabricar este produto, e nossos produtos podem substituir perfeitamente esses cilindros hidr\u00e1ulicos.<\/p>\n<p><img decoding=\"async\" src=\"https:\/\/www.hydraulic-cylinders.net\/wp-content\/uploads\/2025\/01\/songte-oil-pipes-and-spare-parts.webp\"><\/p>\n<h3>Aplica\u00e7\u00f5es<\/h3>\n<p>O cilindro de bra\u00e7o \u00e9 amplamente utilizado em diversos campos, tais como:<\/p>\n<ul>\n<li><strong>Engenharia de Constru\u00e7\u00e3o:<\/strong> Em escavadeiras e guindastes, o cilindro do bra\u00e7o \u00e9 usado para controlar o movimento da ca\u00e7amba ou da lan\u00e7a para trabalhos de terraplenagem, movimenta\u00e7\u00e3o de materiais e instala\u00e7\u00e3o de estruturas.<\/li>\n<li><strong>Fabrica\u00e7\u00e3o:<\/strong> Em linhas de produ\u00e7\u00e3o automatizadas, o cilindro do bra\u00e7o \u00e9 utilizado para movimentar os bra\u00e7os rob\u00f3ticos em processos de montagem, soldagem e manuseio, melhorando a efici\u00eancia e a precis\u00e3o da produ\u00e7\u00e3o.<\/li>\n<li><strong>Maquinaria agr\u00edcola:<\/strong> Em m\u00e1quinas agr\u00edcolas como colheitadeiras e plantadeiras, o cilindro do bra\u00e7o controla o movimento dos bra\u00e7os operacionais para tarefas como semeadura, fertiliza\u00e7\u00e3o e colheita.<\/li>\n<li><strong>Minera\u00e7\u00e3o:<\/strong> Em equipamentos de minera\u00e7\u00e3o, o cilindro do bra\u00e7o \u00e9 utilizado para controlar o movimento do bra\u00e7o do equipamento durante a extra\u00e7\u00e3o e o transporte de minerais.<\/li>\n<li><strong>Log\u00edstica e Transporte:<\/strong> Em empilhadeiras e rob\u00f4s de movimenta\u00e7\u00e3o, o cilindro do bra\u00e7o \u00e9 usado para controlar o levantamento e o movimento dos garfos, realizando o manuseio e o empilhamento de materiais.<\/li>\n<\/ul>\n<h3>Considera\u00e7\u00f5es de projeto e padr\u00f5es de sele\u00e7\u00e3o<\/h3>\n<p>Ao projetar e selecionar o cilindro do bra\u00e7o, v\u00e1rios fatores devem ser considerados:<\/p>\n<ul>\n<li><strong>Capacidade de suporte:<\/strong> O cilindro deve ser capaz de suportar a for\u00e7a m\u00e1xima que o bra\u00e7o rob\u00f3tico pode gerar.<\/li>\n<li><strong>Selagem:<\/strong> Diversos componentes de veda\u00e7\u00e3o, como veda\u00e7\u00f5es de pist\u00e3o e veda\u00e7\u00f5es de haste, s\u00e3o utilizados para evitar vazamentos e contamina\u00e7\u00e3o de fluidos.<\/li>\n<li><strong>Durabilidade:<\/strong> O cilindro, normalmente feito de materiais de alta resist\u00eancia, deve apresentar boa resist\u00eancia ao desgaste e \u00e0 corros\u00e3o para garantir o uso prolongado em ambientes agressivos.<\/li>\n<li><strong>Seguran\u00e7a:<\/strong> O projeto deve incluir recursos de seguran\u00e7a adequados para evitar acidentes e les\u00f5es durante a opera\u00e7\u00e3o.<\/li>\n<li><strong>Manutenibilidade:<\/strong> O projeto deve levar em considera\u00e7\u00e3o a facilidade de manuten\u00e7\u00e3o e substitui\u00e7\u00e3o dos componentes do cilindro para reduzir o tempo de inatividade e garantir uma opera\u00e7\u00e3o confi\u00e1vel.<\/li>\n<\/ul>\n<p><img decoding=\"async\" src=\"https:\/\/www.hydraulic-cylinders.net\/wp-content\/uploads\/2025\/01\/songte-cylinder-head-with-all-kinds-excavator-models.webp\"><\/p>\n<h3>Veda\u00e7\u00e3o e Lubrifica\u00e7\u00e3o<\/h3>\n<p>O cilindro do bra\u00e7o utiliza diversos componentes de veda\u00e7\u00e3o, como veda\u00e7\u00f5es de pist\u00e3o e veda\u00e7\u00f5es de haste, para evitar vazamentos e contamina\u00e7\u00e3o do fluido. Esses componentes de veda\u00e7\u00e3o s\u00e3o geralmente feitos de materiais resistentes ao desgaste, como poliuretano e borracha nitr\u00edlica. O corpo do cilindro e as superf\u00edcies roscadas das extremidades passam por um processo de usinagem de precis\u00e3o para melhorar a resist\u00eancia ao desgaste. A lubrifica\u00e7\u00e3o requer a adi\u00e7\u00e3o regular de \u00f3leo hidr\u00e1ulico apropriado.<\/p>\n<h3>Manuten\u00e7\u00e3o preventiva e resolu\u00e7\u00e3o de problemas<\/h3>\n<p>A inspe\u00e7\u00e3o regular e a manuten\u00e7\u00e3o preventiva s\u00e3o essenciais para garantir o funcionamento confi\u00e1vel do cilindro do bra\u00e7o. Para diagnosticar e solucionar poss\u00edveis problemas, siga estas dicas e solu\u00e7\u00f5es:<\/p>\n<ul>\n<li><strong>Dica 1:<\/strong> Verifique o cilindro quanto a sinais de desgaste e danos.<\/li>\n<li><strong>Solu\u00e7\u00e3o:<\/strong> Substitua os componentes desgastados ou danificados.<\/li>\n<li><strong>Dica 2:<\/strong> Verifique o n\u00edvel e a qualidade do \u00f3leo hidr\u00e1ulico.<\/li>\n<li><strong>Solu\u00e7\u00e3o:<\/strong> Adicione ou substitua o \u00f3leo hidr\u00e1ulico conforme necess\u00e1rio.<\/li>\n<li><strong>Dica 3:<\/strong> Verifique se os componentes de veda\u00e7\u00e3o apresentam danos ou vazamentos.<\/li>\n<li><strong>Solu\u00e7\u00e3o:<\/strong> Substitua os componentes de veda\u00e7\u00e3o danificados.<\/li>\n<li><strong>Dica 4:<\/strong> Verifique a press\u00e3o e a temperatura de opera\u00e7\u00e3o.<\/li>\n<li><strong>Solu\u00e7\u00e3o:<\/strong> Ajuste ou substitua a v\u00e1lvula de al\u00edvio de press\u00e3o ou o sensor de temperatura, conforme necess\u00e1rio.<\/li>\n<\/ul>\n<p>Para evitar poss\u00edveis problemas, siga estas medidas preventivas:<\/p>\n<ul>\n<li><strong>Medida 1:<\/strong> Siga o cronograma de manuten\u00e7\u00e3o recomendado pelo fabricante.<\/li>\n<li><strong>Medida 2:<\/strong> Utilize somente \u00f3leo hidr\u00e1ulico e lubrificantes recomendados.<\/li>\n<li><strong>Medida 3:<\/strong> Evite exceder a carga ou press\u00e3o m\u00e1xima de opera\u00e7\u00e3o.<\/li>\n<li><strong>Medida 4:<\/strong> Guarde o cilindro adequadamente quando n\u00e3o estiver em uso.<\/li>\n<\/ul>\n<p><img decoding=\"async\" src=\"https:\/\/www.hydraulic-cylinders.net\/wp-content\/uploads\/2025\/01\/songte-chushion-collar.webp\"><\/p>\n<h3>Guia de instala\u00e7\u00e3o<\/h3>\n<p>Siga estes passos para a instala\u00e7\u00e3o correta do cilindro do bra\u00e7o:<\/p>\n<ol>\n<li>Certifique-se de que as superf\u00edcies de montagem do cilindro e do bra\u00e7o rob\u00f3tico estejam limpas e livres de detritos.<\/li>\n<li>Alinhe o cilindro com os suportes de montagem, certificando-se de que as mangueiras ou tubos hidr\u00e1ulicos estejam conectados corretamente.<\/li>\n<li>Utilize a chave dinamom\u00e9trica apropriada para apertar os parafusos ou porcas de fixa\u00e7\u00e3o de acordo com as especifica\u00e7\u00f5es do fabricante.<\/li>\n<li>Encha o cilindro com o \u00f3leo hidr\u00e1ulico recomendado, certificando-se de que o n\u00edvel de \u00f3leo esteja dentro da faixa recomendada.<\/li>\n<li>Teste o cilindro para verificar se est\u00e1 funcionando corretamente, certificando-se de que n\u00e3o haja vazamentos ou ru\u00eddos anormais.<\/li>\n<\/ol>\n<h3>Sobre n\u00f3s<\/h3>\n<p>Somos um fabricante profissional de cilindros hidr\u00e1ulicos de reposi\u00e7\u00e3o, com uma ampla gama de produtos, e nos tornamos um dos principais fabricantes e distribuidores atacadistas de cilindros hidr\u00e1ulicos nos mercados nacional e internacional. Sempre aderimos ao princ\u00edpio da excel\u00eancia em qualidade, utilizando estrat\u00e9gias de gest\u00e3o de produ\u00e7\u00e3o industrializada em instala\u00e7\u00f5es de fabrica\u00e7\u00e3o de alta precis\u00e3o, aprimorando continuamente nosso n\u00edvel t\u00e9cnico e efici\u00eancia produtiva. Ao introduzir equipamentos de fabrica\u00e7\u00e3o digital de \u00faltima gera\u00e7\u00e3o e sistemas de teste profissionais, otimizamos a plataforma de produ\u00e7\u00e3o, aprimoramos o processo de controle de qualidade do produto e possu\u00edmos forte capacidade de inova\u00e7\u00e3o. Nosso objetivo \u00e9 atender \u00e0s diversas necessidades dos clientes com base nos princ\u00edpios de efici\u00eancia, precis\u00e3o e alta qualidade.<\/p>\n<p>Estamos comprometidos em fornecer produtos de alta qualidade e um excelente servi\u00e7o aos nossos clientes. Nossa empresa possui certifica\u00e7\u00f5es internacionais como ISO9001 e CE, e oferecemos servi\u00e7os personalizados para clientes com necessidades espec\u00edficas. Contamos com equipamentos de produ\u00e7\u00e3o avan\u00e7ados e um sistema completo de p\u00f3s-venda, proporcionando um forte suporte para a produ\u00e7\u00e3o e utiliza\u00e7\u00e3o de cilindros hidr\u00e1ulicos.<\/p>\n<p><img decoding=\"async\" src=\"https:\/\/www.hydraulic-cylinders.net\/wp-content\/uploads\/2025\/01\/songte-company-4.webp\"><br \/>\n<img decoding=\"async\" src=\"https:\/\/www.hydraulic-cylinders.net\/wp-content\/uploads\/2025\/01\/songte-company-3.webp\"><\/p>\n<p>Autor: lyl<\/p>","protected":false},"excerpt":{"rendered":"<p>Arm Cylinder For SGZG SD22-9B Introduction The arm cylinder is a specially designed hydraulic cylinder that is used primarily for providing linear motion and power to the arms of various types of machinery such as excavators, cranes, and robotic arms. The arm cylinder plays a critical role in the hydraulic system, enabling the effective movement [&hellip;]<\/p>","protected":false},"featured_media":14759,"comment_status":"open","ping_status":"closed","template":"","meta":{"_et_pb_use_builder":"","_et_pb_old_content":"","_et_gb_content_width":""},"product_brand":[],"product_cat":[1497],"product_tag":[1498,1496],"class_list":{"0":"post-16716","1":"product","2":"type-product","3":"status-publish","4":"has-post-thumbnail","6":"product_cat-arm-cylinders","7":"product_tag-arm-cylinders","8":"product_tag-hydraulic-cylinders","10":"first","11":"instock","12":"shipping-taxable","13":"product-type-simple"},"amp_enabled":true,"_links":{"self":[{"href":"https:\/\/www.hydraulic-cylinders.net\/pt\/wp-json\/wp\/v2\/product\/16716","targetHints":{"allow":["GET"]}}],"collection":[{"href":"https:\/\/www.hydraulic-cylinders.net\/pt\/wp-json\/wp\/v2\/product"}],"about":[{"href":"https:\/\/www.hydraulic-cylinders.net\/pt\/wp-json\/wp\/v2\/types\/product"}],"replies":[{"embeddable":true,"href":"https:\/\/www.hydraulic-cylinders.net\/pt\/wp-json\/wp\/v2\/comments?post=16716"}],"wp:featuredmedia":[{"embeddable":true,"href":"https:\/\/www.hydraulic-cylinders.net\/pt\/wp-json\/wp\/v2\/media\/14759"}],"wp:attachment":[{"href":"https:\/\/www.hydraulic-cylinders.net\/pt\/wp-json\/wp\/v2\/media?parent=16716"}],"wp:term":[{"taxonomy":"product_brand","embeddable":true,"href":"https:\/\/www.hydraulic-cylinders.net\/pt\/wp-json\/wp\/v2\/product_brand?post=16716"},{"taxonomy":"product_cat","embeddable":true,"href":"https:\/\/www.hydraulic-cylinders.net\/pt\/wp-json\/wp\/v2\/product_cat?post=16716"},{"taxonomy":"product_tag","embeddable":true,"href":"https:\/\/www.hydraulic-cylinders.net\/pt\/wp-json\/wp\/v2\/product_tag?post=16716"}],"curies":[{"name":"wp","href":"https:\/\/api.w.org\/{rel}","templated":true}]}}