{"id":16751,"date":"2025-01-21T05:51:44","date_gmt":"2025-01-21T05:51:44","guid":{"rendered":"https:\/\/www.hydraulic-cylinders.net\/product\/arm-cylinder-for-pushhm-pz220-8\/"},"modified":"2025-01-21T05:51:46","modified_gmt":"2025-01-21T05:51:46","slug":"arm-cylinder-for-pushhm-pz220-8","status":"publish","type":"product","link":"https:\/\/www.hydraulic-cylinders.net\/pt\/produto\/arm-cylinder-for-pushhm-pz220-8\/","title":{"rendered":"Cilindro do bra\u00e7o para Pushhm PZ220-8"},"content":{"rendered":"<h1>Cilindro do bra\u00e7o para Pushhm PZ220-8<\/h1>\n<h2>Introdu\u00e7\u00e3o<\/h2>\n<p>Um cilindro de bra\u00e7o \u00e9 um cilindro hidr\u00e1ulico especializado usado para fornecer movimento linear e pot\u00eancia a diversos tipos de bra\u00e7os de m\u00e1quinas, como escavadeiras, guindastes e bra\u00e7os rob\u00f3ticos. O cilindro de bra\u00e7o desempenha um papel fundamental no sistema hidr\u00e1ulico, permitindo que implementos ou acess\u00f3rios se movam e sejam controlados com efic\u00e1cia. Esses cilindros n\u00e3o apenas proporcionam movimento suave, mas tamb\u00e9m suportam cargas pesadas, garantindo a opera\u00e7\u00e3o eficiente e a confiabilidade da m\u00e1quina em diversas condi\u00e7\u00f5es de trabalho.<\/p>\n<p><img decoding=\"async\" src=\"https:\/\/www.hydraulic-cylinders.net\/wp-content\/uploads\/2025\/01\/songte-company-2.webp\" \/><\/p>\n<h2>Caracter\u00edsticas<\/h2>\n<ul>\n<li>Transmiss\u00e3o de pot\u00eancia eficiente: O cilindro do bra\u00e7o proporciona movimento linear e for\u00e7a potentes, garantindo alta efici\u00eancia do bra\u00e7o da m\u00e1quina em diversas opera\u00e7\u00f5es.<\/li>\n<li>Controle preciso: Atrav\u00e9s do sistema hidr\u00e1ulico, o cilindro do bra\u00e7o consegue um controle preciso dos movimentos, tornando a opera\u00e7\u00e3o dos implementos mais flex\u00edvel e precisa.<\/li>\n<li>Alta durabilidade: Os cilindros dos bra\u00e7os s\u00e3o normalmente feitos de materiais de alta resist\u00eancia, com boa resist\u00eancia ao desgaste e \u00e0 corros\u00e3o, adequados para uso prolongado em ambientes agressivos.<\/li>\n<li>Adaptabilidade multifuncional: Esses cilindros podem ser amplamente utilizados em diversos tipos de m\u00e1quinas, como escavadeiras, guindastes e bra\u00e7os rob\u00f3ticos, para atender a diferentes requisitos de trabalho.<\/li>\n<li>Manuten\u00e7\u00e3o facilitada: O projeto leva em considera\u00e7\u00e3o a facilidade de manuten\u00e7\u00e3o e substitui\u00e7\u00e3o, tornando a inspe\u00e7\u00e3o e a manuten\u00e7\u00e3o regulares mais convenientes e reduzindo o tempo de inatividade do equipamento.<\/li>\n<\/ul>\n<p>Podemos produzir este produto, e nosso produto pode substituir perfeitamente esses cilindros hidr\u00e1ulicos.<\/p>\n<p><img decoding=\"async\" src=\"https:\/\/www.hydraulic-cylinders.net\/wp-content\/uploads\/2025\/01\/songte-oil-pipes-and-spare-parts.webp\" \/><\/p>\n<h2>Aplica\u00e7\u00f5es<\/h2>\n<p>Cilindros de bra\u00e7o s\u00e3o amplamente utilizados em diversas ind\u00fastrias:<\/p>\n<ul>\n<li>Constru\u00e7\u00e3o: Em escavadeiras e guindastes, os cilindros de bra\u00e7o s\u00e3o usados \u200b\u200bpara controlar o movimento da ca\u00e7amba ou da lan\u00e7a para movimenta\u00e7\u00e3o de terra, manuseio de materiais e instala\u00e7\u00e3o de estruturas.<\/li>\n<li>Fabrica\u00e7\u00e3o: Em linhas de produ\u00e7\u00e3o automatizadas, cilindros de bra\u00e7o s\u00e3o usados \u200b\u200bpara movimentar bra\u00e7os rob\u00f3ticos em processos de montagem, soldagem e manuseio, melhorando a efici\u00eancia e a precis\u00e3o da produ\u00e7\u00e3o.<\/li>\n<li>M\u00e1quinas agr\u00edcolas: Em m\u00e1quinas agr\u00edcolas como colheitadeiras e plantadeiras, os cilindros do bra\u00e7o controlam o movimento do bra\u00e7o operacional, realizando tarefas como plantio, fertiliza\u00e7\u00e3o e colheita.<\/li>\n<li>Minera\u00e7\u00e3o: Em equipamentos de minera\u00e7\u00e3o, os cilindros de bra\u00e7o s\u00e3o usados \u200b\u200bpara controlar o movimento do bra\u00e7o do equipamento durante a minera\u00e7\u00e3o e o manuseio de materiais.<\/li>\n<li>Log\u00edstica e transporte: Em empilhadeiras e rob\u00f4s de transporte, cilindros nos bra\u00e7os s\u00e3o usados \u200b\u200bpara controlar o levantamento e o movimento dos garfos, possibilitando o manuseio e o empilhamento de materiais.<\/li>\n<\/ul>\n<h2>Considera\u00e7\u00f5es de design e crit\u00e9rios de sele\u00e7\u00e3o<\/h2>\n<p>Ao considerar o projeto e a sele\u00e7\u00e3o de cilindros de bra\u00e7o, os seguintes aspectos devem ser levados em conta:<\/p>\n<ul>\n<li>Capacidade de carga: A capacidade do cilindro do bra\u00e7o de suportar cargas \u00e9 fundamental para garantir uma opera\u00e7\u00e3o segura.<\/li>\n<li>Veda\u00e7\u00e3o: Diversas veda\u00e7\u00f5es, como as de pist\u00e3o e as de haste, devem ser cuidadosamente selecionadas para garantir o funcionamento adequado do cilindro do bra\u00e7o.<\/li>\n<li>Durabilidade: O cilindro do bra\u00e7o deve ser feito de materiais de alta resist\u00eancia com boa resist\u00eancia ao desgaste e \u00e0 corros\u00e3o, adequado para uso prolongado em ambientes agressivos.<\/li>\n<li>Seguran\u00e7a: O cilindro do bra\u00e7o deve ser projetado com recursos de seguran\u00e7a, como prote\u00e7\u00e3o contra sobrecarga e parada de emerg\u00eancia, para evitar acidentes.<\/li>\n<li>Facilidade de manuten\u00e7\u00e3o: O projeto deve levar em considera\u00e7\u00e3o a facilidade de manuten\u00e7\u00e3o e substitui\u00e7\u00e3o para tornar a inspe\u00e7\u00e3o e a manuten\u00e7\u00e3o regulares mais convenientes e reduzir o tempo de inatividade do equipamento.<\/li>\n<\/ul>\n<p><img decoding=\"async\" src=\"https:\/\/www.hydraulic-cylinders.net\/wp-content\/uploads\/2025\/01\/songte-cylinder-head-with-all-kinds-excavator-models.webp\" \/><\/p>\n<h2>Veda\u00e7\u00e3o e Lubrifica\u00e7\u00e3o<\/h2>\n<p>Diversas veda\u00e7\u00f5es, como as de pist\u00e3o e as de haste, devem ser cuidadosamente selecionadas para garantir o funcionamento adequado do cilindro do bra\u00e7o. As veda\u00e7\u00f5es devem ser feitas de materiais resistentes ao desgaste, como poliuretano e borracha nitr\u00edlica. O corpo do cilindro e a superf\u00edcie da extremidade da rosca devem ser usinados com precis\u00e3o para melhorar a resist\u00eancia ao desgaste.<\/p>\n<p>O cilindro do bra\u00e7o requer lubrifica\u00e7\u00e3o regular com o \u00f3leo hidr\u00e1ulico apropriado para garantir um movimento suave. O \u00f3leo hidr\u00e1ulico deve ser adicionado regularmente nas quantidades adequadas.<\/p>\n<p><img decoding=\"async\" src=\"https:\/\/www.hydraulic-cylinders.net\/wp-content\/uploads\/2025\/01\/songte-chushion-collar.webp\" \/><\/p>\n<h2>Manuten\u00e7\u00e3o e precau\u00e7\u00f5es<\/h2>\n<p>Inspe\u00e7\u00f5es regulares e manuten\u00e7\u00e3o preventiva podem ajudar a identificar e resolver problemas potenciais antes que se tornem graves. As seguintes medidas devem ser tomadas:<\/p>\n<ul>\n<li>Verifique regularmente se h\u00e1 vazamentos de \u00f3leo e desgaste de veda\u00e7\u00f5es, pist\u00f5es e bielas.<\/li>\n<li>Substitua veda\u00e7\u00f5es, pist\u00f5es e bielas desgastados em tempo h\u00e1bil.<\/li>\n<li>Limpe e fa\u00e7a a manuten\u00e7\u00e3o do sistema hidr\u00e1ulico regularmente.<\/li>\n<\/ul>\n<h2>Guia de instala\u00e7\u00e3o<\/h2>\n<p>Os seguintes passos devem ser seguidos ao instalar o cilindro do bra\u00e7o:<\/p>\n<ol>\n<li>Limpe o local de instala\u00e7\u00e3o e certifique-se de que a superf\u00edcie de montagem esteja lisa e livre de rebarbas ou outros defeitos.<\/li>\n<li>Aplique lubrificante apropriado na haste do cilindro e na veda\u00e7\u00e3o antes da instala\u00e7\u00e3o.<\/li>\n<li>Certifique-se de que o cilindro esteja instalado na dire\u00e7\u00e3o e posi\u00e7\u00e3o corretas e fixado com seguran\u00e7a para evitar movimentos ou vibra\u00e7\u00f5es.<\/li>\n<li>Conecte corretamente a tubula\u00e7\u00e3o hidr\u00e1ulica e certifique-se de adicionar o \u00f3leo hidr\u00e1ulico na quantidade adequada.<\/li>\n<li>Teste o funcionamento do cilindro do bra\u00e7o para garantir que ele esteja funcionando corretamente.<\/li>\n<\/ol>\n<p><img decoding=\"async\" src=\"https:\/\/www.hydraulic-cylinders.net\/wp-content\/uploads\/2025\/01\/songte-bushings-with-all-kinds-of-excavator-models.webp\" \/><\/p>\n<h2>Considera\u00e7\u00f5es de seguran\u00e7a e fatores ambientais<\/h2>\n<p>Ao utilizar cilindros de bra\u00e7o, devem ser tomadas as seguintes medidas de seguran\u00e7a:<\/p>\n<ul>\n<li>Certifique-se de que a m\u00e1quina seja operada apenas por pessoal treinado.<\/li>\n<li>Inspecione e fa\u00e7a a manuten\u00e7\u00e3o regularmente das m\u00e1quinas e do cilindro do bra\u00e7o para identificar e resolver poss\u00edveis riscos \u00e0 seguran\u00e7a.<\/li>\n<li>Siga os procedimentos de seguran\u00e7a adequados, como usar roupas de prote\u00e7\u00e3o apropriadas e observar as diretrizes de seguran\u00e7a ao operar a m\u00e1quina.<\/li>\n<\/ul>\n<h2>Solu\u00e7\u00e3o de problemas e problemas comuns<\/h2>\n<p>Problemas comuns que podem surgir com os cilindros dos bra\u00e7os incluem vazamento de \u00f3leo, desgaste de veda\u00e7\u00f5es, pist\u00f5es e hastes, e mau funcionamento do sistema hidr\u00e1ulico. As seguintes medidas podem ser tomadas para diagnosticar e resolver esses problemas:<\/p>\n<ul>\n<li>Verifique se h\u00e1 vazamentos de \u00f3leo e desgaste em veda\u00e7\u00f5es, pist\u00f5es e bielas e substitua-os conforme necess\u00e1rio.<\/li>\n<li>Limpe e fa\u00e7a a manuten\u00e7\u00e3o do sistema hidr\u00e1ulico regularmente para garantir o seu funcionamento adequado.<\/li>\n<\/ul>\n<p>Medidas preventivas tamb\u00e9m podem ser tomadas para minimizar poss\u00edveis problemas, como inspe\u00e7\u00e3o e manuten\u00e7\u00e3o regulares, e evitar sobrecarga ou uso indevido das m\u00e1quinas.<\/p>\n<h2>Sobre n\u00f3s<\/h2>\n<p>Somos um fabricante profissional de cilindros hidr\u00e1ulicos de reposi\u00e7\u00e3o com uma ampla gama de produtos. Tornamo-nos um dos principais fabricantes e distribuidores atacadistas de cilindros hidr\u00e1ulicos nos mercados nacional e internacional. Sempre aderimos ao princ\u00edpio da excel\u00eancia em qualidade, apoiando-nos na produ\u00e7\u00e3o industrializada e em estrat\u00e9gias de gest\u00e3o de uma sofisticada oficina de fabrica\u00e7\u00e3o, para aprimorar continuamente nosso n\u00edvel tecnol\u00f3gico e efici\u00eancia produtiva. Ao introduzir equipamentos de fabrica\u00e7\u00e3o digital de ponta e sistemas de teste profissionais, otimizamos continuamente nossa plataforma de produ\u00e7\u00e3o, aprimoramos nosso processo de controle de qualidade e desenvolvemos uma forte capacidade de inova\u00e7\u00e3o. Nosso objetivo \u00e9 atender \u00e0s diversas necessidades de nossos clientes com alta efici\u00eancia, precis\u00e3o e alta qualidade.<\/p>\n<p><img decoding=\"async\" src=\"https:\/\/www.hydraulic-cylinders.net\/wp-content\/uploads\/2025\/01\/songte-company-4.webp\" \/><br \/>\n<img decoding=\"async\" src=\"https:\/\/www.hydraulic-cylinders.net\/wp-content\/uploads\/2025\/01\/songte-company-3.webp\" \/><\/p>\n<p>Oferecemos servi\u00e7os profissionais, certifica\u00e7\u00f5es internacionais, servi\u00e7os personalizados, equipamentos de produ\u00e7\u00e3o e servi\u00e7os p\u00f3s-venda para garantir a satisfa\u00e7\u00e3o de nossos clientes.<\/p>\n<footer>Autor: lyl.<\/footer>","protected":false},"excerpt":{"rendered":"<p>Arm Cylinder For Pushhm PZ220-8 Introduction An arm cylinder is a specialized hydraulic cylinder used to provide linear motion and power to various types of machinery arms, such as excavators, cranes, and robotic arms. The arm cylinder plays a critical role in the hydraulic system, enabling attachments or accessories to move and be controlled effectively. [&hellip;]<\/p>","protected":false},"featured_media":14774,"comment_status":"open","ping_status":"closed","template":"","meta":{"_et_pb_use_builder":"","_et_pb_old_content":"","_et_gb_content_width":""},"product_brand":[],"product_cat":[1497],"product_tag":[1498,1496],"class_list":{"0":"post-16751","1":"product","2":"type-product","3":"status-publish","4":"has-post-thumbnail","6":"product_cat-arm-cylinders","7":"product_tag-arm-cylinders","8":"product_tag-hydraulic-cylinders","10":"first","11":"instock","12":"shipping-taxable","13":"product-type-simple"},"amp_enabled":true,"_links":{"self":[{"href":"https:\/\/www.hydraulic-cylinders.net\/pt\/wp-json\/wp\/v2\/product\/16751","targetHints":{"allow":["GET"]}}],"collection":[{"href":"https:\/\/www.hydraulic-cylinders.net\/pt\/wp-json\/wp\/v2\/product"}],"about":[{"href":"https:\/\/www.hydraulic-cylinders.net\/pt\/wp-json\/wp\/v2\/types\/product"}],"replies":[{"embeddable":true,"href":"https:\/\/www.hydraulic-cylinders.net\/pt\/wp-json\/wp\/v2\/comments?post=16751"}],"wp:featuredmedia":[{"embeddable":true,"href":"https:\/\/www.hydraulic-cylinders.net\/pt\/wp-json\/wp\/v2\/media\/14774"}],"wp:attachment":[{"href":"https:\/\/www.hydraulic-cylinders.net\/pt\/wp-json\/wp\/v2\/media?parent=16751"}],"wp:term":[{"taxonomy":"product_brand","embeddable":true,"href":"https:\/\/www.hydraulic-cylinders.net\/pt\/wp-json\/wp\/v2\/product_brand?post=16751"},{"taxonomy":"product_cat","embeddable":true,"href":"https:\/\/www.hydraulic-cylinders.net\/pt\/wp-json\/wp\/v2\/product_cat?post=16751"},{"taxonomy":"product_tag","embeddable":true,"href":"https:\/\/www.hydraulic-cylinders.net\/pt\/wp-json\/wp\/v2\/product_tag?post=16751"}],"curies":[{"name":"wp","href":"https:\/\/api.w.org\/{rel}","templated":true}]}}